
{"id":111687,"date":"2020-12-14T12:23:44","date_gmt":"2020-12-14T12:23:44","guid":{"rendered":"https:\/\/127.0.0.1\/callback-service\/"},"modified":"2020-12-14T12:23:44","modified_gmt":"2020-12-14T12:23:44","slug":"callback-service","status":"publish","type":"page","link":"https:\/\/www.sellerlogic.com\/lv\/callback-service\/","title":{"rendered":"Atpaka\u013czvana pakalpojums"},"content":{"rendered":"\n\t<div  class=\"theme-wp-block theme-block-main-header desktop-align-full xl-align-full lg-align-full md-align-full sm-align-full desktop-content-align-y-center desktop-content-align-x-center xl-content-align-y-center xl-content-align-x-center lg-content-align-y-center lg-content-align-x-center md-content-align-y-center md-content-align-x-center sm-content-align-y-center sm-content-align-x-center gb-responsive-185006-identifier is-style-default theme-block-cover\">\n\t\t<div class=\"bg-cover theme-lazy-load-bg\"><\/div>\n\t\t<div class=\"wrap-content-main-header\">\n\t\t\t\t\t<div  class=\"theme-wp-block theme-block-text-and-text desktop-align-wide xl-align-wide lg-align-wide md-align-wide sm-align-wide desktop-blockDirection-row xl-blockDirection-row lg-blockDirection-row md-blockDirection-row sm-blockDirection-row gb-responsive-519943-identifier alignwide\">\n\t\t<div class=\"tat-column-wrap-wrapper\">\n\t\t\t<div class=\"tat-column-wrapper\">\n\t\t\t\t\t<div  class=\"theme-wp-block theme-block-text-and-text-column desktop-horizontal-left xl-horizontal-left lg-horizontal-left md-horizontal-left sm-horizontal-left gb-responsive-308449-identifier\">\n\t\t<div class=\"inner-wrap-column-content\">\n\t\t\t<div class=\"inner-column-content\">\n\t\t\t\t<div class=\"theme-wp-block wp-block-buttons gb-responsive-72683-identifier is-layout-flex wp-block-buttons-is-layout-flex\"><\/div>\t\t\t<\/div>\n\t\t<\/div>\n\t<\/div>\n\t<div  class=\"theme-wp-block theme-block-text-and-text-column gb-responsive-973542-identifier\">\n\t\t<div class=\"inner-wrap-column-content\">\n\t\t\t<div class=\"inner-column-content\">\n\t\t\t\t\t\t\t<\/div>\n\t\t<\/div>\n\t<\/div>\n\t\t\t<\/div>\n\t\t<\/div>\n\t<\/div>\n\n\t\t<\/div>\n\t<\/div>\n\n<h2 class=\"theme-wp-block wp-block-heading alignfull has-text-align-center gb-responsive-339839-identifier desktop-text-full xl-text-full lg-text-full md-text-full sm-text-full is-style-default\">SELLERLOGIC atpaka\u013czvana pakalpojums<\/h2><div class=\"theme-wp-block wp-block-columns alignfull are-vertically-aligned-center desktop-align-full xl-align-full lg-align-full md-align-full sm-align-full gb-responsive-511729-identifier has-white-background-color has-background is-layout-flex wp-container-core-columns-is-layout-9d6595d7 wp-block-columns-is-layout-flex\"><div class=\"theme-wp-block wp-block-column is-vertically-aligned-center gb-responsive-830185-identifier is-layout-flow wp-block-column-is-layout-flow\" style=\"flex-basis:25%\"><\/div><div class=\"theme-wp-block wp-block-column is-vertically-aligned-center gb-responsive-58846-identifier is-layout-flow wp-block-column-is-layout-flow\" style=\"flex-basis:50%\"><div class=\"theme-block-group-wrap\"><div class=\"theme-wp-block wp-block-group gb-responsive-486569-identifier has-theme-light-gray-background-color has-background\"><p class=\"theme-wp-block has-text-align-center gb-responsive-22131-identifier\">Ievadiet savu v\u0101rdu, t\u0101lru\u0146a numuru un e-pasta adresi,<br>lai m\u0113s var\u0113tu jums piezvan\u012bt. M\u0113s ar jums sazin\u0101simies<br>tik dr\u012bz, cik iesp\u0113jams!<\/p><div id=\"callback-form\" class=\"theme-wp-block callback-form\"><form id=\"leadform\" action=\"#\" method=\"post\"><p id=\"salutation\" style=\"margin-top: 10px;\"><label for=\"salutation\">Uzruna<sup style=\"color: rgb(255, 0, 0);\">*<\/sup><\/label><br> <input type=\"radio\" name=\"gender\" value=\"Mr.\" required=\"required\"> <label for=\"herr\" style=\"margin-right: 30px;\">Kungs<\/label> <input type=\"radio\" name=\"gender\" value=\"Ms.\"> <label for=\"frau\">Apm.<\/label><br><br><\/p> <label>V\u0101rds<sup style=\"color: rgb(255, 0, 0);\">*<\/sup><\/label><br> <input type=\"text\" placeholder=\"V\u0101rds\" name=\"first-name\" id=\"first-name\" required=\"required\" style=\"padding: 10px; font-size: 18px; width: 100%; margin-bottom: 15px; color: rgb(88, 88, 88);\"><br> <label>Uzv\u0101rds<sup style=\"color: rgb(255, 0, 0);\">*<\/sup><\/label><br> <input type=\"text\" required=\"required\" placeholder=\"Uzv\u0101rds\" name=\"last-name\" id=\"last-name\" style=\"padding: 10px; font-size: 18px; width: 100%; margin-bottom: 15px; color: rgb(88, 88, 88);\"><br> <label>E-pasta adrese<sup style=\"color: rgb(255, 0, 0);\">*<\/sup><\/label><br> <input type=\"email\" required=\"required\" placeholder=\"E-pasta adrese\" name=\"email\" id=\"email\" style=\"padding: 10px; font-size: 18px; width: 100%; margin-bottom: 15px; color: rgb(88, 88, 88);\"><br> <label>T\u0101lru\u0146a numurs<sup style=\"color: rgb(255, 0, 0);\">*<\/sup><\/label><br> <input type=\"number\" required=\"required\" placeholder=\"T\u0101lru\u0146a numurs\" name=\"telephone\" id=\"telephone\" style=\"padding: 10px; font-size: 18px; width: 100%; margin-bottom: 15px; color: rgb(88, 88, 88);\"><br> <label>Uz\u0146\u0113muma nosaukums<sup style=\"color: rgb(255, 0, 0);\">*<\/sup><\/label><br> <input type=\"text\" required=\"required\" placeholder=\"Uz\u0146\u0113muma nosaukums\" name=\"company\" id=\"company\" style=\"padding: 10px; font-size: 18px; width: 100%; margin-bottom: 15px; color: rgb(88, 88, 88);\"><br> <label>T\u0113ma<sup style=\"color: rgb(255, 0, 0);\">*<\/sup><\/label><br> <input type=\"text\" required=\"required\" placeholder=\"T\u0113ma\" name=\"topic\" id=\"topic\" style=\"padding: 10px; font-size: 18px; width: 100%; margin-bottom: 15px; color: rgb(88, 88, 88);\"><br><p id=\"timeframe\" style=\"margin-top: 10px;\"><label for=\"timeframe\">V\u0113lamais laiks<sup style=\"color: rgb(255, 0, 0);\">*<\/sup><\/label><br> <input type=\"radio\" name=\"timeframe\" value=\"morning\" required=\"required\"> <label for=\"vormittags\" style=\"margin-right: 30px;\">r\u012bts<\/label> <input type=\"radio\" name=\"timeframe\" value=\"afternoon\"> <label for=\"nachmittags\">p\u0113cpusdiena<\/label><br><br><\/p> <input type=\"hidden\" id=\"lead-source\" name=\"lead-source\" value=\"Callback-Form\"><input type=\"submit\" value=\"Piepras\u012bt atpaka\u013czvanu tagad!\" id=\"submit\" style=\"padding: 10px; font-size: 18px; width: 100%; margin-bottom: 15px; color: rgb(255, 255, 255); background-color: rgb(255, 170, 1); cursor: pointer;\"> <p style=\"margin-bottom: 10px; font-size: 12px;\">Datu apstr\u0101de tiek veikta saska\u0146\u0101 ar m\u016bsu <a href=\"https:\/\/www.sellerlogic.com\/en\/privacy-policy\/\" target=\"_blank\" draggable=\"false\" rel=\"noopener noreferrer\">priv\u0101tuma politiku<\/a>.<\/p><\/form><\/div><\/div><\/div><\/div><div class=\"theme-wp-block wp-block-column is-vertically-aligned-center gb-responsive-719519-identifier is-layout-flow wp-block-column-is-layout-flow\" style=\"flex-basis:25%\"><\/div><\/div>","protected":false},"excerpt":{"rendered":"<p>SELLERLOGIC atpaka\u013czvana pakalpojums Ievadiet savu v\u0101rdu, t\u0101lru\u0146a numuru un e-pasta adresi,lai m\u0113s var\u0113tu jums piezvan\u012bt. M\u0113s ar jums sazin\u0101simiestik dr\u012bz, cik iesp\u0113jams! Uzruna* Kungs Apm. V\u0101rds* Uzv\u0101rds* E-pasta adrese* T\u0101lru\u0146a numurs* Uz\u0146\u0113muma nosaukums* T\u0113ma* V\u0113lamais laiks* r\u012bts p\u0113cpusdiena Datu apstr\u0101de tiek veikta saska\u0146\u0101 ar m\u016bsu priv\u0101tuma politiku.<\/p>\n","protected":false},"author":8,"featured_media":0,"parent":0,"menu_order":0,"comment_status":"closed","ping_status":"closed","template":"","meta":{"sidebar_recommended_resources":{"data":[]},"sidebar_header_settings":{"hide_buttons":{"register":false}},"_use_new_theme":false,"inline_featured_image":false,"footnotes":""},"class_list":["post-111687","page","type-page","status-publish","hentry"],"yoast_head":"<!-- This site is optimized with the Yoast SEO plugin v26.8 - https:\/\/yoast.com\/product\/yoast-seo-wordpress\/ -->\n<title>SELLERLOGIC: Atpaka\u013czvana pakalpojums visiem jaut\u0101jumiem par SELLERLOGIC<\/title>\n<meta name=\"description\" content=\"Vai jums ir jaut\u0101jumi? Tad ievadiet savus datus, un m\u0113s jums piezvan\u012bsim tik dr\u012bz, cik iesp\u0113jams. M\u016bsu Klientu pan\u0101kumu komanda ar nepaciet\u012bbu gaida j\u016bsu zi\u0146u!\" \/>\n<meta name=\"robots\" content=\"index, follow, max-snippet:-1, max-image-preview:large, max-video-preview:-1\" \/>\n<link rel=\"canonical\" href=\"https:\/\/www.sellerlogic.com\/lv\/callback-service\/\" \/>\n<meta property=\"og:locale\" content=\"lv_LV\" \/>\n<meta property=\"og:type\" content=\"article\" \/>\n<meta property=\"og:title\" content=\"SELLERLOGIC: Atpaka\u013czvana pakalpojums visiem jaut\u0101jumiem par SELLERLOGIC\" \/>\n<meta property=\"og:description\" content=\"Vai jums ir jaut\u0101jumi? Tad ievadiet savus datus, un m\u0113s jums piezvan\u012bsim tik dr\u012bz, cik iesp\u0113jams. M\u016bsu Klientu pan\u0101kumu komanda ar nepaciet\u012bbu gaida j\u016bsu zi\u0146u!\" \/>\n<meta property=\"og:url\" content=\"https:\/\/www.sellerlogic.com\/lv\/callback-service\/\" \/>\n<meta property=\"og:site_name\" content=\"SELLERLOGIC - Smarte Tools f\u00fcr Amazon-Seller\" \/>\n<meta property=\"article:publisher\" content=\"https:\/\/www.facebook.com\/SellerLogic\/\" \/>\n<meta property=\"og:image\" content=\"https:\/\/d2bw95mh2ee04s.cloudfront.net\/prod\/content\/wp-content\/uploads\/2025\/06\/09094621\/Social-OG-Image-Link.jpg\" \/>\n\t<meta property=\"og:image:width\" content=\"2400\" \/>\n\t<meta property=\"og:image:height\" content=\"1270\" \/>\n\t<meta property=\"og:image:type\" content=\"image\/jpeg\" \/>\n<meta name=\"twitter:card\" content=\"summary_large_image\" \/>\n<meta name=\"twitter:site\" content=\"@sellerlogic\" \/>\n<script type=\"application\/ld+json\" class=\"yoast-schema-graph\">{\"@context\":\"https:\/\/schema.org\",\"@graph\":[{\"@type\":\"WebPage\",\"@id\":\"https:\/\/www.sellerlogic.com\/lv\/callback-service\/\",\"url\":\"https:\/\/www.sellerlogic.com\/lv\/callback-service\/\",\"name\":\"SELLERLOGIC: Atpaka\u013czvana pakalpojums visiem jaut\u0101jumiem par SELLERLOGIC\",\"isPartOf\":{\"@id\":\"https:\/\/www.sellerlogic.com\/lv\/#website\"},\"datePublished\":\"2020-12-14T12:23:44+00:00\",\"description\":\"Vai jums ir jaut\u0101jumi? Tad ievadiet savus datus, un m\u0113s jums piezvan\u012bsim tik dr\u012bz, cik iesp\u0113jams. M\u016bsu Klientu pan\u0101kumu komanda ar nepaciet\u012bbu gaida j\u016bsu zi\u0146u!\",\"breadcrumb\":{\"@id\":\"https:\/\/www.sellerlogic.com\/lv\/callback-service\/#breadcrumb\"},\"inLanguage\":\"lv\",\"potentialAction\":[{\"@type\":\"ReadAction\",\"target\":[\"https:\/\/www.sellerlogic.com\/lv\/callback-service\/\"]}]},{\"@type\":\"BreadcrumbList\",\"@id\":\"https:\/\/www.sellerlogic.com\/lv\/callback-service\/#breadcrumb\",\"itemListElement\":[{\"@type\":\"ListItem\",\"position\":1,\"name\":\"Home\",\"item\":\"https:\/\/www.sellerlogic.com\/lv\/\"},{\"@type\":\"ListItem\",\"position\":2,\"name\":\"Atpaka\u013czvana pakalpojums\"}]},{\"@type\":\"WebSite\",\"@id\":\"https:\/\/www.sellerlogic.com\/lv\/#website\",\"url\":\"https:\/\/www.sellerlogic.com\/lv\/\",\"name\":\"SELLERLOGIC - Smarte Tools f\u00fcr Amazon-Seller\",\"description\":\"Intelligente Prozessoptimierung und Gewinnmaximierung\",\"publisher\":{\"@id\":\"https:\/\/www.sellerlogic.com\/lv\/#organization\"},\"potentialAction\":[{\"@type\":\"SearchAction\",\"target\":{\"@type\":\"EntryPoint\",\"urlTemplate\":\"https:\/\/www.sellerlogic.com\/lv\/?s={search_term_string}\"},\"query-input\":{\"@type\":\"PropertyValueSpecification\",\"valueRequired\":true,\"valueName\":\"search_term_string\"}}],\"inLanguage\":\"lv\"},{\"@type\":\"Organization\",\"@id\":\"https:\/\/www.sellerlogic.com\/lv\/#organization\",\"name\":\"SELLERLOGIC\",\"url\":\"https:\/\/www.sellerlogic.com\/lv\/\",\"logo\":{\"@type\":\"ImageObject\",\"inLanguage\":\"lv\",\"@id\":\"https:\/\/www.sellerlogic.com\/lv\/#\/schema\/logo\/image\/\",\"url\":\"https:\/\/d2bw95mh2ee04s.cloudfront.net\/prod\/content\/wp-content\/uploads\/2025\/01\/02134814\/Property-Logo-Main.svg\",\"contentUrl\":\"https:\/\/d2bw95mh2ee04s.cloudfront.net\/prod\/content\/wp-content\/uploads\/2025\/01\/02134814\/Property-Logo-Main.svg\",\"width\":184,\"height\":40,\"caption\":\"SELLERLOGIC\"},\"image\":{\"@id\":\"https:\/\/www.sellerlogic.com\/lv\/#\/schema\/logo\/image\/\"},\"sameAs\":[\"https:\/\/www.facebook.com\/SellerLogic\/\",\"https:\/\/x.com\/sellerlogic\",\"https:\/\/www.instagram.com\/sellerlogic\/\",\"https:\/\/www.linkedin.com\/company\/18402037\/\",\"https:\/\/www.youtube.com\/channel\/UC-gULUur-fNj08sprantKsQ\"]}]}<\/script>\n<!-- \/ Yoast SEO plugin. -->","yoast_head_json":{"title":"SELLERLOGIC: Atpaka\u013czvana pakalpojums visiem jaut\u0101jumiem par SELLERLOGIC","description":"Vai jums ir jaut\u0101jumi? Tad ievadiet savus datus, un m\u0113s jums piezvan\u012bsim tik dr\u012bz, cik iesp\u0113jams. M\u016bsu Klientu pan\u0101kumu komanda ar nepaciet\u012bbu gaida j\u016bsu zi\u0146u!","robots":{"index":"index","follow":"follow","max-snippet":"max-snippet:-1","max-image-preview":"max-image-preview:large","max-video-preview":"max-video-preview:-1"},"canonical":"https:\/\/www.sellerlogic.com\/lv\/callback-service\/","og_locale":"lv_LV","og_type":"article","og_title":"SELLERLOGIC: Atpaka\u013czvana pakalpojums visiem jaut\u0101jumiem par SELLERLOGIC","og_description":"Vai jums ir jaut\u0101jumi? Tad ievadiet savus datus, un m\u0113s jums piezvan\u012bsim tik dr\u012bz, cik iesp\u0113jams. M\u016bsu Klientu pan\u0101kumu komanda ar nepaciet\u012bbu gaida j\u016bsu zi\u0146u!","og_url":"https:\/\/www.sellerlogic.com\/lv\/callback-service\/","og_site_name":"SELLERLOGIC - Smarte Tools f\u00fcr Amazon-Seller","article_publisher":"https:\/\/www.facebook.com\/SellerLogic\/","og_image":[{"width":2400,"height":1270,"url":"https:\/\/d2bw95mh2ee04s.cloudfront.net\/prod\/content\/wp-content\/uploads\/2025\/06\/09094621\/Social-OG-Image-Link.jpg","type":"image\/jpeg"}],"twitter_card":"summary_large_image","twitter_site":"@sellerlogic","schema":{"@context":"https:\/\/schema.org","@graph":[{"@type":"WebPage","@id":"https:\/\/www.sellerlogic.com\/lv\/callback-service\/","url":"https:\/\/www.sellerlogic.com\/lv\/callback-service\/","name":"SELLERLOGIC: Atpaka\u013czvana pakalpojums visiem jaut\u0101jumiem par SELLERLOGIC","isPartOf":{"@id":"https:\/\/www.sellerlogic.com\/lv\/#website"},"datePublished":"2020-12-14T12:23:44+00:00","description":"Vai jums ir jaut\u0101jumi? Tad ievadiet savus datus, un m\u0113s jums piezvan\u012bsim tik dr\u012bz, cik iesp\u0113jams. M\u016bsu Klientu pan\u0101kumu komanda ar nepaciet\u012bbu gaida j\u016bsu zi\u0146u!","breadcrumb":{"@id":"https:\/\/www.sellerlogic.com\/lv\/callback-service\/#breadcrumb"},"inLanguage":"lv","potentialAction":[{"@type":"ReadAction","target":["https:\/\/www.sellerlogic.com\/lv\/callback-service\/"]}]},{"@type":"BreadcrumbList","@id":"https:\/\/www.sellerlogic.com\/lv\/callback-service\/#breadcrumb","itemListElement":[{"@type":"ListItem","position":1,"name":"Home","item":"https:\/\/www.sellerlogic.com\/lv\/"},{"@type":"ListItem","position":2,"name":"Atpaka\u013czvana pakalpojums"}]},{"@type":"WebSite","@id":"https:\/\/www.sellerlogic.com\/lv\/#website","url":"https:\/\/www.sellerlogic.com\/lv\/","name":"SELLERLOGIC - Smarte Tools f\u00fcr Amazon-Seller","description":"Intelligente Prozessoptimierung und Gewinnmaximierung","publisher":{"@id":"https:\/\/www.sellerlogic.com\/lv\/#organization"},"potentialAction":[{"@type":"SearchAction","target":{"@type":"EntryPoint","urlTemplate":"https:\/\/www.sellerlogic.com\/lv\/?s={search_term_string}"},"query-input":{"@type":"PropertyValueSpecification","valueRequired":true,"valueName":"search_term_string"}}],"inLanguage":"lv"},{"@type":"Organization","@id":"https:\/\/www.sellerlogic.com\/lv\/#organization","name":"SELLERLOGIC","url":"https:\/\/www.sellerlogic.com\/lv\/","logo":{"@type":"ImageObject","inLanguage":"lv","@id":"https:\/\/www.sellerlogic.com\/lv\/#\/schema\/logo\/image\/","url":"https:\/\/d2bw95mh2ee04s.cloudfront.net\/prod\/content\/wp-content\/uploads\/2025\/01\/02134814\/Property-Logo-Main.svg","contentUrl":"https:\/\/d2bw95mh2ee04s.cloudfront.net\/prod\/content\/wp-content\/uploads\/2025\/01\/02134814\/Property-Logo-Main.svg","width":184,"height":40,"caption":"SELLERLOGIC"},"image":{"@id":"https:\/\/www.sellerlogic.com\/lv\/#\/schema\/logo\/image\/"},"sameAs":["https:\/\/www.facebook.com\/SellerLogic\/","https:\/\/x.com\/sellerlogic","https:\/\/www.instagram.com\/sellerlogic\/","https:\/\/www.linkedin.com\/company\/18402037\/","https:\/\/www.youtube.com\/channel\/UC-gULUur-fNj08sprantKsQ"]}]}},"_links":{"self":[{"href":"https:\/\/www.sellerlogic.com\/lv\/wp-json\/wp\/v2\/pages\/111687","targetHints":{"allow":["GET"]}}],"collection":[{"href":"https:\/\/www.sellerlogic.com\/lv\/wp-json\/wp\/v2\/pages"}],"about":[{"href":"https:\/\/www.sellerlogic.com\/lv\/wp-json\/wp\/v2\/types\/page"}],"author":[{"embeddable":true,"href":"https:\/\/www.sellerlogic.com\/lv\/wp-json\/wp\/v2\/users\/8"}],"replies":[{"embeddable":true,"href":"https:\/\/www.sellerlogic.com\/lv\/wp-json\/wp\/v2\/comments?post=111687"}],"version-history":[{"count":0,"href":"https:\/\/www.sellerlogic.com\/lv\/wp-json\/wp\/v2\/pages\/111687\/revisions"}],"wp:attachment":[{"href":"https:\/\/www.sellerlogic.com\/lv\/wp-json\/wp\/v2\/media?parent=111687"}],"curies":[{"name":"wp","href":"https:\/\/api.w.org\/{rel}","templated":true}]}}