
{"id":111723,"date":"2020-12-21T22:08:33","date_gmt":"2020-12-21T22:08:33","guid":{"rendered":"https:\/\/127.0.0.1\/resources\/success-story-fj-trading\/"},"modified":"2020-12-21T22:08:33","modified_gmt":"2020-12-21T22:08:33","slug":"success-story-fj-trading","status":"publish","type":"page","link":"https:\/\/www.sellerlogic.com\/lv\/resources\/success-story-fj-trading\/","title":{"rendered":"Veiksmju st\u0101sts: FJ Trading EN"},"content":{"rendered":"\n\t<div  class=\"theme-wp-block theme-block-main-header is-style-full-height desktop-content-align-y-center desktop-content-align-x-center xl-content-align-y-center xl-content-align-x-center lg-content-align-y-center lg-content-align-x-center md-content-align-y-center md-content-align-x-center sm-content-align-y-center sm-content-align-x-center gb-responsive-853195-identifier desktop-align-full xl-align-full lg-align-full md-align-full sm-align-full theme-block-cover\">\n\t\t<div class=\"bg-cover theme-lazy-load-bg\"><\/div>\n\t\t<div class=\"wrap-content-main-header\">\n\t\t\t\t\t<div  class=\"theme-wp-block theme-block-text-and-text gb-responsive-170032-identifier desktop-vertical-center xl-vertical-center lg-vertical-center md-vertical-center sm-vertical-center md-blockDirection-column sm-blockDirection-column desktop-blockDirection-column xl-blockDirection-column lg-blockDirection-column alignfull\">\n\t\t<div class=\"tat-column-wrap-wrapper\">\n\t\t\t<div class=\"tat-column-wrapper\">\n\t\t\t\t\t<div  class=\"theme-wp-block theme-block-text-and-text-column gb-responsive-644092-identifier md-horizontal-center desktop-horizontal-right sm-horizontal-center xl-horizontal-center lg-horizontal-center\">\n\t\t<div class=\"inner-wrap-column-content\">\n\t\t\t<div class=\"inner-column-content\">\n\t\t\t\t\t\t<h1  class=\"theme-wp-block theme-block-heading gb-responsive-482560-identifier desktop-text-center xl-text-center lg-text-center md-text-center sm-text-center h1\">\n\t\tVair\u0101k Buy Box, vair\u0101k apgroz\u012bjuma!\t<\/h1>\n\n\t\t<h2  class=\"theme-wp-block theme-block-heading gb-responsive-539815-identifier desktop-text-center xl-text-center lg-text-center md-text-center sm-text-center desktop-gb-has-no-icon xl-gb-has-no-icon lg-gb-has-no-icon md-gb-has-no-icon sm-gb-has-no-icon h1\">\n\t\tK\u0101 FJ Tirdzniec\u012bba palielina Buy Box procentu un apgroz\u012bjumu ar SELLERLOGIC!\t<\/h2>\n\n\t\t\t<\/div>\n\t\t<\/div>\n\t<\/div>\n\t<div  class=\"theme-wp-block theme-block-text-and-text-column gb-responsive-840598-identifier desktop-horizontal-center xl-horizontal-center lg-horizontal-center md-horizontal-center sm-horizontal-center\">\n\t\t<div class=\"inner-wrap-column-content\">\n\t\t\t<div class=\"inner-column-content\">\n\t\t\t\t\t\t\t<\/div>\n\t\t<\/div>\n\t<\/div>\n\t\t\t<\/div>\n\t\t<\/div>\n\t<\/div>\n\n\t\t<\/div>\n\t<\/div>\n\n<div style=\"height:50px\" aria-hidden=\"true\" class=\"theme-wp-block wp-block-spacer\"><\/div><div class=\"theme-wp-block wp-block-columns gb-responsive-492868-identifier is-layout-flex wp-container-core-columns-is-layout-9d6595d7 wp-block-columns-is-layout-flex\"><div class=\"theme-wp-block wp-block-column gb-responsive-633979-identifier is-layout-flow wp-block-column-is-layout-flow\" style=\"flex-basis:25%\"><figure class=\"theme-wp-block wp-block-image size-large is-resized gb-responsive-62921-identifier\"><img decoding=\"async\" src=\"https:\/\/d2bw95mh2ee04s.cloudfront.net\/prod\/content\/wp-content\/uploads\/2020\/12\/23142716\/fj-trading-logo.jpg\" alt=\"Veiksmju st\u0101sts: FJ Tirdzniec\u012bba EN\" class=\"wp-image-5127\" width=\"300\" height=\"167\"><\/figure><p class=\"theme-wp-block gb-responsive-312552-identifier\"><strong><strong>Fonds<\/strong>:<\/strong><br>2013<\/p><p class=\"theme-wp-block gb-responsive-353708-identifier\"><strong><strong>Nozare<\/strong>:<\/strong><br>Apavi<\/p><p class=\"theme-wp-block gb-responsive-741269-identifier\"><strong><strong>Preces Amazon:\u00a0<\/strong><\/strong><br>aptuveni 100.000 SKUs<\/p><p class=\"theme-wp-block gb-responsive-218030-identifier\"><strong><strong>Nos\u016bt\u012bjumi<\/strong>:\u00a0<\/strong><br>aptuveni 50.000 m\u0113nes\u012b<\/p><\/div><div class=\"theme-wp-block wp-block-column gb-responsive-243785-identifier is-layout-flow wp-block-column-is-layout-flow\" style=\"flex-basis:50%\"><h3 class=\"theme-wp-block wp-block-heading gb-responsive-34353-identifier\" id=\"block-c06fce04-ef87-4ffc-a3d6-b768ba377d17\">Fons:<\/h3><p class=\"theme-wp-block gb-responsive-710769-identifier desktop-gb-has-no-icon xl-gb-has-no-icon lg-gb-has-no-icon md-gb-has-no-icon sm-gb-has-no-icon\">Franks Jemetz akt\u012bvi p\u0101rdod tie\u0161saistes tirgos kop\u0161 2004. gada. S\u0101kum\u0101 tas galvenok\u0101rt tika dar\u012bts caur eBay, bet tagad vi\u0146\u0161 ir p\u0101rg\u0101jis uz Amazon. &#8220;M\u0113s esam eksperiment\u0113ju\u0161i ar daudz\u0101m prec\u0113m,&#8221; \u0161odien saka izpilddirektors. &#8220;No uzp\u016b\u0161am\u0101m laiv\u0101m l\u012bdz piena putot\u0101jiem.&#8221; Frankam tad rad\u0101s ideja pievienot Adidas sporta apavus savai portfel\u012b. &#8220;Un kaut k\u0101 tas \u013coti labi nostiprin\u0101j\u0101s.&#8221; \u0160odien FJ Tirdzniec\u012bba galvenok\u0101rt p\u0101rdod apavus caur tie\u0161saistes tirgiem, un vi\u0146i to dara ar arvien pieaugo\u0161u pan\u0101kumu.<\/p><h3 class=\"theme-wp-block wp-block-heading gb-responsive-182281-identifier desktop-gb-has-no-icon xl-gb-has-no-icon lg-gb-has-no-icon md-gb-has-no-icon sm-gb-has-no-icon\">S\u0101kotn\u0113ji:<\/h3><p class=\"theme-wp-block gb-responsive-318425-identifier desktop-gb-has-no-icon xl-gb-has-no-icon lg-gb-has-no-icon md-gb-has-no-icon sm-gb-has-no-icon\">Saska\u0146\u0101 ar Franku, FJ Tirdzniec\u012bba \u0161odien nepast\u0101v\u0113tu bez Amazon un neiesp\u0113jami augst\u0101 pirc\u0113ju skaita, kas katru m\u0113nesi apmekl\u0113 tie\u0161saistes tirgu. &#8220;Bet konkurences spiediens mazumtirdzniec\u012bb\u0101 ir \u012bpa\u0161i sp\u0113c\u012bgs. Nav nekas neparasts, ka cenas nokr\u012bt zem ieg\u0101des cenas.&#8221;<\/p><p class=\"theme-wp-block gb-responsive-730648-identifier desktop-gb-has-no-icon xl-gb-has-no-icon lg-gb-has-no-icon md-gb-has-no-icon sm-gb-has-no-icon\">Tom\u0113r dar\u012bjuma nosl\u0113g\u0161ana, kur\u0101 uz\u0146\u0113mums zaud\u0113 naudu, Frankam nav pie\u0146emama. &#8220;Taj\u0101 pa\u0161\u0101 laik\u0101 m\u0113s zin\u0101j\u0101m, ka mums j\u0101paliek Amazon, \u0146emot v\u0113r\u0101, ka tas bija \u2013 un joproj\u0101m ir \u2013 m\u016bsu vissvar\u012bg\u0101kais p\u0101rdo\u0161anas kan\u0101ls.&#8221; Bija skaidrs, ka nepiecie\u0161ama cita strat\u0113\u0123ija. &#8220;Tu nevari ilgtermi\u0146\u0101 notur\u0113ties, ja past\u0101v\u012bgi dod priek\u0161roku dar\u012bjuma nosl\u0113g\u0161anai p\u0101r labas pe\u013c\u0146as g\u016b\u0161anu.&#8221; FJ Tirdzniec\u012bbai bija nepiecie\u0161ams veids, k\u0101 dinamiski optimiz\u0113t savas cenas un tie\u0161i rea\u0123\u0113t uz konkurenci. Tom\u0113r ar apm\u0113ram 100 000 SKUs \u0101tri k\u013cuva skaidrs, ka manu\u0101la apstr\u0101de vairs nav iesp\u0113ja. \u0160aj\u0101 br\u012bd\u012b bija nepiecie\u0161ams automatiz\u0113ts r\u012bks.<\/p><h3 class=\"theme-wp-block wp-block-heading gb-responsive-115756-identifier\">Risin\u0101jums:<\/h3><p class=\"theme-wp-block gb-responsive-49178-identifier desktop-gb-has-no-icon xl-gb-has-no-icon lg-gb-has-no-icon md-gb-has-no-icon sm-gb-has-no-icon\">&#8220;Tu nevari neko izdar\u012bt bez cenu piel\u0101go\u0161anas r\u012bka,&#8221; Franks pazi\u0146o. &#8220;Kop\u0161 m\u0113s esam s\u0101ku\u0161i izmantot SELLERLOGIC Repricer, Buy Box da\u013ca m\u016bsu produktos ir iev\u0113rojami palielin\u0101jusies.&#8221; \u012apa\u0161i Buy Box strat\u0113\u0123ijas integr\u0101cija bija svar\u012bgs faktors FJ Tirdzniec\u012bbas l\u0113mum\u0101: &#8220;M\u0113s iepriek\u0161 str\u0101d\u0101j\u0101m ar citu pakalpojumu sniedz\u0113ju, bet r\u012bks neoptimiz\u0113ja tie\u0161i Buy Box.&#8221; Pat programm\u0113ts cenu piel\u0101got\u0101js nesasniedza v\u0113lamo rezult\u0101tu, jo nepiecie\u0161amais darbs bija p\u0101r\u0101k liels.<\/p><div class=\"theme-block-group-wrap\"><div class=\"theme-wp-block wp-block-group gb-responsive-88118-identifier\">\t\t<div  class=\"theme-wp-block theme-block-user-card gb-responsive-799176-identifier is-style-full-width-line desktop-gb-has-no-icon xl-gb-has-no-icon lg-gb-has-no-icon md-gb-has-no-icon sm-gb-has-no-icon\">\n\t\t<div class=\"wrap-inner-content\">\n\t\t\t<div class=\"card-user-head\">\n\t\t\t\t<div class=\"card-user-avatar\">\n\t\t\t\t\t<div class=\"cover-avatar\" style=\"background-image: url(https:\/\/d2bw95mh2ee04s.cloudfront.net\/prod\/content\/wp-content\/uploads\/2020\/12\/23142717\/frank-jemetz.png);\"><\/div>\n\t\t\t\t<\/div>\n\t\t\t\t<div class=\"wrap-title\">\n\t\t\t\t\t<div class=\"card-user-name\">\n\t\t\t\t\t\t<div class=\"title\">\n\t\t\t\t\t\t\t<h3 class=\"heading-text\"><strong>Franks Jemetz<\/strong><\/h3>\n\t\t\t\t\t\t<\/div>\n\t\t\t\t\t\t<div class=\"card-user-position\">\n\t\t\t\t\t\t\t<div class=\"card-text\"><strong>Izpilddirektors FJ Tirdzniec\u012bba<\/strong><\/div>\n\t\t\t\t\t\t<\/div>\n\t\t\t\t\t<\/div>\n\t\t\t\t\t<div class=\"card-user-quote-icon\">\n\t\t\t\t\t<\/div>\n\t\t\t\t<\/div>\n\t\t\t<\/div>\n\t\t\t<div class=\"card-user-text\">\n\t\t\t\t<div class=\"card-text\"><p>Buy Box strat\u0113\u0123ija, kurai nepiecie\u0161ams minim\u0101ls manu\u0101lais darbs, zems k\u013c\u016bdu l\u012bmenis un fakts, ka Repricer darbojas lieliski, run\u0101 par SELLERLOGIC produktiem!<\/p><\/div>\n\t\t\t<\/div>\n\t\t<\/div>\n\t<\/div>\n\n<\/div><\/div><h3 class=\"theme-wp-block wp-block-heading gb-responsive-595368-identifier desktop-gb-has-no-icon xl-gb-has-no-icon lg-gb-has-no-icon md-gb-has-no-icon sm-gb-has-no-icon\">Veiksm\u012bgi rezult\u0101ti ar SELLERLOGIC:<\/h3><p class=\"theme-wp-block gb-responsive-439964-identifier desktop-gb-has-no-icon xl-gb-has-no-icon lg-gb-has-no-icon md-gb-has-no-icon sm-gb-has-no-icon\">SELLERLOGIC Repricer darbojas cit\u0101di: &#8220;Kad esmu defin\u0113jis noteikumus, man vairs nav j\u0101uztraucas par neko.&#8221; Pateicoties autom\u0101tiskajiem importiem, uzst\u0101d\u012b\u0161ana bija \u013coti viegla, un Repricer rezult\u0101ti ar\u012b bija p\u0101rliecino\u0161i: &#8220;Buy Box kvota ir \u013coti laba. Turkl\u0101t t\u0101s klientu apkalpo\u0161ana ir izcila un r\u012bks tiek nep\u0101rtraukti att\u012bst\u012bts.&#8221;<\/p><p class=\"theme-wp-block gb-responsive-668364-identifier\">&#8220;Ar\u012b SELLERLOGIC Repricer ir augsta pieejam\u012bba. K\u013c\u016bdas ir \u013coti retas un tiek \u0101tri atrisin\u0101tas,&#8221; saka Franks Jemetz. &#8220;T\u0101pat ir svar\u012bgi, ka sist\u0113ma nekad nenok\u013c\u016bst zem noteikt\u0101s minim\u0101l\u0101s cenas. &#8220;M\u0113s negribam veicin\u0101t cenu karu Amazon. Ar SELLERLOGIC m\u0113s varam pa\u013cauties uz to!&#8221;<\/p><p class=\"theme-wp-block gb-responsive-697003-identifier desktop-gb-has-no-icon xl-gb-has-no-icon lg-gb-has-no-icon md-gb-has-no-icon sm-gb-has-no-icon\">Franks ir piln\u012bb\u0101 apmierin\u0101ts ar SELLERLOGIC Repricer: &#8220;Buy Box strat\u0113\u0123ija \u2013 kurai nepiecie\u0161ams tikai minim\u0101ls manu\u0101lais darbs \u2013 un zems k\u013c\u016bdu l\u012bmenis jau run\u0101 par SELLERLOGIC. Bet vissvar\u012bg\u0101kais: Repricer vienk\u0101r\u0161i darbojas k\u0101 sapnis!&#8221;<\/p><div class=\"theme-wp-block wp-block-buttons gb-responsive-497426-identifier is-layout-flex wp-block-buttons-is-layout-flex\"><div class=\"theme-wp-block wp-block-button gb-responsive-38220-identifier is-style-theme-transparent-with-arrow\"><a class=\"wp-block-button__link wp-element-button\" href=\"https:\/\/d2bw95mh2ee04s.cloudfront.net\/prod\/content\/files\/SUCCESS-STORIES\/EN\/SELLERLOGIC_SN_Success-Story_FJ-Trading_EN.pdf\" target=\"_blank\" rel=\"noreferrer noopener nofollow\">Lejupiel\u0101d\u0113t tagad!<\/a><\/div><\/div><\/div><div class=\"theme-wp-block wp-block-column gb-responsive-252189-identifier is-layout-flow wp-block-column-is-layout-flow\" style=\"flex-basis:25%\"><\/div><\/div><p class=\"theme-wp-block gb-responsive-527070-identifier\"><\/p>","protected":false},"excerpt":{"rendered":"<p>Fonds:2013 Nozare:Apavi Preces Amazon:\u00a0aptuveni 100.000 SKUs Nos\u016bt\u012bjumi:\u00a0aptuveni 50.000 m\u0113nes\u012b Fons: Franks Jemetz akt\u012bvi p\u0101rdod tie\u0161saistes tirgos kop\u0161 2004. gada. S\u0101kum\u0101 tas galvenok\u0101rt tika dar\u012bts caur eBay, bet tagad vi\u0146\u0161 ir p\u0101rg\u0101jis uz Amazon. &#8220;M\u0113s esam eksperiment\u0113ju\u0161i ar daudz\u0101m prec\u0113m,&#8221; \u0161odien saka izpilddirektors. &#8220;No uzp\u016b\u0161am\u0101m laiv\u0101m l\u012bdz piena putot\u0101jiem.&#8221; Frankam tad rad\u0101s ideja pievienot Adidas sporta<\/p>\n","protected":false},"author":8,"featured_media":5113,"parent":111675,"menu_order":0,"comment_status":"closed","ping_status":"closed","template":"","meta":{"sidebar_recommended_resources":{"data":[]},"sidebar_header_settings":{"hide_buttons":{"register":false}},"_use_new_theme":false,"inline_featured_image":false,"footnotes":""},"class_list":["post-111723","page","type-page","status-publish","has-post-thumbnail","hentry"],"yoast_head":"<!-- This site is optimized with the Yoast SEO plugin v26.8 - https:\/\/yoast.com\/product\/yoast-seo-wordpress\/ -->\n<title>Vair\u0101k Buy Box, vair\u0101k apgroz\u012bjuma \u2013 ar SELLERLOGIC Repricer<\/title>\n<meta name=\"description\" content=\"SELLERLOGIC Repricer Amazon uzvar Buy Box un palielina j\u016bsu p\u0101rdo\u0161anu. M\u016bsu klients FJ Tirdzniec\u012bba to var apstiprin\u0101t. Uzziniet vair\u0101k tagad!\" \/>\n<meta name=\"robots\" content=\"index, follow, max-snippet:-1, max-image-preview:large, max-video-preview:-1\" \/>\n<link rel=\"canonical\" href=\"https:\/\/www.sellerlogic.com\/lv\/resources\/success-story-fj-trading\/\" \/>\n<meta property=\"og:locale\" content=\"lv_LV\" \/>\n<meta property=\"og:type\" content=\"article\" \/>\n<meta property=\"og:title\" content=\"Vair\u0101k Buy Box, vair\u0101k apgroz\u012bjuma \u2013 ar SELLERLOGIC Repricer\" \/>\n<meta property=\"og:description\" content=\"SELLERLOGIC Repricer Amazon uzvar Buy Box un palielina j\u016bsu p\u0101rdo\u0161anu. M\u016bsu klients FJ Tirdzniec\u012bba to var apstiprin\u0101t. Uzziniet vair\u0101k tagad!\" \/>\n<meta property=\"og:url\" content=\"https:\/\/www.sellerlogic.com\/lv\/resources\/success-story-fj-trading\/\" \/>\n<meta property=\"og:site_name\" content=\"SELLERLOGIC - Smarte Tools f\u00fcr Amazon-Seller\" \/>\n<meta property=\"article:publisher\" content=\"https:\/\/www.facebook.com\/SellerLogic\/\" \/>\n<meta property=\"og:image\" content=\"https:\/\/d2bw95mh2ee04s.cloudfront.net\/prod\/content\/wp-content\/uploads\/2020\/12\/23142717\/header-success-story-fj-trading.jpg\" \/>\n\t<meta property=\"og:image:width\" content=\"2500\" \/>\n\t<meta property=\"og:image:height\" content=\"1667\" \/>\n\t<meta property=\"og:image:type\" content=\"image\/jpeg\" \/>\n<meta name=\"twitter:card\" content=\"summary_large_image\" \/>\n<meta name=\"twitter:site\" content=\"@sellerlogic\" \/>\n<meta name=\"twitter:label1\" content=\"Est. reading time\" \/>\n\t<meta name=\"twitter:data1\" content=\"3 minutes\" \/>\n<script type=\"application\/ld+json\" class=\"yoast-schema-graph\">{\"@context\":\"https:\/\/schema.org\",\"@graph\":[{\"@type\":\"WebPage\",\"@id\":\"https:\/\/www.sellerlogic.com\/lv\/resources\/success-story-fj-trading\/\",\"url\":\"https:\/\/www.sellerlogic.com\/lv\/resources\/success-story-fj-trading\/\",\"name\":\"Vair\u0101k Buy Box, vair\u0101k apgroz\u012bjuma \u2013 ar SELLERLOGIC Repricer\",\"isPartOf\":{\"@id\":\"https:\/\/www.sellerlogic.com\/lv\/#website\"},\"primaryImageOfPage\":{\"@id\":\"https:\/\/www.sellerlogic.com\/lv\/resources\/success-story-fj-trading\/#primaryimage\"},\"image\":{\"@id\":\"https:\/\/www.sellerlogic.com\/lv\/resources\/success-story-fj-trading\/#primaryimage\"},\"thumbnailUrl\":\"https:\/\/d2bw95mh2ee04s.cloudfront.net\/prod\/content\/wp-content\/uploads\/2020\/12\/23142717\/header-success-story-fj-trading.jpg\",\"datePublished\":\"2020-12-21T22:08:33+00:00\",\"description\":\"SELLERLOGIC Repricer Amazon uzvar Buy Box un palielina j\u016bsu p\u0101rdo\u0161anu. M\u016bsu klients FJ Tirdzniec\u012bba to var apstiprin\u0101t. Uzziniet vair\u0101k tagad!\",\"breadcrumb\":{\"@id\":\"https:\/\/www.sellerlogic.com\/lv\/resources\/success-story-fj-trading\/#breadcrumb\"},\"inLanguage\":\"lv\",\"potentialAction\":[{\"@type\":\"ReadAction\",\"target\":[\"https:\/\/www.sellerlogic.com\/lv\/resources\/success-story-fj-trading\/\"]}]},{\"@type\":\"ImageObject\",\"inLanguage\":\"lv\",\"@id\":\"https:\/\/www.sellerlogic.com\/lv\/resources\/success-story-fj-trading\/#primaryimage\",\"url\":\"https:\/\/d2bw95mh2ee04s.cloudfront.net\/prod\/content\/wp-content\/uploads\/2020\/12\/23142717\/header-success-story-fj-trading.jpg\",\"contentUrl\":\"https:\/\/d2bw95mh2ee04s.cloudfront.net\/prod\/content\/wp-content\/uploads\/2020\/12\/23142717\/header-success-story-fj-trading.jpg\",\"width\":2500,\"height\":1667},{\"@type\":\"BreadcrumbList\",\"@id\":\"https:\/\/www.sellerlogic.com\/lv\/resources\/success-story-fj-trading\/#breadcrumb\",\"itemListElement\":[{\"@type\":\"ListItem\",\"position\":1,\"name\":\"Home\",\"item\":\"https:\/\/www.sellerlogic.com\/lv\/\"},{\"@type\":\"ListItem\",\"position\":2,\"name\":\"Resursi EN\",\"item\":\"https:\/\/www.sellerlogic.com\/lv\/resources\/\"},{\"@type\":\"ListItem\",\"position\":3,\"name\":\"Veiksmju st\u0101sts: FJ Trading EN\"}]},{\"@type\":\"WebSite\",\"@id\":\"https:\/\/www.sellerlogic.com\/lv\/#website\",\"url\":\"https:\/\/www.sellerlogic.com\/lv\/\",\"name\":\"SELLERLOGIC - Smarte Tools f\u00fcr Amazon-Seller\",\"description\":\"Intelligente Prozessoptimierung und Gewinnmaximierung\",\"publisher\":{\"@id\":\"https:\/\/www.sellerlogic.com\/lv\/#organization\"},\"potentialAction\":[{\"@type\":\"SearchAction\",\"target\":{\"@type\":\"EntryPoint\",\"urlTemplate\":\"https:\/\/www.sellerlogic.com\/lv\/?s={search_term_string}\"},\"query-input\":{\"@type\":\"PropertyValueSpecification\",\"valueRequired\":true,\"valueName\":\"search_term_string\"}}],\"inLanguage\":\"lv\"},{\"@type\":\"Organization\",\"@id\":\"https:\/\/www.sellerlogic.com\/lv\/#organization\",\"name\":\"SELLERLOGIC\",\"url\":\"https:\/\/www.sellerlogic.com\/lv\/\",\"logo\":{\"@type\":\"ImageObject\",\"inLanguage\":\"lv\",\"@id\":\"https:\/\/www.sellerlogic.com\/lv\/#\/schema\/logo\/image\/\",\"url\":\"https:\/\/d2bw95mh2ee04s.cloudfront.net\/prod\/content\/wp-content\/uploads\/2025\/01\/02134814\/Property-Logo-Main.svg\",\"contentUrl\":\"https:\/\/d2bw95mh2ee04s.cloudfront.net\/prod\/content\/wp-content\/uploads\/2025\/01\/02134814\/Property-Logo-Main.svg\",\"width\":184,\"height\":40,\"caption\":\"SELLERLOGIC\"},\"image\":{\"@id\":\"https:\/\/www.sellerlogic.com\/lv\/#\/schema\/logo\/image\/\"},\"sameAs\":[\"https:\/\/www.facebook.com\/SellerLogic\/\",\"https:\/\/x.com\/sellerlogic\",\"https:\/\/www.instagram.com\/sellerlogic\/\",\"https:\/\/www.linkedin.com\/company\/18402037\/\",\"https:\/\/www.youtube.com\/channel\/UC-gULUur-fNj08sprantKsQ\"]}]}<\/script>\n<!-- \/ Yoast SEO plugin. -->","yoast_head_json":{"title":"Vair\u0101k Buy Box, vair\u0101k apgroz\u012bjuma \u2013 ar SELLERLOGIC Repricer","description":"SELLERLOGIC Repricer Amazon uzvar Buy Box un palielina j\u016bsu p\u0101rdo\u0161anu. M\u016bsu klients FJ Tirdzniec\u012bba to var apstiprin\u0101t. Uzziniet vair\u0101k tagad!","robots":{"index":"index","follow":"follow","max-snippet":"max-snippet:-1","max-image-preview":"max-image-preview:large","max-video-preview":"max-video-preview:-1"},"canonical":"https:\/\/www.sellerlogic.com\/lv\/resources\/success-story-fj-trading\/","og_locale":"lv_LV","og_type":"article","og_title":"Vair\u0101k Buy Box, vair\u0101k apgroz\u012bjuma \u2013 ar SELLERLOGIC Repricer","og_description":"SELLERLOGIC Repricer Amazon uzvar Buy Box un palielina j\u016bsu p\u0101rdo\u0161anu. M\u016bsu klients FJ Tirdzniec\u012bba to var apstiprin\u0101t. Uzziniet vair\u0101k tagad!","og_url":"https:\/\/www.sellerlogic.com\/lv\/resources\/success-story-fj-trading\/","og_site_name":"SELLERLOGIC - Smarte Tools f\u00fcr Amazon-Seller","article_publisher":"https:\/\/www.facebook.com\/SellerLogic\/","og_image":[{"width":2500,"height":1667,"url":"https:\/\/d2bw95mh2ee04s.cloudfront.net\/prod\/content\/wp-content\/uploads\/2020\/12\/23142717\/header-success-story-fj-trading.jpg","type":"image\/jpeg"}],"twitter_card":"summary_large_image","twitter_site":"@sellerlogic","twitter_misc":{"Est. reading time":"3 minutes"},"schema":{"@context":"https:\/\/schema.org","@graph":[{"@type":"WebPage","@id":"https:\/\/www.sellerlogic.com\/lv\/resources\/success-story-fj-trading\/","url":"https:\/\/www.sellerlogic.com\/lv\/resources\/success-story-fj-trading\/","name":"Vair\u0101k Buy Box, vair\u0101k apgroz\u012bjuma \u2013 ar SELLERLOGIC Repricer","isPartOf":{"@id":"https:\/\/www.sellerlogic.com\/lv\/#website"},"primaryImageOfPage":{"@id":"https:\/\/www.sellerlogic.com\/lv\/resources\/success-story-fj-trading\/#primaryimage"},"image":{"@id":"https:\/\/www.sellerlogic.com\/lv\/resources\/success-story-fj-trading\/#primaryimage"},"thumbnailUrl":"https:\/\/d2bw95mh2ee04s.cloudfront.net\/prod\/content\/wp-content\/uploads\/2020\/12\/23142717\/header-success-story-fj-trading.jpg","datePublished":"2020-12-21T22:08:33+00:00","description":"SELLERLOGIC Repricer Amazon uzvar Buy Box un palielina j\u016bsu p\u0101rdo\u0161anu. M\u016bsu klients FJ Tirdzniec\u012bba to var apstiprin\u0101t. Uzziniet vair\u0101k tagad!","breadcrumb":{"@id":"https:\/\/www.sellerlogic.com\/lv\/resources\/success-story-fj-trading\/#breadcrumb"},"inLanguage":"lv","potentialAction":[{"@type":"ReadAction","target":["https:\/\/www.sellerlogic.com\/lv\/resources\/success-story-fj-trading\/"]}]},{"@type":"ImageObject","inLanguage":"lv","@id":"https:\/\/www.sellerlogic.com\/lv\/resources\/success-story-fj-trading\/#primaryimage","url":"https:\/\/d2bw95mh2ee04s.cloudfront.net\/prod\/content\/wp-content\/uploads\/2020\/12\/23142717\/header-success-story-fj-trading.jpg","contentUrl":"https:\/\/d2bw95mh2ee04s.cloudfront.net\/prod\/content\/wp-content\/uploads\/2020\/12\/23142717\/header-success-story-fj-trading.jpg","width":2500,"height":1667},{"@type":"BreadcrumbList","@id":"https:\/\/www.sellerlogic.com\/lv\/resources\/success-story-fj-trading\/#breadcrumb","itemListElement":[{"@type":"ListItem","position":1,"name":"Home","item":"https:\/\/www.sellerlogic.com\/lv\/"},{"@type":"ListItem","position":2,"name":"Resursi EN","item":"https:\/\/www.sellerlogic.com\/lv\/resources\/"},{"@type":"ListItem","position":3,"name":"Veiksmju st\u0101sts: FJ Trading EN"}]},{"@type":"WebSite","@id":"https:\/\/www.sellerlogic.com\/lv\/#website","url":"https:\/\/www.sellerlogic.com\/lv\/","name":"SELLERLOGIC - Smarte Tools f\u00fcr Amazon-Seller","description":"Intelligente Prozessoptimierung und Gewinnmaximierung","publisher":{"@id":"https:\/\/www.sellerlogic.com\/lv\/#organization"},"potentialAction":[{"@type":"SearchAction","target":{"@type":"EntryPoint","urlTemplate":"https:\/\/www.sellerlogic.com\/lv\/?s={search_term_string}"},"query-input":{"@type":"PropertyValueSpecification","valueRequired":true,"valueName":"search_term_string"}}],"inLanguage":"lv"},{"@type":"Organization","@id":"https:\/\/www.sellerlogic.com\/lv\/#organization","name":"SELLERLOGIC","url":"https:\/\/www.sellerlogic.com\/lv\/","logo":{"@type":"ImageObject","inLanguage":"lv","@id":"https:\/\/www.sellerlogic.com\/lv\/#\/schema\/logo\/image\/","url":"https:\/\/d2bw95mh2ee04s.cloudfront.net\/prod\/content\/wp-content\/uploads\/2025\/01\/02134814\/Property-Logo-Main.svg","contentUrl":"https:\/\/d2bw95mh2ee04s.cloudfront.net\/prod\/content\/wp-content\/uploads\/2025\/01\/02134814\/Property-Logo-Main.svg","width":184,"height":40,"caption":"SELLERLOGIC"},"image":{"@id":"https:\/\/www.sellerlogic.com\/lv\/#\/schema\/logo\/image\/"},"sameAs":["https:\/\/www.facebook.com\/SellerLogic\/","https:\/\/x.com\/sellerlogic","https:\/\/www.instagram.com\/sellerlogic\/","https:\/\/www.linkedin.com\/company\/18402037\/","https:\/\/www.youtube.com\/channel\/UC-gULUur-fNj08sprantKsQ"]}]}},"_links":{"self":[{"href":"https:\/\/www.sellerlogic.com\/lv\/wp-json\/wp\/v2\/pages\/111723","targetHints":{"allow":["GET"]}}],"collection":[{"href":"https:\/\/www.sellerlogic.com\/lv\/wp-json\/wp\/v2\/pages"}],"about":[{"href":"https:\/\/www.sellerlogic.com\/lv\/wp-json\/wp\/v2\/types\/page"}],"author":[{"embeddable":true,"href":"https:\/\/www.sellerlogic.com\/lv\/wp-json\/wp\/v2\/users\/8"}],"replies":[{"embeddable":true,"href":"https:\/\/www.sellerlogic.com\/lv\/wp-json\/wp\/v2\/comments?post=111723"}],"version-history":[{"count":0,"href":"https:\/\/www.sellerlogic.com\/lv\/wp-json\/wp\/v2\/pages\/111723\/revisions"}],"up":[{"embeddable":true,"href":"https:\/\/www.sellerlogic.com\/lv\/wp-json\/wp\/v2\/pages\/111675"}],"wp:featuredmedia":[{"embeddable":true,"href":"https:\/\/www.sellerlogic.com\/lv\/wp-json\/wp\/v2\/media\/5113"}],"wp:attachment":[{"href":"https:\/\/www.sellerlogic.com\/lv\/wp-json\/wp\/v2\/media?parent=111723"}],"curies":[{"name":"wp","href":"https:\/\/api.w.org\/{rel}","templated":true}]}}