
{"id":111798,"date":"2020-12-18T10:43:41","date_gmt":"2020-12-18T10:43:41","guid":{"rendered":"https:\/\/127.0.0.1\/resources\/success-story-samtige-haut\/"},"modified":"2020-12-18T10:43:41","modified_gmt":"2020-12-18T10:43:41","slug":"success-story-samtige-haut","status":"publish","type":"page","link":"https:\/\/www.sellerlogic.com\/lv\/resources\/success-story-samtige-haut\/","title":{"rendered":"Pan\u0101kumu st\u0101sts: Samtige Haut EN"},"content":{"rendered":"\n\t<div  class=\"theme-wp-block theme-block-main-header is-style-full-height desktop-align-full xl-align-full lg-align-full md-align-full sm-align-full desktop-content-align-y-center desktop-content-align-x-center xl-content-align-y-center xl-content-align-x-center lg-content-align-y-center lg-content-align-x-center md-content-align-y-center md-content-align-x-center sm-content-align-y-center sm-content-align-x-center gb-responsive-911782-identifier theme-block-cover\">\n\t\t<div class=\"bg-cover theme-lazy-load-bg\"><\/div>\n\t\t<div class=\"wrap-content-main-header\">\n\t\t\t\t\t<div  class=\"theme-wp-block theme-block-text-and-text desktop-blockDirection-row xl-blockDirection-row lg-blockDirection-row md-blockDirection-row sm-blockDirection-row gb-responsive-289238-identifier desktop-align-full xl-align-full lg-align-full md-align-full sm-align-full alignfull\">\n\t\t<div class=\"tat-column-wrap-wrapper\">\n\t\t\t<div class=\"tat-column-wrapper\">\n\t\t\t\t\t<div  class=\"theme-wp-block theme-block-text-and-text-column gb-responsive-421034-identifier desktop-horizontal-center xl-horizontal-center lg-horizontal-center md-horizontal-center sm-horizontal-center\">\n\t\t<div class=\"inner-wrap-column-content\">\n\t\t\t<div class=\"inner-column-content\">\n\t\t\t\t\t\t<h1  class=\"theme-wp-block theme-block-heading is-style-default sm-text-center md-text-center desktop-text-center xl-text-center lg-text-center gb-responsive-292481-identifier desktop-align-full xl-align-full lg-align-full md-align-full sm-align-full alignfull h1 has-text-align\">\n\t\tAtmaksas ar klik\u0161\u0137i\t<\/h1>\n\n\t\t<h2  class=\"theme-wp-block theme-block-heading is-style-default sm-text-center md-text-center desktop-text-center xl-text-center lg-text-center gb-responsive-831018-identifier desktop-align-full xl-align-full lg-align-full md-align-full sm-align-full alignfull h1 has-text-align\">\n\t\t&#8220;Samtige Haut&#8221; sa\u0146em atmaksas no Amazon caur Lost &amp; Found\t<\/h2>\n\n\t\t\t<\/div>\n\t\t<\/div>\n\t<\/div>\n\t<div  class=\"theme-wp-block theme-block-text-and-text-column gb-responsive-929552-identifier\">\n\t\t<div class=\"inner-wrap-column-content\">\n\t\t\t<div class=\"inner-column-content\">\n\t\t\t\t\t\t\t<\/div>\n\t\t<\/div>\n\t<\/div>\n\t\t\t<\/div>\n\t\t<\/div>\n\t<\/div>\n\n\t\t<\/div>\n\t<\/div>\n\n<div style=\"height:50px\" aria-hidden=\"true\" class=\"theme-wp-block wp-block-spacer\"><\/div><div class=\"theme-wp-block wp-block-columns gb-responsive-655645-identifier is-layout-flex wp-container-core-columns-is-layout-9d6595d7 wp-block-columns-is-layout-flex\"><div class=\"theme-wp-block wp-block-column gb-responsive-959393-identifier is-layout-flow wp-block-column-is-layout-flow\" style=\"flex-basis:25%\"><figure class=\"theme-wp-block wp-block-image size-large is-resized gb-responsive-62921-identifier\"><img decoding=\"async\" src=\"https:\/\/d2bw95mh2ee04s.cloudfront.net\/prod\/content\/wp-content\/uploads\/2020\/12\/23142732\/samtige-haut-logo.png\" alt=\"Pan\u0101kumu st\u0101sts: Samtige Haut EN\" class=\"wp-image-4561\" width=\"300\" height=\"84\" srcset=\"https:\/\/d2bw95mh2ee04s.cloudfront.net\/prod\/content\/wp-content\/uploads\/2020\/12\/23142732\/samtige-haut-logo-407x113.png 407w, https:\/\/d2bw95mh2ee04s.cloudfront.net\/prod\/content\/wp-content\/uploads\/2020\/12\/23142732\/samtige-haut-logo.png 600w\" sizes=\"(max-width: 300px) 100vw, 300px\" \/><\/figure><p class=\"theme-wp-block gb-responsive-312552-identifier\"><strong><strong>Pamats<\/strong>:<\/strong><br>2016. gada novembris<\/p><p class=\"theme-wp-block gb-responsive-353708-identifier\"><strong><strong>Nozare<\/strong>:<\/strong><br>Kosmetika, uztura bag\u0101tin\u0101t\u0101ji, organiskie produkti<\/p><p class=\"theme-wp-block gb-responsive-164518-identifier\"><strong><strong>Preces Amazon:<\/strong><\/strong><br>1,000<\/p><p class=\"theme-wp-block gb-responsive-888870-identifier\"><strong><strong>Nos\u016bt\u012bjumi<\/strong>:\u00a0<\/strong><br>apm\u0113ram 8,000 m\u0113nes\u012b<\/p><\/div><div class=\"theme-wp-block wp-block-column gb-responsive-252265-identifier is-layout-flow wp-block-column-is-layout-flow\" style=\"flex-basis:50%\"><h3 class=\"theme-wp-block wp-block-heading gb-responsive-34353-identifier\" id=\"block-c06fce04-ef87-4ffc-a3d6-b768ba377d17\">Fons:<\/h3><p class=\"theme-wp-block gb-responsive-620393-identifier\">2018. gad\u0101 Amazon bija apgroz\u012bjums 232,9 miljardu ASV dol\u0101ru apm\u0113r\u0101. Aptuveni 45 procenti V\u0101cijas Amazon p\u0101rdev\u0113ju s\u016bta savas preces, izmantojot Fulfillment by Amazon (FBA). Sandra Schriewer \u2013 Amazon veikala \u201cSamtige Haut\u201d (v\u0101cu valod\u0101 \u201cSmoothing\u0101 \u0101da\u201d) \u012bpa\u0161niece \u2013 ir viena no vi\u0146iem. Neskatoties uz vis\u0101m FBA programmas priek\u0161roc\u012bb\u0101m, tie\u0161saistes tirgot\u0101jiem vairs nav iesp\u0113jams sekot FBA dar\u012bjumu datu pl\u016bsmai, palielinoties p\u0101rdo\u0161anai. T\u0101p\u0113c anal\u012bze visp\u0101r netiek veikta.<\/p><h3 class=\"theme-wp-block wp-block-heading gb-responsive-182281-identifier\">Izaicin\u0101jums:<\/h3><p class=\"theme-wp-block gb-responsive-880667-identifier\">Sandra Schriewer s\u0101kotn\u0113ji n\u0101k no kosm\u0113tikas nozares. Str\u0101d\u0101jot E-komercijas sektor\u0101 Berl\u012bn\u0113, vi\u0146a pabeidza studijas tie\u0161saistes m\u0101rketing\u0101 un E-komercij\u0101.<\/p><p class=\"theme-wp-block gb-responsive-3897-identifier\">Vi\u0146a v\u0113l\u0113j\u0101s pielietot ieg\u016bt\u0101s zin\u0101\u0161anas praks\u0113 un apvienot t\u0101s ar savu kaisl\u012bbu pret kosm\u0113tiku un uzturu. T\u0101 rad\u0101s Amazon veikals \u201cSamtige Haut\u201d. Ar apm\u0113ram 1,000 prec\u0113m un apm\u0113ram 8,000 nos\u016bt\u012bjumiem m\u0113nes\u012b, izmantojot FBA programmu, bija gandr\u012bz neiesp\u0113jami sekot milz\u012bgajai datu pl\u016bsmai Amazon. Dr\u012bz vi\u0146a saprata, ka vi\u0146ai nepiecie\u0161ams pakalpojumu sniedz\u0113js, kur\u0161 var\u0113tu pal\u012bdz\u0113t kontrol\u0113t FBA programmas procesus. \u201cK\u0101 tie\u0161saistes tirgot\u0101js, j\u016bs pa\u013caujaties uz Fulfillment by Amazon, jo programma iev\u0113rojami atvieglo lo\u0123istikas procesus uz\u0146\u0113mum\u0101. Tom\u0113r neviens nav perfekts, un, protams, ar\u012b t\u0101di vado\u0161ie uz\u0146\u0113mumi k\u0101 Amazon var pie\u013caut k\u013c\u016bdas.<\/p><p class=\"theme-wp-block gb-responsive-135542-identifier\">Manual k\u013c\u016bdu p\u0101rbaude bija izsl\u0113gta. Probl\u0113mu avotu anal\u012bze ir \u013coti sare\u017e\u0123\u012bta un prasa milz\u012bgu laika daudzumu. &#8220;Tas p\u0101rsniegtu jebk\u0101du ekonomisko ietvaru,\u201d teica Sandra. \u201cLost &#038; Found risin\u0101jumu no SELLERLOGIC man ieteica mans v\u012brs, kur\u0161 jau str\u0101d\u0101 ar pakalpojumu sniedz\u0113ja Repricer un ir \u013coti apmierin\u0101ts ar produktu. Tirg\u016b ir daudz risin\u0101jumu, kas Amazon uz\u0146\u0113mumam nepiecie\u0161ami, lai g\u016btu pan\u0101kumus attiec\u012bgajos tirgos. Es uzskatu, ka Lost &#038; Found ir unik\u0101ls un neaizst\u0101jams FBA p\u0101rdev\u0113jiem\u201d.<\/p><h3 class=\"theme-wp-block wp-block-heading gb-responsive-115756-identifier\">Risin\u0101jums:<\/h3><p class=\"theme-wp-block gb-responsive-907939-identifier\">\u201cR\u012bku nav gr\u016bti lietot, un to var \u0101tri un viegli integr\u0113t. Soli pa solim instrukcijas \u2013 k\u0101 ar\u012b zin\u0101\u0161anu b\u0101ze \u2013 ir \u013coti noder\u012bgas un neprasa nek\u0101du atbalstu no SELLERLOGIC. Lost &#038; Found katru dienu zi\u0146o par jauniem gad\u012bjumiem un nodro\u0161ina iepriek\u0161 defin\u0113tus teksta modu\u013cus, kurus var vienk\u0101r\u0161i kop\u0113t un iel\u012bm\u0113t Amazon Seller Central. Man tikai j\u0101izdara kop\u0113\u0161ana un iel\u012bm\u0113\u0161ana, lai sa\u0146emtu atmaksu no Amazon. T\u0101 k\u0101 iesniegtie gad\u012bjumi parasti tiek pie\u0146emti bez papildu jaut\u0101jumiem, viss process tiek saglab\u0101ts \u013coti vienk\u0101r\u0161s!\u201d<\/p><div class=\"theme-block-group-wrap\"><div class=\"theme-wp-block wp-block-group gb-responsive-88118-identifier\">\t\t<div  class=\"theme-wp-block theme-block-user-card gb-responsive-799176-identifier is-style-full-width-line\">\n\t\t<div class=\"wrap-inner-content\">\n\t\t\t<div class=\"card-user-head\">\n\t\t\t\t<div class=\"card-user-avatar\">\n\t\t\t\t\t<div class=\"cover-avatar\" style=\"background-image: url(https:\/\/d2bw95mh2ee04s.cloudfront.net\/prod\/content\/wp-content\/uploads\/2020\/12\/23142733\/sandra-schriewer-raute.png);\"><\/div>\n\t\t\t\t<\/div>\n\t\t\t\t<div class=\"wrap-title\">\n\t\t\t\t\t<div class=\"card-user-name\">\n\t\t\t\t\t\t<div class=\"title\">\n\t\t\t\t\t\t\t<h3 class=\"heading-text\"><strong>Sandra Schriewer<\/strong><\/h3>\n\t\t\t\t\t\t<\/div>\n\t\t\t\t\t\t<div class=\"card-user-position\">\n\t\t\t\t\t\t\t<div class=\"card-text\"><strong>Izpilddirektore \u201eSamtige Haut\u201c<\/strong><\/div>\n\t\t\t\t\t\t<\/div>\n\t\t\t\t\t<\/div>\n\t\t\t\t\t<div class=\"card-user-quote-icon\">\n\t\t\t\t\t<\/div>\n\t\t\t\t<\/div>\n\t\t\t<\/div>\n\t\t\t<div class=\"card-user-text\">\n\t\t\t\t<div class=\"card-text\"><p>&#8220;Tirg\u016b ir daudz risin\u0101jumu, kas Amazon uz\u0146\u0113mumam nepiecie\u0161ami, lai g\u016btu pan\u0101kumus attiec\u012bgajos tirgos. Es uzskatu, ka Lost &amp; Found ir unik\u0101ls un neaizst\u0101jams FBA p\u0101rdev\u0113jiem\u201d.<\/p><\/div>\n\t\t\t<\/div>\n\t\t<\/div>\n\t<\/div>\n\n<\/div><\/div><h3 class=\"theme-wp-block wp-block-heading gb-responsive-595368-identifier\">Veiksm\u012bgi rezult\u0101ti ar SELLERLOGIC:<\/h3><p class=\"theme-wp-block gb-responsive-414432-identifier\">\u201c\u0145emot v\u0113r\u0101, ka Lost &#038; Found izseko individu\u0101los dar\u012bjumus l\u012bdz pat 18 m\u0113ne\u0161iem, es sa\u0146\u0113mu atmaksu aptuveni 1,300 EUR t\u016bl\u012bt p\u0113c r\u012bka integr\u0101cijas, ko es nekad neb\u016btu paman\u012bjusi bez SELLERLOGIC. Pirms Lost &#038; Found integr\u0101cijas man nebija skaidrs, cik daudz iepakojumu vienk\u0101r\u0161i bija pazudu\u0161i \u0161aj\u0101 laik\u0101. J\u016bs nevarat manu\u0101li p\u0101rbaud\u012bt datu apjomu, un parasti Amazon jums nesniedz nek\u0101du atgriezenisko saiti par tr\u016bksto\u0161aj\u0101m prec\u0113m. Ar Lost &#038; Found j\u016bs sa\u0146emat savu naudu atpaka\u013c un ietaup\u0101t milz\u012bgu laika daudzumu \u2013 pateicoties automatiz\u0113tai izp\u0113tei un gad\u012bjumu iesnieg\u0161anai, izmantojot Copy &#038; Paste funkciju.\u201d<\/p><p class=\"theme-wp-block gb-responsive-57813-identifier\">\u201cEs varu tikai ieteikt visiem integr\u0113t risin\u0101jumu sav\u0101 sist\u0113m\u0101. Jums nav ko zaud\u0113t! Izmaksas par SELLERLOGIC Lost &#038; Found no manas skatupunkta ir \u013coti god\u012bgas, jo t\u0101s tiek apr\u0113\u0137in\u0101tas proporcion\u0101li faktiskajai atmaksai no Amazon. Ja nekas netiek atrasts, netiek iekas\u0113tas nek\u0101das maksas. Katru dienu, kas paiet bez Lost &#038; Found, p\u0101rdev\u0113jiem maks\u0101 naudu. Turkl\u0101t jums ir maksim\u0101li 18 m\u0113ne\u0161i, lai iesniegtu savas pras\u012bbas, da\u017eos gad\u012bjumos pat maz\u0101k,\u201d Sandra nosl\u0113dz m\u016bsu v\u0101rd\u0101.<a href=\"https:\/\/d2bw95mh2ee04s.cloudfront.net\/prod\/content\/files\/SUCCESS-STORIES\/EN\/NEU_SELLERLOGIC_SN_Success-Story_Samtige-Haut-EN.pdf\" target=\"_blank\" rel=\"noreferrer noopener nofollow\"><\/a><\/p><div class=\"theme-wp-block wp-block-buttons gb-responsive-497426-identifier is-layout-flex wp-block-buttons-is-layout-flex\"><div class=\"theme-wp-block wp-block-button gb-responsive-38220-identifier is-style-theme-transparent-with-arrow\"><a class=\"wp-block-button__link wp-element-button\" href=\"https:\/\/d2bw95mh2ee04s.cloudfront.net\/prod\/content\/files\/SUCCESS-STORIES\/EN\/SELLERLOGIC_SN_Success-Story_Samtige-Haut-EN.pdf\" target=\"_blank\" rel=\"noreferrer noopener nofollow\">Lejupiel\u0101d\u0113jiet pan\u0101kumu st\u0101stu!  <\/a><\/div><\/div><\/div><div class=\"theme-wp-block wp-block-column gb-responsive-147753-identifier is-layout-flow wp-block-column-is-layout-flow\" style=\"flex-basis:25%\"><\/div><\/div><p class=\"theme-wp-block gb-responsive-527070-identifier\"><\/p>","protected":false},"excerpt":{"rendered":"<p>Pamats:2016. gada novembris Nozare:Kosmetika, uztura bag\u0101tin\u0101t\u0101ji, organiskie produkti Preces Amazon:1,000 Nos\u016bt\u012bjumi:\u00a0apm\u0113ram 8,000 m\u0113nes\u012b Fons: 2018. gad\u0101 Amazon bija apgroz\u012bjums 232,9 miljardu ASV dol\u0101ru apm\u0113r\u0101. Aptuveni 45 procenti V\u0101cijas Amazon p\u0101rdev\u0113ju s\u016bta savas preces, izmantojot Fulfillment by Amazon (FBA). Sandra Schriewer \u2013 Amazon veikala \u201cSamtige Haut\u201d (v\u0101cu valod\u0101 \u201cSmoothing\u0101 \u0101da\u201d) \u012bpa\u0161niece \u2013 ir viena no vi\u0146iem.<\/p>\n","protected":false},"author":8,"featured_media":0,"parent":111675,"menu_order":0,"comment_status":"closed","ping_status":"closed","template":"","meta":{"sidebar_recommended_resources":{"data":[]},"sidebar_header_settings":{"hide_buttons":{"register":false}},"_use_new_theme":false,"inline_featured_image":false,"footnotes":""},"class_list":["post-111798","page","type-page","status-publish","hentry"],"yoast_head":"<!-- This site is optimized with the Yoast SEO plugin v26.8 - https:\/\/yoast.com\/product\/yoast-seo-wordpress\/ -->\n<title>&quot;Samtige Haut&quot; sa\u0146em Amazon atmaksu caur SELLERLOGIC Lost &amp; Found<\/title>\n<meta name=\"description\" content=\"Atmaksas ar klik\u0161\u0137i: SELLERLOGIC klients &quot;Samtige Haut&quot; sa\u0146em savas atmaksas no Amazon caur Lost &amp; Found.\" \/>\n<meta name=\"robots\" content=\"index, follow, max-snippet:-1, max-image-preview:large, max-video-preview:-1\" \/>\n<link rel=\"canonical\" href=\"https:\/\/www.sellerlogic.com\/lv\/resources\/success-story-samtige-haut\/\" \/>\n<meta property=\"og:locale\" content=\"lv_LV\" \/>\n<meta property=\"og:type\" content=\"article\" \/>\n<meta property=\"og:title\" content=\"&quot;Samtige Haut&quot; sa\u0146em Amazon atmaksu caur SELLERLOGIC Lost &amp; Found\" \/>\n<meta property=\"og:description\" content=\"Atmaksas ar klik\u0161\u0137i: SELLERLOGIC klients &quot;Samtige Haut&quot; sa\u0146em savas atmaksas no Amazon caur Lost &amp; Found.\" \/>\n<meta property=\"og:url\" content=\"https:\/\/www.sellerlogic.com\/lv\/resources\/success-story-samtige-haut\/\" \/>\n<meta property=\"og:site_name\" content=\"SELLERLOGIC - Smarte Tools f\u00fcr Amazon-Seller\" \/>\n<meta property=\"article:publisher\" content=\"https:\/\/www.facebook.com\/SellerLogic\/\" \/>\n<meta property=\"og:image\" content=\"https:\/\/www.sellerlogic.com\/wp-content\/uploads\/2020\/12\/samtige-haut-logo.png\" \/>\n<meta name=\"twitter:card\" content=\"summary_large_image\" \/>\n<meta name=\"twitter:site\" content=\"@sellerlogic\" \/>\n<meta name=\"twitter:label1\" content=\"Est. reading time\" \/>\n\t<meta name=\"twitter:data1\" content=\"3 minutes\" \/>\n<script type=\"application\/ld+json\" class=\"yoast-schema-graph\">{\"@context\":\"https:\/\/schema.org\",\"@graph\":[{\"@type\":\"WebPage\",\"@id\":\"https:\/\/www.sellerlogic.com\/lv\/resources\/success-story-samtige-haut\/\",\"url\":\"https:\/\/www.sellerlogic.com\/lv\/resources\/success-story-samtige-haut\/\",\"name\":\"\\\"Samtige Haut\\\" sa\u0146em Amazon atmaksu caur SELLERLOGIC Lost & Found\",\"isPartOf\":{\"@id\":\"https:\/\/www.sellerlogic.com\/lv\/#website\"},\"primaryImageOfPage\":{\"@id\":\"https:\/\/www.sellerlogic.com\/lv\/resources\/success-story-samtige-haut\/#primaryimage\"},\"image\":{\"@id\":\"https:\/\/www.sellerlogic.com\/lv\/resources\/success-story-samtige-haut\/#primaryimage\"},\"thumbnailUrl\":\"https:\/\/www.sellerlogic.com\/wp-content\/uploads\/2020\/12\/samtige-haut-logo.png\",\"datePublished\":\"2020-12-18T10:43:41+00:00\",\"description\":\"Atmaksas ar klik\u0161\u0137i: SELLERLOGIC klients \\\"Samtige Haut\\\" sa\u0146em savas atmaksas no Amazon caur Lost & Found.\",\"breadcrumb\":{\"@id\":\"https:\/\/www.sellerlogic.com\/lv\/resources\/success-story-samtige-haut\/#breadcrumb\"},\"inLanguage\":\"lv\",\"potentialAction\":[{\"@type\":\"ReadAction\",\"target\":[\"https:\/\/www.sellerlogic.com\/lv\/resources\/success-story-samtige-haut\/\"]}]},{\"@type\":\"ImageObject\",\"inLanguage\":\"lv\",\"@id\":\"https:\/\/www.sellerlogic.com\/lv\/resources\/success-story-samtige-haut\/#primaryimage\",\"url\":\"https:\/\/www.sellerlogic.com\/wp-content\/uploads\/2020\/12\/samtige-haut-logo.png\",\"contentUrl\":\"https:\/\/www.sellerlogic.com\/wp-content\/uploads\/2020\/12\/samtige-haut-logo.png\"},{\"@type\":\"BreadcrumbList\",\"@id\":\"https:\/\/www.sellerlogic.com\/lv\/resources\/success-story-samtige-haut\/#breadcrumb\",\"itemListElement\":[{\"@type\":\"ListItem\",\"position\":1,\"name\":\"Home\",\"item\":\"https:\/\/www.sellerlogic.com\/lv\/\"},{\"@type\":\"ListItem\",\"position\":2,\"name\":\"Resursi EN\",\"item\":\"https:\/\/www.sellerlogic.com\/lv\/resources\/\"},{\"@type\":\"ListItem\",\"position\":3,\"name\":\"Pan\u0101kumu st\u0101sts: Samtige Haut EN\"}]},{\"@type\":\"WebSite\",\"@id\":\"https:\/\/www.sellerlogic.com\/lv\/#website\",\"url\":\"https:\/\/www.sellerlogic.com\/lv\/\",\"name\":\"SELLERLOGIC - Smarte Tools f\u00fcr Amazon-Seller\",\"description\":\"Intelligente Prozessoptimierung und Gewinnmaximierung\",\"publisher\":{\"@id\":\"https:\/\/www.sellerlogic.com\/lv\/#organization\"},\"potentialAction\":[{\"@type\":\"SearchAction\",\"target\":{\"@type\":\"EntryPoint\",\"urlTemplate\":\"https:\/\/www.sellerlogic.com\/lv\/?s={search_term_string}\"},\"query-input\":{\"@type\":\"PropertyValueSpecification\",\"valueRequired\":true,\"valueName\":\"search_term_string\"}}],\"inLanguage\":\"lv\"},{\"@type\":\"Organization\",\"@id\":\"https:\/\/www.sellerlogic.com\/lv\/#organization\",\"name\":\"SELLERLOGIC\",\"url\":\"https:\/\/www.sellerlogic.com\/lv\/\",\"logo\":{\"@type\":\"ImageObject\",\"inLanguage\":\"lv\",\"@id\":\"https:\/\/www.sellerlogic.com\/lv\/#\/schema\/logo\/image\/\",\"url\":\"https:\/\/d2bw95mh2ee04s.cloudfront.net\/prod\/content\/wp-content\/uploads\/2025\/01\/02134814\/Property-Logo-Main.svg\",\"contentUrl\":\"https:\/\/d2bw95mh2ee04s.cloudfront.net\/prod\/content\/wp-content\/uploads\/2025\/01\/02134814\/Property-Logo-Main.svg\",\"width\":184,\"height\":40,\"caption\":\"SELLERLOGIC\"},\"image\":{\"@id\":\"https:\/\/www.sellerlogic.com\/lv\/#\/schema\/logo\/image\/\"},\"sameAs\":[\"https:\/\/www.facebook.com\/SellerLogic\/\",\"https:\/\/x.com\/sellerlogic\",\"https:\/\/www.instagram.com\/sellerlogic\/\",\"https:\/\/www.linkedin.com\/company\/18402037\/\",\"https:\/\/www.youtube.com\/channel\/UC-gULUur-fNj08sprantKsQ\"]}]}<\/script>\n<!-- \/ Yoast SEO plugin. -->","yoast_head_json":{"title":"\"Samtige Haut\" sa\u0146em Amazon atmaksu caur SELLERLOGIC Lost & Found","description":"Atmaksas ar klik\u0161\u0137i: SELLERLOGIC klients \"Samtige Haut\" sa\u0146em savas atmaksas no Amazon caur Lost & Found.","robots":{"index":"index","follow":"follow","max-snippet":"max-snippet:-1","max-image-preview":"max-image-preview:large","max-video-preview":"max-video-preview:-1"},"canonical":"https:\/\/www.sellerlogic.com\/lv\/resources\/success-story-samtige-haut\/","og_locale":"lv_LV","og_type":"article","og_title":"\"Samtige Haut\" sa\u0146em Amazon atmaksu caur SELLERLOGIC Lost & Found","og_description":"Atmaksas ar klik\u0161\u0137i: SELLERLOGIC klients \"Samtige Haut\" sa\u0146em savas atmaksas no Amazon caur Lost & Found.","og_url":"https:\/\/www.sellerlogic.com\/lv\/resources\/success-story-samtige-haut\/","og_site_name":"SELLERLOGIC - Smarte Tools f\u00fcr Amazon-Seller","article_publisher":"https:\/\/www.facebook.com\/SellerLogic\/","og_image":[{"url":"https:\/\/www.sellerlogic.com\/wp-content\/uploads\/2020\/12\/samtige-haut-logo.png","type":"","width":"","height":""}],"twitter_card":"summary_large_image","twitter_site":"@sellerlogic","twitter_misc":{"Est. reading time":"3 minutes"},"schema":{"@context":"https:\/\/schema.org","@graph":[{"@type":"WebPage","@id":"https:\/\/www.sellerlogic.com\/lv\/resources\/success-story-samtige-haut\/","url":"https:\/\/www.sellerlogic.com\/lv\/resources\/success-story-samtige-haut\/","name":"\"Samtige Haut\" sa\u0146em Amazon atmaksu caur SELLERLOGIC Lost & Found","isPartOf":{"@id":"https:\/\/www.sellerlogic.com\/lv\/#website"},"primaryImageOfPage":{"@id":"https:\/\/www.sellerlogic.com\/lv\/resources\/success-story-samtige-haut\/#primaryimage"},"image":{"@id":"https:\/\/www.sellerlogic.com\/lv\/resources\/success-story-samtige-haut\/#primaryimage"},"thumbnailUrl":"https:\/\/www.sellerlogic.com\/wp-content\/uploads\/2020\/12\/samtige-haut-logo.png","datePublished":"2020-12-18T10:43:41+00:00","description":"Atmaksas ar klik\u0161\u0137i: SELLERLOGIC klients \"Samtige Haut\" sa\u0146em savas atmaksas no Amazon caur Lost & Found.","breadcrumb":{"@id":"https:\/\/www.sellerlogic.com\/lv\/resources\/success-story-samtige-haut\/#breadcrumb"},"inLanguage":"lv","potentialAction":[{"@type":"ReadAction","target":["https:\/\/www.sellerlogic.com\/lv\/resources\/success-story-samtige-haut\/"]}]},{"@type":"ImageObject","inLanguage":"lv","@id":"https:\/\/www.sellerlogic.com\/lv\/resources\/success-story-samtige-haut\/#primaryimage","url":"https:\/\/www.sellerlogic.com\/wp-content\/uploads\/2020\/12\/samtige-haut-logo.png","contentUrl":"https:\/\/www.sellerlogic.com\/wp-content\/uploads\/2020\/12\/samtige-haut-logo.png"},{"@type":"BreadcrumbList","@id":"https:\/\/www.sellerlogic.com\/lv\/resources\/success-story-samtige-haut\/#breadcrumb","itemListElement":[{"@type":"ListItem","position":1,"name":"Home","item":"https:\/\/www.sellerlogic.com\/lv\/"},{"@type":"ListItem","position":2,"name":"Resursi EN","item":"https:\/\/www.sellerlogic.com\/lv\/resources\/"},{"@type":"ListItem","position":3,"name":"Pan\u0101kumu st\u0101sts: Samtige Haut EN"}]},{"@type":"WebSite","@id":"https:\/\/www.sellerlogic.com\/lv\/#website","url":"https:\/\/www.sellerlogic.com\/lv\/","name":"SELLERLOGIC - Smarte Tools f\u00fcr Amazon-Seller","description":"Intelligente Prozessoptimierung und Gewinnmaximierung","publisher":{"@id":"https:\/\/www.sellerlogic.com\/lv\/#organization"},"potentialAction":[{"@type":"SearchAction","target":{"@type":"EntryPoint","urlTemplate":"https:\/\/www.sellerlogic.com\/lv\/?s={search_term_string}"},"query-input":{"@type":"PropertyValueSpecification","valueRequired":true,"valueName":"search_term_string"}}],"inLanguage":"lv"},{"@type":"Organization","@id":"https:\/\/www.sellerlogic.com\/lv\/#organization","name":"SELLERLOGIC","url":"https:\/\/www.sellerlogic.com\/lv\/","logo":{"@type":"ImageObject","inLanguage":"lv","@id":"https:\/\/www.sellerlogic.com\/lv\/#\/schema\/logo\/image\/","url":"https:\/\/d2bw95mh2ee04s.cloudfront.net\/prod\/content\/wp-content\/uploads\/2025\/01\/02134814\/Property-Logo-Main.svg","contentUrl":"https:\/\/d2bw95mh2ee04s.cloudfront.net\/prod\/content\/wp-content\/uploads\/2025\/01\/02134814\/Property-Logo-Main.svg","width":184,"height":40,"caption":"SELLERLOGIC"},"image":{"@id":"https:\/\/www.sellerlogic.com\/lv\/#\/schema\/logo\/image\/"},"sameAs":["https:\/\/www.facebook.com\/SellerLogic\/","https:\/\/x.com\/sellerlogic","https:\/\/www.instagram.com\/sellerlogic\/","https:\/\/www.linkedin.com\/company\/18402037\/","https:\/\/www.youtube.com\/channel\/UC-gULUur-fNj08sprantKsQ"]}]}},"_links":{"self":[{"href":"https:\/\/www.sellerlogic.com\/lv\/wp-json\/wp\/v2\/pages\/111798","targetHints":{"allow":["GET"]}}],"collection":[{"href":"https:\/\/www.sellerlogic.com\/lv\/wp-json\/wp\/v2\/pages"}],"about":[{"href":"https:\/\/www.sellerlogic.com\/lv\/wp-json\/wp\/v2\/types\/page"}],"author":[{"embeddable":true,"href":"https:\/\/www.sellerlogic.com\/lv\/wp-json\/wp\/v2\/users\/8"}],"replies":[{"embeddable":true,"href":"https:\/\/www.sellerlogic.com\/lv\/wp-json\/wp\/v2\/comments?post=111798"}],"version-history":[{"count":0,"href":"https:\/\/www.sellerlogic.com\/lv\/wp-json\/wp\/v2\/pages\/111798\/revisions"}],"up":[{"embeddable":true,"href":"https:\/\/www.sellerlogic.com\/lv\/wp-json\/wp\/v2\/pages\/111675"}],"wp:attachment":[{"href":"https:\/\/www.sellerlogic.com\/lv\/wp-json\/wp\/v2\/media?parent=111798"}],"curies":[{"name":"wp","href":"https:\/\/api.w.org\/{rel}","templated":true}]}}