
{"id":111852,"date":"2020-12-22T10:05:12","date_gmt":"2020-12-22T10:05:12","guid":{"rendered":"https:\/\/127.0.0.1\/resources\/success-story-dadaro\/"},"modified":"2020-12-22T10:05:12","modified_gmt":"2020-12-22T10:05:12","slug":"success-story-dadaro","status":"publish","type":"page","link":"https:\/\/www.sellerlogic.com\/lv\/resources\/success-story-dadaro\/","title":{"rendered":"Veiksm\u012bga st\u0101sts: Dadaro EN"},"content":{"rendered":"\n\t<div  class=\"theme-wp-block theme-block-main-header is-style-full-height desktop-align-full xl-align-full lg-align-full md-align-full sm-align-full desktop-content-align-y-center desktop-content-align-x-center xl-content-align-y-center xl-content-align-x-center lg-content-align-y-center lg-content-align-x-center md-content-align-y-center md-content-align-x-center sm-content-align-y-center sm-content-align-x-center gb-responsive-439567-identifier theme-block-cover\">\n\t\t<div class=\"bg-cover theme-lazy-load-bg\"><\/div>\n\t\t<div class=\"wrap-content-main-header\">\n\t\t\t\t\t<div  class=\"theme-wp-block theme-block-text-and-text desktop-align-wide xl-align-wide lg-align-wide md-align-wide sm-align-wide gb-responsive-511761-identifier desktop-blockDirection-column xl-blockDirection-column lg-blockDirection-column md-blockDirection-column sm-blockDirection-column\">\n\t\t<div class=\"tat-column-wrap-wrapper\">\n\t\t\t<div class=\"tat-column-wrapper\">\n\t\t\t\t\t<div  class=\"theme-wp-block theme-block-text-and-text-column gb-responsive-24925-identifier desktop-horizontal-center xl-horizontal-center lg-horizontal-center md-horizontal-center sm-horizontal-center\">\n\t\t<div class=\"inner-wrap-column-content\">\n\t\t\t<div class=\"inner-column-content\">\n\t\t\t\t\t\t<h1  class=\"theme-wp-block theme-block-heading gb-responsive-62496-identifier desktop-text-center xl-text-center lg-text-center md-text-center sm-text-center desktop-gb-has-no-icon xl-gb-has-no-icon lg-gb-has-no-icon md-gb-has-no-icon sm-gb-has-no-icon\">\n\t\tK\u0101p\u0113c vispasaules pand\u0113mija neietekm\u0113 Dadaro\t<\/h1>\n\n\t\t\t<\/div>\n\t\t<\/div>\n\t<\/div>\n\t<div  class=\"theme-wp-block theme-block-text-and-text-column gb-responsive-195365-identifier\">\n\t\t<div class=\"inner-wrap-column-content\">\n\t\t\t<div class=\"inner-column-content\">\n\t\t\t\t\t\t\t<\/div>\n\t\t<\/div>\n\t<\/div>\n\t\t\t<\/div>\n\t\t<\/div>\n\t<\/div>\n\n\t\t<\/div>\n\t<\/div>\n\n<div style=\"height:50px\" aria-hidden=\"true\" class=\"theme-wp-block wp-block-spacer\"><\/div><div class=\"theme-wp-block wp-block-columns gb-responsive-586014-identifier is-layout-flex wp-container-core-columns-is-layout-9d6595d7 wp-block-columns-is-layout-flex\"><div class=\"theme-wp-block wp-block-column gb-responsive-33587-identifier is-layout-flow wp-block-column-is-layout-flow\" style=\"flex-basis:25%\"><figure class=\"theme-wp-block wp-block-image size-large is-resized gb-responsive-62921-identifier\"><img decoding=\"async\" src=\"https:\/\/d2bw95mh2ee04s.cloudfront.net\/prod\/content\/wp-content\/uploads\/2020\/12\/23142718\/logo-monde-petit.png\" alt=\"Veiksm\u012bga st\u0101sts: Dadaro EN\" class=\"wp-image-5012\" width=\"300\" height=\"264\" srcset=\"https:\/\/d2bw95mh2ee04s.cloudfront.net\/prod\/content\/wp-content\/uploads\/2020\/12\/23142718\/logo-monde-petit-407x358.png 407w, https:\/\/d2bw95mh2ee04s.cloudfront.net\/prod\/content\/wp-content\/uploads\/2020\/12\/23142718\/logo-monde-petit.png 600w\" sizes=\"(max-width: 300px) 100vw, 300px\" \/><\/figure><p class=\"theme-wp-block gb-responsive-263243-identifier\"><strong>Fonds:<\/strong><br>2004<\/p><p class=\"theme-wp-block gb-responsive-412647-identifier\"><strong>Nozare:<\/strong><br>Rotaslietas un d\u0101rgmet\u0101li<\/p><p class=\"theme-wp-block gb-responsive-679138-identifier\"><strong>Preces Amazon:<\/strong><br>aptuveni 1.600 SKUs<\/p><p class=\"theme-wp-block gb-responsive-236096-identifier\"><strong>Nos\u016bt\u012bjumi:<\/strong><br>aptuveni 700 m\u0113nes\u012b<\/p><\/div><div class=\"theme-wp-block wp-block-column gb-responsive-980941-identifier is-layout-flow wp-block-column-is-layout-flow\" style=\"flex-basis:50%\"><h3 class=\"theme-wp-block wp-block-heading gb-responsive-34353-identifier\" id=\"block-c06fce04-ef87-4ffc-a3d6-b768ba377d17\">Fons:<\/h3><p class=\"theme-wp-block gb-responsive-414178-identifier desktop-gb-has-no-icon xl-gb-has-no-icon lg-gb-has-no-icon md-gb-has-no-icon sm-gb-has-no-icon\">2008. gad\u0101 \u0123imenes uz\u0146\u0113mums \u2013 dibin\u0101ts 2004. gad\u0101 un specializ\u0113jies rotaslietu ra\u017eo\u0161an\u0101, ieg\u0101d\u0113 un p\u0101rdo\u0161an\u0101 \u2013 nov\u0113roja, k\u0101 tradicion\u0101lais vairumtirdzniec\u012bbas kan\u0101ls l\u0113n\u0101m tuvojas beig\u0101m. Ekonomisk\u0101s kr\u012bzes un zelta cenas pieauguma d\u0113\u013c samazin\u0101j\u0101s piepras\u012bjums p\u0113c rotaslietu ieg\u0101des, kas negat\u012bvi ietekm\u0113ja vi\u0146u p\u0101rdo\u0161anu. \u0160aj\u0101 br\u012bd\u012b Luis G\u00f3mez, Dadaro izpilddirektors, nebija \u0161aubu, ka, lai gl\u0101btu \u0123imenes uz\u0146\u0113mumu, vi\u0146am j\u0101veic l\u0113ciens tie\u0161saistes tirdzniec\u012bb\u0101.<\/p><h3 class=\"theme-wp-block wp-block-heading gb-responsive-846776-identifier desktop-gb-has-no-icon xl-gb-has-no-icon lg-gb-has-no-icon md-gb-has-no-icon sm-gb-has-no-icon\">S\u0101kums:<\/h3><p class=\"theme-wp-block gb-responsive-166194-identifier desktop-gb-has-no-icon xl-gb-has-no-icon lg-gb-has-no-icon md-gb-has-no-icon sm-gb-has-no-icon\">P\u0113c tam, kad bija izveidojis rotaslietu e-komercijas veikalu MondePetit, Luis 2015. gad\u0101 nol\u0113ma k\u013c\u016bt par Amazon p\u0101rdev\u0113ju. Attiec\u012bb\u0101 uz Dadaro, vi\u0146a akt\u012bvo Amazon veikalu Sp\u0101nij\u0101, vi\u0146\u0161 nekav\u0113joties atpazina iesp\u0113jas, ko tirgus pied\u0101v\u0101ja vi\u0146am attiec\u012bb\u0101 uz savu produktu p\u0101rdo\u0161anu starptautisk\u0101 m\u0113rog\u0101. 2017. gad\u0101 vi\u0146\u0161 s\u0101ka str\u0101d\u0101t ar Amazon FBA pakalpojumiem, t\u0101d\u0113j\u0101di pacelot \u0123imenes uz\u0146\u0113mumu starptautisk\u0101 l\u012bmen\u012b, p\u0101rdodot t\u0101dos tirgos k\u0101 It\u0101lija, V\u0101cija, Francija un Apvienot\u0101 Karaliste.<\/p><p class=\"theme-wp-block gb-responsive-6809-identifier\">&#8220;Amazon FBA pakalpojumu izmanto\u0161ana un daudzkan\u0101lu lo\u0123istika caur m\u016bsu t\u012bmek\u013ca vietni ir iev\u0113rojami ietekm\u0113jusi m\u016bsu biznesu,&#8221; apstiprina Luis. &#8220;No klientu apkalpo\u0161anas viedok\u013ca tas mums ir \u013coti pal\u012bdz\u0113jis, jo Amazon tie\u0161i apstr\u0101d\u0101 klientu piepras\u012bjumus. Tom\u0113r, no otras puses, es apzin\u0101jos, ka \u2013 \u0146emot v\u0113r\u0101 dar\u012bjumu apjomu, ko m\u0113s apstr\u0101d\u0101jam \u2013 ir preces, kas var\u0113tu pazust vi\u0146u lo\u0123istikas centros.&#8221;<\/p><h3 class=\"theme-wp-block wp-block-heading gb-responsive-826598-identifier\">Risin\u0101jums:<\/h3><p class=\"theme-wp-block gb-responsive-981559-identifier desktop-gb-has-no-icon xl-gb-has-no-icon lg-gb-has-no-icon md-gb-has-no-icon sm-gb-has-no-icon\">Smagos ierobe\u017eo\u0161anas pas\u0101kumu laik\u0101 Sp\u0101nij\u0101 Luis uzman\u012bgi sekoja l\u012bdzi pied\u0101v\u0101jumiem, kas par\u0101d\u012bj\u0101s vi\u0146a e-past\u0101. T\u0101 vi\u0146\u0161 non\u0101ca pie e-pasta, ko sa\u0146\u0113ma no VGAMZ, pirm\u0101s tirgus konsult\u0101ciju a\u0123ent\u016bras Sp\u0101nij\u0101, kas specializ\u0113jas Amazon: &#8220;E-pasts piesaist\u012bja manu uzman\u012bbu, un, t\u0101 k\u0101 man bija br\u012bvs laiks, es nol\u0113mu noklaus\u012bties VGAMZ podk\u0101stu. T\u0101 es ar\u012b atradu vi\u0146u Youtube kan\u0101lu, kur noskat\u012bjos video pam\u0101c\u012bbas par Lost &#038; Found r\u012bku, un \u0161eit es atkl\u0101ju SELLERLOGIC!&#8221; Luis skaidro. &#8220;Es uzreiz sev teicu, ka tas ir tie\u0161i tas, kas man \u0161obr\u012bd nepiecie\u0161ams. Es to pierakst\u012bju, un p\u0113c da\u017e\u0101m dien\u0101m es izveidoju savu kontu SELLERLOGIC.&#8221;<\/p><div class=\"theme-block-group-wrap\"><div class=\"theme-wp-block wp-block-group gb-responsive-88118-identifier\">\t\t<div  class=\"theme-wp-block theme-block-user-card gb-responsive-799176-identifier is-style-full-width-line\">\n\t\t<div class=\"wrap-inner-content\">\n\t\t\t<div class=\"card-user-head\">\n\t\t\t\t<div class=\"card-user-avatar\">\n\t\t\t\t\t<div class=\"cover-avatar\" style=\"background-image: url(https:\/\/d2bw95mh2ee04s.cloudfront.net\/prod\/content\/wp-content\/uploads\/2020\/12\/23142718\/luis-gomez_raute.png);\"><\/div>\n\t\t\t\t<\/div>\n\t\t\t\t<div class=\"wrap-title\">\n\t\t\t\t\t<div class=\"card-user-name\">\n\t\t\t\t\t\t<div class=\"title\">\n\t\t\t\t\t\t\t<h3 class=\"heading-text\"><strong>Luis G\u00f3mez<\/strong><\/h3>\n\t\t\t\t\t\t<\/div>\n\t\t\t\t\t\t<div class=\"card-user-position\">\n\t\t\t\t\t\t\t<div class=\"card-text\"><strong>Izpilddirektors pie Dadaro<\/strong><\/div>\n\t\t\t\t\t\t<\/div>\n\t\t\t\t\t<\/div>\n\t\t\t\t\t<div class=\"card-user-quote-icon\">\n\t\t\t\t\t<\/div>\n\t\t\t\t<\/div>\n\t\t\t<\/div>\n\t\t\t<div class=\"card-user-text\">\n\t\t\t\t<div class=\"card-text\"><p>\u201cUz\u0146\u0113mumiem nav nek\u0101 zaud\u0113t, izmantojot \u0161o r\u012bku, es to iesaku visiem Amazon p\u0101rdev\u0113jiem.\u201c<\/p><p><\/p><\/div>\n\t\t\t<\/div>\n\t\t<\/div>\n\t<\/div>\n\n<\/div><\/div><h3 class=\"theme-wp-block wp-block-heading gb-responsive-727373-identifier desktop-gb-has-no-icon xl-gb-has-no-icon lg-gb-has-no-icon md-gb-has-no-icon sm-gb-has-no-icon\">Veiksm\u012bgi rezult\u0101ti ar SELLERLOGIC:<\/h3><p class=\"theme-wp-block gb-responsive-306957-identifier\">Viss s\u0101kum\u0101 bija \u0101tri un viegli, pat neizsaucot pal\u012bdz\u012bbu no SELLERLOGIC klientu apkalpo\u0161anas komandas, saka Luis. &#8220;Re\u0123istr\u0101cijas process bija vienk\u0101r\u0161s, un r\u012bka ievie\u0161ana ir \u013coti vienk\u0101r\u0161a. \u013boti \u012bs\u0101 laik\u0101 s\u0101ka par\u0101d\u012bties pirmie atl\u012bdz\u012bbu gad\u012bjumi. Es nevar\u0113ju tam notic\u0113t, kad redz\u0113ju, ka ir 117 gad\u012bjumi.&#8221;<\/p><p class=\"theme-wp-block gb-responsive-412864-identifier\">&#8220;Fakts, ka esmu automatiz\u0113jis visu FBA dar\u012bjumu izseko\u0161anas un zi\u0146o\u0161anas procesu, ir \u013coti noder\u012bgs, \u012bpa\u0161i \u0161ajos laikos, kuros m\u0113s pa\u0161laik dz\u012bvojam. Inform\u0101cijas kop\u0113\u0161ana un iel\u012bm\u0113\u0161ana, lai zi\u0146otu par saviem pras\u012bbu gad\u012bjumiem Amazon, nekad nav bijusi tik viegla!&#8221;<\/p><p class=\"theme-wp-block gb-responsive-741970-identifier\">&#8220;Bez SELLERLOGIC es neb\u016btu sp\u0113jis sa\u0146emt \u0161o atl\u012bdz\u012bbu 3886,91 \u20ac. \u0160obr\u012bd, \u0146emot v\u0113r\u0101 pa\u0161reiz\u0113jo situ\u0101ciju, ar darba slodzi un vis\u0101m izmai\u0146\u0101m, kas past\u0101v\u012bgi notiek Amazon, man b\u016btu bijis neiesp\u0113jami par\u016bp\u0113ties par \u0161o jaut\u0101jumu,&#8221; skaidro Luis. &#8220;\u0160ajos koronav\u012brusa laikos SELLERLOGIC ir bijis \u012bsts d\u0101vin\u0101jums, es ceru, ka var\u0113\u0161u to izmantot ilgu laiku.&#8221;<\/p><div class=\"theme-wp-block wp-block-buttons gb-responsive-497426-identifier is-layout-flex wp-block-buttons-is-layout-flex\"><div class=\"theme-wp-block wp-block-button gb-responsive-38220-identifier is-style-theme-transparent-with-arrow\"><a class=\"wp-block-button__link wp-element-button\" href=\"https:\/\/d2bw95mh2ee04s.cloudfront.net\/prod\/content\/files\/SUCCESS-STORIES\/EN\/SELLERLOGIC_SN_Success-Story_Dadaro_EN.pdf\" target=\"_blank\" rel=\"noreferrer noopener nofollow\">Lejupiel\u0101d\u0113t tagad!<\/a><\/div><\/div><\/div><div class=\"theme-wp-block wp-block-column gb-responsive-405774-identifier is-layout-flow wp-block-column-is-layout-flow\" style=\"flex-basis:25%\"><\/div><\/div><p class=\"theme-wp-block gb-responsive-527070-identifier\"><\/p>","protected":false},"excerpt":{"rendered":"<p>Fonds:2004 Nozare:Rotaslietas un d\u0101rgmet\u0101li Preces Amazon:aptuveni 1.600 SKUs Nos\u016bt\u012bjumi:aptuveni 700 m\u0113nes\u012b Fons: 2008. gad\u0101 \u0123imenes uz\u0146\u0113mums \u2013 dibin\u0101ts 2004. gad\u0101 un specializ\u0113jies rotaslietu ra\u017eo\u0161an\u0101, ieg\u0101d\u0113 un p\u0101rdo\u0161an\u0101 \u2013 nov\u0113roja, k\u0101 tradicion\u0101lais vairumtirdzniec\u012bbas kan\u0101ls l\u0113n\u0101m tuvojas beig\u0101m. Ekonomisk\u0101s kr\u012bzes un zelta cenas pieauguma d\u0113\u013c samazin\u0101j\u0101s piepras\u012bjums p\u0113c rotaslietu ieg\u0101des, kas negat\u012bvi ietekm\u0113ja vi\u0146u p\u0101rdo\u0161anu. \u0160aj\u0101 br\u012bd\u012b<\/p>\n","protected":false},"author":3,"featured_media":0,"parent":111675,"menu_order":0,"comment_status":"closed","ping_status":"closed","template":"","meta":{"sidebar_recommended_resources":{"data":[]},"sidebar_header_settings":{"hide_buttons":{"register":false}},"_use_new_theme":false,"inline_featured_image":false,"footnotes":""},"class_list":["post-111852","page","type-page","status-publish","hentry"],"yoast_head":"<!-- This site is optimized with the Yoast SEO plugin v26.8 - https:\/\/yoast.com\/product\/yoast-seo-wordpress\/ -->\n<title>K\u0101 Lost &amp; Found pal\u012bdz\u0113ja Dadaro cauri koronas kr\u012bzei | SELLERLOGIC<\/title>\n<meta name=\"description\" content=\"Daudziem p\u0101rdev\u0113jiem 2020. gads bija gr\u016bts gads. Uzziniet, k\u0101 Dadaro izmantoja Lost &amp; Found r\u012bku, lai p\u0101rvald\u012btu kr\u012bzi. Lasiet to tagad!\" \/>\n<meta name=\"robots\" content=\"index, follow, max-snippet:-1, max-image-preview:large, max-video-preview:-1\" \/>\n<link rel=\"canonical\" href=\"https:\/\/www.sellerlogic.com\/lv\/resources\/success-story-dadaro\/\" \/>\n<meta property=\"og:locale\" content=\"lv_LV\" \/>\n<meta property=\"og:type\" content=\"article\" \/>\n<meta property=\"og:title\" content=\"K\u0101 Lost &amp; Found pal\u012bdz\u0113ja Dadaro cauri koronas kr\u012bzei | SELLERLOGIC\" \/>\n<meta property=\"og:description\" content=\"Daudziem p\u0101rdev\u0113jiem 2020. gads bija gr\u016bts gads. Uzziniet, k\u0101 Dadaro izmantoja Lost &amp; Found r\u012bku, lai p\u0101rvald\u012btu kr\u012bzi. Lasiet to tagad!\" \/>\n<meta property=\"og:url\" content=\"https:\/\/www.sellerlogic.com\/lv\/resources\/success-story-dadaro\/\" \/>\n<meta property=\"og:site_name\" content=\"SELLERLOGIC - Smarte Tools f\u00fcr Amazon-Seller\" \/>\n<meta property=\"article:publisher\" content=\"https:\/\/www.facebook.com\/SellerLogic\/\" \/>\n<meta property=\"og:image\" content=\"https:\/\/www.sellerlogic.com\/wp-content\/uploads\/2020\/12\/logo-monde-petit.png\" \/>\n<meta name=\"twitter:card\" content=\"summary_large_image\" \/>\n<meta name=\"twitter:site\" content=\"@sellerlogic\" \/>\n<meta name=\"twitter:label1\" content=\"Est. reading time\" \/>\n\t<meta name=\"twitter:data1\" content=\"3 minutes\" \/>\n<script type=\"application\/ld+json\" class=\"yoast-schema-graph\">{\"@context\":\"https:\/\/schema.org\",\"@graph\":[{\"@type\":\"WebPage\",\"@id\":\"https:\/\/www.sellerlogic.com\/lv\/resources\/success-story-dadaro\/\",\"url\":\"https:\/\/www.sellerlogic.com\/lv\/resources\/success-story-dadaro\/\",\"name\":\"K\u0101 Lost & Found pal\u012bdz\u0113ja Dadaro cauri koronas kr\u012bzei | SELLERLOGIC\",\"isPartOf\":{\"@id\":\"https:\/\/www.sellerlogic.com\/lv\/#website\"},\"primaryImageOfPage\":{\"@id\":\"https:\/\/www.sellerlogic.com\/lv\/resources\/success-story-dadaro\/#primaryimage\"},\"image\":{\"@id\":\"https:\/\/www.sellerlogic.com\/lv\/resources\/success-story-dadaro\/#primaryimage\"},\"thumbnailUrl\":\"https:\/\/www.sellerlogic.com\/wp-content\/uploads\/2020\/12\/logo-monde-petit.png\",\"datePublished\":\"2020-12-22T10:05:12+00:00\",\"description\":\"Daudziem p\u0101rdev\u0113jiem 2020. gads bija gr\u016bts gads. Uzziniet, k\u0101 Dadaro izmantoja Lost & Found r\u012bku, lai p\u0101rvald\u012btu kr\u012bzi. Lasiet to tagad!\",\"breadcrumb\":{\"@id\":\"https:\/\/www.sellerlogic.com\/lv\/resources\/success-story-dadaro\/#breadcrumb\"},\"inLanguage\":\"lv\",\"potentialAction\":[{\"@type\":\"ReadAction\",\"target\":[\"https:\/\/www.sellerlogic.com\/lv\/resources\/success-story-dadaro\/\"]}]},{\"@type\":\"ImageObject\",\"inLanguage\":\"lv\",\"@id\":\"https:\/\/www.sellerlogic.com\/lv\/resources\/success-story-dadaro\/#primaryimage\",\"url\":\"https:\/\/www.sellerlogic.com\/wp-content\/uploads\/2020\/12\/logo-monde-petit.png\",\"contentUrl\":\"https:\/\/www.sellerlogic.com\/wp-content\/uploads\/2020\/12\/logo-monde-petit.png\"},{\"@type\":\"BreadcrumbList\",\"@id\":\"https:\/\/www.sellerlogic.com\/lv\/resources\/success-story-dadaro\/#breadcrumb\",\"itemListElement\":[{\"@type\":\"ListItem\",\"position\":1,\"name\":\"Home\",\"item\":\"https:\/\/www.sellerlogic.com\/lv\/\"},{\"@type\":\"ListItem\",\"position\":2,\"name\":\"Resursi EN\",\"item\":\"https:\/\/www.sellerlogic.com\/lv\/resources\/\"},{\"@type\":\"ListItem\",\"position\":3,\"name\":\"Veiksm\u012bga st\u0101sts: Dadaro EN\"}]},{\"@type\":\"WebSite\",\"@id\":\"https:\/\/www.sellerlogic.com\/lv\/#website\",\"url\":\"https:\/\/www.sellerlogic.com\/lv\/\",\"name\":\"SELLERLOGIC - Smarte Tools f\u00fcr Amazon-Seller\",\"description\":\"Intelligente Prozessoptimierung und Gewinnmaximierung\",\"publisher\":{\"@id\":\"https:\/\/www.sellerlogic.com\/lv\/#organization\"},\"potentialAction\":[{\"@type\":\"SearchAction\",\"target\":{\"@type\":\"EntryPoint\",\"urlTemplate\":\"https:\/\/www.sellerlogic.com\/lv\/?s={search_term_string}\"},\"query-input\":{\"@type\":\"PropertyValueSpecification\",\"valueRequired\":true,\"valueName\":\"search_term_string\"}}],\"inLanguage\":\"lv\"},{\"@type\":\"Organization\",\"@id\":\"https:\/\/www.sellerlogic.com\/lv\/#organization\",\"name\":\"SELLERLOGIC\",\"url\":\"https:\/\/www.sellerlogic.com\/lv\/\",\"logo\":{\"@type\":\"ImageObject\",\"inLanguage\":\"lv\",\"@id\":\"https:\/\/www.sellerlogic.com\/lv\/#\/schema\/logo\/image\/\",\"url\":\"https:\/\/d2bw95mh2ee04s.cloudfront.net\/prod\/content\/wp-content\/uploads\/2025\/01\/02134814\/Property-Logo-Main.svg\",\"contentUrl\":\"https:\/\/d2bw95mh2ee04s.cloudfront.net\/prod\/content\/wp-content\/uploads\/2025\/01\/02134814\/Property-Logo-Main.svg\",\"width\":184,\"height\":40,\"caption\":\"SELLERLOGIC\"},\"image\":{\"@id\":\"https:\/\/www.sellerlogic.com\/lv\/#\/schema\/logo\/image\/\"},\"sameAs\":[\"https:\/\/www.facebook.com\/SellerLogic\/\",\"https:\/\/x.com\/sellerlogic\",\"https:\/\/www.instagram.com\/sellerlogic\/\",\"https:\/\/www.linkedin.com\/company\/18402037\/\",\"https:\/\/www.youtube.com\/channel\/UC-gULUur-fNj08sprantKsQ\"]}]}<\/script>\n<!-- \/ Yoast SEO plugin. -->","yoast_head_json":{"title":"K\u0101 Lost & Found pal\u012bdz\u0113ja Dadaro cauri koronas kr\u012bzei | SELLERLOGIC","description":"Daudziem p\u0101rdev\u0113jiem 2020. gads bija gr\u016bts gads. Uzziniet, k\u0101 Dadaro izmantoja Lost & Found r\u012bku, lai p\u0101rvald\u012btu kr\u012bzi. Lasiet to tagad!","robots":{"index":"index","follow":"follow","max-snippet":"max-snippet:-1","max-image-preview":"max-image-preview:large","max-video-preview":"max-video-preview:-1"},"canonical":"https:\/\/www.sellerlogic.com\/lv\/resources\/success-story-dadaro\/","og_locale":"lv_LV","og_type":"article","og_title":"K\u0101 Lost & Found pal\u012bdz\u0113ja Dadaro cauri koronas kr\u012bzei | SELLERLOGIC","og_description":"Daudziem p\u0101rdev\u0113jiem 2020. gads bija gr\u016bts gads. Uzziniet, k\u0101 Dadaro izmantoja Lost & Found r\u012bku, lai p\u0101rvald\u012btu kr\u012bzi. Lasiet to tagad!","og_url":"https:\/\/www.sellerlogic.com\/lv\/resources\/success-story-dadaro\/","og_site_name":"SELLERLOGIC - Smarte Tools f\u00fcr Amazon-Seller","article_publisher":"https:\/\/www.facebook.com\/SellerLogic\/","og_image":[{"url":"https:\/\/www.sellerlogic.com\/wp-content\/uploads\/2020\/12\/logo-monde-petit.png","type":"","width":"","height":""}],"twitter_card":"summary_large_image","twitter_site":"@sellerlogic","twitter_misc":{"Est. reading time":"3 minutes"},"schema":{"@context":"https:\/\/schema.org","@graph":[{"@type":"WebPage","@id":"https:\/\/www.sellerlogic.com\/lv\/resources\/success-story-dadaro\/","url":"https:\/\/www.sellerlogic.com\/lv\/resources\/success-story-dadaro\/","name":"K\u0101 Lost & Found pal\u012bdz\u0113ja Dadaro cauri koronas kr\u012bzei | SELLERLOGIC","isPartOf":{"@id":"https:\/\/www.sellerlogic.com\/lv\/#website"},"primaryImageOfPage":{"@id":"https:\/\/www.sellerlogic.com\/lv\/resources\/success-story-dadaro\/#primaryimage"},"image":{"@id":"https:\/\/www.sellerlogic.com\/lv\/resources\/success-story-dadaro\/#primaryimage"},"thumbnailUrl":"https:\/\/www.sellerlogic.com\/wp-content\/uploads\/2020\/12\/logo-monde-petit.png","datePublished":"2020-12-22T10:05:12+00:00","description":"Daudziem p\u0101rdev\u0113jiem 2020. gads bija gr\u016bts gads. Uzziniet, k\u0101 Dadaro izmantoja Lost & Found r\u012bku, lai p\u0101rvald\u012btu kr\u012bzi. Lasiet to tagad!","breadcrumb":{"@id":"https:\/\/www.sellerlogic.com\/lv\/resources\/success-story-dadaro\/#breadcrumb"},"inLanguage":"lv","potentialAction":[{"@type":"ReadAction","target":["https:\/\/www.sellerlogic.com\/lv\/resources\/success-story-dadaro\/"]}]},{"@type":"ImageObject","inLanguage":"lv","@id":"https:\/\/www.sellerlogic.com\/lv\/resources\/success-story-dadaro\/#primaryimage","url":"https:\/\/www.sellerlogic.com\/wp-content\/uploads\/2020\/12\/logo-monde-petit.png","contentUrl":"https:\/\/www.sellerlogic.com\/wp-content\/uploads\/2020\/12\/logo-monde-petit.png"},{"@type":"BreadcrumbList","@id":"https:\/\/www.sellerlogic.com\/lv\/resources\/success-story-dadaro\/#breadcrumb","itemListElement":[{"@type":"ListItem","position":1,"name":"Home","item":"https:\/\/www.sellerlogic.com\/lv\/"},{"@type":"ListItem","position":2,"name":"Resursi EN","item":"https:\/\/www.sellerlogic.com\/lv\/resources\/"},{"@type":"ListItem","position":3,"name":"Veiksm\u012bga st\u0101sts: Dadaro EN"}]},{"@type":"WebSite","@id":"https:\/\/www.sellerlogic.com\/lv\/#website","url":"https:\/\/www.sellerlogic.com\/lv\/","name":"SELLERLOGIC - Smarte Tools f\u00fcr Amazon-Seller","description":"Intelligente Prozessoptimierung und Gewinnmaximierung","publisher":{"@id":"https:\/\/www.sellerlogic.com\/lv\/#organization"},"potentialAction":[{"@type":"SearchAction","target":{"@type":"EntryPoint","urlTemplate":"https:\/\/www.sellerlogic.com\/lv\/?s={search_term_string}"},"query-input":{"@type":"PropertyValueSpecification","valueRequired":true,"valueName":"search_term_string"}}],"inLanguage":"lv"},{"@type":"Organization","@id":"https:\/\/www.sellerlogic.com\/lv\/#organization","name":"SELLERLOGIC","url":"https:\/\/www.sellerlogic.com\/lv\/","logo":{"@type":"ImageObject","inLanguage":"lv","@id":"https:\/\/www.sellerlogic.com\/lv\/#\/schema\/logo\/image\/","url":"https:\/\/d2bw95mh2ee04s.cloudfront.net\/prod\/content\/wp-content\/uploads\/2025\/01\/02134814\/Property-Logo-Main.svg","contentUrl":"https:\/\/d2bw95mh2ee04s.cloudfront.net\/prod\/content\/wp-content\/uploads\/2025\/01\/02134814\/Property-Logo-Main.svg","width":184,"height":40,"caption":"SELLERLOGIC"},"image":{"@id":"https:\/\/www.sellerlogic.com\/lv\/#\/schema\/logo\/image\/"},"sameAs":["https:\/\/www.facebook.com\/SellerLogic\/","https:\/\/x.com\/sellerlogic","https:\/\/www.instagram.com\/sellerlogic\/","https:\/\/www.linkedin.com\/company\/18402037\/","https:\/\/www.youtube.com\/channel\/UC-gULUur-fNj08sprantKsQ"]}]}},"_links":{"self":[{"href":"https:\/\/www.sellerlogic.com\/lv\/wp-json\/wp\/v2\/pages\/111852","targetHints":{"allow":["GET"]}}],"collection":[{"href":"https:\/\/www.sellerlogic.com\/lv\/wp-json\/wp\/v2\/pages"}],"about":[{"href":"https:\/\/www.sellerlogic.com\/lv\/wp-json\/wp\/v2\/types\/page"}],"author":[{"embeddable":true,"href":"https:\/\/www.sellerlogic.com\/lv\/wp-json\/wp\/v2\/users\/3"}],"replies":[{"embeddable":true,"href":"https:\/\/www.sellerlogic.com\/lv\/wp-json\/wp\/v2\/comments?post=111852"}],"version-history":[{"count":0,"href":"https:\/\/www.sellerlogic.com\/lv\/wp-json\/wp\/v2\/pages\/111852\/revisions"}],"up":[{"embeddable":true,"href":"https:\/\/www.sellerlogic.com\/lv\/wp-json\/wp\/v2\/pages\/111675"}],"wp:attachment":[{"href":"https:\/\/www.sellerlogic.com\/lv\/wp-json\/wp\/v2\/media?parent=111852"}],"curies":[{"name":"wp","href":"https:\/\/api.w.org\/{rel}","templated":true}]}}