
{"id":111888,"date":"2020-12-21T10:32:03","date_gmt":"2020-12-21T10:32:03","guid":{"rendered":"https:\/\/127.0.0.1\/resources\/success-story-univers-cake\/"},"modified":"2020-12-21T10:32:03","modified_gmt":"2020-12-21T10:32:03","slug":"success-story-univers-cake","status":"publish","type":"page","link":"https:\/\/www.sellerlogic.com\/lv\/resources\/success-story-univers-cake\/","title":{"rendered":"Veiksm\u012bga st\u0101sts: Univers Cake EN"},"content":{"rendered":"\n\t<div  class=\"theme-wp-block theme-block-main-header is-style-full-height desktop-align-full xl-align-full lg-align-full md-align-full sm-align-full desktop-content-align-y-center desktop-content-align-x-center xl-content-align-y-center xl-content-align-x-center lg-content-align-y-center lg-content-align-x-center md-content-align-y-center md-content-align-x-center sm-content-align-y-center sm-content-align-x-center gb-responsive-131969-identifier theme-block-cover\">\n\t\t<div class=\"bg-cover theme-lazy-load-bg\"><\/div>\n\t\t<div class=\"wrap-content-main-header\">\n\t\t\t\t\t<div  class=\"theme-wp-block theme-block-text-and-text desktop-blockDirection-row xl-blockDirection-row lg-blockDirection-row md-blockDirection-row sm-blockDirection-row gb-responsive-2306-identifier desktop-vertical-top xl-vertical-top lg-vertical-top md-vertical-top sm-vertical-top desktop-align-wide xl-align-wide lg-align-wide md-align-wide sm-align-wide\">\n\t\t<div class=\"tat-column-wrap-wrapper\">\n\t\t\t<div class=\"tat-column-wrapper\">\n\t\t\t\t\t<div  class=\"theme-wp-block theme-block-text-and-text-column gb-responsive-708373-identifier desktop-horizontal-center xl-horizontal-center lg-horizontal-center md-horizontal-center sm-horizontal-center\">\n\t\t<div class=\"inner-wrap-column-content\">\n\t\t\t<div class=\"inner-column-content\">\n\t\t\t\t\t\t<h1  class=\"theme-wp-block theme-block-heading is-style-default desktop-text-center xl-text-center lg-text-center md-text-center sm-text-center gb-responsive-813454-identifier desktop-align-wide xl-align-wide lg-align-wide md-align-wide sm-align-wide alignwide h1 has-text-align\">\n\t\t&#8220;M\u0113s maks\u0101jam par Repricer ar m\u016bsu zaud\u0113to un atrasto atl\u012bdz\u012bb\u0101m!&#8221;\t<\/h1>\n\n\t\t\t<\/div>\n\t\t<\/div>\n\t<\/div>\n\t<div  class=\"theme-wp-block theme-block-text-and-text-column gb-responsive-976923-identifier\">\n\t\t<div class=\"inner-wrap-column-content\">\n\t\t\t<div class=\"inner-column-content\">\n\t\t\t\t\t\t\t<\/div>\n\t\t<\/div>\n\t<\/div>\n\t\t\t<\/div>\n\t\t<\/div>\n\t<\/div>\n\n\t\t<\/div>\n\t<\/div>\n\n<div style=\"height:50px\" aria-hidden=\"true\" class=\"theme-wp-block wp-block-spacer\"><\/div><div class=\"theme-wp-block wp-block-columns gb-responsive-990644-identifier is-layout-flex wp-container-core-columns-is-layout-9d6595d7 wp-block-columns-is-layout-flex\"><div class=\"theme-wp-block wp-block-column gb-responsive-865237-identifier is-layout-flow wp-block-column-is-layout-flow\" style=\"flex-basis:25%\"><figure class=\"theme-wp-block wp-block-image size-large is-resized gb-responsive-62921-identifier\"><img decoding=\"async\" src=\"https:\/\/d2bw95mh2ee04s.cloudfront.net\/prod\/content\/wp-content\/uploads\/2020\/12\/23142710\/logo_univers-cake-neu.png\" alt=\"Veiksm\u012bga st\u0101sts: Univers Cake EN\" class=\"wp-image-5630\" width=\"301\" height=\"54\" srcset=\"https:\/\/d2bw95mh2ee04s.cloudfront.net\/prod\/content\/wp-content\/uploads\/2020\/12\/23142710\/logo_univers-cake-neu-407x72.png 407w, https:\/\/d2bw95mh2ee04s.cloudfront.net\/prod\/content\/wp-content\/uploads\/2020\/12\/23142710\/logo_univers-cake-neu.png 576w\" sizes=\"(max-width: 301px) 100vw, 301px\" \/><\/figure><p class=\"theme-wp-block gb-responsive-904737-identifier\"><strong>Izveidots:<\/strong><br>2016<\/p><p class=\"theme-wp-block gb-responsive-263844-identifier\"><strong>Nozare:<\/strong><br>Maizn\u012bca un konditoreja <\/p><p class=\"theme-wp-block gb-responsive-644265-identifier\"><strong>Preces, kas pieejamas Amazon: <\/strong><br>apm\u0113ram 3,000 SKU<\/p><p class=\"theme-wp-block gb-responsive-788481-identifier\"><strong>Nos\u016bt\u012bjumi: <\/strong><br>aptuveni 850 \/ m\u0113nes\u012b<\/p><\/div><div class=\"theme-wp-block wp-block-column gb-responsive-41122-identifier is-layout-flow wp-block-column-is-layout-flow\" style=\"flex-basis:50%\"><h3 class=\"theme-wp-block wp-block-heading gb-responsive-34353-identifier\" id=\"block-c06fce04-ef87-4ffc-a3d6-b768ba377d17\">Fons:<\/h3><p class=\"theme-wp-block gb-responsive-772271-identifier\">T\u012bmek\u013ca a\u0123ent\u016bra UP\u2018NBOOST veiksm\u012bgi iek\u013c\u0101v\u0101s maizn\u012bcas un konditorejas tirg\u016b ar savu z\u012bmolu &#8220;Univers Cake&#8221;. UP\u2018NBOOST s\u0101kotn\u0113ji izstr\u0101d\u0101ja Univers Cake koncepciju klientam, kur\u0161 galu gal\u0101 nesp\u0113ja \u012bstenot ideju laika tr\u016bkuma d\u0113\u013c. A\u0123ent\u016bra, kas stingri tic\u0113ja savas rad\u012bt\u0101s koncepcijas potenci\u0101lam, nol\u0113ma \u012bstenot Univers Cake pati. Dr\u012bz k\u013cuva skaidrs, ka z\u012bmolam ir liels potenci\u0101ls &#8211; \u012bpa\u0161i Amazon. P\u0101rdo\u0161ana s\u0101ka strauji pieaugt tie\u0161saistes tirg\u016b.<\/p><h3 class=\"theme-wp-block wp-block-heading gb-responsive-530046-identifier\">K\u0101 viss s\u0101k\u0101s:<\/h3><p class=\"theme-wp-block gb-responsive-266688-identifier\">\u017danam-Bernardam Freymannam, UP\u2018NBOOST l\u012bdzdirektoram, no pa\u0161a s\u0101kuma bija skaidrs, ka liel\u0101kais izaicin\u0101jums b\u016bs ietaup\u012bt p\u0113c iesp\u0113jas vair\u0101k laika. \u012apa\u0161i, ja p\u0101rdodat vair\u0101k nek\u0101 1,500 produktus \u013coti konkur\u0113tsp\u0113j\u012bg\u0101 vid\u0113 bez z\u012bmola. &#8220;Mums bija j\u0101uztur m\u016bsu pe\u013c\u0146as normas neskatoties uz apst\u0101k\u013ciem,&#8221; saka Freymann. &#8220;Mums ir liels konkurentu skaits Amazon, kuri p\u0101rdod tie\u0161i to pa\u0161u produktu. T\u0101p\u0113c galvenais faktors ir cena. \u0160\u0101d\u0101 situ\u0101cij\u0101 ir gandr\u012bz neiesp\u0113jami manu\u0101li sekot l\u012bdzi konkurencei.&#8221;<\/p><p class=\"theme-wp-block gb-responsive-243429-identifier\">\u0160ajos apst\u0101k\u013cos n\u0101kamais lo\u0123iskais solis bija ne tikai izmantot Amazon izpildi (FBA), bet ar\u012b repriceru, lai saglab\u0101tu konkur\u0113tsp\u0113ju un notur\u0113tu Buy Box da\u013cu augst\u0101 l\u012bmen\u012b. Pirms UP\u2018NBOOST atkl\u0101ja SELLERLOGIC, a\u0123ent\u016bra jau bija izmantojusi citus repricerus, kuri tom\u0113r nesp\u0113ja vi\u0146us p\u0101rliecin\u0101t tehniski vai ekonomiski.<\/p><h3 class=\"theme-wp-block wp-block-heading gb-responsive-749842-identifier\">Risin\u0101jums:<\/h3><p class=\"theme-wp-block gb-responsive-190699-identifier\">&#8220;Jom\u0101, kur pe\u013c\u0146as normas parasti ir zemas, m\u0113s \u0146\u0113m\u0101m v\u0113r\u0101 ne tikai Repricer priek\u0161roc\u012bbas, bet ar\u012b t\u0101s izmaksas k\u0101 pan\u0101kumu atsl\u0113gu,&#8221; skaidro Freymann. &#8220;P\u0113c da\u017e\u0101du risin\u0101jumu apskat\u012b\u0161anas, SELLERLOGIC m\u016bs p\u0101rliecin\u0101ja ne tikai ar savu cenu, bet ar\u012b ar \u012bpa\u0161\u0101m funkcij\u0101m, piem\u0113ram, iesp\u0113ju piem\u0113rot da\u017e\u0101das cenu piel\u0101go\u0161anas strat\u0113\u0123ijas konkr\u0113t\u0101m produktu grup\u0101m.&#8221;<\/p><p class=\"theme-wp-block gb-responsive-680671-identifier\">UP\u2018NBOOST ir ar\u012b ieviesusi otro SELLERLOGIC r\u012bku: Lost &#038; Found tagad uzrauga visus FBA procesus un uzticami zi\u0146o par jebkur\u0101m neatbilst\u012bb\u0101m, kas atrastas Amazon lo\u0123istikas centros, \u013caujot \u0101tri un vienk\u0101r\u0161i iesniegt atmaksas pieteikumus.<\/p><div class=\"theme-block-group-wrap\"><div class=\"theme-wp-block wp-block-group gb-responsive-88118-identifier\">\t\t<div  class=\"theme-wp-block theme-block-user-card gb-responsive-799176-identifier is-style-full-width-line\">\n\t\t<div class=\"wrap-inner-content\">\n\t\t\t<div class=\"card-user-head\">\n\t\t\t\t<div class=\"card-user-avatar\">\n\t\t\t\t\t<div class=\"cover-avatar\" style=\"background-image: url(https:\/\/d2bw95mh2ee04s.cloudfront.net\/prod\/content\/wp-content\/uploads\/2020\/12\/23142710\/portrait_univers-cake_raute.png);\"><\/div>\n\t\t\t\t<\/div>\n\t\t\t\t<div class=\"wrap-title\">\n\t\t\t\t\t<div class=\"card-user-name\">\n\t\t\t\t\t\t<div class=\"title\">\n\t\t\t\t\t\t\t<h3 class=\"heading-text\"><strong>\u017dans-Bernards Freymanns<\/strong><\/h3>\n\t\t\t\t\t\t<\/div>\n\t\t\t\t\t\t<div class=\"card-user-position\">\n\t\t\t\t\t\t\t<div class=\"card-text\"><strong>L\u012bdzdirektors UP&#8217;NBOOST<\/strong><\/div>\n\t\t\t\t\t\t<\/div>\n\t\t\t\t\t<\/div>\n\t\t\t\t\t<div class=\"card-user-quote-icon\">\n\t\t\t\t\t<\/div>\n\t\t\t\t<\/div>\n\t\t\t<\/div>\n\t\t\t<div class=\"card-user-text\">\n\t\t\t\t<div class=\"card-text\"><p>\u201cAr FBA atmaksu, ko sa\u0146emam, pateicoties otrajam SELLERLOGIC r\u012bkam, m\u0113s varam finans\u0113t Repricer!\u201d<\/p><\/div>\n\t\t\t<\/div>\n\t\t<\/div>\n\t<\/div>\n\n<\/div><\/div><h3 class=\"theme-wp-block wp-block-heading gb-responsive-260858-identifier\">Veiksm\u012bga SELLERLOGIC:<\/h3><p class=\"theme-wp-block gb-responsive-566423-identifier\">&#8220;Iestat\u012b\u0161ana bija diezgan vienk\u0101r\u0161a: mums bija j\u0101import\u0113 tikai viens fails ar visiem m\u016bsu produktiem un attiec\u012bgaj\u0101m minim\u0101laj\u0101m un maksim\u0101laj\u0101m cen\u0101m. Imports bija \u0101trs un vienk\u0101r\u0161s. Da\u017eu stundu laik\u0101 SELLERLOGIC Repricer bija gatavs darbam,&#8221; apstiprina Freymann. &#8220;Abi r\u012bki ietaupa mums milz\u012bgu laiku.&#8221;<\/p><p class=\"theme-wp-block gb-responsive-468554-identifier desktop-gb-has-no-icon xl-gb-has-no-icon lg-gb-has-no-icon md-gb-has-no-icon sm-gb-has-no-icon\">Turkl\u0101t UP\u2018NBOOST sp\u0113ja samazin\u0101t izmaksas, izmantojot Repricer, un taj\u0101 pa\u0161\u0101 laik\u0101 palielin\u0101t Univers Cake produktu p\u0101rdo\u0161anu, paaugstinot Buy Box da\u013cas un izmantojot da\u017e\u0101das SELLERLOGIC Repricer strat\u0113\u0123ijas. &#8220;Bet lab\u0101kais ir tas, ka Lost &#038; Found \u013cauj mums kompens\u0113t cenu piel\u0101go\u0161anas izmaksas,&#8221; priec\u012bgi saka Freymann.<\/p><p class=\"theme-wp-block gb-responsive-469189-identifier\">&#8220;Turkl\u0101t SELLERLOGIC klientu apkalpo\u0161anas komanda ir kompetenta un \u0101tri rea\u0123\u0113 uz jaut\u0101jumiem. Sadarb\u012bba ar labi struktur\u0113tu un klientu orient\u0113tu V\u0101cijas uz\u0146\u0113mumu mums ir \u013coti nomierino\u0161a,&#8221; apstiprina Freymann.<\/p><div class=\"theme-wp-block wp-block-buttons gb-responsive-497426-identifier is-layout-flex wp-block-buttons-is-layout-flex\"><div class=\"theme-wp-block wp-block-button gb-responsive-38220-identifier is-style-theme-transparent-with-arrow\"><a class=\"wp-block-button__link wp-element-button\" href=\"https:\/\/d2bw95mh2ee04s.cloudfront.net\/prod\/content\/files\/SUCCESS-STORIES\/EN\/SELLERLOGIC_SN_Success-Story_Univers-Cake_EN.pdf\" target=\"_blank\" rel=\"noreferrer noopener nofollow\">Lejupiel\u0101d\u0113t tagad!<\/a><\/div><\/div><\/div><div class=\"theme-wp-block wp-block-column gb-responsive-472466-identifier is-layout-flow wp-block-column-is-layout-flow\" style=\"flex-basis:25%\"><\/div><\/div>","protected":false},"excerpt":{"rendered":"<p>Izveidots:2016 Nozare:Maizn\u012bca un konditoreja Preces, kas pieejamas Amazon: apm\u0113ram 3,000 SKU Nos\u016bt\u012bjumi: aptuveni 850 \/ m\u0113nes\u012b Fons: T\u012bmek\u013ca a\u0123ent\u016bra UP\u2018NBOOST veiksm\u012bgi iek\u013c\u0101v\u0101s maizn\u012bcas un konditorejas tirg\u016b ar savu z\u012bmolu &#8220;Univers Cake&#8221;. UP\u2018NBOOST s\u0101kotn\u0113ji izstr\u0101d\u0101ja Univers Cake koncepciju klientam, kur\u0161 galu gal\u0101 nesp\u0113ja \u012bstenot ideju laika tr\u016bkuma d\u0113\u013c. A\u0123ent\u016bra, kas stingri tic\u0113ja savas rad\u012bt\u0101s koncepcijas potenci\u0101lam,<\/p>\n","protected":false},"author":3,"featured_media":5625,"parent":111675,"menu_order":0,"comment_status":"closed","ping_status":"closed","template":"","meta":{"sidebar_recommended_resources":{"data":[]},"sidebar_header_settings":{"hide_buttons":{"register":false}},"_use_new_theme":false,"inline_featured_image":false,"footnotes":""},"class_list":["post-111888","page","type-page","status-publish","has-post-thumbnail","hentry"],"yoast_head":"<!-- This site is optimized with the Yoast SEO plugin v26.8 - https:\/\/yoast.com\/product\/yoast-seo-wordpress\/ -->\n<title>T\u0101 darbojas Repricer un Lost &amp; Found kop\u0101! | SELLERLOGIC<\/title>\n<meta name=\"description\" content=\"Pateicoties Lost &amp; Found, UP&#039;NBOOST maks\u0101 par Repricer ar FBA atmaks\u0101m, ko vi\u0146i sa\u0146em. \u012apa\u0161s veiksm\u012bgs st\u0101sts!\" \/>\n<meta name=\"robots\" content=\"index, follow, max-snippet:-1, max-image-preview:large, max-video-preview:-1\" \/>\n<link rel=\"canonical\" href=\"https:\/\/www.sellerlogic.com\/lv\/resources\/success-story-univers-cake\/\" \/>\n<meta property=\"og:locale\" content=\"lv_LV\" \/>\n<meta property=\"og:type\" content=\"article\" \/>\n<meta property=\"og:title\" content=\"T\u0101 darbojas Repricer un Lost &amp; Found kop\u0101! | SELLERLOGIC\" \/>\n<meta property=\"og:description\" content=\"Pateicoties Lost &amp; Found, UP&#039;NBOOST maks\u0101 par Repricer ar FBA atmaks\u0101m, ko vi\u0146i sa\u0146em. \u012apa\u0161s veiksm\u012bgs st\u0101sts!\" \/>\n<meta property=\"og:url\" content=\"https:\/\/www.sellerlogic.com\/lv\/resources\/success-story-univers-cake\/\" \/>\n<meta property=\"og:site_name\" content=\"SELLERLOGIC - Smarte Tools f\u00fcr Amazon-Seller\" \/>\n<meta property=\"article:publisher\" content=\"https:\/\/www.facebook.com\/SellerLogic\/\" \/>\n<meta property=\"og:image\" content=\"https:\/\/d2bw95mh2ee04s.cloudfront.net\/prod\/content\/wp-content\/uploads\/2020\/12\/23142710\/success-story-univers-cake-header-scaled.jpeg\" \/>\n\t<meta property=\"og:image:width\" content=\"2560\" \/>\n\t<meta property=\"og:image:height\" content=\"1107\" \/>\n\t<meta property=\"og:image:type\" content=\"image\/jpeg\" \/>\n<meta name=\"twitter:card\" content=\"summary_large_image\" \/>\n<meta name=\"twitter:site\" content=\"@sellerlogic\" \/>\n<meta name=\"twitter:label1\" content=\"Est. reading time\" \/>\n\t<meta name=\"twitter:data1\" content=\"3 minutes\" \/>\n<script type=\"application\/ld+json\" class=\"yoast-schema-graph\">{\"@context\":\"https:\/\/schema.org\",\"@graph\":[{\"@type\":\"WebPage\",\"@id\":\"https:\/\/www.sellerlogic.com\/lv\/resources\/success-story-univers-cake\/\",\"url\":\"https:\/\/www.sellerlogic.com\/lv\/resources\/success-story-univers-cake\/\",\"name\":\"T\u0101 darbojas Repricer un Lost & Found kop\u0101! | SELLERLOGIC\",\"isPartOf\":{\"@id\":\"https:\/\/www.sellerlogic.com\/lv\/#website\"},\"primaryImageOfPage\":{\"@id\":\"https:\/\/www.sellerlogic.com\/lv\/resources\/success-story-univers-cake\/#primaryimage\"},\"image\":{\"@id\":\"https:\/\/www.sellerlogic.com\/lv\/resources\/success-story-univers-cake\/#primaryimage\"},\"thumbnailUrl\":\"https:\/\/d2bw95mh2ee04s.cloudfront.net\/prod\/content\/wp-content\/uploads\/2020\/12\/23142710\/success-story-univers-cake-header-scaled.jpeg\",\"datePublished\":\"2020-12-21T10:32:03+00:00\",\"description\":\"Pateicoties Lost & Found, UP'NBOOST maks\u0101 par Repricer ar FBA atmaks\u0101m, ko vi\u0146i sa\u0146em. \u012apa\u0161s veiksm\u012bgs st\u0101sts!\",\"breadcrumb\":{\"@id\":\"https:\/\/www.sellerlogic.com\/lv\/resources\/success-story-univers-cake\/#breadcrumb\"},\"inLanguage\":\"lv\",\"potentialAction\":[{\"@type\":\"ReadAction\",\"target\":[\"https:\/\/www.sellerlogic.com\/lv\/resources\/success-story-univers-cake\/\"]}]},{\"@type\":\"ImageObject\",\"inLanguage\":\"lv\",\"@id\":\"https:\/\/www.sellerlogic.com\/lv\/resources\/success-story-univers-cake\/#primaryimage\",\"url\":\"https:\/\/d2bw95mh2ee04s.cloudfront.net\/prod\/content\/wp-content\/uploads\/2020\/12\/23142710\/success-story-univers-cake-header-scaled.jpeg\",\"contentUrl\":\"https:\/\/d2bw95mh2ee04s.cloudfront.net\/prod\/content\/wp-content\/uploads\/2020\/12\/23142710\/success-story-univers-cake-header-scaled.jpeg\",\"width\":2560,\"height\":1107,\"caption\":\"Success Story: Univers Cake\"},{\"@type\":\"BreadcrumbList\",\"@id\":\"https:\/\/www.sellerlogic.com\/lv\/resources\/success-story-univers-cake\/#breadcrumb\",\"itemListElement\":[{\"@type\":\"ListItem\",\"position\":1,\"name\":\"Home\",\"item\":\"https:\/\/www.sellerlogic.com\/lv\/\"},{\"@type\":\"ListItem\",\"position\":2,\"name\":\"Resursi EN\",\"item\":\"https:\/\/www.sellerlogic.com\/lv\/resources\/\"},{\"@type\":\"ListItem\",\"position\":3,\"name\":\"Veiksm\u012bga st\u0101sts: Univers Cake EN\"}]},{\"@type\":\"WebSite\",\"@id\":\"https:\/\/www.sellerlogic.com\/lv\/#website\",\"url\":\"https:\/\/www.sellerlogic.com\/lv\/\",\"name\":\"SELLERLOGIC - Smarte Tools f\u00fcr Amazon-Seller\",\"description\":\"Intelligente Prozessoptimierung und Gewinnmaximierung\",\"publisher\":{\"@id\":\"https:\/\/www.sellerlogic.com\/lv\/#organization\"},\"potentialAction\":[{\"@type\":\"SearchAction\",\"target\":{\"@type\":\"EntryPoint\",\"urlTemplate\":\"https:\/\/www.sellerlogic.com\/lv\/?s={search_term_string}\"},\"query-input\":{\"@type\":\"PropertyValueSpecification\",\"valueRequired\":true,\"valueName\":\"search_term_string\"}}],\"inLanguage\":\"lv\"},{\"@type\":\"Organization\",\"@id\":\"https:\/\/www.sellerlogic.com\/lv\/#organization\",\"name\":\"SELLERLOGIC\",\"url\":\"https:\/\/www.sellerlogic.com\/lv\/\",\"logo\":{\"@type\":\"ImageObject\",\"inLanguage\":\"lv\",\"@id\":\"https:\/\/www.sellerlogic.com\/lv\/#\/schema\/logo\/image\/\",\"url\":\"https:\/\/d2bw95mh2ee04s.cloudfront.net\/prod\/content\/wp-content\/uploads\/2025\/01\/02134814\/Property-Logo-Main.svg\",\"contentUrl\":\"https:\/\/d2bw95mh2ee04s.cloudfront.net\/prod\/content\/wp-content\/uploads\/2025\/01\/02134814\/Property-Logo-Main.svg\",\"width\":184,\"height\":40,\"caption\":\"SELLERLOGIC\"},\"image\":{\"@id\":\"https:\/\/www.sellerlogic.com\/lv\/#\/schema\/logo\/image\/\"},\"sameAs\":[\"https:\/\/www.facebook.com\/SellerLogic\/\",\"https:\/\/x.com\/sellerlogic\",\"https:\/\/www.instagram.com\/sellerlogic\/\",\"https:\/\/www.linkedin.com\/company\/18402037\/\",\"https:\/\/www.youtube.com\/channel\/UC-gULUur-fNj08sprantKsQ\"]}]}<\/script>\n<!-- \/ Yoast SEO plugin. -->","yoast_head_json":{"title":"T\u0101 darbojas Repricer un Lost & Found kop\u0101! | SELLERLOGIC","description":"Pateicoties Lost & Found, UP'NBOOST maks\u0101 par Repricer ar FBA atmaks\u0101m, ko vi\u0146i sa\u0146em. \u012apa\u0161s veiksm\u012bgs st\u0101sts!","robots":{"index":"index","follow":"follow","max-snippet":"max-snippet:-1","max-image-preview":"max-image-preview:large","max-video-preview":"max-video-preview:-1"},"canonical":"https:\/\/www.sellerlogic.com\/lv\/resources\/success-story-univers-cake\/","og_locale":"lv_LV","og_type":"article","og_title":"T\u0101 darbojas Repricer un Lost & Found kop\u0101! | SELLERLOGIC","og_description":"Pateicoties Lost & Found, UP'NBOOST maks\u0101 par Repricer ar FBA atmaks\u0101m, ko vi\u0146i sa\u0146em. \u012apa\u0161s veiksm\u012bgs st\u0101sts!","og_url":"https:\/\/www.sellerlogic.com\/lv\/resources\/success-story-univers-cake\/","og_site_name":"SELLERLOGIC - Smarte Tools f\u00fcr Amazon-Seller","article_publisher":"https:\/\/www.facebook.com\/SellerLogic\/","og_image":[{"width":2560,"height":1107,"url":"https:\/\/d2bw95mh2ee04s.cloudfront.net\/prod\/content\/wp-content\/uploads\/2020\/12\/23142710\/success-story-univers-cake-header-scaled.jpeg","type":"image\/jpeg"}],"twitter_card":"summary_large_image","twitter_site":"@sellerlogic","twitter_misc":{"Est. reading time":"3 minutes"},"schema":{"@context":"https:\/\/schema.org","@graph":[{"@type":"WebPage","@id":"https:\/\/www.sellerlogic.com\/lv\/resources\/success-story-univers-cake\/","url":"https:\/\/www.sellerlogic.com\/lv\/resources\/success-story-univers-cake\/","name":"T\u0101 darbojas Repricer un Lost & Found kop\u0101! | SELLERLOGIC","isPartOf":{"@id":"https:\/\/www.sellerlogic.com\/lv\/#website"},"primaryImageOfPage":{"@id":"https:\/\/www.sellerlogic.com\/lv\/resources\/success-story-univers-cake\/#primaryimage"},"image":{"@id":"https:\/\/www.sellerlogic.com\/lv\/resources\/success-story-univers-cake\/#primaryimage"},"thumbnailUrl":"https:\/\/d2bw95mh2ee04s.cloudfront.net\/prod\/content\/wp-content\/uploads\/2020\/12\/23142710\/success-story-univers-cake-header-scaled.jpeg","datePublished":"2020-12-21T10:32:03+00:00","description":"Pateicoties Lost & Found, UP'NBOOST maks\u0101 par Repricer ar FBA atmaks\u0101m, ko vi\u0146i sa\u0146em. \u012apa\u0161s veiksm\u012bgs st\u0101sts!","breadcrumb":{"@id":"https:\/\/www.sellerlogic.com\/lv\/resources\/success-story-univers-cake\/#breadcrumb"},"inLanguage":"lv","potentialAction":[{"@type":"ReadAction","target":["https:\/\/www.sellerlogic.com\/lv\/resources\/success-story-univers-cake\/"]}]},{"@type":"ImageObject","inLanguage":"lv","@id":"https:\/\/www.sellerlogic.com\/lv\/resources\/success-story-univers-cake\/#primaryimage","url":"https:\/\/d2bw95mh2ee04s.cloudfront.net\/prod\/content\/wp-content\/uploads\/2020\/12\/23142710\/success-story-univers-cake-header-scaled.jpeg","contentUrl":"https:\/\/d2bw95mh2ee04s.cloudfront.net\/prod\/content\/wp-content\/uploads\/2020\/12\/23142710\/success-story-univers-cake-header-scaled.jpeg","width":2560,"height":1107,"caption":"Success Story: Univers Cake"},{"@type":"BreadcrumbList","@id":"https:\/\/www.sellerlogic.com\/lv\/resources\/success-story-univers-cake\/#breadcrumb","itemListElement":[{"@type":"ListItem","position":1,"name":"Home","item":"https:\/\/www.sellerlogic.com\/lv\/"},{"@type":"ListItem","position":2,"name":"Resursi EN","item":"https:\/\/www.sellerlogic.com\/lv\/resources\/"},{"@type":"ListItem","position":3,"name":"Veiksm\u012bga st\u0101sts: Univers Cake EN"}]},{"@type":"WebSite","@id":"https:\/\/www.sellerlogic.com\/lv\/#website","url":"https:\/\/www.sellerlogic.com\/lv\/","name":"SELLERLOGIC - Smarte Tools f\u00fcr Amazon-Seller","description":"Intelligente Prozessoptimierung und Gewinnmaximierung","publisher":{"@id":"https:\/\/www.sellerlogic.com\/lv\/#organization"},"potentialAction":[{"@type":"SearchAction","target":{"@type":"EntryPoint","urlTemplate":"https:\/\/www.sellerlogic.com\/lv\/?s={search_term_string}"},"query-input":{"@type":"PropertyValueSpecification","valueRequired":true,"valueName":"search_term_string"}}],"inLanguage":"lv"},{"@type":"Organization","@id":"https:\/\/www.sellerlogic.com\/lv\/#organization","name":"SELLERLOGIC","url":"https:\/\/www.sellerlogic.com\/lv\/","logo":{"@type":"ImageObject","inLanguage":"lv","@id":"https:\/\/www.sellerlogic.com\/lv\/#\/schema\/logo\/image\/","url":"https:\/\/d2bw95mh2ee04s.cloudfront.net\/prod\/content\/wp-content\/uploads\/2025\/01\/02134814\/Property-Logo-Main.svg","contentUrl":"https:\/\/d2bw95mh2ee04s.cloudfront.net\/prod\/content\/wp-content\/uploads\/2025\/01\/02134814\/Property-Logo-Main.svg","width":184,"height":40,"caption":"SELLERLOGIC"},"image":{"@id":"https:\/\/www.sellerlogic.com\/lv\/#\/schema\/logo\/image\/"},"sameAs":["https:\/\/www.facebook.com\/SellerLogic\/","https:\/\/x.com\/sellerlogic","https:\/\/www.instagram.com\/sellerlogic\/","https:\/\/www.linkedin.com\/company\/18402037\/","https:\/\/www.youtube.com\/channel\/UC-gULUur-fNj08sprantKsQ"]}]}},"_links":{"self":[{"href":"https:\/\/www.sellerlogic.com\/lv\/wp-json\/wp\/v2\/pages\/111888","targetHints":{"allow":["GET"]}}],"collection":[{"href":"https:\/\/www.sellerlogic.com\/lv\/wp-json\/wp\/v2\/pages"}],"about":[{"href":"https:\/\/www.sellerlogic.com\/lv\/wp-json\/wp\/v2\/types\/page"}],"author":[{"embeddable":true,"href":"https:\/\/www.sellerlogic.com\/lv\/wp-json\/wp\/v2\/users\/3"}],"replies":[{"embeddable":true,"href":"https:\/\/www.sellerlogic.com\/lv\/wp-json\/wp\/v2\/comments?post=111888"}],"version-history":[{"count":0,"href":"https:\/\/www.sellerlogic.com\/lv\/wp-json\/wp\/v2\/pages\/111888\/revisions"}],"up":[{"embeddable":true,"href":"https:\/\/www.sellerlogic.com\/lv\/wp-json\/wp\/v2\/pages\/111675"}],"wp:featuredmedia":[{"embeddable":true,"href":"https:\/\/www.sellerlogic.com\/lv\/wp-json\/wp\/v2\/media\/5625"}],"wp:attachment":[{"href":"https:\/\/www.sellerlogic.com\/lv\/wp-json\/wp\/v2\/media?parent=111888"}],"curies":[{"name":"wp","href":"https:\/\/api.w.org\/{rel}","templated":true}]}}