
{"id":111906,"date":"2022-03-17T08:40:47","date_gmt":"2022-03-17T08:40:47","guid":{"rendered":"https:\/\/127.0.0.1\/registration-for-the-webinar\/"},"modified":"2022-03-17T08:40:47","modified_gmt":"2022-03-17T08:40:47","slug":"registration-for-the-webinar","status":"publish","type":"page","link":"https:\/\/www.sellerlogic.com\/lv\/registration-for-the-webinar\/","title":{"rendered":"Re\u0123istr\u0101cija vebin\u0101ram"},"content":{"rendered":"\n\t<div  class=\"theme-wp-block theme-block-main-header desktop-content-align-y-center desktop-content-align-x-center xl-content-align-y-center xl-content-align-x-center lg-content-align-y-center lg-content-align-x-center md-content-align-y-center md-content-align-x-center sm-content-align-y-center sm-content-align-x-center gb-responsive-349165-identifier desktop-align-full xl-align-full lg-align-full md-align-full sm-align-full is-style-default theme-block-cover\">\n\t\t<div class=\"bg-cover theme-lazy-load-bg\"><\/div>\n\t\t<div class=\"wrap-content-main-header\">\n\t\t\t\t\t<div  class=\"theme-wp-block theme-block-text-and-text desktop-align-wide xl-align-wide lg-align-wide md-align-wide sm-align-wide desktop-blockDirection-row xl-blockDirection-row lg-blockDirection-row md-blockDirection-row sm-blockDirection-row gb-responsive-473561-identifier desktop-vertical-center xl-vertical-center lg-vertical-center md-vertical-center sm-vertical-center alignwide\">\n\t\t<div class=\"tat-column-wrap-wrapper\">\n\t\t\t<div class=\"tat-column-wrapper\">\n\t\t\t\t\t<div  class=\"theme-wp-block theme-block-text-and-text-column gb-responsive-667797-identifier desktop-horizontal-center xl-horizontal-center lg-horizontal-center md-horizontal-center sm-horizontal-center\">\n\t\t<div class=\"inner-wrap-column-content\">\n\t\t\t<div class=\"inner-column-content\">\n\t\t\t\t<div class=\"theme-wp-block wp-block-columns are-vertically-aligned-center gb-responsive-685022-identifier is-layout-flex wp-container-core-columns-is-layout-9d6595d7 wp-block-columns-is-layout-flex\"><div class=\"theme-wp-block wp-block-column is-vertically-aligned-center gb-responsive-821359-identifier is-layout-flow wp-block-column-is-layout-flow\"><div class=\"theme-block-group-wrap\"><div class=\"theme-wp-block wp-block-group gb-responsive-395462-identifier has-white-color has-text-color\"><h1 class=\"theme-wp-block wp-block-heading has-text-align-center gb-responsive-181751-identifier desktop-text-center xl-text-center lg-text-center md-text-center sm-text-center\">Vai v\u0113laties skat\u012bties p\u0101ri Amazon horizontam?<\/h1><h2 class=\"theme-wp-block wp-block-heading has-text-align-center gb-responsive-42443-identifier desktop-text-center xl-text-center lg-text-center md-text-center sm-text-center\">Tad re\u0123istr\u0113jieties m\u016bsu vebin\u0101ram!<\/h2><hr class=\"theme-wp-block wp-block-separator has-css-opacity\"><\/hr><\/div><\/div><\/div><div class=\"theme-wp-block wp-block-column is-vertically-aligned-center gb-responsive-247885-identifier is-layout-flow wp-block-column-is-layout-flow\"><div class=\"theme-block-group-wrap\"><div class=\"theme-wp-block wp-block-group gb-responsive-539307-identifier has-theme-light-gray-background-color has-background\"><h3 class=\"theme-wp-block wp-block-heading has-text-align-center gb-responsive-488462-identifier desktop-text-center xl-text-center lg-text-center md-text-center sm-text-center\">Esi kl\u0101t no pa\u0161a s\u0101kuma!<\/h3><div id=\"webinar-form\" class=\"theme-wp-block webinar-form\" style=\"position: relative;\"><p>Ievadiet savu v\u0101rdu un e-pasta adresi, lai re\u0123istr\u0113tos m\u016bsu vebin\u0101ram.<br><\/p><form id=\"leadform\" action=\"#\" method=\"post\"><input type=\"text\" name=\"name\" id=\"name\" placeholder=\"J\u016bsu v\u0101rds\" required=\"required\" style=\"padding: 10px; font-size: 18px; width: 100%; margin-bottom: 15px; color: rgb(88, 88, 88);\"><\/input><input type=\"email\" name=\"email\" id=\"email\" placeholder=\"J\u016bsu e-pasta adrese\" required=\"required\" data-com-onepassword-filled=\"light\" style=\"padding: 10px; font-size: 18px; width: 100%; margin-bottom: 15px; color: rgb(88, 88, 88);\"><\/input><input type=\"submit\" value=\"Re\u0123istr\u0113jieties bez maksas tagad\" id=\"submit\" style=\"padding: 10px; font-size: 18px; width: 100%; margin-bottom: 15px; color: rgb(255, 255, 255); background-color: rgb(255, 170, 1); cursor: pointer;\"><\/input><p style=\"margin-bottom: 10px; font-size: 12px;\">Datu apstr\u0101de tiek veikta saska\u0146\u0101 ar m\u016bsu <a href=\"https:\/\/www.sellerlogic.com\/en\/privacy-policy\/\" target=\"_blank\" draggable=\"false\" rel=\"noopener noreferrer\">priv\u0101tuma politiku<\/a>. Re\u0123istr\u0113joties zem\u0101k, j\u016bs piekr\u012btat, ka SELLERLOGIC GmbH var izmantot un dal\u012bties ar j\u016bsu personiskajiem datiem m\u0101rketinga nol\u016bkos. J\u016bs ar\u012b piekr\u012btat, ka SELLERLOGIC GmbH var nodot sniegto inform\u0101ciju m\u016bsu piedal\u012b\u0161an\u0101s vebin\u0101ra partneriem, kuri uzglab\u0101s datus saska\u0146\u0101 ar sav\u0101m priv\u0101tuma politik\u0101m un atbilsto\u0161i piem\u0113rojam\u0101m juridiskaj\u0101m pras\u012bb\u0101m saska\u0146\u0101 ar GDPR un apstr\u0101d\u0101s tos m\u0101rketinga materi\u0101lu nodro\u0161in\u0101\u0161anai.<\/p><\/form><\/div><hr class=\"theme-wp-block wp-block-separator has-css-opacity\"><\/hr><p class=\"theme-wp-block gb-responsive-658111-identifier\">Lai re\u0123istr\u0113tos vebin\u0101ram, iepriek\u0161 ir j\u0101at\u013cauj visi s\u012bkfaili. Lai redi\u0123\u0113tu savus iestat\u012bjumus, l\u016bdzu, noklik\u0161\u0137iniet uz \u0161\u012bs pogas.<\/p><p class=\"theme-wp-block\"><span class=\"borlabs-cookie-open-dialog-preferences brlbs-cmpnt-container\" data-borlabs-cookie-title=\"Atv\u0113rt s\u012bkfailu iestat\u012bjumus\" data-borlabs-cookie-type=\"button\" ><\/span><\/p><\/div><\/div><\/div><\/div>\t\t\t<\/div>\n\t\t<\/div>\n\t<\/div>\n\t<div  class=\"theme-wp-block theme-block-text-and-text-column gb-responsive-761697-identifier\">\n\t\t<div class=\"inner-wrap-column-content\">\n\t\t\t<div class=\"inner-column-content\">\n\t\t\t\t\t\t\t<\/div>\n\t\t<\/div>\n\t<\/div>\n\t\t\t<\/div>\n\t\t<\/div>\n\t<\/div>\n\n\t\t<\/div>\n\t<\/div>\n\n<div class=\"theme-wp-block wp-block-columns alignfull are-vertically-aligned-center desktop-align-full xl-align-full lg-align-full md-align-full sm-align-full gb-responsive-162396-identifier has-theme-light-gray-background-color has-background is-layout-flex wp-container-core-columns-is-layout-9d6595d7 wp-block-columns-is-layout-flex\"><div class=\"theme-wp-block wp-block-column is-vertically-aligned-center gb-responsive-969772-identifier is-layout-flow wp-block-column-is-layout-flow\" style=\"flex-basis:25%\"><\/div><div class=\"theme-wp-block wp-block-column is-vertically-aligned-center gb-responsive-872757-identifier is-layout-flow wp-block-column-is-layout-flow\" style=\"flex-basis:50%\"><div style=\"height:20px\" aria-hidden=\"true\" class=\"theme-wp-block wp-block-spacer\"><\/div><h2 class=\"theme-wp-block wp-block-heading gb-responsive-995743-identifier\">Daudzkan\u0101lu: Neatkar\u012bba no Amazon? <br>Vai t\u012bra utopija?<\/h2><h3 class=\"theme-wp-block wp-block-heading gb-responsive-330077-identifier\">Vebin\u0101rs podk\u0101sta form\u0101t\u0101 ar Annemarie Raluca Schuster<\/h3><p class=\"theme-wp-block gb-responsive-312004-identifier\">Amazon domin\u0113 V\u0101cijas tie\u0161saistes mazumtirdzniec\u012bbas tirg\u016b ar 53 procentu ie\u0146\u0113mumu da\u013cu. Aptuveni 94 procenti V\u0101cijas tie\u0161saistes pirc\u0113ju ir kaut reizi ieg\u0101d\u0101ju\u0161ies no Amazon. Tikai V\u0101cij\u0101 Amazon ir apm\u0113ram 46,2 miljoni klientu. Tas rada jaut\u0101jumu, vai Amazon pa\u0161laik ir vien\u012bgais veids, k\u0101 g\u016bt pan\u0101kumus tie\u0161saistes biznes\u0101. Taj\u0101 pa\u0161\u0101 laik\u0101 tie\u0161saistes p\u0101rdev\u0113ji v\u0113las iev\u0113rojami samazin\u0101t savu atkar\u012bbu no Amazon. Bet k\u0101di \u0161\u0137\u0113r\u0161\u013ci p\u0101rdev\u0113jiem j\u0101saskaras ce\u013c\u0101 uz neatkar\u012bbu no lielajiem tirgiem, piem\u0113ram, Amazon?<\/p><p class=\"theme-wp-block gb-responsive-541245-identifier\">Annemarie Raluca Schuster skaidro m\u016bsu vebin\u0101r\u0101 podk\u0101sta form\u0101t\u0101 &#8220;Daudzkan\u0101lu: Neatkar\u012bba no Amazon? Vai t\u012bra utopija?&#8221; k\u0101 vi\u0146a pozicion\u0113 savu z\u012bmolu &#8220;SiAura Materials&#8221; vair\u0101kos tirgos un k\u0101 vi\u0146a risina main\u012bg\u0101s probl\u0113mas un inov\u0101cijas, lai var\u0113tu veiksm\u012bgi p\u0101rdot.<\/p>\t\t<div  class=\"theme-wp-block theme-block-guest-author gb-responsive-122623-identifier\">\n\t\t<div class=\"wrap-inner-content\">\n\t\t\t<div class=\"guest-author-avatar\">\n\t\t\t\t<div class=\"cover-avatar\" style=\"background-image: url(https:\/\/d2bw95mh2ee04s.cloudfront.net\/prod\/content\/wp-content\/uploads\/2022\/02\/23140433\/annemarie-raluca-schuster-siaura-material.png);\"><\/div>\n\t\t\t<\/div>\n\t\t\t<div class=\"guest-author-sign\">\n\t\t\t\t<div class=\"author-sign\">SiAura Materials &#038; Annythinks<\/div>\n\t\t\t<\/div>\n\t\t\t<div class=\"wrap-title\">\n\t\t\t\t<div class=\"guest-author-name\">\n\t\t\t\t\t<div class=\"title\">\n\t\t\t\t\t\t<div class=\"heading-text\">Annemarie Raluca Schuster<\/div>\n\t\t\t\t\t<\/div>\n\t\t\t\t<\/div>\n\t\t\t<\/div>\n\t\t\t<div class=\"guest-author-description\">\n\t\t\t\t<div class=\"description\"><p>CEO un dibin\u0101t\u0101ja &#8220;SiAura Materials&#8221; un e-komercijas a\u0123ent\u016bras &#8220;Annythinks&#8221;, vi\u0146a veiksm\u012bgi darbojas k\u0101 tie\u0161saistes p\u0101rdev\u0113ja ar savu z\u012bmolu da\u017e\u0101dos tirgos, piem\u0113ram, Amazon, Etsy un eBay, kop\u0161 2013. gada. Ar savu z\u012bmolu vi\u0146a p\u0101rvalda vair\u0101k nek\u0101 3,000 produktus, kas saist\u012bti ar rokdarbiem un roku darbiem. 2018. gad\u0101 vi\u0146a dibin\u0101ja savu e-komercijas a\u0123ent\u016bru &#8220;Annythinks&#8221; un sniedz konsult\u0101cijas tie\u0161saistes p\u0101rdev\u0113jiem par p\u0101rdo\u0161anu tie\u0161saist\u0113. K\u0101 apm\u0101c\u012bta datorzin\u0101tniece vi\u0146a \u013coti nov\u0113rt\u0113 dinamisku un inteli\u0123entu r\u012bku izmanto\u0161anu un koncentr\u0113jas uz procesu automatiz\u0101ciju.<\/p><\/div>\n\t\t\t<\/div>\n\t\t<\/div>\n\t<\/div>\n\n<\/div><div class=\"theme-wp-block wp-block-column is-vertically-aligned-center gb-responsive-678736-identifier is-layout-flow wp-block-column-is-layout-flow\" style=\"flex-basis:25%\"><\/div><\/div><div class=\"theme-block-group-wrap  desktop-align-full xl-align-full lg-align-full md-align-full sm-align-full\"><div class=\"theme-wp-block wp-block-group alignfull questions desktop-align-full xl-align-full lg-align-full md-align-full sm-align-full gb-responsive-identifier-981778 desktop-gb-has-no-icon xl-gb-has-no-icon lg-gb-has-no-icon md-gb-has-no-icon sm-gb-has-no-icon\">\t\t<h2  class=\"theme-wp-block theme-block-heading  desktop-align-center xl-align-center lg-align-center md-align-center sm-align-center desktop-text-center only-editor-has-text-align-center xl-text-center lg-text-center md-text-center sm-text-center gb-responsive-identifier-408021 aligncenter has-text-align\">\n\t\tVai jums ir jaut\u0101jumi?\t<\/h2>\n\n<p class=\"theme-wp-block has-text-align-center gb-responsive-identifier-361793 desktop-text-center xl-text-center lg-text-center md-text-center sm-text-center\">M\u016bsu atbalsta komanda labpr\u0101t jums pal\u012bdz\u0113s.<\/p>\t\t<div  class=\"theme-wp-block theme-block-contact-phone gb-responsive-499055-identifier desktop-text-center xl-text-center lg-text-center md-text-center sm-text-center desktop-gb-has-no-icon xl-gb-has-no-icon lg-gb-has-no-icon md-gb-has-no-icon sm-gb-has-no-icon\">\n\t\t\t\t\t<svg class=\"icon\" width=\"24px\" height=\"24px\" viewBox=\"0 0 24 24\" version=\"1.1\" xmlns=\"http:\/\/www.w3.org\/2000\/svg\">\n\t\t\t\t\t\t<g id=\"global--menu-collapsed\" stroke=\"none\" stroke-width=\"1\" fill=\"none\" fill-rule=\"evenodd\" transform=\"translate(-24.000000, -8.000000)\">\n\t\t\t\t\t\t\t<g id=\"menu--2nd-level\">\n\t\t\t\t\t\t\t\t<g id=\"icn--phone-24px--blue\" transform=\"translate(24.000000, 8.000000)\">\n\t\t\t\t\t\t\t\t\t<polygon id=\"Shape\" points=\"0 0 24 0 24 24 0 24\"><\/polygon>\n\t\t\t\t\t\t\t\t\t<path d=\"M7,6 L7,18.6666667 L16.3333333,18.6666667 L16.3333333,6 L7,6 Z M5,4 L18.3333333,4 L18.3333333,20.6666667 L5,20.6666667 L5,4 Z M11.6666667,18.1666667 C12.126904,18.1666667 12.5,17.7935706 12.5,17.3333333 C12.5,16.873096 12.126904,16.5 11.6666667,16.5 C11.2064294,16.5 10.8333333,16.873096 10.8333333,17.3333333 C10.8333333,17.7935706 11.2064294,18.1666667 11.6666667,18.1666667 Z M6.66666667,15.8333333 L6.66666667,13.8333333 L16.6651355,13.8333333 L16.6651355,15.8333333 L6.66666667,15.8333333 Z\" id=\"Rectangle-20\" fill=\"#0055CC\" fill-rule=\"nonzero\"><\/path>\n\t\t\t\t\t\t\t\t<\/g>\n\t\t\t\t\t\t\t<\/g>\n\t\t\t\t\t\t<\/g>\n\t\t\t\t\t<\/svg>\n\t\t<span class=\"phone\">+49 211 900 64 120<\/span>\n\t<\/div>\n\n<\/div><\/div>","protected":false},"excerpt":{"rendered":"<p>Daudzkan\u0101lu: Neatkar\u012bba no Amazon? Vai t\u012bra utopija? Vebin\u0101rs podk\u0101sta form\u0101t\u0101 ar Annemarie Raluca Schuster Amazon domin\u0113 V\u0101cijas tie\u0161saistes mazumtirdzniec\u012bbas tirg\u016b ar 53 procentu ie\u0146\u0113mumu da\u013cu. Aptuveni 94 procenti V\u0101cijas tie\u0161saistes pirc\u0113ju ir kaut reizi ieg\u0101d\u0101ju\u0161ies no Amazon. Tikai V\u0101cij\u0101 Amazon ir apm\u0113ram 46,2 miljoni klientu. Tas rada jaut\u0101jumu, vai Amazon pa\u0161laik ir vien\u012bgais veids, k\u0101<\/p>\n","protected":false},"author":8,"featured_media":0,"parent":0,"menu_order":0,"comment_status":"closed","ping_status":"closed","template":"","meta":{"sidebar_recommended_resources":{"data":[]},"sidebar_header_settings":{"hide_buttons":{"register":false}},"_use_new_theme":false,"inline_featured_image":false,"footnotes":""},"class_list":["post-111906","page","type-page","status-publish","hentry"],"yoast_head":"<!-- This site is optimized with the Yoast SEO plugin v26.8 - https:\/\/yoast.com\/product\/yoast-seo-wordpress\/ -->\n<title>Re\u0123istr\u0101cija vebin\u0101ram | SELLERLOGIC - Smarte Tools f\u00fcr Amazon-Seller<\/title>\n<meta name=\"robots\" content=\"noindex, follow\" \/>\n<meta property=\"og:locale\" content=\"lv_LV\" \/>\n<meta property=\"og:type\" content=\"article\" \/>\n<meta property=\"og:title\" content=\"Re\u0123istr\u0101cija vebin\u0101ram | SELLERLOGIC - Smarte Tools f\u00fcr Amazon-Seller\" \/>\n<meta property=\"og:description\" content=\"Daudzkan\u0101lu: Neatkar\u012bba no Amazon? Vai t\u012bra utopija? Vebin\u0101rs podk\u0101sta form\u0101t\u0101 ar Annemarie Raluca Schuster Amazon domin\u0113 V\u0101cijas tie\u0161saistes mazumtirdzniec\u012bbas tirg\u016b ar 53 procentu ie\u0146\u0113mumu da\u013cu. Aptuveni 94 procenti V\u0101cijas tie\u0161saistes pirc\u0113ju ir kaut reizi ieg\u0101d\u0101ju\u0161ies no Amazon. Tikai V\u0101cij\u0101 Amazon ir apm\u0113ram 46,2 miljoni klientu. Tas rada jaut\u0101jumu, vai Amazon pa\u0161laik ir vien\u012bgais veids, k\u0101\" \/>\n<meta property=\"og:url\" content=\"https:\/\/www.sellerlogic.com\/lv\/registration-for-the-webinar\/\" \/>\n<meta property=\"og:site_name\" content=\"SELLERLOGIC - Smarte Tools f\u00fcr Amazon-Seller\" \/>\n<meta property=\"article:publisher\" content=\"https:\/\/www.facebook.com\/SellerLogic\/\" \/>\n<meta property=\"og:image\" content=\"https:\/\/d2bw95mh2ee04s.cloudfront.net\/prod\/content\/wp-content\/uploads\/2025\/06\/09094621\/Social-OG-Image-Link.jpg\" \/>\n\t<meta property=\"og:image:width\" content=\"2400\" \/>\n\t<meta property=\"og:image:height\" content=\"1270\" \/>\n\t<meta property=\"og:image:type\" content=\"image\/jpeg\" \/>\n<meta name=\"twitter:card\" content=\"summary_large_image\" \/>\n<meta name=\"twitter:site\" content=\"@sellerlogic\" \/>\n<meta name=\"twitter:label1\" content=\"Est. reading time\" \/>\n\t<meta name=\"twitter:data1\" content=\"2 minutes\" \/>\n<script type=\"application\/ld+json\" class=\"yoast-schema-graph\">{\"@context\":\"https:\/\/schema.org\",\"@graph\":[{\"@type\":\"WebPage\",\"@id\":\"https:\/\/www.sellerlogic.com\/lv\/registration-for-the-webinar\/\",\"url\":\"https:\/\/www.sellerlogic.com\/lv\/registration-for-the-webinar\/\",\"name\":\"Re\u0123istr\u0101cija vebin\u0101ram | SELLERLOGIC - Smarte Tools f\u00fcr Amazon-Seller\",\"isPartOf\":{\"@id\":\"https:\/\/www.sellerlogic.com\/lv\/#website\"},\"datePublished\":\"2022-03-17T08:40:47+00:00\",\"breadcrumb\":{\"@id\":\"https:\/\/www.sellerlogic.com\/lv\/registration-for-the-webinar\/#breadcrumb\"},\"inLanguage\":\"lv\",\"potentialAction\":[{\"@type\":\"ReadAction\",\"target\":[\"https:\/\/www.sellerlogic.com\/lv\/registration-for-the-webinar\/\"]}]},{\"@type\":\"BreadcrumbList\",\"@id\":\"https:\/\/www.sellerlogic.com\/lv\/registration-for-the-webinar\/#breadcrumb\",\"itemListElement\":[{\"@type\":\"ListItem\",\"position\":1,\"name\":\"Home\",\"item\":\"https:\/\/www.sellerlogic.com\/lv\/\"},{\"@type\":\"ListItem\",\"position\":2,\"name\":\"Re\u0123istr\u0101cija vebin\u0101ram\"}]},{\"@type\":\"WebSite\",\"@id\":\"https:\/\/www.sellerlogic.com\/lv\/#website\",\"url\":\"https:\/\/www.sellerlogic.com\/lv\/\",\"name\":\"SELLERLOGIC - Smarte Tools f\u00fcr Amazon-Seller\",\"description\":\"Intelligente Prozessoptimierung und Gewinnmaximierung\",\"publisher\":{\"@id\":\"https:\/\/www.sellerlogic.com\/lv\/#organization\"},\"potentialAction\":[{\"@type\":\"SearchAction\",\"target\":{\"@type\":\"EntryPoint\",\"urlTemplate\":\"https:\/\/www.sellerlogic.com\/lv\/?s={search_term_string}\"},\"query-input\":{\"@type\":\"PropertyValueSpecification\",\"valueRequired\":true,\"valueName\":\"search_term_string\"}}],\"inLanguage\":\"lv\"},{\"@type\":\"Organization\",\"@id\":\"https:\/\/www.sellerlogic.com\/lv\/#organization\",\"name\":\"SELLERLOGIC\",\"url\":\"https:\/\/www.sellerlogic.com\/lv\/\",\"logo\":{\"@type\":\"ImageObject\",\"inLanguage\":\"lv\",\"@id\":\"https:\/\/www.sellerlogic.com\/lv\/#\/schema\/logo\/image\/\",\"url\":\"https:\/\/d2bw95mh2ee04s.cloudfront.net\/prod\/content\/wp-content\/uploads\/2025\/01\/02134814\/Property-Logo-Main.svg\",\"contentUrl\":\"https:\/\/d2bw95mh2ee04s.cloudfront.net\/prod\/content\/wp-content\/uploads\/2025\/01\/02134814\/Property-Logo-Main.svg\",\"width\":184,\"height\":40,\"caption\":\"SELLERLOGIC\"},\"image\":{\"@id\":\"https:\/\/www.sellerlogic.com\/lv\/#\/schema\/logo\/image\/\"},\"sameAs\":[\"https:\/\/www.facebook.com\/SellerLogic\/\",\"https:\/\/x.com\/sellerlogic\",\"https:\/\/www.instagram.com\/sellerlogic\/\",\"https:\/\/www.linkedin.com\/company\/18402037\/\",\"https:\/\/www.youtube.com\/channel\/UC-gULUur-fNj08sprantKsQ\"]}]}<\/script>\n<!-- \/ Yoast SEO plugin. -->","yoast_head_json":{"title":"Re\u0123istr\u0101cija vebin\u0101ram | SELLERLOGIC - Smarte Tools f\u00fcr Amazon-Seller","robots":{"index":"noindex","follow":"follow"},"og_locale":"lv_LV","og_type":"article","og_title":"Re\u0123istr\u0101cija vebin\u0101ram | SELLERLOGIC - Smarte Tools f\u00fcr Amazon-Seller","og_description":"Daudzkan\u0101lu: Neatkar\u012bba no Amazon? Vai t\u012bra utopija? Vebin\u0101rs podk\u0101sta form\u0101t\u0101 ar Annemarie Raluca Schuster Amazon domin\u0113 V\u0101cijas tie\u0161saistes mazumtirdzniec\u012bbas tirg\u016b ar 53 procentu ie\u0146\u0113mumu da\u013cu. Aptuveni 94 procenti V\u0101cijas tie\u0161saistes pirc\u0113ju ir kaut reizi ieg\u0101d\u0101ju\u0161ies no Amazon. Tikai V\u0101cij\u0101 Amazon ir apm\u0113ram 46,2 miljoni klientu. Tas rada jaut\u0101jumu, vai Amazon pa\u0161laik ir vien\u012bgais veids, k\u0101","og_url":"https:\/\/www.sellerlogic.com\/lv\/registration-for-the-webinar\/","og_site_name":"SELLERLOGIC - Smarte Tools f\u00fcr Amazon-Seller","article_publisher":"https:\/\/www.facebook.com\/SellerLogic\/","og_image":[{"width":2400,"height":1270,"url":"https:\/\/d2bw95mh2ee04s.cloudfront.net\/prod\/content\/wp-content\/uploads\/2025\/06\/09094621\/Social-OG-Image-Link.jpg","type":"image\/jpeg"}],"twitter_card":"summary_large_image","twitter_site":"@sellerlogic","twitter_misc":{"Est. reading time":"2 minutes"},"schema":{"@context":"https:\/\/schema.org","@graph":[{"@type":"WebPage","@id":"https:\/\/www.sellerlogic.com\/lv\/registration-for-the-webinar\/","url":"https:\/\/www.sellerlogic.com\/lv\/registration-for-the-webinar\/","name":"Re\u0123istr\u0101cija vebin\u0101ram | SELLERLOGIC - Smarte Tools f\u00fcr Amazon-Seller","isPartOf":{"@id":"https:\/\/www.sellerlogic.com\/lv\/#website"},"datePublished":"2022-03-17T08:40:47+00:00","breadcrumb":{"@id":"https:\/\/www.sellerlogic.com\/lv\/registration-for-the-webinar\/#breadcrumb"},"inLanguage":"lv","potentialAction":[{"@type":"ReadAction","target":["https:\/\/www.sellerlogic.com\/lv\/registration-for-the-webinar\/"]}]},{"@type":"BreadcrumbList","@id":"https:\/\/www.sellerlogic.com\/lv\/registration-for-the-webinar\/#breadcrumb","itemListElement":[{"@type":"ListItem","position":1,"name":"Home","item":"https:\/\/www.sellerlogic.com\/lv\/"},{"@type":"ListItem","position":2,"name":"Re\u0123istr\u0101cija vebin\u0101ram"}]},{"@type":"WebSite","@id":"https:\/\/www.sellerlogic.com\/lv\/#website","url":"https:\/\/www.sellerlogic.com\/lv\/","name":"SELLERLOGIC - Smarte Tools f\u00fcr Amazon-Seller","description":"Intelligente Prozessoptimierung und Gewinnmaximierung","publisher":{"@id":"https:\/\/www.sellerlogic.com\/lv\/#organization"},"potentialAction":[{"@type":"SearchAction","target":{"@type":"EntryPoint","urlTemplate":"https:\/\/www.sellerlogic.com\/lv\/?s={search_term_string}"},"query-input":{"@type":"PropertyValueSpecification","valueRequired":true,"valueName":"search_term_string"}}],"inLanguage":"lv"},{"@type":"Organization","@id":"https:\/\/www.sellerlogic.com\/lv\/#organization","name":"SELLERLOGIC","url":"https:\/\/www.sellerlogic.com\/lv\/","logo":{"@type":"ImageObject","inLanguage":"lv","@id":"https:\/\/www.sellerlogic.com\/lv\/#\/schema\/logo\/image\/","url":"https:\/\/d2bw95mh2ee04s.cloudfront.net\/prod\/content\/wp-content\/uploads\/2025\/01\/02134814\/Property-Logo-Main.svg","contentUrl":"https:\/\/d2bw95mh2ee04s.cloudfront.net\/prod\/content\/wp-content\/uploads\/2025\/01\/02134814\/Property-Logo-Main.svg","width":184,"height":40,"caption":"SELLERLOGIC"},"image":{"@id":"https:\/\/www.sellerlogic.com\/lv\/#\/schema\/logo\/image\/"},"sameAs":["https:\/\/www.facebook.com\/SellerLogic\/","https:\/\/x.com\/sellerlogic","https:\/\/www.instagram.com\/sellerlogic\/","https:\/\/www.linkedin.com\/company\/18402037\/","https:\/\/www.youtube.com\/channel\/UC-gULUur-fNj08sprantKsQ"]}]}},"_links":{"self":[{"href":"https:\/\/www.sellerlogic.com\/lv\/wp-json\/wp\/v2\/pages\/111906","targetHints":{"allow":["GET"]}}],"collection":[{"href":"https:\/\/www.sellerlogic.com\/lv\/wp-json\/wp\/v2\/pages"}],"about":[{"href":"https:\/\/www.sellerlogic.com\/lv\/wp-json\/wp\/v2\/types\/page"}],"author":[{"embeddable":true,"href":"https:\/\/www.sellerlogic.com\/lv\/wp-json\/wp\/v2\/users\/8"}],"replies":[{"embeddable":true,"href":"https:\/\/www.sellerlogic.com\/lv\/wp-json\/wp\/v2\/comments?post=111906"}],"version-history":[{"count":0,"href":"https:\/\/www.sellerlogic.com\/lv\/wp-json\/wp\/v2\/pages\/111906\/revisions"}],"wp:attachment":[{"href":"https:\/\/www.sellerlogic.com\/lv\/wp-json\/wp\/v2\/media?parent=111906"}],"curies":[{"name":"wp","href":"https:\/\/api.w.org\/{rel}","templated":true}]}}