
{"id":225951,"date":"2020-12-18T10:43:41","date_gmt":"2020-12-18T10:43:41","guid":{"rendered":"https:\/\/127.0.0.1\/resources\/success-story-samtige-haut\/"},"modified":"2020-12-18T10:43:41","modified_gmt":"2020-12-18T10:43:41","slug":"success-story-samtige-haut","status":"publish","type":"page","link":"https:\/\/www.sellerlogic.com\/no\/resources\/success-story-samtige-haut\/","title":{"rendered":"Suksesshistorie: Samtige Haut EN"},"content":{"rendered":"\n\t<div  class=\"theme-wp-block theme-block-main-header is-style-full-height desktop-align-full xl-align-full lg-align-full md-align-full sm-align-full desktop-content-align-y-center desktop-content-align-x-center xl-content-align-y-center xl-content-align-x-center lg-content-align-y-center lg-content-align-x-center md-content-align-y-center md-content-align-x-center sm-content-align-y-center sm-content-align-x-center gb-responsive-911782-identifier theme-block-cover\">\n\t\t<div class=\"bg-cover theme-lazy-load-bg\"><\/div>\n\t\t<div class=\"wrap-content-main-header\">\n\t\t\t\t\t<div  class=\"theme-wp-block theme-block-text-and-text desktop-blockDirection-row xl-blockDirection-row lg-blockDirection-row md-blockDirection-row sm-blockDirection-row gb-responsive-289238-identifier desktop-align-full xl-align-full lg-align-full md-align-full sm-align-full alignfull\">\n\t\t<div class=\"tat-column-wrap-wrapper\">\n\t\t\t<div class=\"tat-column-wrapper\">\n\t\t\t\t\t<div  class=\"theme-wp-block theme-block-text-and-text-column gb-responsive-421034-identifier desktop-horizontal-center xl-horizontal-center lg-horizontal-center md-horizontal-center sm-horizontal-center\">\n\t\t<div class=\"inner-wrap-column-content\">\n\t\t\t<div class=\"inner-column-content\">\n\t\t\t\t\t\t<h1  class=\"theme-wp-block theme-block-heading is-style-default sm-text-center md-text-center desktop-text-center xl-text-center lg-text-center gb-responsive-292481-identifier desktop-align-full xl-align-full lg-align-full md-align-full sm-align-full alignfull h1 has-text-align\">\n\t\tRefusjoner med ett klikk\t<\/h1>\n\n\t\t<h2  class=\"theme-wp-block theme-block-heading is-style-default sm-text-center md-text-center desktop-text-center xl-text-center lg-text-center gb-responsive-831018-identifier desktop-align-full xl-align-full lg-align-full md-align-full sm-align-full alignfull h1 has-text-align\">\n\t\t&#8220;Samtige Haut&#8221; mottar refusjoner fra Amazon gjennom Tapt &amp; Funnet\t<\/h2>\n\n\t\t\t<\/div>\n\t\t<\/div>\n\t<\/div>\n\t<div  class=\"theme-wp-block theme-block-text-and-text-column gb-responsive-929552-identifier\">\n\t\t<div class=\"inner-wrap-column-content\">\n\t\t\t<div class=\"inner-column-content\">\n\t\t\t\t\t\t\t<\/div>\n\t\t<\/div>\n\t<\/div>\n\t\t\t<\/div>\n\t\t<\/div>\n\t<\/div>\n\n\t\t<\/div>\n\t<\/div>\n\n<div style=\"height:50px\" aria-hidden=\"true\" class=\"theme-wp-block wp-block-spacer\"><\/div><div class=\"theme-wp-block wp-block-columns gb-responsive-655645-identifier is-layout-flex wp-container-core-columns-is-layout-9d6595d7 wp-block-columns-is-layout-flex\"><div class=\"theme-wp-block wp-block-column gb-responsive-959393-identifier is-layout-flow wp-block-column-is-layout-flow\" style=\"flex-basis:25%\"><figure class=\"theme-wp-block wp-block-image size-large is-resized gb-responsive-62921-identifier\"><img decoding=\"async\" src=\"https:\/\/d2bw95mh2ee04s.cloudfront.net\/prod\/content\/wp-content\/uploads\/2020\/12\/23142732\/samtige-haut-logo.png\" alt=\"Suksesshistorie: Samtige Haut EN\" class=\"wp-image-4561\" width=\"300\" height=\"84\" srcset=\"https:\/\/d2bw95mh2ee04s.cloudfront.net\/prod\/content\/wp-content\/uploads\/2020\/12\/23142732\/samtige-haut-logo-407x113.png 407w, https:\/\/d2bw95mh2ee04s.cloudfront.net\/prod\/content\/wp-content\/uploads\/2020\/12\/23142732\/samtige-haut-logo.png 600w\" sizes=\"(max-width: 300px) 100vw, 300px\" \/><\/figure><p class=\"theme-wp-block gb-responsive-312552-identifier\"><strong><strong>Stiftelse<\/strong>:<\/strong><br>November 2016<\/p><p class=\"theme-wp-block gb-responsive-353708-identifier\"><strong><strong>Bransje<\/strong>:<\/strong><br>Kosmetikk, kosttilskudd, \u00f8kologiske produkter<\/p><p class=\"theme-wp-block gb-responsive-164518-identifier\"><strong><strong>Produkter p\u00e5 Amazon:<\/strong><\/strong><br>1,000<\/p><p class=\"theme-wp-block gb-responsive-888870-identifier\"><strong><strong>Forsendelser<\/strong>:\u00a0<\/strong><br>omtrent 8,000 per m\u00e5ned<\/p><\/div><div class=\"theme-wp-block wp-block-column gb-responsive-252265-identifier is-layout-flow wp-block-column-is-layout-flow\" style=\"flex-basis:50%\"><h3 class=\"theme-wp-block wp-block-heading gb-responsive-34353-identifier\" id=\"block-c06fce04-ef87-4ffc-a3d6-b768ba377d17\">Bakgrunn:<\/h3><p class=\"theme-wp-block gb-responsive-620393-identifier\">I 2018 hadde Amazon en omsetning p\u00e5 232,9 milliarder amerikanske dollar. Rundt 45 prosent av de tyske Amazon-selgerne sender varene sine via Fulfillment by Amazon (FBA). Sandra Schriewer \u2013 eier av Amazon-butikken \u201cSamtige Haut\u201d (tysk for \u201cS\u00f8teste hud\u201d) \u2013 er en av dem. Til tross for alle fordelene med FBA-programmet, er det ikke lenger mulig for nettbutikker \u00e5 holde oversikt over datatilstr\u00f8mningen av FBA-transaksjoner ettersom salget \u00f8ker. Av denne grunn blir analysen ikke utf\u00f8rt i det hele tatt.<\/p><h3 class=\"theme-wp-block wp-block-heading gb-responsive-182281-identifier\">Utfordring:<\/h3><p class=\"theme-wp-block gb-responsive-880667-identifier\">Sandra Schriewer kommer opprinnelig fra kosmetikkindustrien. Under sitt arbeid i E-handelssektoren i Berlin fullf\u00f8rte hun studiene sine i nettmarkedsf\u00f8ring og E-handel.<\/p><p class=\"theme-wp-block gb-responsive-3897-identifier\">Hun \u00f8nsket \u00e5 sette kunnskapen hun hadde tilegnet seg ut i praksis og kombinere den med sin lidenskap for kosmetikk og ern\u00e6ring. Slik ble Amazon-butikken \u201cSamtige Haut\u201d opprettet. Med omtrent 1,000 produkter og rundt 8,000 forsendelser per m\u00e5ned via FBA-programmet, var det nesten umulig \u00e5 holde oversikt over den enorme datatilstr\u00f8mningen p\u00e5 Amazon. Hun inns\u00e5 snart at hun trengte en tjenesteleverand\u00f8r som kunne hjelpe henne med \u00e5 kontrollere prosessene i FBA-programmet. \u201cSom nettbutikk er du avhengig av Fulfillment by Amazon, fordi programmet gj\u00f8r logistikprosessene i selskapet mye enklere. Men ingen er perfekte, og selvf\u00f8lgelig kan ogs\u00e5 ledende selskaper som Amazon gj\u00f8re feil.<\/p><p class=\"theme-wp-block gb-responsive-135542-identifier\">Manually \u00e5 sjekke for feil var uaktuelt. Analysen av problemkildene er veldig kompleks og krever en enorm mengde tid. &#8220;Det ville g\u00e5 utover enhver \u00f8konomisk ramme,\u201d sa Sandra til oss. \u201cDen Lost &#038; Found l\u00f8sningen fra SELLERLOGIC ble anbefalt til meg av mannen min, som allerede jobber med tjenesteleverand\u00f8rens Repricer og er veldig forn\u00f8yd med produktet. Det finnes mange l\u00f8sninger p\u00e5 markedet som en Amazon-virksomhet trenger for \u00e5 v\u00e6re vellykket i sine respektive markedsplasser. Jeg mener Lost &#038; Found er unik og uunnv\u00e6rlig for FBA-selgerne\u201d.<\/p><h3 class=\"theme-wp-block wp-block-heading gb-responsive-115756-identifier\">L\u00f8sning:<\/h3><p class=\"theme-wp-block gb-responsive-907939-identifier\">\u201cVerkt\u00f8yet er ikke vanskelig \u00e5 bruke og kan integreres raskt og enkelt. Trinn-for-trinn-instruksjonene \u2013 s\u00e5 vel som kunnskapsbasen \u2013 er veldig nyttige og krever ikke noe st\u00f8tte fra SELLERLOGIC. Lost &#038; Found rapporterer nye saker hver dag og gir forh\u00e5ndsdefinerte tekstmoduler som enkelt kan kopieres og limes inn i Amazon Seller Central. Jeg m\u00e5 bare kopiere og lime inn arbeidet for \u00e5 f\u00e5 refusjon fra Amazon. Siden de innsendte sakene vanligvis blir akseptert uten videre sp\u00f8rsm\u00e5l, holdes hele prosessen veldig enkel!\u201d<\/p><div class=\"theme-block-group-wrap\"><div class=\"theme-wp-block wp-block-group gb-responsive-88118-identifier\">\t\t<div  class=\"theme-wp-block theme-block-user-card gb-responsive-799176-identifier is-style-full-width-line\">\n\t\t<div class=\"wrap-inner-content\">\n\t\t\t<div class=\"card-user-head\">\n\t\t\t\t<div class=\"card-user-avatar\">\n\t\t\t\t\t<div class=\"cover-avatar\" style=\"background-image: url(https:\/\/d2bw95mh2ee04s.cloudfront.net\/prod\/content\/wp-content\/uploads\/2020\/12\/23142733\/sandra-schriewer-raute.png);\"><\/div>\n\t\t\t\t<\/div>\n\t\t\t\t<div class=\"wrap-title\">\n\t\t\t\t\t<div class=\"card-user-name\">\n\t\t\t\t\t\t<div class=\"title\">\n\t\t\t\t\t\t\t<h3 class=\"heading-text\"><strong>Sandra Schriewer<\/strong><\/h3>\n\t\t\t\t\t\t<\/div>\n\t\t\t\t\t\t<div class=\"card-user-position\">\n\t\t\t\t\t\t\t<div class=\"card-text\"><strong>CEO \u201eSamtige Haut\u201c<\/strong><\/div>\n\t\t\t\t\t\t<\/div>\n\t\t\t\t\t<\/div>\n\t\t\t\t\t<div class=\"card-user-quote-icon\">\n\t\t\t\t\t<\/div>\n\t\t\t\t<\/div>\n\t\t\t<\/div>\n\t\t\t<div class=\"card-user-text\">\n\t\t\t\t<div class=\"card-text\"><p>&#8220;Det finnes mange l\u00f8sninger p\u00e5 markedet som en Amazon-virksomhet trenger for \u00e5 v\u00e6re vellykket p\u00e5 sine respektive markedsplasser. Jeg mener Lost &amp; Found er unik og uunnv\u00e6rlig for FBA-selgerne\u201d.<\/p><\/div>\n\t\t\t<\/div>\n\t\t<\/div>\n\t<\/div>\n\n<\/div><\/div><h3 class=\"theme-wp-block wp-block-heading gb-responsive-595368-identifier\">Vellykkede resultater med SELLERLOGIC:<\/h3><p class=\"theme-wp-block gb-responsive-414432-identifier\">\u201c siden Lost &#038; Found sporer individuelle transaksjoner tilbake i opptil 18 m\u00e5neder, fikk jeg refusjon p\u00e5 omtrent 1,300 EUR umiddelbart etter integreringen av verkt\u00f8yet, som jeg aldri ville ha lagt merke til uten SELLERLOGIC. F\u00f8r integreringen av Lost &#038; Found var det ikke klart for meg hvor mange pakker som bare hadde forsvunnet i mellomtiden. Du kan ikke sjekke mengden data manuelt, og normalt gir ikke Amazon deg noen tilbakemelding om de manglende varene. Med Lost &#038; Found f\u00e5r du pengene tilbake og sparer deg for en enorm mengde tid \u2013 takket v\u00e6re den automatiserte forskningen og innsendingen av saker ved hjelp av Copy &#038; Paste-funksjonen.\u201d<\/p><p class=\"theme-wp-block gb-responsive-57813-identifier\">\u201cJeg kan bare anbefale alle \u00e5 integrere l\u00f8sningen i sitt eget system. Du har ingenting \u00e5 tape! Kostnadene for SELLERLOGIC Lost &#038; Found er veldig rettferdige fra mitt synspunkt fordi de beregnes proporsjonalt med den faktiske refusjonen fra Amazon. Hvis ingenting blir funnet, vil ingen avgifter bli belastet. Hver dag som g\u00e5r uten Lost &#038; Found koster penger for selgerne. I tillegg har du maksimalt 18 m\u00e5neder p\u00e5 \u00e5 sende inn kravene dine, i noen tilfeller enda mindre,\u201d avslutter Sandra for oss.<a href=\"https:\/\/d2bw95mh2ee04s.cloudfront.net\/prod\/content\/files\/SUCCESS-STORIES\/EN\/NEU_SELLERLOGIC_SN_Success-Story_Samtige-Haut-EN.pdf\" target=\"_blank\" rel=\"noreferrer noopener nofollow\"><\/a><\/p><div class=\"theme-wp-block wp-block-buttons gb-responsive-497426-identifier is-layout-flex wp-block-buttons-is-layout-flex\"><div class=\"theme-wp-block wp-block-button gb-responsive-38220-identifier is-style-theme-transparent-with-arrow\"><a class=\"wp-block-button__link wp-element-button\" href=\"https:\/\/d2bw95mh2ee04s.cloudfront.net\/prod\/content\/files\/SUCCESS-STORIES\/EN\/SELLERLOGIC_SN_Success-Story_Samtige-Haut-EN.pdf\" target=\"_blank\" rel=\"noreferrer noopener nofollow\">Last ned suksesshistorien!  <\/a><\/div><\/div><\/div><div class=\"theme-wp-block wp-block-column gb-responsive-147753-identifier is-layout-flow wp-block-column-is-layout-flow\" style=\"flex-basis:25%\"><\/div><\/div><p class=\"theme-wp-block gb-responsive-527070-identifier\"><\/p>","protected":false},"excerpt":{"rendered":"<p>Stiftelse:November 2016 Bransje:Kosmetikk, kosttilskudd, \u00f8kologiske produkter Produkter p\u00e5 Amazon:1,000 Forsendelser:\u00a0omtrent 8,000 per m\u00e5ned Bakgrunn: I 2018 hadde Amazon en omsetning p\u00e5 232,9 milliarder amerikanske dollar. Rundt 45 prosent av de tyske Amazon-selgerne sender varene sine via Fulfillment by Amazon (FBA). Sandra Schriewer \u2013 eier av Amazon-butikken \u201cSamtige Haut\u201d (tysk for \u201cS\u00f8teste hud\u201d) \u2013 er en<\/p>\n","protected":false},"author":8,"featured_media":0,"parent":226176,"menu_order":0,"comment_status":"closed","ping_status":"closed","template":"","meta":{"sidebar_recommended_resources":{"data":[]},"sidebar_header_settings":{"hide_buttons":{"register":false}},"_use_new_theme":false,"inline_featured_image":false,"footnotes":""},"class_list":["post-225951","page","type-page","status-publish","hentry"],"yoast_head":"<!-- This site is optimized with the Yoast SEO plugin v26.8 - https:\/\/yoast.com\/product\/yoast-seo-wordpress\/ -->\n<title>&quot;Samtige Haut&quot; f\u00e5r Amazon-refusjon gjennom SELLERLOGIC Lost &amp; Found<\/title>\n<meta name=\"description\" content=\"Refusjoner med ett klikk: Kunder av SELLERLOGIC &quot;Samtige Haut&quot; f\u00e5r refusjonene sine fra Amazon gjennom Lost &amp; Found.\" \/>\n<meta name=\"robots\" content=\"index, follow, max-snippet:-1, max-image-preview:large, max-video-preview:-1\" \/>\n<link rel=\"canonical\" href=\"https:\/\/www.sellerlogic.com\/no\/resources\/success-story-samtige-haut\/\" \/>\n<meta property=\"og:locale\" content=\"nb_NO\" \/>\n<meta property=\"og:type\" content=\"article\" \/>\n<meta property=\"og:title\" content=\"&quot;Samtige Haut&quot; f\u00e5r Amazon-refusjon gjennom SELLERLOGIC Lost &amp; Found\" \/>\n<meta property=\"og:description\" content=\"Refusjoner med ett klikk: Kunder av SELLERLOGIC &quot;Samtige Haut&quot; f\u00e5r refusjonene sine fra Amazon gjennom Lost &amp; Found.\" \/>\n<meta property=\"og:url\" content=\"https:\/\/www.sellerlogic.com\/no\/resources\/success-story-samtige-haut\/\" \/>\n<meta property=\"og:site_name\" content=\"SELLERLOGIC - Smarte Tools f\u00fcr Amazon-Seller\" \/>\n<meta property=\"article:publisher\" content=\"https:\/\/www.facebook.com\/SellerLogic\/\" \/>\n<meta property=\"og:image\" content=\"https:\/\/www.sellerlogic.com\/wp-content\/uploads\/2020\/12\/samtige-haut-logo.png\" \/>\n<meta name=\"twitter:card\" content=\"summary_large_image\" \/>\n<meta name=\"twitter:site\" content=\"@sellerlogic\" \/>\n<meta name=\"twitter:label1\" content=\"Est. reading time\" \/>\n\t<meta name=\"twitter:data1\" content=\"3 minutes\" \/>\n<script type=\"application\/ld+json\" class=\"yoast-schema-graph\">{\"@context\":\"https:\/\/schema.org\",\"@graph\":[{\"@type\":\"WebPage\",\"@id\":\"https:\/\/www.sellerlogic.com\/no\/resources\/success-story-samtige-haut\/\",\"url\":\"https:\/\/www.sellerlogic.com\/no\/resources\/success-story-samtige-haut\/\",\"name\":\"\\\"Samtige Haut\\\" f\u00e5r Amazon-refusjon gjennom SELLERLOGIC Lost & Found\",\"isPartOf\":{\"@id\":\"https:\/\/www.sellerlogic.com\/no\/#website\"},\"primaryImageOfPage\":{\"@id\":\"https:\/\/www.sellerlogic.com\/no\/resources\/success-story-samtige-haut\/#primaryimage\"},\"image\":{\"@id\":\"https:\/\/www.sellerlogic.com\/no\/resources\/success-story-samtige-haut\/#primaryimage\"},\"thumbnailUrl\":\"https:\/\/www.sellerlogic.com\/wp-content\/uploads\/2020\/12\/samtige-haut-logo.png\",\"datePublished\":\"2020-12-18T10:43:41+00:00\",\"description\":\"Refusjoner med ett klikk: Kunder av SELLERLOGIC \\\"Samtige Haut\\\" f\u00e5r refusjonene sine fra Amazon gjennom Lost & Found.\",\"breadcrumb\":{\"@id\":\"https:\/\/www.sellerlogic.com\/no\/resources\/success-story-samtige-haut\/#breadcrumb\"},\"inLanguage\":\"nb-NO\",\"potentialAction\":[{\"@type\":\"ReadAction\",\"target\":[\"https:\/\/www.sellerlogic.com\/no\/resources\/success-story-samtige-haut\/\"]}]},{\"@type\":\"ImageObject\",\"inLanguage\":\"nb-NO\",\"@id\":\"https:\/\/www.sellerlogic.com\/no\/resources\/success-story-samtige-haut\/#primaryimage\",\"url\":\"https:\/\/www.sellerlogic.com\/wp-content\/uploads\/2020\/12\/samtige-haut-logo.png\",\"contentUrl\":\"https:\/\/www.sellerlogic.com\/wp-content\/uploads\/2020\/12\/samtige-haut-logo.png\"},{\"@type\":\"BreadcrumbList\",\"@id\":\"https:\/\/www.sellerlogic.com\/no\/resources\/success-story-samtige-haut\/#breadcrumb\",\"itemListElement\":[{\"@type\":\"ListItem\",\"position\":1,\"name\":\"Home\",\"item\":\"https:\/\/www.sellerlogic.com\/no\/\"},{\"@type\":\"ListItem\",\"position\":2,\"name\":\"Ressurser NO\",\"item\":\"https:\/\/www.sellerlogic.com\/no\/resources\/\"},{\"@type\":\"ListItem\",\"position\":3,\"name\":\"Suksesshistorie: Samtige Haut EN\"}]},{\"@type\":\"WebSite\",\"@id\":\"https:\/\/www.sellerlogic.com\/no\/#website\",\"url\":\"https:\/\/www.sellerlogic.com\/no\/\",\"name\":\"SELLERLOGIC - Smarte Tools f\u00fcr Amazon-Seller\",\"description\":\"Intelligente Prozessoptimierung und Gewinnmaximierung\",\"publisher\":{\"@id\":\"https:\/\/www.sellerlogic.com\/no\/#organization\"},\"potentialAction\":[{\"@type\":\"SearchAction\",\"target\":{\"@type\":\"EntryPoint\",\"urlTemplate\":\"https:\/\/www.sellerlogic.com\/no\/?s={search_term_string}\"},\"query-input\":{\"@type\":\"PropertyValueSpecification\",\"valueRequired\":true,\"valueName\":\"search_term_string\"}}],\"inLanguage\":\"nb-NO\"},{\"@type\":\"Organization\",\"@id\":\"https:\/\/www.sellerlogic.com\/no\/#organization\",\"name\":\"SELLERLOGIC\",\"url\":\"https:\/\/www.sellerlogic.com\/no\/\",\"logo\":{\"@type\":\"ImageObject\",\"inLanguage\":\"nb-NO\",\"@id\":\"https:\/\/www.sellerlogic.com\/no\/#\/schema\/logo\/image\/\",\"url\":\"https:\/\/d2bw95mh2ee04s.cloudfront.net\/prod\/content\/wp-content\/uploads\/2025\/01\/02134814\/Property-Logo-Main.svg\",\"contentUrl\":\"https:\/\/d2bw95mh2ee04s.cloudfront.net\/prod\/content\/wp-content\/uploads\/2025\/01\/02134814\/Property-Logo-Main.svg\",\"width\":184,\"height\":40,\"caption\":\"SELLERLOGIC\"},\"image\":{\"@id\":\"https:\/\/www.sellerlogic.com\/no\/#\/schema\/logo\/image\/\"},\"sameAs\":[\"https:\/\/www.facebook.com\/SellerLogic\/\",\"https:\/\/x.com\/sellerlogic\",\"https:\/\/www.instagram.com\/sellerlogic\/\",\"https:\/\/www.linkedin.com\/company\/18402037\/\",\"https:\/\/www.youtube.com\/channel\/UC-gULUur-fNj08sprantKsQ\"]}]}<\/script>\n<!-- \/ Yoast SEO plugin. -->","yoast_head_json":{"title":"\"Samtige Haut\" f\u00e5r Amazon-refusjon gjennom SELLERLOGIC Lost & Found","description":"Refusjoner med ett klikk: Kunder av SELLERLOGIC \"Samtige Haut\" f\u00e5r refusjonene sine fra Amazon gjennom Lost & Found.","robots":{"index":"index","follow":"follow","max-snippet":"max-snippet:-1","max-image-preview":"max-image-preview:large","max-video-preview":"max-video-preview:-1"},"canonical":"https:\/\/www.sellerlogic.com\/no\/resources\/success-story-samtige-haut\/","og_locale":"nb_NO","og_type":"article","og_title":"\"Samtige Haut\" f\u00e5r Amazon-refusjon gjennom SELLERLOGIC Lost & Found","og_description":"Refusjoner med ett klikk: Kunder av SELLERLOGIC \"Samtige Haut\" f\u00e5r refusjonene sine fra Amazon gjennom Lost & Found.","og_url":"https:\/\/www.sellerlogic.com\/no\/resources\/success-story-samtige-haut\/","og_site_name":"SELLERLOGIC - Smarte Tools f\u00fcr Amazon-Seller","article_publisher":"https:\/\/www.facebook.com\/SellerLogic\/","og_image":[{"url":"https:\/\/www.sellerlogic.com\/wp-content\/uploads\/2020\/12\/samtige-haut-logo.png","type":"","width":"","height":""}],"twitter_card":"summary_large_image","twitter_site":"@sellerlogic","twitter_misc":{"Est. reading time":"3 minutes"},"schema":{"@context":"https:\/\/schema.org","@graph":[{"@type":"WebPage","@id":"https:\/\/www.sellerlogic.com\/no\/resources\/success-story-samtige-haut\/","url":"https:\/\/www.sellerlogic.com\/no\/resources\/success-story-samtige-haut\/","name":"\"Samtige Haut\" f\u00e5r Amazon-refusjon gjennom SELLERLOGIC Lost & Found","isPartOf":{"@id":"https:\/\/www.sellerlogic.com\/no\/#website"},"primaryImageOfPage":{"@id":"https:\/\/www.sellerlogic.com\/no\/resources\/success-story-samtige-haut\/#primaryimage"},"image":{"@id":"https:\/\/www.sellerlogic.com\/no\/resources\/success-story-samtige-haut\/#primaryimage"},"thumbnailUrl":"https:\/\/www.sellerlogic.com\/wp-content\/uploads\/2020\/12\/samtige-haut-logo.png","datePublished":"2020-12-18T10:43:41+00:00","description":"Refusjoner med ett klikk: Kunder av SELLERLOGIC \"Samtige Haut\" f\u00e5r refusjonene sine fra Amazon gjennom Lost & Found.","breadcrumb":{"@id":"https:\/\/www.sellerlogic.com\/no\/resources\/success-story-samtige-haut\/#breadcrumb"},"inLanguage":"nb-NO","potentialAction":[{"@type":"ReadAction","target":["https:\/\/www.sellerlogic.com\/no\/resources\/success-story-samtige-haut\/"]}]},{"@type":"ImageObject","inLanguage":"nb-NO","@id":"https:\/\/www.sellerlogic.com\/no\/resources\/success-story-samtige-haut\/#primaryimage","url":"https:\/\/www.sellerlogic.com\/wp-content\/uploads\/2020\/12\/samtige-haut-logo.png","contentUrl":"https:\/\/www.sellerlogic.com\/wp-content\/uploads\/2020\/12\/samtige-haut-logo.png"},{"@type":"BreadcrumbList","@id":"https:\/\/www.sellerlogic.com\/no\/resources\/success-story-samtige-haut\/#breadcrumb","itemListElement":[{"@type":"ListItem","position":1,"name":"Home","item":"https:\/\/www.sellerlogic.com\/no\/"},{"@type":"ListItem","position":2,"name":"Ressurser NO","item":"https:\/\/www.sellerlogic.com\/no\/resources\/"},{"@type":"ListItem","position":3,"name":"Suksesshistorie: Samtige Haut EN"}]},{"@type":"WebSite","@id":"https:\/\/www.sellerlogic.com\/no\/#website","url":"https:\/\/www.sellerlogic.com\/no\/","name":"SELLERLOGIC - Smarte Tools f\u00fcr Amazon-Seller","description":"Intelligente Prozessoptimierung und Gewinnmaximierung","publisher":{"@id":"https:\/\/www.sellerlogic.com\/no\/#organization"},"potentialAction":[{"@type":"SearchAction","target":{"@type":"EntryPoint","urlTemplate":"https:\/\/www.sellerlogic.com\/no\/?s={search_term_string}"},"query-input":{"@type":"PropertyValueSpecification","valueRequired":true,"valueName":"search_term_string"}}],"inLanguage":"nb-NO"},{"@type":"Organization","@id":"https:\/\/www.sellerlogic.com\/no\/#organization","name":"SELLERLOGIC","url":"https:\/\/www.sellerlogic.com\/no\/","logo":{"@type":"ImageObject","inLanguage":"nb-NO","@id":"https:\/\/www.sellerlogic.com\/no\/#\/schema\/logo\/image\/","url":"https:\/\/d2bw95mh2ee04s.cloudfront.net\/prod\/content\/wp-content\/uploads\/2025\/01\/02134814\/Property-Logo-Main.svg","contentUrl":"https:\/\/d2bw95mh2ee04s.cloudfront.net\/prod\/content\/wp-content\/uploads\/2025\/01\/02134814\/Property-Logo-Main.svg","width":184,"height":40,"caption":"SELLERLOGIC"},"image":{"@id":"https:\/\/www.sellerlogic.com\/no\/#\/schema\/logo\/image\/"},"sameAs":["https:\/\/www.facebook.com\/SellerLogic\/","https:\/\/x.com\/sellerlogic","https:\/\/www.instagram.com\/sellerlogic\/","https:\/\/www.linkedin.com\/company\/18402037\/","https:\/\/www.youtube.com\/channel\/UC-gULUur-fNj08sprantKsQ"]}]}},"_links":{"self":[{"href":"https:\/\/www.sellerlogic.com\/no\/wp-json\/wp\/v2\/pages\/225951","targetHints":{"allow":["GET"]}}],"collection":[{"href":"https:\/\/www.sellerlogic.com\/no\/wp-json\/wp\/v2\/pages"}],"about":[{"href":"https:\/\/www.sellerlogic.com\/no\/wp-json\/wp\/v2\/types\/page"}],"author":[{"embeddable":true,"href":"https:\/\/www.sellerlogic.com\/no\/wp-json\/wp\/v2\/users\/8"}],"replies":[{"embeddable":true,"href":"https:\/\/www.sellerlogic.com\/no\/wp-json\/wp\/v2\/comments?post=225951"}],"version-history":[{"count":0,"href":"https:\/\/www.sellerlogic.com\/no\/wp-json\/wp\/v2\/pages\/225951\/revisions"}],"up":[{"embeddable":true,"href":"https:\/\/www.sellerlogic.com\/no\/wp-json\/wp\/v2\/pages\/226176"}],"wp:attachment":[{"href":"https:\/\/www.sellerlogic.com\/no\/wp-json\/wp\/v2\/media?parent=225951"}],"curies":[{"name":"wp","href":"https:\/\/api.w.org\/{rel}","templated":true}]}}