
{"id":226020,"date":"2021-03-02T08:05:46","date_gmt":"2021-03-02T08:05:46","guid":{"rendered":"https:\/\/127.0.0.1\/resources\/success-story-groupe-dragon\/"},"modified":"2021-03-02T08:05:46","modified_gmt":"2021-03-02T08:05:46","slug":"success-story-groupe-dragon","status":"publish","type":"page","link":"https:\/\/www.sellerlogic.com\/no\/resources\/success-story-groupe-dragon\/","title":{"rendered":"Suksesshistorie: Groupe Dragon EN"},"content":{"rendered":"\n\t<div  class=\"theme-wp-block theme-block-main-header desktop-content-align-y-center desktop-content-align-x-center xl-content-align-y-center xl-content-align-x-center lg-content-align-y-center lg-content-align-x-center md-content-align-y-center md-content-align-x-center sm-content-align-y-center sm-content-align-x-center gb-responsive-853195-identifier desktop-align-full xl-align-full lg-align-full md-align-full sm-align-full is-style-default theme-block-cover\">\n\t\t<div class=\"bg-cover theme-lazy-load-bg\"><\/div>\n\t\t<div class=\"wrap-content-main-header\">\n\t\t\t\t\t<div  class=\"theme-wp-block theme-block-text-and-text gb-responsive-170032-identifier desktop-vertical-center xl-vertical-center lg-vertical-center md-vertical-center sm-vertical-center md-blockDirection-column sm-blockDirection-column desktop-blockDirection-column xl-blockDirection-column lg-blockDirection-column is-style-default desktop-align-wide xl-align-wide lg-align-wide md-align-wide sm-align-wide alignwide\">\n\t\t<div class=\"tat-column-wrap-wrapper\">\n\t\t\t<div class=\"tat-column-wrapper\">\n\t\t\t\t\t<div  class=\"theme-wp-block theme-block-text-and-text-column gb-responsive-644092-identifier md-horizontal-center sm-horizontal-center xl-horizontal-center lg-horizontal-center desktop-horizontal-left\">\n\t\t<div class=\"inner-wrap-column-content\">\n\t\t\t<div class=\"inner-column-content\">\n\t\t\t\t\t\t<h1  class=\"theme-wp-block theme-block-heading is-style-default sm-text-center md-text-center desktop-text-center xl-text-center lg-text-center gb-responsive-113637-identifier desktop-align-full xl-align-full lg-align-full md-align-full sm-align-full alignfull h1 has-text-align\">\n\t\t<strong>Ingen tid, ingen arbeidskraft, ingen ressurser<\/strong>\t<\/h1>\n\n\t\t<h2  class=\"theme-wp-block theme-block-heading desktop-gb-has-no-icon xl-gb-has-no-icon lg-gb-has-no-icon md-gb-has-no-icon sm-gb-has-no-icon gb-responsive-848621-identifier desktop-text-center xl-text-center lg-text-center md-text-center sm-text-center h3\">\n\t\t<strong>Hvordan Groupe Dragon fortsatt f\u00e5r hver FBA-feil refundert<\/strong>\t<\/h2>\n\n\t\t\t<\/div>\n\t\t<\/div>\n\t<\/div>\n\t<div  class=\"theme-wp-block theme-block-text-and-text-column gb-responsive-840598-identifier desktop-horizontal-center xl-horizontal-center lg-horizontal-center md-horizontal-center sm-horizontal-center\">\n\t\t<div class=\"inner-wrap-column-content\">\n\t\t\t<div class=\"inner-column-content\">\n\t\t\t\t\t\t\t<\/div>\n\t\t<\/div>\n\t<\/div>\n\t\t\t<\/div>\n\t\t<\/div>\n\t<\/div>\n\n\t\t<\/div>\n\t<\/div>\n\n<div style=\"height:50px\" aria-hidden=\"true\" class=\"theme-wp-block wp-block-spacer\"><\/div><div class=\"theme-wp-block wp-block-columns gb-responsive-492868-identifier is-layout-flex wp-container-core-columns-is-layout-9d6595d7 wp-block-columns-is-layout-flex\"><div class=\"theme-wp-block wp-block-column gb-responsive-633979-identifier is-layout-flow wp-block-column-is-layout-flow\" style=\"flex-basis:25%\"><figure class=\"theme-wp-block wp-block-image size-large is-resized desktop-gb-has-no-icon xl-gb-has-no-icon lg-gb-has-no-icon md-gb-has-no-icon sm-gb-has-no-icon gb-responsive-595564-identifier\"><img decoding=\"async\" width=\"156\" height=\"156\" src=\"https:\/\/d2bw95mh2ee04s.cloudfront.net\/prod\/content\/wp-content\/uploads\/2021\/03\/23142640\/logo2_groupe-dragon-edited.png\" alt=\"Suksesshistorie: Groupe Dragon EN\" class=\"wp-image-8499\" style=\"width:156px;height:156px\"><\/figure><p class=\"theme-wp-block desktop-gb-has-no-icon xl-gb-has-no-icon lg-gb-has-no-icon md-gb-has-no-icon sm-gb-has-no-icon gb-responsive-471154-identifier\"><strong><strong>Stiftelse<\/strong>:<\/strong><br>2011<\/p><p class=\"theme-wp-block desktop-gb-has-no-icon xl-gb-has-no-icon lg-gb-has-no-icon md-gb-has-no-icon sm-gb-has-no-icon gb-responsive-988471-identifier\"><strong><strong>Bransje<\/strong>:<\/strong><br>Reservedeler og elektroniske husholdningsapparater<\/p><p class=\"theme-wp-block desktop-gb-has-no-icon xl-gb-has-no-icon lg-gb-has-no-icon md-gb-has-no-icon sm-gb-has-no-icon gb-responsive-290042-identifier\"><strong><strong>Produkter p\u00e5 Amazon:\u00a0<\/strong><\/strong><br>ca. 177 000 SKUer<\/p><p class=\"theme-wp-block desktop-gb-has-no-icon xl-gb-has-no-icon lg-gb-has-no-icon md-gb-has-no-icon sm-gb-has-no-icon gb-responsive-427484-identifier\"><strong><strong>Forsendelser<\/strong>:\u00a0<\/strong><br>ca. 37 000 per m\u00e5ned<\/p><\/div><div class=\"theme-wp-block wp-block-column gb-responsive-243785-identifier is-layout-flow wp-block-column-is-layout-flow\" style=\"flex-basis:50%\"><h3 class=\"theme-wp-block wp-block-heading desktop-gb-has-no-icon xl-gb-has-no-icon lg-gb-has-no-icon md-gb-has-no-icon sm-gb-has-no-icon gb-responsive-998927-identifier\" id=\"block-c06fce04-ef87-4ffc-a3d6-b768ba377d17\">Bakgrunn:<\/h3><p class=\"theme-wp-block gb-responsive-710769-identifier\">Groupe Dragon er et av de mest suksessrike franske selskapene p\u00e5 Amazon-markedet. Og det er en grunn til det: F\u00f8r grunnleggeren av Groupe Dragon ble en Amazon-selger, jobbet han heltid som reparat\u00f8r av elektriske apparater. \u201cSelv da tilb\u00f8d han reservedeler i butikken sin,\u201d sier Florent Noualy, leder for innkj\u00f8p og markedsstrategi. \u201cHan inns\u00e5 at elektriske apparater g\u00e5r i stykker mye lettere n\u00e5 enn de pleide \u00e5 gj\u00f8re.\u201d<\/p><p class=\"theme-wp-block gb-responsive-502902-identifier\">I tillegg var det nye lovgivninger som krevde at produsenter, for eksempel, m\u00e5tte ha reservedeler p\u00e5 lager i en viss periode. Som et resultat av disse endringene har det v\u00e6rt en betydelig vekst i ettersp\u00f8rselen etter reparasjonsforsyninger, spesielt p\u00e5 nettet. Beslutningen om ogs\u00e5 \u00e5 tilby reservedeler p\u00e5 nettet var helt riktig: i mellomtiden rangerer Groupe Dragon blant de 5 mest suksessrike franske Amazon-selgerne.<\/p><h3 class=\"theme-wp-block wp-block-heading desktop-gb-has-no-icon xl-gb-has-no-icon lg-gb-has-no-icon md-gb-has-no-icon sm-gb-has-no-icon gb-responsive-686902-identifier\">Startsituasjon:<\/h3><p class=\"theme-wp-block gb-responsive-145505-identifier\">Med sin suksess stod imidlertid Groupe Dragon ogs\u00e5 overfor nye utfordringer som m\u00e5tte overvinnes. \u201cEn av dem var internasjonalisering. Amazon var til stor hjelp i dette fordi den enkle tilgangen til andre markedsplasser betydde at selskapet v\u00e5rt vokste jevnt,\u201d sier Florent Noualy. Den tyske markedsplassen ble til og med den ledende salgskanalen.<\/p><p class=\"theme-wp-block gb-responsive-223640-identifier\">Men ekspansjon via Amazon \u00e5pnet ogs\u00e5 veien for Groupe Dragon til \u00e5 tilby merkede produkter fra Dyson eller Elektrolux. \u201cDette \u00f8kte massivt volumet av bestillinger og lager. Da jeg ble med i teamet i 2015, ble det relativt raskt klart at vi m\u00e5tte bytte v\u00e5r oppfyllelse til FBA i fremtiden. For oss var dette det beste alternativet.\u201d<\/p><h3 class=\"theme-wp-block wp-block-heading desktop-gb-has-no-icon xl-gb-has-no-icon lg-gb-has-no-icon md-gb-has-no-icon sm-gb-has-no-icon gb-responsive-423206-identifier\">L\u00f8sning:<\/h3><p class=\"theme-wp-block gb-responsive-405561-identifier\">Deretter mottok Noualy en melding via LinkedIn fra Monica, v\u00e5r salgsutviklingsrepresentant hos SELLERLOGIC. \u201cJeg kjente allerede til SELLERLOGIC,\u201d minner Noualy, \u201cog jeg var umiddelbart interessert i Lost &#038; Found. Det var allerede klart for meg p\u00e5 det tidspunktet at vi manglet viktig informasjon om v\u00e5re FBA-prosesser.\u201d I tillegg var ingen p\u00e5 Groupe Dragon-teamet i stand til \u00e5 analysere de enorme datamengdene som Lost &#038; Found gj\u00f8r.<\/p><p class=\"theme-wp-block gb-responsive-793217-identifier\">\u201cSelv om vi har solgt p\u00e5 Amazon i flere \u00e5r og har en solid forst\u00e5else av hvordan det fungerer,\u201d legger Noualy til, &#8220;hadde vi ikke nok ekspertise til \u00e5 identifisere alle typer feil.&#8221;<br>Det var kritisk \u00e5 f\u00e5 denne situasjonen under kontroll. \u201cDa jeg aktiverte Lost &#038; Found da, forventet jeg allerede at verkt\u00f8yet ville identifisere mange FBA-feil. Men jeg ville aldri ha forventet det faktiske antallet!\u201d<\/p><div class=\"theme-block-group-wrap\"><div class=\"theme-wp-block wp-block-group gb-responsive-88118-identifier\">\t\t<div  class=\"theme-wp-block theme-block-user-card gb-responsive-799176-identifier is-style-full-width-line desktop-gb-has-no-icon xl-gb-has-no-icon lg-gb-has-no-icon md-gb-has-no-icon sm-gb-has-no-icon\">\n\t\t<div class=\"wrap-inner-content\">\n\t\t\t<div class=\"card-user-head\">\n\t\t\t\t<div class=\"card-user-avatar\">\n\t\t\t\t\t<div class=\"cover-avatar\" style=\"background-image: url(https:\/\/d2bw95mh2ee04s.cloudfront.net\/prod\/content\/wp-content\/uploads\/2021\/03\/23142640\/florent_groupe-dragon-raute.png);\"><\/div>\n\t\t\t\t<\/div>\n\t\t\t\t<div class=\"wrap-title\">\n\t\t\t\t\t<div class=\"card-user-name\">\n\t\t\t\t\t\t<div class=\"title\">\n\t\t\t\t\t\t\t<h3 class=\"heading-text\"><strong>Florent Noualy<\/strong><\/h3>\n\t\t\t\t\t\t<\/div>\n\t\t\t\t\t\t<div class=\"card-user-position\">\n\t\t\t\t\t\t\t<div class=\"card-text\"><strong>Hovedansvarlig for innkj\u00f8p og markedsplassstrategi<\/strong><\/div>\n\t\t\t\t\t\t<\/div>\n\t\t\t\t\t<\/div>\n\t\t\t\t\t<div class=\"card-user-quote-icon\">\n\t\t\t\t\t<\/div>\n\t\t\t\t<\/div>\n\t\t\t<\/div>\n\t\t\t<div class=\"card-user-text\">\n\t\t\t\t<div class=\"card-text\"><p>&#8220;Det var absolutt uakseptabelt \u00e5 fortsette \u00e5 tape s\u00e5 mye penger, s\u00e5 beslutningen ble klar: vi ville fortsette \u00e5 bruke Lost &amp; Found.&#8221;<\/p><\/div>\n\t\t\t<\/div>\n\t\t<\/div>\n\t<\/div>\n\n<\/div><\/div><h3 class=\"theme-wp-block wp-block-heading desktop-gb-has-no-icon xl-gb-has-no-icon lg-gb-has-no-icon md-gb-has-no-icon sm-gb-has-no-icon gb-responsive-599569-identifier\">Suksessfulle resultater med SELLERLOGIC:<\/h3><p class=\"theme-wp-block gb-responsive-44628-identifier\">Den aller f\u00f8rste kj\u00f8ringen av Lost &#038; Found avdekket 360 feil. Noualy var sjokkert. \u201cDet var absolutt uakseptabelt for oss \u00e5 fortsette \u00e5 tape s\u00e5 mye penger, s\u00e5 beslutningen var klar: Vi ville fortsette \u00e5 bruke Lost &#038; Found.\u201d Dette viste seg \u00e5 v\u00e6re en god beslutning. S\u00e5 langt har Lost &#038; Found brakt selskapet rundt 25 000 euro i refusjoner som ellers ville v\u00e6rt tapt.<\/p><p class=\"theme-wp-block gb-responsive-8364-identifier\">Men det er ikke alt. I tillegg sparer Groupe Dragons l\u00f8sning fra SELLERLOGIC ogs\u00e5 mange andre ressurser, som tid og arbeidskraft. \u201cKommunikasjonen med Amazon har ogs\u00e5 blitt enklere fordi Lost &#038; Found gir oss riktig informasjon til enhver tid.\u201d Det inkluderer for eksempel malene som Groupe Dragon kan bruke for \u00e5 svare umiddelbart p\u00e5 Amazons automatiserte svar. \u201cAlt vi trenger \u00e5 gj\u00f8re er \u00e5 kopiere disse malene. Alt vi trenger \u00e5 vite om en feil kan finnes klart vist i Lost &#038; Found.\u201d<\/p><p class=\"theme-wp-block gb-responsive-936816-identifier\">Florent Noualy er ogs\u00e5 entusiastisk over SELLERLOGIC fordi kundeservice er inkludert i prisen: \u201cHvis det er noen problemer med en av de \u00e5pne sakene, er SELLERLOGIC-teamet alltid tilgjengelig og gj\u00f8r alt de kan for \u00e5 hjelpe kundene sine og avslutte saken med best mulig utfall.<\/p><div class=\"theme-wp-block wp-block-buttons desktop-gb-has-no-icon xl-gb-has-no-icon lg-gb-has-no-icon md-gb-has-no-icon sm-gb-has-no-icon gb-responsive-237208-identifier is-layout-flex wp-block-buttons-is-layout-flex\"><div class=\"theme-wp-block wp-block-button is-style-theme-transparent-with-arrow gb-responsive-303674-identifier\"><a class=\"wp-block-button__link wp-element-button\" href=\"https:\/\/d2bw95mh2ee04s.cloudfront.net\/prod\/content\/files\/SUCCESS-STORIES\/EN\/SELLERLOGIC_Success-Story_Groupe-Dragon_EN.pdf\" target=\"_blank\" rel=\"noreferrer noopener nofollow\">Last ned n\u00e5!<\/a><\/div><\/div><\/div><div class=\"theme-wp-block wp-block-column gb-responsive-252189-identifier is-layout-flow wp-block-column-is-layout-flow\" style=\"flex-basis:25%\"><\/div><\/div><p class=\"theme-wp-block gb-responsive-208920-identifier\"><\/p>","protected":false},"excerpt":{"rendered":"<p>Stiftelse:2011 Bransje:Reservedeler og elektroniske husholdningsapparater Produkter p\u00e5 Amazon:\u00a0ca. 177 000 SKUer Forsendelser:\u00a0ca. 37 000 per m\u00e5ned Bakgrunn: Groupe Dragon er et av de mest suksessrike franske selskapene p\u00e5 Amazon-markedet. Og det er en grunn til det: F\u00f8r grunnleggeren av Groupe Dragon ble en Amazon-selger, jobbet han heltid som reparat\u00f8r av elektriske apparater. \u201cSelv da tilb\u00f8d<\/p>\n","protected":false},"author":3,"featured_media":8511,"parent":226176,"menu_order":0,"comment_status":"closed","ping_status":"closed","template":"","meta":{"sidebar_recommended_resources":{"data":[]},"sidebar_header_settings":{"hide_buttons":{"register":false}},"_use_new_theme":false,"inline_featured_image":false,"footnotes":""},"class_list":["post-226020","page","type-page","status-publish","has-post-thumbnail","hentry"],"yoast_head":"<!-- This site is optimized with the Yoast SEO plugin v26.8 - https:\/\/yoast.com\/product\/yoast-seo-wordpress\/ -->\n<title>Suksesshistorie: Groupe Dragon og Lost &amp; Found | SELLERLOGIC<\/title>\n<meta name=\"description\" content=\"Ingen tid, ingen arbeidskraft, ingen ressurser: Hvordan Groupe Dragon fortsatt f\u00e5r hver FBA-feil refundert. Les n\u00e5 og l\u00e6r mer!\" \/>\n<meta name=\"robots\" content=\"index, follow, max-snippet:-1, max-image-preview:large, max-video-preview:-1\" \/>\n<link rel=\"canonical\" href=\"https:\/\/www.sellerlogic.com\/no\/resources\/success-story-groupe-dragon\/\" \/>\n<meta property=\"og:locale\" content=\"nb_NO\" \/>\n<meta property=\"og:type\" content=\"article\" \/>\n<meta property=\"og:title\" content=\"Suksesshistorie: Groupe Dragon og Lost &amp; Found | SELLERLOGIC\" \/>\n<meta property=\"og:description\" content=\"Ingen tid, ingen arbeidskraft, ingen ressurser: Hvordan Groupe Dragon fortsatt f\u00e5r hver FBA-feil refundert. Les n\u00e5 og l\u00e6r mer!\" \/>\n<meta property=\"og:url\" content=\"https:\/\/www.sellerlogic.com\/no\/resources\/success-story-groupe-dragon\/\" \/>\n<meta property=\"og:site_name\" content=\"SELLERLOGIC - Smarte Tools f\u00fcr Amazon-Seller\" \/>\n<meta property=\"article:publisher\" content=\"https:\/\/www.facebook.com\/SellerLogic\/\" \/>\n<meta property=\"og:image\" content=\"https:\/\/d2bw95mh2ee04s.cloudfront.net\/prod\/content\/wp-content\/uploads\/2021\/03\/23142639\/wp-header_groupe-dragon.jpeg\" \/>\n\t<meta property=\"og:image:width\" content=\"2000\" \/>\n\t<meta property=\"og:image:height\" content=\"1333\" \/>\n\t<meta property=\"og:image:type\" content=\"image\/jpeg\" \/>\n<meta name=\"twitter:card\" content=\"summary_large_image\" \/>\n<meta name=\"twitter:site\" content=\"@sellerlogic\" \/>\n<meta name=\"twitter:label1\" content=\"Est. reading time\" \/>\n\t<meta name=\"twitter:data1\" content=\"4 minutes\" \/>\n<script type=\"application\/ld+json\" class=\"yoast-schema-graph\">{\"@context\":\"https:\/\/schema.org\",\"@graph\":[{\"@type\":\"WebPage\",\"@id\":\"https:\/\/www.sellerlogic.com\/no\/resources\/success-story-groupe-dragon\/\",\"url\":\"https:\/\/www.sellerlogic.com\/no\/resources\/success-story-groupe-dragon\/\",\"name\":\"Suksesshistorie: Groupe Dragon og Lost & Found | SELLERLOGIC\",\"isPartOf\":{\"@id\":\"https:\/\/www.sellerlogic.com\/no\/#website\"},\"primaryImageOfPage\":{\"@id\":\"https:\/\/www.sellerlogic.com\/no\/resources\/success-story-groupe-dragon\/#primaryimage\"},\"image\":{\"@id\":\"https:\/\/www.sellerlogic.com\/no\/resources\/success-story-groupe-dragon\/#primaryimage\"},\"thumbnailUrl\":\"https:\/\/d2bw95mh2ee04s.cloudfront.net\/prod\/content\/wp-content\/uploads\/2021\/03\/23142639\/wp-header_groupe-dragon.jpeg\",\"datePublished\":\"2021-03-02T08:05:46+00:00\",\"description\":\"Ingen tid, ingen arbeidskraft, ingen ressurser: Hvordan Groupe Dragon fortsatt f\u00e5r hver FBA-feil refundert. Les n\u00e5 og l\u00e6r mer!\",\"breadcrumb\":{\"@id\":\"https:\/\/www.sellerlogic.com\/no\/resources\/success-story-groupe-dragon\/#breadcrumb\"},\"inLanguage\":\"nb-NO\",\"potentialAction\":[{\"@type\":\"ReadAction\",\"target\":[\"https:\/\/www.sellerlogic.com\/no\/resources\/success-story-groupe-dragon\/\"]}]},{\"@type\":\"ImageObject\",\"inLanguage\":\"nb-NO\",\"@id\":\"https:\/\/www.sellerlogic.com\/no\/resources\/success-story-groupe-dragon\/#primaryimage\",\"url\":\"https:\/\/d2bw95mh2ee04s.cloudfront.net\/prod\/content\/wp-content\/uploads\/2021\/03\/23142639\/wp-header_groupe-dragon.jpeg\",\"contentUrl\":\"https:\/\/d2bw95mh2ee04s.cloudfront.net\/prod\/content\/wp-content\/uploads\/2021\/03\/23142639\/wp-header_groupe-dragon.jpeg\",\"width\":2000,\"height\":1333,\"caption\":\"electrical tools and equipment on wooden background with copy space\"},{\"@type\":\"BreadcrumbList\",\"@id\":\"https:\/\/www.sellerlogic.com\/no\/resources\/success-story-groupe-dragon\/#breadcrumb\",\"itemListElement\":[{\"@type\":\"ListItem\",\"position\":1,\"name\":\"Home\",\"item\":\"https:\/\/www.sellerlogic.com\/no\/\"},{\"@type\":\"ListItem\",\"position\":2,\"name\":\"Ressurser NO\",\"item\":\"https:\/\/www.sellerlogic.com\/no\/resources\/\"},{\"@type\":\"ListItem\",\"position\":3,\"name\":\"Suksesshistorie: Groupe Dragon EN\"}]},{\"@type\":\"WebSite\",\"@id\":\"https:\/\/www.sellerlogic.com\/no\/#website\",\"url\":\"https:\/\/www.sellerlogic.com\/no\/\",\"name\":\"SELLERLOGIC - Smarte Tools f\u00fcr Amazon-Seller\",\"description\":\"Intelligente Prozessoptimierung und Gewinnmaximierung\",\"publisher\":{\"@id\":\"https:\/\/www.sellerlogic.com\/no\/#organization\"},\"potentialAction\":[{\"@type\":\"SearchAction\",\"target\":{\"@type\":\"EntryPoint\",\"urlTemplate\":\"https:\/\/www.sellerlogic.com\/no\/?s={search_term_string}\"},\"query-input\":{\"@type\":\"PropertyValueSpecification\",\"valueRequired\":true,\"valueName\":\"search_term_string\"}}],\"inLanguage\":\"nb-NO\"},{\"@type\":\"Organization\",\"@id\":\"https:\/\/www.sellerlogic.com\/no\/#organization\",\"name\":\"SELLERLOGIC\",\"url\":\"https:\/\/www.sellerlogic.com\/no\/\",\"logo\":{\"@type\":\"ImageObject\",\"inLanguage\":\"nb-NO\",\"@id\":\"https:\/\/www.sellerlogic.com\/no\/#\/schema\/logo\/image\/\",\"url\":\"https:\/\/d2bw95mh2ee04s.cloudfront.net\/prod\/content\/wp-content\/uploads\/2025\/01\/02134814\/Property-Logo-Main.svg\",\"contentUrl\":\"https:\/\/d2bw95mh2ee04s.cloudfront.net\/prod\/content\/wp-content\/uploads\/2025\/01\/02134814\/Property-Logo-Main.svg\",\"width\":184,\"height\":40,\"caption\":\"SELLERLOGIC\"},\"image\":{\"@id\":\"https:\/\/www.sellerlogic.com\/no\/#\/schema\/logo\/image\/\"},\"sameAs\":[\"https:\/\/www.facebook.com\/SellerLogic\/\",\"https:\/\/x.com\/sellerlogic\",\"https:\/\/www.instagram.com\/sellerlogic\/\",\"https:\/\/www.linkedin.com\/company\/18402037\/\",\"https:\/\/www.youtube.com\/channel\/UC-gULUur-fNj08sprantKsQ\"]}]}<\/script>\n<!-- \/ Yoast SEO plugin. -->","yoast_head_json":{"title":"Suksesshistorie: Groupe Dragon og Lost & Found | SELLERLOGIC","description":"Ingen tid, ingen arbeidskraft, ingen ressurser: Hvordan Groupe Dragon fortsatt f\u00e5r hver FBA-feil refundert. Les n\u00e5 og l\u00e6r mer!","robots":{"index":"index","follow":"follow","max-snippet":"max-snippet:-1","max-image-preview":"max-image-preview:large","max-video-preview":"max-video-preview:-1"},"canonical":"https:\/\/www.sellerlogic.com\/no\/resources\/success-story-groupe-dragon\/","og_locale":"nb_NO","og_type":"article","og_title":"Suksesshistorie: Groupe Dragon og Lost & Found | SELLERLOGIC","og_description":"Ingen tid, ingen arbeidskraft, ingen ressurser: Hvordan Groupe Dragon fortsatt f\u00e5r hver FBA-feil refundert. Les n\u00e5 og l\u00e6r mer!","og_url":"https:\/\/www.sellerlogic.com\/no\/resources\/success-story-groupe-dragon\/","og_site_name":"SELLERLOGIC - Smarte Tools f\u00fcr Amazon-Seller","article_publisher":"https:\/\/www.facebook.com\/SellerLogic\/","og_image":[{"width":2000,"height":1333,"url":"https:\/\/d2bw95mh2ee04s.cloudfront.net\/prod\/content\/wp-content\/uploads\/2021\/03\/23142639\/wp-header_groupe-dragon.jpeg","type":"image\/jpeg"}],"twitter_card":"summary_large_image","twitter_site":"@sellerlogic","twitter_misc":{"Est. reading time":"4 minutes"},"schema":{"@context":"https:\/\/schema.org","@graph":[{"@type":"WebPage","@id":"https:\/\/www.sellerlogic.com\/no\/resources\/success-story-groupe-dragon\/","url":"https:\/\/www.sellerlogic.com\/no\/resources\/success-story-groupe-dragon\/","name":"Suksesshistorie: Groupe Dragon og Lost & Found | SELLERLOGIC","isPartOf":{"@id":"https:\/\/www.sellerlogic.com\/no\/#website"},"primaryImageOfPage":{"@id":"https:\/\/www.sellerlogic.com\/no\/resources\/success-story-groupe-dragon\/#primaryimage"},"image":{"@id":"https:\/\/www.sellerlogic.com\/no\/resources\/success-story-groupe-dragon\/#primaryimage"},"thumbnailUrl":"https:\/\/d2bw95mh2ee04s.cloudfront.net\/prod\/content\/wp-content\/uploads\/2021\/03\/23142639\/wp-header_groupe-dragon.jpeg","datePublished":"2021-03-02T08:05:46+00:00","description":"Ingen tid, ingen arbeidskraft, ingen ressurser: Hvordan Groupe Dragon fortsatt f\u00e5r hver FBA-feil refundert. Les n\u00e5 og l\u00e6r mer!","breadcrumb":{"@id":"https:\/\/www.sellerlogic.com\/no\/resources\/success-story-groupe-dragon\/#breadcrumb"},"inLanguage":"nb-NO","potentialAction":[{"@type":"ReadAction","target":["https:\/\/www.sellerlogic.com\/no\/resources\/success-story-groupe-dragon\/"]}]},{"@type":"ImageObject","inLanguage":"nb-NO","@id":"https:\/\/www.sellerlogic.com\/no\/resources\/success-story-groupe-dragon\/#primaryimage","url":"https:\/\/d2bw95mh2ee04s.cloudfront.net\/prod\/content\/wp-content\/uploads\/2021\/03\/23142639\/wp-header_groupe-dragon.jpeg","contentUrl":"https:\/\/d2bw95mh2ee04s.cloudfront.net\/prod\/content\/wp-content\/uploads\/2021\/03\/23142639\/wp-header_groupe-dragon.jpeg","width":2000,"height":1333,"caption":"electrical tools and equipment on wooden background with copy space"},{"@type":"BreadcrumbList","@id":"https:\/\/www.sellerlogic.com\/no\/resources\/success-story-groupe-dragon\/#breadcrumb","itemListElement":[{"@type":"ListItem","position":1,"name":"Home","item":"https:\/\/www.sellerlogic.com\/no\/"},{"@type":"ListItem","position":2,"name":"Ressurser NO","item":"https:\/\/www.sellerlogic.com\/no\/resources\/"},{"@type":"ListItem","position":3,"name":"Suksesshistorie: Groupe Dragon EN"}]},{"@type":"WebSite","@id":"https:\/\/www.sellerlogic.com\/no\/#website","url":"https:\/\/www.sellerlogic.com\/no\/","name":"SELLERLOGIC - Smarte Tools f\u00fcr Amazon-Seller","description":"Intelligente Prozessoptimierung und Gewinnmaximierung","publisher":{"@id":"https:\/\/www.sellerlogic.com\/no\/#organization"},"potentialAction":[{"@type":"SearchAction","target":{"@type":"EntryPoint","urlTemplate":"https:\/\/www.sellerlogic.com\/no\/?s={search_term_string}"},"query-input":{"@type":"PropertyValueSpecification","valueRequired":true,"valueName":"search_term_string"}}],"inLanguage":"nb-NO"},{"@type":"Organization","@id":"https:\/\/www.sellerlogic.com\/no\/#organization","name":"SELLERLOGIC","url":"https:\/\/www.sellerlogic.com\/no\/","logo":{"@type":"ImageObject","inLanguage":"nb-NO","@id":"https:\/\/www.sellerlogic.com\/no\/#\/schema\/logo\/image\/","url":"https:\/\/d2bw95mh2ee04s.cloudfront.net\/prod\/content\/wp-content\/uploads\/2025\/01\/02134814\/Property-Logo-Main.svg","contentUrl":"https:\/\/d2bw95mh2ee04s.cloudfront.net\/prod\/content\/wp-content\/uploads\/2025\/01\/02134814\/Property-Logo-Main.svg","width":184,"height":40,"caption":"SELLERLOGIC"},"image":{"@id":"https:\/\/www.sellerlogic.com\/no\/#\/schema\/logo\/image\/"},"sameAs":["https:\/\/www.facebook.com\/SellerLogic\/","https:\/\/x.com\/sellerlogic","https:\/\/www.instagram.com\/sellerlogic\/","https:\/\/www.linkedin.com\/company\/18402037\/","https:\/\/www.youtube.com\/channel\/UC-gULUur-fNj08sprantKsQ"]}]}},"_links":{"self":[{"href":"https:\/\/www.sellerlogic.com\/no\/wp-json\/wp\/v2\/pages\/226020","targetHints":{"allow":["GET"]}}],"collection":[{"href":"https:\/\/www.sellerlogic.com\/no\/wp-json\/wp\/v2\/pages"}],"about":[{"href":"https:\/\/www.sellerlogic.com\/no\/wp-json\/wp\/v2\/types\/page"}],"author":[{"embeddable":true,"href":"https:\/\/www.sellerlogic.com\/no\/wp-json\/wp\/v2\/users\/3"}],"replies":[{"embeddable":true,"href":"https:\/\/www.sellerlogic.com\/no\/wp-json\/wp\/v2\/comments?post=226020"}],"version-history":[{"count":0,"href":"https:\/\/www.sellerlogic.com\/no\/wp-json\/wp\/v2\/pages\/226020\/revisions"}],"up":[{"embeddable":true,"href":"https:\/\/www.sellerlogic.com\/no\/wp-json\/wp\/v2\/pages\/226176"}],"wp:featuredmedia":[{"embeddable":true,"href":"https:\/\/www.sellerlogic.com\/no\/wp-json\/wp\/v2\/media\/8511"}],"wp:attachment":[{"href":"https:\/\/www.sellerlogic.com\/no\/wp-json\/wp\/v2\/media?parent=226020"}],"curies":[{"name":"wp","href":"https:\/\/api.w.org\/{rel}","templated":true}]}}