
{"id":226023,"date":"2021-03-05T13:21:38","date_gmt":"2021-03-05T13:21:38","guid":{"rendered":"https:\/\/127.0.0.1\/resources\/workbook-the-right-strategy-for-amazon\/"},"modified":"2021-03-05T13:21:38","modified_gmt":"2021-03-05T13:21:38","slug":"workbook-the-right-strategy-for-amazon","status":"publish","type":"page","link":"https:\/\/www.sellerlogic.com\/no\/resources\/workbook-the-right-strategy-for-amazon\/","title":{"rendered":"Arbeidsbok: Den rette strategien for Amazon"},"content":{"rendered":"\n\t<div  class=\"theme-wp-block theme-block-main-header desktop-align-full xl-align-full lg-align-full md-align-full sm-align-full desktop-content-align-y-center desktop-content-align-x-center xl-content-align-y-center xl-content-align-x-center lg-content-align-y-center lg-content-align-x-center md-content-align-y-center md-content-align-x-center sm-content-align-y-center sm-content-align-x-center desktop-gb-has-no-icon xl-gb-has-no-icon lg-gb-has-no-icon md-gb-has-no-icon sm-gb-has-no-icon gb-responsive-877912-identifier is-style-default theme-block-cover\">\n\t\t<div class=\"bg-cover theme-lazy-load-bg\"><\/div>\n\t\t<div class=\"wrap-content-main-header\">\n\t\t\t\t\t<div  class=\"theme-wp-block theme-block-text-and-text desktop-align-wide xl-align-wide lg-align-wide md-align-wide sm-align-wide desktop-gb-has-no-icon xl-gb-has-no-icon lg-gb-has-no-icon md-gb-has-no-icon sm-gb-has-no-icon desktop-blockDirection-row xl-blockDirection-row lg-blockDirection-row md-blockDirection-row sm-blockDirection-row gb-responsive-480589-identifier alignwide\">\n\t\t<div class=\"tat-column-wrap-wrapper\">\n\t\t\t<div class=\"tat-column-wrapper\">\n\t\t\t\t\t<div  class=\"theme-wp-block theme-block-text-and-text-column desktop-gb-has-no-icon xl-gb-has-no-icon lg-gb-has-no-icon md-gb-has-no-icon sm-gb-has-no-icon gb-responsive-631760-identifier desktop-horizontal-center xl-horizontal-center lg-horizontal-center md-horizontal-center sm-horizontal-center\">\n\t\t<div class=\"inner-wrap-column-content\">\n\t\t\t<div class=\"inner-column-content\">\n\t\t\t\t\t\t<h1  class=\"theme-wp-block theme-block-heading is-style-default desktop-text-center xl-text-center lg-text-center md-text-center sm-text-center desktop-gb-has-no-icon xl-gb-has-no-icon lg-gb-has-no-icon md-gb-has-no-icon sm-gb-has-no-icon gb-responsive-781422-identifier h1\">\n\t\tDen rette strategien for Amazon\t<\/h1>\n\n\t\t<h2  class=\"theme-wp-block theme-block-heading is-style-default desktop-text-center xl-text-center lg-text-center md-text-center sm-text-center gb-responsive-855669-identifier h2\">\n\t\tHvordan optimalt tilpasse virksomheten din\t<\/h2>\n\n\t\t\t<\/div>\n\t\t<\/div>\n\t<\/div>\n\t<div  class=\"theme-wp-block theme-block-text-and-text-column desktop-gb-has-no-icon xl-gb-has-no-icon lg-gb-has-no-icon md-gb-has-no-icon sm-gb-has-no-icon gb-responsive-330778-identifier\">\n\t\t<div class=\"inner-wrap-column-content\">\n\t\t\t<div class=\"inner-column-content\">\n\t\t\t\t\t\t\t<\/div>\n\t\t<\/div>\n\t<\/div>\n\t\t\t<\/div>\n\t\t<\/div>\n\t<\/div>\n\n\t\t<\/div>\n\t<\/div>\n\n<div style=\"height:50px\" aria-hidden=\"true\" class=\"theme-wp-block wp-block-spacer\"><\/div><div class=\"theme-wp-block wp-block-columns gb-responsive-483071-identifier desktop-gb-has-no-icon xl-gb-has-no-icon lg-gb-has-no-icon md-gb-has-no-icon sm-gb-has-no-icon is-layout-flex wp-container-core-columns-is-layout-9d6595d7 wp-block-columns-is-layout-flex\"><div class=\"theme-wp-block wp-block-column gb-responsive-321787-identifier desktop-gb-has-no-icon xl-gb-has-no-icon lg-gb-has-no-icon md-gb-has-no-icon sm-gb-has-no-icon is-layout-flow wp-block-column-is-layout-flow\"><h3 class=\"theme-wp-block wp-block-heading gb-responsive-978361-identifier desktop-gb-has-no-icon xl-gb-has-no-icon lg-gb-has-no-icon md-gb-has-no-icon sm-gb-has-no-icon\">Tar du allerede en strategisk tiln\u00e6rming p\u00e5 Amazon?<\/h3><div class=\"wp-block-image gb-responsive-146322-identifier desktop-gb-has-no-icon xl-gb-has-no-icon lg-gb-has-no-icon md-gb-has-no-icon sm-gb-has-no-icon\"><figure class=\"theme-wp-block alignright size-large is-resized\"><img decoding=\"async\" width=\"738\" height=\"804\" src=\"https:\/\/d2bw95mh2ee04s.cloudfront.net\/prod\/content\/wp-content\/uploads\/2021\/03\/23142638\/cover-LP-strategie-amazon.png\" alt=\"Den rette strategien for Amazon: Last ned arbeidsboken n\u00e5!\" class=\"wp-image-8591\" style=\"width:418px;height:454px\" srcset=\"https:\/\/d2bw95mh2ee04s.cloudfront.net\/prod\/content\/wp-content\/uploads\/2021\/03\/23142638\/cover-LP-strategie-amazon-407x443.png 407w, https:\/\/d2bw95mh2ee04s.cloudfront.net\/prod\/content\/wp-content\/uploads\/2021\/03\/23142638\/cover-LP-strategie-amazon.png 738w\" sizes=\"(max-width: 738px) 100vw, 738px\" \/><\/figure><\/div><p class=\"theme-wp-block gb-responsive-102890-identifier desktop-gb-has-no-icon xl-gb-has-no-icon lg-gb-has-no-icon md-gb-has-no-icon sm-gb-has-no-icon\">Altfor ofte ser vi Amazon-selgere hvis virksomhet har reelt potensial \u2013 likevel ser det ut til at de opererer uten strategisk fokus. Vi \u00f8nsker \u00e5 endre det! Her kan du l\u00e6re hvordan din individuelle forretningsmodell p\u00e5virker hvordan du b\u00f8r posisjonere deg strategisk&#8230;<\/p><div class=\"theme-block-list\"><ul class=\"theme-wp-block wp-block-list gb-responsive-282953-identifier\"><li class=\"theme-wp-block desktop-bg-style-square xl-bg-style-square lg-bg-style-square md-bg-style-square sm-bg-style-square desktop-gb-has-no-icon xl-gb-has-no-icon lg-gb-has-no-icon md-gb-has-no-icon sm-gb-has-no-icon gb-responsive-868057-identifier\">som en selger av <strong>detaljvarer<\/strong>,<\/li><li class=\"theme-wp-block desktop-bg-style-square xl-bg-style-square lg-bg-style-square md-bg-style-square sm-bg-style-square desktop-gb-has-no-icon xl-gb-has-no-icon lg-gb-has-no-icon md-gb-has-no-icon sm-gb-has-no-icon gb-responsive-454204-identifier\">som en <strong>distribut\u00f8r<\/strong> eller lisenshaver av et merke,<\/li><li class=\"theme-wp-block desktop-bg-style-square xl-bg-style-square lg-bg-style-square md-bg-style-square sm-bg-style-square desktop-gb-has-no-icon xl-gb-has-no-icon lg-gb-has-no-icon md-gb-has-no-icon sm-gb-has-no-icon gb-responsive-700487-identifier\">som en <strong>privat merke<\/strong> selger eller<\/li><li class=\"theme-wp-block desktop-bg-style-square xl-bg-style-square lg-bg-style-square md-bg-style-square sm-bg-style-square desktop-gb-has-no-icon xl-gb-has-no-icon lg-gb-has-no-icon md-gb-has-no-icon sm-gb-has-no-icon gb-responsive-247827-identifier\">som eieren av et internasjonalt anerkjent <strong>merke<\/strong>.<\/li><\/ul><\/div><p class=\"theme-wp-block desktop-gb-has-no-icon xl-gb-has-no-icon lg-gb-has-no-icon md-gb-has-no-icon sm-gb-has-no-icon gb-responsive-210392-identifier\">I tillegg vil du motta v\u00e5r omfattende kunnskap om den konkurransesituasjonen p\u00e5 Amazon og hvordan h\u00e5ndtere den optimalt!<\/p><p class=\"theme-wp-block gb-responsive-61483-identifier desktop-gb-has-no-icon xl-gb-has-no-icon lg-gb-has-no-icon md-gb-has-no-icon sm-gb-has-no-icon\"><strong>Last ned den gratis arbeidsboken &#8220;Den rette strategien for Amazon&#8221; n\u00e5 gratis og utvikle strategien din i dag!<\/strong><\/p><div class=\"theme-wp-block wp-block-columns gb-responsive-352536-identifier is-layout-flex wp-container-core-columns-is-layout-9d6595d7 wp-block-columns-is-layout-flex\"><div class=\"theme-wp-block wp-block-column desktop-gb-has-no-icon xl-gb-has-no-icon lg-gb-has-no-icon md-gb-has-no-icon sm-gb-has-no-icon gb-responsive-84714-identifier is-layout-flow wp-block-column-is-layout-flow\" style=\"flex-basis:66%\"><p class=\"theme-wp-block desktop-gb-has-no-icon xl-gb-has-no-icon lg-gb-has-no-icon md-gb-has-no-icon sm-gb-has-no-icon gb-responsive-41815-identifier\"><em>For \u00e5 laste ned arbeidsboken din, er det n\u00f8dvendig \u00e5 tillate alle informasjonskapsler p\u00e5 forh\u00e5nd. For \u00e5 redigere innstillingene dine, vennligst klikk p\u00e5 f\u00f8lgende knapp.<\/em><\/p><p class=\"theme-wp-block\"><span class=\"borlabs-cookie-open-dialog-preferences brlbs-cmpnt-container\" data-borlabs-cookie-title=\"Open Consent Preferences\" data-borlabs-cookie-type=\"button\" ><\/span><\/p>\n<div class=\"theme-wp-block wp-block-columns gb-responsive-295103-identifier is-layout-flex wp-container-core-columns-is-layout-9d6595d7 wp-block-columns-is-layout-flex\"><div class=\"theme-wp-block wp-block-column gb-responsive-736519-identifier is-layout-flow wp-block-column-is-layout-flow\"><div id=\"wb-form\" class=\"theme-wp-block wb-form\"><p>\n\t\tVennligst oppgi f\u00f8lgende informasjon for \u00e5 be om arbeidsboken. Den vil deretter bli sendt til deg.<br>\u00a0\n<\/p><form id=\"leadform\" action=\"#\" method=\"post\"><input type=\"text\" name=\"last_name\" id=\"last_name\" placeholder=\"Ditt navn\" required=\"required\" style=\"padding: 10px; font-size: 18px; width: 100%; margin-bottom: 15px; color: rgb(88, 88, 88);\"><\/input><input type=\"text\" name=\"first_name\" id=\"first_name\" placeholder=\"Ditt fornavn\" required=\"required\" data-com-onepassword-filled=\"light\" style=\"padding: 10px; font-size: 18px; width: 100%; margin-bottom: 15px; color: rgb(88, 88, 88);\"><\/input><input type=\"email\" name=\"email\" id=\"email\" placeholder=\"Din e-postadresse\" required=\"required\" style=\"padding: 10px; font-size: 18px; width: 100%; margin-bottom: 15px; color: rgb(88, 88, 88);\"><\/input><input type=\"number\" name=\"telephone\" id=\"telephone\" placeholder=\"Ditt telefonnummer\" required=\"required\" style=\"padding: 10px; font-size: 18px; width: 100%; margin-bottom: 15px; color: rgb(88, 88, 88);\"><\/input><input type=\"text\" name=\"company\" id=\"company\" placeholder=\"Firmanavn\" required=\"required\" style=\"padding: 10px; font-size: 18px; width: 100%; margin-bottom: 15px; color: rgb(88, 88, 88);\"><\/input><input type=\"text\" name=\"amazon_store\" id=\"amazon_store\" placeholder=\"URL-en til din Amazon-butikk\" style=\"padding: 10px; font-size: 18px; width: 100%; margin-bottom: 15px; color: rgb(88, 88, 88);\"><\/input><input type=\"submit\" value=\"Be om gratis arbeidsbok n\u00e5\" id=\"submit\" style=\"padding: 10px; font-size: 18px; width: 100%; margin-bottom: 15px; color: rgb(255, 255, 255); background-color: rgb(255, 170, 1); cursor: pointer;\"><\/input><p style=\"margin-bottom: 10px; font-size: 12px;\">Behandlingen av dataene utf\u00f8res i samsvar med v\u00e5r <a href=\"https:\/\/www.sellerlogic.com\/en\/privacy-policy\/\" target=\"_blank\" draggable=\"false\" rel=\"noopener noreferrer\">personvernerkl\u00e6ring<\/a>.<\/p><\/form><\/div><\/div><\/div><\/div><\/div><\/div><div class=\"theme-wp-block wp-block-column gb-responsive-606172-identifier desktop-gb-has-no-icon xl-gb-has-no-icon lg-gb-has-no-icon md-gb-has-no-icon sm-gb-has-no-icon is-layout-flow wp-block-column-is-layout-flow\" style=\"flex-basis:15%\"><\/div><\/div><div style=\"height:20px\" aria-hidden=\"true\" class=\"theme-wp-block wp-block-spacer\"><\/div>\t\t<p  class=\"theme-wp-block theme-block-heading gb-responsive-448011-identifier desktop-text-center xl-text-center lg-text-center md-text-center sm-text-center is-style-default desktop-align-center xl-align-center lg-align-center md-align-center sm-align-center aligncenter h3 has-text-align\">\n\t\tMer interessant innhold for deg\t<\/p>\n\n<div style=\"height:20px\" aria-hidden=\"true\" class=\"theme-wp-block wp-block-spacer\"><\/div>\t\t<div  class=\"theme-wp-block theme-block-card-posts gb-responsive-640148-identifier desktop-gb-has-no-icon xl-gb-has-no-icon lg-gb-has-no-icon md-gb-has-no-icon sm-gb-has-no-icon layout-horizontal-cards-content\">\n\t\t<div class=\"wrap-inner-blocks\">\n\t\t\t<div class=\"post-card \">\n\t<div class=\"inside-wrap-card\">\n\t\t<div class=\"cover-wrap\">\n\t\t\t\t\t\t\t<a class=\"background-thumbnail has-image\" href=\"https:\/\/www.sellerlogic.com\/no\/resources\/wb-en-202002\/\">\n\t\t\t\t\t<img decoding=\"async\" width=\"405\" height=\"240\" src=\"https:\/\/d2bw95mh2ee04s.cloudfront.net\/prod\/content\/wp-content\/uploads\/2020\/12\/23142715\/workbook_metriken_optimieren-thumbnail.jpeg\" class=\"attachment-thumbnail size-thumbnail wp-post-image\" alt=\"In 13 Schritten in die Buy Box:  So optimieren Sie Ihre Metriken!\" \/>\t\t\t\t<\/a>\n\t\t\t\t\t<\/div>\n\n\t\t<div class=\"wrap-content\">\n\t\t\t<div class=\"title\">\n\t\t\t\t<a href=\"https:\/\/www.sellerlogic.com\/no\/resources\/wb-en-202002\/\">Workbook: I 13 trinn til Buy Box EN<\/a>\n\t\t\t<\/div>\n\t\t\t<div class=\"wrap-excerpt\">Visste du at mange Amazon-forhandlere ikke utnytter det fulle potensialet av virksomheten sin fordi de vinner Buy Box for sjeldent? Finn ut her hvordan du kan optimalisere m\u00e5lingene dine i 13 trinn og vinne Buy Box!<\/div>\n\t\t<\/div>\n\t<\/div>\n<\/div><div class=\"post-card \">\n\t<div class=\"inside-wrap-card\">\n\t\t<div class=\"cover-wrap\">\n\t\t\t\t\t\t\t<a class=\"background-thumbnail has-image\" href=\"https:\/\/www.sellerlogic.com\/no\/resources\/download-factsheet-repricer\/\">\n\t\t\t\t\t<img decoding=\"async\" width=\"405\" height=\"240\" src=\"https:\/\/d2bw95mh2ee04s.cloudfront.net\/prod\/content\/wp-content\/uploads\/2020\/12\/23140626\/blog-min-thumbnail.jpg\" class=\"attachment-thumbnail size-thumbnail wp-post-image\" alt=\"\" \/>\t\t\t\t<\/a>\n\t\t\t\t\t<\/div>\n\n\t\t<div class=\"wrap-content\">\n\t\t\t<div class=\"title\">\n\t\t\t\t<a href=\"https:\/\/www.sellerlogic.com\/no\/resources\/download-factsheet-repricer\/\">Faktablad: Den SELLERLOGIC Repricer i sjekk<\/a>\n\t\t\t<\/div>\n\t\t\t<div class=\"wrap-excerpt\">Hvorfor du b\u00f8r bruke SELLERLOGIC Repricer i stedet for \u00e5 justere prisene dine manuelt? Finn ut i v\u00e5rt faktablad hvor mye arbeid du kan spare med SELLERLOGIC og fortsatt \u00f8ke salget og marginen din!<\/div>\n\t\t<\/div>\n\t<\/div>\n<\/div><div class=\"post-card \">\n\t<div class=\"inside-wrap-card\">\n\t\t<div class=\"cover-wrap\">\n\t\t\t\t\t\t\t<a class=\"background-thumbnail \" href=\"https:\/\/www.sellerlogic.com\/no\/resources\/wb-en-202001\/\">\n\t\t\t\t\t\t\t\t\t<\/a>\n\t\t\t\t\t<\/div>\n\n\t\t<div class=\"wrap-content\">\n\t\t\t<div class=\"title\">\n\t\t\t\t<a href=\"https:\/\/www.sellerlogic.com\/no\/resources\/wb-en-202001\/\">Arbeidsbok: 6 raske tips for FBA-forhandlere<\/a>\n\t\t\t<\/div>\n\t\t\t<div class=\"wrap-excerpt\">Finn ut i denne arbeidsboken hva du absolutt m\u00e5 vite hvis du vil selge via Fulfillment by Amazon. Vi viser deg hvordan du legger grunnlaget for en vellykket FBA-virksomhet!<\/div>\n\t\t<\/div>\n\t<\/div>\n<\/div>\t\t<\/div>\n\t<\/div>\n<div style=\"height:20px\" aria-hidden=\"true\" class=\"theme-wp-block wp-block-spacer\"><\/div>","protected":false},"excerpt":{"rendered":"<p>Tar du allerede en strategisk tiln\u00e6rming p\u00e5 Amazon? Altfor ofte ser vi Amazon-selgere hvis virksomhet har reelt potensial \u2013 likevel ser det ut til at de opererer uten strategisk fokus. Vi \u00f8nsker \u00e5 endre det! Her kan du l\u00e6re hvordan din individuelle forretningsmodell p\u00e5virker hvordan du b\u00f8r posisjonere deg strategisk&#8230; I tillegg vil du motta<\/p>\n","protected":false},"author":3,"featured_media":8612,"parent":226176,"menu_order":0,"comment_status":"closed","ping_status":"closed","template":"","meta":{"sidebar_recommended_resources":{"data":[]},"sidebar_header_settings":{"hide_buttons":{"register":false}},"_use_new_theme":false,"inline_featured_image":false,"footnotes":""},"class_list":["post-226023","page","type-page","status-publish","has-post-thumbnail","hentry"],"yoast_head":"<!-- This site is optimized with the Yoast SEO plugin v26.8 - https:\/\/yoast.com\/product\/yoast-seo-wordpress\/ -->\n<title>Gratis E-bok: Den rette strategien for Amazon | SELLERLOGIC<\/title>\n<meta name=\"description\" content=\"Gratis. 50 sider med konsentrert kunnskap om hvordan du finner den rette strategien for din Amazon-virksomhet. Last ned den her n\u00e5.\" \/>\n<meta name=\"robots\" content=\"index, follow, max-snippet:-1, max-image-preview:large, max-video-preview:-1\" \/>\n<link rel=\"canonical\" href=\"https:\/\/www.sellerlogic.com\/no\/resources\/workbook-the-right-strategy-for-amazon\/\" \/>\n<meta property=\"og:locale\" content=\"nb_NO\" \/>\n<meta property=\"og:type\" content=\"article\" \/>\n<meta property=\"og:title\" content=\"Gratis E-bok: Den rette strategien for Amazon | SELLERLOGIC\" \/>\n<meta property=\"og:description\" content=\"Gratis. 50 sider med konsentrert kunnskap om hvordan du finner den rette strategien for din Amazon-virksomhet. Last ned den her n\u00e5.\" \/>\n<meta property=\"og:url\" content=\"https:\/\/www.sellerlogic.com\/no\/resources\/workbook-the-right-strategy-for-amazon\/\" \/>\n<meta property=\"og:site_name\" content=\"SELLERLOGIC - Smarte Tools f\u00fcr Amazon-Seller\" \/>\n<meta property=\"article:publisher\" content=\"https:\/\/www.facebook.com\/SellerLogic\/\" \/>\n<meta property=\"og:image\" content=\"https:\/\/d2bw95mh2ee04s.cloudfront.net\/prod\/content\/wp-content\/uploads\/2021\/03\/23142638\/header-LP-strategie-amazon-white-overlay.jpg\" \/>\n\t<meta property=\"og:image:width\" content=\"2000\" \/>\n\t<meta property=\"og:image:height\" content=\"1320\" \/>\n\t<meta property=\"og:image:type\" content=\"image\/jpeg\" \/>\n<meta name=\"twitter:card\" content=\"summary_large_image\" \/>\n<meta name=\"twitter:site\" content=\"@sellerlogic\" \/>\n<meta name=\"twitter:label1\" content=\"Est. reading time\" \/>\n\t<meta name=\"twitter:data1\" content=\"2 minutes\" \/>\n<script type=\"application\/ld+json\" class=\"yoast-schema-graph\">{\"@context\":\"https:\/\/schema.org\",\"@graph\":[{\"@type\":\"WebPage\",\"@id\":\"https:\/\/www.sellerlogic.com\/no\/resources\/workbook-the-right-strategy-for-amazon\/\",\"url\":\"https:\/\/www.sellerlogic.com\/no\/resources\/workbook-the-right-strategy-for-amazon\/\",\"name\":\"Gratis E-bok: Den rette strategien for Amazon | SELLERLOGIC\",\"isPartOf\":{\"@id\":\"https:\/\/www.sellerlogic.com\/no\/#website\"},\"primaryImageOfPage\":{\"@id\":\"https:\/\/www.sellerlogic.com\/no\/resources\/workbook-the-right-strategy-for-amazon\/#primaryimage\"},\"image\":{\"@id\":\"https:\/\/www.sellerlogic.com\/no\/resources\/workbook-the-right-strategy-for-amazon\/#primaryimage\"},\"thumbnailUrl\":\"https:\/\/d2bw95mh2ee04s.cloudfront.net\/prod\/content\/wp-content\/uploads\/2021\/03\/23142638\/header-LP-strategie-amazon-white-overlay.jpg\",\"datePublished\":\"2021-03-05T13:21:38+00:00\",\"description\":\"Gratis. 50 sider med konsentrert kunnskap om hvordan du finner den rette strategien for din Amazon-virksomhet. Last ned den her n\u00e5.\",\"breadcrumb\":{\"@id\":\"https:\/\/www.sellerlogic.com\/no\/resources\/workbook-the-right-strategy-for-amazon\/#breadcrumb\"},\"inLanguage\":\"nb-NO\",\"potentialAction\":[{\"@type\":\"ReadAction\",\"target\":[\"https:\/\/www.sellerlogic.com\/no\/resources\/workbook-the-right-strategy-for-amazon\/\"]}]},{\"@type\":\"ImageObject\",\"inLanguage\":\"nb-NO\",\"@id\":\"https:\/\/www.sellerlogic.com\/no\/resources\/workbook-the-right-strategy-for-amazon\/#primaryimage\",\"url\":\"https:\/\/d2bw95mh2ee04s.cloudfront.net\/prod\/content\/wp-content\/uploads\/2021\/03\/23142638\/header-LP-strategie-amazon-white-overlay.jpg\",\"contentUrl\":\"https:\/\/d2bw95mh2ee04s.cloudfront.net\/prod\/content\/wp-content\/uploads\/2021\/03\/23142638\/header-LP-strategie-amazon-white-overlay.jpg\",\"width\":2000,\"height\":1320,\"caption\":\"Wir zeigen Ihnen, wie Sie die richtige Strategie f\u00fcr Ihr Amazon-Business erstellen!\"},{\"@type\":\"BreadcrumbList\",\"@id\":\"https:\/\/www.sellerlogic.com\/no\/resources\/workbook-the-right-strategy-for-amazon\/#breadcrumb\",\"itemListElement\":[{\"@type\":\"ListItem\",\"position\":1,\"name\":\"Home\",\"item\":\"https:\/\/www.sellerlogic.com\/no\/\"},{\"@type\":\"ListItem\",\"position\":2,\"name\":\"Ressurser NO\",\"item\":\"https:\/\/www.sellerlogic.com\/no\/resources\/\"},{\"@type\":\"ListItem\",\"position\":3,\"name\":\"Arbeidsbok: Den rette strategien for Amazon\"}]},{\"@type\":\"WebSite\",\"@id\":\"https:\/\/www.sellerlogic.com\/no\/#website\",\"url\":\"https:\/\/www.sellerlogic.com\/no\/\",\"name\":\"SELLERLOGIC - Smarte Tools f\u00fcr Amazon-Seller\",\"description\":\"Intelligente Prozessoptimierung und Gewinnmaximierung\",\"publisher\":{\"@id\":\"https:\/\/www.sellerlogic.com\/no\/#organization\"},\"potentialAction\":[{\"@type\":\"SearchAction\",\"target\":{\"@type\":\"EntryPoint\",\"urlTemplate\":\"https:\/\/www.sellerlogic.com\/no\/?s={search_term_string}\"},\"query-input\":{\"@type\":\"PropertyValueSpecification\",\"valueRequired\":true,\"valueName\":\"search_term_string\"}}],\"inLanguage\":\"nb-NO\"},{\"@type\":\"Organization\",\"@id\":\"https:\/\/www.sellerlogic.com\/no\/#organization\",\"name\":\"SELLERLOGIC\",\"url\":\"https:\/\/www.sellerlogic.com\/no\/\",\"logo\":{\"@type\":\"ImageObject\",\"inLanguage\":\"nb-NO\",\"@id\":\"https:\/\/www.sellerlogic.com\/no\/#\/schema\/logo\/image\/\",\"url\":\"https:\/\/d2bw95mh2ee04s.cloudfront.net\/prod\/content\/wp-content\/uploads\/2025\/01\/02134814\/Property-Logo-Main.svg\",\"contentUrl\":\"https:\/\/d2bw95mh2ee04s.cloudfront.net\/prod\/content\/wp-content\/uploads\/2025\/01\/02134814\/Property-Logo-Main.svg\",\"width\":184,\"height\":40,\"caption\":\"SELLERLOGIC\"},\"image\":{\"@id\":\"https:\/\/www.sellerlogic.com\/no\/#\/schema\/logo\/image\/\"},\"sameAs\":[\"https:\/\/www.facebook.com\/SellerLogic\/\",\"https:\/\/x.com\/sellerlogic\",\"https:\/\/www.instagram.com\/sellerlogic\/\",\"https:\/\/www.linkedin.com\/company\/18402037\/\",\"https:\/\/www.youtube.com\/channel\/UC-gULUur-fNj08sprantKsQ\"]}]}<\/script>\n<!-- \/ Yoast SEO plugin. -->","yoast_head_json":{"title":"Gratis E-bok: Den rette strategien for Amazon | SELLERLOGIC","description":"Gratis. 50 sider med konsentrert kunnskap om hvordan du finner den rette strategien for din Amazon-virksomhet. Last ned den her n\u00e5.","robots":{"index":"index","follow":"follow","max-snippet":"max-snippet:-1","max-image-preview":"max-image-preview:large","max-video-preview":"max-video-preview:-1"},"canonical":"https:\/\/www.sellerlogic.com\/no\/resources\/workbook-the-right-strategy-for-amazon\/","og_locale":"nb_NO","og_type":"article","og_title":"Gratis E-bok: Den rette strategien for Amazon | SELLERLOGIC","og_description":"Gratis. 50 sider med konsentrert kunnskap om hvordan du finner den rette strategien for din Amazon-virksomhet. Last ned den her n\u00e5.","og_url":"https:\/\/www.sellerlogic.com\/no\/resources\/workbook-the-right-strategy-for-amazon\/","og_site_name":"SELLERLOGIC - Smarte Tools f\u00fcr Amazon-Seller","article_publisher":"https:\/\/www.facebook.com\/SellerLogic\/","og_image":[{"width":2000,"height":1320,"url":"https:\/\/d2bw95mh2ee04s.cloudfront.net\/prod\/content\/wp-content\/uploads\/2021\/03\/23142638\/header-LP-strategie-amazon-white-overlay.jpg","type":"image\/jpeg"}],"twitter_card":"summary_large_image","twitter_site":"@sellerlogic","twitter_misc":{"Est. reading time":"2 minutes"},"schema":{"@context":"https:\/\/schema.org","@graph":[{"@type":"WebPage","@id":"https:\/\/www.sellerlogic.com\/no\/resources\/workbook-the-right-strategy-for-amazon\/","url":"https:\/\/www.sellerlogic.com\/no\/resources\/workbook-the-right-strategy-for-amazon\/","name":"Gratis E-bok: Den rette strategien for Amazon | SELLERLOGIC","isPartOf":{"@id":"https:\/\/www.sellerlogic.com\/no\/#website"},"primaryImageOfPage":{"@id":"https:\/\/www.sellerlogic.com\/no\/resources\/workbook-the-right-strategy-for-amazon\/#primaryimage"},"image":{"@id":"https:\/\/www.sellerlogic.com\/no\/resources\/workbook-the-right-strategy-for-amazon\/#primaryimage"},"thumbnailUrl":"https:\/\/d2bw95mh2ee04s.cloudfront.net\/prod\/content\/wp-content\/uploads\/2021\/03\/23142638\/header-LP-strategie-amazon-white-overlay.jpg","datePublished":"2021-03-05T13:21:38+00:00","description":"Gratis. 50 sider med konsentrert kunnskap om hvordan du finner den rette strategien for din Amazon-virksomhet. Last ned den her n\u00e5.","breadcrumb":{"@id":"https:\/\/www.sellerlogic.com\/no\/resources\/workbook-the-right-strategy-for-amazon\/#breadcrumb"},"inLanguage":"nb-NO","potentialAction":[{"@type":"ReadAction","target":["https:\/\/www.sellerlogic.com\/no\/resources\/workbook-the-right-strategy-for-amazon\/"]}]},{"@type":"ImageObject","inLanguage":"nb-NO","@id":"https:\/\/www.sellerlogic.com\/no\/resources\/workbook-the-right-strategy-for-amazon\/#primaryimage","url":"https:\/\/d2bw95mh2ee04s.cloudfront.net\/prod\/content\/wp-content\/uploads\/2021\/03\/23142638\/header-LP-strategie-amazon-white-overlay.jpg","contentUrl":"https:\/\/d2bw95mh2ee04s.cloudfront.net\/prod\/content\/wp-content\/uploads\/2021\/03\/23142638\/header-LP-strategie-amazon-white-overlay.jpg","width":2000,"height":1320,"caption":"Wir zeigen Ihnen, wie Sie die richtige Strategie f\u00fcr Ihr Amazon-Business erstellen!"},{"@type":"BreadcrumbList","@id":"https:\/\/www.sellerlogic.com\/no\/resources\/workbook-the-right-strategy-for-amazon\/#breadcrumb","itemListElement":[{"@type":"ListItem","position":1,"name":"Home","item":"https:\/\/www.sellerlogic.com\/no\/"},{"@type":"ListItem","position":2,"name":"Ressurser NO","item":"https:\/\/www.sellerlogic.com\/no\/resources\/"},{"@type":"ListItem","position":3,"name":"Arbeidsbok: Den rette strategien for Amazon"}]},{"@type":"WebSite","@id":"https:\/\/www.sellerlogic.com\/no\/#website","url":"https:\/\/www.sellerlogic.com\/no\/","name":"SELLERLOGIC - Smarte Tools f\u00fcr Amazon-Seller","description":"Intelligente Prozessoptimierung und Gewinnmaximierung","publisher":{"@id":"https:\/\/www.sellerlogic.com\/no\/#organization"},"potentialAction":[{"@type":"SearchAction","target":{"@type":"EntryPoint","urlTemplate":"https:\/\/www.sellerlogic.com\/no\/?s={search_term_string}"},"query-input":{"@type":"PropertyValueSpecification","valueRequired":true,"valueName":"search_term_string"}}],"inLanguage":"nb-NO"},{"@type":"Organization","@id":"https:\/\/www.sellerlogic.com\/no\/#organization","name":"SELLERLOGIC","url":"https:\/\/www.sellerlogic.com\/no\/","logo":{"@type":"ImageObject","inLanguage":"nb-NO","@id":"https:\/\/www.sellerlogic.com\/no\/#\/schema\/logo\/image\/","url":"https:\/\/d2bw95mh2ee04s.cloudfront.net\/prod\/content\/wp-content\/uploads\/2025\/01\/02134814\/Property-Logo-Main.svg","contentUrl":"https:\/\/d2bw95mh2ee04s.cloudfront.net\/prod\/content\/wp-content\/uploads\/2025\/01\/02134814\/Property-Logo-Main.svg","width":184,"height":40,"caption":"SELLERLOGIC"},"image":{"@id":"https:\/\/www.sellerlogic.com\/no\/#\/schema\/logo\/image\/"},"sameAs":["https:\/\/www.facebook.com\/SellerLogic\/","https:\/\/x.com\/sellerlogic","https:\/\/www.instagram.com\/sellerlogic\/","https:\/\/www.linkedin.com\/company\/18402037\/","https:\/\/www.youtube.com\/channel\/UC-gULUur-fNj08sprantKsQ"]}]}},"_links":{"self":[{"href":"https:\/\/www.sellerlogic.com\/no\/wp-json\/wp\/v2\/pages\/226023","targetHints":{"allow":["GET"]}}],"collection":[{"href":"https:\/\/www.sellerlogic.com\/no\/wp-json\/wp\/v2\/pages"}],"about":[{"href":"https:\/\/www.sellerlogic.com\/no\/wp-json\/wp\/v2\/types\/page"}],"author":[{"embeddable":true,"href":"https:\/\/www.sellerlogic.com\/no\/wp-json\/wp\/v2\/users\/3"}],"replies":[{"embeddable":true,"href":"https:\/\/www.sellerlogic.com\/no\/wp-json\/wp\/v2\/comments?post=226023"}],"version-history":[{"count":0,"href":"https:\/\/www.sellerlogic.com\/no\/wp-json\/wp\/v2\/pages\/226023\/revisions"}],"up":[{"embeddable":true,"href":"https:\/\/www.sellerlogic.com\/no\/wp-json\/wp\/v2\/pages\/226176"}],"wp:featuredmedia":[{"embeddable":true,"href":"https:\/\/www.sellerlogic.com\/no\/wp-json\/wp\/v2\/media\/8612"}],"wp:attachment":[{"href":"https:\/\/www.sellerlogic.com\/no\/wp-json\/wp\/v2\/media?parent=226023"}],"curies":[{"name":"wp","href":"https:\/\/api.w.org\/{rel}","templated":true}]}}