
{"id":226182,"date":"2020-12-18T10:57:32","date_gmt":"2020-12-18T10:57:32","guid":{"rendered":"https:\/\/127.0.0.1\/resources\/success-story-sport-hesse\/"},"modified":"2020-12-18T10:57:32","modified_gmt":"2020-12-18T10:57:32","slug":"success-story-sport-hesse","status":"publish","type":"page","link":"https:\/\/www.sellerlogic.com\/no\/resources\/success-story-sport-hesse\/","title":{"rendered":"Suksesshistorie: Sport Hesse EN"},"content":{"rendered":"\n\t<div  class=\"theme-wp-block theme-block-main-header is-style-full-height desktop-align-full xl-align-full lg-align-full md-align-full sm-align-full desktop-content-align-y-center desktop-content-align-x-center xl-content-align-y-center xl-content-align-x-center lg-content-align-y-center lg-content-align-x-center md-content-align-y-center md-content-align-x-center sm-content-align-y-center sm-content-align-x-center gb-responsive-131969-identifier theme-block-cover\">\n\t\t<div class=\"bg-cover theme-lazy-load-bg\"><\/div>\n\t\t<div class=\"wrap-content-main-header\">\n\t\t\t\t\t<div  class=\"theme-wp-block theme-block-text-and-text desktop-blockDirection-row xl-blockDirection-row lg-blockDirection-row md-blockDirection-row sm-blockDirection-row gb-responsive-2306-identifier desktop-align-full xl-align-full lg-align-full md-align-full sm-align-full desktop-vertical-top xl-vertical-top lg-vertical-top md-vertical-top sm-vertical-top alignfull\">\n\t\t<div class=\"tat-column-wrap-wrapper\">\n\t\t\t<div class=\"tat-column-wrapper\">\n\t\t\t\t\t<div  class=\"theme-wp-block theme-block-text-and-text-column gb-responsive-708373-identifier\">\n\t\t<div class=\"inner-wrap-column-content\">\n\t\t\t<div class=\"inner-column-content\">\n\t\t\t\t\t\t<h1  class=\"theme-wp-block theme-block-heading is-style-default desktop-text-center xl-text-center lg-text-center md-text-center sm-text-center desktop-align-wide xl-align-wide lg-align-wide md-align-wide sm-align-wide gb-responsive-599464-identifier alignwide h1 has-text-align\">\n\t\tVinne gjennom personlig ekspertise\t<\/h1>\n\n\t\t<h2  class=\"theme-wp-block theme-block-heading is-style-default desktop-text-center xl-text-center lg-text-center md-text-center sm-text-center desktop-align-wide xl-align-wide lg-align-wide md-align-wide sm-align-wide gb-responsive-17576-identifier alignwide h2 has-text-align\">\n\t\tSport-Hesse &amp; SELLERLOGIC\t<\/h2>\n\n\t\t\t<\/div>\n\t\t<\/div>\n\t<\/div>\n\t<div  class=\"theme-wp-block theme-block-text-and-text-column gb-responsive-976923-identifier\">\n\t\t<div class=\"inner-wrap-column-content\">\n\t\t\t<div class=\"inner-column-content\">\n\t\t\t\t\t\t\t<\/div>\n\t\t<\/div>\n\t<\/div>\n\t\t\t<\/div>\n\t\t<\/div>\n\t<\/div>\n\n\t\t<\/div>\n\t<\/div>\n\n<div style=\"height:50px\" aria-hidden=\"true\" class=\"theme-wp-block wp-block-spacer\"><\/div><div class=\"theme-wp-block wp-block-columns gb-responsive-759712-identifier is-layout-flex wp-container-core-columns-is-layout-9d6595d7 wp-block-columns-is-layout-flex\"><div class=\"theme-wp-block wp-block-column gb-responsive-24590-identifier is-layout-flow wp-block-column-is-layout-flow\" style=\"flex-basis:25%\"><figure class=\"theme-wp-block wp-block-image size-large is-resized gb-responsive-62921-identifier\"><img decoding=\"async\" width=\"500\" height=\"357\" src=\"https:\/\/d2bw95mh2ee04s.cloudfront.net\/prod\/content\/wp-content\/uploads\/2020\/12\/23142723\/logo-sport-hesse.png\" alt=\"Suksesshistorie: Sport Hesse EN\" class=\"wp-image-4836\" style=\"width:176px;height:125px\" srcset=\"https:\/\/d2bw95mh2ee04s.cloudfront.net\/prod\/content\/wp-content\/uploads\/2020\/12\/23142723\/logo-sport-hesse-407x291.png 407w, https:\/\/d2bw95mh2ee04s.cloudfront.net\/prod\/content\/wp-content\/uploads\/2020\/12\/23142723\/logo-sport-hesse.png 500w\" sizes=\"(max-width: 500px) 100vw, 500px\" \/><\/figure><p class=\"theme-wp-block gb-responsive-160011-identifier\"><strong>Grunnlag:<\/strong><br>1984<\/p><p class=\"theme-wp-block gb-responsive-297884-identifier\"><strong>Bransje:<\/strong><br>Sportutstyr, lagidretter, sportsmerker<\/p><p class=\"theme-wp-block gb-responsive-938889-identifier\"><strong>Varer p\u00e5 Amazon: <\/strong><br>ca. 6.000 SKUs<\/p><p class=\"theme-wp-block gb-responsive-337749-identifier\"><strong>Forsendelser:<\/strong><br>ca. 30.000 per m\u00e5ned<\/p><\/div><div class=\"theme-wp-block wp-block-column gb-responsive-542944-identifier is-layout-flow wp-block-column-is-layout-flow\" style=\"flex-basis:50%\"><h3 class=\"theme-wp-block wp-block-heading gb-responsive-34353-identifier\" id=\"block-c06fce04-ef87-4ffc-a3d6-b768ba377d17\">Bakgrunn:<\/h3><p class=\"theme-wp-block gb-responsive-772271-identifier desktop-gb-has-no-icon xl-gb-has-no-icon lg-gb-has-no-icon md-gb-has-no-icon sm-gb-has-no-icon\">Christoph J. Hesse begynte \u00e5 selge sportsutstyret sitt direkte p\u00e5 banen etter kampene da han fortsatt studerte bedrifts\u00f8konomi. Slik ble ideen om \u00e5 opprette selskapet hans f\u00f8dt. I 1984 \u00e5pnet Christoph sin f\u00f8rste sportsbutikk med et salgsareal p\u00e5 45 kvm. Bare noen f\u00e5 \u00e5r senere m\u00e5tte de utvide til 100 kvm f\u00f8rst, og deretter til 500 kvm. I dag selger Sport-Hesse p\u00e5 et areal p\u00e5 rundt 1000 kvm og er en sv\u00e6rt vellykket leverand\u00f8r av lagidrettsutstyr, brukt av kunder over hele verden.<\/p><h3 class=\"theme-wp-block wp-block-heading gb-responsive-530046-identifier desktop-gb-has-no-icon xl-gb-has-no-icon lg-gb-has-no-icon md-gb-has-no-icon sm-gb-has-no-icon\">Starte opp:<\/h3><p class=\"theme-wp-block gb-responsive-657993-identifier\">Siden 2014 har selskapet ogs\u00e5 solgt produktene sine p\u00e5 Amazon. Det som startet med forsendelsen av noen f\u00e5 fotballer har etter hvert utviklet seg til et PAN EU-salg over hele Europa. Med rundt 6.000 varer var Christoph Hesse klar over at feil ville oppst\u00e5 i Amazons lagre.<\/p><p class=\"theme-wp-block gb-responsive-780031-identifier\">\u201cVi har et bredt utvalg av produkter p\u00e5 Amazon, og \u00e5 sammenligne s\u00e5 mange internasjonale markeder er komplekst og tidkrevende,\u201d forklarer Christoph. \u201cVi analyserte leveringsrapporter manuelt fordi vi var klar over kjerneproblemet, men p\u00e5 grunn av den store mengden tid dette krever, kunne vi bare gj\u00f8re overv\u00e5kningen i liten skala.\u201d<\/p><h3 class=\"theme-wp-block wp-block-heading gb-responsive-749842-identifier\">L\u00f8sning:<\/h3><p class=\"theme-wp-block gb-responsive-642257-identifier desktop-gb-has-no-icon xl-gb-has-no-icon lg-gb-has-no-icon md-gb-has-no-icon sm-gb-has-no-icon\">Da deltok Christoph p\u00e5 en konferanse for Amazon-selgere. Siden han allerede hadde mottatt en invitasjon fra SELLERLOGIC ang\u00e5ende Lost &#038; Found-l\u00f8sningen, opps\u00f8kte han oss og lyttet til en av presentasjonene v\u00e5re p\u00e5 konferansen. \u201cWorkshopen hadde allerede overbevist meg om Lost &#038; Found. Men den konstruktive diskusjonen med foredragsholderen etterp\u00e5 var prikken over i-en og bekreftet helt mitt f\u00f8rsteinntrykk,\u201d husker Christoph. \u201cS\u00e5 snart jeg kom hjem, registrerte jeg meg direkte.\u201d<\/p><div class=\"theme-block-group-wrap\"><div class=\"theme-wp-block wp-block-group gb-responsive-88118-identifier\">\t\t<div  class=\"theme-wp-block theme-block-user-card gb-responsive-799176-identifier is-style-full-width-line\">\n\t\t<div class=\"wrap-inner-content\">\n\t\t\t<div class=\"card-user-head\">\n\t\t\t\t<div class=\"card-user-avatar\">\n\t\t\t\t\t<div class=\"cover-avatar\" style=\"background-image: url(https:\/\/d2bw95mh2ee04s.cloudfront.net\/prod\/content\/wp-content\/uploads\/2020\/12\/23142724\/sport-hesse-raute.png);\"><\/div>\n\t\t\t\t<\/div>\n\t\t\t\t<div class=\"wrap-title\">\n\t\t\t\t\t<div class=\"card-user-name\">\n\t\t\t\t\t\t<div class=\"title\">\n\t\t\t\t\t\t\t<h3 class=\"heading-text\"><strong>Christoph Hesse<\/strong><\/h3>\n\t\t\t\t\t\t<\/div>\n\t\t\t\t\t\t<div class=\"card-user-position\">\n\t\t\t\t\t\t\t<div class=\"card-text\"><strong>Administrerende direkt\u00f8r i Sport-Hesse<\/strong><\/div>\n\t\t\t\t\t\t<\/div>\n\t\t\t\t\t<\/div>\n\t\t\t\t\t<div class=\"card-user-quote-icon\">\n\t\t\t\t\t<\/div>\n\t\t\t\t<\/div>\n\t\t\t<\/div>\n\t\t\t<div class=\"card-user-text\">\n\t\t\t\t<div class=\"card-text\"><p>&#8220;SELLERLOGIC Lost &amp; Found er rett og slett et flott verkt\u00f8y, alt passer bare perfekt, driften, refusjonene, onboarding og servicen! Vi vil absolutt ikke tilbake til \u00e5 jobbe manuelt med mulige refusjonskrav.&#8221;<\/p><\/div>\n\t\t\t<\/div>\n\t\t<\/div>\n\t<\/div>\n\n<\/div><\/div><h3 class=\"theme-wp-block wp-block-heading gb-responsive-260858-identifier\">Vellykkede resultater med SELLERLOGIC:<\/h3><p class=\"theme-wp-block gb-responsive-536715-identifier desktop-gb-has-no-icon xl-gb-has-no-icon lg-gb-has-no-icon md-gb-has-no-icon sm-gb-has-no-icon\">Selv implementeringen av l\u00f8sningen overgikk forventningene hans. Selv om Christophs personlige erfaring med SELLERLOGIC&#8217;s CSO under konferansen allerede var alt han trengte for \u00e5 ta beslutningen, \u201coverrasket den f\u00f8rste refusjonen meg uansett: Sport-Hesse fikk 15.000 Euro tilbake fra Amazon!\u201d.<\/p><p class=\"theme-wp-block gb-responsive-557617-identifier desktop-gb-has-no-icon xl-gb-has-no-icon lg-gb-has-no-icon md-gb-has-no-icon sm-gb-has-no-icon\">SELLERLOGIC&#8217;s l\u00f8fte om \u00e5 spare tid og enkel h\u00e5ndtering stemte ogs\u00e5. \u201cDe tilbyr ogs\u00e5 en feilfri service &#8211; selv p\u00e5 l\u00f8rdag fikk jeg svar fra kundest\u00f8tteteamet!\u201d forklarer Christoph. \u201cGenerelt har det v\u00e6rt veldig hyggelig \u00e5 ha med kundest\u00f8tteteamet \u00e5 gj\u00f8re. De har alltid det rette svaret p\u00e5 problemene mine.\u201d<\/p><p class=\"theme-wp-block gb-responsive-570460-identifier desktop-gb-has-no-icon xl-gb-has-no-icon lg-gb-has-no-icon md-gb-has-no-icon sm-gb-has-no-icon\">\u201cVerkt\u00f8yet fungerer veldig bra, siden den operative komponenten er klar og det kan enkelt integreres i din egen daglige rutine. I tillegg er det en kunnskapsdatabase \u2013 som, ved siden av kundest\u00f8tteteamet \u2013 ogs\u00e5 har hjulpet oss mye n\u00e5r vi hadde tvil eller sp\u00f8rsm\u00e5l.\u201d<\/p><p class=\"theme-wp-block gb-responsive-270774-identifier desktop-gb-has-no-icon xl-gb-has-no-icon lg-gb-has-no-icon md-gb-has-no-icon sm-gb-has-no-icon\">\u201cYtelsen til verkt\u00f8yet er rett og slett overbevisende og rettferdiggj\u00f8r prisen helt!\u201d sier Christoph. \u201cUansett er manuell sjekking ikke lenger et problem hos Sport-Hesse.\u201d<\/p><div class=\"theme-wp-block wp-block-buttons gb-responsive-497426-identifier is-layout-flex wp-block-buttons-is-layout-flex\"><div class=\"theme-wp-block wp-block-button gb-responsive-38220-identifier is-style-theme-transparent-with-arrow\"><a class=\"wp-block-button__link wp-element-button\" href=\"https:\/\/d2bw95mh2ee04s.cloudfront.net\/prod\/content\/files\/SUCCESS-STORIES\/EN\/SELLERLOGIC_SN_Success-Story_Sport-Hesse_EN.pdf\" target=\"_blank\" rel=\"noreferrer noopener nofollow\">Last ned n\u00e5!<\/a><\/div><\/div><\/div><div class=\"theme-wp-block wp-block-column gb-responsive-271329-identifier is-layout-flow wp-block-column-is-layout-flow\" style=\"flex-basis:25%\"><\/div><\/div>","protected":false},"excerpt":{"rendered":"<p>Grunnlag:1984 Bransje:Sportutstyr, lagidretter, sportsmerker Varer p\u00e5 Amazon: ca. 6.000 SKUs Forsendelser:ca. 30.000 per m\u00e5ned Bakgrunn: Christoph J. Hesse begynte \u00e5 selge sportsutstyret sitt direkte p\u00e5 banen etter kampene da han fortsatt studerte bedrifts\u00f8konomi. Slik ble ideen om \u00e5 opprette selskapet hans f\u00f8dt. I 1984 \u00e5pnet Christoph sin f\u00f8rste sportsbutikk med et salgsareal p\u00e5 45 kvm.<\/p>\n","protected":false},"author":3,"featured_media":4855,"parent":226176,"menu_order":0,"comment_status":"closed","ping_status":"closed","template":"","meta":{"sidebar_recommended_resources":{"data":[]},"sidebar_header_settings":{"hide_buttons":{"register":false}},"_use_new_theme":false,"inline_featured_image":false,"footnotes":""},"class_list":["post-226182","page","type-page","status-publish","has-post-thumbnail","hentry"],"yoast_head":"<!-- This site is optimized with the Yoast SEO plugin v26.8 - https:\/\/yoast.com\/product\/yoast-seo-wordpress\/ -->\n<title>Hvorfor Lost &amp; Found overbeviste Sport-Hesse | SELLERLOGIC<\/title>\n<meta name=\"description\" content=\"&quot;De har alltid det rette svaret p\u00e5 problemene mine\u201c - Hvordan Sport-Hesse fikk en 5-sifret refusjon fra Amazon takket v\u00e6re Lost &amp; Found.\" \/>\n<meta name=\"robots\" content=\"index, follow, max-snippet:-1, max-image-preview:large, max-video-preview:-1\" \/>\n<link rel=\"canonical\" href=\"https:\/\/www.sellerlogic.com\/no\/resources\/success-story-sport-hesse\/\" \/>\n<meta property=\"og:locale\" content=\"nb_NO\" \/>\n<meta property=\"og:type\" content=\"article\" \/>\n<meta property=\"og:title\" content=\"Hvorfor Lost &amp; Found overbeviste Sport-Hesse | SELLERLOGIC\" \/>\n<meta property=\"og:description\" content=\"&quot;De har alltid det rette svaret p\u00e5 problemene mine\u201c - Hvordan Sport-Hesse fikk en 5-sifret refusjon fra Amazon takket v\u00e6re Lost &amp; Found.\" \/>\n<meta property=\"og:url\" content=\"https:\/\/www.sellerlogic.com\/no\/resources\/success-story-sport-hesse\/\" \/>\n<meta property=\"og:site_name\" content=\"SELLERLOGIC - Smarte Tools f\u00fcr Amazon-Seller\" \/>\n<meta property=\"article:publisher\" content=\"https:\/\/www.facebook.com\/SellerLogic\/\" \/>\n<meta property=\"og:image\" content=\"https:\/\/d2bw95mh2ee04s.cloudfront.net\/prod\/content\/wp-content\/uploads\/2020\/12\/23142722\/sport-hesse-header-neu.jpeg\" \/>\n\t<meta property=\"og:image:width\" content=\"2500\" \/>\n\t<meta property=\"og:image:height\" content=\"1667\" \/>\n\t<meta property=\"og:image:type\" content=\"image\/jpeg\" \/>\n<meta name=\"twitter:card\" content=\"summary_large_image\" \/>\n<meta name=\"twitter:site\" content=\"@sellerlogic\" \/>\n<meta name=\"twitter:label1\" content=\"Est. reading time\" \/>\n\t<meta name=\"twitter:data1\" content=\"3 minutes\" \/>\n<script type=\"application\/ld+json\" class=\"yoast-schema-graph\">{\"@context\":\"https:\/\/schema.org\",\"@graph\":[{\"@type\":\"WebPage\",\"@id\":\"https:\/\/www.sellerlogic.com\/no\/resources\/success-story-sport-hesse\/\",\"url\":\"https:\/\/www.sellerlogic.com\/no\/resources\/success-story-sport-hesse\/\",\"name\":\"Hvorfor Lost & Found overbeviste Sport-Hesse | SELLERLOGIC\",\"isPartOf\":{\"@id\":\"https:\/\/www.sellerlogic.com\/no\/#website\"},\"primaryImageOfPage\":{\"@id\":\"https:\/\/www.sellerlogic.com\/no\/resources\/success-story-sport-hesse\/#primaryimage\"},\"image\":{\"@id\":\"https:\/\/www.sellerlogic.com\/no\/resources\/success-story-sport-hesse\/#primaryimage\"},\"thumbnailUrl\":\"https:\/\/d2bw95mh2ee04s.cloudfront.net\/prod\/content\/wp-content\/uploads\/2020\/12\/23142722\/sport-hesse-header-neu.jpeg\",\"datePublished\":\"2020-12-18T10:57:32+00:00\",\"description\":\"\\\"De har alltid det rette svaret p\u00e5 problemene mine\u201c - Hvordan Sport-Hesse fikk en 5-sifret refusjon fra Amazon takket v\u00e6re Lost & Found.\",\"breadcrumb\":{\"@id\":\"https:\/\/www.sellerlogic.com\/no\/resources\/success-story-sport-hesse\/#breadcrumb\"},\"inLanguage\":\"nb-NO\",\"potentialAction\":[{\"@type\":\"ReadAction\",\"target\":[\"https:\/\/www.sellerlogic.com\/no\/resources\/success-story-sport-hesse\/\"]}]},{\"@type\":\"ImageObject\",\"inLanguage\":\"nb-NO\",\"@id\":\"https:\/\/www.sellerlogic.com\/no\/resources\/success-story-sport-hesse\/#primaryimage\",\"url\":\"https:\/\/d2bw95mh2ee04s.cloudfront.net\/prod\/content\/wp-content\/uploads\/2020\/12\/23142722\/sport-hesse-header-neu.jpeg\",\"contentUrl\":\"https:\/\/d2bw95mh2ee04s.cloudfront.net\/prod\/content\/wp-content\/uploads\/2020\/12\/23142722\/sport-hesse-header-neu.jpeg\",\"width\":2500,\"height\":1667,\"caption\":\"Sport-Hesse: Header\"},{\"@type\":\"BreadcrumbList\",\"@id\":\"https:\/\/www.sellerlogic.com\/no\/resources\/success-story-sport-hesse\/#breadcrumb\",\"itemListElement\":[{\"@type\":\"ListItem\",\"position\":1,\"name\":\"Home\",\"item\":\"https:\/\/www.sellerlogic.com\/no\/\"},{\"@type\":\"ListItem\",\"position\":2,\"name\":\"Ressurser NO\",\"item\":\"https:\/\/www.sellerlogic.com\/no\/resources\/\"},{\"@type\":\"ListItem\",\"position\":3,\"name\":\"Suksesshistorie: Sport Hesse EN\"}]},{\"@type\":\"WebSite\",\"@id\":\"https:\/\/www.sellerlogic.com\/no\/#website\",\"url\":\"https:\/\/www.sellerlogic.com\/no\/\",\"name\":\"SELLERLOGIC - Smarte Tools f\u00fcr Amazon-Seller\",\"description\":\"Intelligente Prozessoptimierung und Gewinnmaximierung\",\"publisher\":{\"@id\":\"https:\/\/www.sellerlogic.com\/no\/#organization\"},\"potentialAction\":[{\"@type\":\"SearchAction\",\"target\":{\"@type\":\"EntryPoint\",\"urlTemplate\":\"https:\/\/www.sellerlogic.com\/no\/?s={search_term_string}\"},\"query-input\":{\"@type\":\"PropertyValueSpecification\",\"valueRequired\":true,\"valueName\":\"search_term_string\"}}],\"inLanguage\":\"nb-NO\"},{\"@type\":\"Organization\",\"@id\":\"https:\/\/www.sellerlogic.com\/no\/#organization\",\"name\":\"SELLERLOGIC\",\"url\":\"https:\/\/www.sellerlogic.com\/no\/\",\"logo\":{\"@type\":\"ImageObject\",\"inLanguage\":\"nb-NO\",\"@id\":\"https:\/\/www.sellerlogic.com\/no\/#\/schema\/logo\/image\/\",\"url\":\"https:\/\/d2bw95mh2ee04s.cloudfront.net\/prod\/content\/wp-content\/uploads\/2025\/01\/02134814\/Property-Logo-Main.svg\",\"contentUrl\":\"https:\/\/d2bw95mh2ee04s.cloudfront.net\/prod\/content\/wp-content\/uploads\/2025\/01\/02134814\/Property-Logo-Main.svg\",\"width\":184,\"height\":40,\"caption\":\"SELLERLOGIC\"},\"image\":{\"@id\":\"https:\/\/www.sellerlogic.com\/no\/#\/schema\/logo\/image\/\"},\"sameAs\":[\"https:\/\/www.facebook.com\/SellerLogic\/\",\"https:\/\/x.com\/sellerlogic\",\"https:\/\/www.instagram.com\/sellerlogic\/\",\"https:\/\/www.linkedin.com\/company\/18402037\/\",\"https:\/\/www.youtube.com\/channel\/UC-gULUur-fNj08sprantKsQ\"]}]}<\/script>\n<!-- \/ Yoast SEO plugin. -->","yoast_head_json":{"title":"Hvorfor Lost & Found overbeviste Sport-Hesse | SELLERLOGIC","description":"\"De har alltid det rette svaret p\u00e5 problemene mine\u201c - Hvordan Sport-Hesse fikk en 5-sifret refusjon fra Amazon takket v\u00e6re Lost & Found.","robots":{"index":"index","follow":"follow","max-snippet":"max-snippet:-1","max-image-preview":"max-image-preview:large","max-video-preview":"max-video-preview:-1"},"canonical":"https:\/\/www.sellerlogic.com\/no\/resources\/success-story-sport-hesse\/","og_locale":"nb_NO","og_type":"article","og_title":"Hvorfor Lost & Found overbeviste Sport-Hesse | SELLERLOGIC","og_description":"\"De har alltid det rette svaret p\u00e5 problemene mine\u201c - Hvordan Sport-Hesse fikk en 5-sifret refusjon fra Amazon takket v\u00e6re Lost & Found.","og_url":"https:\/\/www.sellerlogic.com\/no\/resources\/success-story-sport-hesse\/","og_site_name":"SELLERLOGIC - Smarte Tools f\u00fcr Amazon-Seller","article_publisher":"https:\/\/www.facebook.com\/SellerLogic\/","og_image":[{"width":2500,"height":1667,"url":"https:\/\/d2bw95mh2ee04s.cloudfront.net\/prod\/content\/wp-content\/uploads\/2020\/12\/23142722\/sport-hesse-header-neu.jpeg","type":"image\/jpeg"}],"twitter_card":"summary_large_image","twitter_site":"@sellerlogic","twitter_misc":{"Est. reading time":"3 minutes"},"schema":{"@context":"https:\/\/schema.org","@graph":[{"@type":"WebPage","@id":"https:\/\/www.sellerlogic.com\/no\/resources\/success-story-sport-hesse\/","url":"https:\/\/www.sellerlogic.com\/no\/resources\/success-story-sport-hesse\/","name":"Hvorfor Lost & Found overbeviste Sport-Hesse | SELLERLOGIC","isPartOf":{"@id":"https:\/\/www.sellerlogic.com\/no\/#website"},"primaryImageOfPage":{"@id":"https:\/\/www.sellerlogic.com\/no\/resources\/success-story-sport-hesse\/#primaryimage"},"image":{"@id":"https:\/\/www.sellerlogic.com\/no\/resources\/success-story-sport-hesse\/#primaryimage"},"thumbnailUrl":"https:\/\/d2bw95mh2ee04s.cloudfront.net\/prod\/content\/wp-content\/uploads\/2020\/12\/23142722\/sport-hesse-header-neu.jpeg","datePublished":"2020-12-18T10:57:32+00:00","description":"\"De har alltid det rette svaret p\u00e5 problemene mine\u201c - Hvordan Sport-Hesse fikk en 5-sifret refusjon fra Amazon takket v\u00e6re Lost & Found.","breadcrumb":{"@id":"https:\/\/www.sellerlogic.com\/no\/resources\/success-story-sport-hesse\/#breadcrumb"},"inLanguage":"nb-NO","potentialAction":[{"@type":"ReadAction","target":["https:\/\/www.sellerlogic.com\/no\/resources\/success-story-sport-hesse\/"]}]},{"@type":"ImageObject","inLanguage":"nb-NO","@id":"https:\/\/www.sellerlogic.com\/no\/resources\/success-story-sport-hesse\/#primaryimage","url":"https:\/\/d2bw95mh2ee04s.cloudfront.net\/prod\/content\/wp-content\/uploads\/2020\/12\/23142722\/sport-hesse-header-neu.jpeg","contentUrl":"https:\/\/d2bw95mh2ee04s.cloudfront.net\/prod\/content\/wp-content\/uploads\/2020\/12\/23142722\/sport-hesse-header-neu.jpeg","width":2500,"height":1667,"caption":"Sport-Hesse: Header"},{"@type":"BreadcrumbList","@id":"https:\/\/www.sellerlogic.com\/no\/resources\/success-story-sport-hesse\/#breadcrumb","itemListElement":[{"@type":"ListItem","position":1,"name":"Home","item":"https:\/\/www.sellerlogic.com\/no\/"},{"@type":"ListItem","position":2,"name":"Ressurser NO","item":"https:\/\/www.sellerlogic.com\/no\/resources\/"},{"@type":"ListItem","position":3,"name":"Suksesshistorie: Sport Hesse EN"}]},{"@type":"WebSite","@id":"https:\/\/www.sellerlogic.com\/no\/#website","url":"https:\/\/www.sellerlogic.com\/no\/","name":"SELLERLOGIC - Smarte Tools f\u00fcr Amazon-Seller","description":"Intelligente Prozessoptimierung und Gewinnmaximierung","publisher":{"@id":"https:\/\/www.sellerlogic.com\/no\/#organization"},"potentialAction":[{"@type":"SearchAction","target":{"@type":"EntryPoint","urlTemplate":"https:\/\/www.sellerlogic.com\/no\/?s={search_term_string}"},"query-input":{"@type":"PropertyValueSpecification","valueRequired":true,"valueName":"search_term_string"}}],"inLanguage":"nb-NO"},{"@type":"Organization","@id":"https:\/\/www.sellerlogic.com\/no\/#organization","name":"SELLERLOGIC","url":"https:\/\/www.sellerlogic.com\/no\/","logo":{"@type":"ImageObject","inLanguage":"nb-NO","@id":"https:\/\/www.sellerlogic.com\/no\/#\/schema\/logo\/image\/","url":"https:\/\/d2bw95mh2ee04s.cloudfront.net\/prod\/content\/wp-content\/uploads\/2025\/01\/02134814\/Property-Logo-Main.svg","contentUrl":"https:\/\/d2bw95mh2ee04s.cloudfront.net\/prod\/content\/wp-content\/uploads\/2025\/01\/02134814\/Property-Logo-Main.svg","width":184,"height":40,"caption":"SELLERLOGIC"},"image":{"@id":"https:\/\/www.sellerlogic.com\/no\/#\/schema\/logo\/image\/"},"sameAs":["https:\/\/www.facebook.com\/SellerLogic\/","https:\/\/x.com\/sellerlogic","https:\/\/www.instagram.com\/sellerlogic\/","https:\/\/www.linkedin.com\/company\/18402037\/","https:\/\/www.youtube.com\/channel\/UC-gULUur-fNj08sprantKsQ"]}]}},"_links":{"self":[{"href":"https:\/\/www.sellerlogic.com\/no\/wp-json\/wp\/v2\/pages\/226182","targetHints":{"allow":["GET"]}}],"collection":[{"href":"https:\/\/www.sellerlogic.com\/no\/wp-json\/wp\/v2\/pages"}],"about":[{"href":"https:\/\/www.sellerlogic.com\/no\/wp-json\/wp\/v2\/types\/page"}],"author":[{"embeddable":true,"href":"https:\/\/www.sellerlogic.com\/no\/wp-json\/wp\/v2\/users\/3"}],"replies":[{"embeddable":true,"href":"https:\/\/www.sellerlogic.com\/no\/wp-json\/wp\/v2\/comments?post=226182"}],"version-history":[{"count":0,"href":"https:\/\/www.sellerlogic.com\/no\/wp-json\/wp\/v2\/pages\/226182\/revisions"}],"up":[{"embeddable":true,"href":"https:\/\/www.sellerlogic.com\/no\/wp-json\/wp\/v2\/pages\/226176"}],"wp:featuredmedia":[{"embeddable":true,"href":"https:\/\/www.sellerlogic.com\/no\/wp-json\/wp\/v2\/media\/4855"}],"wp:attachment":[{"href":"https:\/\/www.sellerlogic.com\/no\/wp-json\/wp\/v2\/media?parent=226182"}],"curies":[{"name":"wp","href":"https:\/\/api.w.org\/{rel}","templated":true}]}}