
{"id":106404,"date":"2021-03-02T08:05:46","date_gmt":"2021-03-02T08:05:46","guid":{"rendered":"https:\/\/127.0.0.1\/resources\/success-story-groupe-dragon\/"},"modified":"2021-03-02T08:05:46","modified_gmt":"2021-03-02T08:05:46","slug":"success-story-groupe-dragon","status":"publish","type":"page","link":"https:\/\/www.sellerlogic.com\/pl\/resources\/success-story-groupe-dragon\/","title":{"rendered":"Success Story: Groupe Dragon EN"},"content":{"rendered":"\n\t<div  class=\"theme-wp-block theme-block-main-header desktop-content-align-y-center desktop-content-align-x-center xl-content-align-y-center xl-content-align-x-center lg-content-align-y-center lg-content-align-x-center md-content-align-y-center md-content-align-x-center sm-content-align-y-center sm-content-align-x-center gb-responsive-853195-identifier desktop-align-full xl-align-full lg-align-full md-align-full sm-align-full is-style-default theme-block-cover\">\n\t\t<div class=\"bg-cover theme-lazy-load-bg\"><\/div>\n\t\t<div class=\"wrap-content-main-header\">\n\t\t\t\t\t<div  class=\"theme-wp-block theme-block-text-and-text gb-responsive-170032-identifier desktop-vertical-center xl-vertical-center lg-vertical-center md-vertical-center sm-vertical-center md-blockDirection-column sm-blockDirection-column desktop-blockDirection-column xl-blockDirection-column lg-blockDirection-column is-style-default desktop-align-wide xl-align-wide lg-align-wide md-align-wide sm-align-wide alignwide\">\n\t\t<div class=\"tat-column-wrap-wrapper\">\n\t\t\t<div class=\"tat-column-wrapper\">\n\t\t\t\t\t<div  class=\"theme-wp-block theme-block-text-and-text-column gb-responsive-644092-identifier md-horizontal-center sm-horizontal-center xl-horizontal-center lg-horizontal-center desktop-horizontal-left\">\n\t\t<div class=\"inner-wrap-column-content\">\n\t\t\t<div class=\"inner-column-content\">\n\t\t\t\t\t\t<h1  class=\"theme-wp-block theme-block-heading is-style-default sm-text-center md-text-center desktop-text-center xl-text-center lg-text-center gb-responsive-113637-identifier desktop-align-full xl-align-full lg-align-full md-align-full sm-align-full alignfull h1 has-text-align\">\n\t\t<strong>Brak czasu, brak si\u0142y roboczej, brak zasob\u00f3w<\/strong>\t<\/h1>\n\n\t\t<h2  class=\"theme-wp-block theme-block-heading desktop-gb-has-no-icon xl-gb-has-no-icon lg-gb-has-no-icon md-gb-has-no-icon sm-gb-has-no-icon gb-responsive-848621-identifier desktop-text-center xl-text-center lg-text-center md-text-center sm-text-center h3\">\n\t\t<strong>Jak Groupe Dragon nadal uzyskuje zwrot za ka\u017cdy b\u0142\u0105d FBA<\/strong>\t<\/h2>\n\n\t\t\t<\/div>\n\t\t<\/div>\n\t<\/div>\n\t<div  class=\"theme-wp-block theme-block-text-and-text-column gb-responsive-840598-identifier desktop-horizontal-center xl-horizontal-center lg-horizontal-center md-horizontal-center sm-horizontal-center\">\n\t\t<div class=\"inner-wrap-column-content\">\n\t\t\t<div class=\"inner-column-content\">\n\t\t\t\t\t\t\t<\/div>\n\t\t<\/div>\n\t<\/div>\n\t\t\t<\/div>\n\t\t<\/div>\n\t<\/div>\n\n\t\t<\/div>\n\t<\/div>\n\n<div style=\"height:50px\" aria-hidden=\"true\" class=\"theme-wp-block wp-block-spacer\"><\/div><div class=\"theme-wp-block wp-block-columns gb-responsive-492868-identifier is-layout-flex wp-container-core-columns-is-layout-9d6595d7 wp-block-columns-is-layout-flex\"><div class=\"theme-wp-block wp-block-column gb-responsive-633979-identifier is-layout-flow wp-block-column-is-layout-flow\" style=\"flex-basis:25%\"><figure class=\"theme-wp-block wp-block-image size-large is-resized desktop-gb-has-no-icon xl-gb-has-no-icon lg-gb-has-no-icon md-gb-has-no-icon sm-gb-has-no-icon gb-responsive-595564-identifier\"><img decoding=\"async\" width=\"156\" height=\"156\" src=\"https:\/\/d2bw95mh2ee04s.cloudfront.net\/prod\/content\/wp-content\/uploads\/2021\/03\/23142640\/logo2_groupe-dragon-edited.png\" alt=\"Success Story: Groupe Dragon EN\" class=\"wp-image-8499\" style=\"width:156px;height:156px\"><\/figure><p class=\"theme-wp-block desktop-gb-has-no-icon xl-gb-has-no-icon lg-gb-has-no-icon md-gb-has-no-icon sm-gb-has-no-icon gb-responsive-471154-identifier\"><strong><strong>Fundacja<\/strong>:<\/strong><br>2011<\/p><p class=\"theme-wp-block desktop-gb-has-no-icon xl-gb-has-no-icon lg-gb-has-no-icon md-gb-has-no-icon sm-gb-has-no-icon gb-responsive-988471-identifier\"><strong><strong>Bran\u017ca<\/strong>:<\/strong><br>Cz\u0119\u015bci zamienne i elektroniczne urz\u0105dzenia gospodarstwa domowego<\/p><p class=\"theme-wp-block desktop-gb-has-no-icon xl-gb-has-no-icon lg-gb-has-no-icon md-gb-has-no-icon sm-gb-has-no-icon gb-responsive-290042-identifier\"><strong><strong>Przedmioty na Amazonie:\u00a0<\/strong><\/strong><br>oko\u0142o 177 000 SKU<\/p><p class=\"theme-wp-block desktop-gb-has-no-icon xl-gb-has-no-icon lg-gb-has-no-icon md-gb-has-no-icon sm-gb-has-no-icon gb-responsive-427484-identifier\"><strong><strong>Wysy\u0142ki<\/strong>:\u00a0<\/strong><br>oko\u0142o 37 000 miesi\u0119cznie<\/p><\/div><div class=\"theme-wp-block wp-block-column gb-responsive-243785-identifier is-layout-flow wp-block-column-is-layout-flow\" style=\"flex-basis:50%\"><h3 class=\"theme-wp-block wp-block-heading desktop-gb-has-no-icon xl-gb-has-no-icon lg-gb-has-no-icon md-gb-has-no-icon sm-gb-has-no-icon gb-responsive-998927-identifier\" id=\"block-c06fce04-ef87-4ffc-a3d6-b768ba377d17\">Background:<\/h3><p class=\"theme-wp-block gb-responsive-710769-identifier\">Groupe Dragon jest jedn\u0105 z najbardziej udanych francuskich firm na rynku Amazon. I jest ku temu pow\u00f3d: Zanim za\u0142o\u017cyciel Groupe Dragon zosta\u0142 sprzedawc\u0105 na Amazonie, pracowa\u0142 na pe\u0142ny etat jako naprawiacz urz\u0105dze\u0144 elektrycznych. \u201eNawet wtedy oferowa\u0142 cz\u0119\u015bci zamienne w swoim sklepie,\u201d m\u00f3wi Florent Noualy, szef dzia\u0142u zakup\u00f3w i strategii rynkowej. \u201eZda\u0142 sobie spraw\u0119, \u017ce urz\u0105dzenia elektryczne psuj\u0105 si\u0119 znacznie \u0142atwiej w dzisiejszych czasach ni\u017c kiedy\u015b.\u201d<\/p><p class=\"theme-wp-block gb-responsive-502902-identifier\">Dodatkowo, pojawi\u0142y si\u0119 nowe przepisy prawne, kt\u00f3re wymaga\u0142y od producent\u00f3w, na przyk\u0142ad, aby przechowywali cz\u0119\u015bci zamienne w magazynie przez okre\u015blony czas. W wyniku tych zmian nast\u0105pi\u0142 znaczny wzrost popytu na materia\u0142y do naprawy, szczeg\u00f3lnie w Internecie. Decyzja o oferowaniu cz\u0119\u015bci zamiennych online okaza\u0142a si\u0119 trafna: w mi\u0119dzyczasie Groupe Dragon znajduje si\u0119 w\u015br\u00f3d 5 najbardziej udanych francuskich sprzedawc\u00f3w na Amazonie.<\/p><h3 class=\"theme-wp-block wp-block-heading desktop-gb-has-no-icon xl-gb-has-no-icon lg-gb-has-no-icon md-gb-has-no-icon sm-gb-has-no-icon gb-responsive-686902-identifier\">Starting Situation:<\/h3><p class=\"theme-wp-block gb-responsive-145505-identifier\">Jednak wraz z sukcesem, Groupe Dragon stan\u0119\u0142o r\u00f3wnie\u017c przed nowymi wyzwaniami, kt\u00f3re musia\u0142y zosta\u0107 pokonane. \u201eJednym z nich by\u0142a internacjonalizacja. Amazon by\u0142 w tym wielk\u0105 pomoc\u0105, poniewa\u017c jego \u0142atwy dost\u0119p do innych rynk\u00f3w oznacza\u0142, \u017ce nasza firma ros\u0142a w sta\u0142ym tempie,\u201d m\u00f3wi Florent Noualy. Niemiecki rynek sta\u0142 si\u0119 nawet wiod\u0105cym kana\u0142em sprzeda\u017cy.<\/p><p class=\"theme-wp-block gb-responsive-223640-identifier\">Jednak ekspansja przez Amazon otworzy\u0142a r\u00f3wnie\u017c drog\u0119 dla Groupe Dragon do oferowania produkt\u00f3w markowych od Dyson czy Elektrolux. \u201eTo znacznie zwi\u0119kszy\u0142o nasz\u0105 ilo\u015b\u0107 zam\u00f3wie\u0144 i obj\u0119to\u015b\u0107 magazynu. Kiedy do\u0142\u0105czy\u0142em do zespo\u0142u w 2015 roku, stosunkowo szybko sta\u0142o si\u0119 jasne, \u017ce w przysz\u0142o\u015bci musimy prze\u0142\u0105czy\u0107 nasze realizacje na FBA. Dla nas by\u0142a to najlepsza opcja.\u201d<\/p><h3 class=\"theme-wp-block wp-block-heading desktop-gb-has-no-icon xl-gb-has-no-icon lg-gb-has-no-icon md-gb-has-no-icon sm-gb-has-no-icon gb-responsive-423206-identifier\">Solution:<\/h3><p class=\"theme-wp-block gb-responsive-405561-identifier\">Nast\u0119pnie Noualy otrzyma\u0142 wiadomo\u015b\u0107 przez LinkedIn od Moniki, naszej przedstawicielki ds. rozwoju sprzeda\u017cy w SELLERLOGIC. \u201eJu\u017c zna\u0142em SELLERLOGIC,\u201d wspomina Noualy, \u201ei od razu by\u0142em zainteresowany Lost &#038; Found. Ju\u017c w tym momencie by\u0142o dla mnie jasne, \u017ce brakuje nam wa\u017cnych informacji o naszych procesach FBA.\u201d Ponadto nikt w zespole Groupe Dragon nie by\u0142 w stanie analizowa\u0107 ogromnych wolumen\u00f3w danych, kt\u00f3re robi Lost &#038; Found.<\/p><p class=\"theme-wp-block gb-responsive-793217-identifier\">\u201eMimo \u017ce sprzedajemy na Amazonie od lat i mamy solidne zrozumienie, jak to dzia\u0142a,\u201d dodaje Noualy, \u201enie mieli\u015bmy wystarczaj\u0105cej wiedzy, aby zidentyfikowa\u0107 wszystkie rodzaje b\u0142\u0119d\u00f3w.\u201d<br>By\u0142o kluczowe, aby opanowa\u0107 t\u0119 sytuacj\u0119. \u201eKiedy wtedy aktywowa\u0142em Lost &#038; Found, ju\u017c przewidywa\u0142em, \u017ce narz\u0119dzie zidentyfikuje wiele b\u0142\u0119d\u00f3w FBA. Ale nigdy bym si\u0119 nie spodziewa\u0142 rzeczywistej ilo\u015bci!\u201d<\/p><div class=\"theme-block-group-wrap\"><div class=\"theme-wp-block wp-block-group gb-responsive-88118-identifier\">\t\t<div  class=\"theme-wp-block theme-block-user-card gb-responsive-799176-identifier is-style-full-width-line desktop-gb-has-no-icon xl-gb-has-no-icon lg-gb-has-no-icon md-gb-has-no-icon sm-gb-has-no-icon\">\n\t\t<div class=\"wrap-inner-content\">\n\t\t\t<div class=\"card-user-head\">\n\t\t\t\t<div class=\"card-user-avatar\">\n\t\t\t\t\t<div class=\"cover-avatar\" style=\"background-image: url(https:\/\/d2bw95mh2ee04s.cloudfront.net\/prod\/content\/wp-content\/uploads\/2021\/03\/23142640\/florent_groupe-dragon-raute.png);\"><\/div>\n\t\t\t\t<\/div>\n\t\t\t\t<div class=\"wrap-title\">\n\t\t\t\t\t<div class=\"card-user-name\">\n\t\t\t\t\t\t<div class=\"title\">\n\t\t\t\t\t\t\t<h3 class=\"heading-text\"><strong>Florent Noualy<\/strong><\/h3>\n\t\t\t\t\t\t<\/div>\n\t\t\t\t\t\t<div class=\"card-user-position\">\n\t\t\t\t\t\t\t<div class=\"card-text\"><strong>Szef dzia\u0142u zakup\u00f3w i strategii rynkowej<\/strong><\/div>\n\t\t\t\t\t\t<\/div>\n\t\t\t\t\t<\/div>\n\t\t\t\t\t<div class=\"card-user-quote-icon\">\n\t\t\t\t\t<\/div>\n\t\t\t\t<\/div>\n\t\t\t<\/div>\n\t\t\t<div class=\"card-user-text\">\n\t\t\t\t<div class=\"card-text\"><p>\u201eBy\u0142o absolutnie nieakceptowalne, aby nadal traci\u0107 tak du\u017co pieni\u0119dzy, wi\u0119c decyzja sta\u0142a si\u0119 jasna: b\u0119dziemy nadal korzysta\u0107 z Lost &amp; Found.\u201d<\/p><\/div>\n\t\t\t<\/div>\n\t\t<\/div>\n\t<\/div>\n\n<\/div><\/div><h3 class=\"theme-wp-block wp-block-heading desktop-gb-has-no-icon xl-gb-has-no-icon lg-gb-has-no-icon md-gb-has-no-icon sm-gb-has-no-icon gb-responsive-599569-identifier\">Successful Results with SELLERLOGIC:<\/h3><p class=\"theme-wp-block gb-responsive-44628-identifier\">The very first run of Lost &#038; Found brought 360 errors to light. Noualy was shocked. \u201cIt was absolutely unacceptable for us to continue losing that much money, so the decision was clear: We would keep using Lost &#038; Found.\u201d This turned out to be a good decision. So far, Lost &#038; Found has brought the company around 25,000 euros in refunds that would otherwise have been lost.<\/p><p class=\"theme-wp-block gb-responsive-8364-identifier\">But that\u2019s not all. In addition, SELLERLOGIC\u2019s Groupe Dragon solution also saves us plenty of other resources, such as time and manpower. \u201cCommunication with Amazon has also become easier because Lost &#038; Found provides us with the right information at all times.\u201d That includes, for example, the templates that Groupe Dragon can use to respond immediately to Amazon\u2019s automated responses. \u201cAll we need to do is simply copy these templates. Everything we need to know about an error can be found clearly displayed in Lost &#038; Found.\u201d<\/p><p class=\"theme-wp-block gb-responsive-936816-identifier\">Florent Noualy is also enthusiastic about SELLERLOGIC because customer service is included in the price: \u201cIf there are any issues with one of the open cases, the SELLERLOGIC team is always available and does everything they can to help their customers and close the case at the best possible outcome.<\/p><div class=\"theme-wp-block wp-block-buttons desktop-gb-has-no-icon xl-gb-has-no-icon lg-gb-has-no-icon md-gb-has-no-icon sm-gb-has-no-icon gb-responsive-237208-identifier is-layout-flex wp-block-buttons-is-layout-flex\"><div class=\"theme-wp-block wp-block-button is-style-theme-transparent-with-arrow gb-responsive-303674-identifier\"><a class=\"wp-block-button__link wp-element-button\" href=\"https:\/\/d2bw95mh2ee04s.cloudfront.net\/prod\/content\/files\/SUCCESS-STORIES\/EN\/SELLERLOGIC_Success-Story_Groupe-Dragon_EN.pdf\" target=\"_blank\" rel=\"noreferrer noopener nofollow\">Download now!<\/a><\/div><\/div><\/div><div class=\"theme-wp-block wp-block-column gb-responsive-252189-identifier is-layout-flow wp-block-column-is-layout-flow\" style=\"flex-basis:25%\"><\/div><\/div><p class=\"theme-wp-block gb-responsive-208920-identifier\"><\/p>","protected":false},"excerpt":{"rendered":"<p>Fundacja:2011 Bran\u017ca:Cz\u0119\u015bci zamienne i elektroniczne urz\u0105dzenia gospodarstwa domowego Przedmioty na Amazonie:\u00a0oko\u0142o 177 000 SKU Wysy\u0142ki:\u00a0oko\u0142o 37 000 miesi\u0119cznie Background: Groupe Dragon jest jedn\u0105 z najbardziej udanych francuskich firm na rynku Amazon. I jest ku temu pow\u00f3d: Zanim za\u0142o\u017cyciel Groupe Dragon zosta\u0142 sprzedawc\u0105 na Amazonie, pracowa\u0142 na pe\u0142ny etat jako naprawiacz urz\u0105dze\u0144 elektrycznych. \u201eNawet wtedy oferowa\u0142<\/p>\n","protected":false},"author":3,"featured_media":8511,"parent":106461,"menu_order":0,"comment_status":"closed","ping_status":"closed","template":"","meta":{"sidebar_recommended_resources":{"data":[]},"sidebar_header_settings":{"hide_buttons":{"register":false}},"_use_new_theme":false,"inline_featured_image":false,"footnotes":""},"class_list":["post-106404","page","type-page","status-publish","has-post-thumbnail","hentry"],"yoast_head":"<!-- This site is optimized with the Yoast SEO plugin v26.8 - https:\/\/yoast.com\/product\/yoast-seo-wordpress\/ -->\n<title>Success Story: Groupe Dragon and Lost &amp; Found | SELLERLOGIC<\/title>\n<meta name=\"description\" content=\"No time, No Manpower, No Resources: How Groupe Dragon still gets every FBA error reimbursed. Read in now and learn more!\" \/>\n<meta name=\"robots\" content=\"index, follow, max-snippet:-1, max-image-preview:large, max-video-preview:-1\" \/>\n<link rel=\"canonical\" href=\"https:\/\/www.sellerlogic.com\/pl\/resources\/success-story-groupe-dragon\/\" \/>\n<meta property=\"og:locale\" content=\"pl_PL\" \/>\n<meta property=\"og:type\" content=\"article\" \/>\n<meta property=\"og:title\" content=\"Success Story: Groupe Dragon and Lost &amp; Found | SELLERLOGIC\" \/>\n<meta property=\"og:description\" content=\"No time, No Manpower, No Resources: How Groupe Dragon still gets every FBA error reimbursed. Read in now and learn more!\" \/>\n<meta property=\"og:url\" content=\"https:\/\/www.sellerlogic.com\/pl\/resources\/success-story-groupe-dragon\/\" \/>\n<meta property=\"og:site_name\" content=\"SELLERLOGIC - Smarte Tools f\u00fcr Amazon-Seller\" \/>\n<meta property=\"article:publisher\" content=\"https:\/\/www.facebook.com\/SellerLogic\/\" \/>\n<meta property=\"og:image\" content=\"https:\/\/d2bw95mh2ee04s.cloudfront.net\/prod\/content\/wp-content\/uploads\/2021\/03\/23142639\/wp-header_groupe-dragon.jpeg\" \/>\n\t<meta property=\"og:image:width\" content=\"2000\" \/>\n\t<meta property=\"og:image:height\" content=\"1333\" \/>\n\t<meta property=\"og:image:type\" content=\"image\/jpeg\" \/>\n<meta name=\"twitter:card\" content=\"summary_large_image\" \/>\n<meta name=\"twitter:site\" content=\"@sellerlogic\" \/>\n<meta name=\"twitter:label1\" content=\"Est. reading time\" \/>\n\t<meta name=\"twitter:data1\" content=\"4 minutes\" \/>\n<script type=\"application\/ld+json\" class=\"yoast-schema-graph\">{\"@context\":\"https:\/\/schema.org\",\"@graph\":[{\"@type\":\"WebPage\",\"@id\":\"https:\/\/www.sellerlogic.com\/pl\/resources\/success-story-groupe-dragon\/\",\"url\":\"https:\/\/www.sellerlogic.com\/pl\/resources\/success-story-groupe-dragon\/\",\"name\":\"Success Story: Groupe Dragon and Lost & Found | SELLERLOGIC\",\"isPartOf\":{\"@id\":\"https:\/\/www.sellerlogic.com\/pl\/#website\"},\"primaryImageOfPage\":{\"@id\":\"https:\/\/www.sellerlogic.com\/pl\/resources\/success-story-groupe-dragon\/#primaryimage\"},\"image\":{\"@id\":\"https:\/\/www.sellerlogic.com\/pl\/resources\/success-story-groupe-dragon\/#primaryimage\"},\"thumbnailUrl\":\"https:\/\/d2bw95mh2ee04s.cloudfront.net\/prod\/content\/wp-content\/uploads\/2021\/03\/23142639\/wp-header_groupe-dragon.jpeg\",\"datePublished\":\"2021-03-02T08:05:46+00:00\",\"description\":\"No time, No Manpower, No Resources: How Groupe Dragon still gets every FBA error reimbursed. Read in now and learn more!\",\"breadcrumb\":{\"@id\":\"https:\/\/www.sellerlogic.com\/pl\/resources\/success-story-groupe-dragon\/#breadcrumb\"},\"inLanguage\":\"pl-PL\",\"potentialAction\":[{\"@type\":\"ReadAction\",\"target\":[\"https:\/\/www.sellerlogic.com\/pl\/resources\/success-story-groupe-dragon\/\"]}]},{\"@type\":\"ImageObject\",\"inLanguage\":\"pl-PL\",\"@id\":\"https:\/\/www.sellerlogic.com\/pl\/resources\/success-story-groupe-dragon\/#primaryimage\",\"url\":\"https:\/\/d2bw95mh2ee04s.cloudfront.net\/prod\/content\/wp-content\/uploads\/2021\/03\/23142639\/wp-header_groupe-dragon.jpeg\",\"contentUrl\":\"https:\/\/d2bw95mh2ee04s.cloudfront.net\/prod\/content\/wp-content\/uploads\/2021\/03\/23142639\/wp-header_groupe-dragon.jpeg\",\"width\":2000,\"height\":1333,\"caption\":\"Wie Groupe Dragon SellerLogic Lost & Found nutzt\"},{\"@type\":\"BreadcrumbList\",\"@id\":\"https:\/\/www.sellerlogic.com\/pl\/resources\/success-story-groupe-dragon\/#breadcrumb\",\"itemListElement\":[{\"@type\":\"ListItem\",\"position\":1,\"name\":\"Home\",\"item\":\"https:\/\/www.sellerlogic.com\/pl\/\"},{\"@type\":\"ListItem\",\"position\":2,\"name\":\"Ressourcen EN\",\"item\":\"https:\/\/www.sellerlogic.com\/pl\/resources\/\"},{\"@type\":\"ListItem\",\"position\":3,\"name\":\"Success Story: Groupe Dragon EN\"}]},{\"@type\":\"WebSite\",\"@id\":\"https:\/\/www.sellerlogic.com\/pl\/#website\",\"url\":\"https:\/\/www.sellerlogic.com\/pl\/\",\"name\":\"SELLERLOGIC - Smarte Tools f\u00fcr Amazon-Seller\",\"description\":\"Intelligente Prozessoptimierung und Gewinnmaximierung\",\"publisher\":{\"@id\":\"https:\/\/www.sellerlogic.com\/pl\/#organization\"},\"potentialAction\":[{\"@type\":\"SearchAction\",\"target\":{\"@type\":\"EntryPoint\",\"urlTemplate\":\"https:\/\/www.sellerlogic.com\/pl\/?s={search_term_string}\"},\"query-input\":{\"@type\":\"PropertyValueSpecification\",\"valueRequired\":true,\"valueName\":\"search_term_string\"}}],\"inLanguage\":\"pl-PL\"},{\"@type\":\"Organization\",\"@id\":\"https:\/\/www.sellerlogic.com\/pl\/#organization\",\"name\":\"SELLERLOGIC\",\"url\":\"https:\/\/www.sellerlogic.com\/pl\/\",\"logo\":{\"@type\":\"ImageObject\",\"inLanguage\":\"pl-PL\",\"@id\":\"https:\/\/www.sellerlogic.com\/pl\/#\/schema\/logo\/image\/\",\"url\":\"https:\/\/d2bw95mh2ee04s.cloudfront.net\/prod\/content\/wp-content\/uploads\/2025\/01\/02134814\/Property-Logo-Main.svg\",\"contentUrl\":\"https:\/\/d2bw95mh2ee04s.cloudfront.net\/prod\/content\/wp-content\/uploads\/2025\/01\/02134814\/Property-Logo-Main.svg\",\"width\":184,\"height\":40,\"caption\":\"SELLERLOGIC\"},\"image\":{\"@id\":\"https:\/\/www.sellerlogic.com\/pl\/#\/schema\/logo\/image\/\"},\"sameAs\":[\"https:\/\/www.facebook.com\/SellerLogic\/\",\"https:\/\/x.com\/sellerlogic\",\"https:\/\/www.instagram.com\/sellerlogic\/\",\"https:\/\/www.linkedin.com\/company\/18402037\/\",\"https:\/\/www.youtube.com\/channel\/UC-gULUur-fNj08sprantKsQ\"]}]}<\/script>\n<!-- \/ Yoast SEO plugin. -->","yoast_head_json":{"title":"Success Story: Groupe Dragon and Lost & Found | SELLERLOGIC","description":"No time, No Manpower, No Resources: How Groupe Dragon still gets every FBA error reimbursed. Read in now and learn more!","robots":{"index":"index","follow":"follow","max-snippet":"max-snippet:-1","max-image-preview":"max-image-preview:large","max-video-preview":"max-video-preview:-1"},"canonical":"https:\/\/www.sellerlogic.com\/pl\/resources\/success-story-groupe-dragon\/","og_locale":"pl_PL","og_type":"article","og_title":"Success Story: Groupe Dragon and Lost & Found | SELLERLOGIC","og_description":"No time, No Manpower, No Resources: How Groupe Dragon still gets every FBA error reimbursed. Read in now and learn more!","og_url":"https:\/\/www.sellerlogic.com\/pl\/resources\/success-story-groupe-dragon\/","og_site_name":"SELLERLOGIC - Smarte Tools f\u00fcr Amazon-Seller","article_publisher":"https:\/\/www.facebook.com\/SellerLogic\/","og_image":[{"width":2000,"height":1333,"url":"https:\/\/d2bw95mh2ee04s.cloudfront.net\/prod\/content\/wp-content\/uploads\/2021\/03\/23142639\/wp-header_groupe-dragon.jpeg","type":"image\/jpeg"}],"twitter_card":"summary_large_image","twitter_site":"@sellerlogic","twitter_misc":{"Est. reading time":"4 minutes"},"schema":{"@context":"https:\/\/schema.org","@graph":[{"@type":"WebPage","@id":"https:\/\/www.sellerlogic.com\/pl\/resources\/success-story-groupe-dragon\/","url":"https:\/\/www.sellerlogic.com\/pl\/resources\/success-story-groupe-dragon\/","name":"Success Story: Groupe Dragon and Lost & Found | SELLERLOGIC","isPartOf":{"@id":"https:\/\/www.sellerlogic.com\/pl\/#website"},"primaryImageOfPage":{"@id":"https:\/\/www.sellerlogic.com\/pl\/resources\/success-story-groupe-dragon\/#primaryimage"},"image":{"@id":"https:\/\/www.sellerlogic.com\/pl\/resources\/success-story-groupe-dragon\/#primaryimage"},"thumbnailUrl":"https:\/\/d2bw95mh2ee04s.cloudfront.net\/prod\/content\/wp-content\/uploads\/2021\/03\/23142639\/wp-header_groupe-dragon.jpeg","datePublished":"2021-03-02T08:05:46+00:00","description":"No time, No Manpower, No Resources: How Groupe Dragon still gets every FBA error reimbursed. Read in now and learn more!","breadcrumb":{"@id":"https:\/\/www.sellerlogic.com\/pl\/resources\/success-story-groupe-dragon\/#breadcrumb"},"inLanguage":"pl-PL","potentialAction":[{"@type":"ReadAction","target":["https:\/\/www.sellerlogic.com\/pl\/resources\/success-story-groupe-dragon\/"]}]},{"@type":"ImageObject","inLanguage":"pl-PL","@id":"https:\/\/www.sellerlogic.com\/pl\/resources\/success-story-groupe-dragon\/#primaryimage","url":"https:\/\/d2bw95mh2ee04s.cloudfront.net\/prod\/content\/wp-content\/uploads\/2021\/03\/23142639\/wp-header_groupe-dragon.jpeg","contentUrl":"https:\/\/d2bw95mh2ee04s.cloudfront.net\/prod\/content\/wp-content\/uploads\/2021\/03\/23142639\/wp-header_groupe-dragon.jpeg","width":2000,"height":1333,"caption":"Wie Groupe Dragon SellerLogic Lost & Found nutzt"},{"@type":"BreadcrumbList","@id":"https:\/\/www.sellerlogic.com\/pl\/resources\/success-story-groupe-dragon\/#breadcrumb","itemListElement":[{"@type":"ListItem","position":1,"name":"Home","item":"https:\/\/www.sellerlogic.com\/pl\/"},{"@type":"ListItem","position":2,"name":"Ressourcen EN","item":"https:\/\/www.sellerlogic.com\/pl\/resources\/"},{"@type":"ListItem","position":3,"name":"Success Story: Groupe Dragon EN"}]},{"@type":"WebSite","@id":"https:\/\/www.sellerlogic.com\/pl\/#website","url":"https:\/\/www.sellerlogic.com\/pl\/","name":"SELLERLOGIC - Smarte Tools f\u00fcr Amazon-Seller","description":"Intelligente Prozessoptimierung und Gewinnmaximierung","publisher":{"@id":"https:\/\/www.sellerlogic.com\/pl\/#organization"},"potentialAction":[{"@type":"SearchAction","target":{"@type":"EntryPoint","urlTemplate":"https:\/\/www.sellerlogic.com\/pl\/?s={search_term_string}"},"query-input":{"@type":"PropertyValueSpecification","valueRequired":true,"valueName":"search_term_string"}}],"inLanguage":"pl-PL"},{"@type":"Organization","@id":"https:\/\/www.sellerlogic.com\/pl\/#organization","name":"SELLERLOGIC","url":"https:\/\/www.sellerlogic.com\/pl\/","logo":{"@type":"ImageObject","inLanguage":"pl-PL","@id":"https:\/\/www.sellerlogic.com\/pl\/#\/schema\/logo\/image\/","url":"https:\/\/d2bw95mh2ee04s.cloudfront.net\/prod\/content\/wp-content\/uploads\/2025\/01\/02134814\/Property-Logo-Main.svg","contentUrl":"https:\/\/d2bw95mh2ee04s.cloudfront.net\/prod\/content\/wp-content\/uploads\/2025\/01\/02134814\/Property-Logo-Main.svg","width":184,"height":40,"caption":"SELLERLOGIC"},"image":{"@id":"https:\/\/www.sellerlogic.com\/pl\/#\/schema\/logo\/image\/"},"sameAs":["https:\/\/www.facebook.com\/SellerLogic\/","https:\/\/x.com\/sellerlogic","https:\/\/www.instagram.com\/sellerlogic\/","https:\/\/www.linkedin.com\/company\/18402037\/","https:\/\/www.youtube.com\/channel\/UC-gULUur-fNj08sprantKsQ"]}]}},"_links":{"self":[{"href":"https:\/\/www.sellerlogic.com\/pl\/wp-json\/wp\/v2\/pages\/106404","targetHints":{"allow":["GET"]}}],"collection":[{"href":"https:\/\/www.sellerlogic.com\/pl\/wp-json\/wp\/v2\/pages"}],"about":[{"href":"https:\/\/www.sellerlogic.com\/pl\/wp-json\/wp\/v2\/types\/page"}],"author":[{"embeddable":true,"href":"https:\/\/www.sellerlogic.com\/pl\/wp-json\/wp\/v2\/users\/3"}],"replies":[{"embeddable":true,"href":"https:\/\/www.sellerlogic.com\/pl\/wp-json\/wp\/v2\/comments?post=106404"}],"version-history":[{"count":0,"href":"https:\/\/www.sellerlogic.com\/pl\/wp-json\/wp\/v2\/pages\/106404\/revisions"}],"up":[{"embeddable":true,"href":"https:\/\/www.sellerlogic.com\/pl\/wp-json\/wp\/v2\/pages\/106461"}],"wp:featuredmedia":[{"embeddable":true,"href":"https:\/\/www.sellerlogic.com\/pl\/wp-json\/wp\/v2\/media\/8511"}],"wp:attachment":[{"href":"https:\/\/www.sellerlogic.com\/pl\/wp-json\/wp\/v2\/media?parent=106404"}],"curies":[{"name":"wp","href":"https:\/\/api.w.org\/{rel}","templated":true}]}}