
{"id":106407,"date":"2020-12-18T10:43:41","date_gmt":"2020-12-18T10:43:41","guid":{"rendered":"https:\/\/127.0.0.1\/resources\/success-story-samtige-haut\/"},"modified":"2020-12-18T10:43:41","modified_gmt":"2020-12-18T10:43:41","slug":"success-story-samtige-haut","status":"publish","type":"page","link":"https:\/\/www.sellerlogic.com\/pl\/resources\/success-story-samtige-haut\/","title":{"rendered":"Success Story: Samtige Haut PL"},"content":{"rendered":"\n\t<div  class=\"theme-wp-block theme-block-main-header is-style-full-height desktop-align-full xl-align-full lg-align-full md-align-full sm-align-full desktop-content-align-y-center desktop-content-align-x-center xl-content-align-y-center xl-content-align-x-center lg-content-align-y-center lg-content-align-x-center md-content-align-y-center md-content-align-x-center sm-content-align-y-center sm-content-align-x-center gb-responsive-911782-identifier theme-block-cover\">\n\t\t<div class=\"bg-cover theme-lazy-load-bg\"><\/div>\n\t\t<div class=\"wrap-content-main-header\">\n\t\t\t\t\t<div  class=\"theme-wp-block theme-block-text-and-text desktop-blockDirection-row xl-blockDirection-row lg-blockDirection-row md-blockDirection-row sm-blockDirection-row gb-responsive-289238-identifier desktop-align-full xl-align-full lg-align-full md-align-full sm-align-full alignfull\">\n\t\t<div class=\"tat-column-wrap-wrapper\">\n\t\t\t<div class=\"tat-column-wrapper\">\n\t\t\t\t\t<div  class=\"theme-wp-block theme-block-text-and-text-column gb-responsive-421034-identifier desktop-horizontal-center xl-horizontal-center lg-horizontal-center md-horizontal-center sm-horizontal-center\">\n\t\t<div class=\"inner-wrap-column-content\">\n\t\t\t<div class=\"inner-column-content\">\n\t\t\t\t\t\t<h1  class=\"theme-wp-block theme-block-heading is-style-default sm-text-center md-text-center desktop-text-center xl-text-center lg-text-center gb-responsive-292481-identifier desktop-align-full xl-align-full lg-align-full md-align-full sm-align-full alignfull h1 has-text-align\">\n\t\tRefunds with a Click\t<\/h1>\n\n\t\t<h2  class=\"theme-wp-block theme-block-heading is-style-default sm-text-center md-text-center desktop-text-center xl-text-center lg-text-center gb-responsive-831018-identifier desktop-align-full xl-align-full lg-align-full md-align-full sm-align-full alignfull h1 has-text-align\">\n\t\t&#8220;Samtige Haut&#8221; otrzymuje zwroty od Amazonu za po\u015brednictwem Zgubione i Znalezione\t<\/h2>\n\n\t\t\t<\/div>\n\t\t<\/div>\n\t<\/div>\n\t<div  class=\"theme-wp-block theme-block-text-and-text-column gb-responsive-929552-identifier\">\n\t\t<div class=\"inner-wrap-column-content\">\n\t\t\t<div class=\"inner-column-content\">\n\t\t\t\t\t\t\t<\/div>\n\t\t<\/div>\n\t<\/div>\n\t\t\t<\/div>\n\t\t<\/div>\n\t<\/div>\n\n\t\t<\/div>\n\t<\/div>\n\n<div style=\"height:50px\" aria-hidden=\"true\" class=\"theme-wp-block wp-block-spacer\"><\/div><div class=\"theme-wp-block wp-block-columns gb-responsive-655645-identifier is-layout-flex wp-container-core-columns-is-layout-9d6595d7 wp-block-columns-is-layout-flex\"><div class=\"theme-wp-block wp-block-column gb-responsive-959393-identifier is-layout-flow wp-block-column-is-layout-flow\" style=\"flex-basis:25%\"><figure class=\"theme-wp-block wp-block-image size-large is-resized gb-responsive-62921-identifier\"><img decoding=\"async\" src=\"https:\/\/d2bw95mh2ee04s.cloudfront.net\/prod\/content\/wp-content\/uploads\/2020\/12\/23142732\/samtige-haut-logo.png\" alt=\"Success Story: Samtige Haut PL\" class=\"wp-image-4561\" width=\"300\" height=\"84\" srcset=\"https:\/\/d2bw95mh2ee04s.cloudfront.net\/prod\/content\/wp-content\/uploads\/2020\/12\/23142732\/samtige-haut-logo-407x113.png 407w, https:\/\/d2bw95mh2ee04s.cloudfront.net\/prod\/content\/wp-content\/uploads\/2020\/12\/23142732\/samtige-haut-logo.png 600w\" sizes=\"(max-width: 300px) 100vw, 300px\" \/><\/figure><p class=\"theme-wp-block gb-responsive-312552-identifier\"><strong><strong>Fundacja<\/strong>:<\/strong><br>Listopad 2016<\/p><p class=\"theme-wp-block gb-responsive-353708-identifier\"><strong><strong>Bran\u017ca<\/strong>:<\/strong><br>Kosmetyki, suplementy diety, produkty organiczne<\/p><p class=\"theme-wp-block gb-responsive-164518-identifier\"><strong><strong>Przedmioty w Amazonie:<\/strong><\/strong><br>1,000<\/p><p class=\"theme-wp-block gb-responsive-888870-identifier\"><strong><strong>Wysy\u0142ki<\/strong>:\u00a0<\/strong><br>oko\u0142o 8,000 miesi\u0119cznie<\/p><\/div><div class=\"theme-wp-block wp-block-column gb-responsive-252265-identifier is-layout-flow wp-block-column-is-layout-flow\" style=\"flex-basis:50%\"><h3 class=\"theme-wp-block wp-block-heading gb-responsive-34353-identifier\" id=\"block-c06fce04-ef87-4ffc-a3d6-b768ba377d17\">Background:<\/h3><p class=\"theme-wp-block gb-responsive-620393-identifier\">W 2018 roku Amazon osi\u0105gn\u0105\u0142 obr\u00f3t w wysoko\u015bci 232,9 miliarda dolar\u00f3w ameryka\u0144skich. Oko\u0142o 45 procent niemieckich sprzedawc\u00f3w Amazonu wysy\u0142a swoje towary za po\u015brednictwem Fulfillment by Amazon (FBA). Sandra Schriewer \u2013 w\u0142a\u015bcicielka sklepu Amazon &#8220;Samtige Haut&#8221; (po niemiecku &#8220;Samtowa Sk\u00f3ra&#8221;) \u2013 jest jednym z nich. Pomimo wszystkich korzy\u015bci programu FBA, dla sprzedawc\u00f3w internetowych nie jest ju\u017c mo\u017cliwe \u015bledzenie przep\u0142ywu danych transakcji FBA w miar\u0119 wzrostu sprzeda\u017cy. Z tego powodu analiza w og\u00f3le nie jest przeprowadzana.<\/p><h3 class=\"theme-wp-block wp-block-heading gb-responsive-182281-identifier\">Challenge:<\/h3><p class=\"theme-wp-block gb-responsive-880667-identifier\">Sandra Schriewer pochodzi pierwotnie z bran\u017cy kosmetycznej. Podczas pracy w sektorze E-commerce w Berlinie uko\u0144czy\u0142a studia z zakresu marketingu internetowego i E-commerce.<\/p><p class=\"theme-wp-block gb-responsive-3897-identifier\">Chcia\u0142a wprowadzi\u0107 w \u017cycie zdobyt\u0105 wiedz\u0119 i po\u0142\u0105czy\u0107 j\u0105 z pasj\u0105 do kosmetyk\u00f3w i \u017cywienia. W ten spos\u00f3b powsta\u0142 sklep Amazon &#8220;Samtige Haut&#8221;. Z oko\u0142o 1,000 przedmiot\u00f3w i oko\u0142o 8,000 wysy\u0142ek miesi\u0119cznie za po\u015brednictwem programu FBA, niemal niemo\u017cliwe by\u0142o \u015bledzenie ogromnego przep\u0142ywu danych na Amazonie. Wkr\u00f3tce zda\u0142a sobie spraw\u0119, \u017ce potrzebuje dostawcy us\u0142ug, kt\u00f3ry m\u00f3g\u0142by pom\u00f3c jej kontrolowa\u0107 procesy programu FBA. &#8220;Jako sprzedawca internetowy polegasz na Fulfillment by Amazon, poniewa\u017c program znacznie u\u0142atwia procesy logistyczne w firmie. Jednak nikt nie jest doskona\u0142y i oczywi\u015bcie, tak\u017ce wiod\u0105ce firmy takie jak Amazon mog\u0105 pope\u0142nia\u0107 b\u0142\u0119dy.<\/p><p class=\"theme-wp-block gb-responsive-135542-identifier\">Manualsprawdzanie b\u0142\u0119d\u00f3w by\u0142o wykluczone. Analiza \u017ar\u00f3de\u0142 problem\u00f3w jest bardzo z\u0142o\u017cona i wymaga ogromnej ilo\u015bci czasu. &#8220;To wykracza\u0142oby poza jakiekolwiek ramy ekonomiczne,&#8221; powiedzia\u0142a nam Sandra. &#8220;Rozwi\u0105zanie Lost &#038; Found od SELLERLOGIC zosta\u0142o mi polecone przez m\u0119\u017ca, kt\u00f3ry ju\u017c wsp\u00f3\u0142pracuje z Repricer dostawcy us\u0142ug i jest bardzo zadowolony z produktu. Na rynku jest wiele rozwi\u0105za\u0144, kt\u00f3re biznes Amazon potrzebuje, aby odnie\u015b\u0107 sukces na swoich odpowiednich rynkach. Uwa\u017cam, \u017ce Lost &#038; Found jest unikalne i niezb\u0119dne dla sprzedawc\u00f3w FBA&#8221;.<\/p><h3 class=\"theme-wp-block wp-block-heading gb-responsive-115756-identifier\">Solution:<\/h3><p class=\"theme-wp-block gb-responsive-907939-identifier\">&#8220;Narz\u0119dzie nie jest trudne w u\u017cyciu i mo\u017cna je szybko i \u0142atwo zintegrowa\u0107. Instrukcje krok po kroku \u2013 jak r\u00f3wnie\u017c baza wiedzy \u2013 s\u0105 bardzo pomocne i nie wymagaj\u0105 wsparcia od SELLERLOGIC. Lost &#038; Found zg\u0142asza nowe przypadki codziennie i dostarcza zdefiniowane modu\u0142y tekstowe, kt\u00f3re mo\u017cna po prostu skopiowa\u0107 i wklei\u0107 do Amazon Seller Central. Musz\u0119 tylko skopiowa\u0107 i wklei\u0107 prac\u0119, aby uzyska\u0107 zwrot od Amazonu. Poniewa\u017c zg\u0142oszone przypadki s\u0105 zazwyczaj akceptowane bez dalszych pyta\u0144, ca\u0142y proces jest bardzo prosty!&#8221;<\/p><div class=\"theme-block-group-wrap\"><div class=\"theme-wp-block wp-block-group gb-responsive-88118-identifier\">\t\t<div  class=\"theme-wp-block theme-block-user-card gb-responsive-799176-identifier is-style-full-width-line\">\n\t\t<div class=\"wrap-inner-content\">\n\t\t\t<div class=\"card-user-head\">\n\t\t\t\t<div class=\"card-user-avatar\">\n\t\t\t\t\t<div class=\"cover-avatar\" style=\"background-image: url(https:\/\/d2bw95mh2ee04s.cloudfront.net\/prod\/content\/wp-content\/uploads\/2020\/12\/23142733\/sandra-schriewer-raute.png);\"><\/div>\n\t\t\t\t<\/div>\n\t\t\t\t<div class=\"wrap-title\">\n\t\t\t\t\t<div class=\"card-user-name\">\n\t\t\t\t\t\t<div class=\"title\">\n\t\t\t\t\t\t\t<h3 class=\"heading-text\"><strong>Sandra Schriewer<\/strong><\/h3>\n\t\t\t\t\t\t<\/div>\n\t\t\t\t\t\t<div class=\"card-user-position\">\n\t\t\t\t\t\t\t<div class=\"card-text\"><strong>CEO \u201eSamtige Haut\u201c<\/strong><\/div>\n\t\t\t\t\t\t<\/div>\n\t\t\t\t\t<\/div>\n\t\t\t\t\t<div class=\"card-user-quote-icon\">\n\t\t\t\t\t<\/div>\n\t\t\t\t<\/div>\n\t\t\t<\/div>\n\t\t\t<div class=\"card-user-text\">\n\t\t\t\t<div class=\"card-text\"><p>&#8220;Na rynku jest wiele rozwi\u0105za\u0144, kt\u00f3re biznes Amazon potrzebuje, aby odnie\u015b\u0107 sukces na swoich odpowiednich rynkach. Uwa\u017cam, \u017ce Zgubione i Znalezione jest unikalne i niezb\u0119dne dla sprzedawc\u00f3w FBA\u201d.<\/p><\/div>\n\t\t\t<\/div>\n\t\t<\/div>\n\t<\/div>\n\n<\/div><\/div><h3 class=\"theme-wp-block wp-block-heading gb-responsive-595368-identifier\">Successful Results with SELLERLOGIC:<\/h3><p class=\"theme-wp-block gb-responsive-414432-identifier\">\u201ePoniewa\u017c Lost &#038; Found \u015bledzi indywidualne transakcje przez okres do 18 miesi\u0119cy, otrzyma\u0142em zwrot w wysoko\u015bci oko\u0142o 1 300 EUR natychmiast po integracji narz\u0119dzia, kt\u00f3rego nigdy bym nie zauwa\u017cy\u0142 bez SELLERLOGIC. Przed integracj\u0105 Lost &#038; Found nie by\u0142o dla mnie jasne, ile paczek po prostu znikn\u0119\u0142o w mi\u0119dzyczasie. Nie mo\u017cna r\u0119cznie sprawdzi\u0107 ilo\u015bci danych, a normalnie Amazon nie daje \u017cadnych informacji zwrotnych na temat brakuj\u0105cych towar\u00f3w. Dzi\u0119ki Lost &#038; Found odzyskujesz swoje pieni\u0105dze i oszcz\u0119dzasz sobie ogromn\u0105 ilo\u015b\u0107 czasu \u2013 dzi\u0119ki zautomatyzowanym badaniom i sk\u0142adaniu spraw za pomoc\u0105 funkcji Kopiuj i Wklej.\u201d<\/p><p class=\"theme-wp-block gb-responsive-57813-identifier\">\u201eMog\u0119 tylko poleci\u0107 wszystkim zintegrowanie rozwi\u0105zania z w\u0142asnym systemem. Nie masz nic do stracenia! Koszty za SELLERLOGIC Lost &#038; Found s\u0105 z mojej perspektywy bardzo uczciwe, poniewa\u017c s\u0105 obliczane proporcjonalnie do rzeczywistego zwrotu od Amazon. Je\u015bli nic nie zostanie znalezione, nie b\u0119d\u0105 pobierane \u017cadne op\u0142aty. Ka\u017cdy dzie\u0144, kt\u00f3ry mija bez Lost &#038; Found, kosztuje sprzedawc\u00f3w pieni\u0105dze. Ponadto masz maksymalnie 18 miesi\u0119cy na z\u0142o\u017cenie swoich roszcze\u0144, w niekt\u00f3rych przypadkach nawet mniej\u201d \u2013 podsumowuje dla nas Sandra.<a href=\"https:\/\/d2bw95mh2ee04s.cloudfront.net\/prod\/content\/files\/SUCCESS-STORIES\/EN\/NEU_SELLERLOGIC_SN_Success-Story_Samtige-Haut-EN.pdf\" target=\"_blank\" rel=\"noreferrer noopener nofollow\"><\/a><\/p><div class=\"theme-wp-block wp-block-buttons gb-responsive-497426-identifier is-layout-flex wp-block-buttons-is-layout-flex\"><div class=\"theme-wp-block wp-block-button gb-responsive-38220-identifier is-style-theme-transparent-with-arrow\"><a class=\"wp-block-button__link wp-element-button\" href=\"https:\/\/d2bw95mh2ee04s.cloudfront.net\/prod\/content\/files\/SUCCESS-STORIES\/EN\/SELLERLOGIC_SN_Success-Story_Samtige-Haut-EN.pdf\" target=\"_blank\" rel=\"noreferrer noopener nofollow\">Pobierz histori\u0119 sukcesu!  <\/a><\/div><\/div><\/div><div class=\"theme-wp-block wp-block-column gb-responsive-147753-identifier is-layout-flow wp-block-column-is-layout-flow\" style=\"flex-basis:25%\"><\/div><\/div><p class=\"theme-wp-block gb-responsive-527070-identifier\"><\/p>","protected":false},"excerpt":{"rendered":"<p>Fundacja:Listopad 2016 Bran\u017ca:Kosmetyki, suplementy diety, produkty organiczne Przedmioty w Amazonie:1,000 Wysy\u0142ki:\u00a0oko\u0142o 8,000 miesi\u0119cznie Background: W 2018 roku Amazon osi\u0105gn\u0105\u0142 obr\u00f3t w wysoko\u015bci 232,9 miliarda dolar\u00f3w ameryka\u0144skich. Oko\u0142o 45 procent niemieckich sprzedawc\u00f3w Amazonu wysy\u0142a swoje towary za po\u015brednictwem Fulfillment by Amazon (FBA). Sandra Schriewer \u2013 w\u0142a\u015bcicielka sklepu Amazon &#8220;Samtige Haut&#8221; (po niemiecku &#8220;Samtowa Sk\u00f3ra&#8221;) \u2013 jest<\/p>\n","protected":false},"author":8,"featured_media":0,"parent":106461,"menu_order":0,"comment_status":"closed","ping_status":"closed","template":"","meta":{"sidebar_recommended_resources":{"data":[]},"sidebar_header_settings":{"hide_buttons":{"register":false}},"_use_new_theme":false,"inline_featured_image":false,"footnotes":""},"class_list":["post-106407","page","type-page","status-publish","hentry"],"yoast_head":"<!-- This site is optimized with the Yoast SEO plugin v26.8 - https:\/\/yoast.com\/product\/yoast-seo-wordpress\/ -->\n<title>&quot;Samtige Haut&quot; gets Amazon-Refund Through SELLERLOGIC Lost &amp; Found<\/title>\n<meta name=\"description\" content=\"Refunds by a Click: Klient SELLERLOGIC &quot;Samtige Haut&quot; otrzymuje swoje zwroty od Amazon za po\u015brednictwem Lost &amp; Found.\" \/>\n<meta name=\"robots\" content=\"index, follow, max-snippet:-1, max-image-preview:large, max-video-preview:-1\" \/>\n<link rel=\"canonical\" href=\"https:\/\/www.sellerlogic.com\/pl\/resources\/success-story-samtige-haut\/\" \/>\n<meta property=\"og:locale\" content=\"pl_PL\" \/>\n<meta property=\"og:type\" content=\"article\" \/>\n<meta property=\"og:title\" content=\"&quot;Samtige Haut&quot; gets Amazon-Refund Through SELLERLOGIC Lost &amp; Found\" \/>\n<meta property=\"og:description\" content=\"Refunds by a Click: Klient SELLERLOGIC &quot;Samtige Haut&quot; otrzymuje swoje zwroty od Amazon za po\u015brednictwem Lost &amp; Found.\" \/>\n<meta property=\"og:url\" content=\"https:\/\/www.sellerlogic.com\/pl\/resources\/success-story-samtige-haut\/\" \/>\n<meta property=\"og:site_name\" content=\"SELLERLOGIC - Smarte Tools f\u00fcr Amazon-Seller\" \/>\n<meta property=\"article:publisher\" content=\"https:\/\/www.facebook.com\/SellerLogic\/\" \/>\n<meta property=\"og:image\" content=\"https:\/\/www.sellerlogic.com\/wp-content\/uploads\/2020\/12\/samtige-haut-logo.png\" \/>\n<meta name=\"twitter:card\" content=\"summary_large_image\" \/>\n<meta name=\"twitter:site\" content=\"@sellerlogic\" \/>\n<meta name=\"twitter:label1\" content=\"Est. reading time\" \/>\n\t<meta name=\"twitter:data1\" content=\"3 minutes\" \/>\n<script type=\"application\/ld+json\" class=\"yoast-schema-graph\">{\"@context\":\"https:\/\/schema.org\",\"@graph\":[{\"@type\":\"WebPage\",\"@id\":\"https:\/\/www.sellerlogic.com\/pl\/resources\/success-story-samtige-haut\/\",\"url\":\"https:\/\/www.sellerlogic.com\/pl\/resources\/success-story-samtige-haut\/\",\"name\":\"\\\"Samtige Haut\\\" gets Amazon-Refund Through SELLERLOGIC Lost & Found\",\"isPartOf\":{\"@id\":\"https:\/\/www.sellerlogic.com\/pl\/#website\"},\"primaryImageOfPage\":{\"@id\":\"https:\/\/www.sellerlogic.com\/pl\/resources\/success-story-samtige-haut\/#primaryimage\"},\"image\":{\"@id\":\"https:\/\/www.sellerlogic.com\/pl\/resources\/success-story-samtige-haut\/#primaryimage\"},\"thumbnailUrl\":\"https:\/\/www.sellerlogic.com\/wp-content\/uploads\/2020\/12\/samtige-haut-logo.png\",\"datePublished\":\"2020-12-18T10:43:41+00:00\",\"description\":\"Refunds by a Click: Klient SELLERLOGIC \\\"Samtige Haut\\\" otrzymuje swoje zwroty od Amazon za po\u015brednictwem Lost & Found.\",\"breadcrumb\":{\"@id\":\"https:\/\/www.sellerlogic.com\/pl\/resources\/success-story-samtige-haut\/#breadcrumb\"},\"inLanguage\":\"pl-PL\",\"potentialAction\":[{\"@type\":\"ReadAction\",\"target\":[\"https:\/\/www.sellerlogic.com\/pl\/resources\/success-story-samtige-haut\/\"]}]},{\"@type\":\"ImageObject\",\"inLanguage\":\"pl-PL\",\"@id\":\"https:\/\/www.sellerlogic.com\/pl\/resources\/success-story-samtige-haut\/#primaryimage\",\"url\":\"https:\/\/www.sellerlogic.com\/wp-content\/uploads\/2020\/12\/samtige-haut-logo.png\",\"contentUrl\":\"https:\/\/www.sellerlogic.com\/wp-content\/uploads\/2020\/12\/samtige-haut-logo.png\"},{\"@type\":\"BreadcrumbList\",\"@id\":\"https:\/\/www.sellerlogic.com\/pl\/resources\/success-story-samtige-haut\/#breadcrumb\",\"itemListElement\":[{\"@type\":\"ListItem\",\"position\":1,\"name\":\"Home\",\"item\":\"https:\/\/www.sellerlogic.com\/pl\/\"},{\"@type\":\"ListItem\",\"position\":2,\"name\":\"Ressourcen EN\",\"item\":\"https:\/\/www.sellerlogic.com\/pl\/resources\/\"},{\"@type\":\"ListItem\",\"position\":3,\"name\":\"Success Story: Samtige Haut PL\"}]},{\"@type\":\"WebSite\",\"@id\":\"https:\/\/www.sellerlogic.com\/pl\/#website\",\"url\":\"https:\/\/www.sellerlogic.com\/pl\/\",\"name\":\"SELLERLOGIC - Smarte Tools f\u00fcr Amazon-Seller\",\"description\":\"Intelligente Prozessoptimierung und Gewinnmaximierung\",\"publisher\":{\"@id\":\"https:\/\/www.sellerlogic.com\/pl\/#organization\"},\"potentialAction\":[{\"@type\":\"SearchAction\",\"target\":{\"@type\":\"EntryPoint\",\"urlTemplate\":\"https:\/\/www.sellerlogic.com\/pl\/?s={search_term_string}\"},\"query-input\":{\"@type\":\"PropertyValueSpecification\",\"valueRequired\":true,\"valueName\":\"search_term_string\"}}],\"inLanguage\":\"pl-PL\"},{\"@type\":\"Organization\",\"@id\":\"https:\/\/www.sellerlogic.com\/pl\/#organization\",\"name\":\"SELLERLOGIC\",\"url\":\"https:\/\/www.sellerlogic.com\/pl\/\",\"logo\":{\"@type\":\"ImageObject\",\"inLanguage\":\"pl-PL\",\"@id\":\"https:\/\/www.sellerlogic.com\/pl\/#\/schema\/logo\/image\/\",\"url\":\"https:\/\/d2bw95mh2ee04s.cloudfront.net\/prod\/content\/wp-content\/uploads\/2025\/01\/02134814\/Property-Logo-Main.svg\",\"contentUrl\":\"https:\/\/d2bw95mh2ee04s.cloudfront.net\/prod\/content\/wp-content\/uploads\/2025\/01\/02134814\/Property-Logo-Main.svg\",\"width\":184,\"height\":40,\"caption\":\"SELLERLOGIC\"},\"image\":{\"@id\":\"https:\/\/www.sellerlogic.com\/pl\/#\/schema\/logo\/image\/\"},\"sameAs\":[\"https:\/\/www.facebook.com\/SellerLogic\/\",\"https:\/\/x.com\/sellerlogic\",\"https:\/\/www.instagram.com\/sellerlogic\/\",\"https:\/\/www.linkedin.com\/company\/18402037\/\",\"https:\/\/www.youtube.com\/channel\/UC-gULUur-fNj08sprantKsQ\"]}]}<\/script>\n<!-- \/ Yoast SEO plugin. -->","yoast_head_json":{"title":"\"Samtige Haut\" gets Amazon-Refund Through SELLERLOGIC Lost & Found","description":"Refunds by a Click: Klient SELLERLOGIC \"Samtige Haut\" otrzymuje swoje zwroty od Amazon za po\u015brednictwem Lost & Found.","robots":{"index":"index","follow":"follow","max-snippet":"max-snippet:-1","max-image-preview":"max-image-preview:large","max-video-preview":"max-video-preview:-1"},"canonical":"https:\/\/www.sellerlogic.com\/pl\/resources\/success-story-samtige-haut\/","og_locale":"pl_PL","og_type":"article","og_title":"\"Samtige Haut\" gets Amazon-Refund Through SELLERLOGIC Lost & Found","og_description":"Refunds by a Click: Klient SELLERLOGIC \"Samtige Haut\" otrzymuje swoje zwroty od Amazon za po\u015brednictwem Lost & Found.","og_url":"https:\/\/www.sellerlogic.com\/pl\/resources\/success-story-samtige-haut\/","og_site_name":"SELLERLOGIC - Smarte Tools f\u00fcr Amazon-Seller","article_publisher":"https:\/\/www.facebook.com\/SellerLogic\/","og_image":[{"url":"https:\/\/www.sellerlogic.com\/wp-content\/uploads\/2020\/12\/samtige-haut-logo.png","type":"","width":"","height":""}],"twitter_card":"summary_large_image","twitter_site":"@sellerlogic","twitter_misc":{"Est. reading time":"3 minutes"},"schema":{"@context":"https:\/\/schema.org","@graph":[{"@type":"WebPage","@id":"https:\/\/www.sellerlogic.com\/pl\/resources\/success-story-samtige-haut\/","url":"https:\/\/www.sellerlogic.com\/pl\/resources\/success-story-samtige-haut\/","name":"\"Samtige Haut\" gets Amazon-Refund Through SELLERLOGIC Lost & Found","isPartOf":{"@id":"https:\/\/www.sellerlogic.com\/pl\/#website"},"primaryImageOfPage":{"@id":"https:\/\/www.sellerlogic.com\/pl\/resources\/success-story-samtige-haut\/#primaryimage"},"image":{"@id":"https:\/\/www.sellerlogic.com\/pl\/resources\/success-story-samtige-haut\/#primaryimage"},"thumbnailUrl":"https:\/\/www.sellerlogic.com\/wp-content\/uploads\/2020\/12\/samtige-haut-logo.png","datePublished":"2020-12-18T10:43:41+00:00","description":"Refunds by a Click: Klient SELLERLOGIC \"Samtige Haut\" otrzymuje swoje zwroty od Amazon za po\u015brednictwem Lost & Found.","breadcrumb":{"@id":"https:\/\/www.sellerlogic.com\/pl\/resources\/success-story-samtige-haut\/#breadcrumb"},"inLanguage":"pl-PL","potentialAction":[{"@type":"ReadAction","target":["https:\/\/www.sellerlogic.com\/pl\/resources\/success-story-samtige-haut\/"]}]},{"@type":"ImageObject","inLanguage":"pl-PL","@id":"https:\/\/www.sellerlogic.com\/pl\/resources\/success-story-samtige-haut\/#primaryimage","url":"https:\/\/www.sellerlogic.com\/wp-content\/uploads\/2020\/12\/samtige-haut-logo.png","contentUrl":"https:\/\/www.sellerlogic.com\/wp-content\/uploads\/2020\/12\/samtige-haut-logo.png"},{"@type":"BreadcrumbList","@id":"https:\/\/www.sellerlogic.com\/pl\/resources\/success-story-samtige-haut\/#breadcrumb","itemListElement":[{"@type":"ListItem","position":1,"name":"Home","item":"https:\/\/www.sellerlogic.com\/pl\/"},{"@type":"ListItem","position":2,"name":"Ressourcen EN","item":"https:\/\/www.sellerlogic.com\/pl\/resources\/"},{"@type":"ListItem","position":3,"name":"Success Story: Samtige Haut PL"}]},{"@type":"WebSite","@id":"https:\/\/www.sellerlogic.com\/pl\/#website","url":"https:\/\/www.sellerlogic.com\/pl\/","name":"SELLERLOGIC - Smarte Tools f\u00fcr Amazon-Seller","description":"Intelligente Prozessoptimierung und Gewinnmaximierung","publisher":{"@id":"https:\/\/www.sellerlogic.com\/pl\/#organization"},"potentialAction":[{"@type":"SearchAction","target":{"@type":"EntryPoint","urlTemplate":"https:\/\/www.sellerlogic.com\/pl\/?s={search_term_string}"},"query-input":{"@type":"PropertyValueSpecification","valueRequired":true,"valueName":"search_term_string"}}],"inLanguage":"pl-PL"},{"@type":"Organization","@id":"https:\/\/www.sellerlogic.com\/pl\/#organization","name":"SELLERLOGIC","url":"https:\/\/www.sellerlogic.com\/pl\/","logo":{"@type":"ImageObject","inLanguage":"pl-PL","@id":"https:\/\/www.sellerlogic.com\/pl\/#\/schema\/logo\/image\/","url":"https:\/\/d2bw95mh2ee04s.cloudfront.net\/prod\/content\/wp-content\/uploads\/2025\/01\/02134814\/Property-Logo-Main.svg","contentUrl":"https:\/\/d2bw95mh2ee04s.cloudfront.net\/prod\/content\/wp-content\/uploads\/2025\/01\/02134814\/Property-Logo-Main.svg","width":184,"height":40,"caption":"SELLERLOGIC"},"image":{"@id":"https:\/\/www.sellerlogic.com\/pl\/#\/schema\/logo\/image\/"},"sameAs":["https:\/\/www.facebook.com\/SellerLogic\/","https:\/\/x.com\/sellerlogic","https:\/\/www.instagram.com\/sellerlogic\/","https:\/\/www.linkedin.com\/company\/18402037\/","https:\/\/www.youtube.com\/channel\/UC-gULUur-fNj08sprantKsQ"]}]}},"_links":{"self":[{"href":"https:\/\/www.sellerlogic.com\/pl\/wp-json\/wp\/v2\/pages\/106407","targetHints":{"allow":["GET"]}}],"collection":[{"href":"https:\/\/www.sellerlogic.com\/pl\/wp-json\/wp\/v2\/pages"}],"about":[{"href":"https:\/\/www.sellerlogic.com\/pl\/wp-json\/wp\/v2\/types\/page"}],"author":[{"embeddable":true,"href":"https:\/\/www.sellerlogic.com\/pl\/wp-json\/wp\/v2\/users\/8"}],"replies":[{"embeddable":true,"href":"https:\/\/www.sellerlogic.com\/pl\/wp-json\/wp\/v2\/comments?post=106407"}],"version-history":[{"count":0,"href":"https:\/\/www.sellerlogic.com\/pl\/wp-json\/wp\/v2\/pages\/106407\/revisions"}],"up":[{"embeddable":true,"href":"https:\/\/www.sellerlogic.com\/pl\/wp-json\/wp\/v2\/pages\/106461"}],"wp:attachment":[{"href":"https:\/\/www.sellerlogic.com\/pl\/wp-json\/wp\/v2\/media?parent=106407"}],"curies":[{"name":"wp","href":"https:\/\/api.w.org\/{rel}","templated":true}]}}