
{"id":106422,"date":"2021-03-05T13:21:38","date_gmt":"2021-03-05T13:21:38","guid":{"rendered":"https:\/\/127.0.0.1\/resources\/workbook-the-right-strategy-for-amazon\/"},"modified":"2021-03-05T13:21:38","modified_gmt":"2021-03-05T13:21:38","slug":"workbook-the-right-strategy-for-amazon","status":"publish","type":"page","link":"https:\/\/www.sellerlogic.com\/pl\/resources\/workbook-the-right-strategy-for-amazon\/","title":{"rendered":"Workbook: The right strategy for Amazon"},"content":{"rendered":"\n\t<div  class=\"theme-wp-block theme-block-main-header desktop-align-full xl-align-full lg-align-full md-align-full sm-align-full desktop-content-align-y-center desktop-content-align-x-center xl-content-align-y-center xl-content-align-x-center lg-content-align-y-center lg-content-align-x-center md-content-align-y-center md-content-align-x-center sm-content-align-y-center sm-content-align-x-center desktop-gb-has-no-icon xl-gb-has-no-icon lg-gb-has-no-icon md-gb-has-no-icon sm-gb-has-no-icon gb-responsive-877912-identifier is-style-default theme-block-cover\">\n\t\t<div class=\"bg-cover theme-lazy-load-bg\"><\/div>\n\t\t<div class=\"wrap-content-main-header\">\n\t\t\t\t\t<div  class=\"theme-wp-block theme-block-text-and-text desktop-align-wide xl-align-wide lg-align-wide md-align-wide sm-align-wide desktop-gb-has-no-icon xl-gb-has-no-icon lg-gb-has-no-icon md-gb-has-no-icon sm-gb-has-no-icon desktop-blockDirection-row xl-blockDirection-row lg-blockDirection-row md-blockDirection-row sm-blockDirection-row gb-responsive-480589-identifier\">\n\t\t<div class=\"tat-column-wrap-wrapper\">\n\t\t\t<div class=\"tat-column-wrapper\">\n\t\t\t\t\t<div  class=\"theme-wp-block theme-block-text-and-text-column desktop-gb-has-no-icon xl-gb-has-no-icon lg-gb-has-no-icon md-gb-has-no-icon sm-gb-has-no-icon gb-responsive-631760-identifier desktop-horizontal-center xl-horizontal-center lg-horizontal-center md-horizontal-center sm-horizontal-center\">\n\t\t<div class=\"inner-wrap-column-content\">\n\t\t\t<div class=\"inner-column-content\">\n\t\t\t\t\t\t<h1  class=\"theme-wp-block theme-block-heading is-style-default desktop-text-center xl-text-center lg-text-center md-text-center sm-text-center desktop-gb-has-no-icon xl-gb-has-no-icon lg-gb-has-no-icon md-gb-has-no-icon sm-gb-has-no-icon gb-responsive-781422-identifier h1\">\n\t\tThe right strategy for Amazon\t<\/h1>\n\n\t\t<h2  class=\"theme-wp-block theme-block-heading is-style-default desktop-text-center xl-text-center lg-text-center md-text-center sm-text-center gb-responsive-855669-identifier h2\">\n\t\tHow to optimally align your business\t<\/h2>\n\n\t\t\t<\/div>\n\t\t<\/div>\n\t<\/div>\n\t<div  class=\"theme-wp-block theme-block-text-and-text-column desktop-gb-has-no-icon xl-gb-has-no-icon lg-gb-has-no-icon md-gb-has-no-icon sm-gb-has-no-icon gb-responsive-330778-identifier\">\n\t\t<div class=\"inner-wrap-column-content\">\n\t\t\t<div class=\"inner-column-content\">\n\t\t\t\t\t\t\t<\/div>\n\t\t<\/div>\n\t<\/div>\n\t\t\t<\/div>\n\t\t<\/div>\n\t<\/div>\n\n\t\t<\/div>\n\t<\/div>\n\n<div style=\"height:50px\" aria-hidden=\"true\" class=\"theme-wp-block wp-block-spacer\"><\/div><div class=\"theme-wp-block wp-block-columns gb-responsive-483071-identifier desktop-gb-has-no-icon xl-gb-has-no-icon lg-gb-has-no-icon md-gb-has-no-icon sm-gb-has-no-icon is-layout-flex wp-container-core-columns-is-layout-9d6595d7 wp-block-columns-is-layout-flex\"><div class=\"theme-wp-block wp-block-column gb-responsive-321787-identifier desktop-gb-has-no-icon xl-gb-has-no-icon lg-gb-has-no-icon md-gb-has-no-icon sm-gb-has-no-icon is-layout-flow wp-block-column-is-layout-flow\"><h3 class=\"theme-wp-block gb-responsive-978361-identifier desktop-gb-has-no-icon xl-gb-has-no-icon lg-gb-has-no-icon md-gb-has-no-icon sm-gb-has-no-icon wp-block-heading\">Are you already taking a strategic approach on Amazon?<\/h3><div class=\"wp-block-image gb-responsive-146322-identifier desktop-gb-has-no-icon xl-gb-has-no-icon lg-gb-has-no-icon md-gb-has-no-icon sm-gb-has-no-icon\"><figure class=\"theme-wp-block alignright size-large is-resized\"><img decoding=\"async\" src=\"https:\/\/d2bw95mh2ee04s.cloudfront.net\/prod\/content\/wp-content\/uploads\/2021\/03\/23142638\/cover-LP-strategie-amazon.png\" alt=\"Die richtige Strategie f\u00fcr Amazon: Jetzt Workbook herunterladen!\" class=\"wp-image-8591\" width=\"418\" height=\"454\" srcset=\"https:\/\/d2bw95mh2ee04s.cloudfront.net\/prod\/content\/wp-content\/uploads\/2021\/03\/23142638\/cover-LP-strategie-amazon-407x443.png 407w, https:\/\/d2bw95mh2ee04s.cloudfront.net\/prod\/content\/wp-content\/uploads\/2021\/03\/23142638\/cover-LP-strategie-amazon.png 738w\" sizes=\"(max-width: 418px) 100vw, 418px\" \/><\/figure><\/div><p class=\"theme-wp-block gb-responsive-102890-identifier desktop-gb-has-no-icon xl-gb-has-no-icon lg-gb-has-no-icon md-gb-has-no-icon sm-gb-has-no-icon\">Zbyt cz\u0119sto widzimy sprzedawc\u00f3w na Amazonie, kt\u00f3rych biznes ma prawdziwy potencja\u0142 \u2013 a jednak wydaje si\u0119, \u017ce dzia\u0142aj\u0105 bez strategicznego skupienia. Chcemy to zmieni\u0107! Tutaj dowiedz si\u0119, jak tw\u00f3j indywidualny model biznesowy wp\u0142ywa na to, jak powiniene\u015b si\u0119 pozycjonowa\u0107 strategicznie&#8230;<\/p><div class=\"theme-block-list\"><ul class=\"theme-wp-block gb-responsive-282953-identifier wp-block-list\"><li class=\"theme-wp-block\">jako sprzedawca <strong>towar\u00f3w detalicznych<\/strong>,<\/li><li class=\"theme-wp-block\">jako <strong>dostawca<\/strong> lub licencjobiorca marki,<\/li><li class=\"theme-wp-block\">jako sprzedawca <strong>marki w\u0142asnej<\/strong> lub<\/li><li class=\"theme-wp-block\">jako w\u0142a\u015bciciel mi\u0119dzynarodowo uznawanej <strong>marki<\/strong>.<\/li><\/ul><\/div><p class=\"theme-wp-block desktop-gb-has-no-icon xl-gb-has-no-icon lg-gb-has-no-icon md-gb-has-no-icon sm-gb-has-no-icon gb-responsive-210392-identifier\">Dodatkowo otrzymasz nasz\u0105 obszern\u0105 wiedz\u0119 na temat sytuacji konkurencyjnej na Amazonie i jak j\u0105 optymalnie obs\u0142ugiwa\u0107!<\/p><p class=\"theme-wp-block gb-responsive-61483-identifier desktop-gb-has-no-icon xl-gb-has-no-icon lg-gb-has-no-icon md-gb-has-no-icon sm-gb-has-no-icon\"><strong>Pobierz darmowy workbook &#8220;Die richtige Strategie f\u00fcr Amazon&#8221; teraz za darmo i opracuj swoj\u0105 strategi\u0119 ju\u017c dzi\u015b!<\/strong><\/p><div class=\"theme-wp-block wp-block-columns gb-responsive-352536-identifier is-layout-flex wp-container-core-columns-is-layout-9d6595d7 wp-block-columns-is-layout-flex\"><div class=\"theme-wp-block wp-block-column desktop-gb-has-no-icon xl-gb-has-no-icon lg-gb-has-no-icon md-gb-has-no-icon sm-gb-has-no-icon gb-responsive-84714-identifier is-layout-flow wp-block-column-is-layout-flow\" style=\"flex-basis:66%\"><p class=\"theme-wp-block desktop-gb-has-no-icon xl-gb-has-no-icon lg-gb-has-no-icon md-gb-has-no-icon sm-gb-has-no-icon gb-responsive-41815-identifier\"><em>Aby pobra\u0107 sw\u00f3j workbook, konieczne jest wcze\u015bniejsze zezwolenie na wszystkie pliki cookie. Aby edytowa\u0107 swoje ustawienia, kliknij przycisk poni\u017cej.<\/em><\/p><p class=\"theme-wp-block\"><span class=\"borlabs-cookie-open-dialog-preferences brlbs-cmpnt-container\" data-borlabs-cookie-title=\"Otw\u00f3rz preferencje dotycz\u0105ce zg\u00f3d\" data-borlabs-cookie-type=\"button\" ><\/span><\/p>\n<div class=\"theme-wp-block wp-block-columns gb-responsive-295103-identifier is-layout-flex wp-container-core-columns-is-layout-9d6595d7 wp-block-columns-is-layout-flex\"><div class=\"theme-wp-block wp-block-column gb-responsive-736519-identifier is-layout-flow wp-block-column-is-layout-flow\"><div id=\"wb-form\" class=\"theme-wp-block wb-form\"><p>\n\t\tProsz\u0119 wprowadzi\u0107 nast\u0119puj\u0105ce informacje, aby za\u017c\u0105da\u0107 skoroszytu. Zostanie on nast\u0119pnie wys\u0142any do Ciebie.<br>\u00a0\n\t<\/p><form id=\"leadform\" action=\"#\" method=\"post\"><input type=\"text\" name=\"last_name\" id=\"last_name\" placeholder=\"Twoje imi\u0119\" required=\"required\" style=\"padding: 10px; font-size: 18px; width: 100%; margin-bottom: 15px; color: rgb(88, 88, 88);\"><\/input><input type=\"text\" name=\"first_name\" id=\"first_name\" placeholder=\"Twoje imi\u0119\" required=\"required\" data-com-onepassword-filled=\"light\" style=\"padding: 10px; font-size: 18px; width: 100%; margin-bottom: 15px; color: rgb(88, 88, 88);\"><\/input><input type=\"email\" name=\"email\" id=\"email\" placeholder=\"Tw\u00f3j adres e-mail\" required=\"required\" style=\"padding: 10px; font-size: 18px; width: 100%; margin-bottom: 15px; color: rgb(88, 88, 88);\"><\/input><input type=\"number\" name=\"telephone\" id=\"telephone\" placeholder=\"Tw\u00f3j numer telefonu\" required=\"required\" style=\"padding: 10px; font-size: 18px; width: 100%; margin-bottom: 15px; color: rgb(88, 88, 88);\"><\/input><input type=\"text\" name=\"company\" id=\"company\" placeholder=\"Nazwa firmy\" required=\"required\" style=\"padding: 10px; font-size: 18px; width: 100%; margin-bottom: 15px; color: rgb(88, 88, 88);\"><\/input><input type=\"text\" name=\"amazon_store\" id=\"amazon_store\" placeholder=\"URL twojego sklepu Amazon\" style=\"padding: 10px; font-size: 18px; width: 100%; margin-bottom: 15px; color: rgb(88, 88, 88);\"><\/input><input type=\"submit\" value=\"Zam\u00f3w darmowy skoroszyt teraz\" id=\"submit\" style=\"padding: 10px; font-size: 18px; width: 100%; margin-bottom: 15px; color: rgb(255, 255, 255); background-color: rgb(255, 170, 1); cursor: pointer;\"><\/input><p style=\"margin-bottom: 10px; font-size: 12px;\">Przetwarzanie danych odbywa si\u0119 zgodnie z nasz\u0105 <a href=\"https:\/\/www.sellerlogic.com\/en\/privacy-policy\/\" target=\"_blank\" draggable=\"false\" rel=\"noopener noreferrer\">polityk\u0105 prywatno\u015bci<\/a>.<\/p><\/form><\/div><\/div><\/div><\/div><div class=\"theme-wp-block wp-block-column desktop-gb-has-no-icon xl-gb-has-no-icon lg-gb-has-no-icon md-gb-has-no-icon sm-gb-has-no-icon gb-responsive-980829-identifier is-layout-flow wp-block-column-is-layout-flow\" style=\"flex-basis:33%\"><\/div><\/div><\/div><div class=\"theme-wp-block wp-block-column gb-responsive-606172-identifier desktop-gb-has-no-icon xl-gb-has-no-icon lg-gb-has-no-icon md-gb-has-no-icon sm-gb-has-no-icon is-layout-flow wp-block-column-is-layout-flow\" style=\"flex-basis:15%\"><\/div><\/div><div style=\"height:20px\" aria-hidden=\"true\" class=\"theme-wp-block wp-block-spacer\"><\/div>\t\t<p  class=\"theme-wp-block theme-block-heading gb-responsive-448011-identifier desktop-text-center xl-text-center lg-text-center md-text-center sm-text-center is-style-default desktop-align-center xl-align-center lg-align-center md-align-center sm-align-center aligncenter h3 has-text-align\">\n\t\tBardziej interesuj\u0105ce tre\u015bci dla Ciebie\t<\/p>\n\n<div style=\"height:20px\" aria-hidden=\"true\" class=\"theme-wp-block wp-block-spacer\"><\/div>\t\t<div  class=\"theme-wp-block theme-block-card-posts gb-responsive-640148-identifier desktop-gb-has-no-icon xl-gb-has-no-icon lg-gb-has-no-icon md-gb-has-no-icon sm-gb-has-no-icon layout-horizontal-cards-content\">\n\t\t<div class=\"wrap-inner-blocks\">\n\t\t\t<div class=\"post-card \">\n\t<div class=\"inside-wrap-card\">\n\t\t<div class=\"cover-wrap\">\n\t\t\t\t\t\t\t<a class=\"background-thumbnail has-image\" href=\"https:\/\/www.sellerlogic.com\/pl\/resources\/wb-en-202002\/\">\n\t\t\t\t\t<img decoding=\"async\" width=\"405\" height=\"240\" src=\"https:\/\/d2bw95mh2ee04s.cloudfront.net\/prod\/content\/wp-content\/uploads\/2020\/12\/23142715\/workbook_metriken_optimieren-thumbnail.jpeg\" class=\"attachment-thumbnail size-thumbnail wp-post-image\" alt=\"In 13 Schritten in die Buy Box:  So optimieren Sie Ihre Metriken!\" \/>\t\t\t\t<\/a>\n\t\t\t\t\t<\/div>\n\n\t\t<div class=\"wrap-content\">\n\t\t\t<div class=\"title\">\n\t\t\t\t<a href=\"https:\/\/www.sellerlogic.com\/pl\/resources\/wb-en-202002\/\">Workbook: In 13 Schritten in die Buy Box EN<\/a>\n\t\t\t<\/div>\n\t\t\t<div class=\"wrap-excerpt\">Wiedzieli\u015bcie, \u017ce bardzo wielu sprzedawc\u00f3w Amazon nie wykorzystuje pe\u0142nego potencja\u0142u swojego biznesu, poniewa\u017c zbyt nieregularnie zdobywaj\u0105 Buy Box? Dowiedz si\u0119 tutaj, jak zoptymalizowa\u0107 swoje metryki w 13 krokach i zdoby\u0107 Buy Box!<\/div>\n\t\t<\/div>\n\t<\/div>\n<\/div><div class=\"post-card \">\n\t<div class=\"inside-wrap-card\">\n\t\t<div class=\"cover-wrap\">\n\t\t\t\t\t\t\t<a class=\"background-thumbnail has-image\" href=\"https:\/\/www.sellerlogic.com\/pl\/resources\/download-factsheet-repricer\/\">\n\t\t\t\t\t<img decoding=\"async\" width=\"405\" height=\"240\" src=\"https:\/\/d2bw95mh2ee04s.cloudfront.net\/prod\/content\/wp-content\/uploads\/2020\/12\/23140626\/blog-min-thumbnail.jpg\" class=\"attachment-thumbnail size-thumbnail wp-post-image\" alt=\"\" \/>\t\t\t\t<\/a>\n\t\t\t\t\t<\/div>\n\n\t\t<div class=\"wrap-content\">\n\t\t\t<div class=\"title\">\n\t\t\t\t<a href=\"https:\/\/www.sellerlogic.com\/pl\/resources\/download-factsheet-repricer\/\">Faktablica: SELLERLOGIC Repricer w kontroli<\/a>\n\t\t\t<\/div>\n\t\t\t<div class=\"wrap-excerpt\">Dlaczego powiniene\u015b wole\u0107 korzysta\u0107 z SELLERLOGIC Repricer, zamiast r\u0119cznie dostosowywa\u0107 swoje ceny? Dowiedz si\u0119 w naszej faktablicy, ile pracy mo\u017cesz zaoszcz\u0119dzi\u0107 dzi\u0119ki SELLERLOGIC i jednocze\u015bnie zwi\u0119kszy\u0107 swoje sprzeda\u017ce oraz mar\u017c\u0119!<\/div>\n\t\t<\/div>\n\t<\/div>\n<\/div><div class=\"post-card \">\n\t<div class=\"inside-wrap-card\">\n\t\t<div class=\"cover-wrap\">\n\t\t\t\t\t\t\t<a class=\"background-thumbnail \" href=\"https:\/\/www.sellerlogic.com\/pl\/resources\/wb-en-202001\/\">\n\t\t\t\t\t\t\t\t\t<\/a>\n\t\t\t\t\t<\/div>\n\n\t\t<div class=\"wrap-content\">\n\t\t\t<div class=\"title\">\n\t\t\t\t<a href=\"https:\/\/www.sellerlogic.com\/pl\/resources\/wb-en-202001\/\">Skoroszyt: 6 szybkich wskaz\u00f3wek dla sprzedawc\u00f3w FBA<\/a>\n\t\t\t<\/div>\n\t\t\t<div class=\"wrap-excerpt\">Dowiedz si\u0119 w tym skoroszycie, co musisz koniecznie wiedzie\u0107, je\u015bli chcesz sprzedawa\u0107 za po\u015brednictwem Fulfillment by Amazon. Poka\u017cemy Ci, jak po\u0142o\u017cy\u0107 fundamenty pod udany biznes FBA!<\/div>\n\t\t<\/div>\n\t<\/div>\n<\/div>\t\t<\/div>\n\t<\/div>\n<div style=\"height:20px\" aria-hidden=\"true\" class=\"theme-wp-block wp-block-spacer\"><\/div>","protected":false},"excerpt":{"rendered":"<p>Are you already taking a strategic approach on Amazon? Zbyt cz\u0119sto widzimy sprzedawc\u00f3w na Amazonie, kt\u00f3rych biznes ma prawdziwy potencja\u0142 \u2013 a jednak wydaje si\u0119, \u017ce dzia\u0142aj\u0105 bez strategicznego skupienia. Chcemy to zmieni\u0107! Tutaj dowiedz si\u0119, jak tw\u00f3j indywidualny model biznesowy wp\u0142ywa na to, jak powiniene\u015b si\u0119 pozycjonowa\u0107 strategicznie&#8230; Dodatkowo otrzymasz nasz\u0105 obszern\u0105 wiedz\u0119 na<\/p>\n","protected":false},"author":3,"featured_media":8612,"parent":106461,"menu_order":0,"comment_status":"closed","ping_status":"closed","template":"","meta":{"sidebar_recommended_resources":{"data":[]},"sidebar_header_settings":{"hide_buttons":{"register":false}},"_use_new_theme":false,"inline_featured_image":false,"footnotes":""},"class_list":["post-106422","page","type-page","status-publish","has-post-thumbnail","hentry"],"yoast_head":"<!-- This site is optimized with the Yoast SEO plugin v26.8 - https:\/\/yoast.com\/product\/yoast-seo-wordpress\/ -->\n<title>Darmowy e-book: Odpowiednia strategia dla Amazon | SELLERLOGIC<\/title>\n<meta name=\"description\" content=\"Darmowy. 50 stron skoncentrowanej wiedzy na temat tego, jak znale\u017a\u0107 odpowiedni\u0105 strategi\u0119 dla swojego biznesu na Amazon. Pobierz to tutaj teraz.\" \/>\n<meta name=\"robots\" content=\"index, follow, max-snippet:-1, max-image-preview:large, max-video-preview:-1\" \/>\n<link rel=\"canonical\" href=\"https:\/\/www.sellerlogic.com\/pl\/resources\/workbook-the-right-strategy-for-amazon\/\" \/>\n<meta property=\"og:locale\" content=\"pl_PL\" \/>\n<meta property=\"og:type\" content=\"article\" \/>\n<meta property=\"og:title\" content=\"Darmowy e-book: Odpowiednia strategia dla Amazon | SELLERLOGIC\" \/>\n<meta property=\"og:description\" content=\"Darmowy. 50 stron skoncentrowanej wiedzy na temat tego, jak znale\u017a\u0107 odpowiedni\u0105 strategi\u0119 dla swojego biznesu na Amazon. Pobierz to tutaj teraz.\" \/>\n<meta property=\"og:url\" content=\"https:\/\/www.sellerlogic.com\/pl\/resources\/workbook-the-right-strategy-for-amazon\/\" \/>\n<meta property=\"og:site_name\" content=\"SELLERLOGIC - Smarte Tools f\u00fcr Amazon-Seller\" \/>\n<meta property=\"article:publisher\" content=\"https:\/\/www.facebook.com\/SellerLogic\/\" \/>\n<meta property=\"og:image\" content=\"https:\/\/d2bw95mh2ee04s.cloudfront.net\/prod\/content\/wp-content\/uploads\/2021\/03\/23142638\/header-LP-strategie-amazon-white-overlay.jpg\" \/>\n\t<meta property=\"og:image:width\" content=\"2000\" \/>\n\t<meta property=\"og:image:height\" content=\"1320\" \/>\n\t<meta property=\"og:image:type\" content=\"image\/jpeg\" \/>\n<meta name=\"twitter:card\" content=\"summary_large_image\" \/>\n<meta name=\"twitter:site\" content=\"@sellerlogic\" \/>\n<meta name=\"twitter:label1\" content=\"Est. reading time\" \/>\n\t<meta name=\"twitter:data1\" content=\"2 minutes\" \/>\n<script type=\"application\/ld+json\" class=\"yoast-schema-graph\">{\"@context\":\"https:\/\/schema.org\",\"@graph\":[{\"@type\":\"WebPage\",\"@id\":\"https:\/\/www.sellerlogic.com\/pl\/resources\/workbook-the-right-strategy-for-amazon\/\",\"url\":\"https:\/\/www.sellerlogic.com\/pl\/resources\/workbook-the-right-strategy-for-amazon\/\",\"name\":\"Darmowy e-book: Odpowiednia strategia dla Amazon | SELLERLOGIC\",\"isPartOf\":{\"@id\":\"https:\/\/www.sellerlogic.com\/pl\/#website\"},\"primaryImageOfPage\":{\"@id\":\"https:\/\/www.sellerlogic.com\/pl\/resources\/workbook-the-right-strategy-for-amazon\/#primaryimage\"},\"image\":{\"@id\":\"https:\/\/www.sellerlogic.com\/pl\/resources\/workbook-the-right-strategy-for-amazon\/#primaryimage\"},\"thumbnailUrl\":\"https:\/\/d2bw95mh2ee04s.cloudfront.net\/prod\/content\/wp-content\/uploads\/2021\/03\/23142638\/header-LP-strategie-amazon-white-overlay.jpg\",\"datePublished\":\"2021-03-05T13:21:38+00:00\",\"description\":\"Darmowy. 50 stron skoncentrowanej wiedzy na temat tego, jak znale\u017a\u0107 odpowiedni\u0105 strategi\u0119 dla swojego biznesu na Amazon. Pobierz to tutaj teraz.\",\"breadcrumb\":{\"@id\":\"https:\/\/www.sellerlogic.com\/pl\/resources\/workbook-the-right-strategy-for-amazon\/#breadcrumb\"},\"inLanguage\":\"pl-PL\",\"potentialAction\":[{\"@type\":\"ReadAction\",\"target\":[\"https:\/\/www.sellerlogic.com\/pl\/resources\/workbook-the-right-strategy-for-amazon\/\"]}]},{\"@type\":\"ImageObject\",\"inLanguage\":\"pl-PL\",\"@id\":\"https:\/\/www.sellerlogic.com\/pl\/resources\/workbook-the-right-strategy-for-amazon\/#primaryimage\",\"url\":\"https:\/\/d2bw95mh2ee04s.cloudfront.net\/prod\/content\/wp-content\/uploads\/2021\/03\/23142638\/header-LP-strategie-amazon-white-overlay.jpg\",\"contentUrl\":\"https:\/\/d2bw95mh2ee04s.cloudfront.net\/prod\/content\/wp-content\/uploads\/2021\/03\/23142638\/header-LP-strategie-amazon-white-overlay.jpg\",\"width\":2000,\"height\":1320,\"caption\":\"Wir zeigen Ihnen, wie Sie die richtige Strategie f\u00fcr Ihr Amazon-Business erstellen!\"},{\"@type\":\"BreadcrumbList\",\"@id\":\"https:\/\/www.sellerlogic.com\/pl\/resources\/workbook-the-right-strategy-for-amazon\/#breadcrumb\",\"itemListElement\":[{\"@type\":\"ListItem\",\"position\":1,\"name\":\"Home\",\"item\":\"https:\/\/www.sellerlogic.com\/pl\/\"},{\"@type\":\"ListItem\",\"position\":2,\"name\":\"Ressourcen EN\",\"item\":\"https:\/\/www.sellerlogic.com\/pl\/resources\/\"},{\"@type\":\"ListItem\",\"position\":3,\"name\":\"Workbook: The right strategy for Amazon\"}]},{\"@type\":\"WebSite\",\"@id\":\"https:\/\/www.sellerlogic.com\/pl\/#website\",\"url\":\"https:\/\/www.sellerlogic.com\/pl\/\",\"name\":\"SELLERLOGIC - Smarte Tools f\u00fcr Amazon-Seller\",\"description\":\"Intelligente Prozessoptimierung und Gewinnmaximierung\",\"publisher\":{\"@id\":\"https:\/\/www.sellerlogic.com\/pl\/#organization\"},\"potentialAction\":[{\"@type\":\"SearchAction\",\"target\":{\"@type\":\"EntryPoint\",\"urlTemplate\":\"https:\/\/www.sellerlogic.com\/pl\/?s={search_term_string}\"},\"query-input\":{\"@type\":\"PropertyValueSpecification\",\"valueRequired\":true,\"valueName\":\"search_term_string\"}}],\"inLanguage\":\"pl-PL\"},{\"@type\":\"Organization\",\"@id\":\"https:\/\/www.sellerlogic.com\/pl\/#organization\",\"name\":\"SELLERLOGIC\",\"url\":\"https:\/\/www.sellerlogic.com\/pl\/\",\"logo\":{\"@type\":\"ImageObject\",\"inLanguage\":\"pl-PL\",\"@id\":\"https:\/\/www.sellerlogic.com\/pl\/#\/schema\/logo\/image\/\",\"url\":\"https:\/\/d2bw95mh2ee04s.cloudfront.net\/prod\/content\/wp-content\/uploads\/2025\/01\/02134814\/Property-Logo-Main.svg\",\"contentUrl\":\"https:\/\/d2bw95mh2ee04s.cloudfront.net\/prod\/content\/wp-content\/uploads\/2025\/01\/02134814\/Property-Logo-Main.svg\",\"width\":184,\"height\":40,\"caption\":\"SELLERLOGIC\"},\"image\":{\"@id\":\"https:\/\/www.sellerlogic.com\/pl\/#\/schema\/logo\/image\/\"},\"sameAs\":[\"https:\/\/www.facebook.com\/SellerLogic\/\",\"https:\/\/x.com\/sellerlogic\",\"https:\/\/www.instagram.com\/sellerlogic\/\",\"https:\/\/www.linkedin.com\/company\/18402037\/\",\"https:\/\/www.youtube.com\/channel\/UC-gULUur-fNj08sprantKsQ\"]}]}<\/script>\n<!-- \/ Yoast SEO plugin. -->","yoast_head_json":{"title":"Darmowy e-book: Odpowiednia strategia dla Amazon | SELLERLOGIC","description":"Darmowy. 50 stron skoncentrowanej wiedzy na temat tego, jak znale\u017a\u0107 odpowiedni\u0105 strategi\u0119 dla swojego biznesu na Amazon. Pobierz to tutaj teraz.","robots":{"index":"index","follow":"follow","max-snippet":"max-snippet:-1","max-image-preview":"max-image-preview:large","max-video-preview":"max-video-preview:-1"},"canonical":"https:\/\/www.sellerlogic.com\/pl\/resources\/workbook-the-right-strategy-for-amazon\/","og_locale":"pl_PL","og_type":"article","og_title":"Darmowy e-book: Odpowiednia strategia dla Amazon | SELLERLOGIC","og_description":"Darmowy. 50 stron skoncentrowanej wiedzy na temat tego, jak znale\u017a\u0107 odpowiedni\u0105 strategi\u0119 dla swojego biznesu na Amazon. Pobierz to tutaj teraz.","og_url":"https:\/\/www.sellerlogic.com\/pl\/resources\/workbook-the-right-strategy-for-amazon\/","og_site_name":"SELLERLOGIC - Smarte Tools f\u00fcr Amazon-Seller","article_publisher":"https:\/\/www.facebook.com\/SellerLogic\/","og_image":[{"width":2000,"height":1320,"url":"https:\/\/d2bw95mh2ee04s.cloudfront.net\/prod\/content\/wp-content\/uploads\/2021\/03\/23142638\/header-LP-strategie-amazon-white-overlay.jpg","type":"image\/jpeg"}],"twitter_card":"summary_large_image","twitter_site":"@sellerlogic","twitter_misc":{"Est. reading time":"2 minutes"},"schema":{"@context":"https:\/\/schema.org","@graph":[{"@type":"WebPage","@id":"https:\/\/www.sellerlogic.com\/pl\/resources\/workbook-the-right-strategy-for-amazon\/","url":"https:\/\/www.sellerlogic.com\/pl\/resources\/workbook-the-right-strategy-for-amazon\/","name":"Darmowy e-book: Odpowiednia strategia dla Amazon | SELLERLOGIC","isPartOf":{"@id":"https:\/\/www.sellerlogic.com\/pl\/#website"},"primaryImageOfPage":{"@id":"https:\/\/www.sellerlogic.com\/pl\/resources\/workbook-the-right-strategy-for-amazon\/#primaryimage"},"image":{"@id":"https:\/\/www.sellerlogic.com\/pl\/resources\/workbook-the-right-strategy-for-amazon\/#primaryimage"},"thumbnailUrl":"https:\/\/d2bw95mh2ee04s.cloudfront.net\/prod\/content\/wp-content\/uploads\/2021\/03\/23142638\/header-LP-strategie-amazon-white-overlay.jpg","datePublished":"2021-03-05T13:21:38+00:00","description":"Darmowy. 50 stron skoncentrowanej wiedzy na temat tego, jak znale\u017a\u0107 odpowiedni\u0105 strategi\u0119 dla swojego biznesu na Amazon. Pobierz to tutaj teraz.","breadcrumb":{"@id":"https:\/\/www.sellerlogic.com\/pl\/resources\/workbook-the-right-strategy-for-amazon\/#breadcrumb"},"inLanguage":"pl-PL","potentialAction":[{"@type":"ReadAction","target":["https:\/\/www.sellerlogic.com\/pl\/resources\/workbook-the-right-strategy-for-amazon\/"]}]},{"@type":"ImageObject","inLanguage":"pl-PL","@id":"https:\/\/www.sellerlogic.com\/pl\/resources\/workbook-the-right-strategy-for-amazon\/#primaryimage","url":"https:\/\/d2bw95mh2ee04s.cloudfront.net\/prod\/content\/wp-content\/uploads\/2021\/03\/23142638\/header-LP-strategie-amazon-white-overlay.jpg","contentUrl":"https:\/\/d2bw95mh2ee04s.cloudfront.net\/prod\/content\/wp-content\/uploads\/2021\/03\/23142638\/header-LP-strategie-amazon-white-overlay.jpg","width":2000,"height":1320,"caption":"Wir zeigen Ihnen, wie Sie die richtige Strategie f\u00fcr Ihr Amazon-Business erstellen!"},{"@type":"BreadcrumbList","@id":"https:\/\/www.sellerlogic.com\/pl\/resources\/workbook-the-right-strategy-for-amazon\/#breadcrumb","itemListElement":[{"@type":"ListItem","position":1,"name":"Home","item":"https:\/\/www.sellerlogic.com\/pl\/"},{"@type":"ListItem","position":2,"name":"Ressourcen EN","item":"https:\/\/www.sellerlogic.com\/pl\/resources\/"},{"@type":"ListItem","position":3,"name":"Workbook: The right strategy for Amazon"}]},{"@type":"WebSite","@id":"https:\/\/www.sellerlogic.com\/pl\/#website","url":"https:\/\/www.sellerlogic.com\/pl\/","name":"SELLERLOGIC - Smarte Tools f\u00fcr Amazon-Seller","description":"Intelligente Prozessoptimierung und Gewinnmaximierung","publisher":{"@id":"https:\/\/www.sellerlogic.com\/pl\/#organization"},"potentialAction":[{"@type":"SearchAction","target":{"@type":"EntryPoint","urlTemplate":"https:\/\/www.sellerlogic.com\/pl\/?s={search_term_string}"},"query-input":{"@type":"PropertyValueSpecification","valueRequired":true,"valueName":"search_term_string"}}],"inLanguage":"pl-PL"},{"@type":"Organization","@id":"https:\/\/www.sellerlogic.com\/pl\/#organization","name":"SELLERLOGIC","url":"https:\/\/www.sellerlogic.com\/pl\/","logo":{"@type":"ImageObject","inLanguage":"pl-PL","@id":"https:\/\/www.sellerlogic.com\/pl\/#\/schema\/logo\/image\/","url":"https:\/\/d2bw95mh2ee04s.cloudfront.net\/prod\/content\/wp-content\/uploads\/2025\/01\/02134814\/Property-Logo-Main.svg","contentUrl":"https:\/\/d2bw95mh2ee04s.cloudfront.net\/prod\/content\/wp-content\/uploads\/2025\/01\/02134814\/Property-Logo-Main.svg","width":184,"height":40,"caption":"SELLERLOGIC"},"image":{"@id":"https:\/\/www.sellerlogic.com\/pl\/#\/schema\/logo\/image\/"},"sameAs":["https:\/\/www.facebook.com\/SellerLogic\/","https:\/\/x.com\/sellerlogic","https:\/\/www.instagram.com\/sellerlogic\/","https:\/\/www.linkedin.com\/company\/18402037\/","https:\/\/www.youtube.com\/channel\/UC-gULUur-fNj08sprantKsQ"]}]}},"_links":{"self":[{"href":"https:\/\/www.sellerlogic.com\/pl\/wp-json\/wp\/v2\/pages\/106422","targetHints":{"allow":["GET"]}}],"collection":[{"href":"https:\/\/www.sellerlogic.com\/pl\/wp-json\/wp\/v2\/pages"}],"about":[{"href":"https:\/\/www.sellerlogic.com\/pl\/wp-json\/wp\/v2\/types\/page"}],"author":[{"embeddable":true,"href":"https:\/\/www.sellerlogic.com\/pl\/wp-json\/wp\/v2\/users\/3"}],"replies":[{"embeddable":true,"href":"https:\/\/www.sellerlogic.com\/pl\/wp-json\/wp\/v2\/comments?post=106422"}],"version-history":[{"count":0,"href":"https:\/\/www.sellerlogic.com\/pl\/wp-json\/wp\/v2\/pages\/106422\/revisions"}],"up":[{"embeddable":true,"href":"https:\/\/www.sellerlogic.com\/pl\/wp-json\/wp\/v2\/pages\/106461"}],"wp:featuredmedia":[{"embeddable":true,"href":"https:\/\/www.sellerlogic.com\/pl\/wp-json\/wp\/v2\/media\/8612"}],"wp:attachment":[{"href":"https:\/\/www.sellerlogic.com\/pl\/wp-json\/wp\/v2\/media?parent=106422"}],"curies":[{"name":"wp","href":"https:\/\/api.w.org\/{rel}","templated":true}]}}