
{"id":106428,"date":"2020-12-18T08:11:11","date_gmt":"2020-12-18T08:11:11","guid":{"rendered":"https:\/\/127.0.0.1\/resources\/success-story-meinemarkenmode\/"},"modified":"2020-12-18T08:11:11","modified_gmt":"2020-12-18T08:11:11","slug":"success-story-meinemarkenmode","status":"publish","type":"page","link":"https:\/\/www.sellerlogic.com\/pl\/resources\/success-story-meinemarkenmode\/","title":{"rendered":"Success Story: meinemarkenmode.de PL"},"content":{"rendered":"\n\t<div  class=\"theme-wp-block theme-block-main-header is-style-full-height desktop-align-full xl-align-full lg-align-full md-align-full sm-align-full desktop-content-align-y-center desktop-content-align-x-center xl-content-align-y-center xl-content-align-x-center lg-content-align-y-center lg-content-align-x-center md-content-align-y-center md-content-align-x-center sm-content-align-y-center sm-content-align-x-center gb-responsive-720212-identifier theme-block-cover\">\n\t\t<div class=\"bg-cover theme-lazy-load-bg\"><\/div>\n\t\t<div class=\"wrap-content-main-header\">\n\t\t\t\t\t<div  class=\"theme-wp-block theme-block-text-and-text desktop-align-wide xl-align-wide lg-align-wide md-align-wide sm-align-wide gb-responsive-366658-identifier desktop-blockDirection-column xl-blockDirection-column lg-blockDirection-column md-blockDirection-column sm-blockDirection-column\">\n\t\t<div class=\"tat-column-wrap-wrapper\">\n\t\t\t<div class=\"tat-column-wrapper\">\n\t\t\t\t\t<div  class=\"theme-wp-block theme-block-text-and-text-column gb-responsive-923660-identifier desktop-horizontal-center xl-horizontal-center lg-horizontal-center md-horizontal-center sm-horizontal-center\">\n\t\t<div class=\"inner-wrap-column-content\">\n\t\t\t<div class=\"inner-column-content\">\n\t\t\t\t\t\t<p  class=\"theme-wp-block theme-block-heading is-style-default desktop-text-center xl-text-center lg-text-center md-text-center sm-text-center gb-responsive-948994-identifier h2\">\n\t\tWi\u0119cej pieni\u0119dzy, mniej problem\u00f3w\t<\/p>\n\n\t\t<h1  class=\"theme-wp-block theme-block-heading gb-responsive-522772-identifier is-style-default desktop-text-center xl-text-center lg-text-center md-text-center sm-text-center h1\">\n\t\tJak meinemarkenmode otrzyma\u0142 zwrot sze\u015bciocyfrowej kwoty od Amazonu\t<\/h1>\n\n\t\t\t<\/div>\n\t\t<\/div>\n\t<\/div>\n\t<div  class=\"theme-wp-block theme-block-text-and-text-column gb-responsive-441362-identifier\">\n\t\t<div class=\"inner-wrap-column-content\">\n\t\t\t<div class=\"inner-column-content\">\n\t\t\t\t\t\t\t<\/div>\n\t\t<\/div>\n\t<\/div>\n\t\t\t<\/div>\n\t\t<\/div>\n\t<\/div>\n\n\t\t<\/div>\n\t<\/div>\n\n<div style=\"height:50px\" aria-hidden=\"true\" class=\"theme-wp-block wp-block-spacer\"><\/div><div class=\"theme-wp-block wp-block-columns gb-responsive-34913-identifier is-layout-flex wp-container-core-columns-is-layout-9d6595d7 wp-block-columns-is-layout-flex\"><div class=\"theme-wp-block wp-block-column gb-responsive-118097-identifier is-layout-flow wp-block-column-is-layout-flow\" style=\"flex-basis:25%\"><figure class=\"theme-wp-block wp-block-image size-large is-resized gb-responsive-62921-identifier\"><img decoding=\"async\" src=\"https:\/\/d2bw95mh2ee04s.cloudfront.net\/prod\/content\/wp-content\/uploads\/2020\/12\/23142728\/MMM-Logo_2-844x154.png\" alt=\"Success Story: meinemarkenmode.de PL\" class=\"wp-image-4742\" width=\"300\" height=\"55\" srcset=\"https:\/\/d2bw95mh2ee04s.cloudfront.net\/prod\/content\/wp-content\/uploads\/2020\/12\/23142728\/MMM-Logo_2-407x74.png 407w, https:\/\/d2bw95mh2ee04s.cloudfront.net\/prod\/content\/wp-content\/uploads\/2020\/12\/23142728\/MMM-Logo_2-768x141.png 768w, https:\/\/d2bw95mh2ee04s.cloudfront.net\/prod\/content\/wp-content\/uploads\/2020\/12\/23142728\/MMM-Logo_2-844x154.png 844w, https:\/\/d2bw95mh2ee04s.cloudfront.net\/prod\/content\/wp-content\/uploads\/2020\/12\/23142728\/MMM-Logo_2.png 1000w\" sizes=\"(max-width: 300px) 100vw, 300px\" \/><\/figure><p class=\"theme-wp-block gb-responsive-595107-identifier\"><strong>Fundacja:<\/strong><br>2009<\/p><p class=\"theme-wp-block gb-responsive-627172-identifier\"><strong>Bran\u017ca:<\/strong><br>Moda<\/p><p class=\"theme-wp-block gb-responsive-331586-identifier\"><strong>Przedmioty w Amazonie:\u00a0<\/strong><br>30.000<\/p><p class=\"theme-wp-block gb-responsive-485766-identifier\"><strong>Wysy\u0142ki:<\/strong><br>oko\u0142o 150.000 miesi\u0119cznie<\/p><\/div><div class=\"theme-wp-block wp-block-column gb-responsive-36942-identifier is-layout-flow wp-block-column-is-layout-flow\" style=\"flex-basis:50%\"><h3 class=\"theme-wp-block wp-block-heading gb-responsive-34353-identifier\" id=\"block-c06fce04-ef87-4ffc-a3d6-b768ba377d17\">Background:<\/h3><p class=\"theme-wp-block gb-responsive-767855-identifier desktop-gb-has-no-icon xl-gb-has-no-icon lg-gb-has-no-icon md-gb-has-no-icon sm-gb-has-no-icon\">Z ca\u0142ym zapasem wchodz\u0105cym i wychodz\u0105cym z ich magazyn\u00f3w, Alexander Charatzoglou by\u0142 \u015bwiadomy, \u017ce b\u0142\u0119dy musz\u0105 si\u0119 zdarza\u0107. Jak dot\u0105d, firma zajmuj\u0105ca si\u0119 sprzeda\u017c\u0105 wysy\u0142kow\u0105 nie mia\u0142a procesu, kt\u00f3ry umo\u017cliwia\u0142by identyfikacj\u0119 ka\u017cdego pojedynczego b\u0142\u0119du, a\u017c do momentu, gdy Alexander odwiedzi\u0142 warsztaty dla sprzedawc\u00f3w Amazon, kt\u00f3re dostarczy\u0142y rozwi\u0105zanie.<\/p><p class=\"theme-wp-block desktop-gb-has-no-icon xl-gb-has-no-icon lg-gb-has-no-icon md-gb-has-no-icon sm-gb-has-no-icon gb-responsive-7132-identifier\">Historia meinmarkenmode.de wygl\u0105da bardzo podobnie do prototypu ameryka\u0144skiego snu.<\/p><p class=\"theme-wp-block desktop-gb-has-no-icon xl-gb-has-no-icon lg-gb-has-no-icon md-gb-has-no-icon sm-gb-has-no-icon gb-responsive-663910-identifier\">Aby sfinansowa\u0107 swoje studia, obecny dyrektor zarz\u0105dzaj\u0105cy Eugen Allerborn rozpocz\u0105\u0142 handel na eBayu w 2009 roku. W miar\u0119 jak firma ros\u0142a, musia\u0142 stan\u0105\u0107 przed decyzj\u0105, czy uko\u0144czy\u0107 studia, czy zrezygnowa\u0107 z uniwersytetu i po\u015bwi\u0119ci\u0107 ca\u0142y sw\u00f3j czas pracy. Wybra\u0142 to drugie: decyzj\u0119, kt\u00f3ra doprowadzi\u0142a do wielu ci\u0119\u017ckich prac, ale jeszcze wi\u0119kszego sukcesu. Dzi\u015b, razem ze swoim partnerem biznesowym i przyjacielem Timo Bethlehem, prowadzi udany biznes online z 50 pracownikami w dw\u00f3ch lokalizacjach.<\/p><h3 class=\"theme-wp-block wp-block-heading gb-responsive-182281-identifier desktop-gb-has-no-icon xl-gb-has-no-icon lg-gb-has-no-icon md-gb-has-no-icon sm-gb-has-no-icon\">Starting Out:<\/h3><p class=\"theme-wp-block gb-responsive-262664-identifier desktop-gb-has-no-icon xl-gb-has-no-icon lg-gb-has-no-icon md-gb-has-no-icon sm-gb-has-no-icon\">\u201eBy\u0142o dla nas jasne, \u017ce tracimy zapasy w magazynach FBA. Przy ponad 30.000 przedmiot\u00f3w w 20 magazynach i wynikaj\u0105cych z tego ruchach zapas\u00f3w, jest to nieuniknione\u201d, wyja\u015bnia Alexander, kt\u00f3ry pracuje jako kierownik zarz\u0105dzania sprzeda\u017c\u0105 w meinemarkenmode.de od 2012 roku. \u201eAle jak to cz\u0119sto bywa, by\u0142o zbyt wiele innych zada\u0144, kt\u00f3rym nadano wy\u017cszy priorytet. Ponadto brakowa\u0142o nam mo\u017cliwo\u015bci r\u0119cznego sprawdzania proces\u00f3w\u201d.<\/p><p class=\"theme-wp-block gb-responsive-587817-identifier desktop-gb-has-no-icon xl-gb-has-no-icon lg-gb-has-no-icon md-gb-has-no-icon sm-gb-has-no-icon\">To zmieni\u0142o si\u0119 dopiero, gdy Alexander rozmawia\u0142 na ten temat z innym detalist\u0105 podczas warsztat\u00f3w Amazon. \u201eM\u00f3j kolega detalista by\u0142 jednym z pilotowych<br>klient\u00f3w SELLERLOGIC Lost &#038; Found. Kiedy opowiedzia\u0142 mi o pocz\u0105tkowym zwrocie wartym ma\u0142y samoch\u00f3d, by\u0142em tak pod wra\u017ceniem, \u017ce wypr\u00f3bowanie tego narz\u0119dzia znalaz\u0142o si\u0119 na szczycie mojej listy priorytet\u00f3w,\u201d wspomina Alexander.<\/p><h3 class=\"theme-wp-block wp-block-heading gb-responsive-115756-identifier\">Solution:<\/h3><p class=\"theme-wp-block gb-responsive-231780-identifier\">Na podstawie pozytywnego do\u015bwiadczenia jego kolegi detalisty, \u017cadna inna rozwi\u0105zanie ni\u017c Lost &#038; Found nie by\u0142o rozwa\u017cane dla meinmarkenmode.de.<\/p><p class=\"theme-wp-block gb-responsive-392728-identifier desktop-gb-has-no-icon xl-gb-has-no-icon lg-gb-has-no-icon md-gb-has-no-icon sm-gb-has-no-icon\"><br>Alexander wspomina pierwsze do\u015bwiadczenia z oprogramowaniem SELLERLOGIC: \u201eWprowadzenie do SELLERLOGIC by\u0142o niezwykle \u0142atwe i przyjemne. Rozwi\u0105zanie jest intuicyjne i mo\u017ce by\u0107 u\u017cywane przez ka\u017cdego po kr\u00f3tkim okresie szkolenia. Od momentu uruchomienia nie by\u0142o potrzeby \u017cadnego wsparcia. Nawet gdy przekazali\u015bmy zarz\u0105dzanie sprawami nowym pracownikom \u2013 to jest do\u015b\u0107 niezwyk\u0142e!\u201d. Po chwili dodaje: \u201eNarz\u0119dzie jest r\u00f3wnie\u017c niesamowicie wydajne. Za jego intuicyjn\u0105 obs\u0142ug\u0105 kryje si\u0119 bardzo zaawansowany system, kt\u00f3ry znacznie upraszcza przetwarzanie spraw.\u201d<\/p><div class=\"theme-block-group-wrap\"><div class=\"theme-wp-block wp-block-group gb-responsive-88118-identifier\">\t\t<div  class=\"theme-wp-block theme-block-user-card gb-responsive-799176-identifier is-style-full-width-line desktop-gb-has-no-icon xl-gb-has-no-icon lg-gb-has-no-icon md-gb-has-no-icon sm-gb-has-no-icon\">\n\t\t<div class=\"wrap-inner-content\">\n\t\t\t<div class=\"card-user-head\">\n\t\t\t\t<div class=\"card-user-avatar\">\n\t\t\t\t\t<div class=\"cover-avatar\" style=\"background-image: url(https:\/\/d2bw95mh2ee04s.cloudfront.net\/prod\/content\/wp-content\/uploads\/2020\/12\/23142728\/alexander_charatzoglou_raute.png);\"><\/div>\n\t\t\t\t<\/div>\n\t\t\t\t<div class=\"wrap-title\">\n\t\t\t\t\t<div class=\"card-user-name\">\n\t\t\t\t\t\t<div class=\"title\">\n\t\t\t\t\t\t\t<h3 class=\"heading-text\"><strong>Alexander Charatzoglou<\/strong><\/h3>\n\t\t\t\t\t\t<\/div>\n\t\t\t\t\t\t<div class=\"card-user-position\">\n\t\t\t\t\t\t\t<div class=\"card-text\"><strong>Kierownik zarz\u0105dzania sprzeda\u017c\u0105 w meinemarkenmode.de<\/strong><\/div>\n\t\t\t\t\t\t<\/div>\n\t\t\t\t\t<\/div>\n\t\t\t\t\t<div class=\"card-user-quote-icon\">\n\t\t\t\t\t<\/div>\n\t\t\t\t<\/div>\n\t\t\t<\/div>\n\t\t\t<div class=\"card-user-text\">\n\t\t\t\t<div class=\"card-text\"><p>&#8220;SELLERLOGIC Lost &amp; Found to prawdziwy strza\u0142 w dziesi\u0105tk\u0119. I to nie tylko w sensie ekonomicznym. Niskie koszty, narz\u0119dzie, technologia za nim stoj\u0105ca, us\u0142ugi i zesp\u00f3\u0142 za tym wszystkim \u2013 po prostu wszystko \u2013 przyczynia si\u0119 do naszego ca\u0142kowitego zadowolenia.&#8221;<\/p><p><\/p><\/div>\n\t\t\t<\/div>\n\t\t<\/div>\n\t<\/div>\n\n<\/div><\/div><h3 class=\"theme-wp-block wp-block-heading gb-responsive-595368-identifier\">Sukcesy z SELLERLOGIC:<\/h3><p class=\"theme-wp-block gb-responsive-905876-identifier desktop-gb-has-no-icon xl-gb-has-no-icon lg-gb-has-no-icon md-gb-has-no-icon sm-gb-has-no-icon\">Since their launch with SELLERLOGIC Lost &#038; Found, meinmarkenmode.de uda\u0142o si\u0119 uzyska\u0107 zwroty w wysoko\u015bci oko\u0142o 200 000 euro. \u201eTo ju\u017c nie jest ma\u0142y samoch\u00f3d, ale ca\u0142kowity dom,\u201d \u015bmieje si\u0119 Alexander.<\/p><p class=\"theme-wp-block gb-responsive-208143-identifier desktop-gb-has-no-icon xl-gb-has-no-icon lg-gb-has-no-icon md-gb-has-no-icon sm-gb-has-no-icon\">Tak wi\u0119c rzeczywista utrata zapas\u00f3w w magazynach FBA wyra\u017anie przekroczy\u0142a oczekiwania firmy. Jednocze\u015bnie meinmarkenmode.de korzysta z zaawansowanego systemu, kt\u00f3ry r\u00f3wnie\u017c znajduje b\u0142\u0119dy, kt\u00f3re prawdopodobnie pozosta\u0142yby niezauwa\u017cone, gdyby szuka\u0107 ich r\u0119cznie. Dla Alexandra kontakt z SELLERLOGIC jest r\u00f3wnie wa\u017cny. Dla niego SELLERLOGIC to nie tylko narz\u0119dzie, z kt\u00f3rego korzysta jego firma, ale tak\u017ce docenia ca\u0142y zesp\u00f3\u0142 i jego us\u0142ugi.<\/p><p class=\"theme-wp-block gb-responsive-355671-identifier desktop-gb-has-no-icon xl-gb-has-no-icon lg-gb-has-no-icon md-gb-has-no-icon sm-gb-has-no-icon\">Na zako\u0144czenie znajduje wyra\u017ane s\u0142owa uznania: \u201cSELLERLOGIC Lost &#038; Found to prawdziwy strza\u0142 w dziesi\u0105tk\u0119. I to nie tylko w sensie ekonomicznym. Niskie koszty, narz\u0119dzie, technologia za tym stoj\u0105ca, us\u0142ugi i zesp\u00f3\u0142 za tym \u2013 po prostu wszystko \u2013 przyczynia si\u0119 do naszego ca\u0142kowitego zadowolenia\u201c.<\/p><div class=\"theme-wp-block wp-block-buttons gb-responsive-497426-identifier is-layout-flex wp-block-buttons-is-layout-flex\"><div class=\"theme-wp-block wp-block-button gb-responsive-38220-identifier is-style-theme-transparent-with-arrow\"><a class=\"wp-block-button__link wp-element-button\" href=\"https:\/\/d2bw95mh2ee04s.cloudfront.net\/prod\/content\/files\/SUCCESS-STORIES\/EN\/NEU_SELLERLOGIC_Success-Story_meinemarkenmode_EN.pdf\" target=\"_blank\" rel=\"noreferrer noopener nofollow\">Pobierz teraz!<\/a><\/div><\/div><\/div><div class=\"theme-wp-block wp-block-column gb-responsive-638649-identifier is-layout-flow wp-block-column-is-layout-flow\" style=\"flex-basis:25%\"><\/div><\/div><p class=\"theme-wp-block gb-responsive-554668-identifier\"><\/p>","protected":false},"excerpt":{"rendered":"<p>Fundacja:2009 Bran\u017ca:Moda Przedmioty w Amazonie:\u00a030.000 Wysy\u0142ki:oko\u0142o 150.000 miesi\u0119cznie Background: Z ca\u0142ym zapasem wchodz\u0105cym i wychodz\u0105cym z ich magazyn\u00f3w, Alexander Charatzoglou by\u0142 \u015bwiadomy, \u017ce b\u0142\u0119dy musz\u0105 si\u0119 zdarza\u0107. Jak dot\u0105d, firma zajmuj\u0105ca si\u0119 sprzeda\u017c\u0105 wysy\u0142kow\u0105 nie mia\u0142a procesu, kt\u00f3ry umo\u017cliwia\u0142by identyfikacj\u0119 ka\u017cdego pojedynczego b\u0142\u0119du, a\u017c do momentu, gdy Alexander odwiedzi\u0142 warsztaty dla sprzedawc\u00f3w Amazon, kt\u00f3re dostarczy\u0142y<\/p>\n","protected":false},"author":3,"featured_media":0,"parent":106461,"menu_order":0,"comment_status":"closed","ping_status":"closed","template":"","meta":{"sidebar_recommended_resources":{"data":[]},"sidebar_header_settings":{"hide_buttons":{"register":false}},"_use_new_theme":false,"inline_featured_image":false,"footnotes":""},"class_list":["post-106428","page","type-page","status-publish","hentry"],"yoast_head":"<!-- This site is optimized with the Yoast SEO plugin v26.8 - https:\/\/yoast.com\/product\/yoast-seo-wordpress\/ -->\n<title>How to get 6-digit reimbursement from Amazon | SELLERLOGIC<\/title>\n<meta name=\"description\" content=\"SELLERLOGIC Lost &amp; Found analizuje wszystkie b\u0142\u0119dy FBA. Przeczytaj tutaj, jak meinmarkenmode.de uzyska\u0142o zwroty o warto\u015bci domu jednorodzinnego!\" \/>\n<meta name=\"robots\" content=\"index, follow, max-snippet:-1, max-image-preview:large, max-video-preview:-1\" \/>\n<link rel=\"canonical\" href=\"https:\/\/www.sellerlogic.com\/pl\/resources\/success-story-meinemarkenmode\/\" \/>\n<meta property=\"og:locale\" content=\"pl_PL\" \/>\n<meta property=\"og:type\" content=\"article\" \/>\n<meta property=\"og:title\" content=\"How to get 6-digit reimbursement from Amazon | SELLERLOGIC\" \/>\n<meta property=\"og:description\" content=\"SELLERLOGIC Lost &amp; Found analizuje wszystkie b\u0142\u0119dy FBA. Przeczytaj tutaj, jak meinmarkenmode.de uzyska\u0142o zwroty o warto\u015bci domu jednorodzinnego!\" \/>\n<meta property=\"og:url\" content=\"https:\/\/www.sellerlogic.com\/pl\/resources\/success-story-meinemarkenmode\/\" \/>\n<meta property=\"og:site_name\" content=\"SELLERLOGIC - Smarte Tools f\u00fcr Amazon-Seller\" \/>\n<meta property=\"article:publisher\" content=\"https:\/\/www.facebook.com\/SellerLogic\/\" \/>\n<meta property=\"og:image\" content=\"https:\/\/www.sellerlogic.com\/wp-content\/uploads\/2020\/12\/MMM-Logo_2-844x154.png\" \/>\n<meta name=\"twitter:card\" content=\"summary_large_image\" \/>\n<meta name=\"twitter:site\" content=\"@sellerlogic\" \/>\n<meta name=\"twitter:label1\" content=\"Est. reading time\" \/>\n\t<meta name=\"twitter:data1\" content=\"3 minutes\" \/>\n<script type=\"application\/ld+json\" class=\"yoast-schema-graph\">{\"@context\":\"https:\/\/schema.org\",\"@graph\":[{\"@type\":\"WebPage\",\"@id\":\"https:\/\/www.sellerlogic.com\/pl\/resources\/success-story-meinemarkenmode\/\",\"url\":\"https:\/\/www.sellerlogic.com\/pl\/resources\/success-story-meinemarkenmode\/\",\"name\":\"How to get 6-digit reimbursement from Amazon | SELLERLOGIC\",\"isPartOf\":{\"@id\":\"https:\/\/www.sellerlogic.com\/pl\/#website\"},\"primaryImageOfPage\":{\"@id\":\"https:\/\/www.sellerlogic.com\/pl\/resources\/success-story-meinemarkenmode\/#primaryimage\"},\"image\":{\"@id\":\"https:\/\/www.sellerlogic.com\/pl\/resources\/success-story-meinemarkenmode\/#primaryimage\"},\"thumbnailUrl\":\"https:\/\/www.sellerlogic.com\/wp-content\/uploads\/2020\/12\/MMM-Logo_2-844x154.png\",\"datePublished\":\"2020-12-18T08:11:11+00:00\",\"description\":\"SELLERLOGIC Lost & Found analizuje wszystkie b\u0142\u0119dy FBA. Przeczytaj tutaj, jak meinmarkenmode.de uzyska\u0142o zwroty o warto\u015bci domu jednorodzinnego!\",\"breadcrumb\":{\"@id\":\"https:\/\/www.sellerlogic.com\/pl\/resources\/success-story-meinemarkenmode\/#breadcrumb\"},\"inLanguage\":\"pl-PL\",\"potentialAction\":[{\"@type\":\"ReadAction\",\"target\":[\"https:\/\/www.sellerlogic.com\/pl\/resources\/success-story-meinemarkenmode\/\"]}]},{\"@type\":\"ImageObject\",\"inLanguage\":\"pl-PL\",\"@id\":\"https:\/\/www.sellerlogic.com\/pl\/resources\/success-story-meinemarkenmode\/#primaryimage\",\"url\":\"https:\/\/www.sellerlogic.com\/wp-content\/uploads\/2020\/12\/MMM-Logo_2-844x154.png\",\"contentUrl\":\"https:\/\/www.sellerlogic.com\/wp-content\/uploads\/2020\/12\/MMM-Logo_2-844x154.png\"},{\"@type\":\"BreadcrumbList\",\"@id\":\"https:\/\/www.sellerlogic.com\/pl\/resources\/success-story-meinemarkenmode\/#breadcrumb\",\"itemListElement\":[{\"@type\":\"ListItem\",\"position\":1,\"name\":\"Home\",\"item\":\"https:\/\/www.sellerlogic.com\/pl\/\"},{\"@type\":\"ListItem\",\"position\":2,\"name\":\"Ressourcen EN\",\"item\":\"https:\/\/www.sellerlogic.com\/pl\/resources\/\"},{\"@type\":\"ListItem\",\"position\":3,\"name\":\"Success Story: meinemarkenmode.de PL\"}]},{\"@type\":\"WebSite\",\"@id\":\"https:\/\/www.sellerlogic.com\/pl\/#website\",\"url\":\"https:\/\/www.sellerlogic.com\/pl\/\",\"name\":\"SELLERLOGIC - Smarte Tools f\u00fcr Amazon-Seller\",\"description\":\"Intelligente Prozessoptimierung und Gewinnmaximierung\",\"publisher\":{\"@id\":\"https:\/\/www.sellerlogic.com\/pl\/#organization\"},\"potentialAction\":[{\"@type\":\"SearchAction\",\"target\":{\"@type\":\"EntryPoint\",\"urlTemplate\":\"https:\/\/www.sellerlogic.com\/pl\/?s={search_term_string}\"},\"query-input\":{\"@type\":\"PropertyValueSpecification\",\"valueRequired\":true,\"valueName\":\"search_term_string\"}}],\"inLanguage\":\"pl-PL\"},{\"@type\":\"Organization\",\"@id\":\"https:\/\/www.sellerlogic.com\/pl\/#organization\",\"name\":\"SELLERLOGIC\",\"url\":\"https:\/\/www.sellerlogic.com\/pl\/\",\"logo\":{\"@type\":\"ImageObject\",\"inLanguage\":\"pl-PL\",\"@id\":\"https:\/\/www.sellerlogic.com\/pl\/#\/schema\/logo\/image\/\",\"url\":\"https:\/\/d2bw95mh2ee04s.cloudfront.net\/prod\/content\/wp-content\/uploads\/2025\/01\/02134814\/Property-Logo-Main.svg\",\"contentUrl\":\"https:\/\/d2bw95mh2ee04s.cloudfront.net\/prod\/content\/wp-content\/uploads\/2025\/01\/02134814\/Property-Logo-Main.svg\",\"width\":184,\"height\":40,\"caption\":\"SELLERLOGIC\"},\"image\":{\"@id\":\"https:\/\/www.sellerlogic.com\/pl\/#\/schema\/logo\/image\/\"},\"sameAs\":[\"https:\/\/www.facebook.com\/SellerLogic\/\",\"https:\/\/x.com\/sellerlogic\",\"https:\/\/www.instagram.com\/sellerlogic\/\",\"https:\/\/www.linkedin.com\/company\/18402037\/\",\"https:\/\/www.youtube.com\/channel\/UC-gULUur-fNj08sprantKsQ\"]}]}<\/script>\n<!-- \/ Yoast SEO plugin. -->","yoast_head_json":{"title":"How to get 6-digit reimbursement from Amazon | SELLERLOGIC","description":"SELLERLOGIC Lost & Found analizuje wszystkie b\u0142\u0119dy FBA. Przeczytaj tutaj, jak meinmarkenmode.de uzyska\u0142o zwroty o warto\u015bci domu jednorodzinnego!","robots":{"index":"index","follow":"follow","max-snippet":"max-snippet:-1","max-image-preview":"max-image-preview:large","max-video-preview":"max-video-preview:-1"},"canonical":"https:\/\/www.sellerlogic.com\/pl\/resources\/success-story-meinemarkenmode\/","og_locale":"pl_PL","og_type":"article","og_title":"How to get 6-digit reimbursement from Amazon | SELLERLOGIC","og_description":"SELLERLOGIC Lost & Found analizuje wszystkie b\u0142\u0119dy FBA. Przeczytaj tutaj, jak meinmarkenmode.de uzyska\u0142o zwroty o warto\u015bci domu jednorodzinnego!","og_url":"https:\/\/www.sellerlogic.com\/pl\/resources\/success-story-meinemarkenmode\/","og_site_name":"SELLERLOGIC - Smarte Tools f\u00fcr Amazon-Seller","article_publisher":"https:\/\/www.facebook.com\/SellerLogic\/","og_image":[{"url":"https:\/\/www.sellerlogic.com\/wp-content\/uploads\/2020\/12\/MMM-Logo_2-844x154.png","type":"","width":"","height":""}],"twitter_card":"summary_large_image","twitter_site":"@sellerlogic","twitter_misc":{"Est. reading time":"3 minutes"},"schema":{"@context":"https:\/\/schema.org","@graph":[{"@type":"WebPage","@id":"https:\/\/www.sellerlogic.com\/pl\/resources\/success-story-meinemarkenmode\/","url":"https:\/\/www.sellerlogic.com\/pl\/resources\/success-story-meinemarkenmode\/","name":"How to get 6-digit reimbursement from Amazon | SELLERLOGIC","isPartOf":{"@id":"https:\/\/www.sellerlogic.com\/pl\/#website"},"primaryImageOfPage":{"@id":"https:\/\/www.sellerlogic.com\/pl\/resources\/success-story-meinemarkenmode\/#primaryimage"},"image":{"@id":"https:\/\/www.sellerlogic.com\/pl\/resources\/success-story-meinemarkenmode\/#primaryimage"},"thumbnailUrl":"https:\/\/www.sellerlogic.com\/wp-content\/uploads\/2020\/12\/MMM-Logo_2-844x154.png","datePublished":"2020-12-18T08:11:11+00:00","description":"SELLERLOGIC Lost & Found analizuje wszystkie b\u0142\u0119dy FBA. Przeczytaj tutaj, jak meinmarkenmode.de uzyska\u0142o zwroty o warto\u015bci domu jednorodzinnego!","breadcrumb":{"@id":"https:\/\/www.sellerlogic.com\/pl\/resources\/success-story-meinemarkenmode\/#breadcrumb"},"inLanguage":"pl-PL","potentialAction":[{"@type":"ReadAction","target":["https:\/\/www.sellerlogic.com\/pl\/resources\/success-story-meinemarkenmode\/"]}]},{"@type":"ImageObject","inLanguage":"pl-PL","@id":"https:\/\/www.sellerlogic.com\/pl\/resources\/success-story-meinemarkenmode\/#primaryimage","url":"https:\/\/www.sellerlogic.com\/wp-content\/uploads\/2020\/12\/MMM-Logo_2-844x154.png","contentUrl":"https:\/\/www.sellerlogic.com\/wp-content\/uploads\/2020\/12\/MMM-Logo_2-844x154.png"},{"@type":"BreadcrumbList","@id":"https:\/\/www.sellerlogic.com\/pl\/resources\/success-story-meinemarkenmode\/#breadcrumb","itemListElement":[{"@type":"ListItem","position":1,"name":"Home","item":"https:\/\/www.sellerlogic.com\/pl\/"},{"@type":"ListItem","position":2,"name":"Ressourcen EN","item":"https:\/\/www.sellerlogic.com\/pl\/resources\/"},{"@type":"ListItem","position":3,"name":"Success Story: meinemarkenmode.de PL"}]},{"@type":"WebSite","@id":"https:\/\/www.sellerlogic.com\/pl\/#website","url":"https:\/\/www.sellerlogic.com\/pl\/","name":"SELLERLOGIC - Smarte Tools f\u00fcr Amazon-Seller","description":"Intelligente Prozessoptimierung und Gewinnmaximierung","publisher":{"@id":"https:\/\/www.sellerlogic.com\/pl\/#organization"},"potentialAction":[{"@type":"SearchAction","target":{"@type":"EntryPoint","urlTemplate":"https:\/\/www.sellerlogic.com\/pl\/?s={search_term_string}"},"query-input":{"@type":"PropertyValueSpecification","valueRequired":true,"valueName":"search_term_string"}}],"inLanguage":"pl-PL"},{"@type":"Organization","@id":"https:\/\/www.sellerlogic.com\/pl\/#organization","name":"SELLERLOGIC","url":"https:\/\/www.sellerlogic.com\/pl\/","logo":{"@type":"ImageObject","inLanguage":"pl-PL","@id":"https:\/\/www.sellerlogic.com\/pl\/#\/schema\/logo\/image\/","url":"https:\/\/d2bw95mh2ee04s.cloudfront.net\/prod\/content\/wp-content\/uploads\/2025\/01\/02134814\/Property-Logo-Main.svg","contentUrl":"https:\/\/d2bw95mh2ee04s.cloudfront.net\/prod\/content\/wp-content\/uploads\/2025\/01\/02134814\/Property-Logo-Main.svg","width":184,"height":40,"caption":"SELLERLOGIC"},"image":{"@id":"https:\/\/www.sellerlogic.com\/pl\/#\/schema\/logo\/image\/"},"sameAs":["https:\/\/www.facebook.com\/SellerLogic\/","https:\/\/x.com\/sellerlogic","https:\/\/www.instagram.com\/sellerlogic\/","https:\/\/www.linkedin.com\/company\/18402037\/","https:\/\/www.youtube.com\/channel\/UC-gULUur-fNj08sprantKsQ"]}]}},"_links":{"self":[{"href":"https:\/\/www.sellerlogic.com\/pl\/wp-json\/wp\/v2\/pages\/106428","targetHints":{"allow":["GET"]}}],"collection":[{"href":"https:\/\/www.sellerlogic.com\/pl\/wp-json\/wp\/v2\/pages"}],"about":[{"href":"https:\/\/www.sellerlogic.com\/pl\/wp-json\/wp\/v2\/types\/page"}],"author":[{"embeddable":true,"href":"https:\/\/www.sellerlogic.com\/pl\/wp-json\/wp\/v2\/users\/3"}],"replies":[{"embeddable":true,"href":"https:\/\/www.sellerlogic.com\/pl\/wp-json\/wp\/v2\/comments?post=106428"}],"version-history":[{"count":0,"href":"https:\/\/www.sellerlogic.com\/pl\/wp-json\/wp\/v2\/pages\/106428\/revisions"}],"up":[{"embeddable":true,"href":"https:\/\/www.sellerlogic.com\/pl\/wp-json\/wp\/v2\/pages\/106461"}],"wp:attachment":[{"href":"https:\/\/www.sellerlogic.com\/pl\/wp-json\/wp\/v2\/media?parent=106428"}],"curies":[{"name":"wp","href":"https:\/\/api.w.org\/{rel}","templated":true}]}}