
{"id":106458,"date":"2020-12-22T10:05:12","date_gmt":"2020-12-22T10:05:12","guid":{"rendered":"https:\/\/127.0.0.1\/resources\/success-story-dadaro\/"},"modified":"2020-12-22T10:05:12","modified_gmt":"2020-12-22T10:05:12","slug":"success-story-dadaro","status":"publish","type":"page","link":"https:\/\/www.sellerlogic.com\/pl\/resources\/success-story-dadaro\/","title":{"rendered":"Historia sukcesu: Dadaro EN"},"content":{"rendered":"\n\t<div  class=\"theme-wp-block theme-block-main-header is-style-full-height desktop-align-full xl-align-full lg-align-full md-align-full sm-align-full desktop-content-align-y-center desktop-content-align-x-center xl-content-align-y-center xl-content-align-x-center lg-content-align-y-center lg-content-align-x-center md-content-align-y-center md-content-align-x-center sm-content-align-y-center sm-content-align-x-center gb-responsive-439567-identifier theme-block-cover\">\n\t\t<div class=\"bg-cover theme-lazy-load-bg\"><\/div>\n\t\t<div class=\"wrap-content-main-header\">\n\t\t\t\t\t<div  class=\"theme-wp-block theme-block-text-and-text desktop-align-wide xl-align-wide lg-align-wide md-align-wide sm-align-wide gb-responsive-511761-identifier desktop-blockDirection-column xl-blockDirection-column lg-blockDirection-column md-blockDirection-column sm-blockDirection-column\">\n\t\t<div class=\"tat-column-wrap-wrapper\">\n\t\t\t<div class=\"tat-column-wrapper\">\n\t\t\t\t\t<div  class=\"theme-wp-block theme-block-text-and-text-column gb-responsive-24925-identifier desktop-horizontal-center xl-horizontal-center lg-horizontal-center md-horizontal-center sm-horizontal-center\">\n\t\t<div class=\"inner-wrap-column-content\">\n\t\t\t<div class=\"inner-column-content\">\n\t\t\t\t\t\t<h1  class=\"theme-wp-block theme-block-heading gb-responsive-62496-identifier desktop-text-center xl-text-center lg-text-center md-text-center sm-text-center desktop-gb-has-no-icon xl-gb-has-no-icon lg-gb-has-no-icon md-gb-has-no-icon sm-gb-has-no-icon\">\n\t\tDlaczego pandemia na ca\u0142ym \u015bwiecie nie wp\u0142ywa na Dadaro\t<\/h1>\n\n\t\t\t<\/div>\n\t\t<\/div>\n\t<\/div>\n\t<div  class=\"theme-wp-block theme-block-text-and-text-column gb-responsive-195365-identifier\">\n\t\t<div class=\"inner-wrap-column-content\">\n\t\t\t<div class=\"inner-column-content\">\n\t\t\t\t\t\t\t<\/div>\n\t\t<\/div>\n\t<\/div>\n\t\t\t<\/div>\n\t\t<\/div>\n\t<\/div>\n\n\t\t<\/div>\n\t<\/div>\n\n<div style=\"height:50px\" aria-hidden=\"true\" class=\"theme-wp-block wp-block-spacer\"><\/div><div class=\"theme-wp-block wp-block-columns gb-responsive-586014-identifier is-layout-flex wp-container-core-columns-is-layout-9d6595d7 wp-block-columns-is-layout-flex\"><div class=\"theme-wp-block wp-block-column gb-responsive-33587-identifier is-layout-flow wp-block-column-is-layout-flow\" style=\"flex-basis:25%\"><figure class=\"theme-wp-block wp-block-image size-large is-resized gb-responsive-62921-identifier\"><img decoding=\"async\" src=\"https:\/\/d2bw95mh2ee04s.cloudfront.net\/prod\/content\/wp-content\/uploads\/2020\/12\/23142718\/logo-monde-petit.png\" alt=\"Historia sukcesu: Dadaro EN\" class=\"wp-image-5012\" width=\"300\" height=\"264\" srcset=\"https:\/\/d2bw95mh2ee04s.cloudfront.net\/prod\/content\/wp-content\/uploads\/2020\/12\/23142718\/logo-monde-petit-407x358.png 407w, https:\/\/d2bw95mh2ee04s.cloudfront.net\/prod\/content\/wp-content\/uploads\/2020\/12\/23142718\/logo-monde-petit.png 600w\" sizes=\"(max-width: 300px) 100vw, 300px\" \/><\/figure><p class=\"theme-wp-block gb-responsive-263243-identifier\"><strong>Fundacja:<\/strong><br>2004<\/p><p class=\"theme-wp-block gb-responsive-412647-identifier\"><strong>Bran\u017ca:<\/strong><br>Bi\u017cuteria i metale szlachetne<\/p><p class=\"theme-wp-block gb-responsive-679138-identifier\"><strong>Przedmioty na Amazonie:\u00a0<\/strong><br>oko\u0142o 1.600 SKU<\/p>br>oko\u0142o 700 miesi\u0119cznie<\/p><\/div><div class=\"theme-wp-block wp-block-column gb-responsive-980941-identifier is-layout-flow wp-block-column-is-layout-flow\" style=\"flex-basis:50%\"><h3 class=\"theme-wp-block wp-block-heading gb-responsive-34353-identifier\" id=\"block-c06fce04-ef87-4ffc-a3d6-b768ba377d17\">T\u0142o:<\/h3><p class=\"theme-wp-block gb-responsive-414178-identifier desktop-gb-has-no-icon xl-gb-has-no-icon lg-gb-has-no-icon md-gb-has-no-icon sm-gb-has-no-icon\">W 2008 roku firma rodzinna \u2013 za\u0142o\u017cona w 2004 roku i specjalizuj\u0105ca si\u0119 w produkcji, zakupie i sprzeda\u017cy bi\u017cuterii \u2013 zauwa\u017cy\u0142a, \u017ce tradycyjny kana\u0142 hurtowy powoli dobiega ko\u0144ca. Z powodu kryzysu gospodarczego i wzrostu cen z\u0142ota nast\u0105pi\u0142 spadek popytu na zakup bi\u017cuterii, co negatywnie wp\u0142yn\u0119\u0142o na ich sprzeda\u017c. W tym momencie Luis G\u00f3mez, dyrektor generalny Dadaro, nie mia\u0142 w\u0105tpliwo\u015bci, \u017ce aby uratowa\u0107 firm\u0119 rodzinn\u0105, musi skoczy\u0107 w sprzeda\u017c online.<\/p><h3 class=\"theme-wp-block wp-block-heading gb-responsive-846776-identifier desktop-gb-has-no-icon xl-gb-has-no-icon lg-gb-has-no-icon md-gb-has-no-icon sm-gb-has-no-icon\">Rozpocz\u0119cie:<\/h3><p class=\"theme-wp-block gb-responsive-166194-identifier desktop-gb-has-no-icon xl-gb-has-no-icon lg-gb-has-no-icon md-gb-has-no-icon sm-gb-has-no-icon\">Po utworzeniu sklepu internetowego z bi\u017cuteri\u0105 MondePetit, Luis postanowi\u0142 zosta\u0107 sprzedawc\u0105 na Amazonie w 2015 roku. Dla Dadaro, jego aktywnego sklepu Amazon w Hiszpanii, od razu dostrzeg\u0142 mo\u017cliwo\u015bci, jakie Marketplace oferowa\u0142 mu w zakresie sprzeda\u017cy swoich produkt\u00f3w mi\u0119dzynarodowo. W 2017 roku zacz\u0105\u0142 korzysta\u0107 z us\u0142ug Amazon FBA, co pozwoli\u0142o przenie\u015b\u0107 firm\u0119 rodzinn\u0105 na mi\u0119dzynarodowy poziom, sprzedaj\u0105c na rynkach takich jak W\u0142ochy, Niemcy, Francja i Wielka Brytania.<\/p><p class=\"theme-wp-block gb-responsive-6809-identifier\">\u201eKorzystanie z us\u0142ug FBA Amazon i logistyki wielokana\u0142owej za po\u015brednictwem naszej strony internetowej mia\u0142o ogromny wp\u0142yw na nasz\u0105 dzia\u0142alno\u015b\u0107,\u201d potwierdza Luis. \u201eZ perspektywy obs\u0142ugi klienta bardzo nam to pomog\u0142o, poniewa\u017c Amazon bezpo\u015brednio zajmuje si\u0119 zapytaniami klient\u00f3w. Jednak z drugiej strony by\u0142em \u015bwiadomy, \u017ce \u2013 przy ilo\u015bci transakcji, kt\u00f3re obs\u0142ugujemy \u2013 istnia\u0142y towary, kt\u00f3re mog\u0142y gin\u0105\u0107 w ich centrach logistycznych\u201d.<\/p><h3 class=\"theme-wp-block wp-block-heading gb-responsive-826598-identifier\">Rozwi\u0105zanie:<\/h3><p class=\"theme-wp-block gb-responsive-981559-identifier desktop-gb-has-no-icon xl-gb-has-no-icon lg-gb-has-no-icon md-gb-has-no-icon sm-gb-has-no-icon\">Podczas surowych \u015brodk\u00f3w lockdownu w Hiszpanii, Luis uwa\u017cnie obserwowa\u0142 oferty, kt\u00f3re pojawia\u0142y si\u0119 w jego skrzynce odbiorczej. W ten spos\u00f3b natkn\u0105\u0142 si\u0119 na e-mail, kt\u00f3ry otrzyma\u0142 od VGAMZ, pierwszej agencji doradczej w Hiszpanii, specjalizuj\u0105cej si\u0119 w Amazonie: \u201eE-mail przyku\u0142 moj\u0105 uwag\u0119, a poniewa\u017c mia\u0142em troch\u0119 czasu, postanowi\u0142em pos\u0142ucha\u0107 podcastu VGAMZ. W ten spos\u00f3b znalaz\u0142em ich kana\u0142 na YouTube, gdzie ogl\u0105da\u0142em samouczki wideo na temat narz\u0119dzia Lost &#038; Found, i to tam odkry\u0142em SELLERLOGIC!\u201d wyja\u015bnia Luis. \u201eOd razu powiedzia\u0142em sobie, to jest dok\u0142adnie to, czego teraz potrzebuj\u0119. Zapis\u0142em to, a po kilku dniach zak\u0142ada\u0142em swoje konto w SELLERLOGIC\u201d.<\/p><div class=\"theme-block-group-wrap\"><div class=\"theme-wp-block wp-block-group gb-responsive-88118-identifier\">\t\t<div  class=\"theme-wp-block theme-block-user-card gb-responsive-799176-identifier is-style-full-width-line\">\n\t\t<div class=\"wrap-inner-content\">\n\t\t\t<div class=\"card-user-head\">\n\t\t\t\t<div class=\"card-user-avatar\">\n\t\t\t\t\t<div class=\"cover-avatar\" style=\"background-image: url(https:\/\/d2bw95mh2ee04s.cloudfront.net\/prod\/content\/wp-content\/uploads\/2020\/12\/23142718\/luis-gomez_raute.png);\"><\/div>\n\t\t\t\t<\/div>\n\t\t\t\t<div class=\"wrap-title\">\n\t\t\t\t\t<div class=\"card-user-name\">\n\t\t\t\t\t\t<div class=\"title\">\n\t\t\t\t\t\t\t<h3 class=\"heading-text\"><strong>Luis G\u00f3mez<\/strong><\/h3>\n\t\t\t\t\t\t<\/div>\n\t\t\t\t\t\t<div class=\"card-user-position\">\n\t\t\t\t\t\t\t<div class=\"card-text\"><strong>CEO w Dadaro<\/strong><\/div>\n\t\t\t\t\t\t<\/div>\n\t\t\t\t\t<\/div>\n\t\t\t\t\t<div class=\"card-user-quote-icon\">\n\t\t\t\t\t<\/div>\n\t\t\t\t<\/div>\n\t\t\t<\/div>\n\t\t\t<div class=\"card-user-text\">\n\t\t\t\t<div class=\"card-text\"><p>\u201eFirmy nie maj\u0105 nic do stracenia, korzystaj\u0105c z tego narz\u0119dzia, polecam je wszystkim rodzajom sprzedawc\u00f3w na Amazonie.\u201c<\/p><p><\/p><\/div>\n\t\t\t<\/div>\n\t\t<\/div>\n\t<\/div>\n\n<\/div><\/div><h3 class=\"theme-wp-block wp-block-heading gb-responsive-727373-identifier desktop-gb-has-no-icon xl-gb-has-no-icon lg-gb-has-no-icon md-gb-has-no-icon sm-gb-has-no-icon\">Successful Results With SELLERLOGIC:<\/h3><p class=\"theme-wp-block gb-responsive-306957-identifier\">Wszystko by\u0142o szybkie i \u0142atwe od samego pocz\u0105tku, nawet nie musz\u0105c prosi\u0107 o pomoc z zespo\u0142em obs\u0142ugi klienta SELLERLOGIC, m\u00f3wi Luis. \u201eProces rejestracji by\u0142 \u0142atwy, a wdro\u017cenie narz\u0119dzia jest bardzo proste. W bardzo kr\u00f3tkim czasie zacz\u0119\u0142y pojawia\u0107 si\u0119 pierwsze przypadki zwrot\u00f3w. Nie mog\u0142em w to uwierzy\u0107, gdy zobaczy\u0142em, \u017ce by\u0142o 117 przypadk\u00f3w.\u201d<\/p><p class=\"theme-wp-block gb-responsive-412864-identifier\">\u201eFakt, \u017ce zautomatyzowa\u0142em ca\u0142y proces \u015bledzenia i raportowania transakcji FBA, okaza\u0142 si\u0119 bardzo przydatny, szczeg\u00f3lnie w czasach, w kt\u00f3rych obecnie \u017cyjemy. Kopiowanie i wklejanie informacji, aby zg\u0142osi\u0107 moje przypadki roszcze\u0144 do Amazon, nigdy nie by\u0142o tak \u0142atwe!\u201d<\/p><p class=\"theme-wp-block gb-responsive-741970-identifier\">\u201eBez SELLERLOGIC nie by\u0142bym w stanie otrzyma\u0107 tego zwrotu w wysoko\u015bci 3886,91 \u20ac. W tej chwili, z powodu obecnej sytuacji, z obci\u0105\u017ceniem prac\u0105 i wszystkimi zmianami, kt\u00f3re nieustannie zachodz\u0105 w Amazonie, by\u0142oby dla mnie niemo\u017cliwe zaj\u0119cie si\u0119 t\u0105 spraw\u0105,\u201d wyja\u015bnia Luis. \u201eW tych czasach koronawirusa SELLERLOGIC by\u0142o prawdziwym darem, mam nadziej\u0119, \u017ce b\u0119d\u0119 m\u00f3g\u0142 z niego korzysta\u0107 przez d\u0142ugi czas.\u201d<\/p><div class=\"theme-wp-block wp-block-buttons gb-responsive-497426-identifier is-layout-flex wp-block-buttons-is-layout-flex\"><div class=\"theme-wp-block wp-block-button gb-responsive-38220-identifier is-style-theme-transparent-with-arrow\"><a class=\"wp-block-button__link wp-element-button\" href=\"https:\/\/d2bw95mh2ee04s.cloudfront.net\/prod\/content\/files\/SUCCESS-STORIES\/EN\/SELLERLOGIC_SN_Success-Story_Dadaro_EN.pdf\" target=\"_blank\" rel=\"noreferrer noopener nofollow\">Pobierz teraz!<\/a><\/div><\/div><\/div><div class=\"theme-wp-block wp-block-column gb-responsive-405774-identifier is-layout-flow wp-block-column-is-layout-flow\" style=\"flex-basis:25%\"><\/div><\/div><p class=\"theme-wp-block gb-responsive-527070-identifier\"><\/p>","protected":false},"excerpt":{"rendered":"<p>Fundacja:2004 Bran\u017ca:Bi\u017cuteria i metale szlachetne Przedmioty na Amazonie:\u00a0oko\u0142o 1.600 SKU br>oko\u0142o 700 miesi\u0119cznie T\u0142o: W 2008 roku firma rodzinna \u2013 za\u0142o\u017cona w 2004 roku i specjalizuj\u0105ca si\u0119 w produkcji, zakupie i sprzeda\u017cy bi\u017cuterii \u2013 zauwa\u017cy\u0142a, \u017ce tradycyjny kana\u0142 hurtowy powoli dobiega ko\u0144ca. Z powodu kryzysu gospodarczego i wzrostu cen z\u0142ota nast\u0105pi\u0142 spadek popytu na zakup<\/p>\n","protected":false},"author":3,"featured_media":0,"parent":106461,"menu_order":0,"comment_status":"closed","ping_status":"closed","template":"","meta":{"sidebar_recommended_resources":{"data":[]},"sidebar_header_settings":{"hide_buttons":{"register":false}},"_use_new_theme":false,"inline_featured_image":false,"footnotes":""},"class_list":["post-106458","page","type-page","status-publish","hentry"],"yoast_head":"<!-- This site is optimized with the Yoast SEO plugin v26.8 - https:\/\/yoast.com\/product\/yoast-seo-wordpress\/ -->\n<title>Jak Lost &amp; Found pom\u00f3g\u0142 Dadaro w kryzysie koronawirusa | SELLERLOGIC<\/title>\n<meta name=\"description\" content=\"Dla wielu sprzedawc\u00f3w 2020 rok by\u0142 trudnym rokiem. Dowiedz si\u0119, jak Dadaro wykorzysta\u0142o narz\u0119dzie Lost &amp; Found do zarz\u0105dzania kryzysem. Przeczytaj to teraz!\" \/>\n<meta name=\"robots\" content=\"index, follow, max-snippet:-1, max-image-preview:large, max-video-preview:-1\" \/>\n<link rel=\"canonical\" href=\"https:\/\/www.sellerlogic.com\/pl\/resources\/success-story-dadaro\/\" \/>\n<meta property=\"og:locale\" content=\"pl_PL\" \/>\n<meta property=\"og:type\" content=\"article\" \/>\n<meta property=\"og:title\" content=\"Jak Lost &amp; Found pom\u00f3g\u0142 Dadaro w kryzysie koronawirusa | SELLERLOGIC\" \/>\n<meta property=\"og:description\" content=\"Dla wielu sprzedawc\u00f3w 2020 rok by\u0142 trudnym rokiem. Dowiedz si\u0119, jak Dadaro wykorzysta\u0142o narz\u0119dzie Lost &amp; Found do zarz\u0105dzania kryzysem. Przeczytaj to teraz!\" \/>\n<meta property=\"og:url\" content=\"https:\/\/www.sellerlogic.com\/pl\/resources\/success-story-dadaro\/\" \/>\n<meta property=\"og:site_name\" content=\"SELLERLOGIC - Smarte Tools f\u00fcr Amazon-Seller\" \/>\n<meta property=\"article:publisher\" content=\"https:\/\/www.facebook.com\/SellerLogic\/\" \/>\n<meta property=\"og:image\" content=\"https:\/\/www.sellerlogic.com\/wp-content\/uploads\/2020\/12\/logo-monde-petit.png\" \/>\n<meta name=\"twitter:card\" content=\"summary_large_image\" \/>\n<meta name=\"twitter:site\" content=\"@sellerlogic\" \/>\n<meta name=\"twitter:label1\" content=\"Est. reading time\" \/>\n\t<meta name=\"twitter:data1\" content=\"3 minutes\" \/>\n<script type=\"application\/ld+json\" class=\"yoast-schema-graph\">{\"@context\":\"https:\/\/schema.org\",\"@graph\":[{\"@type\":\"WebPage\",\"@id\":\"https:\/\/www.sellerlogic.com\/pl\/resources\/success-story-dadaro\/\",\"url\":\"https:\/\/www.sellerlogic.com\/pl\/resources\/success-story-dadaro\/\",\"name\":\"Jak Lost & Found pom\u00f3g\u0142 Dadaro w kryzysie koronawirusa | SELLERLOGIC\",\"isPartOf\":{\"@id\":\"https:\/\/www.sellerlogic.com\/pl\/#website\"},\"primaryImageOfPage\":{\"@id\":\"https:\/\/www.sellerlogic.com\/pl\/resources\/success-story-dadaro\/#primaryimage\"},\"image\":{\"@id\":\"https:\/\/www.sellerlogic.com\/pl\/resources\/success-story-dadaro\/#primaryimage\"},\"thumbnailUrl\":\"https:\/\/www.sellerlogic.com\/wp-content\/uploads\/2020\/12\/logo-monde-petit.png\",\"datePublished\":\"2020-12-22T10:05:12+00:00\",\"description\":\"Dla wielu sprzedawc\u00f3w 2020 rok by\u0142 trudnym rokiem. Dowiedz si\u0119, jak Dadaro wykorzysta\u0142o narz\u0119dzie Lost & Found do zarz\u0105dzania kryzysem. Przeczytaj to teraz!\",\"breadcrumb\":{\"@id\":\"https:\/\/www.sellerlogic.com\/pl\/resources\/success-story-dadaro\/#breadcrumb\"},\"inLanguage\":\"pl-PL\",\"potentialAction\":[{\"@type\":\"ReadAction\",\"target\":[\"https:\/\/www.sellerlogic.com\/pl\/resources\/success-story-dadaro\/\"]}]},{\"@type\":\"ImageObject\",\"inLanguage\":\"pl-PL\",\"@id\":\"https:\/\/www.sellerlogic.com\/pl\/resources\/success-story-dadaro\/#primaryimage\",\"url\":\"https:\/\/www.sellerlogic.com\/wp-content\/uploads\/2020\/12\/logo-monde-petit.png\",\"contentUrl\":\"https:\/\/www.sellerlogic.com\/wp-content\/uploads\/2020\/12\/logo-monde-petit.png\"},{\"@type\":\"BreadcrumbList\",\"@id\":\"https:\/\/www.sellerlogic.com\/pl\/resources\/success-story-dadaro\/#breadcrumb\",\"itemListElement\":[{\"@type\":\"ListItem\",\"position\":1,\"name\":\"Home\",\"item\":\"https:\/\/www.sellerlogic.com\/pl\/\"},{\"@type\":\"ListItem\",\"position\":2,\"name\":\"Ressourcen EN\",\"item\":\"https:\/\/www.sellerlogic.com\/pl\/resources\/\"},{\"@type\":\"ListItem\",\"position\":3,\"name\":\"Historia sukcesu: Dadaro EN\"}]},{\"@type\":\"WebSite\",\"@id\":\"https:\/\/www.sellerlogic.com\/pl\/#website\",\"url\":\"https:\/\/www.sellerlogic.com\/pl\/\",\"name\":\"SELLERLOGIC - Smarte Tools f\u00fcr Amazon-Seller\",\"description\":\"Intelligente Prozessoptimierung und Gewinnmaximierung\",\"publisher\":{\"@id\":\"https:\/\/www.sellerlogic.com\/pl\/#organization\"},\"potentialAction\":[{\"@type\":\"SearchAction\",\"target\":{\"@type\":\"EntryPoint\",\"urlTemplate\":\"https:\/\/www.sellerlogic.com\/pl\/?s={search_term_string}\"},\"query-input\":{\"@type\":\"PropertyValueSpecification\",\"valueRequired\":true,\"valueName\":\"search_term_string\"}}],\"inLanguage\":\"pl-PL\"},{\"@type\":\"Organization\",\"@id\":\"https:\/\/www.sellerlogic.com\/pl\/#organization\",\"name\":\"SELLERLOGIC\",\"url\":\"https:\/\/www.sellerlogic.com\/pl\/\",\"logo\":{\"@type\":\"ImageObject\",\"inLanguage\":\"pl-PL\",\"@id\":\"https:\/\/www.sellerlogic.com\/pl\/#\/schema\/logo\/image\/\",\"url\":\"https:\/\/d2bw95mh2ee04s.cloudfront.net\/prod\/content\/wp-content\/uploads\/2025\/01\/02134814\/Property-Logo-Main.svg\",\"contentUrl\":\"https:\/\/d2bw95mh2ee04s.cloudfront.net\/prod\/content\/wp-content\/uploads\/2025\/01\/02134814\/Property-Logo-Main.svg\",\"width\":184,\"height\":40,\"caption\":\"SELLERLOGIC\"},\"image\":{\"@id\":\"https:\/\/www.sellerlogic.com\/pl\/#\/schema\/logo\/image\/\"},\"sameAs\":[\"https:\/\/www.facebook.com\/SellerLogic\/\",\"https:\/\/x.com\/sellerlogic\",\"https:\/\/www.instagram.com\/sellerlogic\/\",\"https:\/\/www.linkedin.com\/company\/18402037\/\",\"https:\/\/www.youtube.com\/channel\/UC-gULUur-fNj08sprantKsQ\"]}]}<\/script>\n<!-- \/ Yoast SEO plugin. -->","yoast_head_json":{"title":"Jak Lost & Found pom\u00f3g\u0142 Dadaro w kryzysie koronawirusa | SELLERLOGIC","description":"Dla wielu sprzedawc\u00f3w 2020 rok by\u0142 trudnym rokiem. Dowiedz si\u0119, jak Dadaro wykorzysta\u0142o narz\u0119dzie Lost & Found do zarz\u0105dzania kryzysem. Przeczytaj to teraz!","robots":{"index":"index","follow":"follow","max-snippet":"max-snippet:-1","max-image-preview":"max-image-preview:large","max-video-preview":"max-video-preview:-1"},"canonical":"https:\/\/www.sellerlogic.com\/pl\/resources\/success-story-dadaro\/","og_locale":"pl_PL","og_type":"article","og_title":"Jak Lost & Found pom\u00f3g\u0142 Dadaro w kryzysie koronawirusa | SELLERLOGIC","og_description":"Dla wielu sprzedawc\u00f3w 2020 rok by\u0142 trudnym rokiem. Dowiedz si\u0119, jak Dadaro wykorzysta\u0142o narz\u0119dzie Lost & Found do zarz\u0105dzania kryzysem. Przeczytaj to teraz!","og_url":"https:\/\/www.sellerlogic.com\/pl\/resources\/success-story-dadaro\/","og_site_name":"SELLERLOGIC - Smarte Tools f\u00fcr Amazon-Seller","article_publisher":"https:\/\/www.facebook.com\/SellerLogic\/","og_image":[{"url":"https:\/\/www.sellerlogic.com\/wp-content\/uploads\/2020\/12\/logo-monde-petit.png","type":"","width":"","height":""}],"twitter_card":"summary_large_image","twitter_site":"@sellerlogic","twitter_misc":{"Est. reading time":"3 minutes"},"schema":{"@context":"https:\/\/schema.org","@graph":[{"@type":"WebPage","@id":"https:\/\/www.sellerlogic.com\/pl\/resources\/success-story-dadaro\/","url":"https:\/\/www.sellerlogic.com\/pl\/resources\/success-story-dadaro\/","name":"Jak Lost & Found pom\u00f3g\u0142 Dadaro w kryzysie koronawirusa | SELLERLOGIC","isPartOf":{"@id":"https:\/\/www.sellerlogic.com\/pl\/#website"},"primaryImageOfPage":{"@id":"https:\/\/www.sellerlogic.com\/pl\/resources\/success-story-dadaro\/#primaryimage"},"image":{"@id":"https:\/\/www.sellerlogic.com\/pl\/resources\/success-story-dadaro\/#primaryimage"},"thumbnailUrl":"https:\/\/www.sellerlogic.com\/wp-content\/uploads\/2020\/12\/logo-monde-petit.png","datePublished":"2020-12-22T10:05:12+00:00","description":"Dla wielu sprzedawc\u00f3w 2020 rok by\u0142 trudnym rokiem. Dowiedz si\u0119, jak Dadaro wykorzysta\u0142o narz\u0119dzie Lost & Found do zarz\u0105dzania kryzysem. Przeczytaj to teraz!","breadcrumb":{"@id":"https:\/\/www.sellerlogic.com\/pl\/resources\/success-story-dadaro\/#breadcrumb"},"inLanguage":"pl-PL","potentialAction":[{"@type":"ReadAction","target":["https:\/\/www.sellerlogic.com\/pl\/resources\/success-story-dadaro\/"]}]},{"@type":"ImageObject","inLanguage":"pl-PL","@id":"https:\/\/www.sellerlogic.com\/pl\/resources\/success-story-dadaro\/#primaryimage","url":"https:\/\/www.sellerlogic.com\/wp-content\/uploads\/2020\/12\/logo-monde-petit.png","contentUrl":"https:\/\/www.sellerlogic.com\/wp-content\/uploads\/2020\/12\/logo-monde-petit.png"},{"@type":"BreadcrumbList","@id":"https:\/\/www.sellerlogic.com\/pl\/resources\/success-story-dadaro\/#breadcrumb","itemListElement":[{"@type":"ListItem","position":1,"name":"Home","item":"https:\/\/www.sellerlogic.com\/pl\/"},{"@type":"ListItem","position":2,"name":"Ressourcen EN","item":"https:\/\/www.sellerlogic.com\/pl\/resources\/"},{"@type":"ListItem","position":3,"name":"Historia sukcesu: Dadaro EN"}]},{"@type":"WebSite","@id":"https:\/\/www.sellerlogic.com\/pl\/#website","url":"https:\/\/www.sellerlogic.com\/pl\/","name":"SELLERLOGIC - Smarte Tools f\u00fcr Amazon-Seller","description":"Intelligente Prozessoptimierung und Gewinnmaximierung","publisher":{"@id":"https:\/\/www.sellerlogic.com\/pl\/#organization"},"potentialAction":[{"@type":"SearchAction","target":{"@type":"EntryPoint","urlTemplate":"https:\/\/www.sellerlogic.com\/pl\/?s={search_term_string}"},"query-input":{"@type":"PropertyValueSpecification","valueRequired":true,"valueName":"search_term_string"}}],"inLanguage":"pl-PL"},{"@type":"Organization","@id":"https:\/\/www.sellerlogic.com\/pl\/#organization","name":"SELLERLOGIC","url":"https:\/\/www.sellerlogic.com\/pl\/","logo":{"@type":"ImageObject","inLanguage":"pl-PL","@id":"https:\/\/www.sellerlogic.com\/pl\/#\/schema\/logo\/image\/","url":"https:\/\/d2bw95mh2ee04s.cloudfront.net\/prod\/content\/wp-content\/uploads\/2025\/01\/02134814\/Property-Logo-Main.svg","contentUrl":"https:\/\/d2bw95mh2ee04s.cloudfront.net\/prod\/content\/wp-content\/uploads\/2025\/01\/02134814\/Property-Logo-Main.svg","width":184,"height":40,"caption":"SELLERLOGIC"},"image":{"@id":"https:\/\/www.sellerlogic.com\/pl\/#\/schema\/logo\/image\/"},"sameAs":["https:\/\/www.facebook.com\/SellerLogic\/","https:\/\/x.com\/sellerlogic","https:\/\/www.instagram.com\/sellerlogic\/","https:\/\/www.linkedin.com\/company\/18402037\/","https:\/\/www.youtube.com\/channel\/UC-gULUur-fNj08sprantKsQ"]}]}},"_links":{"self":[{"href":"https:\/\/www.sellerlogic.com\/pl\/wp-json\/wp\/v2\/pages\/106458","targetHints":{"allow":["GET"]}}],"collection":[{"href":"https:\/\/www.sellerlogic.com\/pl\/wp-json\/wp\/v2\/pages"}],"about":[{"href":"https:\/\/www.sellerlogic.com\/pl\/wp-json\/wp\/v2\/types\/page"}],"author":[{"embeddable":true,"href":"https:\/\/www.sellerlogic.com\/pl\/wp-json\/wp\/v2\/users\/3"}],"replies":[{"embeddable":true,"href":"https:\/\/www.sellerlogic.com\/pl\/wp-json\/wp\/v2\/comments?post=106458"}],"version-history":[{"count":0,"href":"https:\/\/www.sellerlogic.com\/pl\/wp-json\/wp\/v2\/pages\/106458\/revisions"}],"up":[{"embeddable":true,"href":"https:\/\/www.sellerlogic.com\/pl\/wp-json\/wp\/v2\/pages\/106461"}],"wp:attachment":[{"href":"https:\/\/www.sellerlogic.com\/pl\/wp-json\/wp\/v2\/media?parent=106458"}],"curies":[{"name":"wp","href":"https:\/\/api.w.org\/{rel}","templated":true}]}}