
{"id":106464,"date":"2020-12-21T22:08:33","date_gmt":"2020-12-21T22:08:33","guid":{"rendered":"https:\/\/127.0.0.1\/resources\/success-story-fj-trading\/"},"modified":"2020-12-21T22:08:33","modified_gmt":"2020-12-21T22:08:33","slug":"success-story-fj-trading","status":"publish","type":"page","link":"https:\/\/www.sellerlogic.com\/pl\/resources\/success-story-fj-trading\/","title":{"rendered":"Success Story: FJ Trading PL"},"content":{"rendered":"\n\t<div  class=\"theme-wp-block theme-block-main-header is-style-full-height desktop-content-align-y-center desktop-content-align-x-center xl-content-align-y-center xl-content-align-x-center lg-content-align-y-center lg-content-align-x-center md-content-align-y-center md-content-align-x-center sm-content-align-y-center sm-content-align-x-center gb-responsive-853195-identifier desktop-align-full xl-align-full lg-align-full md-align-full sm-align-full theme-block-cover\">\n\t\t<div class=\"bg-cover theme-lazy-load-bg\"><\/div>\n\t\t<div class=\"wrap-content-main-header\">\n\t\t\t\t\t<div  class=\"theme-wp-block theme-block-text-and-text gb-responsive-170032-identifier desktop-vertical-center xl-vertical-center lg-vertical-center md-vertical-center sm-vertical-center md-blockDirection-column sm-blockDirection-column desktop-blockDirection-column xl-blockDirection-column lg-blockDirection-column alignfull\">\n\t\t<div class=\"tat-column-wrap-wrapper\">\n\t\t\t<div class=\"tat-column-wrapper\">\n\t\t\t\t\t<div  class=\"theme-wp-block theme-block-text-and-text-column gb-responsive-644092-identifier md-horizontal-center desktop-horizontal-right sm-horizontal-center xl-horizontal-center lg-horizontal-center\">\n\t\t<div class=\"inner-wrap-column-content\">\n\t\t\t<div class=\"inner-column-content\">\n\t\t\t\t\t\t<h1  class=\"theme-wp-block theme-block-heading gb-responsive-482560-identifier desktop-text-center xl-text-center lg-text-center md-text-center sm-text-center h1\">\n\t\tMore Buy Box, more turnover!\t<\/h1>\n\n\t\t<h2  class=\"theme-wp-block theme-block-heading gb-responsive-539815-identifier desktop-text-center xl-text-center lg-text-center md-text-center sm-text-center desktop-gb-has-no-icon xl-gb-has-no-icon lg-gb-has-no-icon md-gb-has-no-icon sm-gb-has-no-icon h1\">\n\t\tHow FJ Trading increases Buy Box percentage and turnover with SELLERLOGIC!\t<\/h2>\n\n\t\t\t<\/div>\n\t\t<\/div>\n\t<\/div>\n\t<div  class=\"theme-wp-block theme-block-text-and-text-column gb-responsive-840598-identifier desktop-horizontal-center xl-horizontal-center lg-horizontal-center md-horizontal-center sm-horizontal-center\">\n\t\t<div class=\"inner-wrap-column-content\">\n\t\t\t<div class=\"inner-column-content\">\n\t\t\t\t\t\t\t<\/div>\n\t\t<\/div>\n\t<\/div>\n\t\t\t<\/div>\n\t\t<\/div>\n\t<\/div>\n\n\t\t<\/div>\n\t<\/div>\n\n<div style=\"height:50px\" aria-hidden=\"true\" class=\"theme-wp-block wp-block-spacer\"><\/div><div class=\"theme-wp-block wp-block-columns gb-responsive-492868-identifier is-layout-flex wp-container-core-columns-is-layout-9d6595d7 wp-block-columns-is-layout-flex\"><div class=\"theme-wp-block wp-block-column gb-responsive-633979-identifier is-layout-flow wp-block-column-is-layout-flow\" style=\"flex-basis:25%\"><figure class=\"theme-wp-block wp-block-image size-large is-resized gb-responsive-62921-identifier\"><img decoding=\"async\" src=\"https:\/\/d2bw95mh2ee04s.cloudfront.net\/prod\/content\/wp-content\/uploads\/2020\/12\/23142716\/fj-trading-logo.jpg\" alt=\"Success Story: FJ Trading EN\" class=\"wp-image-5127\" width=\"300\" height=\"167\"><\/figure><p class=\"theme-wp-block gb-responsive-312552-identifier\"><strong><strong>Fundacja<\/strong>:<\/strong><br>2013<\/p><p class=\"theme-wp-block gb-responsive-353708-identifier\"><strong><strong>Bran\u017ca<\/strong>:<\/strong><br>Buty<\/p><p class=\"theme-wp-block gb-responsive-741269-identifier\"><strong><strong>Przedmioty na Amazonie:\u00a0<\/strong><\/strong><br>ok. 100.000 SKU<\/p><p class=\"theme-wp-block gb-responsive-218030-identifier\"><strong><strong>Wysy\u0142ki<\/strong>:\u00a0<\/strong><br>ok. 50.000 miesi\u0119cznie<\/p><\/div><div class=\"theme-wp-block wp-block-column gb-responsive-243785-identifier is-layout-flow wp-block-column-is-layout-flow\" style=\"flex-basis:50%\"><h3 class=\"theme-wp-block wp-block-heading gb-responsive-34353-identifier\" id=\"block-c06fce04-ef87-4ffc-a3d6-b768ba377d17\">Background:<\/h3><p class=\"theme-wp-block gb-responsive-710769-identifier desktop-gb-has-no-icon xl-gb-has-no-icon lg-gb-has-no-icon md-gb-has-no-icon sm-gb-has-no-icon\">Frank Jemetz sprzedaje aktywnie w \u015bwiecie rynk\u00f3w internetowych od 2004 roku. Na pocz\u0105tku odbywa\u0142o si\u0119 to g\u0142\u00f3wnie za po\u015brednictwem eBay, ale teraz przeszed\u0142 na Amazon. &#8220;Eksperymentowali\u015bmy z wieloma produktami,&#8221; m\u00f3wi dzisiaj dyrektor generalny. &#8220;Od \u0142odzi dmuchanych po spieniacze do mleka.&#8221; Frank postanowi\u0142 nast\u0119pnie doda\u0107 sneakersy Adidas do swojego portfolio. &#8220;I jako\u015b to naprawd\u0119 si\u0119 przyj\u0119\u0142o.&#8221; Dzi\u015b FJ Trading sprzedaje g\u0142\u00f3wnie buty za po\u015brednictwem rynk\u00f3w internetowych, a robi to z coraz wi\u0119kszym sukcesem.<\/p><h3 class=\"theme-wp-block wp-block-heading gb-responsive-182281-identifier desktop-gb-has-no-icon xl-gb-has-no-icon lg-gb-has-no-icon md-gb-has-no-icon sm-gb-has-no-icon\">Starting Out:<\/h3><p class=\"theme-wp-block gb-responsive-318425-identifier desktop-gb-has-no-icon xl-gb-has-no-icon lg-gb-has-no-icon md-gb-has-no-icon sm-gb-has-no-icon\">Wed\u0142ug Franka, FJ Trading nie istnia\u0142oby dzisiaj bez Amazon i niemo\u017cliwie du\u017cej liczby kupuj\u0105cych, kt\u00f3rzy odwiedzaj\u0105 rynek internetowy ka\u017cdego miesi\u0105ca. &#8220;Ale presja konkurencyjna w handlu detalicznym jest szczeg\u00f3lnie silna. Nie jest rzadko\u015bci\u0105, \u017ce ceny spadaj\u0105 poni\u017cej ceny zakupu.&#8221;<\/p><p class=\"theme-wp-block gb-responsive-730648-identifier desktop-gb-has-no-icon xl-gb-has-no-icon lg-gb-has-no-icon md-gb-has-no-icon sm-gb-has-no-icon\">Jednak\u017ce, zawarcie umowy, w kt\u00f3rej firma traci pieni\u0105dze, jest dla Franka wykluczone. &#8220;Jednocze\u015bnie wiedzieli\u015bmy, \u017ce musimy pozosta\u0107 na Amazonie, bior\u0105c pod uwag\u0119 fakt, \u017ce by\u0142a \u2013 i wci\u0105\u017c jest \u2013 nasz\u0105 najwa\u017cniejsz\u0105 platform\u0105 sprzeda\u017cow\u0105.&#8221; Jasne by\u0142o, \u017ce potrzebna by\u0142a inna strategia. &#8220;Nie mo\u017cna utrzyma\u0107 si\u0119 na d\u0142u\u017csz\u0105 met\u0119, je\u015bli ci\u0105gle priorytetowo traktuje si\u0119 zamkni\u0119cie transakcji kosztem uzyskania dobrej mar\u017cy.&#8221; FJ Trading potrzebowa\u0142o sposobu na dynamiczn\u0105 optymalizacj\u0119 swoich cen w bezpo\u015bredniej odpowiedzi na konkurencj\u0119. Przy oko\u0142o 100 000 SKU szybko sta\u0142o si\u0119 jasne, \u017ce r\u0119czne przetwarzanie nie jest ju\u017c opcj\u0105. W tym momencie wymagane by\u0142o zautomatyzowane narz\u0119dzie.<\/p><h3 class=\"theme-wp-block wp-block-heading gb-responsive-115756-identifier\">Solution:<\/h3><p class=\"theme-wp-block gb-responsive-49178-identifier desktop-gb-has-no-icon xl-gb-has-no-icon lg-gb-has-no-icon md-gb-has-no-icon sm-gb-has-no-icon\">&#8220;Nie mo\u017cna nic zrobi\u0107 bez narz\u0119dzia do zmiany cen,&#8221; deklaruje Frank. &#8220;Od kiedy u\u017cywamy SELLERLOGIC Repricer, udzia\u0142 Buy Box naszych produkt\u00f3w znacznie wzr\u00f3s\u0142.&#8221; Szczeg\u00f3lnie integracja strategii Buy Box by\u0142a wa\u017cnym czynnikiem w decyzji FJ Trading: &#8220;Wcze\u015bniej wsp\u00f3\u0142pracowali\u015bmy z innym dostawc\u0105, ale narz\u0119dzie nie optymalizowa\u0142o specjalnie dla Buy Box.&#8221; Nawet zaprogramowany zmiennik cen nie osi\u0105gn\u0105\u0142 po\u017c\u0105danych wynik\u00f3w, poniewa\u017c wymagany wysi\u0142ek by\u0142 zbyt du\u017cy.<\/p><div class=\"theme-block-group-wrap\"><div class=\"theme-wp-block wp-block-group gb-responsive-88118-identifier\">\t\t<div  class=\"theme-wp-block theme-block-user-card gb-responsive-799176-identifier is-style-full-width-line desktop-gb-has-no-icon xl-gb-has-no-icon lg-gb-has-no-icon md-gb-has-no-icon sm-gb-has-no-icon\">\n\t\t<div class=\"wrap-inner-content\">\n\t\t\t<div class=\"card-user-head\">\n\t\t\t\t<div class=\"card-user-avatar\">\n\t\t\t\t\t<div class=\"cover-avatar\" style=\"background-image: url(https:\/\/d2bw95mh2ee04s.cloudfront.net\/prod\/content\/wp-content\/uploads\/2020\/12\/23142717\/frank-jemetz.png);\"><\/div>\n\t\t\t\t<\/div>\n\t\t\t\t<div class=\"wrap-title\">\n\t\t\t\t\t<div class=\"card-user-name\">\n\t\t\t\t\t\t<div class=\"title\">\n\t\t\t\t\t\t\t<h3 class=\"heading-text\"><strong>Frank Jemetz<\/strong><\/h3>\n\t\t\t\t\t\t<\/div>\n\t\t\t\t\t\t<div class=\"card-user-position\">\n\t\t\t\t\t\t\t<div class=\"card-text\"><strong>CEO FJ Trading<\/strong><\/div>\n\t\t\t\t\t\t<\/div>\n\t\t\t\t\t<\/div>\n\t\t\t\t\t<div class=\"card-user-quote-icon\">\n\t\t\t\t\t<\/div>\n\t\t\t\t<\/div>\n\t\t\t<\/div>\n\t\t\t<div class=\"card-user-text\">\n\t\t\t\t<div class=\"card-text\"><p>Strategia Buy Box, kt\u00f3ra wymaga minimalnego wysi\u0142ku manualnego, niska stopa b\u0142\u0119d\u00f3w oraz fakt, \u017ce Repricer dzia\u0142a doskonale, przemawia za produktami SELLERLOGIC!<\/p><\/div>\n\t\t\t<\/div>\n\t\t<\/div>\n\t<\/div>\n\n<\/div><\/div><h3 class=\"theme-wp-block wp-block-heading gb-responsive-595368-identifier desktop-gb-has-no-icon xl-gb-has-no-icon lg-gb-has-no-icon md-gb-has-no-icon sm-gb-has-no-icon\">Successful Results with SELLERLOGIC:<\/h3><p class=\"theme-wp-block gb-responsive-439964-identifier desktop-gb-has-no-icon xl-gb-has-no-icon lg-gb-has-no-icon md-gb-has-no-icon sm-gb-has-no-icon\">SELLERLOGIC&#8217;s Repricer works differently: &#8220;Once I have defined the rules, I don\u2018t have to worry about anything afterwards.&#8221; Thanks to the automatic imports, the setup was super easy and the results of the Repricer were also convincing: &#8220;The Buy Box quota is very good. In addition, its customer service is excellent and the tool is being continuously developed.&#8221;<\/p><p class=\"theme-wp-block gb-responsive-668364-identifier\">&#8220;Also, the SELLERLOGIC Repricer has high availability. Errors are very rare and are quickly solved,&#8221; says Frank Jemetz. &#8220;It is also important that the system never falls below a set minimum price. &#8220;We don\u2018t want to fuel the price war on Amazon. With SELLERLOGIC we can rely on that!&#8221;<\/p><p class=\"theme-wp-block gb-responsive-697003-identifier desktop-gb-has-no-icon xl-gb-has-no-icon lg-gb-has-no-icon md-gb-has-no-icon sm-gb-has-no-icon\">Frank is completely satisfied with SELLERLOGIC\u2018s Repricer: &#8220;The Buy Box strategy \u2013 which requires only minimal manual effort \u2013 and the low error rate already speak for SELLERLOGIC. But most importantly: The Repricer just works like a dream!&#8221;<\/p><div class=\"theme-wp-block wp-block-buttons gb-responsive-497426-identifier is-layout-flex wp-block-buttons-is-layout-flex\"><div class=\"theme-wp-block wp-block-button gb-responsive-38220-identifier is-style-theme-transparent-with-arrow\"><a class=\"wp-block-button__link wp-element-button\" href=\"https:\/\/d2bw95mh2ee04s.cloudfront.net\/prod\/content\/files\/SUCCESS-STORIES\/EN\/SELLERLOGIC_SN_Success-Story_FJ-Trading_EN.pdf\" target=\"_blank\" rel=\"noreferrer noopener nofollow\">Download now!<\/a><\/div><\/div><\/div><div class=\"theme-wp-block wp-block-column gb-responsive-252189-identifier is-layout-flow wp-block-column-is-layout-flow\" style=\"flex-basis:25%\"><\/div><\/div><p class=\"theme-wp-block gb-responsive-527070-identifier\"><\/p>","protected":false},"excerpt":{"rendered":"<p>Fundacja:2013 Bran\u017ca:Buty Przedmioty na Amazonie:\u00a0ok. 100.000 SKU Wysy\u0142ki:\u00a0ok. 50.000 miesi\u0119cznie Background: Frank Jemetz sprzedaje aktywnie w \u015bwiecie rynk\u00f3w internetowych od 2004 roku. Na pocz\u0105tku odbywa\u0142o si\u0119 to g\u0142\u00f3wnie za po\u015brednictwem eBay, ale teraz przeszed\u0142 na Amazon. &#8220;Eksperymentowali\u015bmy z wieloma produktami,&#8221; m\u00f3wi dzisiaj dyrektor generalny. &#8220;Od \u0142odzi dmuchanych po spieniacze do mleka.&#8221; Frank postanowi\u0142 nast\u0119pnie doda\u0107<\/p>\n","protected":false},"author":8,"featured_media":5113,"parent":106461,"menu_order":0,"comment_status":"closed","ping_status":"closed","template":"","meta":{"sidebar_recommended_resources":{"data":[]},"sidebar_header_settings":{"hide_buttons":{"register":false}},"_use_new_theme":false,"inline_featured_image":false,"footnotes":""},"class_list":["post-106464","page","type-page","status-publish","has-post-thumbnail","hentry"],"yoast_head":"<!-- This site is optimized with the Yoast SEO plugin v26.8 - https:\/\/yoast.com\/product\/yoast-seo-wordpress\/ -->\n<title>More Buy Box, more Turnover \u2013 with the SELLERLOGIC Repricer<\/title>\n<meta name=\"description\" content=\"The SELLERLOGIC Repricer for Amazon wins the Buy Box and increases your sales. Our customer FJ Trading can confirm this. Learn more now!\" \/>\n<meta name=\"robots\" content=\"index, follow, max-snippet:-1, max-image-preview:large, max-video-preview:-1\" \/>\n<link rel=\"canonical\" href=\"https:\/\/www.sellerlogic.com\/pl\/resources\/success-story-fj-trading\/\" \/>\n<meta property=\"og:locale\" content=\"pl_PL\" \/>\n<meta property=\"og:type\" content=\"article\" \/>\n<meta property=\"og:title\" content=\"More Buy Box, more Turnover \u2013 with the SELLERLOGIC Repricer\" \/>\n<meta property=\"og:description\" content=\"The SELLERLOGIC Repricer for Amazon wins the Buy Box and increases your sales. Our customer FJ Trading can confirm this. Learn more now!\" \/>\n<meta property=\"og:url\" content=\"https:\/\/www.sellerlogic.com\/pl\/resources\/success-story-fj-trading\/\" \/>\n<meta property=\"og:site_name\" content=\"SELLERLOGIC - Smarte Tools f\u00fcr Amazon-Seller\" \/>\n<meta property=\"article:publisher\" content=\"https:\/\/www.facebook.com\/SellerLogic\/\" \/>\n<meta property=\"og:image\" content=\"https:\/\/d2bw95mh2ee04s.cloudfront.net\/prod\/content\/wp-content\/uploads\/2020\/12\/23142717\/header-success-story-fj-trading.jpg\" \/>\n\t<meta property=\"og:image:width\" content=\"2500\" \/>\n\t<meta property=\"og:image:height\" content=\"1667\" \/>\n\t<meta property=\"og:image:type\" content=\"image\/jpeg\" \/>\n<meta name=\"twitter:card\" content=\"summary_large_image\" \/>\n<meta name=\"twitter:site\" content=\"@sellerlogic\" \/>\n<meta name=\"twitter:label1\" content=\"Est. reading time\" \/>\n\t<meta name=\"twitter:data1\" content=\"3 minutes\" \/>\n<script type=\"application\/ld+json\" class=\"yoast-schema-graph\">{\"@context\":\"https:\/\/schema.org\",\"@graph\":[{\"@type\":\"WebPage\",\"@id\":\"https:\/\/www.sellerlogic.com\/pl\/resources\/success-story-fj-trading\/\",\"url\":\"https:\/\/www.sellerlogic.com\/pl\/resources\/success-story-fj-trading\/\",\"name\":\"More Buy Box, more Turnover \u2013 with the SELLERLOGIC Repricer\",\"isPartOf\":{\"@id\":\"https:\/\/www.sellerlogic.com\/pl\/#website\"},\"primaryImageOfPage\":{\"@id\":\"https:\/\/www.sellerlogic.com\/pl\/resources\/success-story-fj-trading\/#primaryimage\"},\"image\":{\"@id\":\"https:\/\/www.sellerlogic.com\/pl\/resources\/success-story-fj-trading\/#primaryimage\"},\"thumbnailUrl\":\"https:\/\/d2bw95mh2ee04s.cloudfront.net\/prod\/content\/wp-content\/uploads\/2020\/12\/23142717\/header-success-story-fj-trading.jpg\",\"datePublished\":\"2020-12-21T22:08:33+00:00\",\"description\":\"The SELLERLOGIC Repricer for Amazon wins the Buy Box and increases your sales. Our customer FJ Trading can confirm this. Learn more now!\",\"breadcrumb\":{\"@id\":\"https:\/\/www.sellerlogic.com\/pl\/resources\/success-story-fj-trading\/#breadcrumb\"},\"inLanguage\":\"pl-PL\",\"potentialAction\":[{\"@type\":\"ReadAction\",\"target\":[\"https:\/\/www.sellerlogic.com\/pl\/resources\/success-story-fj-trading\/\"]}]},{\"@type\":\"ImageObject\",\"inLanguage\":\"pl-PL\",\"@id\":\"https:\/\/www.sellerlogic.com\/pl\/resources\/success-story-fj-trading\/#primaryimage\",\"url\":\"https:\/\/d2bw95mh2ee04s.cloudfront.net\/prod\/content\/wp-content\/uploads\/2020\/12\/23142717\/header-success-story-fj-trading.jpg\",\"contentUrl\":\"https:\/\/d2bw95mh2ee04s.cloudfront.net\/prod\/content\/wp-content\/uploads\/2020\/12\/23142717\/header-success-story-fj-trading.jpg\",\"width\":2500,\"height\":1667},{\"@type\":\"BreadcrumbList\",\"@id\":\"https:\/\/www.sellerlogic.com\/pl\/resources\/success-story-fj-trading\/#breadcrumb\",\"itemListElement\":[{\"@type\":\"ListItem\",\"position\":1,\"name\":\"Home\",\"item\":\"https:\/\/www.sellerlogic.com\/pl\/\"},{\"@type\":\"ListItem\",\"position\":2,\"name\":\"Ressourcen EN\",\"item\":\"https:\/\/127.0.0.1\/de\/ressourcen\/\"},{\"@type\":\"ListItem\",\"position\":3,\"name\":\"Success Story: FJ Trading PL\"}]},{\"@type\":\"WebSite\",\"@id\":\"https:\/\/www.sellerlogic.com\/pl\/#website\",\"url\":\"https:\/\/www.sellerlogic.com\/pl\/\",\"name\":\"SELLERLOGIC - Smarte Tools f\u00fcr Amazon-Seller\",\"description\":\"Intelligente Prozessoptimierung und Gewinnmaximierung\",\"publisher\":{\"@id\":\"https:\/\/www.sellerlogic.com\/pl\/#organization\"},\"potentialAction\":[{\"@type\":\"SearchAction\",\"target\":{\"@type\":\"EntryPoint\",\"urlTemplate\":\"https:\/\/www.sellerlogic.com\/pl\/?s={search_term_string}\"},\"query-input\":{\"@type\":\"PropertyValueSpecification\",\"valueRequired\":true,\"valueName\":\"search_term_string\"}}],\"inLanguage\":\"pl-PL\"},{\"@type\":\"Organization\",\"@id\":\"https:\/\/www.sellerlogic.com\/pl\/#organization\",\"name\":\"SELLERLOGIC\",\"url\":\"https:\/\/www.sellerlogic.com\/pl\/\",\"logo\":{\"@type\":\"ImageObject\",\"inLanguage\":\"pl-PL\",\"@id\":\"https:\/\/www.sellerlogic.com\/pl\/#\/schema\/logo\/image\/\",\"url\":\"https:\/\/d2bw95mh2ee04s.cloudfront.net\/prod\/content\/wp-content\/uploads\/2025\/01\/02134814\/Property-Logo-Main.svg\",\"contentUrl\":\"https:\/\/d2bw95mh2ee04s.cloudfront.net\/prod\/content\/wp-content\/uploads\/2025\/01\/02134814\/Property-Logo-Main.svg\",\"width\":184,\"height\":40,\"caption\":\"SELLERLOGIC\"},\"image\":{\"@id\":\"https:\/\/www.sellerlogic.com\/pl\/#\/schema\/logo\/image\/\"},\"sameAs\":[\"https:\/\/www.facebook.com\/SellerLogic\/\",\"https:\/\/x.com\/sellerlogic\",\"https:\/\/www.instagram.com\/sellerlogic\/\",\"https:\/\/www.linkedin.com\/company\/18402037\/\",\"https:\/\/www.youtube.com\/channel\/UC-gULUur-fNj08sprantKsQ\"]}]}<\/script>\n<!-- \/ Yoast SEO plugin. -->","yoast_head_json":{"title":"More Buy Box, more Turnover \u2013 with the SELLERLOGIC Repricer","description":"The SELLERLOGIC Repricer for Amazon wins the Buy Box and increases your sales. Our customer FJ Trading can confirm this. Learn more now!","robots":{"index":"index","follow":"follow","max-snippet":"max-snippet:-1","max-image-preview":"max-image-preview:large","max-video-preview":"max-video-preview:-1"},"canonical":"https:\/\/www.sellerlogic.com\/pl\/resources\/success-story-fj-trading\/","og_locale":"pl_PL","og_type":"article","og_title":"More Buy Box, more Turnover \u2013 with the SELLERLOGIC Repricer","og_description":"The SELLERLOGIC Repricer for Amazon wins the Buy Box and increases your sales. Our customer FJ Trading can confirm this. Learn more now!","og_url":"https:\/\/www.sellerlogic.com\/pl\/resources\/success-story-fj-trading\/","og_site_name":"SELLERLOGIC - Smarte Tools f\u00fcr Amazon-Seller","article_publisher":"https:\/\/www.facebook.com\/SellerLogic\/","og_image":[{"width":2500,"height":1667,"url":"https:\/\/d2bw95mh2ee04s.cloudfront.net\/prod\/content\/wp-content\/uploads\/2020\/12\/23142717\/header-success-story-fj-trading.jpg","type":"image\/jpeg"}],"twitter_card":"summary_large_image","twitter_site":"@sellerlogic","twitter_misc":{"Est. reading time":"3 minutes"},"schema":{"@context":"https:\/\/schema.org","@graph":[{"@type":"WebPage","@id":"https:\/\/www.sellerlogic.com\/pl\/resources\/success-story-fj-trading\/","url":"https:\/\/www.sellerlogic.com\/pl\/resources\/success-story-fj-trading\/","name":"More Buy Box, more Turnover \u2013 with the SELLERLOGIC Repricer","isPartOf":{"@id":"https:\/\/www.sellerlogic.com\/pl\/#website"},"primaryImageOfPage":{"@id":"https:\/\/www.sellerlogic.com\/pl\/resources\/success-story-fj-trading\/#primaryimage"},"image":{"@id":"https:\/\/www.sellerlogic.com\/pl\/resources\/success-story-fj-trading\/#primaryimage"},"thumbnailUrl":"https:\/\/d2bw95mh2ee04s.cloudfront.net\/prod\/content\/wp-content\/uploads\/2020\/12\/23142717\/header-success-story-fj-trading.jpg","datePublished":"2020-12-21T22:08:33+00:00","description":"The SELLERLOGIC Repricer for Amazon wins the Buy Box and increases your sales. Our customer FJ Trading can confirm this. Learn more now!","breadcrumb":{"@id":"https:\/\/www.sellerlogic.com\/pl\/resources\/success-story-fj-trading\/#breadcrumb"},"inLanguage":"pl-PL","potentialAction":[{"@type":"ReadAction","target":["https:\/\/www.sellerlogic.com\/pl\/resources\/success-story-fj-trading\/"]}]},{"@type":"ImageObject","inLanguage":"pl-PL","@id":"https:\/\/www.sellerlogic.com\/pl\/resources\/success-story-fj-trading\/#primaryimage","url":"https:\/\/d2bw95mh2ee04s.cloudfront.net\/prod\/content\/wp-content\/uploads\/2020\/12\/23142717\/header-success-story-fj-trading.jpg","contentUrl":"https:\/\/d2bw95mh2ee04s.cloudfront.net\/prod\/content\/wp-content\/uploads\/2020\/12\/23142717\/header-success-story-fj-trading.jpg","width":2500,"height":1667},{"@type":"BreadcrumbList","@id":"https:\/\/www.sellerlogic.com\/pl\/resources\/success-story-fj-trading\/#breadcrumb","itemListElement":[{"@type":"ListItem","position":1,"name":"Home","item":"https:\/\/www.sellerlogic.com\/pl\/"},{"@type":"ListItem","position":2,"name":"Ressourcen EN","item":"https:\/\/127.0.0.1\/de\/ressourcen\/"},{"@type":"ListItem","position":3,"name":"Success Story: FJ Trading PL"}]},{"@type":"WebSite","@id":"https:\/\/www.sellerlogic.com\/pl\/#website","url":"https:\/\/www.sellerlogic.com\/pl\/","name":"SELLERLOGIC - Smarte Tools f\u00fcr Amazon-Seller","description":"Intelligente Prozessoptimierung und Gewinnmaximierung","publisher":{"@id":"https:\/\/www.sellerlogic.com\/pl\/#organization"},"potentialAction":[{"@type":"SearchAction","target":{"@type":"EntryPoint","urlTemplate":"https:\/\/www.sellerlogic.com\/pl\/?s={search_term_string}"},"query-input":{"@type":"PropertyValueSpecification","valueRequired":true,"valueName":"search_term_string"}}],"inLanguage":"pl-PL"},{"@type":"Organization","@id":"https:\/\/www.sellerlogic.com\/pl\/#organization","name":"SELLERLOGIC","url":"https:\/\/www.sellerlogic.com\/pl\/","logo":{"@type":"ImageObject","inLanguage":"pl-PL","@id":"https:\/\/www.sellerlogic.com\/pl\/#\/schema\/logo\/image\/","url":"https:\/\/d2bw95mh2ee04s.cloudfront.net\/prod\/content\/wp-content\/uploads\/2025\/01\/02134814\/Property-Logo-Main.svg","contentUrl":"https:\/\/d2bw95mh2ee04s.cloudfront.net\/prod\/content\/wp-content\/uploads\/2025\/01\/02134814\/Property-Logo-Main.svg","width":184,"height":40,"caption":"SELLERLOGIC"},"image":{"@id":"https:\/\/www.sellerlogic.com\/pl\/#\/schema\/logo\/image\/"},"sameAs":["https:\/\/www.facebook.com\/SellerLogic\/","https:\/\/x.com\/sellerlogic","https:\/\/www.instagram.com\/sellerlogic\/","https:\/\/www.linkedin.com\/company\/18402037\/","https:\/\/www.youtube.com\/channel\/UC-gULUur-fNj08sprantKsQ"]}]}},"_links":{"self":[{"href":"https:\/\/www.sellerlogic.com\/pl\/wp-json\/wp\/v2\/pages\/106464","targetHints":{"allow":["GET"]}}],"collection":[{"href":"https:\/\/www.sellerlogic.com\/pl\/wp-json\/wp\/v2\/pages"}],"about":[{"href":"https:\/\/www.sellerlogic.com\/pl\/wp-json\/wp\/v2\/types\/page"}],"author":[{"embeddable":true,"href":"https:\/\/www.sellerlogic.com\/pl\/wp-json\/wp\/v2\/users\/8"}],"replies":[{"embeddable":true,"href":"https:\/\/www.sellerlogic.com\/pl\/wp-json\/wp\/v2\/comments?post=106464"}],"version-history":[{"count":0,"href":"https:\/\/www.sellerlogic.com\/pl\/wp-json\/wp\/v2\/pages\/106464\/revisions"}],"up":[{"embeddable":true,"href":"https:\/\/www.sellerlogic.com\/pl\/wp-json\/wp\/v2\/pages\/106461"}],"wp:featuredmedia":[{"embeddable":true,"href":"https:\/\/www.sellerlogic.com\/pl\/wp-json\/wp\/v2\/media\/5113"}],"wp:attachment":[{"href":"https:\/\/www.sellerlogic.com\/pl\/wp-json\/wp\/v2\/media?parent=106464"}],"curies":[{"name":"wp","href":"https:\/\/api.w.org\/{rel}","templated":true}]}}