
{"id":106482,"date":"2020-12-18T10:57:32","date_gmt":"2020-12-18T10:57:32","guid":{"rendered":"https:\/\/127.0.0.1\/resources\/success-story-sport-hesse\/"},"modified":"2020-12-18T10:57:32","modified_gmt":"2020-12-18T10:57:32","slug":"success-story-sport-hesse","status":"publish","type":"page","link":"https:\/\/www.sellerlogic.com\/pl\/resources\/success-story-sport-hesse\/","title":{"rendered":"Success Story: Sport Hesse EN"},"content":{"rendered":"\n\t<div  class=\"theme-wp-block theme-block-main-header is-style-full-height desktop-align-full xl-align-full lg-align-full md-align-full sm-align-full desktop-content-align-y-center desktop-content-align-x-center xl-content-align-y-center xl-content-align-x-center lg-content-align-y-center lg-content-align-x-center md-content-align-y-center md-content-align-x-center sm-content-align-y-center sm-content-align-x-center gb-responsive-131969-identifier theme-block-cover\">\n\t\t<div class=\"bg-cover theme-lazy-load-bg\"><\/div>\n\t\t<div class=\"wrap-content-main-header\">\n\t\t\t\t\t<div  class=\"theme-wp-block theme-block-text-and-text desktop-blockDirection-row xl-blockDirection-row lg-blockDirection-row md-blockDirection-row sm-blockDirection-row gb-responsive-2306-identifier desktop-align-full xl-align-full lg-align-full md-align-full sm-align-full desktop-vertical-top xl-vertical-top lg-vertical-top md-vertical-top sm-vertical-top alignfull\">\n\t\t<div class=\"tat-column-wrap-wrapper\">\n\t\t\t<div class=\"tat-column-wrapper\">\n\t\t\t\t\t<div  class=\"theme-wp-block theme-block-text-and-text-column gb-responsive-708373-identifier\">\n\t\t<div class=\"inner-wrap-column-content\">\n\t\t\t<div class=\"inner-column-content\">\n\t\t\t\t\t\t<h1  class=\"theme-wp-block theme-block-heading is-style-default desktop-text-center xl-text-center lg-text-center md-text-center sm-text-center desktop-align-wide xl-align-wide lg-align-wide md-align-wide sm-align-wide gb-responsive-599464-identifier alignwide h1 has-text-align\">\n\t\tWinning Through Personalized Expertise\t<\/h1>\n\n\t\t<h2  class=\"theme-wp-block theme-block-heading is-style-default desktop-text-center xl-text-center lg-text-center md-text-center sm-text-center desktop-align-wide xl-align-wide lg-align-wide md-align-wide sm-align-wide gb-responsive-17576-identifier alignwide h2 has-text-align\">\n\t\tSport-Hesse &amp; SELLERLOGIC\t<\/h2>\n\n\t\t\t<\/div>\n\t\t<\/div>\n\t<\/div>\n\t<div  class=\"theme-wp-block theme-block-text-and-text-column gb-responsive-976923-identifier\">\n\t\t<div class=\"inner-wrap-column-content\">\n\t\t\t<div class=\"inner-column-content\">\n\t\t\t\t\t\t\t<\/div>\n\t\t<\/div>\n\t<\/div>\n\t\t\t<\/div>\n\t\t<\/div>\n\t<\/div>\n\n\t\t<\/div>\n\t<\/div>\n\n<div style=\"height:50px\" aria-hidden=\"true\" class=\"theme-wp-block wp-block-spacer\"><\/div><div class=\"theme-wp-block wp-block-columns gb-responsive-759712-identifier is-layout-flex wp-container-core-columns-is-layout-9d6595d7 wp-block-columns-is-layout-flex\"><div class=\"theme-wp-block wp-block-column gb-responsive-24590-identifier is-layout-flow wp-block-column-is-layout-flow\" style=\"flex-basis:25%\"><figure class=\"theme-wp-block wp-block-image size-large is-resized gb-responsive-62921-identifier\"><img decoding=\"async\" width=\"500\" height=\"357\" src=\"https:\/\/d2bw95mh2ee04s.cloudfront.net\/prod\/content\/wp-content\/uploads\/2020\/12\/23142723\/logo-sport-hesse.png\" alt=\"Success Story: Sport Hesse EN\" class=\"wp-image-4836\" style=\"width:176px;height:125px\" srcset=\"https:\/\/d2bw95mh2ee04s.cloudfront.net\/prod\/content\/wp-content\/uploads\/2020\/12\/23142723\/logo-sport-hesse-407x291.png 407w, https:\/\/d2bw95mh2ee04s.cloudfront.net\/prod\/content\/wp-content\/uploads\/2020\/12\/23142723\/logo-sport-hesse.png 500w\" sizes=\"(max-width: 500px) 100vw, 500px\" \/><\/figure><p class=\"theme-wp-block gb-responsive-160011-identifier\"><strong>Fundacja:<\/strong><br>1984<\/p><p class=\"theme-wp-block gb-responsive-297884-identifier\"><strong>Bran\u017ca:<\/strong><br>Sprz\u0119t sportowy, Sporty dru\u017cynowe, Marki sportowe<\/p><p class=\"theme-wp-block gb-responsive-938889-identifier\"><strong>Przedmioty na Amazonie:\u00a0<\/strong><br>oko\u0142o 6.000 SKU<\/p><p class=\"theme-wp-block gb-responsive-337749-identifier\"><strong>Wysy\u0142ki:<\/strong><br>oko\u0142o 30.000 miesi\u0119cznie<\/p><\/div><div class=\"theme-wp-block wp-block-column gb-responsive-542944-identifier is-layout-flow wp-block-column-is-layout-flow\" style=\"flex-basis:50%\"><h3 class=\"theme-wp-block wp-block-heading gb-responsive-34353-identifier\" id=\"block-c06fce04-ef87-4ffc-a3d6-b768ba377d17\">Background:<\/h3><p class=\"theme-wp-block gb-responsive-772271-identifier desktop-gb-has-no-icon xl-gb-has-no-icon lg-gb-has-no-icon md-gb-has-no-icon sm-gb-has-no-icon\">Christoph J. Hesse zacz\u0105\u0142 sprzedawa\u0107 sw\u00f3j sprz\u0119t sportowy bezpo\u015brednio na boisku po meczach, gdy jeszcze studiowa\u0142 ekonomi\u0119 biznesu. W ten spos\u00f3b narodzi\u0142 si\u0119 pomys\u0142 stworzenia jego firmy. W 1984 roku Christoph otworzy\u0142 sw\u00f3j pierwszy sklep z artyku\u0142ami sportowymi o powierzchni handlowej 45 m\u00b2. Tylko kilka lat p\u00f3\u017aniej musieli najpierw powi\u0119kszy\u0107 do 100 m\u00b2, a nast\u0119pnie do 500 m\u00b2. Dzi\u015b Sport-Hesse sprzedaje na powierzchni oko\u0142o 1000 m\u00b2 i jest bardzo udanym dostawc\u0105 sprz\u0119tu do sport\u00f3w dru\u017cynowych, u\u017cywanego przez klient\u00f3w na ca\u0142ym \u015bwiecie.<\/p><h3 class=\"theme-wp-block wp-block-heading gb-responsive-530046-identifier desktop-gb-has-no-icon xl-gb-has-no-icon lg-gb-has-no-icon md-gb-has-no-icon sm-gb-has-no-icon\">Starting Out:<\/h3><p class=\"theme-wp-block gb-responsive-657993-identifier\">Od 2014 roku firma sprzedaje r\u00f3wnie\u017c swoje produkty na Amazonie. To, co zacz\u0119\u0142o si\u0119 od wysy\u0142ki kilku pi\u0142ek no\u017cnych, ostatecznie przekszta\u0142ci\u0142o si\u0119 w sprzeda\u017c PAN EU w ca\u0142ej Europie. Z oko\u0142o 6.000 przedmiotami, Christoph Hesse zdawa\u0142 sobie spraw\u0119, \u017ce b\u0142\u0119dy musz\u0105 wyst\u0105pi\u0107 w magazynach Amazona.<\/p><p class=\"theme-wp-block gb-responsive-780031-identifier\">\u201eMamy szeroki asortyment produkt\u00f3w na Amazonie, a por\u00f3wnywanie tak wielu mi\u0119dzynarodowych rynk\u00f3w jest skomplikowane i czasoch\u0142onne,\u201c wyja\u015bnia Christoph. \u201eR\u0119cznie analizowali\u015bmy raporty dostaw, poniewa\u017c byli\u015bmy \u015bwiadomi podstawowego problemu, ale z powodu du\u017cej ilo\u015bci czasu, jak\u0105 to wymaga, mogli\u015bmy prowadzi\u0107 monitoring tylko w ma\u0142ym zakresie\u201c.<\/p><h3 class=\"theme-wp-block wp-block-heading gb-responsive-749842-identifier\">Solution:<\/h3><p class=\"theme-wp-block gb-responsive-642257-identifier desktop-gb-has-no-icon xl-gb-has-no-icon lg-gb-has-no-icon md-gb-has-no-icon sm-gb-has-no-icon\">Nast\u0119pnie Christoph wzi\u0105\u0142 udzia\u0142 w konferencji dla sprzedawc\u00f3w Amazon. Poniewa\u017c ju\u017c otrzyma\u0142 zaproszenie od SELLERLOGIC dotycz\u0105ce rozwi\u0105zania Lost &#038; Found, skontaktowa\u0142 si\u0119 z nami i wys\u0142ucha\u0142 jednej z naszych prezentacji na konferencji. \u201eWarsztat ju\u017c przekona\u0142 mnie do Lost &#038; Found. Ale konstruktywna dyskusja z prelegentem p\u00f3\u017aniej by\u0142a wisienk\u0105 na torcie i ca\u0142kowicie potwierdzi\u0142a moje pierwsze wra\u017cenie\u201c, wspomina Christoph. \u201eGdy tylko wr\u00f3ci\u0142em do domu, zarejestrowa\u0142em si\u0119 od razu\u201c.<\/p><div class=\"theme-block-group-wrap\"><div class=\"theme-wp-block wp-block-group gb-responsive-88118-identifier\">\t\t<div  class=\"theme-wp-block theme-block-user-card gb-responsive-799176-identifier is-style-full-width-line\">\n\t\t<div class=\"wrap-inner-content\">\n\t\t\t<div class=\"card-user-head\">\n\t\t\t\t<div class=\"card-user-avatar\">\n\t\t\t\t\t<div class=\"cover-avatar\" style=\"background-image: url(https:\/\/d2bw95mh2ee04s.cloudfront.net\/prod\/content\/wp-content\/uploads\/2020\/12\/23142724\/sport-hesse-raute.png);\"><\/div>\n\t\t\t\t<\/div>\n\t\t\t\t<div class=\"wrap-title\">\n\t\t\t\t\t<div class=\"card-user-name\">\n\t\t\t\t\t\t<div class=\"title\">\n\t\t\t\t\t\t\t<h3 class=\"heading-text\"><strong>Christoph Hesse<\/strong><\/h3>\n\t\t\t\t\t\t<\/div>\n\t\t\t\t\t\t<div class=\"card-user-position\">\n\t\t\t\t\t\t\t<div class=\"card-text\"><strong>CEO w Sport-Hesse<\/strong><\/div>\n\t\t\t\t\t\t<\/div>\n\t\t\t\t\t<\/div>\n\t\t\t\t\t<div class=\"card-user-quote-icon\">\n\t\t\t\t\t<\/div>\n\t\t\t\t<\/div>\n\t\t\t<\/div>\n\t\t\t<div class=\"card-user-text\">\n\t\t\t\t<div class=\"card-text\"><p>&#8220;SELLERLOGIC Lost &amp; Found to po prostu \u015bwietne narz\u0119dzie, wszystko pasuje idealnie, operacja, zwroty, wdro\u017cenie i serwis! Zdecydowanie nie chcemy wraca\u0107 do r\u0119cznego opracowywania mo\u017cliwych roszcze\u0144 zwrotnych.&#8221;<\/p><\/div>\n\t\t\t<\/div>\n\t\t<\/div>\n\t<\/div>\n\n<\/div><\/div><h3 class=\"theme-wp-block wp-block-heading gb-responsive-260858-identifier\">Successful Results with SELLERLOGIC:<\/h3><p class=\"theme-wp-block gb-responsive-536715-identifier desktop-gb-has-no-icon xl-gb-has-no-icon lg-gb-has-no-icon md-gb-has-no-icon sm-gb-has-no-icon\">Even the implementation of the solution exceeded his expectations. Although Christoph&#8217;s personal experience with SELLERLOGIC&#8217;s CSO during the conference was already all he needed to make the decision, \u201cthe initial reimbursement surprised me anyway: Sport-Hesse got 15,000 Euros back from Amazon!\u201c<\/p><p class=\"theme-wp-block gb-responsive-557617-identifier desktop-gb-has-no-icon xl-gb-has-no-icon lg-gb-has-no-icon md-gb-has-no-icon sm-gb-has-no-icon\">SELLERLOGIC&#8217;s promise of saving time and easy handling also rang true. \u201cThey also offer an impeccable service &#8211; even on Saturday I received a response from the customer support team!\u201c Christoph explains. \u201cIn general, dealing with the customer support team has been very pleasant. They always have the right answer to my problems\u201c<\/p><p class=\"theme-wp-block gb-responsive-570460-identifier desktop-gb-has-no-icon xl-gb-has-no-icon lg-gb-has-no-icon md-gb-has-no-icon sm-gb-has-no-icon\">\u201cThe tool itself works very well, since the operational component is clear and it can be easily integrated into your own daily routine. In addition, there is a knowledge database \u2013 which beside the customer support team \u2013 has also helped us a lot when we had doubts or questions.\u201c<\/p><p class=\"theme-wp-block gb-responsive-270774-identifier desktop-gb-has-no-icon xl-gb-has-no-icon lg-gb-has-no-icon md-gb-has-no-icon sm-gb-has-no-icon\">\u201cThe performance of the tool is simply convincing and totally justifies the price!\u201c Christoph states. \u201cIn any case, manual checking is no longer an issue at Sport-Hesse\u201c<\/p><div class=\"theme-wp-block wp-block-buttons gb-responsive-497426-identifier is-layout-flex wp-block-buttons-is-layout-flex\"><div class=\"theme-wp-block wp-block-button gb-responsive-38220-identifier is-style-theme-transparent-with-arrow\"><a class=\"wp-block-button__link wp-element-button\" href=\"https:\/\/d2bw95mh2ee04s.cloudfront.net\/prod\/content\/files\/SUCCESS-STORIES\/EN\/SELLERLOGIC_SN_Success-Story_Sport-Hesse_EN.pdf\" target=\"_blank\" rel=\"noreferrer noopener nofollow\">Download now!<\/a><\/div><\/div><\/div><div class=\"theme-wp-block wp-block-column gb-responsive-271329-identifier is-layout-flow wp-block-column-is-layout-flow\" style=\"flex-basis:25%\"><\/div><\/div>","protected":false},"excerpt":{"rendered":"<p>Fundacja:1984 Bran\u017ca:Sprz\u0119t sportowy, Sporty dru\u017cynowe, Marki sportowe Przedmioty na Amazonie:\u00a0oko\u0142o 6.000 SKU Wysy\u0142ki:oko\u0142o 30.000 miesi\u0119cznie Background: Christoph J. Hesse zacz\u0105\u0142 sprzedawa\u0107 sw\u00f3j sprz\u0119t sportowy bezpo\u015brednio na boisku po meczach, gdy jeszcze studiowa\u0142 ekonomi\u0119 biznesu. W ten spos\u00f3b narodzi\u0142 si\u0119 pomys\u0142 stworzenia jego firmy. W 1984 roku Christoph otworzy\u0142 sw\u00f3j pierwszy sklep z artyku\u0142ami sportowymi o<\/p>\n","protected":false},"author":3,"featured_media":4855,"parent":106461,"menu_order":0,"comment_status":"closed","ping_status":"closed","template":"","meta":{"sidebar_recommended_resources":{"data":[]},"sidebar_header_settings":{"hide_buttons":{"register":false}},"_use_new_theme":false,"inline_featured_image":false,"footnotes":""},"class_list":["post-106482","page","type-page","status-publish","has-post-thumbnail","hentry"],"yoast_head":"<!-- This site is optimized with the Yoast SEO plugin v26.8 - https:\/\/yoast.com\/product\/yoast-seo-wordpress\/ -->\n<title>Why Lost &amp; Found convinced Sport-Hesse | SELLERLOGIC<\/title>\n<meta name=\"description\" content=\"&quot;They always have the right answer to my problems\u201c - How Sport-Hesse got a 5-digit reembursment by Amazon thanks to Lost &amp; Found.\" \/>\n<meta name=\"robots\" content=\"index, follow, max-snippet:-1, max-image-preview:large, max-video-preview:-1\" \/>\n<link rel=\"canonical\" href=\"https:\/\/www.sellerlogic.com\/pl\/resources\/success-story-sport-hesse\/\" \/>\n<meta property=\"og:locale\" content=\"pl_PL\" \/>\n<meta property=\"og:type\" content=\"article\" \/>\n<meta property=\"og:title\" content=\"Why Lost &amp; Found convinced Sport-Hesse | SELLERLOGIC\" \/>\n<meta property=\"og:description\" content=\"&quot;They always have the right answer to my problems\u201c - How Sport-Hesse got a 5-digit reembursment by Amazon thanks to Lost &amp; Found.\" \/>\n<meta property=\"og:url\" content=\"https:\/\/www.sellerlogic.com\/pl\/resources\/success-story-sport-hesse\/\" \/>\n<meta property=\"og:site_name\" content=\"SELLERLOGIC - Smarte Tools f\u00fcr Amazon-Seller\" \/>\n<meta property=\"article:publisher\" content=\"https:\/\/www.facebook.com\/SellerLogic\/\" \/>\n<meta property=\"og:image\" content=\"https:\/\/d2bw95mh2ee04s.cloudfront.net\/prod\/content\/wp-content\/uploads\/2020\/12\/23142722\/sport-hesse-header-neu.jpeg\" \/>\n\t<meta property=\"og:image:width\" content=\"2500\" \/>\n\t<meta property=\"og:image:height\" content=\"1667\" \/>\n\t<meta property=\"og:image:type\" content=\"image\/jpeg\" \/>\n<meta name=\"twitter:card\" content=\"summary_large_image\" \/>\n<meta name=\"twitter:site\" content=\"@sellerlogic\" \/>\n<meta name=\"twitter:label1\" content=\"Est. reading time\" \/>\n\t<meta name=\"twitter:data1\" content=\"3 minutes\" \/>\n<script type=\"application\/ld+json\" class=\"yoast-schema-graph\">{\"@context\":\"https:\/\/schema.org\",\"@graph\":[{\"@type\":\"WebPage\",\"@id\":\"https:\/\/www.sellerlogic.com\/pl\/resources\/success-story-sport-hesse\/\",\"url\":\"https:\/\/www.sellerlogic.com\/pl\/resources\/success-story-sport-hesse\/\",\"name\":\"Why Lost & Found convinced Sport-Hesse | SELLERLOGIC\",\"isPartOf\":{\"@id\":\"https:\/\/www.sellerlogic.com\/pl\/#website\"},\"primaryImageOfPage\":{\"@id\":\"https:\/\/www.sellerlogic.com\/pl\/resources\/success-story-sport-hesse\/#primaryimage\"},\"image\":{\"@id\":\"https:\/\/www.sellerlogic.com\/pl\/resources\/success-story-sport-hesse\/#primaryimage\"},\"thumbnailUrl\":\"https:\/\/d2bw95mh2ee04s.cloudfront.net\/prod\/content\/wp-content\/uploads\/2020\/12\/23142722\/sport-hesse-header-neu.jpeg\",\"datePublished\":\"2020-12-18T10:57:32+00:00\",\"description\":\"\\\"They always have the right answer to my problems\u201c - How Sport-Hesse got a 5-digit reembursment by Amazon thanks to Lost & Found.\",\"breadcrumb\":{\"@id\":\"https:\/\/www.sellerlogic.com\/pl\/resources\/success-story-sport-hesse\/#breadcrumb\"},\"inLanguage\":\"pl-PL\",\"potentialAction\":[{\"@type\":\"ReadAction\",\"target\":[\"https:\/\/www.sellerlogic.com\/pl\/resources\/success-story-sport-hesse\/\"]}]},{\"@type\":\"ImageObject\",\"inLanguage\":\"pl-PL\",\"@id\":\"https:\/\/www.sellerlogic.com\/pl\/resources\/success-story-sport-hesse\/#primaryimage\",\"url\":\"https:\/\/d2bw95mh2ee04s.cloudfront.net\/prod\/content\/wp-content\/uploads\/2020\/12\/23142722\/sport-hesse-header-neu.jpeg\",\"contentUrl\":\"https:\/\/d2bw95mh2ee04s.cloudfront.net\/prod\/content\/wp-content\/uploads\/2020\/12\/23142722\/sport-hesse-header-neu.jpeg\",\"width\":2500,\"height\":1667,\"caption\":\"Sport-Hesse: Header\"},{\"@type\":\"BreadcrumbList\",\"@id\":\"https:\/\/www.sellerlogic.com\/pl\/resources\/success-story-sport-hesse\/#breadcrumb\",\"itemListElement\":[{\"@type\":\"ListItem\",\"position\":1,\"name\":\"Home\",\"item\":\"https:\/\/www.sellerlogic.com\/pl\/\"},{\"@type\":\"ListItem\",\"position\":2,\"name\":\"Ressourcen EN\",\"item\":\"https:\/\/www.sellerlogic.com\/pl\/resources\/\"},{\"@type\":\"ListItem\",\"position\":3,\"name\":\"Success Story: Sport Hesse EN\"}]},{\"@type\":\"WebSite\",\"@id\":\"https:\/\/www.sellerlogic.com\/pl\/#website\",\"url\":\"https:\/\/www.sellerlogic.com\/pl\/\",\"name\":\"SELLERLOGIC - Smarte Tools f\u00fcr Amazon-Seller\",\"description\":\"Intelligente Prozessoptimierung und Gewinnmaximierung\",\"publisher\":{\"@id\":\"https:\/\/www.sellerlogic.com\/pl\/#organization\"},\"potentialAction\":[{\"@type\":\"SearchAction\",\"target\":{\"@type\":\"EntryPoint\",\"urlTemplate\":\"https:\/\/www.sellerlogic.com\/pl\/?s={search_term_string}\"},\"query-input\":{\"@type\":\"PropertyValueSpecification\",\"valueRequired\":true,\"valueName\":\"search_term_string\"}}],\"inLanguage\":\"pl-PL\"},{\"@type\":\"Organization\",\"@id\":\"https:\/\/www.sellerlogic.com\/pl\/#organization\",\"name\":\"SELLERLOGIC\",\"url\":\"https:\/\/www.sellerlogic.com\/pl\/\",\"logo\":{\"@type\":\"ImageObject\",\"inLanguage\":\"pl-PL\",\"@id\":\"https:\/\/www.sellerlogic.com\/pl\/#\/schema\/logo\/image\/\",\"url\":\"https:\/\/d2bw95mh2ee04s.cloudfront.net\/prod\/content\/wp-content\/uploads\/2025\/01\/02134814\/Property-Logo-Main.svg\",\"contentUrl\":\"https:\/\/d2bw95mh2ee04s.cloudfront.net\/prod\/content\/wp-content\/uploads\/2025\/01\/02134814\/Property-Logo-Main.svg\",\"width\":184,\"height\":40,\"caption\":\"SELLERLOGIC\"},\"image\":{\"@id\":\"https:\/\/www.sellerlogic.com\/pl\/#\/schema\/logo\/image\/\"},\"sameAs\":[\"https:\/\/www.facebook.com\/SellerLogic\/\",\"https:\/\/x.com\/sellerlogic\",\"https:\/\/www.instagram.com\/sellerlogic\/\",\"https:\/\/www.linkedin.com\/company\/18402037\/\",\"https:\/\/www.youtube.com\/channel\/UC-gULUur-fNj08sprantKsQ\"]}]}<\/script>\n<!-- \/ Yoast SEO plugin. -->","yoast_head_json":{"title":"Why Lost & Found convinced Sport-Hesse | SELLERLOGIC","description":"\"They always have the right answer to my problems\u201c - How Sport-Hesse got a 5-digit reembursment by Amazon thanks to Lost & Found.","robots":{"index":"index","follow":"follow","max-snippet":"max-snippet:-1","max-image-preview":"max-image-preview:large","max-video-preview":"max-video-preview:-1"},"canonical":"https:\/\/www.sellerlogic.com\/pl\/resources\/success-story-sport-hesse\/","og_locale":"pl_PL","og_type":"article","og_title":"Why Lost & Found convinced Sport-Hesse | SELLERLOGIC","og_description":"\"They always have the right answer to my problems\u201c - How Sport-Hesse got a 5-digit reembursment by Amazon thanks to Lost & Found.","og_url":"https:\/\/www.sellerlogic.com\/pl\/resources\/success-story-sport-hesse\/","og_site_name":"SELLERLOGIC - Smarte Tools f\u00fcr Amazon-Seller","article_publisher":"https:\/\/www.facebook.com\/SellerLogic\/","og_image":[{"width":2500,"height":1667,"url":"https:\/\/d2bw95mh2ee04s.cloudfront.net\/prod\/content\/wp-content\/uploads\/2020\/12\/23142722\/sport-hesse-header-neu.jpeg","type":"image\/jpeg"}],"twitter_card":"summary_large_image","twitter_site":"@sellerlogic","twitter_misc":{"Est. reading time":"3 minutes"},"schema":{"@context":"https:\/\/schema.org","@graph":[{"@type":"WebPage","@id":"https:\/\/www.sellerlogic.com\/pl\/resources\/success-story-sport-hesse\/","url":"https:\/\/www.sellerlogic.com\/pl\/resources\/success-story-sport-hesse\/","name":"Why Lost & Found convinced Sport-Hesse | SELLERLOGIC","isPartOf":{"@id":"https:\/\/www.sellerlogic.com\/pl\/#website"},"primaryImageOfPage":{"@id":"https:\/\/www.sellerlogic.com\/pl\/resources\/success-story-sport-hesse\/#primaryimage"},"image":{"@id":"https:\/\/www.sellerlogic.com\/pl\/resources\/success-story-sport-hesse\/#primaryimage"},"thumbnailUrl":"https:\/\/d2bw95mh2ee04s.cloudfront.net\/prod\/content\/wp-content\/uploads\/2020\/12\/23142722\/sport-hesse-header-neu.jpeg","datePublished":"2020-12-18T10:57:32+00:00","description":"\"They always have the right answer to my problems\u201c - How Sport-Hesse got a 5-digit reembursment by Amazon thanks to Lost & Found.","breadcrumb":{"@id":"https:\/\/www.sellerlogic.com\/pl\/resources\/success-story-sport-hesse\/#breadcrumb"},"inLanguage":"pl-PL","potentialAction":[{"@type":"ReadAction","target":["https:\/\/www.sellerlogic.com\/pl\/resources\/success-story-sport-hesse\/"]}]},{"@type":"ImageObject","inLanguage":"pl-PL","@id":"https:\/\/www.sellerlogic.com\/pl\/resources\/success-story-sport-hesse\/#primaryimage","url":"https:\/\/d2bw95mh2ee04s.cloudfront.net\/prod\/content\/wp-content\/uploads\/2020\/12\/23142722\/sport-hesse-header-neu.jpeg","contentUrl":"https:\/\/d2bw95mh2ee04s.cloudfront.net\/prod\/content\/wp-content\/uploads\/2020\/12\/23142722\/sport-hesse-header-neu.jpeg","width":2500,"height":1667,"caption":"Sport-Hesse: Header"},{"@type":"BreadcrumbList","@id":"https:\/\/www.sellerlogic.com\/pl\/resources\/success-story-sport-hesse\/#breadcrumb","itemListElement":[{"@type":"ListItem","position":1,"name":"Home","item":"https:\/\/www.sellerlogic.com\/pl\/"},{"@type":"ListItem","position":2,"name":"Ressourcen EN","item":"https:\/\/www.sellerlogic.com\/pl\/resources\/"},{"@type":"ListItem","position":3,"name":"Success Story: Sport Hesse EN"}]},{"@type":"WebSite","@id":"https:\/\/www.sellerlogic.com\/pl\/#website","url":"https:\/\/www.sellerlogic.com\/pl\/","name":"SELLERLOGIC - Smarte Tools f\u00fcr Amazon-Seller","description":"Intelligente Prozessoptimierung und Gewinnmaximierung","publisher":{"@id":"https:\/\/www.sellerlogic.com\/pl\/#organization"},"potentialAction":[{"@type":"SearchAction","target":{"@type":"EntryPoint","urlTemplate":"https:\/\/www.sellerlogic.com\/pl\/?s={search_term_string}"},"query-input":{"@type":"PropertyValueSpecification","valueRequired":true,"valueName":"search_term_string"}}],"inLanguage":"pl-PL"},{"@type":"Organization","@id":"https:\/\/www.sellerlogic.com\/pl\/#organization","name":"SELLERLOGIC","url":"https:\/\/www.sellerlogic.com\/pl\/","logo":{"@type":"ImageObject","inLanguage":"pl-PL","@id":"https:\/\/www.sellerlogic.com\/pl\/#\/schema\/logo\/image\/","url":"https:\/\/d2bw95mh2ee04s.cloudfront.net\/prod\/content\/wp-content\/uploads\/2025\/01\/02134814\/Property-Logo-Main.svg","contentUrl":"https:\/\/d2bw95mh2ee04s.cloudfront.net\/prod\/content\/wp-content\/uploads\/2025\/01\/02134814\/Property-Logo-Main.svg","width":184,"height":40,"caption":"SELLERLOGIC"},"image":{"@id":"https:\/\/www.sellerlogic.com\/pl\/#\/schema\/logo\/image\/"},"sameAs":["https:\/\/www.facebook.com\/SellerLogic\/","https:\/\/x.com\/sellerlogic","https:\/\/www.instagram.com\/sellerlogic\/","https:\/\/www.linkedin.com\/company\/18402037\/","https:\/\/www.youtube.com\/channel\/UC-gULUur-fNj08sprantKsQ"]}]}},"_links":{"self":[{"href":"https:\/\/www.sellerlogic.com\/pl\/wp-json\/wp\/v2\/pages\/106482","targetHints":{"allow":["GET"]}}],"collection":[{"href":"https:\/\/www.sellerlogic.com\/pl\/wp-json\/wp\/v2\/pages"}],"about":[{"href":"https:\/\/www.sellerlogic.com\/pl\/wp-json\/wp\/v2\/types\/page"}],"author":[{"embeddable":true,"href":"https:\/\/www.sellerlogic.com\/pl\/wp-json\/wp\/v2\/users\/3"}],"replies":[{"embeddable":true,"href":"https:\/\/www.sellerlogic.com\/pl\/wp-json\/wp\/v2\/comments?post=106482"}],"version-history":[{"count":0,"href":"https:\/\/www.sellerlogic.com\/pl\/wp-json\/wp\/v2\/pages\/106482\/revisions"}],"up":[{"embeddable":true,"href":"https:\/\/www.sellerlogic.com\/pl\/wp-json\/wp\/v2\/pages\/106461"}],"wp:featuredmedia":[{"embeddable":true,"href":"https:\/\/www.sellerlogic.com\/pl\/wp-json\/wp\/v2\/media\/4855"}],"wp:attachment":[{"href":"https:\/\/www.sellerlogic.com\/pl\/wp-json\/wp\/v2\/media?parent=106482"}],"curies":[{"name":"wp","href":"https:\/\/api.w.org\/{rel}","templated":true}]}}