
{"id":106524,"date":"2020-12-21T10:32:03","date_gmt":"2020-12-21T10:32:03","guid":{"rendered":"https:\/\/127.0.0.1\/resources\/success-story-univers-cake\/"},"modified":"2020-12-21T10:32:03","modified_gmt":"2020-12-21T10:32:03","slug":"success-story-univers-cake","status":"publish","type":"page","link":"https:\/\/www.sellerlogic.com\/pl\/resources\/success-story-univers-cake\/","title":{"rendered":"Success Story: Univers Cake PL"},"content":{"rendered":"\n\t<div  class=\"theme-wp-block theme-block-main-header is-style-full-height desktop-align-full xl-align-full lg-align-full md-align-full sm-align-full desktop-content-align-y-center desktop-content-align-x-center xl-content-align-y-center xl-content-align-x-center lg-content-align-y-center lg-content-align-x-center md-content-align-y-center md-content-align-x-center sm-content-align-y-center sm-content-align-x-center gb-responsive-131969-identifier theme-block-cover\">\n\t\t<div class=\"bg-cover theme-lazy-load-bg\"><\/div>\n\t\t<div class=\"wrap-content-main-header\">\n\t\t\t\t\t<div  class=\"theme-wp-block theme-block-text-and-text desktop-blockDirection-row xl-blockDirection-row lg-blockDirection-row md-blockDirection-row sm-blockDirection-row gb-responsive-2306-identifier desktop-vertical-top xl-vertical-top lg-vertical-top md-vertical-top sm-vertical-top desktop-align-wide xl-align-wide lg-align-wide md-align-wide sm-align-wide\">\n\t\t<div class=\"tat-column-wrap-wrapper\">\n\t\t\t<div class=\"tat-column-wrapper\">\n\t\t\t\t\t<div  class=\"theme-wp-block theme-block-text-and-text-column gb-responsive-708373-identifier desktop-horizontal-center xl-horizontal-center lg-horizontal-center md-horizontal-center sm-horizontal-center\">\n\t\t<div class=\"inner-wrap-column-content\">\n\t\t\t<div class=\"inner-column-content\">\n\t\t\t\t\t\t<h1  class=\"theme-wp-block theme-block-heading is-style-default desktop-text-center xl-text-center lg-text-center md-text-center sm-text-center gb-responsive-813454-identifier desktop-align-wide xl-align-wide lg-align-wide md-align-wide sm-align-wide alignwide h1 has-text-align\">\n\t\t&#8220;We pay for the Repricer z naszymi zwrotami za zgubione i znalezione!&#8221;\t<\/h1>\n\n\t\t\t<\/div>\n\t\t<\/div>\n\t<\/div>\n\t<div  class=\"theme-wp-block theme-block-text-and-text-column gb-responsive-976923-identifier\">\n\t\t<div class=\"inner-wrap-column-content\">\n\t\t\t<div class=\"inner-column-content\">\n\t\t\t\t\t\t\t<\/div>\n\t\t<\/div>\n\t<\/div>\n\t\t\t<\/div>\n\t\t<\/div>\n\t<\/div>\n\n\t\t<\/div>\n\t<\/div>\n\n<div style=\"height:50px\" aria-hidden=\"true\" class=\"theme-wp-block wp-block-spacer\"><\/div><div class=\"theme-wp-block wp-block-columns gb-responsive-990644-identifier is-layout-flex wp-container-core-columns-is-layout-9d6595d7 wp-block-columns-is-layout-flex\"><div class=\"theme-wp-block wp-block-column gb-responsive-865237-identifier is-layout-flow wp-block-column-is-layout-flow\" style=\"flex-basis:25%\"><figure class=\"theme-wp-block wp-block-image size-large is-resized gb-responsive-62921-identifier\"><img decoding=\"async\" src=\"https:\/\/d2bw95mh2ee04s.cloudfront.net\/prod\/content\/wp-content\/uploads\/2020\/12\/23142710\/logo_univers-cake-neu.png\" alt=\"Success Story: Univers Cake PL\" class=\"wp-image-5630\" width=\"301\" height=\"54\" srcset=\"https:\/\/d2bw95mh2ee04s.cloudfront.net\/prod\/content\/wp-content\/uploads\/2020\/12\/23142710\/logo_univers-cake-neu-407x72.png 407w, https:\/\/d2bw95mh2ee04s.cloudfront.net\/prod\/content\/wp-content\/uploads\/2020\/12\/23142710\/logo_univers-cake-neu.png 576w\" sizes=\"(max-width: 301px) 100vw, 301px\" \/><\/figure><p class=\"theme-wp-block gb-responsive-904737-identifier\"><strong>Za\u0142o\u017cona:<\/strong><br>2016<\/p><p class=\"theme-wp-block gb-responsive-263844-identifier\"><strong>Bran\u017ca:<\/strong><br>Piekarnictwo i cukiernictwo <\/p><p class=\"theme-wp-block gb-responsive-644265-identifier\"><strong>Produkty dost\u0119pne na Amazonie: <\/strong><br>oko\u0142o 3,000 SKU<\/p><p class=\"theme-wp-block gb-responsive-788481-identifier\"><strong>Wysy\u0142ki: <\/strong><br>oko\u0142o 850 \/ miesi\u0105c<\/p><\/div><div class=\"theme-wp-block wp-block-column gb-responsive-41122-identifier is-layout-flow wp-block-column-is-layout-flow\" style=\"flex-basis:50%\"><h3 class=\"theme-wp-block wp-block-heading gb-responsive-34353-identifier\" id=\"block-c06fce04-ef87-4ffc-a3d6-b768ba377d17\">Background:<\/h3><p class=\"theme-wp-block gb-responsive-772271-identifier\">Agencja internetowa UP\u2018NBOOST z powodzeniem wesz\u0142a na rynek piekarnictwa i cukiernictwa z w\u0142asn\u0105 mark\u0105 &#8220;Univers Cake&#8221;. UP\u2018NBOOST pierwotnie zaprojektowa\u0142a koncepcj\u0119 Univers Cake dla klienta, kt\u00f3ry ostatecznie nie by\u0142 w stanie zrealizowa\u0107 pomys\u0142u z powodu braku czasu. Agencja, kt\u00f3ra mocno wierzy\u0142a w koncepcj\u0119, kt\u00f3r\u0105 stworzy\u0142a, postanowi\u0142a wdro\u017cy\u0107 Univers Cake samodzielnie. Wkr\u00f3tce sta\u0142o si\u0119 jasne, \u017ce marka ma du\u017cy potencja\u0142 &#8211; szczeg\u00f3lnie na Amazonie. Sprzeda\u017c zacz\u0119\u0142a szybko rosn\u0105\u0107 na rynku internetowym.<\/p><h3 class=\"theme-wp-block wp-block-heading gb-responsive-530046-identifier\">How it all started:<\/h3><p class=\"theme-wp-block gb-responsive-266688-identifier\">Dla Jean-Bernarda Freymanna, wsp\u00f3\u0142dyrektora w UP\u2018NBOOST, od samego pocz\u0105tku by\u0142o jasne, \u017ce najwi\u0119kszym wyzwaniem b\u0119dzie zaoszcz\u0119dzenie jak najwi\u0119kszej ilo\u015bci czasu. Szczeg\u00f3lnie gdy sprzedaje si\u0119 ponad 1,500 produkt\u00f3w w wysoce konkurencyjnym \u015brodowisku bez marki. &#8220;Musieli\u015bmy utrzyma\u0107 nasze mar\u017ce pomimo warunk\u00f3w,&#8221; m\u00f3wi Freymann. &#8220;Mamy du\u017c\u0105 liczb\u0119 konkurent\u00f3w na Amazonie, kt\u00f3rzy sprzedaj\u0105 dok\u0142adnie ten sam produkt. Dlatego g\u0142\u00f3wnym czynnikiem jest cena. W takiej sytuacji praktycznie niemo\u017cliwe jest r\u0119czne \u015bledzenie konkurencji.&#8221;<\/p><p class=\"theme-wp-block gb-responsive-243429-identifier\">W tych okoliczno\u015bciach nast\u0119pnym logicznym krokiem by\u0142o nie tylko skorzystanie z Fulfillment by Amazon (FBA), ale tak\u017ce z repricera, aby pozosta\u0107 konkurencyjnym i utrzyma\u0107 udzia\u0142 Buy Box na wysokim poziomie. Zanim UP\u2018NBOOST odkry\u0142o SELLERLOGIC, agencja ju\u017c korzysta\u0142a z innych repricer\u00f3w, kt\u00f3re jednak nie by\u0142y w stanie przekona\u0107 ich technicznie ani ekonomicznie.<\/p><h3 class=\"theme-wp-block wp-block-heading gb-responsive-749842-identifier\">Solution:<\/h3><p class=\"theme-wp-block gb-responsive-190699-identifier\">&#8220;W sektorze, w kt\u00f3rym mar\u017ce maj\u0105 tendencj\u0119 do bycia niskimi, wzi\u0119li\u015bmy pod uwag\u0119 nie tylko korzy\u015bci z Repricer, ale tak\u017ce jego koszty jako klucz do sukcesu,&#8221; wyja\u015bnia Freymann. &#8220;Po zapoznaniu si\u0119 z r\u00f3\u017cnymi rozwi\u0105zaniami, SELLERLOGIC przekona\u0142o nas nie tylko swoj\u0105 cen\u0105, ale tak\u017ce swoimi specjalnymi funkcjami, takimi jak mo\u017cliwo\u015b\u0107 stosowania r\u00f3\u017cnych strategii dostosowywania cen do konkretnych grup produkt\u00f3w.&#8221;<\/p><p class=\"theme-wp-block gb-responsive-680671-identifier\">UP\u2018NBOOST wdro\u017cy\u0142o r\u00f3wnie\u017c drugie narz\u0119dzie SELLERLOGIC: Lost &#038; Found teraz monitoruje wszystkie procesy FBA i niezawodnie zg\u0142asza wszelkie nieprawid\u0142owo\u015bci znalezione w centrach logistycznych Amazon, co umo\u017cliwia szybkie i proste sk\u0142adanie wniosk\u00f3w o zwroty.<\/p><div class=\"theme-block-group-wrap\"><div class=\"theme-wp-block wp-block-group gb-responsive-88118-identifier\">\t\t<div  class=\"theme-wp-block theme-block-user-card gb-responsive-799176-identifier is-style-full-width-line\">\n\t\t<div class=\"wrap-inner-content\">\n\t\t\t<div class=\"card-user-head\">\n\t\t\t\t<div class=\"card-user-avatar\">\n\t\t\t\t\t<div class=\"cover-avatar\" style=\"background-image: url(https:\/\/d2bw95mh2ee04s.cloudfront.net\/prod\/content\/wp-content\/uploads\/2020\/12\/23142710\/portrait_univers-cake_raute.png);\"><\/div>\n\t\t\t\t<\/div>\n\t\t\t\t<div class=\"wrap-title\">\n\t\t\t\t\t<div class=\"card-user-name\">\n\t\t\t\t\t\t<div class=\"title\">\n\t\t\t\t\t\t\t<h3 class=\"heading-text\"><strong>Jean-Bernard Freymann<\/strong><\/h3>\n\t\t\t\t\t\t<\/div>\n\t\t\t\t\t\t<div class=\"card-user-position\">\n\t\t\t\t\t\t\t<div class=\"card-text\"><strong>Wsp\u00f3\u0142dyrektor UP&#8217;NBOOST<\/strong><\/div>\n\t\t\t\t\t\t<\/div>\n\t\t\t\t\t<\/div>\n\t\t\t\t\t<div class=\"card-user-quote-icon\">\n\t\t\t\t\t<\/div>\n\t\t\t\t<\/div>\n\t\t\t<\/div>\n\t\t\t<div class=\"card-user-text\">\n\t\t\t\t<div class=\"card-text\"><p>\u201cDzi\u0119ki zwrotom FBA, kt\u00f3re otrzymujemy dzi\u0119ki drugiemu narz\u0119dziu SELLERLOGIC, mo\u017cemy sfinansowa\u0107 Repricer!\u201d<\/p><\/div>\n\t\t\t<\/div>\n\t\t<\/div>\n\t<\/div>\n\n<\/div><\/div><h3 class=\"theme-wp-block wp-block-heading gb-responsive-260858-identifier\">Success with SELLERLOGIC:<\/h3><p class=\"theme-wp-block gb-responsive-566423-identifier\">\u201eKonfiguracja by\u0142a do\u015b\u0107 prosta: musieli\u015bmy tylko zaimportowa\u0107 jeden plik ze wszystkimi naszymi produktami oraz odpowiednimi minimalnymi i maksymalnymi cenami. Import by\u0142 szybki i \u0142atwy. W ci\u0105gu kilku godzin SELLERLOGIC Repricer by\u0142 gotowy do dzia\u0142ania,\u201c potwierdza Freymann. \u201eOba narz\u0119dzia oszcz\u0119dzaj\u0105 nam ogromn\u0105 ilo\u015b\u0107 czasu.\u201c<\/p><p class=\"theme-wp-block gb-responsive-468554-identifier desktop-gb-has-no-icon xl-gb-has-no-icon lg-gb-has-no-icon md-gb-has-no-icon sm-gb-has-no-icon\">Dodatkowo, UP\u2018NBOOST by\u0142 w stanie obni\u017cy\u0107 koszty korzystania z Repricer i jednocze\u015bnie zwi\u0119kszy\u0107 sprzeda\u017c produkt\u00f3w Univers Cake poprzez zwi\u0119kszone udzia\u0142y Buy Box oraz r\u00f3\u017cne strategie SELLERLOGIC Repricer. \u201eAle najlepsze jest to, \u017ce Lost &#038; Found umo\u017cliwia nam zrekompensowanie koszt\u00f3w repricingu,\u201c m\u00f3wi z rado\u015bci\u0105 Freymann.<\/p><p class=\"theme-wp-block gb-responsive-469189-identifier\">\u201eDodatkowo, zesp\u00f3\u0142 obs\u0142ugi klienta SELLERLOGIC jest kompetentny i szybko odpowiada na zapytania. Wsp\u00f3\u0142praca z dobrze zorganizowan\u0105 i zorientowan\u0105 na klienta niemieck\u0105 firm\u0105 jest dla nas bardzo uspokajaj\u0105ca,\u201c potwierdza Freymann.<\/p><div class=\"theme-wp-block wp-block-buttons gb-responsive-497426-identifier is-layout-flex wp-block-buttons-is-layout-flex\"><div class=\"theme-wp-block wp-block-button gb-responsive-38220-identifier is-style-theme-transparent-with-arrow\"><a class=\"wp-block-button__link wp-element-button\" href=\"https:\/\/d2bw95mh2ee04s.cloudfront.net\/prod\/content\/files\/SUCCESS-STORIES\/EN\/SELLERLOGIC_SN_Success-Story_Univers-Cake_EN.pdf\" target=\"_blank\" rel=\"noreferrer noopener nofollow\">Pobierz teraz!<\/a><\/div><\/div><\/div><div class=\"theme-wp-block wp-block-column gb-responsive-472466-identifier is-layout-flow wp-block-column-is-layout-flow\" style=\"flex-basis:25%\"><\/div><\/div>","protected":false},"excerpt":{"rendered":"<p>Za\u0142o\u017cona:2016 Bran\u017ca:Piekarnictwo i cukiernictwo Produkty dost\u0119pne na Amazonie: oko\u0142o 3,000 SKU Wysy\u0142ki: oko\u0142o 850 \/ miesi\u0105c Background: Agencja internetowa UP\u2018NBOOST z powodzeniem wesz\u0142a na rynek piekarnictwa i cukiernictwa z w\u0142asn\u0105 mark\u0105 &#8220;Univers Cake&#8221;. UP\u2018NBOOST pierwotnie zaprojektowa\u0142a koncepcj\u0119 Univers Cake dla klienta, kt\u00f3ry ostatecznie nie by\u0142 w stanie zrealizowa\u0107 pomys\u0142u z powodu braku czasu. Agencja, kt\u00f3ra<\/p>\n","protected":false},"author":3,"featured_media":5625,"parent":106461,"menu_order":0,"comment_status":"closed","ping_status":"closed","template":"","meta":{"sidebar_recommended_resources":{"data":[]},"sidebar_header_settings":{"hide_buttons":{"register":false}},"_use_new_theme":false,"inline_featured_image":false,"footnotes":""},"class_list":["post-106524","page","type-page","status-publish","has-post-thumbnail","hentry"],"yoast_head":"<!-- This site is optimized with the Yoast SEO plugin v26.8 - https:\/\/yoast.com\/product\/yoast-seo-wordpress\/ -->\n<title>This is how Repricer and Lost &amp; Found work together! | SELLERLOGIC<\/title>\n<meta name=\"description\" content=\"Dzi\u0119ki Lost &amp; Found, UP&#039;NBOOST p\u0142aci za Repricer za pomoc\u0105 zwrot\u00f3w FBA, kt\u00f3re otrzymuj\u0105. Specjalna historia sukcesu!\" \/>\n<meta name=\"robots\" content=\"index, follow, max-snippet:-1, max-image-preview:large, max-video-preview:-1\" \/>\n<link rel=\"canonical\" href=\"https:\/\/www.sellerlogic.com\/pl\/resources\/success-story-univers-cake\/\" \/>\n<meta property=\"og:locale\" content=\"pl_PL\" \/>\n<meta property=\"og:type\" content=\"article\" \/>\n<meta property=\"og:title\" content=\"This is how Repricer and Lost &amp; Found work together! | SELLERLOGIC\" \/>\n<meta property=\"og:description\" content=\"Dzi\u0119ki Lost &amp; Found, UP&#039;NBOOST p\u0142aci za Repricer za pomoc\u0105 zwrot\u00f3w FBA, kt\u00f3re otrzymuj\u0105. Specjalna historia sukcesu!\" \/>\n<meta property=\"og:url\" content=\"https:\/\/www.sellerlogic.com\/pl\/resources\/success-story-univers-cake\/\" \/>\n<meta property=\"og:site_name\" content=\"SELLERLOGIC - Smarte Tools f\u00fcr Amazon-Seller\" \/>\n<meta property=\"article:publisher\" content=\"https:\/\/www.facebook.com\/SellerLogic\/\" \/>\n<meta property=\"og:image\" content=\"https:\/\/d2bw95mh2ee04s.cloudfront.net\/prod\/content\/wp-content\/uploads\/2020\/12\/23142710\/success-story-univers-cake-header-scaled.jpeg\" \/>\n\t<meta property=\"og:image:width\" content=\"2560\" \/>\n\t<meta property=\"og:image:height\" content=\"1107\" \/>\n\t<meta property=\"og:image:type\" content=\"image\/jpeg\" \/>\n<meta name=\"twitter:card\" content=\"summary_large_image\" \/>\n<meta name=\"twitter:site\" content=\"@sellerlogic\" \/>\n<meta name=\"twitter:label1\" content=\"Est. reading time\" \/>\n\t<meta name=\"twitter:data1\" content=\"3 minutes\" \/>\n<script type=\"application\/ld+json\" class=\"yoast-schema-graph\">{\"@context\":\"https:\/\/schema.org\",\"@graph\":[{\"@type\":\"WebPage\",\"@id\":\"https:\/\/www.sellerlogic.com\/pl\/resources\/success-story-univers-cake\/\",\"url\":\"https:\/\/www.sellerlogic.com\/pl\/resources\/success-story-univers-cake\/\",\"name\":\"This is how Repricer and Lost & Found work together! | SELLERLOGIC\",\"isPartOf\":{\"@id\":\"https:\/\/www.sellerlogic.com\/pl\/#website\"},\"primaryImageOfPage\":{\"@id\":\"https:\/\/www.sellerlogic.com\/pl\/resources\/success-story-univers-cake\/#primaryimage\"},\"image\":{\"@id\":\"https:\/\/www.sellerlogic.com\/pl\/resources\/success-story-univers-cake\/#primaryimage\"},\"thumbnailUrl\":\"https:\/\/d2bw95mh2ee04s.cloudfront.net\/prod\/content\/wp-content\/uploads\/2020\/12\/23142710\/success-story-univers-cake-header-scaled.jpeg\",\"datePublished\":\"2020-12-21T10:32:03+00:00\",\"description\":\"Dzi\u0119ki Lost & Found, UP'NBOOST p\u0142aci za Repricer za pomoc\u0105 zwrot\u00f3w FBA, kt\u00f3re otrzymuj\u0105. Specjalna historia sukcesu!\",\"breadcrumb\":{\"@id\":\"https:\/\/www.sellerlogic.com\/pl\/resources\/success-story-univers-cake\/#breadcrumb\"},\"inLanguage\":\"pl-PL\",\"potentialAction\":[{\"@type\":\"ReadAction\",\"target\":[\"https:\/\/www.sellerlogic.com\/pl\/resources\/success-story-univers-cake\/\"]}]},{\"@type\":\"ImageObject\",\"inLanguage\":\"pl-PL\",\"@id\":\"https:\/\/www.sellerlogic.com\/pl\/resources\/success-story-univers-cake\/#primaryimage\",\"url\":\"https:\/\/d2bw95mh2ee04s.cloudfront.net\/prod\/content\/wp-content\/uploads\/2020\/12\/23142710\/success-story-univers-cake-header-scaled.jpeg\",\"contentUrl\":\"https:\/\/d2bw95mh2ee04s.cloudfront.net\/prod\/content\/wp-content\/uploads\/2020\/12\/23142710\/success-story-univers-cake-header-scaled.jpeg\",\"width\":2560,\"height\":1107,\"caption\":\"Success Story: Univers Cake\"},{\"@type\":\"BreadcrumbList\",\"@id\":\"https:\/\/www.sellerlogic.com\/pl\/resources\/success-story-univers-cake\/#breadcrumb\",\"itemListElement\":[{\"@type\":\"ListItem\",\"position\":1,\"name\":\"Home\",\"item\":\"https:\/\/www.sellerlogic.com\/pl\/\"},{\"@type\":\"ListItem\",\"position\":2,\"name\":\"Ressourcen EN\",\"item\":\"https:\/\/www.sellerlogic.com\/pl\/resources\/\"},{\"@type\":\"ListItem\",\"position\":3,\"name\":\"Success Story: Univers Cake PL\"}]},{\"@type\":\"WebSite\",\"@id\":\"https:\/\/www.sellerlogic.com\/pl\/#website\",\"url\":\"https:\/\/www.sellerlogic.com\/pl\/\",\"name\":\"SELLERLOGIC - Smarte Tools f\u00fcr Amazon-Seller\",\"description\":\"Intelligente Prozessoptimierung und Gewinnmaximierung\",\"publisher\":{\"@id\":\"https:\/\/www.sellerlogic.com\/pl\/#organization\"},\"potentialAction\":[{\"@type\":\"SearchAction\",\"target\":{\"@type\":\"EntryPoint\",\"urlTemplate\":\"https:\/\/www.sellerlogic.com\/pl\/?s={search_term_string}\"},\"query-input\":{\"@type\":\"PropertyValueSpecification\",\"valueRequired\":true,\"valueName\":\"search_term_string\"}}],\"inLanguage\":\"pl-PL\"},{\"@type\":\"Organization\",\"@id\":\"https:\/\/www.sellerlogic.com\/pl\/#organization\",\"name\":\"SELLERLOGIC\",\"url\":\"https:\/\/www.sellerlogic.com\/pl\/\",\"logo\":{\"@type\":\"ImageObject\",\"inLanguage\":\"pl-PL\",\"@id\":\"https:\/\/www.sellerlogic.com\/pl\/#\/schema\/logo\/image\/\",\"url\":\"https:\/\/d2bw95mh2ee04s.cloudfront.net\/prod\/content\/wp-content\/uploads\/2025\/01\/02134814\/Property-Logo-Main.svg\",\"contentUrl\":\"https:\/\/d2bw95mh2ee04s.cloudfront.net\/prod\/content\/wp-content\/uploads\/2025\/01\/02134814\/Property-Logo-Main.svg\",\"width\":184,\"height\":40,\"caption\":\"SELLERLOGIC\"},\"image\":{\"@id\":\"https:\/\/www.sellerlogic.com\/pl\/#\/schema\/logo\/image\/\"},\"sameAs\":[\"https:\/\/www.facebook.com\/SellerLogic\/\",\"https:\/\/x.com\/sellerlogic\",\"https:\/\/www.instagram.com\/sellerlogic\/\",\"https:\/\/www.linkedin.com\/company\/18402037\/\",\"https:\/\/www.youtube.com\/channel\/UC-gULUur-fNj08sprantKsQ\"]}]}<\/script>\n<!-- \/ Yoast SEO plugin. -->","yoast_head_json":{"title":"This is how Repricer and Lost & Found work together! | SELLERLOGIC","description":"Dzi\u0119ki Lost & Found, UP'NBOOST p\u0142aci za Repricer za pomoc\u0105 zwrot\u00f3w FBA, kt\u00f3re otrzymuj\u0105. Specjalna historia sukcesu!","robots":{"index":"index","follow":"follow","max-snippet":"max-snippet:-1","max-image-preview":"max-image-preview:large","max-video-preview":"max-video-preview:-1"},"canonical":"https:\/\/www.sellerlogic.com\/pl\/resources\/success-story-univers-cake\/","og_locale":"pl_PL","og_type":"article","og_title":"This is how Repricer and Lost & Found work together! | SELLERLOGIC","og_description":"Dzi\u0119ki Lost & Found, UP'NBOOST p\u0142aci za Repricer za pomoc\u0105 zwrot\u00f3w FBA, kt\u00f3re otrzymuj\u0105. Specjalna historia sukcesu!","og_url":"https:\/\/www.sellerlogic.com\/pl\/resources\/success-story-univers-cake\/","og_site_name":"SELLERLOGIC - Smarte Tools f\u00fcr Amazon-Seller","article_publisher":"https:\/\/www.facebook.com\/SellerLogic\/","og_image":[{"width":2560,"height":1107,"url":"https:\/\/d2bw95mh2ee04s.cloudfront.net\/prod\/content\/wp-content\/uploads\/2020\/12\/23142710\/success-story-univers-cake-header-scaled.jpeg","type":"image\/jpeg"}],"twitter_card":"summary_large_image","twitter_site":"@sellerlogic","twitter_misc":{"Est. reading time":"3 minutes"},"schema":{"@context":"https:\/\/schema.org","@graph":[{"@type":"WebPage","@id":"https:\/\/www.sellerlogic.com\/pl\/resources\/success-story-univers-cake\/","url":"https:\/\/www.sellerlogic.com\/pl\/resources\/success-story-univers-cake\/","name":"This is how Repricer and Lost & Found work together! | SELLERLOGIC","isPartOf":{"@id":"https:\/\/www.sellerlogic.com\/pl\/#website"},"primaryImageOfPage":{"@id":"https:\/\/www.sellerlogic.com\/pl\/resources\/success-story-univers-cake\/#primaryimage"},"image":{"@id":"https:\/\/www.sellerlogic.com\/pl\/resources\/success-story-univers-cake\/#primaryimage"},"thumbnailUrl":"https:\/\/d2bw95mh2ee04s.cloudfront.net\/prod\/content\/wp-content\/uploads\/2020\/12\/23142710\/success-story-univers-cake-header-scaled.jpeg","datePublished":"2020-12-21T10:32:03+00:00","description":"Dzi\u0119ki Lost & Found, UP'NBOOST p\u0142aci za Repricer za pomoc\u0105 zwrot\u00f3w FBA, kt\u00f3re otrzymuj\u0105. Specjalna historia sukcesu!","breadcrumb":{"@id":"https:\/\/www.sellerlogic.com\/pl\/resources\/success-story-univers-cake\/#breadcrumb"},"inLanguage":"pl-PL","potentialAction":[{"@type":"ReadAction","target":["https:\/\/www.sellerlogic.com\/pl\/resources\/success-story-univers-cake\/"]}]},{"@type":"ImageObject","inLanguage":"pl-PL","@id":"https:\/\/www.sellerlogic.com\/pl\/resources\/success-story-univers-cake\/#primaryimage","url":"https:\/\/d2bw95mh2ee04s.cloudfront.net\/prod\/content\/wp-content\/uploads\/2020\/12\/23142710\/success-story-univers-cake-header-scaled.jpeg","contentUrl":"https:\/\/d2bw95mh2ee04s.cloudfront.net\/prod\/content\/wp-content\/uploads\/2020\/12\/23142710\/success-story-univers-cake-header-scaled.jpeg","width":2560,"height":1107,"caption":"Success Story: Univers Cake"},{"@type":"BreadcrumbList","@id":"https:\/\/www.sellerlogic.com\/pl\/resources\/success-story-univers-cake\/#breadcrumb","itemListElement":[{"@type":"ListItem","position":1,"name":"Home","item":"https:\/\/www.sellerlogic.com\/pl\/"},{"@type":"ListItem","position":2,"name":"Ressourcen EN","item":"https:\/\/www.sellerlogic.com\/pl\/resources\/"},{"@type":"ListItem","position":3,"name":"Success Story: Univers Cake PL"}]},{"@type":"WebSite","@id":"https:\/\/www.sellerlogic.com\/pl\/#website","url":"https:\/\/www.sellerlogic.com\/pl\/","name":"SELLERLOGIC - Smarte Tools f\u00fcr Amazon-Seller","description":"Intelligente Prozessoptimierung und Gewinnmaximierung","publisher":{"@id":"https:\/\/www.sellerlogic.com\/pl\/#organization"},"potentialAction":[{"@type":"SearchAction","target":{"@type":"EntryPoint","urlTemplate":"https:\/\/www.sellerlogic.com\/pl\/?s={search_term_string}"},"query-input":{"@type":"PropertyValueSpecification","valueRequired":true,"valueName":"search_term_string"}}],"inLanguage":"pl-PL"},{"@type":"Organization","@id":"https:\/\/www.sellerlogic.com\/pl\/#organization","name":"SELLERLOGIC","url":"https:\/\/www.sellerlogic.com\/pl\/","logo":{"@type":"ImageObject","inLanguage":"pl-PL","@id":"https:\/\/www.sellerlogic.com\/pl\/#\/schema\/logo\/image\/","url":"https:\/\/d2bw95mh2ee04s.cloudfront.net\/prod\/content\/wp-content\/uploads\/2025\/01\/02134814\/Property-Logo-Main.svg","contentUrl":"https:\/\/d2bw95mh2ee04s.cloudfront.net\/prod\/content\/wp-content\/uploads\/2025\/01\/02134814\/Property-Logo-Main.svg","width":184,"height":40,"caption":"SELLERLOGIC"},"image":{"@id":"https:\/\/www.sellerlogic.com\/pl\/#\/schema\/logo\/image\/"},"sameAs":["https:\/\/www.facebook.com\/SellerLogic\/","https:\/\/x.com\/sellerlogic","https:\/\/www.instagram.com\/sellerlogic\/","https:\/\/www.linkedin.com\/company\/18402037\/","https:\/\/www.youtube.com\/channel\/UC-gULUur-fNj08sprantKsQ"]}]}},"_links":{"self":[{"href":"https:\/\/www.sellerlogic.com\/pl\/wp-json\/wp\/v2\/pages\/106524","targetHints":{"allow":["GET"]}}],"collection":[{"href":"https:\/\/www.sellerlogic.com\/pl\/wp-json\/wp\/v2\/pages"}],"about":[{"href":"https:\/\/www.sellerlogic.com\/pl\/wp-json\/wp\/v2\/types\/page"}],"author":[{"embeddable":true,"href":"https:\/\/www.sellerlogic.com\/pl\/wp-json\/wp\/v2\/users\/3"}],"replies":[{"embeddable":true,"href":"https:\/\/www.sellerlogic.com\/pl\/wp-json\/wp\/v2\/comments?post=106524"}],"version-history":[{"count":0,"href":"https:\/\/www.sellerlogic.com\/pl\/wp-json\/wp\/v2\/pages\/106524\/revisions"}],"up":[{"embeddable":true,"href":"https:\/\/www.sellerlogic.com\/pl\/wp-json\/wp\/v2\/pages\/106461"}],"wp:featuredmedia":[{"embeddable":true,"href":"https:\/\/www.sellerlogic.com\/pl\/wp-json\/wp\/v2\/media\/5625"}],"wp:attachment":[{"href":"https:\/\/www.sellerlogic.com\/pl\/wp-json\/wp\/v2\/media?parent=106524"}],"curies":[{"name":"wp","href":"https:\/\/api.w.org\/{rel}","templated":true}]}}