
{"id":104766,"date":"2021-03-02T08:05:46","date_gmt":"2021-03-02T08:05:46","guid":{"rendered":"https:\/\/127.0.0.1\/resources\/success-story-groupe-dragon\/"},"modified":"2021-03-02T08:05:46","modified_gmt":"2021-03-02T08:05:46","slug":"success-story-groupe-dragon","status":"publish","type":"page","link":"https:\/\/www.sellerlogic.com\/pt\/resources\/success-story-groupe-dragon\/","title":{"rendered":"Hist\u00f3ria de Sucesso: Groupe Dragon EN"},"content":{"rendered":"\n\t<div  class=\"theme-wp-block theme-block-main-header desktop-content-align-y-center desktop-content-align-x-center xl-content-align-y-center xl-content-align-x-center lg-content-align-y-center lg-content-align-x-center md-content-align-y-center md-content-align-x-center sm-content-align-y-center sm-content-align-x-center gb-responsive-853195-identifier desktop-align-full xl-align-full lg-align-full md-align-full sm-align-full is-style-default theme-block-cover\">\n\t\t<div class=\"bg-cover theme-lazy-load-bg\"><\/div>\n\t\t<div class=\"wrap-content-main-header\">\n\t\t\t\t\t<div  class=\"theme-wp-block theme-block-text-and-text gb-responsive-170032-identifier desktop-vertical-center xl-vertical-center lg-vertical-center md-vertical-center sm-vertical-center md-blockDirection-column sm-blockDirection-column desktop-blockDirection-column xl-blockDirection-column lg-blockDirection-column is-style-default desktop-align-wide xl-align-wide lg-align-wide md-align-wide sm-align-wide alignwide\">\n\t\t<div class=\"tat-column-wrap-wrapper\">\n\t\t\t<div class=\"tat-column-wrapper\">\n\t\t\t\t\t<div  class=\"theme-wp-block theme-block-text-and-text-column gb-responsive-644092-identifier md-horizontal-center sm-horizontal-center xl-horizontal-center lg-horizontal-center desktop-horizontal-left\">\n\t\t<div class=\"inner-wrap-column-content\">\n\t\t\t<div class=\"inner-column-content\">\n\t\t\t\t\t\t<h1  class=\"theme-wp-block theme-block-heading is-style-default sm-text-center md-text-center desktop-text-center xl-text-center lg-text-center gb-responsive-113637-identifier desktop-align-full xl-align-full lg-align-full md-align-full sm-align-full alignfull h1 has-text-align\">\n\t\t<strong>Sem Tempo, Sem M\u00e3o de Obra, Sem Recursos<\/strong>\t<\/h1>\n\n\t\t<h2  class=\"theme-wp-block theme-block-heading desktop-gb-has-no-icon xl-gb-has-no-icon lg-gb-has-no-icon md-gb-has-no-icon sm-gb-has-no-icon gb-responsive-848621-identifier desktop-text-center xl-text-center lg-text-center md-text-center sm-text-center h3\">\n\t\t<strong>Como o Groupe Dragon ainda consegue reembolsar todos os erros FBA<\/strong>\t<\/h2>\n\n\t\t\t<\/div>\n\t\t<\/div>\n\t<\/div>\n\t<div  class=\"theme-wp-block theme-block-text-and-text-column gb-responsive-840598-identifier desktop-horizontal-center xl-horizontal-center lg-horizontal-center md-horizontal-center sm-horizontal-center\">\n\t\t<div class=\"inner-wrap-column-content\">\n\t\t\t<div class=\"inner-column-content\">\n\t\t\t\t\t\t\t<\/div>\n\t\t<\/div>\n\t<\/div>\n\t\t\t<\/div>\n\t\t<\/div>\n\t<\/div>\n\n\t\t<\/div>\n\t<\/div>\n\n<div style=\"height:50px\" aria-hidden=\"true\" class=\"theme-wp-block wp-block-spacer\"><\/div><div class=\"theme-wp-block wp-block-columns gb-responsive-492868-identifier is-layout-flex wp-container-core-columns-is-layout-9d6595d7 wp-block-columns-is-layout-flex\"><div class=\"theme-wp-block wp-block-column gb-responsive-633979-identifier is-layout-flow wp-block-column-is-layout-flow\" style=\"flex-basis:25%\"><figure class=\"theme-wp-block wp-block-image size-large is-resized desktop-gb-has-no-icon xl-gb-has-no-icon lg-gb-has-no-icon md-gb-has-no-icon sm-gb-has-no-icon gb-responsive-595564-identifier\"><img decoding=\"async\" width=\"156\" height=\"156\" src=\"https:\/\/d2bw95mh2ee04s.cloudfront.net\/prod\/content\/wp-content\/uploads\/2021\/03\/23142640\/logo2_groupe-dragon-edited.png\" alt=\"Hist\u00f3ria de Sucesso: Groupe Dragon EN\" class=\"wp-image-8499\" style=\"width:156px;height:156px\"><\/figure><p class=\"theme-wp-block desktop-gb-has-no-icon xl-gb-has-no-icon lg-gb-has-no-icon md-gb-has-no-icon sm-gb-has-no-icon gb-responsive-471154-identifier\"><strong><strong>Funda\u00e7\u00e3o<\/strong>:<\/strong><br>2011<\/p><p class=\"theme-wp-block desktop-gb-has-no-icon xl-gb-has-no-icon lg-gb-has-no-icon md-gb-has-no-icon sm-gb-has-no-icon gb-responsive-988471-identifier\"><strong><strong>Ind\u00fastria<\/strong>:<\/strong><br>Pe\u00e7as de reposi\u00e7\u00e3o e dispositivos eletr\u00f4nicos para o lar<\/p><p class=\"theme-wp-block desktop-gb-has-no-icon xl-gb-has-no-icon lg-gb-has-no-icon md-gb-has-no-icon sm-gb-has-no-icon gb-responsive-290042-identifier\"><strong><strong>Itens na Amazon:\u00a0<\/strong><\/strong><br>aprox. 177.000 SKUs<\/p><p class=\"theme-wp-block desktop-gb-has-no-icon xl-gb-has-no-icon lg-gb-has-no-icon md-gb-has-no-icon sm-gb-has-no-icon gb-responsive-427484-identifier\"><strong><strong>Envios<\/strong>:\u00a0<\/strong><br>aprox. 37.000 por m\u00eas<\/p><\/div><div class=\"theme-wp-block wp-block-column gb-responsive-243785-identifier is-layout-flow wp-block-column-is-layout-flow\" style=\"flex-basis:50%\"><h3 class=\"theme-wp-block wp-block-heading desktop-gb-has-no-icon xl-gb-has-no-icon lg-gb-has-no-icon md-gb-has-no-icon sm-gb-has-no-icon gb-responsive-998927-identifier\" id=\"block-c06fce04-ef87-4ffc-a3d6-b768ba377d17\">Fundo:<\/h3><p class=\"theme-wp-block gb-responsive-710769-identifier\">O Groupe Dragon \u00e9 uma das empresas francesas mais bem-sucedidas no marketplace da Amazon. E h\u00e1 uma raz\u00e3o para isso: Antes de o fundador do Groupe Dragon se tornar um vendedor na Amazon, ele trabalhou em tempo integral como reparador de eletrodom\u00e9sticos. \u201cMesmo ent\u00e3o, ele oferecia pe\u00e7as de reposi\u00e7\u00e3o em sua loja\u201d, diz Florent Noualy, chefe de compras e estrat\u00e9gia de marketplace. \u201cEle percebeu que os eletrodom\u00e9sticos quebram muito mais facilmente hoje em dia do que antigamente.\u201d<\/p><p class=\"theme-wp-block gb-responsive-502902-identifier\">Al\u00e9m disso, houve novas regulamenta\u00e7\u00f5es legais que exigiam que os fabricantes, por exemplo, mantivessem pe\u00e7as de reposi\u00e7\u00e3o em estoque por um determinado per\u00edodo de tempo. Como resultado dessas mudan\u00e7as, houve um crescimento consider\u00e1vel na demanda por suprimentos de reparo, especialmente online. A decis\u00e3o de tamb\u00e9m oferecer pe\u00e7as de reposi\u00e7\u00e3o online foi acertada: nesse meio tempo, o Groupe Dragon est\u00e1 entre os 5 vendedores franceses mais bem-sucedidos na Amazon.<\/p><h3 class=\"theme-wp-block wp-block-heading desktop-gb-has-no-icon xl-gb-has-no-icon lg-gb-has-no-icon md-gb-has-no-icon sm-gb-has-no-icon gb-responsive-686902-identifier\">Situa\u00e7\u00e3o Inicial:<\/h3><p class=\"theme-wp-block gb-responsive-145505-identifier\">Com seu sucesso, no entanto, o Groupe Dragon tamb\u00e9m enfrentou novos desafios que precisavam ser superados. \u201cUm deles foi a internacionaliza\u00e7\u00e3o. A Amazon foi de grande ajuda nisso, pois seu f\u00e1cil acesso a outros marketplaces significava que nossa empresa crescia de forma constante\u201d, diz Florent Noualy. O marketplace alem\u00e3o se tornou at\u00e9 o canal de vendas l\u00edder.<\/p><p class=\"theme-wp-block gb-responsive-223640-identifier\">Mas a expans\u00e3o pela Amazon tamb\u00e9m abriu o caminho para o Groupe Dragon oferecer produtos de marcas como Dyson ou Elektrolux. \u201cIsso aumentou massivamente nosso volume de pedidos e de estoque. Quando me juntei \u00e0 equipe em 2015, ficou claro relativamente r\u00e1pido que ter\u00edamos que mudar nosso fulfillment para FBA no futuro. Para n\u00f3s, essa foi a melhor op\u00e7\u00e3o.\u201d<\/p><h3 class=\"theme-wp-block wp-block-heading desktop-gb-has-no-icon xl-gb-has-no-icon lg-gb-has-no-icon md-gb-has-no-icon sm-gb-has-no-icon gb-responsive-423206-identifier\">Solu\u00e7\u00e3o:<\/h3><p class=\"theme-wp-block gb-responsive-405561-identifier\">Ent\u00e3o Noualy recebeu uma mensagem via LinkedIn de Monica, nossa Representante de Desenvolvimento de Vendas na SELLERLOGIC. \u201cEu j\u00e1 conhecia a SELLERLOGIC,\u201d Noualy recorda, \u201ce eu estava imediatamente interessado na Lost &#038; Found. J\u00e1 estava claro para mim naquele momento que est\u00e1vamos perdendo informa\u00e7\u00f5es importantes sobre nossos processos de FBA.\u201d Al\u00e9m disso, ningu\u00e9m na equipe do Groupe Dragon era capaz de analisar os enormes volumes de dados que a Lost &#038; Found faz.<\/p><p class=\"theme-wp-block gb-responsive-793217-identifier\">\u201cMesmo que tenhamos estado a vender na Amazon durante anos e tenhamos uma compreens\u00e3o s\u00f3lida de como funciona,\u201d Noualy acrescenta, &#8220;n\u00e3o t\u00ednhamos conhecimento suficiente para identificar todos os tipos de erros.&#8221;<br>Era cr\u00edtico controlar esta situa\u00e7\u00e3o. \u201cQuando ativei a Lost &#038; Found ent\u00e3o, j\u00e1 antecipava que a ferramenta identificaria muitos erros de FBA. Mas eu nunca teria esperado a quantidade real!\u201d<\/p><div class=\"theme-block-group-wrap\"><div class=\"theme-wp-block wp-block-group gb-responsive-88118-identifier\">\t\t<div  class=\"theme-wp-block theme-block-user-card gb-responsive-799176-identifier is-style-full-width-line desktop-gb-has-no-icon xl-gb-has-no-icon lg-gb-has-no-icon md-gb-has-no-icon sm-gb-has-no-icon\">\n\t\t<div class=\"wrap-inner-content\">\n\t\t\t<div class=\"card-user-head\">\n\t\t\t\t<div class=\"card-user-avatar\">\n\t\t\t\t\t<div class=\"cover-avatar\" style=\"background-image: url(https:\/\/d2bw95mh2ee04s.cloudfront.net\/prod\/content\/wp-content\/uploads\/2021\/03\/23142640\/florent_groupe-dragon-raute.png);\"><\/div>\n\t\t\t\t<\/div>\n\t\t\t\t<div class=\"wrap-title\">\n\t\t\t\t\t<div class=\"card-user-name\">\n\t\t\t\t\t\t<div class=\"title\">\n\t\t\t\t\t\t\t<h3 class=\"heading-text\"><strong>Florent Noualy<\/strong><\/h3>\n\t\t\t\t\t\t<\/div>\n\t\t\t\t\t\t<div class=\"card-user-position\">\n\t\t\t\t\t\t\t<div class=\"card-text\"><strong>Chefe de compras e estrat\u00e9gia de marketplace<\/strong><\/div>\n\t\t\t\t\t\t<\/div>\n\t\t\t\t\t<\/div>\n\t\t\t\t\t<div class=\"card-user-quote-icon\">\n\t\t\t\t\t<\/div>\n\t\t\t\t<\/div>\n\t\t\t<\/div>\n\t\t\t<div class=\"card-user-text\">\n\t\t\t\t<div class=\"card-text\"><p>&#8220;Era absolutamente inaceit\u00e1vel continuar a perder tanto dinheiro, ent\u00e3o a decis\u00e3o tornou-se clara: continuar\u00edamos a usar Lost &amp; Found.&#8221;<\/p><\/div>\n\t\t\t<\/div>\n\t\t<\/div>\n\t<\/div>\n\n<\/div><\/div><h3 class=\"theme-wp-block wp-block-heading desktop-gb-has-no-icon xl-gb-has-no-icon lg-gb-has-no-icon md-gb-has-no-icon sm-gb-has-no-icon gb-responsive-599569-identifier\">Resultados Bem-Sucedidos com SELLERLOGIC:<\/h3><p class=\"theme-wp-block gb-responsive-44628-identifier\">A primeira execu\u00e7\u00e3o da Lost &#038; Found trouxe 360 erros \u00e0 luz. Noualy ficou chocado. \u201cEra absolutamente inaceit\u00e1vel para n\u00f3s continuar a perder tanto dinheiro, ent\u00e3o a decis\u00e3o foi clara: continuar\u00edamos a usar a Lost &#038; Found.\u201d Isso acabou por ser uma boa decis\u00e3o. At\u00e9 agora, a Lost &#038; Found trouxe \u00e0 empresa cerca de 25.000 euros em reembolsos que de outra forma teriam sido perdidos.<\/p><p class=\"theme-wp-block gb-responsive-8364-identifier\">Mas isso n\u00e3o \u00e9 tudo. Al\u00e9m disso, a solu\u00e7\u00e3o do Groupe Dragon da SELLERLOGIC tamb\u00e9m nos economiza muitos outros recursos, como tempo e m\u00e3o de obra. \u201cA comunica\u00e7\u00e3o com a Amazon tamb\u00e9m se tornou mais f\u00e1cil porque a Lost &#038; Found nos fornece as informa\u00e7\u00f5es certas em todos os momentos.\u201d Isso inclui, por exemplo, os modelos que o Groupe Dragon pode usar para responder imediatamente \u00e0s respostas automatizadas da Amazon. \u201cTudo o que precisamos fazer \u00e9 simplesmente copiar esses modelos. Tudo o que precisamos saber sobre um erro pode ser encontrado claramente exibido na Lost &#038; Found.\u201d<\/p><p class=\"theme-wp-block gb-responsive-936816-identifier\">Florent Noualy tamb\u00e9m est\u00e1 entusiasmado com a SELLERLOGIC porque o atendimento ao cliente est\u00e1 inclu\u00eddo no pre\u00e7o: \u201cSe houver algum problema com um dos casos abertos, a equipe da SELLERLOGIC est\u00e1 sempre dispon\u00edvel e faz tudo o que pode para ajudar seus clientes e fechar o caso com o melhor resultado poss\u00edvel.<\/p><div class=\"theme-wp-block wp-block-buttons desktop-gb-has-no-icon xl-gb-has-no-icon lg-gb-has-no-icon md-gb-has-no-icon sm-gb-has-no-icon gb-responsive-237208-identifier is-layout-flex wp-block-buttons-is-layout-flex\"><div class=\"theme-wp-block wp-block-button is-style-theme-transparent-with-arrow gb-responsive-303674-identifier\"><a class=\"wp-block-button__link wp-element-button\" href=\"https:\/\/d2bw95mh2ee04s.cloudfront.net\/prod\/content\/files\/SUCCESS-STORIES\/EN\/SELLERLOGIC_Success-Story_Groupe-Dragon_EN.pdf\" target=\"_blank\" rel=\"noreferrer noopener nofollow\">Descarregar agora!<\/a><\/div><\/div><\/div><div class=\"theme-wp-block wp-block-column gb-responsive-252189-identifier is-layout-flow wp-block-column-is-layout-flow\" style=\"flex-basis:25%\"><\/div><\/div><p class=\"theme-wp-block gb-responsive-208920-identifier\"><\/p>","protected":false},"excerpt":{"rendered":"<p>Funda\u00e7\u00e3o:2011 Ind\u00fastria:Pe\u00e7as de reposi\u00e7\u00e3o e dispositivos eletr\u00f4nicos para o lar Itens na Amazon:\u00a0aprox. 177.000 SKUs Envios:\u00a0aprox. 37.000 por m\u00eas Fundo: O Groupe Dragon \u00e9 uma das empresas francesas mais bem-sucedidas no marketplace da Amazon. E h\u00e1 uma raz\u00e3o para isso: Antes de o fundador do Groupe Dragon se tornar um vendedor na Amazon, ele trabalhou<\/p>\n","protected":false},"author":3,"featured_media":8511,"parent":104790,"menu_order":0,"comment_status":"closed","ping_status":"closed","template":"","meta":{"sidebar_recommended_resources":{"data":[]},"sidebar_header_settings":{"hide_buttons":{"register":false}},"_use_new_theme":false,"inline_featured_image":false,"footnotes":""},"class_list":["post-104766","page","type-page","status-publish","has-post-thumbnail","hentry"],"yoast_head":"<!-- This site is optimized with the Yoast SEO plugin v26.8 - https:\/\/yoast.com\/product\/yoast-seo-wordpress\/ -->\n<title>Hist\u00f3ria de Sucesso: Groupe Dragon e Lost &amp; Found | SELLERLOGIC<\/title>\n<meta name=\"description\" content=\"Sem tempo, Sem M\u00e3o de Obra, Sem Recursos: Como o Groupe Dragon ainda consegue reembolsar todos os erros de FBA. Leia agora e saiba mais!\" \/>\n<meta name=\"robots\" content=\"index, follow, max-snippet:-1, max-image-preview:large, max-video-preview:-1\" \/>\n<link rel=\"canonical\" href=\"https:\/\/www.sellerlogic.com\/pt\/resources\/success-story-groupe-dragon\/\" \/>\n<meta property=\"og:locale\" content=\"pt_PT\" \/>\n<meta property=\"og:type\" content=\"article\" \/>\n<meta property=\"og:title\" content=\"Hist\u00f3ria de Sucesso: Groupe Dragon e Lost &amp; Found | SELLERLOGIC\" \/>\n<meta property=\"og:description\" content=\"Sem tempo, Sem M\u00e3o de Obra, Sem Recursos: Como o Groupe Dragon ainda consegue reembolsar todos os erros de FBA. Leia agora e saiba mais!\" \/>\n<meta property=\"og:url\" content=\"https:\/\/www.sellerlogic.com\/pt\/resources\/success-story-groupe-dragon\/\" \/>\n<meta property=\"og:site_name\" content=\"SELLERLOGIC - Smarte Tools f\u00fcr Amazon-Seller\" \/>\n<meta property=\"article:publisher\" content=\"https:\/\/www.facebook.com\/SellerLogic\/\" \/>\n<meta property=\"og:image\" content=\"https:\/\/d2bw95mh2ee04s.cloudfront.net\/prod\/content\/wp-content\/uploads\/2021\/03\/23142639\/wp-header_groupe-dragon.jpeg\" \/>\n\t<meta property=\"og:image:width\" content=\"2000\" \/>\n\t<meta property=\"og:image:height\" content=\"1333\" \/>\n\t<meta property=\"og:image:type\" content=\"image\/jpeg\" \/>\n<meta name=\"twitter:card\" content=\"summary_large_image\" \/>\n<meta name=\"twitter:site\" content=\"@sellerlogic\" \/>\n<meta name=\"twitter:label1\" content=\"Est. reading time\" \/>\n\t<meta name=\"twitter:data1\" content=\"4 minutes\" \/>\n<script type=\"application\/ld+json\" class=\"yoast-schema-graph\">{\"@context\":\"https:\/\/schema.org\",\"@graph\":[{\"@type\":\"WebPage\",\"@id\":\"https:\/\/www.sellerlogic.com\/pt\/resources\/success-story-groupe-dragon\/\",\"url\":\"https:\/\/www.sellerlogic.com\/pt\/resources\/success-story-groupe-dragon\/\",\"name\":\"Hist\u00f3ria de Sucesso: Groupe Dragon e Lost & Found | SELLERLOGIC\",\"isPartOf\":{\"@id\":\"https:\/\/www.sellerlogic.com\/pt\/#website\"},\"primaryImageOfPage\":{\"@id\":\"https:\/\/www.sellerlogic.com\/pt\/resources\/success-story-groupe-dragon\/#primaryimage\"},\"image\":{\"@id\":\"https:\/\/www.sellerlogic.com\/pt\/resources\/success-story-groupe-dragon\/#primaryimage\"},\"thumbnailUrl\":\"https:\/\/d2bw95mh2ee04s.cloudfront.net\/prod\/content\/wp-content\/uploads\/2021\/03\/23142639\/wp-header_groupe-dragon.jpeg\",\"datePublished\":\"2021-03-02T08:05:46+00:00\",\"description\":\"Sem tempo, Sem M\u00e3o de Obra, Sem Recursos: Como o Groupe Dragon ainda consegue reembolsar todos os erros de FBA. Leia agora e saiba mais!\",\"breadcrumb\":{\"@id\":\"https:\/\/www.sellerlogic.com\/pt\/resources\/success-story-groupe-dragon\/#breadcrumb\"},\"inLanguage\":\"pt-AO\",\"potentialAction\":[{\"@type\":\"ReadAction\",\"target\":[\"https:\/\/www.sellerlogic.com\/pt\/resources\/success-story-groupe-dragon\/\"]}]},{\"@type\":\"ImageObject\",\"inLanguage\":\"pt-AO\",\"@id\":\"https:\/\/www.sellerlogic.com\/pt\/resources\/success-story-groupe-dragon\/#primaryimage\",\"url\":\"https:\/\/d2bw95mh2ee04s.cloudfront.net\/prod\/content\/wp-content\/uploads\/2021\/03\/23142639\/wp-header_groupe-dragon.jpeg\",\"contentUrl\":\"https:\/\/d2bw95mh2ee04s.cloudfront.net\/prod\/content\/wp-content\/uploads\/2021\/03\/23142639\/wp-header_groupe-dragon.jpeg\",\"width\":2000,\"height\":1333,\"caption\":\"Wie Groupe Dragon SellerLogic Lost & Found nutzt\"},{\"@type\":\"BreadcrumbList\",\"@id\":\"https:\/\/www.sellerlogic.com\/pt\/resources\/success-story-groupe-dragon\/#breadcrumb\",\"itemListElement\":[{\"@type\":\"ListItem\",\"position\":1,\"name\":\"Home\",\"item\":\"https:\/\/www.sellerlogic.com\/pt\/\"},{\"@type\":\"ListItem\",\"position\":2,\"name\":\"Ressourcen PT\",\"item\":\"https:\/\/www.sellerlogic.com\/pt\/resources\/\"},{\"@type\":\"ListItem\",\"position\":3,\"name\":\"Hist\u00f3ria de Sucesso: Groupe Dragon EN\"}]},{\"@type\":\"WebSite\",\"@id\":\"https:\/\/www.sellerlogic.com\/pt\/#website\",\"url\":\"https:\/\/www.sellerlogic.com\/pt\/\",\"name\":\"SELLERLOGIC - Smarte Tools f\u00fcr Amazon-Seller\",\"description\":\"Intelligente Prozessoptimierung und Gewinnmaximierung\",\"publisher\":{\"@id\":\"https:\/\/www.sellerlogic.com\/pt\/#organization\"},\"potentialAction\":[{\"@type\":\"SearchAction\",\"target\":{\"@type\":\"EntryPoint\",\"urlTemplate\":\"https:\/\/www.sellerlogic.com\/pt\/?s={search_term_string}\"},\"query-input\":{\"@type\":\"PropertyValueSpecification\",\"valueRequired\":true,\"valueName\":\"search_term_string\"}}],\"inLanguage\":\"pt-AO\"},{\"@type\":\"Organization\",\"@id\":\"https:\/\/www.sellerlogic.com\/pt\/#organization\",\"name\":\"SELLERLOGIC\",\"url\":\"https:\/\/www.sellerlogic.com\/pt\/\",\"logo\":{\"@type\":\"ImageObject\",\"inLanguage\":\"pt-AO\",\"@id\":\"https:\/\/www.sellerlogic.com\/pt\/#\/schema\/logo\/image\/\",\"url\":\"https:\/\/d2bw95mh2ee04s.cloudfront.net\/prod\/content\/wp-content\/uploads\/2025\/01\/02134814\/Property-Logo-Main.svg\",\"contentUrl\":\"https:\/\/d2bw95mh2ee04s.cloudfront.net\/prod\/content\/wp-content\/uploads\/2025\/01\/02134814\/Property-Logo-Main.svg\",\"width\":184,\"height\":40,\"caption\":\"SELLERLOGIC\"},\"image\":{\"@id\":\"https:\/\/www.sellerlogic.com\/pt\/#\/schema\/logo\/image\/\"},\"sameAs\":[\"https:\/\/www.facebook.com\/SellerLogic\/\",\"https:\/\/x.com\/sellerlogic\",\"https:\/\/www.instagram.com\/sellerlogic\/\",\"https:\/\/www.linkedin.com\/company\/18402037\/\",\"https:\/\/www.youtube.com\/channel\/UC-gULUur-fNj08sprantKsQ\"]}]}<\/script>\n<!-- \/ Yoast SEO plugin. -->","yoast_head_json":{"title":"Hist\u00f3ria de Sucesso: Groupe Dragon e Lost & Found | SELLERLOGIC","description":"Sem tempo, Sem M\u00e3o de Obra, Sem Recursos: Como o Groupe Dragon ainda consegue reembolsar todos os erros de FBA. Leia agora e saiba mais!","robots":{"index":"index","follow":"follow","max-snippet":"max-snippet:-1","max-image-preview":"max-image-preview:large","max-video-preview":"max-video-preview:-1"},"canonical":"https:\/\/www.sellerlogic.com\/pt\/resources\/success-story-groupe-dragon\/","og_locale":"pt_PT","og_type":"article","og_title":"Hist\u00f3ria de Sucesso: Groupe Dragon e Lost & Found | SELLERLOGIC","og_description":"Sem tempo, Sem M\u00e3o de Obra, Sem Recursos: Como o Groupe Dragon ainda consegue reembolsar todos os erros de FBA. Leia agora e saiba mais!","og_url":"https:\/\/www.sellerlogic.com\/pt\/resources\/success-story-groupe-dragon\/","og_site_name":"SELLERLOGIC - Smarte Tools f\u00fcr Amazon-Seller","article_publisher":"https:\/\/www.facebook.com\/SellerLogic\/","og_image":[{"width":2000,"height":1333,"url":"https:\/\/d2bw95mh2ee04s.cloudfront.net\/prod\/content\/wp-content\/uploads\/2021\/03\/23142639\/wp-header_groupe-dragon.jpeg","type":"image\/jpeg"}],"twitter_card":"summary_large_image","twitter_site":"@sellerlogic","twitter_misc":{"Est. reading time":"4 minutes"},"schema":{"@context":"https:\/\/schema.org","@graph":[{"@type":"WebPage","@id":"https:\/\/www.sellerlogic.com\/pt\/resources\/success-story-groupe-dragon\/","url":"https:\/\/www.sellerlogic.com\/pt\/resources\/success-story-groupe-dragon\/","name":"Hist\u00f3ria de Sucesso: Groupe Dragon e Lost & Found | SELLERLOGIC","isPartOf":{"@id":"https:\/\/www.sellerlogic.com\/pt\/#website"},"primaryImageOfPage":{"@id":"https:\/\/www.sellerlogic.com\/pt\/resources\/success-story-groupe-dragon\/#primaryimage"},"image":{"@id":"https:\/\/www.sellerlogic.com\/pt\/resources\/success-story-groupe-dragon\/#primaryimage"},"thumbnailUrl":"https:\/\/d2bw95mh2ee04s.cloudfront.net\/prod\/content\/wp-content\/uploads\/2021\/03\/23142639\/wp-header_groupe-dragon.jpeg","datePublished":"2021-03-02T08:05:46+00:00","description":"Sem tempo, Sem M\u00e3o de Obra, Sem Recursos: Como o Groupe Dragon ainda consegue reembolsar todos os erros de FBA. Leia agora e saiba mais!","breadcrumb":{"@id":"https:\/\/www.sellerlogic.com\/pt\/resources\/success-story-groupe-dragon\/#breadcrumb"},"inLanguage":"pt-AO","potentialAction":[{"@type":"ReadAction","target":["https:\/\/www.sellerlogic.com\/pt\/resources\/success-story-groupe-dragon\/"]}]},{"@type":"ImageObject","inLanguage":"pt-AO","@id":"https:\/\/www.sellerlogic.com\/pt\/resources\/success-story-groupe-dragon\/#primaryimage","url":"https:\/\/d2bw95mh2ee04s.cloudfront.net\/prod\/content\/wp-content\/uploads\/2021\/03\/23142639\/wp-header_groupe-dragon.jpeg","contentUrl":"https:\/\/d2bw95mh2ee04s.cloudfront.net\/prod\/content\/wp-content\/uploads\/2021\/03\/23142639\/wp-header_groupe-dragon.jpeg","width":2000,"height":1333,"caption":"Wie Groupe Dragon SellerLogic Lost & Found nutzt"},{"@type":"BreadcrumbList","@id":"https:\/\/www.sellerlogic.com\/pt\/resources\/success-story-groupe-dragon\/#breadcrumb","itemListElement":[{"@type":"ListItem","position":1,"name":"Home","item":"https:\/\/www.sellerlogic.com\/pt\/"},{"@type":"ListItem","position":2,"name":"Ressourcen PT","item":"https:\/\/www.sellerlogic.com\/pt\/resources\/"},{"@type":"ListItem","position":3,"name":"Hist\u00f3ria de Sucesso: Groupe Dragon EN"}]},{"@type":"WebSite","@id":"https:\/\/www.sellerlogic.com\/pt\/#website","url":"https:\/\/www.sellerlogic.com\/pt\/","name":"SELLERLOGIC - Smarte Tools f\u00fcr Amazon-Seller","description":"Intelligente Prozessoptimierung und Gewinnmaximierung","publisher":{"@id":"https:\/\/www.sellerlogic.com\/pt\/#organization"},"potentialAction":[{"@type":"SearchAction","target":{"@type":"EntryPoint","urlTemplate":"https:\/\/www.sellerlogic.com\/pt\/?s={search_term_string}"},"query-input":{"@type":"PropertyValueSpecification","valueRequired":true,"valueName":"search_term_string"}}],"inLanguage":"pt-AO"},{"@type":"Organization","@id":"https:\/\/www.sellerlogic.com\/pt\/#organization","name":"SELLERLOGIC","url":"https:\/\/www.sellerlogic.com\/pt\/","logo":{"@type":"ImageObject","inLanguage":"pt-AO","@id":"https:\/\/www.sellerlogic.com\/pt\/#\/schema\/logo\/image\/","url":"https:\/\/d2bw95mh2ee04s.cloudfront.net\/prod\/content\/wp-content\/uploads\/2025\/01\/02134814\/Property-Logo-Main.svg","contentUrl":"https:\/\/d2bw95mh2ee04s.cloudfront.net\/prod\/content\/wp-content\/uploads\/2025\/01\/02134814\/Property-Logo-Main.svg","width":184,"height":40,"caption":"SELLERLOGIC"},"image":{"@id":"https:\/\/www.sellerlogic.com\/pt\/#\/schema\/logo\/image\/"},"sameAs":["https:\/\/www.facebook.com\/SellerLogic\/","https:\/\/x.com\/sellerlogic","https:\/\/www.instagram.com\/sellerlogic\/","https:\/\/www.linkedin.com\/company\/18402037\/","https:\/\/www.youtube.com\/channel\/UC-gULUur-fNj08sprantKsQ"]}]}},"_links":{"self":[{"href":"https:\/\/www.sellerlogic.com\/pt\/wp-json\/wp\/v2\/pages\/104766","targetHints":{"allow":["GET"]}}],"collection":[{"href":"https:\/\/www.sellerlogic.com\/pt\/wp-json\/wp\/v2\/pages"}],"about":[{"href":"https:\/\/www.sellerlogic.com\/pt\/wp-json\/wp\/v2\/types\/page"}],"author":[{"embeddable":true,"href":"https:\/\/www.sellerlogic.com\/pt\/wp-json\/wp\/v2\/users\/3"}],"replies":[{"embeddable":true,"href":"https:\/\/www.sellerlogic.com\/pt\/wp-json\/wp\/v2\/comments?post=104766"}],"version-history":[{"count":0,"href":"https:\/\/www.sellerlogic.com\/pt\/wp-json\/wp\/v2\/pages\/104766\/revisions"}],"up":[{"embeddable":true,"href":"https:\/\/www.sellerlogic.com\/pt\/wp-json\/wp\/v2\/pages\/104790"}],"wp:featuredmedia":[{"embeddable":true,"href":"https:\/\/www.sellerlogic.com\/pt\/wp-json\/wp\/v2\/media\/8511"}],"wp:attachment":[{"href":"https:\/\/www.sellerlogic.com\/pt\/wp-json\/wp\/v2\/media?parent=104766"}],"curies":[{"name":"wp","href":"https:\/\/api.w.org\/{rel}","templated":true}]}}