
{"id":104781,"date":"2021-03-05T13:21:38","date_gmt":"2021-03-05T13:21:38","guid":{"rendered":"https:\/\/127.0.0.1\/resources\/workbook-the-right-strategy-for-amazon\/"},"modified":"2021-03-05T13:21:38","modified_gmt":"2021-03-05T13:21:38","slug":"workbook-the-right-strategy-for-amazon","status":"publish","type":"page","link":"https:\/\/www.sellerlogic.com\/pt\/resources\/workbook-the-right-strategy-for-amazon\/","title":{"rendered":"Caderno: A estrat\u00e9gia certa para a Amazon"},"content":{"rendered":"\n\t<div  class=\"theme-wp-block theme-block-main-header desktop-align-full xl-align-full lg-align-full md-align-full sm-align-full desktop-content-align-y-center desktop-content-align-x-center xl-content-align-y-center xl-content-align-x-center lg-content-align-y-center lg-content-align-x-center md-content-align-y-center md-content-align-x-center sm-content-align-y-center sm-content-align-x-center desktop-gb-has-no-icon xl-gb-has-no-icon lg-gb-has-no-icon md-gb-has-no-icon sm-gb-has-no-icon gb-responsive-877912-identifier is-style-default theme-block-cover\">\n\t\t<div class=\"bg-cover theme-lazy-load-bg\"><\/div>\n\t\t<div class=\"wrap-content-main-header\">\n\t\t\t\t\t<div  class=\"theme-wp-block theme-block-text-and-text desktop-align-wide xl-align-wide lg-align-wide md-align-wide sm-align-wide desktop-gb-has-no-icon xl-gb-has-no-icon lg-gb-has-no-icon md-gb-has-no-icon sm-gb-has-no-icon desktop-blockDirection-row xl-blockDirection-row lg-blockDirection-row md-blockDirection-row sm-blockDirection-row gb-responsive-480589-identifier\">\n\t\t<div class=\"tat-column-wrap-wrapper\">\n\t\t\t<div class=\"tat-column-wrapper\">\n\t\t\t\t\t<div  class=\"theme-wp-block theme-block-text-and-text-column desktop-gb-has-no-icon xl-gb-has-no-icon lg-gb-has-no-icon md-gb-has-no-icon sm-gb-has-no-icon gb-responsive-631760-identifier desktop-horizontal-center xl-horizontal-center lg-horizontal-center md-horizontal-center sm-horizontal-center\">\n\t\t<div class=\"inner-wrap-column-content\">\n\t\t\t<div class=\"inner-column-content\">\n\t\t\t\t\t\t<h1  class=\"theme-wp-block theme-block-heading is-style-default desktop-text-center xl-text-center lg-text-center md-text-center sm-text-center desktop-gb-has-no-icon xl-gb-has-no-icon lg-gb-has-no-icon md-gb-has-no-icon sm-gb-has-no-icon gb-responsive-781422-identifier h1\">\n\t\tA estrat\u00e9gia certa para a Amazon\t<\/h1>\n\n\t\t<h2  class=\"theme-wp-block theme-block-heading is-style-default desktop-text-center xl-text-center lg-text-center md-text-center sm-text-center gb-responsive-855669-identifier h2\">\n\t\tComo alinhar otimamente o seu neg\u00f3cio\t<\/h2>\n\n\t\t\t<\/div>\n\t\t<\/div>\n\t<\/div>\n\t<div  class=\"theme-wp-block theme-block-text-and-text-column desktop-gb-has-no-icon xl-gb-has-no-icon lg-gb-has-no-icon md-gb-has-no-icon sm-gb-has-no-icon gb-responsive-330778-identifier\">\n\t\t<div class=\"inner-wrap-column-content\">\n\t\t\t<div class=\"inner-column-content\">\n\t\t\t\t\t\t\t<\/div>\n\t\t<\/div>\n\t<\/div>\n\t\t\t<\/div>\n\t\t<\/div>\n\t<\/div>\n\n\t\t<\/div>\n\t<\/div>\n\n<div style=\"height:50px\" aria-hidden=\"true\" class=\"theme-wp-block wp-block-spacer\"><\/div><div class=\"theme-wp-block wp-block-columns gb-responsive-483071-identifier desktop-gb-has-no-icon xl-gb-has-no-icon lg-gb-has-no-icon md-gb-has-no-icon sm-gb-has-no-icon is-layout-flex wp-container-core-columns-is-layout-9d6595d7 wp-block-columns-is-layout-flex\"><div class=\"theme-wp-block wp-block-column gb-responsive-321787-identifier desktop-gb-has-no-icon xl-gb-has-no-icon lg-gb-has-no-icon md-gb-has-no-icon sm-gb-has-no-icon is-layout-flow wp-block-column-is-layout-flow\"><h3 class=\"theme-wp-block gb-responsive-978361-identifier desktop-gb-has-no-icon xl-gb-has-no-icon lg-gb-has-no-icon md-gb-has-no-icon sm-gb-has-no-icon wp-block-heading\">Voc\u00ea j\u00e1 est\u00e1 adotando uma abordagem estrat\u00e9gica na Amazon?<\/h3><div class=\"wp-block-image gb-responsive-146322-identifier desktop-gb-has-no-icon xl-gb-has-no-icon lg-gb-has-no-icon md-gb-has-no-icon sm-gb-has-no-icon\"><figure class=\"theme-wp-block alignright size-large is-resized\"><img decoding=\"async\" src=\"https:\/\/d2bw95mh2ee04s.cloudfront.net\/prod\/content\/wp-content\/uploads\/2021\/03\/23142638\/cover-LP-strategie-amazon.png\" alt=\"A estrat\u00e9gia certa para a Amazon: Descarregue agora o caderno!\" class=\"wp-image-8591\" width=\"418\" height=\"454\" srcset=\"https:\/\/d2bw95mh2ee04s.cloudfront.net\/prod\/content\/wp-content\/uploads\/2021\/03\/23142638\/cover-LP-strategie-amazon-407x443.png 407w, https:\/\/d2bw95mh2ee04s.cloudfront.net\/prod\/content\/wp-content\/uploads\/2021\/03\/23142638\/cover-LP-strategie-amazon.png 738w\" sizes=\"(max-width: 418px) 100vw, 418px\" \/><\/figure><\/div><p class=\"theme-wp-block gb-responsive-102890-identifier desktop-gb-has-no-icon xl-gb-has-no-icon lg-gb-has-no-icon md-gb-has-no-icon sm-gb-has-no-icon\">Com muita frequ\u00eancia, vemos vendedores da Amazon cujo neg\u00f3cio tem um potencial real \u2013 no entanto, parecem operar sem um foco estrat\u00e9gico. Queremos mudar isso! Aqui, aprenda como o seu modelo de neg\u00f3cio individual influencia como voc\u00ea deve se posicionar estrategicamente&#8230;<\/p><div class=\"theme-block-list\"><ul class=\"theme-wp-block gb-responsive-282953-identifier wp-block-list\"><li class=\"theme-wp-block\">como vendedor de <strong>produtos de varejo<\/strong>,<\/li><li class=\"theme-wp-block\">como <strong>distribuidor<\/strong> ou licenciado de uma marca,<\/li><li class=\"theme-wp-block\">como vendedor de <strong>marca pr\u00f3pria<\/strong> ou<\/li><li class=\"theme-wp-block\">como o propriet\u00e1rio de uma <strong>marca<\/strong> reconhecida internacionalmente.<\/li><\/ul><\/div><p class=\"theme-wp-block desktop-gb-has-no-icon xl-gb-has-no-icon lg-gb-has-no-icon md-gb-has-no-icon sm-gb-has-no-icon gb-responsive-210392-identifier\">Al\u00e9m disso, voc\u00ea receber\u00e1 nosso extenso conhecimento sobre a situa\u00e7\u00e3o competitiva na Amazon e como lidar com ela de forma otimizada!<\/p><p class=\"theme-wp-block gb-responsive-61483-identifier desktop-gb-has-no-icon xl-gb-has-no-icon lg-gb-has-no-icon md-gb-has-no-icon sm-gb-has-no-icon\"><strong>Descarregue agora o caderno gratuito &#8220;A Estrat\u00e9gia Certa para a Amazon&#8221; e desenvolva a sua estrat\u00e9gia hoje!<\/strong><\/p><div class=\"theme-wp-block wp-block-columns gb-responsive-352536-identifier is-layout-flex wp-container-core-columns-is-layout-9d6595d7 wp-block-columns-is-layout-flex\"><div class=\"theme-wp-block wp-block-column desktop-gb-has-no-icon xl-gb-has-no-icon lg-gb-has-no-icon md-gb-has-no-icon sm-gb-has-no-icon gb-responsive-84714-identifier is-layout-flow wp-block-column-is-layout-flow\" style=\"flex-basis:66%\"><p class=\"theme-wp-block desktop-gb-has-no-icon xl-gb-has-no-icon lg-gb-has-no-icon md-gb-has-no-icon sm-gb-has-no-icon gb-responsive-41815-identifier\"><em>Para descarregar o seu caderno, \u00e9 necess\u00e1rio permitir todos os cookies previamente. Para editar as suas configura\u00e7\u00f5es, clique no bot\u00e3o a seguir.<\/em><\/p><p class=\"theme-wp-block\"><span class=\"borlabs-cookie-open-dialog-preferences brlbs-cmpnt-container\" data-borlabs-cookie-title=\"Open Consent Preferences\" data-borlabs-cookie-type=\"button\" ><\/span><\/p>\n<div class=\"theme-wp-block wp-block-columns gb-responsive-295103-identifier is-layout-flex wp-container-core-columns-is-layout-9d6595d7 wp-block-columns-is-layout-flex\"><div class=\"theme-wp-block wp-block-column gb-responsive-736519-identifier is-layout-flow wp-block-column-is-layout-flow\"><div id=\"wb-form\" class=\"theme-wp-block wb-form\"><p>\n\t\tPor favor, insira as seguintes informa\u00e7\u00f5es para solicitar o caderno de exerc\u00edcios. Ele ser\u00e1 enviado para voc\u00ea.<br>\u00a0\n\t<\/p><form id=\"leadform\" action=\"#\" method=\"post\"><input type=\"text\" name=\"last_name\" id=\"last_name\" placeholder=\"Seu nome\" required=\"required\" style=\"padding: 10px; font-size: 18px; width: 100%; margin-bottom: 15px; color: rgb(88, 88, 88);\"><\/input><input type=\"text\" name=\"first_name\" id=\"first_name\" placeholder=\"Seu primeiro nome\" required=\"required\" data-com-onepassword-filled=\"light\" style=\"padding: 10px; font-size: 18px; width: 100%; margin-bottom: 15px; color: rgb(88, 88, 88);\"><\/input><input type=\"email\" name=\"email\" id=\"email\" placeholder=\"Seu endere\u00e7o de e-mail\" required=\"required\" style=\"padding: 10px; font-size: 18px; width: 100%; margin-bottom: 15px; color: rgb(88, 88, 88);\"><\/input><input type=\"number\" name=\"telephone\" id=\"telephone\" placeholder=\"Seu n\u00famero de telefone\" required=\"required\" style=\"padding: 10px; font-size: 18px; width: 100%; margin-bottom: 15px; color: rgb(88, 88, 88);\"><\/input><input type=\"text\" name=\"company\" id=\"company\" placeholder=\"Nome da empresa\" required=\"required\" style=\"padding: 10px; font-size: 18px; width: 100%; margin-bottom: 15px; color: rgb(88, 88, 88);\"><\/input><input type=\"text\" name=\"amazon_store\" id=\"amazon_store\" placeholder=\"URL da sua loja Amazon\" style=\"padding: 10px; font-size: 18px; width: 100%; margin-bottom: 15px; color: rgb(88, 88, 88);\"><\/input><input type=\"submit\" value=\"Solicitar caderno de exerc\u00edcios gratuito agora\" id=\"submit\" style=\"padding: 10px; font-size: 18px; width: 100%; margin-bottom: 15px; color: rgb(255, 255, 255); background-color: rgb(255, 170, 1); cursor: pointer;\"><\/input><p style=\"margin-bottom: 10px; font-size: 12px;\">O processamento dos dados \u00e9 realizado de acordo com a nossa <a href=\"#[pref-link id=3091 pref-lang=pt]\" target=\"_blank\" draggable=\"false\" rel=\"noopener noreferrer\">pol\u00edtica de privacidade<\/a>.<\/p><\/form><\/div><\/div><\/div><\/div><div class=\"theme-wp-block wp-block-column desktop-gb-has-no-icon xl-gb-has-no-icon lg-gb-has-no-icon md-gb-has-no-icon sm-gb-has-no-icon gb-responsive-980829-identifier is-layout-flow wp-block-column-is-layout-flow\" style=\"flex-basis:33%\"><\/div><\/div><\/div><div class=\"theme-wp-block wp-block-column gb-responsive-606172-identifier desktop-gb-has-no-icon xl-gb-has-no-icon lg-gb-has-no-icon md-gb-has-no-icon sm-gb-has-no-icon is-layout-flow wp-block-column-is-layout-flow\" style=\"flex-basis:15%\"><\/div><\/div><div style=\"height:20px\" aria-hidden=\"true\" class=\"theme-wp-block wp-block-spacer\"><\/div>\t\t<p  class=\"theme-wp-block theme-block-heading gb-responsive-448011-identifier desktop-text-center xl-text-center lg-text-center md-text-center sm-text-center is-style-default desktop-align-center xl-align-center lg-align-center md-align-center sm-align-center aligncenter h3 has-text-align\">\n\t\tConte\u00fado mais interessante para voc\u00ea\t<\/p>\n\n<div style=\"height:20px\" aria-hidden=\"true\" class=\"theme-wp-block wp-block-spacer\"><\/div>\t\t<div  class=\"theme-wp-block theme-block-card-posts gb-responsive-640148-identifier desktop-gb-has-no-icon xl-gb-has-no-icon lg-gb-has-no-icon md-gb-has-no-icon sm-gb-has-no-icon layout-horizontal-cards-content\">\n\t\t<div class=\"wrap-inner-blocks\">\n\t\t\t<div class=\"post-card \">\n\t<div class=\"inside-wrap-card\">\n\t\t<div class=\"cover-wrap\">\n\t\t\t\t\t\t\t<a class=\"background-thumbnail has-image\" href=\"https:\/\/www.sellerlogic.com\/pt\/resources\/wb-en-202002\/\">\n\t\t\t\t\t<img decoding=\"async\" width=\"405\" height=\"240\" src=\"https:\/\/d2bw95mh2ee04s.cloudfront.net\/prod\/content\/wp-content\/uploads\/2020\/12\/23142715\/workbook_metriken_optimieren-thumbnail.jpeg\" class=\"attachment-thumbnail size-thumbnail wp-post-image\" alt=\"In 13 Schritten in die Buy Box:  So optimieren Sie Ihre Metriken!\" \/>\t\t\t\t<\/a>\n\t\t\t\t\t<\/div>\n\n\t\t<div class=\"wrap-content\">\n\t\t\t<div class=\"title\">\n\t\t\t\t<a href=\"https:\/\/www.sellerlogic.com\/pt\/resources\/wb-en-202002\/\">Workbook: Em 13 Passos para a Buy Box EN<\/a>\n\t\t\t<\/div>\n\t\t\t<div class=\"wrap-excerpt\">Sabia que muitos vendedores da Amazon n\u00e3o aproveitam todo o potencial do seu neg\u00f3cio porque ganham a Buy Box de forma muito irregular? Descubra aqui como otimizar suas m\u00e9tricas em 13 etapas e ganhar a Buy Box!<\/div>\n\t\t<\/div>\n\t<\/div>\n<\/div><div class=\"post-card \">\n\t<div class=\"inside-wrap-card\">\n\t\t<div class=\"cover-wrap\">\n\t\t\t\t\t\t\t<a class=\"background-thumbnail has-image\" href=\"https:\/\/www.sellerlogic.com\/pt\/resources\/download-factsheet-repricer\/\">\n\t\t\t\t\t<img decoding=\"async\" width=\"405\" height=\"240\" src=\"https:\/\/d2bw95mh2ee04s.cloudfront.net\/prod\/content\/wp-content\/uploads\/2020\/12\/23140626\/blog-min-thumbnail.jpg\" class=\"attachment-thumbnail size-thumbnail wp-post-image\" alt=\"\" \/>\t\t\t\t<\/a>\n\t\t\t\t\t<\/div>\n\n\t\t<div class=\"wrap-content\">\n\t\t\t<div class=\"title\">\n\t\t\t\t<a href=\"https:\/\/www.sellerlogic.com\/pt\/resources\/download-factsheet-repricer\/\">Fichas informativas: O SELLERLOGIC Repricer em verifica\u00e7\u00e3o<\/a>\n\t\t\t<\/div>\n\t\t\t<div class=\"wrap-excerpt\">Por que voc\u00ea deve preferir usar o SELLERLOGIC Repricer em vez de ajustar manualmente seus pre\u00e7os? Descubra em nossa ficha informativa quanto trabalho voc\u00ea pode economizar com SELLERLOGIC e ainda assim aumentar suas vendas e sua margem!<\/div>\n\t\t<\/div>\n\t<\/div>\n<\/div><div class=\"post-card \">\n\t<div class=\"inside-wrap-card\">\n\t\t<div class=\"cover-wrap\">\n\t\t\t\t\t\t\t<a class=\"background-thumbnail \" href=\"https:\/\/www.sellerlogic.com\/pt\/resources\/wb-en-202001\/\">\n\t\t\t\t\t\t\t\t\t<\/a>\n\t\t\t\t\t<\/div>\n\n\t\t<div class=\"wrap-content\">\n\t\t\t<div class=\"title\">\n\t\t\t\t<a href=\"https:\/\/www.sellerlogic.com\/pt\/resources\/wb-en-202001\/\">Caderno de exerc\u00edcios: 6 dicas r\u00e1pidas para vendedores FBA<\/a>\n\t\t\t<\/div>\n\t\t\t<div class=\"wrap-excerpt\">Descubra neste caderno de exerc\u00edcios o que voc\u00ea precisa saber se quiser vender atrav\u00e9s do Fulfillment by Amazon. N\u00f3s mostramos como voc\u00ea pode estabelecer as bases para um neg\u00f3cio FBA de sucesso!<\/div>\n\t\t<\/div>\n\t<\/div>\n<\/div>\t\t<\/div>\n\t<\/div>\n<div style=\"height:20px\" aria-hidden=\"true\" class=\"theme-wp-block wp-block-spacer\"><\/div>","protected":false},"excerpt":{"rendered":"<p>Voc\u00ea j\u00e1 est\u00e1 adotando uma abordagem estrat\u00e9gica na Amazon? Com muita frequ\u00eancia, vemos vendedores da Amazon cujo neg\u00f3cio tem um potencial real \u2013 no entanto, parecem operar sem um foco estrat\u00e9gico. Queremos mudar isso! Aqui, aprenda como o seu modelo de neg\u00f3cio individual influencia como voc\u00ea deve se posicionar estrategicamente&#8230; Al\u00e9m disso, voc\u00ea receber\u00e1 nosso<\/p>\n","protected":false},"author":3,"featured_media":8612,"parent":104790,"menu_order":0,"comment_status":"closed","ping_status":"closed","template":"","meta":{"sidebar_recommended_resources":{"data":[]},"sidebar_header_settings":{"hide_buttons":{"register":false}},"_use_new_theme":false,"inline_featured_image":false,"footnotes":""},"class_list":["post-104781","page","type-page","status-publish","has-post-thumbnail","hentry"],"yoast_head":"<!-- This site is optimized with the Yoast SEO plugin v26.8 - https:\/\/yoast.com\/product\/yoast-seo-wordpress\/ -->\n<title>E-Book gratuito: A Estrat\u00e9gia Certa para a Amazon | SELLERLOGIC<\/title>\n<meta name=\"description\" content=\"Gratuito. 50 p\u00e1ginas de conhecimento concentrado sobre como encontrar a estrat\u00e9gia certa para o seu neg\u00f3cio na Amazon. Baixe aqui agora.\" \/>\n<meta name=\"robots\" content=\"index, follow, max-snippet:-1, max-image-preview:large, max-video-preview:-1\" \/>\n<link rel=\"canonical\" href=\"https:\/\/www.sellerlogic.com\/pt\/resources\/workbook-the-right-strategy-for-amazon\/\" \/>\n<meta property=\"og:locale\" content=\"pt_PT\" \/>\n<meta property=\"og:type\" content=\"article\" \/>\n<meta property=\"og:title\" content=\"E-Book gratuito: A Estrat\u00e9gia Certa para a Amazon | SELLERLOGIC\" \/>\n<meta property=\"og:description\" content=\"Gratuito. 50 p\u00e1ginas de conhecimento concentrado sobre como encontrar a estrat\u00e9gia certa para o seu neg\u00f3cio na Amazon. Baixe aqui agora.\" \/>\n<meta property=\"og:url\" content=\"https:\/\/www.sellerlogic.com\/pt\/resources\/workbook-the-right-strategy-for-amazon\/\" \/>\n<meta property=\"og:site_name\" content=\"SELLERLOGIC - Smarte Tools f\u00fcr Amazon-Seller\" \/>\n<meta property=\"article:publisher\" content=\"https:\/\/www.facebook.com\/SellerLogic\/\" \/>\n<meta property=\"og:image\" content=\"https:\/\/d2bw95mh2ee04s.cloudfront.net\/prod\/content\/wp-content\/uploads\/2021\/03\/23142638\/header-LP-strategie-amazon-white-overlay.jpg\" \/>\n\t<meta property=\"og:image:width\" content=\"2000\" \/>\n\t<meta property=\"og:image:height\" content=\"1320\" \/>\n\t<meta property=\"og:image:type\" content=\"image\/jpeg\" \/>\n<meta name=\"twitter:card\" content=\"summary_large_image\" \/>\n<meta name=\"twitter:site\" content=\"@sellerlogic\" \/>\n<meta name=\"twitter:label1\" content=\"Est. reading time\" \/>\n\t<meta name=\"twitter:data1\" content=\"2 minutes\" \/>\n<script type=\"application\/ld+json\" class=\"yoast-schema-graph\">{\"@context\":\"https:\/\/schema.org\",\"@graph\":[{\"@type\":\"WebPage\",\"@id\":\"https:\/\/www.sellerlogic.com\/pt\/resources\/workbook-the-right-strategy-for-amazon\/\",\"url\":\"https:\/\/www.sellerlogic.com\/pt\/resources\/workbook-the-right-strategy-for-amazon\/\",\"name\":\"E-Book gratuito: A Estrat\u00e9gia Certa para a Amazon | SELLERLOGIC\",\"isPartOf\":{\"@id\":\"https:\/\/www.sellerlogic.com\/pt\/#website\"},\"primaryImageOfPage\":{\"@id\":\"https:\/\/www.sellerlogic.com\/pt\/resources\/workbook-the-right-strategy-for-amazon\/#primaryimage\"},\"image\":{\"@id\":\"https:\/\/www.sellerlogic.com\/pt\/resources\/workbook-the-right-strategy-for-amazon\/#primaryimage\"},\"thumbnailUrl\":\"https:\/\/d2bw95mh2ee04s.cloudfront.net\/prod\/content\/wp-content\/uploads\/2021\/03\/23142638\/header-LP-strategie-amazon-white-overlay.jpg\",\"datePublished\":\"2021-03-05T13:21:38+00:00\",\"description\":\"Gratuito. 50 p\u00e1ginas de conhecimento concentrado sobre como encontrar a estrat\u00e9gia certa para o seu neg\u00f3cio na Amazon. Baixe aqui agora.\",\"breadcrumb\":{\"@id\":\"https:\/\/www.sellerlogic.com\/pt\/resources\/workbook-the-right-strategy-for-amazon\/#breadcrumb\"},\"inLanguage\":\"pt-AO\",\"potentialAction\":[{\"@type\":\"ReadAction\",\"target\":[\"https:\/\/www.sellerlogic.com\/pt\/resources\/workbook-the-right-strategy-for-amazon\/\"]}]},{\"@type\":\"ImageObject\",\"inLanguage\":\"pt-AO\",\"@id\":\"https:\/\/www.sellerlogic.com\/pt\/resources\/workbook-the-right-strategy-for-amazon\/#primaryimage\",\"url\":\"https:\/\/d2bw95mh2ee04s.cloudfront.net\/prod\/content\/wp-content\/uploads\/2021\/03\/23142638\/header-LP-strategie-amazon-white-overlay.jpg\",\"contentUrl\":\"https:\/\/d2bw95mh2ee04s.cloudfront.net\/prod\/content\/wp-content\/uploads\/2021\/03\/23142638\/header-LP-strategie-amazon-white-overlay.jpg\",\"width\":2000,\"height\":1320,\"caption\":\"Wir zeigen Ihnen, wie Sie die richtige Strategie f\u00fcr Ihr Amazon-Business erstellen!\"},{\"@type\":\"BreadcrumbList\",\"@id\":\"https:\/\/www.sellerlogic.com\/pt\/resources\/workbook-the-right-strategy-for-amazon\/#breadcrumb\",\"itemListElement\":[{\"@type\":\"ListItem\",\"position\":1,\"name\":\"Home\",\"item\":\"https:\/\/www.sellerlogic.com\/pt\/\"},{\"@type\":\"ListItem\",\"position\":2,\"name\":\"Ressourcen PT\",\"item\":\"https:\/\/www.sellerlogic.com\/pt\/resources\/\"},{\"@type\":\"ListItem\",\"position\":3,\"name\":\"Caderno: A estrat\u00e9gia certa para a Amazon\"}]},{\"@type\":\"WebSite\",\"@id\":\"https:\/\/www.sellerlogic.com\/pt\/#website\",\"url\":\"https:\/\/www.sellerlogic.com\/pt\/\",\"name\":\"SELLERLOGIC - Smarte Tools f\u00fcr Amazon-Seller\",\"description\":\"Intelligente Prozessoptimierung und Gewinnmaximierung\",\"publisher\":{\"@id\":\"https:\/\/www.sellerlogic.com\/pt\/#organization\"},\"potentialAction\":[{\"@type\":\"SearchAction\",\"target\":{\"@type\":\"EntryPoint\",\"urlTemplate\":\"https:\/\/www.sellerlogic.com\/pt\/?s={search_term_string}\"},\"query-input\":{\"@type\":\"PropertyValueSpecification\",\"valueRequired\":true,\"valueName\":\"search_term_string\"}}],\"inLanguage\":\"pt-AO\"},{\"@type\":\"Organization\",\"@id\":\"https:\/\/www.sellerlogic.com\/pt\/#organization\",\"name\":\"SELLERLOGIC\",\"url\":\"https:\/\/www.sellerlogic.com\/pt\/\",\"logo\":{\"@type\":\"ImageObject\",\"inLanguage\":\"pt-AO\",\"@id\":\"https:\/\/www.sellerlogic.com\/pt\/#\/schema\/logo\/image\/\",\"url\":\"https:\/\/d2bw95mh2ee04s.cloudfront.net\/prod\/content\/wp-content\/uploads\/2025\/01\/02134814\/Property-Logo-Main.svg\",\"contentUrl\":\"https:\/\/d2bw95mh2ee04s.cloudfront.net\/prod\/content\/wp-content\/uploads\/2025\/01\/02134814\/Property-Logo-Main.svg\",\"width\":184,\"height\":40,\"caption\":\"SELLERLOGIC\"},\"image\":{\"@id\":\"https:\/\/www.sellerlogic.com\/pt\/#\/schema\/logo\/image\/\"},\"sameAs\":[\"https:\/\/www.facebook.com\/SellerLogic\/\",\"https:\/\/x.com\/sellerlogic\",\"https:\/\/www.instagram.com\/sellerlogic\/\",\"https:\/\/www.linkedin.com\/company\/18402037\/\",\"https:\/\/www.youtube.com\/channel\/UC-gULUur-fNj08sprantKsQ\"]}]}<\/script>\n<!-- \/ Yoast SEO plugin. -->","yoast_head_json":{"title":"E-Book gratuito: A Estrat\u00e9gia Certa para a Amazon | SELLERLOGIC","description":"Gratuito. 50 p\u00e1ginas de conhecimento concentrado sobre como encontrar a estrat\u00e9gia certa para o seu neg\u00f3cio na Amazon. Baixe aqui agora.","robots":{"index":"index","follow":"follow","max-snippet":"max-snippet:-1","max-image-preview":"max-image-preview:large","max-video-preview":"max-video-preview:-1"},"canonical":"https:\/\/www.sellerlogic.com\/pt\/resources\/workbook-the-right-strategy-for-amazon\/","og_locale":"pt_PT","og_type":"article","og_title":"E-Book gratuito: A Estrat\u00e9gia Certa para a Amazon | SELLERLOGIC","og_description":"Gratuito. 50 p\u00e1ginas de conhecimento concentrado sobre como encontrar a estrat\u00e9gia certa para o seu neg\u00f3cio na Amazon. Baixe aqui agora.","og_url":"https:\/\/www.sellerlogic.com\/pt\/resources\/workbook-the-right-strategy-for-amazon\/","og_site_name":"SELLERLOGIC - Smarte Tools f\u00fcr Amazon-Seller","article_publisher":"https:\/\/www.facebook.com\/SellerLogic\/","og_image":[{"width":2000,"height":1320,"url":"https:\/\/d2bw95mh2ee04s.cloudfront.net\/prod\/content\/wp-content\/uploads\/2021\/03\/23142638\/header-LP-strategie-amazon-white-overlay.jpg","type":"image\/jpeg"}],"twitter_card":"summary_large_image","twitter_site":"@sellerlogic","twitter_misc":{"Est. reading time":"2 minutes"},"schema":{"@context":"https:\/\/schema.org","@graph":[{"@type":"WebPage","@id":"https:\/\/www.sellerlogic.com\/pt\/resources\/workbook-the-right-strategy-for-amazon\/","url":"https:\/\/www.sellerlogic.com\/pt\/resources\/workbook-the-right-strategy-for-amazon\/","name":"E-Book gratuito: A Estrat\u00e9gia Certa para a Amazon | SELLERLOGIC","isPartOf":{"@id":"https:\/\/www.sellerlogic.com\/pt\/#website"},"primaryImageOfPage":{"@id":"https:\/\/www.sellerlogic.com\/pt\/resources\/workbook-the-right-strategy-for-amazon\/#primaryimage"},"image":{"@id":"https:\/\/www.sellerlogic.com\/pt\/resources\/workbook-the-right-strategy-for-amazon\/#primaryimage"},"thumbnailUrl":"https:\/\/d2bw95mh2ee04s.cloudfront.net\/prod\/content\/wp-content\/uploads\/2021\/03\/23142638\/header-LP-strategie-amazon-white-overlay.jpg","datePublished":"2021-03-05T13:21:38+00:00","description":"Gratuito. 50 p\u00e1ginas de conhecimento concentrado sobre como encontrar a estrat\u00e9gia certa para o seu neg\u00f3cio na Amazon. Baixe aqui agora.","breadcrumb":{"@id":"https:\/\/www.sellerlogic.com\/pt\/resources\/workbook-the-right-strategy-for-amazon\/#breadcrumb"},"inLanguage":"pt-AO","potentialAction":[{"@type":"ReadAction","target":["https:\/\/www.sellerlogic.com\/pt\/resources\/workbook-the-right-strategy-for-amazon\/"]}]},{"@type":"ImageObject","inLanguage":"pt-AO","@id":"https:\/\/www.sellerlogic.com\/pt\/resources\/workbook-the-right-strategy-for-amazon\/#primaryimage","url":"https:\/\/d2bw95mh2ee04s.cloudfront.net\/prod\/content\/wp-content\/uploads\/2021\/03\/23142638\/header-LP-strategie-amazon-white-overlay.jpg","contentUrl":"https:\/\/d2bw95mh2ee04s.cloudfront.net\/prod\/content\/wp-content\/uploads\/2021\/03\/23142638\/header-LP-strategie-amazon-white-overlay.jpg","width":2000,"height":1320,"caption":"Wir zeigen Ihnen, wie Sie die richtige Strategie f\u00fcr Ihr Amazon-Business erstellen!"},{"@type":"BreadcrumbList","@id":"https:\/\/www.sellerlogic.com\/pt\/resources\/workbook-the-right-strategy-for-amazon\/#breadcrumb","itemListElement":[{"@type":"ListItem","position":1,"name":"Home","item":"https:\/\/www.sellerlogic.com\/pt\/"},{"@type":"ListItem","position":2,"name":"Ressourcen PT","item":"https:\/\/www.sellerlogic.com\/pt\/resources\/"},{"@type":"ListItem","position":3,"name":"Caderno: A estrat\u00e9gia certa para a Amazon"}]},{"@type":"WebSite","@id":"https:\/\/www.sellerlogic.com\/pt\/#website","url":"https:\/\/www.sellerlogic.com\/pt\/","name":"SELLERLOGIC - Smarte Tools f\u00fcr Amazon-Seller","description":"Intelligente Prozessoptimierung und Gewinnmaximierung","publisher":{"@id":"https:\/\/www.sellerlogic.com\/pt\/#organization"},"potentialAction":[{"@type":"SearchAction","target":{"@type":"EntryPoint","urlTemplate":"https:\/\/www.sellerlogic.com\/pt\/?s={search_term_string}"},"query-input":{"@type":"PropertyValueSpecification","valueRequired":true,"valueName":"search_term_string"}}],"inLanguage":"pt-AO"},{"@type":"Organization","@id":"https:\/\/www.sellerlogic.com\/pt\/#organization","name":"SELLERLOGIC","url":"https:\/\/www.sellerlogic.com\/pt\/","logo":{"@type":"ImageObject","inLanguage":"pt-AO","@id":"https:\/\/www.sellerlogic.com\/pt\/#\/schema\/logo\/image\/","url":"https:\/\/d2bw95mh2ee04s.cloudfront.net\/prod\/content\/wp-content\/uploads\/2025\/01\/02134814\/Property-Logo-Main.svg","contentUrl":"https:\/\/d2bw95mh2ee04s.cloudfront.net\/prod\/content\/wp-content\/uploads\/2025\/01\/02134814\/Property-Logo-Main.svg","width":184,"height":40,"caption":"SELLERLOGIC"},"image":{"@id":"https:\/\/www.sellerlogic.com\/pt\/#\/schema\/logo\/image\/"},"sameAs":["https:\/\/www.facebook.com\/SellerLogic\/","https:\/\/x.com\/sellerlogic","https:\/\/www.instagram.com\/sellerlogic\/","https:\/\/www.linkedin.com\/company\/18402037\/","https:\/\/www.youtube.com\/channel\/UC-gULUur-fNj08sprantKsQ"]}]}},"_links":{"self":[{"href":"https:\/\/www.sellerlogic.com\/pt\/wp-json\/wp\/v2\/pages\/104781","targetHints":{"allow":["GET"]}}],"collection":[{"href":"https:\/\/www.sellerlogic.com\/pt\/wp-json\/wp\/v2\/pages"}],"about":[{"href":"https:\/\/www.sellerlogic.com\/pt\/wp-json\/wp\/v2\/types\/page"}],"author":[{"embeddable":true,"href":"https:\/\/www.sellerlogic.com\/pt\/wp-json\/wp\/v2\/users\/3"}],"replies":[{"embeddable":true,"href":"https:\/\/www.sellerlogic.com\/pt\/wp-json\/wp\/v2\/comments?post=104781"}],"version-history":[{"count":0,"href":"https:\/\/www.sellerlogic.com\/pt\/wp-json\/wp\/v2\/pages\/104781\/revisions"}],"up":[{"embeddable":true,"href":"https:\/\/www.sellerlogic.com\/pt\/wp-json\/wp\/v2\/pages\/104790"}],"wp:featuredmedia":[{"embeddable":true,"href":"https:\/\/www.sellerlogic.com\/pt\/wp-json\/wp\/v2\/media\/8612"}],"wp:attachment":[{"href":"https:\/\/www.sellerlogic.com\/pt\/wp-json\/wp\/v2\/media?parent=104781"}],"curies":[{"name":"wp","href":"https:\/\/api.w.org\/{rel}","templated":true}]}}