
{"id":104799,"date":"2020-12-18T08:11:11","date_gmt":"2020-12-18T08:11:11","guid":{"rendered":"https:\/\/127.0.0.1\/resources\/success-story-meinemarkenmode\/"},"modified":"2020-12-18T08:11:11","modified_gmt":"2020-12-18T08:11:11","slug":"success-story-meinemarkenmode","status":"publish","type":"page","link":"https:\/\/www.sellerlogic.com\/pt\/resources\/success-story-meinemarkenmode\/","title":{"rendered":"Hist\u00f3ria de Sucesso: meinemarkenmode.de EN"},"content":{"rendered":"\n\t<div  class=\"theme-wp-block theme-block-main-header is-style-full-height desktop-align-full xl-align-full lg-align-full md-align-full sm-align-full desktop-content-align-y-center desktop-content-align-x-center xl-content-align-y-center xl-content-align-x-center lg-content-align-y-center lg-content-align-x-center md-content-align-y-center md-content-align-x-center sm-content-align-y-center sm-content-align-x-center gb-responsive-720212-identifier theme-block-cover\">\n\t\t<div class=\"bg-cover theme-lazy-load-bg\"><\/div>\n\t\t<div class=\"wrap-content-main-header\">\n\t\t\t\t\t<div  class=\"theme-wp-block theme-block-text-and-text desktop-align-wide xl-align-wide lg-align-wide md-align-wide sm-align-wide gb-responsive-366658-identifier desktop-blockDirection-column xl-blockDirection-column lg-blockDirection-column md-blockDirection-column sm-blockDirection-column\">\n\t\t<div class=\"tat-column-wrap-wrapper\">\n\t\t\t<div class=\"tat-column-wrapper\">\n\t\t\t\t\t<div  class=\"theme-wp-block theme-block-text-and-text-column gb-responsive-923660-identifier desktop-horizontal-center xl-horizontal-center lg-horizontal-center md-horizontal-center sm-horizontal-center\">\n\t\t<div class=\"inner-wrap-column-content\">\n\t\t\t<div class=\"inner-column-content\">\n\t\t\t\t\t\t<p  class=\"theme-wp-block theme-block-heading is-style-default desktop-text-center xl-text-center lg-text-center md-text-center sm-text-center gb-responsive-948994-identifier h2\">\n\t\tMais Dinheiro, Menos Problemas\t<\/p>\n\n\t\t<h1  class=\"theme-wp-block theme-block-heading gb-responsive-522772-identifier is-style-default desktop-text-center xl-text-center lg-text-center md-text-center sm-text-center h1\">\n\t\tComo meinemarkenmode Recebeu um Reembolso de 6 D\u00edgitos da Amazon\t<\/h1>\n\n\t\t\t<\/div>\n\t\t<\/div>\n\t<\/div>\n\t<div  class=\"theme-wp-block theme-block-text-and-text-column gb-responsive-441362-identifier\">\n\t\t<div class=\"inner-wrap-column-content\">\n\t\t\t<div class=\"inner-column-content\">\n\t\t\t\t\t\t\t<\/div>\n\t\t<\/div>\n\t<\/div>\n\t\t\t<\/div>\n\t\t<\/div>\n\t<\/div>\n\n\t\t<\/div>\n\t<\/div>\n\n<div style=\"height:50px\" aria-hidden=\"true\" class=\"theme-wp-block wp-block-spacer\"><\/div><div class=\"theme-wp-block wp-block-columns gb-responsive-34913-identifier is-layout-flex wp-container-core-columns-is-layout-9d6595d7 wp-block-columns-is-layout-flex\"><div class=\"theme-wp-block wp-block-column gb-responsive-118097-identifier is-layout-flow wp-block-column-is-layout-flow\" style=\"flex-basis:25%\"><figure class=\"theme-wp-block wp-block-image size-large is-resized gb-responsive-62921-identifier\"><img decoding=\"async\" src=\"https:\/\/d2bw95mh2ee04s.cloudfront.net\/prod\/content\/wp-content\/uploads\/2020\/12\/23142728\/MMM-Logo_2-844x154.png\" alt=\"Hist\u00f3ria de Sucesso: meinemarkenmode.de EN\" class=\"wp-image-4742\" width=\"300\" height=\"55\" srcset=\"https:\/\/d2bw95mh2ee04s.cloudfront.net\/prod\/content\/wp-content\/uploads\/2020\/12\/23142728\/MMM-Logo_2-407x74.png 407w, https:\/\/d2bw95mh2ee04s.cloudfront.net\/prod\/content\/wp-content\/uploads\/2020\/12\/23142728\/MMM-Logo_2-768x141.png 768w, https:\/\/d2bw95mh2ee04s.cloudfront.net\/prod\/content\/wp-content\/uploads\/2020\/12\/23142728\/MMM-Logo_2-844x154.png 844w, https:\/\/d2bw95mh2ee04s.cloudfront.net\/prod\/content\/wp-content\/uploads\/2020\/12\/23142728\/MMM-Logo_2.png 1000w\" sizes=\"(max-width: 300px) 100vw, 300px\" \/><\/figure><p class=\"theme-wp-block gb-responsive-595107-identifier\"><strong>Funda\u00e7\u00e3o:<\/strong><br>2009<\/p><p class=\"theme-wp-block gb-responsive-627172-identifier\"><strong>Ind\u00fastria:<\/strong><br>Moda<\/p><p class=\"theme-wp-block gb-responsive-331586-identifier\"><strong>Itens na Amazon:\u00a0<\/strong><br>30.000<\/p><p class=\"theme-wp-block gb-responsive-485766-identifier\"><strong>Envios:<\/strong><br>aprox. 150.000 por m\u00eas<\/p><\/div><div class=\"theme-wp-block wp-block-column gb-responsive-36942-identifier is-layout-flow wp-block-column-is-layout-flow\" style=\"flex-basis:50%\"><h3 class=\"theme-wp-block wp-block-heading gb-responsive-34353-identifier\" id=\"block-c06fce04-ef87-4ffc-a3d6-b768ba377d17\">Fundo:<\/h3><p class=\"theme-wp-block gb-responsive-767855-identifier desktop-gb-has-no-icon xl-gb-has-no-icon lg-gb-has-no-icon md-gb-has-no-icon sm-gb-has-no-icon\">Com todo o invent\u00e1rio a entrar e sair dos seus armaz\u00e9ns, Alexander Charatzoglou estava ciente de que erros eram inevit\u00e1veis. At\u00e9 agora, a empresa de venda por correspond\u00eancia n\u00e3o tinha um processo que permitisse a identifica\u00e7\u00e3o de cada erro que estava a acontecer, at\u00e9 que Alexander visitou um workshop para vendedores da Amazon que forneceu uma solu\u00e7\u00e3o.<\/p><p class=\"theme-wp-block desktop-gb-has-no-icon xl-gb-has-no-icon lg-gb-has-no-icon md-gb-has-no-icon sm-gb-has-no-icon gb-responsive-7132-identifier\">A hist\u00f3ria de meinmarkenmode.de parece muito com o prot\u00f3tipo do Sonho Americano.<\/p><p class=\"theme-wp-block desktop-gb-has-no-icon xl-gb-has-no-icon lg-gb-has-no-icon md-gb-has-no-icon sm-gb-has-no-icon gb-responsive-663910-identifier\">Para financiar os seus estudos, o atual diretor-geral Eugen Allerborn come\u00e7ou a negociar no eBay em 2009. \u00c0 medida que a empresa crescia, ele teve que enfrentar a decis\u00e3o de completar os seus estudos ou abandonar a universidade e dedicar todo o seu tempo ao seu trabalho. Ele escolheu a \u00faltima op\u00e7\u00e3o: uma decis\u00e3o que levou a muito trabalho \u00e1rduo, mas a ainda mais sucesso. Hoje, juntamente com o seu parceiro de neg\u00f3cios e amigo Timo Bethlehem, ele dirige um neg\u00f3cio online de sucesso com 50 funcion\u00e1rios em duas localiza\u00e7\u00f5es.<\/p><h3 class=\"theme-wp-block wp-block-heading gb-responsive-182281-identifier desktop-gb-has-no-icon xl-gb-has-no-icon lg-gb-has-no-icon md-gb-has-no-icon sm-gb-has-no-icon\">Come\u00e7ando:<\/h3><p class=\"theme-wp-block gb-responsive-262664-identifier desktop-gb-has-no-icon xl-gb-has-no-icon lg-gb-has-no-icon md-gb-has-no-icon sm-gb-has-no-icon\">\u201cEstava claro para n\u00f3s que est\u00e1vamos a perder stock nos armaz\u00e9ns FBA. Com mais de 30.000 itens em 20 armaz\u00e9ns e os movimentos de stock resultantes, isso \u00e9 inevit\u00e1vel\u201d, explica Alexander, que trabalha como Chefe de Gest\u00e3o de Vendas na meinemarkenmode.de desde 2012. \u201cMas, como \u00e9 t\u00e3o frequentemente o caso, havia muitas outras tarefas que eram dadas uma prioridade mais alta. Al\u00e9m disso, faltava-nos a capacidade de verificar os processos manualmente\u201d.<\/p><p class=\"theme-wp-block gb-responsive-587817-identifier desktop-gb-has-no-icon xl-gb-has-no-icon lg-gb-has-no-icon md-gb-has-no-icon sm-gb-has-no-icon\">Isto s\u00f3 mudou quando Alexander teve uma conversa sobre este t\u00f3pico com um colega retalhista durante um workshop da Amazon. \u201cO meu colega retalhista era um dos clientes piloto de SELLERLOGIC Lost &#038; Found. Quando ele me contou sobre um reembolso inicial no valor de um carro pequeno, fiquei t\u00e3o impressionado que experimentar esta ferramenta estava no topo da minha lista de prioridades,\u201d lembra Alexander.<\/p><h3 class=\"theme-wp-block wp-block-heading gb-responsive-115756-identifier\">Solu\u00e7\u00e3o:<\/h3><p class=\"theme-wp-block gb-responsive-231780-identifier\">Com base na experi\u00eancia positiva do seu colega retalhista, nenhuma outra solu\u00e7\u00e3o al\u00e9m de Lost &#038; Found foi considerada para meinmarkenmode.de.<\/p><p class=\"theme-wp-block gb-responsive-392728-identifier desktop-gb-has-no-icon xl-gb-has-no-icon lg-gb-has-no-icon md-gb-has-no-icon sm-gb-has-no-icon\"><br>Alexander recorda as primeiras experi\u00eancias com o software da SELLERLOGIC: \u201cA integra\u00e7\u00e3o com a SELLERLOGIC foi extremamente f\u00e1cil e agrad\u00e1vel. A solu\u00e7\u00e3o \u00e9 intuitiva e pode ser utilizada por qualquer pessoa ap\u00f3s um curto per\u00edodo de forma\u00e7\u00e3o. Desde que lan\u00e7\u00e1mos, n\u00e3o houve necessidade de qualquer suporte. Nem mesmo quando entreg\u00e1mos a gest\u00e3o de casos a novos funcion\u00e1rios \u2013 isso \u00e9 bastante not\u00e1vel!\u201d. Ap\u00f3s um momento, ele acrescenta: \u201cA ferramenta \u00e9 tamb\u00e9m incrivelmente eficiente. Por tr\u00e1s da sua opera\u00e7\u00e3o intuitiva, existe um sistema muito sofisticado que simplifica imenso o processamento de casos.\u201d<\/p><div class=\"theme-block-group-wrap\"><div class=\"theme-wp-block wp-block-group gb-responsive-88118-identifier\">\t\t<div  class=\"theme-wp-block theme-block-user-card gb-responsive-799176-identifier is-style-full-width-line desktop-gb-has-no-icon xl-gb-has-no-icon lg-gb-has-no-icon md-gb-has-no-icon sm-gb-has-no-icon\">\n\t\t<div class=\"wrap-inner-content\">\n\t\t\t<div class=\"card-user-head\">\n\t\t\t\t<div class=\"card-user-avatar\">\n\t\t\t\t\t<div class=\"cover-avatar\" style=\"background-image: url(https:\/\/d2bw95mh2ee04s.cloudfront.net\/prod\/content\/wp-content\/uploads\/2020\/12\/23142728\/alexander_charatzoglou_raute.png);\"><\/div>\n\t\t\t\t<\/div>\n\t\t\t\t<div class=\"wrap-title\">\n\t\t\t\t\t<div class=\"card-user-name\">\n\t\t\t\t\t\t<div class=\"title\">\n\t\t\t\t\t\t\t<h3 class=\"heading-text\"><strong>Alexander Charatzoglou<\/strong><\/h3>\n\t\t\t\t\t\t<\/div>\n\t\t\t\t\t\t<div class=\"card-user-position\">\n\t\t\t\t\t\t\t<div class=\"card-text\"><strong>Chefe de gest\u00e3o de vendas na meinemarkenmode.de<\/strong><\/div>\n\t\t\t\t\t\t<\/div>\n\t\t\t\t\t<\/div>\n\t\t\t\t\t<div class=\"card-user-quote-icon\">\n\t\t\t\t\t<\/div>\n\t\t\t\t<\/div>\n\t\t\t<\/div>\n\t\t\t<div class=\"card-user-text\">\n\t\t\t\t<div class=\"card-text\"><p>&#8220;SELLERLOGIC Lost &amp; Found \u00e9 uma verdadeira solu\u00e7\u00e3o sem complica\u00e7\u00f5es. E n\u00e3o apenas em termos econ\u00f3micos. Os baixos custos, a ferramenta, a tecnologia por tr\u00e1s dela, os servi\u00e7os e a equipa por tr\u00e1s disso \u2013 simplesmente tudo \u2013 contribui para a nossa total satisfa\u00e7\u00e3o.&#8221;<\/p><p><\/p><\/div>\n\t\t\t<\/div>\n\t\t<\/div>\n\t<\/div>\n\n<\/div><\/div><h3 class=\"theme-wp-block wp-block-heading gb-responsive-595368-identifier\">Resultados Bem-Sucedidos com SELLERLOGIC:<\/h3><p class=\"theme-wp-block gb-responsive-905876-identifier desktop-gb-has-no-icon xl-gb-has-no-icon lg-gb-has-no-icon md-gb-has-no-icon sm-gb-has-no-icon\">Desde o seu lan\u00e7amento com SELLERLOGIC Lost &#038; Found, meinmarkenmode.de conseguiu reivindicar reembolsos no valor de aproximadamente 200.000 Euros. \u201cIsto j\u00e1 n\u00e3o \u00e9 um carro pequeno, mas uma casa inteira,\u201d ri Alexander.<\/p><p class=\"theme-wp-block gb-responsive-208143-identifier desktop-gb-has-no-icon xl-gb-has-no-icon lg-gb-has-no-icon md-gb-has-no-icon sm-gb-has-no-icon\">Assim, a verdadeira perda de stock nos armaz\u00e9ns FBA superou claramente as expectativas da empresa. Ao mesmo tempo, meinmarkenmode.de beneficia do sistema sofisticado, que tamb\u00e9m encontra erros que provavelmente permaneceriam indetect\u00e1veis se procurados manualmente. Para Alexander, o contacto humano com a SELLERLOGIC \u00e9 igualmente importante. Para ele, a SELLERLOGIC n\u00e3o \u00e9 apenas uma ferramenta que a sua empresa utiliza, ele tamb\u00e9m aprecia toda a equipa e o seu servi\u00e7o.<\/p><p class=\"theme-wp-block gb-responsive-355671-identifier desktop-gb-has-no-icon xl-gb-has-no-icon lg-gb-has-no-icon md-gb-has-no-icon sm-gb-has-no-icon\">Para concluir, ele encontra palavras claras de elogio: \u201cSELLERLOGIC Lost &#038; Found \u00e9 uma verdadeira solu\u00e7\u00e3o sem complica\u00e7\u00f5es. E n\u00e3o apenas em termos econ\u00f3micos. Os baixos custos, a ferramenta, a tecnologia por tr\u00e1s dela, os servi\u00e7os e a equipa por tr\u00e1s disso \u2013 simplesmente tudo \u2013 contribui para a nossa total satisfa\u00e7\u00e3o\u201c.<\/p><div class=\"theme-wp-block wp-block-buttons gb-responsive-497426-identifier is-layout-flex wp-block-buttons-is-layout-flex\"><div class=\"theme-wp-block wp-block-button gb-responsive-38220-identifier is-style-theme-transparent-with-arrow\"><a class=\"wp-block-button__link wp-element-button\" href=\"https:\/\/d2bw95mh2ee04s.cloudfront.net\/prod\/content\/files\/SUCCESS-STORIES\/EN\/NEU_SELLERLOGIC_Success-Story_meinemarkenmode_EN.pdf\" target=\"_blank\" rel=\"noreferrer noopener nofollow\">Baixar agora!<\/a><\/div><\/div><\/div><div class=\"theme-wp-block wp-block-column gb-responsive-638649-identifier is-layout-flow wp-block-column-is-layout-flow\" style=\"flex-basis:25%\"><\/div><\/div><p class=\"theme-wp-block gb-responsive-554668-identifier\"><\/p>","protected":false},"excerpt":{"rendered":"<p>Funda\u00e7\u00e3o:2009 Ind\u00fastria:Moda Itens na Amazon:\u00a030.000 Envios:aprox. 150.000 por m\u00eas Fundo: Com todo o invent\u00e1rio a entrar e sair dos seus armaz\u00e9ns, Alexander Charatzoglou estava ciente de que erros eram inevit\u00e1veis. At\u00e9 agora, a empresa de venda por correspond\u00eancia n\u00e3o tinha um processo que permitisse a identifica\u00e7\u00e3o de cada erro que estava a acontecer, at\u00e9 que<\/p>\n","protected":false},"author":3,"featured_media":0,"parent":104790,"menu_order":0,"comment_status":"closed","ping_status":"closed","template":"","meta":{"sidebar_recommended_resources":{"data":[]},"sidebar_header_settings":{"hide_buttons":{"register":false}},"_use_new_theme":false,"inline_featured_image":false,"footnotes":""},"class_list":["post-104799","page","type-page","status-publish","hentry"],"yoast_head":"<!-- This site is optimized with the Yoast SEO plugin v26.8 - https:\/\/yoast.com\/product\/yoast-seo-wordpress\/ -->\n<title>Como obter reembolso de 6 d\u00edgitos da Amazon | SELLERLOGIC<\/title>\n<meta name=\"description\" content=\"SELLERLOGIC Lost &amp; Found analisa todos os erros do FBA. Leia aqui como meinemarkenmode.de obteve reembolsos no valor de uma casa unifamiliar!\" \/>\n<meta name=\"robots\" content=\"index, follow, max-snippet:-1, max-image-preview:large, max-video-preview:-1\" \/>\n<link rel=\"canonical\" href=\"https:\/\/www.sellerlogic.com\/pt\/resources\/success-story-meinemarkenmode\/\" \/>\n<meta property=\"og:locale\" content=\"pt_PT\" \/>\n<meta property=\"og:type\" content=\"article\" \/>\n<meta property=\"og:title\" content=\"Como obter reembolso de 6 d\u00edgitos da Amazon | SELLERLOGIC\" \/>\n<meta property=\"og:description\" content=\"SELLERLOGIC Lost &amp; Found analisa todos os erros do FBA. Leia aqui como meinemarkenmode.de obteve reembolsos no valor de uma casa unifamiliar!\" \/>\n<meta property=\"og:url\" content=\"https:\/\/www.sellerlogic.com\/pt\/resources\/success-story-meinemarkenmode\/\" \/>\n<meta property=\"og:site_name\" content=\"SELLERLOGIC - Smarte Tools f\u00fcr Amazon-Seller\" \/>\n<meta property=\"article:publisher\" content=\"https:\/\/www.facebook.com\/SellerLogic\/\" \/>\n<meta property=\"og:image\" content=\"https:\/\/www.sellerlogic.com\/wp-content\/uploads\/2020\/12\/MMM-Logo_2-844x154.png\" \/>\n<meta name=\"twitter:card\" content=\"summary_large_image\" \/>\n<meta name=\"twitter:site\" content=\"@sellerlogic\" \/>\n<meta name=\"twitter:label1\" content=\"Est. reading time\" \/>\n\t<meta name=\"twitter:data1\" content=\"3 minutes\" \/>\n<script type=\"application\/ld+json\" class=\"yoast-schema-graph\">{\"@context\":\"https:\/\/schema.org\",\"@graph\":[{\"@type\":\"WebPage\",\"@id\":\"https:\/\/www.sellerlogic.com\/pt\/resources\/success-story-meinemarkenmode\/\",\"url\":\"https:\/\/www.sellerlogic.com\/pt\/resources\/success-story-meinemarkenmode\/\",\"name\":\"Como obter reembolso de 6 d\u00edgitos da Amazon | SELLERLOGIC\",\"isPartOf\":{\"@id\":\"https:\/\/www.sellerlogic.com\/pt\/#website\"},\"primaryImageOfPage\":{\"@id\":\"https:\/\/www.sellerlogic.com\/pt\/resources\/success-story-meinemarkenmode\/#primaryimage\"},\"image\":{\"@id\":\"https:\/\/www.sellerlogic.com\/pt\/resources\/success-story-meinemarkenmode\/#primaryimage\"},\"thumbnailUrl\":\"https:\/\/www.sellerlogic.com\/wp-content\/uploads\/2020\/12\/MMM-Logo_2-844x154.png\",\"datePublished\":\"2020-12-18T08:11:11+00:00\",\"description\":\"SELLERLOGIC Lost & Found analisa todos os erros do FBA. Leia aqui como meinemarkenmode.de obteve reembolsos no valor de uma casa unifamiliar!\",\"breadcrumb\":{\"@id\":\"https:\/\/www.sellerlogic.com\/pt\/resources\/success-story-meinemarkenmode\/#breadcrumb\"},\"inLanguage\":\"pt-AO\",\"potentialAction\":[{\"@type\":\"ReadAction\",\"target\":[\"https:\/\/www.sellerlogic.com\/pt\/resources\/success-story-meinemarkenmode\/\"]}]},{\"@type\":\"ImageObject\",\"inLanguage\":\"pt-AO\",\"@id\":\"https:\/\/www.sellerlogic.com\/pt\/resources\/success-story-meinemarkenmode\/#primaryimage\",\"url\":\"https:\/\/www.sellerlogic.com\/wp-content\/uploads\/2020\/12\/MMM-Logo_2-844x154.png\",\"contentUrl\":\"https:\/\/www.sellerlogic.com\/wp-content\/uploads\/2020\/12\/MMM-Logo_2-844x154.png\"},{\"@type\":\"BreadcrumbList\",\"@id\":\"https:\/\/www.sellerlogic.com\/pt\/resources\/success-story-meinemarkenmode\/#breadcrumb\",\"itemListElement\":[{\"@type\":\"ListItem\",\"position\":1,\"name\":\"Home\",\"item\":\"https:\/\/www.sellerlogic.com\/pt\/\"},{\"@type\":\"ListItem\",\"position\":2,\"name\":\"Ressourcen PT\",\"item\":\"https:\/\/www.sellerlogic.com\/pt\/resources\/\"},{\"@type\":\"ListItem\",\"position\":3,\"name\":\"Hist\u00f3ria de Sucesso: meinemarkenmode.de EN\"}]},{\"@type\":\"WebSite\",\"@id\":\"https:\/\/www.sellerlogic.com\/pt\/#website\",\"url\":\"https:\/\/www.sellerlogic.com\/pt\/\",\"name\":\"SELLERLOGIC - Smarte Tools f\u00fcr Amazon-Seller\",\"description\":\"Intelligente Prozessoptimierung und Gewinnmaximierung\",\"publisher\":{\"@id\":\"https:\/\/www.sellerlogic.com\/pt\/#organization\"},\"potentialAction\":[{\"@type\":\"SearchAction\",\"target\":{\"@type\":\"EntryPoint\",\"urlTemplate\":\"https:\/\/www.sellerlogic.com\/pt\/?s={search_term_string}\"},\"query-input\":{\"@type\":\"PropertyValueSpecification\",\"valueRequired\":true,\"valueName\":\"search_term_string\"}}],\"inLanguage\":\"pt-AO\"},{\"@type\":\"Organization\",\"@id\":\"https:\/\/www.sellerlogic.com\/pt\/#organization\",\"name\":\"SELLERLOGIC\",\"url\":\"https:\/\/www.sellerlogic.com\/pt\/\",\"logo\":{\"@type\":\"ImageObject\",\"inLanguage\":\"pt-AO\",\"@id\":\"https:\/\/www.sellerlogic.com\/pt\/#\/schema\/logo\/image\/\",\"url\":\"https:\/\/d2bw95mh2ee04s.cloudfront.net\/prod\/content\/wp-content\/uploads\/2025\/01\/02134814\/Property-Logo-Main.svg\",\"contentUrl\":\"https:\/\/d2bw95mh2ee04s.cloudfront.net\/prod\/content\/wp-content\/uploads\/2025\/01\/02134814\/Property-Logo-Main.svg\",\"width\":184,\"height\":40,\"caption\":\"SELLERLOGIC\"},\"image\":{\"@id\":\"https:\/\/www.sellerlogic.com\/pt\/#\/schema\/logo\/image\/\"},\"sameAs\":[\"https:\/\/www.facebook.com\/SellerLogic\/\",\"https:\/\/x.com\/sellerlogic\",\"https:\/\/www.instagram.com\/sellerlogic\/\",\"https:\/\/www.linkedin.com\/company\/18402037\/\",\"https:\/\/www.youtube.com\/channel\/UC-gULUur-fNj08sprantKsQ\"]}]}<\/script>\n<!-- \/ Yoast SEO plugin. -->","yoast_head_json":{"title":"Como obter reembolso de 6 d\u00edgitos da Amazon | SELLERLOGIC","description":"SELLERLOGIC Lost & Found analisa todos os erros do FBA. Leia aqui como meinemarkenmode.de obteve reembolsos no valor de uma casa unifamiliar!","robots":{"index":"index","follow":"follow","max-snippet":"max-snippet:-1","max-image-preview":"max-image-preview:large","max-video-preview":"max-video-preview:-1"},"canonical":"https:\/\/www.sellerlogic.com\/pt\/resources\/success-story-meinemarkenmode\/","og_locale":"pt_PT","og_type":"article","og_title":"Como obter reembolso de 6 d\u00edgitos da Amazon | SELLERLOGIC","og_description":"SELLERLOGIC Lost & Found analisa todos os erros do FBA. Leia aqui como meinemarkenmode.de obteve reembolsos no valor de uma casa unifamiliar!","og_url":"https:\/\/www.sellerlogic.com\/pt\/resources\/success-story-meinemarkenmode\/","og_site_name":"SELLERLOGIC - Smarte Tools f\u00fcr Amazon-Seller","article_publisher":"https:\/\/www.facebook.com\/SellerLogic\/","og_image":[{"url":"https:\/\/www.sellerlogic.com\/wp-content\/uploads\/2020\/12\/MMM-Logo_2-844x154.png","type":"","width":"","height":""}],"twitter_card":"summary_large_image","twitter_site":"@sellerlogic","twitter_misc":{"Est. reading time":"3 minutes"},"schema":{"@context":"https:\/\/schema.org","@graph":[{"@type":"WebPage","@id":"https:\/\/www.sellerlogic.com\/pt\/resources\/success-story-meinemarkenmode\/","url":"https:\/\/www.sellerlogic.com\/pt\/resources\/success-story-meinemarkenmode\/","name":"Como obter reembolso de 6 d\u00edgitos da Amazon | SELLERLOGIC","isPartOf":{"@id":"https:\/\/www.sellerlogic.com\/pt\/#website"},"primaryImageOfPage":{"@id":"https:\/\/www.sellerlogic.com\/pt\/resources\/success-story-meinemarkenmode\/#primaryimage"},"image":{"@id":"https:\/\/www.sellerlogic.com\/pt\/resources\/success-story-meinemarkenmode\/#primaryimage"},"thumbnailUrl":"https:\/\/www.sellerlogic.com\/wp-content\/uploads\/2020\/12\/MMM-Logo_2-844x154.png","datePublished":"2020-12-18T08:11:11+00:00","description":"SELLERLOGIC Lost & Found analisa todos os erros do FBA. Leia aqui como meinemarkenmode.de obteve reembolsos no valor de uma casa unifamiliar!","breadcrumb":{"@id":"https:\/\/www.sellerlogic.com\/pt\/resources\/success-story-meinemarkenmode\/#breadcrumb"},"inLanguage":"pt-AO","potentialAction":[{"@type":"ReadAction","target":["https:\/\/www.sellerlogic.com\/pt\/resources\/success-story-meinemarkenmode\/"]}]},{"@type":"ImageObject","inLanguage":"pt-AO","@id":"https:\/\/www.sellerlogic.com\/pt\/resources\/success-story-meinemarkenmode\/#primaryimage","url":"https:\/\/www.sellerlogic.com\/wp-content\/uploads\/2020\/12\/MMM-Logo_2-844x154.png","contentUrl":"https:\/\/www.sellerlogic.com\/wp-content\/uploads\/2020\/12\/MMM-Logo_2-844x154.png"},{"@type":"BreadcrumbList","@id":"https:\/\/www.sellerlogic.com\/pt\/resources\/success-story-meinemarkenmode\/#breadcrumb","itemListElement":[{"@type":"ListItem","position":1,"name":"Home","item":"https:\/\/www.sellerlogic.com\/pt\/"},{"@type":"ListItem","position":2,"name":"Ressourcen PT","item":"https:\/\/www.sellerlogic.com\/pt\/resources\/"},{"@type":"ListItem","position":3,"name":"Hist\u00f3ria de Sucesso: meinemarkenmode.de EN"}]},{"@type":"WebSite","@id":"https:\/\/www.sellerlogic.com\/pt\/#website","url":"https:\/\/www.sellerlogic.com\/pt\/","name":"SELLERLOGIC - Smarte Tools f\u00fcr Amazon-Seller","description":"Intelligente Prozessoptimierung und Gewinnmaximierung","publisher":{"@id":"https:\/\/www.sellerlogic.com\/pt\/#organization"},"potentialAction":[{"@type":"SearchAction","target":{"@type":"EntryPoint","urlTemplate":"https:\/\/www.sellerlogic.com\/pt\/?s={search_term_string}"},"query-input":{"@type":"PropertyValueSpecification","valueRequired":true,"valueName":"search_term_string"}}],"inLanguage":"pt-AO"},{"@type":"Organization","@id":"https:\/\/www.sellerlogic.com\/pt\/#organization","name":"SELLERLOGIC","url":"https:\/\/www.sellerlogic.com\/pt\/","logo":{"@type":"ImageObject","inLanguage":"pt-AO","@id":"https:\/\/www.sellerlogic.com\/pt\/#\/schema\/logo\/image\/","url":"https:\/\/d2bw95mh2ee04s.cloudfront.net\/prod\/content\/wp-content\/uploads\/2025\/01\/02134814\/Property-Logo-Main.svg","contentUrl":"https:\/\/d2bw95mh2ee04s.cloudfront.net\/prod\/content\/wp-content\/uploads\/2025\/01\/02134814\/Property-Logo-Main.svg","width":184,"height":40,"caption":"SELLERLOGIC"},"image":{"@id":"https:\/\/www.sellerlogic.com\/pt\/#\/schema\/logo\/image\/"},"sameAs":["https:\/\/www.facebook.com\/SellerLogic\/","https:\/\/x.com\/sellerlogic","https:\/\/www.instagram.com\/sellerlogic\/","https:\/\/www.linkedin.com\/company\/18402037\/","https:\/\/www.youtube.com\/channel\/UC-gULUur-fNj08sprantKsQ"]}]}},"_links":{"self":[{"href":"https:\/\/www.sellerlogic.com\/pt\/wp-json\/wp\/v2\/pages\/104799","targetHints":{"allow":["GET"]}}],"collection":[{"href":"https:\/\/www.sellerlogic.com\/pt\/wp-json\/wp\/v2\/pages"}],"about":[{"href":"https:\/\/www.sellerlogic.com\/pt\/wp-json\/wp\/v2\/types\/page"}],"author":[{"embeddable":true,"href":"https:\/\/www.sellerlogic.com\/pt\/wp-json\/wp\/v2\/users\/3"}],"replies":[{"embeddable":true,"href":"https:\/\/www.sellerlogic.com\/pt\/wp-json\/wp\/v2\/comments?post=104799"}],"version-history":[{"count":0,"href":"https:\/\/www.sellerlogic.com\/pt\/wp-json\/wp\/v2\/pages\/104799\/revisions"}],"up":[{"embeddable":true,"href":"https:\/\/www.sellerlogic.com\/pt\/wp-json\/wp\/v2\/pages\/104790"}],"wp:attachment":[{"href":"https:\/\/www.sellerlogic.com\/pt\/wp-json\/wp\/v2\/media?parent=104799"}],"curies":[{"name":"wp","href":"https:\/\/api.w.org\/{rel}","templated":true}]}}