
{"id":104802,"date":"2020-12-18T10:43:41","date_gmt":"2020-12-18T10:43:41","guid":{"rendered":"https:\/\/127.0.0.1\/resources\/success-story-samtige-haut\/"},"modified":"2020-12-18T10:43:41","modified_gmt":"2020-12-18T10:43:41","slug":"success-story-samtige-haut","status":"publish","type":"page","link":"https:\/\/www.sellerlogic.com\/pt\/resources\/success-story-samtige-haut\/","title":{"rendered":"Success Story: Samtige Haut EN"},"content":{"rendered":"\n\t<div  class=\"theme-wp-block theme-block-main-header is-style-full-height desktop-align-full xl-align-full lg-align-full md-align-full sm-align-full desktop-content-align-y-center desktop-content-align-x-center xl-content-align-y-center xl-content-align-x-center lg-content-align-y-center lg-content-align-x-center md-content-align-y-center md-content-align-x-center sm-content-align-y-center sm-content-align-x-center gb-responsive-911782-identifier theme-block-cover\">\n\t\t<div class=\"bg-cover theme-lazy-load-bg\"><\/div>\n\t\t<div class=\"wrap-content-main-header\">\n\t\t\t\t\t<div  class=\"theme-wp-block theme-block-text-and-text desktop-blockDirection-row xl-blockDirection-row lg-blockDirection-row md-blockDirection-row sm-blockDirection-row gb-responsive-289238-identifier desktop-align-full xl-align-full lg-align-full md-align-full sm-align-full alignfull\">\n\t\t<div class=\"tat-column-wrap-wrapper\">\n\t\t\t<div class=\"tat-column-wrapper\">\n\t\t\t\t\t<div  class=\"theme-wp-block theme-block-text-and-text-column gb-responsive-421034-identifier desktop-horizontal-center xl-horizontal-center lg-horizontal-center md-horizontal-center sm-horizontal-center\">\n\t\t<div class=\"inner-wrap-column-content\">\n\t\t\t<div class=\"inner-column-content\">\n\t\t\t\t\t\t<h1  class=\"theme-wp-block theme-block-heading is-style-default sm-text-center md-text-center desktop-text-center xl-text-center lg-text-center gb-responsive-292481-identifier desktop-align-full xl-align-full lg-align-full md-align-full sm-align-full alignfull h1 has-text-align\">\n\t\tReembolsos com um Clique\t<\/h1>\n\n\t\t<h2  class=\"theme-wp-block theme-block-heading is-style-default sm-text-center md-text-center desktop-text-center xl-text-center lg-text-center gb-responsive-831018-identifier desktop-align-full xl-align-full lg-align-full md-align-full sm-align-full alignfull h1 has-text-align\">\n\t\t&#8220;Samtige Haut&#8221; recebe reembolsos da Amazon atrav\u00e9s de Perdidos &amp; Achados\t<\/h2>\n\n\t\t\t<\/div>\n\t\t<\/div>\n\t<\/div>\n\t<div  class=\"theme-wp-block theme-block-text-and-text-column gb-responsive-929552-identifier\">\n\t\t<div class=\"inner-wrap-column-content\">\n\t\t\t<div class=\"inner-column-content\">\n\t\t\t\t\t\t\t<\/div>\n\t\t<\/div>\n\t<\/div>\n\t\t\t<\/div>\n\t\t<\/div>\n\t<\/div>\n\n\t\t<\/div>\n\t<\/div>\n\n<div style=\"height:50px\" aria-hidden=\"true\" class=\"theme-wp-block wp-block-spacer\"><\/div><div class=\"theme-wp-block wp-block-columns gb-responsive-655645-identifier is-layout-flex wp-container-core-columns-is-layout-9d6595d7 wp-block-columns-is-layout-flex\"><div class=\"theme-wp-block wp-block-column gb-responsive-959393-identifier is-layout-flow wp-block-column-is-layout-flow\" style=\"flex-basis:25%\"><figure class=\"theme-wp-block wp-block-image size-large is-resized gb-responsive-62921-identifier\"><img decoding=\"async\" src=\"https:\/\/d2bw95mh2ee04s.cloudfront.net\/prod\/content\/wp-content\/uploads\/2020\/12\/23142732\/samtige-haut-logo.png\" alt=\"Success Story: Samtige Haut EN\" class=\"wp-image-4561\" width=\"300\" height=\"84\" srcset=\"https:\/\/d2bw95mh2ee04s.cloudfront.net\/prod\/content\/wp-content\/uploads\/2020\/12\/23142732\/samtige-haut-logo-407x113.png 407w, https:\/\/d2bw95mh2ee04s.cloudfront.net\/prod\/content\/wp-content\/uploads\/2020\/12\/23142732\/samtige-haut-logo.png 600w\" sizes=\"(max-width: 300px) 100vw, 300px\" \/><\/figure><p class=\"theme-wp-block gb-responsive-312552-identifier\"><strong><strong>Funda\u00e7\u00e3o<\/strong>:<\/strong><br>Novembro de 2016<\/p><p class=\"theme-wp-block gb-responsive-353708-identifier\"><strong><strong>Ind\u00fastria<\/strong>:<\/strong><br>Cosm\u00e9ticos, suplementos nutricionais, produtos org\u00e2nicos<\/p><p class=\"theme-wp-block gb-responsive-164518-identifier\"><strong><strong>Itens na Amazon:<\/strong><\/strong><br>1.000<\/p><p class=\"theme-wp-block gb-responsive-888870-identifier\"><strong><strong>Envios<\/strong>: <\/strong><br>cerca de 8.000 por m\u00eas<\/p><\/div><div class=\"theme-wp-block wp-block-column gb-responsive-252265-identifier is-layout-flow wp-block-column-is-layout-flow\" style=\"flex-basis:50%\"><h3 class=\"theme-wp-block wp-block-heading gb-responsive-34353-identifier\" id=\"block-c06fce04-ef87-4ffc-a3d6-b768ba377d17\">Background:<\/h3><p class=\"theme-wp-block gb-responsive-620393-identifier\">Em 2018, a Amazon teve um volume de neg\u00f3cios de 232,9 mil milh\u00f5es de d\u00f3lares americanos. Cerca de 45 por cento dos vendedores da Amazon na Alemanha enviam os seus produtos atrav\u00e9s do Fulfillment by Amazon (FBA). Sandra Schriewer \u2013 propriet\u00e1ria da loja Amazon \u201cSamtige Haut\u201d (alem\u00e3o para \u201cPele Mais Suave\u201d) \u2013 \u00e9 uma delas. Apesar de todos os benef\u00edcios do programa FBA, j\u00e1 n\u00e3o \u00e9 poss\u00edvel para os comerciantes online acompanhar o fluxo de dados das transa\u00e7\u00f5es FBA \u00e0 medida que as vendas aumentam. Por esta raz\u00e3o, a an\u00e1lise n\u00e3o \u00e9 realizada de todo.<\/p><h3 class=\"theme-wp-block wp-block-heading gb-responsive-182281-identifier\">Challenge:<\/h3><p class=\"theme-wp-block gb-responsive-880667-identifier\">Sandra Schriewer vem originalmente da ind\u00fastria cosm\u00e9tica. Durante o seu trabalho no setor de E-commerce em Berlim, completou os seus estudos em marketing online e E-commerce.<\/p><p class=\"theme-wp-block gb-responsive-3897-identifier\">Ela queria colocar em pr\u00e1tica o conhecimento que adquiriu e combin\u00e1-lo com a sua paix\u00e3o por cosm\u00e9ticos e nutri\u00e7\u00e3o. Assim nasceu a loja Amazon \u201cSamtige Haut\u201d. Com cerca de 1.000 itens e cerca de 8.000 envios por m\u00eas atrav\u00e9s do programa FBA, era quase imposs\u00edvel acompanhar o imenso fluxo de dados na Amazon. Ela logo percebeu que precisava de um prestador de servi\u00e7os que pudesse ajud\u00e1-la a controlar os processos do programa FBA. \u201cComo comerciante online, voc\u00ea depende do Fulfillment by Amazon, porque o programa torna os processos log\u00edsticos na empresa muito mais f\u00e1ceis. No entanto, ningu\u00e9m \u00e9 perfeito e, claro, tamb\u00e9m empresas l\u00edderes como a Amazon podem cometer erros.<\/p><p class=\"theme-wp-block gb-responsive-135542-identifier\">Manual verificar erros era fora de quest\u00e3o. A an\u00e1lise das fontes do problema \u00e9 muito complexa e requer uma enorme quantidade de tempo. &#8220;Isso ultrapassaria qualquer quadro econ\u00f4mico,\u201d foi o que Sandra nos disse. \u201cA solu\u00e7\u00e3o Lost &#038; Found da SELLERLOGIC foi recomendada a mim pelo meu marido, que j\u00e1 trabalha com o Repricer do prestador de servi\u00e7os e est\u00e1 muito satisfeito com o produto. Existem muitas solu\u00e7\u00f5es no mercado que um neg\u00f3cio Amazon precisa para ter sucesso nos seus respetivos marketplaces. Acredito que Lost &#038; Found \u00e9 \u00fanica e indispens\u00e1vel para os vendedores FBA\u201d.<\/p><h3 class=\"theme-wp-block wp-block-heading gb-responsive-115756-identifier\">Solution:<\/h3><p class=\"theme-wp-block gb-responsive-907939-identifier\">\u201cA ferramenta n\u00e3o \u00e9 dif\u00edcil de usar e pode ser integrada r\u00e1pida e facilmente. As instru\u00e7\u00f5es passo a passo \u2013 assim como a base de conhecimento \u2013 s\u00e3o muito \u00fateis e n\u00e3o requerem qualquer suporte da SELLERLOGIC. Lost &#038; Found reporta novos casos todos os dias e fornece m\u00f3dulos de texto pr\u00e9-definidos que podem ser simplesmente copiados e colados no Amazon Seller Central. Eu s\u00f3 tenho que copiar e colar o trabalho para obter um reembolso da Amazon. Como os casos submetidos s\u00e3o geralmente aceites sem mais perguntas, todo o processo \u00e9 mantido muito simples!\u201d<\/p><div class=\"theme-block-group-wrap\"><div class=\"theme-wp-block wp-block-group gb-responsive-88118-identifier\">\t\t<div  class=\"theme-wp-block theme-block-user-card gb-responsive-799176-identifier is-style-full-width-line\">\n\t\t<div class=\"wrap-inner-content\">\n\t\t\t<div class=\"card-user-head\">\n\t\t\t\t<div class=\"card-user-avatar\">\n\t\t\t\t\t<div class=\"cover-avatar\" style=\"background-image: url(https:\/\/d2bw95mh2ee04s.cloudfront.net\/prod\/content\/wp-content\/uploads\/2020\/12\/23142733\/sandra-schriewer-raute.png);\"><\/div>\n\t\t\t\t<\/div>\n\t\t\t\t<div class=\"wrap-title\">\n\t\t\t\t\t<div class=\"card-user-name\">\n\t\t\t\t\t\t<div class=\"title\">\n\t\t\t\t\t\t\t<h3 class=\"heading-text\"><strong>Sandra Schriewer<\/strong><\/h3>\n\t\t\t\t\t\t<\/div>\n\t\t\t\t\t\t<div class=\"card-user-position\">\n\t\t\t\t\t\t\t<div class=\"card-text\"><strong>CEO \u201eSamtige Haut\u201c<\/strong><\/div>\n\t\t\t\t\t\t<\/div>\n\t\t\t\t\t<\/div>\n\t\t\t\t\t<div class=\"card-user-quote-icon\">\n\t\t\t\t\t<\/div>\n\t\t\t\t<\/div>\n\t\t\t<\/div>\n\t\t\t<div class=\"card-user-text\">\n\t\t\t\t<div class=\"card-text\"><p>&#8220;Existem muitas solu\u00e7\u00f5es no mercado que um neg\u00f3cio Amazon precisa para ter sucesso nos seus respetivos marketplaces. Acredito que Lost &amp; Found \u00e9 \u00fanica e indispens\u00e1vel para os vendedores FBA\u201d.<\/p><\/div>\n\t\t\t<\/div>\n\t\t<\/div>\n\t<\/div>\n\n<\/div><\/div><h3 class=\"theme-wp-block wp-block-heading gb-responsive-595368-identifier\">Resultados Bem-Sucedidos com SELLERLOGIC:<\/h3><p class=\"theme-wp-block gb-responsive-414432-identifier\">\u201cUma vez que Lost &#038; Found rastreia transa\u00e7\u00f5es individuais at\u00e9 18 meses, recebi um reembolso de aproximadamente 1.300 EUR imediatamente ap\u00f3s a integra\u00e7\u00e3o da ferramenta, que eu nunca teria notado sem SELLERLOGIC. Antes da integra\u00e7\u00e3o de Lost &#038; Found, n\u00e3o estava claro para mim quantos pacotes simplesmente tinham desaparecido entretanto. Voc\u00ea n\u00e3o pode verificar a quantidade de dados manualmente e normalmente a Amazon n\u00e3o lhe d\u00e1 qualquer feedback sobre os bens desaparecidos. Com Lost &#038; Found, voc\u00ea recebe o seu dinheiro de volta e poupa uma enorme quantidade de tempo \u2013 gra\u00e7as \u00e0 pesquisa automatizada e \u00e0 submiss\u00e3o de casos usando a funcionalidade Copiar &#038; Colar.\u201d<\/p><p class=\"theme-wp-block gb-responsive-57813-identifier\">\u201cS\u00f3 posso recomendar a todos que integrem a solu\u00e7\u00e3o no seu pr\u00f3prio sistema. Voc\u00ea n\u00e3o tem nada a perder! Os custos para SELLERLOGIC Lost &#038; Found s\u00e3o muito justos do meu ponto de vista porque s\u00e3o calculados proporcionalmente ao reembolso real da Amazon. Se nada for encontrado, nenhuma taxa ser\u00e1 cobrada. Cada dia que passa sem Lost &#038; Found custa dinheiro aos vendedores. Al\u00e9m disso, voc\u00ea tem um m\u00e1ximo de 18 meses para apresentar suas reclama\u00e7\u00f5es, em alguns casos at\u00e9 menos\u201d conclui Sandra para n\u00f3s.<a href=\"https:\/\/d2bw95mh2ee04s.cloudfront.net\/prod\/content\/files\/SUCCESS-STORIES\/EN\/NEU_SELLERLOGIC_SN_Success-Story_Samtige-Haut-EN.pdf\" target=\"_blank\" rel=\"noreferrer noopener nofollow\"><\/a><\/p><div class=\"theme-wp-block wp-block-buttons gb-responsive-497426-identifier is-layout-flex wp-block-buttons-is-layout-flex\"><div class=\"theme-wp-block wp-block-button gb-responsive-38220-identifier is-style-theme-transparent-with-arrow\"><a class=\"wp-block-button__link wp-element-button\" href=\"https:\/\/d2bw95mh2ee04s.cloudfront.net\/prod\/content\/files\/SUCCESS-STORIES\/EN\/SELLERLOGIC_SN_Success-Story_Samtige-Haut-EN.pdf\" target=\"_blank\" rel=\"noreferrer noopener nofollow\">Baixar a Hist\u00f3ria de Sucesso!  <\/a><\/div><\/div><\/div><div class=\"theme-wp-block wp-block-column gb-responsive-147753-identifier is-layout-flow wp-block-column-is-layout-flow\" style=\"flex-basis:25%\"><\/div><\/div><p class=\"theme-wp-block gb-responsive-527070-identifier\"><\/p>","protected":false},"excerpt":{"rendered":"<p>Funda\u00e7\u00e3o:Novembro de 2016 Ind\u00fastria:Cosm\u00e9ticos, suplementos nutricionais, produtos org\u00e2nicos Itens na Amazon:1.000 Envios: cerca de 8.000 por m\u00eas Background: Em 2018, a Amazon teve um volume de neg\u00f3cios de 232,9 mil milh\u00f5es de d\u00f3lares americanos. Cerca de 45 por cento dos vendedores da Amazon na Alemanha enviam os seus produtos atrav\u00e9s do Fulfillment by Amazon (FBA).<\/p>\n","protected":false},"author":8,"featured_media":0,"parent":104790,"menu_order":0,"comment_status":"closed","ping_status":"closed","template":"","meta":{"sidebar_recommended_resources":{"data":[]},"sidebar_header_settings":{"hide_buttons":{"register":false}},"_use_new_theme":false,"inline_featured_image":false,"footnotes":""},"class_list":["post-104802","page","type-page","status-publish","hentry"],"yoast_head":"<!-- This site is optimized with the Yoast SEO plugin v26.8 - https:\/\/yoast.com\/product\/yoast-seo-wordpress\/ -->\n<title>&quot;Samtige Haut&quot; recebe reembolso da Amazon atrav\u00e9s de SELLERLOGIC Lost &amp; Found<\/title>\n<meta name=\"description\" content=\"Reembolsos com um Clique: O cliente SELLERLOGIC &quot;Samtige Haut&quot; recebe os seus reembolsos da Amazon atrav\u00e9s de Lost &amp; Found.\" \/>\n<meta name=\"robots\" content=\"index, follow, max-snippet:-1, max-image-preview:large, max-video-preview:-1\" \/>\n<link rel=\"canonical\" href=\"https:\/\/www.sellerlogic.com\/pt\/resources\/success-story-samtige-haut\/\" \/>\n<meta property=\"og:locale\" content=\"pt_PT\" \/>\n<meta property=\"og:type\" content=\"article\" \/>\n<meta property=\"og:title\" content=\"&quot;Samtige Haut&quot; recebe reembolso da Amazon atrav\u00e9s de SELLERLOGIC Lost &amp; Found\" \/>\n<meta property=\"og:description\" content=\"Reembolsos com um Clique: O cliente SELLERLOGIC &quot;Samtige Haut&quot; recebe os seus reembolsos da Amazon atrav\u00e9s de Lost &amp; Found.\" \/>\n<meta property=\"og:url\" content=\"https:\/\/www.sellerlogic.com\/pt\/resources\/success-story-samtige-haut\/\" \/>\n<meta property=\"og:site_name\" content=\"SELLERLOGIC - Smarte Tools f\u00fcr Amazon-Seller\" \/>\n<meta property=\"article:publisher\" content=\"https:\/\/www.facebook.com\/SellerLogic\/\" \/>\n<meta property=\"og:image\" content=\"https:\/\/www.sellerlogic.com\/wp-content\/uploads\/2020\/12\/samtige-haut-logo.png\" \/>\n<meta name=\"twitter:card\" content=\"summary_large_image\" \/>\n<meta name=\"twitter:site\" content=\"@sellerlogic\" \/>\n<meta name=\"twitter:label1\" content=\"Est. reading time\" \/>\n\t<meta name=\"twitter:data1\" content=\"3 minutes\" \/>\n<script type=\"application\/ld+json\" class=\"yoast-schema-graph\">{\"@context\":\"https:\/\/schema.org\",\"@graph\":[{\"@type\":\"WebPage\",\"@id\":\"https:\/\/www.sellerlogic.com\/pt\/resources\/success-story-samtige-haut\/\",\"url\":\"https:\/\/www.sellerlogic.com\/pt\/resources\/success-story-samtige-haut\/\",\"name\":\"\\\"Samtige Haut\\\" recebe reembolso da Amazon atrav\u00e9s de SELLERLOGIC Lost & Found\",\"isPartOf\":{\"@id\":\"https:\/\/www.sellerlogic.com\/pt\/#website\"},\"primaryImageOfPage\":{\"@id\":\"https:\/\/www.sellerlogic.com\/pt\/resources\/success-story-samtige-haut\/#primaryimage\"},\"image\":{\"@id\":\"https:\/\/www.sellerlogic.com\/pt\/resources\/success-story-samtige-haut\/#primaryimage\"},\"thumbnailUrl\":\"https:\/\/www.sellerlogic.com\/wp-content\/uploads\/2020\/12\/samtige-haut-logo.png\",\"datePublished\":\"2020-12-18T10:43:41+00:00\",\"description\":\"Reembolsos com um Clique: O cliente SELLERLOGIC \\\"Samtige Haut\\\" recebe os seus reembolsos da Amazon atrav\u00e9s de Lost & Found.\",\"breadcrumb\":{\"@id\":\"https:\/\/www.sellerlogic.com\/pt\/resources\/success-story-samtige-haut\/#breadcrumb\"},\"inLanguage\":\"pt-AO\",\"potentialAction\":[{\"@type\":\"ReadAction\",\"target\":[\"https:\/\/www.sellerlogic.com\/pt\/resources\/success-story-samtige-haut\/\"]}]},{\"@type\":\"ImageObject\",\"inLanguage\":\"pt-AO\",\"@id\":\"https:\/\/www.sellerlogic.com\/pt\/resources\/success-story-samtige-haut\/#primaryimage\",\"url\":\"https:\/\/www.sellerlogic.com\/wp-content\/uploads\/2020\/12\/samtige-haut-logo.png\",\"contentUrl\":\"https:\/\/www.sellerlogic.com\/wp-content\/uploads\/2020\/12\/samtige-haut-logo.png\"},{\"@type\":\"BreadcrumbList\",\"@id\":\"https:\/\/www.sellerlogic.com\/pt\/resources\/success-story-samtige-haut\/#breadcrumb\",\"itemListElement\":[{\"@type\":\"ListItem\",\"position\":1,\"name\":\"Home\",\"item\":\"https:\/\/www.sellerlogic.com\/pt\/\"},{\"@type\":\"ListItem\",\"position\":2,\"name\":\"Ressourcen PT\",\"item\":\"https:\/\/www.sellerlogic.com\/pt\/resources\/\"},{\"@type\":\"ListItem\",\"position\":3,\"name\":\"Success Story: Samtige Haut EN\"}]},{\"@type\":\"WebSite\",\"@id\":\"https:\/\/www.sellerlogic.com\/pt\/#website\",\"url\":\"https:\/\/www.sellerlogic.com\/pt\/\",\"name\":\"SELLERLOGIC - Smarte Tools f\u00fcr Amazon-Seller\",\"description\":\"Intelligente Prozessoptimierung und Gewinnmaximierung\",\"publisher\":{\"@id\":\"https:\/\/www.sellerlogic.com\/pt\/#organization\"},\"potentialAction\":[{\"@type\":\"SearchAction\",\"target\":{\"@type\":\"EntryPoint\",\"urlTemplate\":\"https:\/\/www.sellerlogic.com\/pt\/?s={search_term_string}\"},\"query-input\":{\"@type\":\"PropertyValueSpecification\",\"valueRequired\":true,\"valueName\":\"search_term_string\"}}],\"inLanguage\":\"pt-AO\"},{\"@type\":\"Organization\",\"@id\":\"https:\/\/www.sellerlogic.com\/pt\/#organization\",\"name\":\"SELLERLOGIC\",\"url\":\"https:\/\/www.sellerlogic.com\/pt\/\",\"logo\":{\"@type\":\"ImageObject\",\"inLanguage\":\"pt-AO\",\"@id\":\"https:\/\/www.sellerlogic.com\/pt\/#\/schema\/logo\/image\/\",\"url\":\"https:\/\/d2bw95mh2ee04s.cloudfront.net\/prod\/content\/wp-content\/uploads\/2025\/01\/02134814\/Property-Logo-Main.svg\",\"contentUrl\":\"https:\/\/d2bw95mh2ee04s.cloudfront.net\/prod\/content\/wp-content\/uploads\/2025\/01\/02134814\/Property-Logo-Main.svg\",\"width\":184,\"height\":40,\"caption\":\"SELLERLOGIC\"},\"image\":{\"@id\":\"https:\/\/www.sellerlogic.com\/pt\/#\/schema\/logo\/image\/\"},\"sameAs\":[\"https:\/\/www.facebook.com\/SellerLogic\/\",\"https:\/\/x.com\/sellerlogic\",\"https:\/\/www.instagram.com\/sellerlogic\/\",\"https:\/\/www.linkedin.com\/company\/18402037\/\",\"https:\/\/www.youtube.com\/channel\/UC-gULUur-fNj08sprantKsQ\"]}]}<\/script>\n<!-- \/ Yoast SEO plugin. -->","yoast_head_json":{"title":"\"Samtige Haut\" recebe reembolso da Amazon atrav\u00e9s de SELLERLOGIC Lost & Found","description":"Reembolsos com um Clique: O cliente SELLERLOGIC \"Samtige Haut\" recebe os seus reembolsos da Amazon atrav\u00e9s de Lost & Found.","robots":{"index":"index","follow":"follow","max-snippet":"max-snippet:-1","max-image-preview":"max-image-preview:large","max-video-preview":"max-video-preview:-1"},"canonical":"https:\/\/www.sellerlogic.com\/pt\/resources\/success-story-samtige-haut\/","og_locale":"pt_PT","og_type":"article","og_title":"\"Samtige Haut\" recebe reembolso da Amazon atrav\u00e9s de SELLERLOGIC Lost & Found","og_description":"Reembolsos com um Clique: O cliente SELLERLOGIC \"Samtige Haut\" recebe os seus reembolsos da Amazon atrav\u00e9s de Lost & Found.","og_url":"https:\/\/www.sellerlogic.com\/pt\/resources\/success-story-samtige-haut\/","og_site_name":"SELLERLOGIC - Smarte Tools f\u00fcr Amazon-Seller","article_publisher":"https:\/\/www.facebook.com\/SellerLogic\/","og_image":[{"url":"https:\/\/www.sellerlogic.com\/wp-content\/uploads\/2020\/12\/samtige-haut-logo.png","type":"","width":"","height":""}],"twitter_card":"summary_large_image","twitter_site":"@sellerlogic","twitter_misc":{"Est. reading time":"3 minutes"},"schema":{"@context":"https:\/\/schema.org","@graph":[{"@type":"WebPage","@id":"https:\/\/www.sellerlogic.com\/pt\/resources\/success-story-samtige-haut\/","url":"https:\/\/www.sellerlogic.com\/pt\/resources\/success-story-samtige-haut\/","name":"\"Samtige Haut\" recebe reembolso da Amazon atrav\u00e9s de SELLERLOGIC Lost & Found","isPartOf":{"@id":"https:\/\/www.sellerlogic.com\/pt\/#website"},"primaryImageOfPage":{"@id":"https:\/\/www.sellerlogic.com\/pt\/resources\/success-story-samtige-haut\/#primaryimage"},"image":{"@id":"https:\/\/www.sellerlogic.com\/pt\/resources\/success-story-samtige-haut\/#primaryimage"},"thumbnailUrl":"https:\/\/www.sellerlogic.com\/wp-content\/uploads\/2020\/12\/samtige-haut-logo.png","datePublished":"2020-12-18T10:43:41+00:00","description":"Reembolsos com um Clique: O cliente SELLERLOGIC \"Samtige Haut\" recebe os seus reembolsos da Amazon atrav\u00e9s de Lost & Found.","breadcrumb":{"@id":"https:\/\/www.sellerlogic.com\/pt\/resources\/success-story-samtige-haut\/#breadcrumb"},"inLanguage":"pt-AO","potentialAction":[{"@type":"ReadAction","target":["https:\/\/www.sellerlogic.com\/pt\/resources\/success-story-samtige-haut\/"]}]},{"@type":"ImageObject","inLanguage":"pt-AO","@id":"https:\/\/www.sellerlogic.com\/pt\/resources\/success-story-samtige-haut\/#primaryimage","url":"https:\/\/www.sellerlogic.com\/wp-content\/uploads\/2020\/12\/samtige-haut-logo.png","contentUrl":"https:\/\/www.sellerlogic.com\/wp-content\/uploads\/2020\/12\/samtige-haut-logo.png"},{"@type":"BreadcrumbList","@id":"https:\/\/www.sellerlogic.com\/pt\/resources\/success-story-samtige-haut\/#breadcrumb","itemListElement":[{"@type":"ListItem","position":1,"name":"Home","item":"https:\/\/www.sellerlogic.com\/pt\/"},{"@type":"ListItem","position":2,"name":"Ressourcen PT","item":"https:\/\/www.sellerlogic.com\/pt\/resources\/"},{"@type":"ListItem","position":3,"name":"Success Story: Samtige Haut EN"}]},{"@type":"WebSite","@id":"https:\/\/www.sellerlogic.com\/pt\/#website","url":"https:\/\/www.sellerlogic.com\/pt\/","name":"SELLERLOGIC - Smarte Tools f\u00fcr Amazon-Seller","description":"Intelligente Prozessoptimierung und Gewinnmaximierung","publisher":{"@id":"https:\/\/www.sellerlogic.com\/pt\/#organization"},"potentialAction":[{"@type":"SearchAction","target":{"@type":"EntryPoint","urlTemplate":"https:\/\/www.sellerlogic.com\/pt\/?s={search_term_string}"},"query-input":{"@type":"PropertyValueSpecification","valueRequired":true,"valueName":"search_term_string"}}],"inLanguage":"pt-AO"},{"@type":"Organization","@id":"https:\/\/www.sellerlogic.com\/pt\/#organization","name":"SELLERLOGIC","url":"https:\/\/www.sellerlogic.com\/pt\/","logo":{"@type":"ImageObject","inLanguage":"pt-AO","@id":"https:\/\/www.sellerlogic.com\/pt\/#\/schema\/logo\/image\/","url":"https:\/\/d2bw95mh2ee04s.cloudfront.net\/prod\/content\/wp-content\/uploads\/2025\/01\/02134814\/Property-Logo-Main.svg","contentUrl":"https:\/\/d2bw95mh2ee04s.cloudfront.net\/prod\/content\/wp-content\/uploads\/2025\/01\/02134814\/Property-Logo-Main.svg","width":184,"height":40,"caption":"SELLERLOGIC"},"image":{"@id":"https:\/\/www.sellerlogic.com\/pt\/#\/schema\/logo\/image\/"},"sameAs":["https:\/\/www.facebook.com\/SellerLogic\/","https:\/\/x.com\/sellerlogic","https:\/\/www.instagram.com\/sellerlogic\/","https:\/\/www.linkedin.com\/company\/18402037\/","https:\/\/www.youtube.com\/channel\/UC-gULUur-fNj08sprantKsQ"]}]}},"_links":{"self":[{"href":"https:\/\/www.sellerlogic.com\/pt\/wp-json\/wp\/v2\/pages\/104802","targetHints":{"allow":["GET"]}}],"collection":[{"href":"https:\/\/www.sellerlogic.com\/pt\/wp-json\/wp\/v2\/pages"}],"about":[{"href":"https:\/\/www.sellerlogic.com\/pt\/wp-json\/wp\/v2\/types\/page"}],"author":[{"embeddable":true,"href":"https:\/\/www.sellerlogic.com\/pt\/wp-json\/wp\/v2\/users\/8"}],"replies":[{"embeddable":true,"href":"https:\/\/www.sellerlogic.com\/pt\/wp-json\/wp\/v2\/comments?post=104802"}],"version-history":[{"count":0,"href":"https:\/\/www.sellerlogic.com\/pt\/wp-json\/wp\/v2\/pages\/104802\/revisions"}],"up":[{"embeddable":true,"href":"https:\/\/www.sellerlogic.com\/pt\/wp-json\/wp\/v2\/pages\/104790"}],"wp:attachment":[{"href":"https:\/\/www.sellerlogic.com\/pt\/wp-json\/wp\/v2\/media?parent=104802"}],"curies":[{"name":"wp","href":"https:\/\/api.w.org\/{rel}","templated":true}]}}