
{"id":104820,"date":"2020-12-11T10:04:17","date_gmt":"2020-12-11T10:04:17","guid":{"rendered":"https:\/\/127.0.0.1\/resources\/workbook-shopping-cart-field\/"},"modified":"2020-12-11T10:04:17","modified_gmt":"2020-12-11T10:04:17","slug":"workbook-shopping-cart-field","status":"publish","type":"page","link":"https:\/\/www.sellerlogic.com\/pt\/resources\/workbook-shopping-cart-field\/","title":{"rendered":"Campo do Carrinho de Compras do Workbook"},"content":{"rendered":"\n\t<div  class=\"theme-wp-block theme-block-main-header is-style-default desktop-content-align-y-center desktop-content-align-x-center xl-content-align-y-center xl-content-align-x-center lg-content-align-y-center lg-content-align-x-center md-content-align-y-center md-content-align-x-center sm-content-align-y-center sm-content-align-x-center gb-responsive-50877-identifier desktop-align-full xl-align-full lg-align-full md-align-full sm-align-full theme-block-cover\">\n\t\t<div class=\"bg-cover theme-lazy-load-bg\"><\/div>\n\t\t<div class=\"wrap-content-main-header\">\n\t\t\t\t\t<div  class=\"theme-wp-block theme-block-text-and-text desktop-vertical-top xl-vertical-top lg-vertical-top md-vertical-top sm-vertical-top desktop-align-wide xl-align-wide lg-align-wide md-align-wide sm-align-wide desktop-blockDirection-row xl-blockDirection-row lg-blockDirection-row md-blockDirection-row sm-blockDirection-row gb-responsive-882765-identifier\">\n\t\t<div class=\"tat-column-wrap-wrapper\">\n\t\t\t<div class=\"tat-column-wrapper\">\n\t\t\t\t\t<div  class=\"theme-wp-block theme-block-text-and-text-column desktop-horizontal-center xl-horizontal-center lg-horizontal-center md-horizontal-center sm-horizontal-center gb-responsive-201010-identifier\">\n\t\t<div class=\"inner-wrap-column-content\">\n\t\t\t<div class=\"inner-column-content\">\n\t\t\t\t\t\t<h1  class=\"theme-wp-block theme-block-heading is-style-default desktop-text-center xl-text-center lg-text-center md-text-center sm-text-center gb-responsive-460412-identifier h1\">\n\t\tO Campo do Carrinho de Compras\t<\/h1>\n\n\t\t<h2  class=\"theme-wp-block theme-block-heading is-style-default desktop-text-center xl-text-center lg-text-center md-text-center sm-text-center gb-responsive-560947-identifier h2\">\n\t\tComo ganhar o Buy Box para voc\u00ea!\t<\/h2>\n\n\t\t\t<\/div>\n\t\t<\/div>\n\t<\/div>\n\t<div  class=\"theme-wp-block theme-block-text-and-text-column gb-responsive-34770-identifier\">\n\t\t<div class=\"inner-wrap-column-content\">\n\t\t\t<div class=\"inner-column-content\">\n\t\t\t\t\t\t\t<\/div>\n\t\t<\/div>\n\t<\/div>\n\t\t\t<\/div>\n\t\t<\/div>\n\t<\/div>\n\n\t\t<\/div>\n\t<\/div>\n\n<div style=\"height:50px\" aria-hidden=\"true\" class=\"theme-wp-block wp-block-spacer\"><\/div><div class=\"theme-wp-block wp-block-columns gb-responsive-252501-identifier is-layout-flex wp-container-core-columns-is-layout-9d6595d7 wp-block-columns-is-layout-flex\"><div class=\"theme-wp-block wp-block-column gb-responsive-521804-identifier desktop-gb-has-no-icon xl-gb-has-no-icon lg-gb-has-no-icon md-gb-has-no-icon sm-gb-has-no-icon is-layout-flow wp-block-column-is-layout-flow\"><h3 class=\"theme-wp-block gb-responsive-613947-identifier wp-block-heading\">Sem Buy Box &#8211; sem receita<\/h3><div class=\"theme-wp-block wp-block-image gb-responsive-948511-identifier\"><figure class=\"alignright size-large is-resized\"><img decoding=\"async\" src=\"https:\/\/d2bw95mh2ee04s.cloudfront.net\/prod\/content\/wp-content\/uploads\/2020\/12\/23142720\/workbook-einkaufswagenfeld-cover.png\" alt=\"Workbook Einkaufswagenfeld\" class=\"wp-image-4954\" width=\"399\" height=\"435\" srcset=\"https:\/\/d2bw95mh2ee04s.cloudfront.net\/prod\/content\/wp-content\/uploads\/2020\/12\/23142720\/workbook-einkaufswagenfeld-cover-407x443.png 407w, https:\/\/d2bw95mh2ee04s.cloudfront.net\/prod\/content\/wp-content\/uploads\/2020\/12\/23142720\/workbook-einkaufswagenfeld-cover.png 738w\" sizes=\"(max-width: 399px) 100vw, 399px\" \/><\/figure><\/div><p class=\"theme-wp-block gb-responsive-342029-identifier\">90% de todas as vendas na Amazon ocorrem no Buy Box. Isso significa que em 90 em cada 100 casos, o vendedor que est\u00e1 no campo do carrinho de compras realiza a venda. A maioria dos outros acaba sem nada.<\/p><p class=\"theme-wp-block gb-responsive-957449-identifier\">\u00c9 por isso que \u00e9 existentialmente importante para voc\u00ea como vendedor, que deve competir contra concorrentes pelos mesmos produtos, entender como voc\u00ea pode ganhar o Buy Box.<\/p><p class=\"theme-wp-block gb-responsive-622057-identifier\"><strong>\u00c9 exatamente aqui que nosso workbook &#8220;Campo do Carrinho de Compras &#8211; Como Ganhar o Buy Box para Voc\u00ea!&#8221; ajuda voc\u00ea.<\/strong><\/p><div class=\"theme-wp-block wp-block-columns desktop-gb-has-no-icon xl-gb-has-no-icon lg-gb-has-no-icon md-gb-has-no-icon sm-gb-has-no-icon gb-responsive-450543-identifier is-layout-flex wp-container-core-columns-is-layout-9d6595d7 wp-block-columns-is-layout-flex\"><div class=\"theme-wp-block wp-block-column desktop-gb-has-no-icon xl-gb-has-no-icon lg-gb-has-no-icon md-gb-has-no-icon sm-gb-has-no-icon gb-responsive-84714-identifier is-layout-flow wp-block-column-is-layout-flow\" style=\"flex-basis:100%\"><p class=\"theme-wp-block desktop-gb-has-no-icon xl-gb-has-no-icon lg-gb-has-no-icon md-gb-has-no-icon sm-gb-has-no-icon gb-responsive-41815-identifier\"><em>Para baixar seu workbook, \u00e9 necess\u00e1rio permitir todos os cookies previamente. Para editar suas configura\u00e7\u00f5es, por favor clique no bot\u00e3o a seguir.<\/em><\/p><p class=\"theme-wp-block\"><span class=\"borlabs-cookie-open-dialog-preferences brlbs-cmpnt-container\" data-borlabs-cookie-title=\"Open Consent Preferences\" data-borlabs-cookie-type=\"button\" ><\/span><\/p>\n<div class=\"theme-wp-block wp-block-columns gb-responsive-295103-identifier is-layout-flex wp-container-core-columns-is-layout-9d6595d7 wp-block-columns-is-layout-flex\"><div class=\"theme-wp-block wp-block-column gb-responsive-736519-identifier is-layout-flow wp-block-column-is-layout-flow\"><div id=\"wb-form\" class=\"theme-wp-block wb-form\"><p>\n\t\tInsira seu nome e endere\u00e7o de email para solicitar o workbook. Ele ser\u00e1 enviado a voc\u00ea.<br>\u00a0\n\t<\/p><form id=\"leadform\" action=\"#\" method=\"post\"><input type=\"text\" name=\"name\" id=\"name\" placeholder=\"Seu nome\" required=\"required\" style=\"padding: 10px; font-size: 18px; width: 100%; margin-bottom: 15px; color: rgb(88, 88, 88);\"><\/input><input type=\"email\" name=\"email\" id=\"email\" placeholder=\"Seu endere\u00e7o de email\" required=\"required\" data-com-onepassword-filled=\"light\" style=\"padding: 10px; font-size: 18px; width: 100%; margin-bottom: 15px; color: rgb(88, 88, 88);\"><\/input><input type=\"submit\" value=\"Solicitar workbook gratuito agora\" id=\"submit\" style=\"padding: 10px; font-size: 18px; width: 100%; margin-bottom: 15px; color: rgb(255, 255, 255); background-color: rgb(255, 170, 1); cursor: pointer;\"><\/input><p style=\"margin-bottom: 10px; font-size: 12px;\">O processamento dos dados \u00e9 realizado de acordo com a nossa <a href=\"https:\/\/www.sellerlogic.com\/en\/privacy-policy\/\" target=\"_blank\" draggable=\"false\" rel=\"noopener noreferrer\">pol\u00edtica de privacidade<\/a>.<\/p><\/form><\/div><\/div><\/div><\/div><\/div><div class=\"theme-wp-block wp-block-columns gb-responsive-347256-identifier is-layout-flex wp-container-core-columns-is-layout-9d6595d7 wp-block-columns-is-layout-flex\"><div class=\"theme-wp-block wp-block-column gb-responsive-850623-identifier is-layout-flow wp-block-column-is-layout-flow\" style=\"flex-basis:100%\"><\/div><\/div><\/div><div class=\"theme-wp-block wp-block-column gb-responsive-343842-identifier desktop-gb-has-no-icon xl-gb-has-no-icon lg-gb-has-no-icon md-gb-has-no-icon sm-gb-has-no-icon is-layout-flow wp-block-column-is-layout-flow\" style=\"flex-basis:25%\"><\/div><\/div>\t\t<p  class=\"theme-wp-block theme-block-heading gb-responsive-150569-identifier is-style-default desktop-text-center xl-text-center lg-text-center md-text-center sm-text-center h3\">\n\t\tMore interesting content\t<\/p>\n\n<div style=\"height:20px\" aria-hidden=\"true\" class=\"theme-wp-block wp-block-spacer\"><\/div>\t\t<div  class=\"theme-wp-block theme-block-card-posts gb-responsive-763167-identifier layout-horizontal-cards-content\">\n\t\t<div class=\"wrap-inner-blocks\">\n\t\t\t<div class=\"post-card \">\n\t<div class=\"inside-wrap-card\">\n\t\t<div class=\"cover-wrap\">\n\t\t\t\t\t\t\t<a class=\"background-thumbnail has-image\" href=\"https:\/\/www.sellerlogic.com\/pt\/resources\/wb-en-202002\/\">\n\t\t\t\t\t<img decoding=\"async\" width=\"405\" height=\"240\" src=\"https:\/\/d2bw95mh2ee04s.cloudfront.net\/prod\/content\/wp-content\/uploads\/2020\/12\/23142715\/workbook_metriken_optimieren-thumbnail.jpeg\" class=\"attachment-thumbnail size-thumbnail wp-post-image\" alt=\"In 13 Schritten in die Buy Box:  So optimieren Sie Ihre Metriken!\" \/>\t\t\t\t<\/a>\n\t\t\t\t\t<\/div>\n\n\t\t<div class=\"wrap-content\">\n\t\t\t<div class=\"title\">\n\t\t\t\t<a href=\"https:\/\/www.sellerlogic.com\/pt\/resources\/wb-en-202002\/\">Gratis-Workbook: Em 13 passos para a Buy Box<\/a>\n\t\t\t<\/div>\n\t\t\t<div class=\"wrap-excerpt\">Sabe quais m\u00e9tricas voc\u00ea precisa otimizar para manter ou obter a Buy Box? N\u00f3s mostramos as 13 mais importantes \u2013 incluindo os valores m\u00ednimos e ideais, bem como todas as f\u00f3rmulas de c\u00e1lculo!<\/div>\n\t\t<\/div>\n\t<\/div>\n<\/div><div class=\"post-card \">\n\t<div class=\"inside-wrap-card\">\n\t\t<div class=\"cover-wrap\">\n\t\t\t\t\t\t\t<a class=\"background-thumbnail has-image\" href=\"https:\/\/www.sellerlogic.com\/pt\/blog\/repricer-na-amazon-de-acordo-com-um-estudo-estes-sao-os-metodos-mais-bem-sucedidos-para-ganhar-o-buy-box\/\">\n\t\t\t\t\t<img decoding=\"async\" width=\"405\" height=\"240\" src=\"https:\/\/d2bw95mh2ee04s.cloudfront.net\/prod\/content\/wp-content\/uploads\/2020\/12\/23142812\/studie-repricer-amazon-thumbnail.jpg\" class=\"attachment-thumbnail size-thumbnail wp-post-image\" alt=\"Studie \u00fcber Repricer auf Amazon\" \/>\t\t\t\t<\/a>\n\t\t\t\t\t<\/div>\n\n\t\t<div class=\"wrap-content\">\n\t\t\t<div class=\"title\">\n\t\t\t\t<a href=\"https:\/\/www.sellerlogic.com\/pt\/blog\/repricer-na-amazon-de-acordo-com-um-estudo-estes-sao-os-metodos-mais-bem-sucedidos-para-ganhar-o-buy-box\/\">Estudo: O uso de um Repricer aumenta significativamente a chance de ganhar Buy Box!<\/a>\n\t\t\t<\/div>\n\t\t\t<div class=\"wrap-excerpt\">Uma excelente performance de vendas \u00e9 importante, mas n\u00e3o \u00e9 tudo \u2013 este estudo mostra isso claramente. N\u00f3s analisamos as principais descobertas e revelamos quais m\u00e9todos levam ao sucesso.<\/div>\n\t\t<\/div>\n\t<\/div>\n<\/div>\t\t<\/div>\n\t<\/div>\n","protected":false},"excerpt":{"rendered":"<p>Sem Buy Box &#8211; sem receita 90% de todas as vendas na Amazon ocorrem no Buy Box. Isso significa que em 90 em cada 100 casos, o vendedor que est\u00e1 no campo do carrinho de compras realiza a venda. A maioria dos outros acaba sem nada. \u00c9 por isso que \u00e9 existentialmente importante para voc\u00ea<\/p>\n","protected":false},"author":3,"featured_media":0,"parent":104790,"menu_order":0,"comment_status":"closed","ping_status":"closed","template":"","meta":{"sidebar_recommended_resources":{"data":[]},"sidebar_header_settings":{"hide_buttons":{"register":false}},"_use_new_theme":false,"inline_featured_image":false,"footnotes":""},"class_list":["post-104820","page","type-page","status-publish","hentry"],"yoast_head":"<!-- This site is optimized with the Yoast SEO plugin v26.8 - https:\/\/yoast.com\/product\/yoast-seo-wordpress\/ -->\n<title>\u00c9 assim que voc\u00ea pode garantir a vit\u00f3ria no campo do carrinho de compras para si mesmo!<\/title>\n<meta name=\"description\" content=\"Gratuito e cortesia: Workbook &quot;O Campo do Carrinho de Compras - Como Ganhar a Buy Box para Si Mesmo!&quot; Baixe agora!\" \/>\n<meta name=\"robots\" content=\"index, follow, max-snippet:-1, max-image-preview:large, max-video-preview:-1\" \/>\n<link rel=\"canonical\" href=\"https:\/\/www.sellerlogic.com\/pt\/resources\/workbook-shopping-cart-field\/\" \/>\n<meta property=\"og:locale\" content=\"pt_PT\" \/>\n<meta property=\"og:type\" content=\"article\" \/>\n<meta property=\"og:title\" content=\"\u00c9 assim que voc\u00ea pode garantir a vit\u00f3ria no campo do carrinho de compras para si mesmo!\" \/>\n<meta property=\"og:description\" content=\"Gratuito e cortesia: Workbook &quot;O Campo do Carrinho de Compras - Como Ganhar a Buy Box para Si Mesmo!&quot; Baixe agora!\" \/>\n<meta property=\"og:url\" content=\"https:\/\/www.sellerlogic.com\/pt\/resources\/workbook-shopping-cart-field\/\" \/>\n<meta property=\"og:site_name\" content=\"SELLERLOGIC - Smarte Tools f\u00fcr Amazon-Seller\" \/>\n<meta property=\"article:publisher\" content=\"https:\/\/www.facebook.com\/SellerLogic\/\" \/>\n<meta property=\"og:image\" content=\"https:\/\/d2bw95mh2ee04s.cloudfront.net\/prod\/content\/wp-content\/uploads\/2020\/12\/23142720\/workbook-einkaufswagenfeld-cover.png\" \/>\n\t<meta property=\"og:image:width\" content=\"738\" \/>\n\t<meta property=\"og:image:height\" content=\"804\" \/>\n\t<meta property=\"og:image:type\" content=\"image\/png\" \/>\n<meta name=\"twitter:card\" content=\"summary_large_image\" \/>\n<meta name=\"twitter:site\" content=\"@sellerlogic\" \/>\n<meta name=\"twitter:label1\" content=\"Est. reading time\" \/>\n\t<meta name=\"twitter:data1\" content=\"1 minute\" \/>\n<script type=\"application\/ld+json\" class=\"yoast-schema-graph\">{\"@context\":\"https:\/\/schema.org\",\"@graph\":[{\"@type\":\"WebPage\",\"@id\":\"https:\/\/www.sellerlogic.com\/pt\/resources\/workbook-shopping-cart-field\/\",\"url\":\"https:\/\/www.sellerlogic.com\/pt\/resources\/workbook-shopping-cart-field\/\",\"name\":\"\u00c9 assim que voc\u00ea pode garantir a vit\u00f3ria no campo do carrinho de compras para si mesmo!\",\"isPartOf\":{\"@id\":\"https:\/\/www.sellerlogic.com\/pt\/#website\"},\"primaryImageOfPage\":{\"@id\":\"https:\/\/www.sellerlogic.com\/pt\/resources\/workbook-shopping-cart-field\/#primaryimage\"},\"image\":{\"@id\":\"https:\/\/www.sellerlogic.com\/pt\/resources\/workbook-shopping-cart-field\/#primaryimage\"},\"thumbnailUrl\":\"https:\/\/www.sellerlogic.com\/wp-content\/uploads\/2020\/12\/workbook-einkaufswagenfeld-cover.png\",\"datePublished\":\"2020-12-11T10:04:17+00:00\",\"description\":\"Gratuito e cortesia: Workbook \\\"O Campo do Carrinho de Compras - Como Ganhar a Buy Box para Si Mesmo!\\\" Baixe agora!\",\"breadcrumb\":{\"@id\":\"https:\/\/www.sellerlogic.com\/pt\/resources\/workbook-shopping-cart-field\/#breadcrumb\"},\"inLanguage\":\"pt-AO\",\"potentialAction\":[{\"@type\":\"ReadAction\",\"target\":[\"https:\/\/www.sellerlogic.com\/pt\/resources\/workbook-shopping-cart-field\/\"]}]},{\"@type\":\"ImageObject\",\"inLanguage\":\"pt-AO\",\"@id\":\"https:\/\/www.sellerlogic.com\/pt\/resources\/workbook-shopping-cart-field\/#primaryimage\",\"url\":\"https:\/\/www.sellerlogic.com\/wp-content\/uploads\/2020\/12\/workbook-einkaufswagenfeld-cover.png\",\"contentUrl\":\"https:\/\/www.sellerlogic.com\/wp-content\/uploads\/2020\/12\/workbook-einkaufswagenfeld-cover.png\"},{\"@type\":\"BreadcrumbList\",\"@id\":\"https:\/\/www.sellerlogic.com\/pt\/resources\/workbook-shopping-cart-field\/#breadcrumb\",\"itemListElement\":[{\"@type\":\"ListItem\",\"position\":1,\"name\":\"Home\",\"item\":\"https:\/\/www.sellerlogic.com\/pt\/\"},{\"@type\":\"ListItem\",\"position\":2,\"name\":\"Ressourcen PT\",\"item\":\"https:\/\/127.0.0.1\/de\/ressourcen\/\"},{\"@type\":\"ListItem\",\"position\":3,\"name\":\"Campo do Carrinho de Compras do Workbook\"}]},{\"@type\":\"WebSite\",\"@id\":\"https:\/\/www.sellerlogic.com\/pt\/#website\",\"url\":\"https:\/\/www.sellerlogic.com\/pt\/\",\"name\":\"SELLERLOGIC - Smarte Tools f\u00fcr Amazon-Seller\",\"description\":\"Intelligente Prozessoptimierung und Gewinnmaximierung\",\"publisher\":{\"@id\":\"https:\/\/www.sellerlogic.com\/pt\/#organization\"},\"potentialAction\":[{\"@type\":\"SearchAction\",\"target\":{\"@type\":\"EntryPoint\",\"urlTemplate\":\"https:\/\/www.sellerlogic.com\/pt\/?s={search_term_string}\"},\"query-input\":{\"@type\":\"PropertyValueSpecification\",\"valueRequired\":true,\"valueName\":\"search_term_string\"}}],\"inLanguage\":\"pt-AO\"},{\"@type\":\"Organization\",\"@id\":\"https:\/\/www.sellerlogic.com\/pt\/#organization\",\"name\":\"SELLERLOGIC\",\"url\":\"https:\/\/www.sellerlogic.com\/pt\/\",\"logo\":{\"@type\":\"ImageObject\",\"inLanguage\":\"pt-AO\",\"@id\":\"https:\/\/www.sellerlogic.com\/pt\/#\/schema\/logo\/image\/\",\"url\":\"https:\/\/d2bw95mh2ee04s.cloudfront.net\/prod\/content\/wp-content\/uploads\/2025\/01\/02134814\/Property-Logo-Main.svg\",\"contentUrl\":\"https:\/\/d2bw95mh2ee04s.cloudfront.net\/prod\/content\/wp-content\/uploads\/2025\/01\/02134814\/Property-Logo-Main.svg\",\"width\":184,\"height\":40,\"caption\":\"SELLERLOGIC\"},\"image\":{\"@id\":\"https:\/\/www.sellerlogic.com\/pt\/#\/schema\/logo\/image\/\"},\"sameAs\":[\"https:\/\/www.facebook.com\/SellerLogic\/\",\"https:\/\/x.com\/sellerlogic\",\"https:\/\/www.instagram.com\/sellerlogic\/\",\"https:\/\/www.linkedin.com\/company\/18402037\/\",\"https:\/\/www.youtube.com\/channel\/UC-gULUur-fNj08sprantKsQ\"]}]}<\/script>\n<!-- \/ Yoast SEO plugin. -->","yoast_head_json":{"title":"\u00c9 assim que voc\u00ea pode garantir a vit\u00f3ria no campo do carrinho de compras para si mesmo!","description":"Gratuito e cortesia: Workbook \"O Campo do Carrinho de Compras - Como Ganhar a Buy Box para Si Mesmo!\" Baixe agora!","robots":{"index":"index","follow":"follow","max-snippet":"max-snippet:-1","max-image-preview":"max-image-preview:large","max-video-preview":"max-video-preview:-1"},"canonical":"https:\/\/www.sellerlogic.com\/pt\/resources\/workbook-shopping-cart-field\/","og_locale":"pt_PT","og_type":"article","og_title":"\u00c9 assim que voc\u00ea pode garantir a vit\u00f3ria no campo do carrinho de compras para si mesmo!","og_description":"Gratuito e cortesia: Workbook \"O Campo do Carrinho de Compras - Como Ganhar a Buy Box para Si Mesmo!\" Baixe agora!","og_url":"https:\/\/www.sellerlogic.com\/pt\/resources\/workbook-shopping-cart-field\/","og_site_name":"SELLERLOGIC - Smarte Tools f\u00fcr Amazon-Seller","article_publisher":"https:\/\/www.facebook.com\/SellerLogic\/","og_image":[{"width":738,"height":804,"url":"https:\/\/d2bw95mh2ee04s.cloudfront.net\/prod\/content\/wp-content\/uploads\/2020\/12\/23142720\/workbook-einkaufswagenfeld-cover.png","type":"image\/png"}],"twitter_card":"summary_large_image","twitter_site":"@sellerlogic","twitter_misc":{"Est. reading time":"1 minute"},"schema":{"@context":"https:\/\/schema.org","@graph":[{"@type":"WebPage","@id":"https:\/\/www.sellerlogic.com\/pt\/resources\/workbook-shopping-cart-field\/","url":"https:\/\/www.sellerlogic.com\/pt\/resources\/workbook-shopping-cart-field\/","name":"\u00c9 assim que voc\u00ea pode garantir a vit\u00f3ria no campo do carrinho de compras para si mesmo!","isPartOf":{"@id":"https:\/\/www.sellerlogic.com\/pt\/#website"},"primaryImageOfPage":{"@id":"https:\/\/www.sellerlogic.com\/pt\/resources\/workbook-shopping-cart-field\/#primaryimage"},"image":{"@id":"https:\/\/www.sellerlogic.com\/pt\/resources\/workbook-shopping-cart-field\/#primaryimage"},"thumbnailUrl":"https:\/\/www.sellerlogic.com\/wp-content\/uploads\/2020\/12\/workbook-einkaufswagenfeld-cover.png","datePublished":"2020-12-11T10:04:17+00:00","description":"Gratuito e cortesia: Workbook \"O Campo do Carrinho de Compras - Como Ganhar a Buy Box para Si Mesmo!\" Baixe agora!","breadcrumb":{"@id":"https:\/\/www.sellerlogic.com\/pt\/resources\/workbook-shopping-cart-field\/#breadcrumb"},"inLanguage":"pt-AO","potentialAction":[{"@type":"ReadAction","target":["https:\/\/www.sellerlogic.com\/pt\/resources\/workbook-shopping-cart-field\/"]}]},{"@type":"ImageObject","inLanguage":"pt-AO","@id":"https:\/\/www.sellerlogic.com\/pt\/resources\/workbook-shopping-cart-field\/#primaryimage","url":"https:\/\/www.sellerlogic.com\/wp-content\/uploads\/2020\/12\/workbook-einkaufswagenfeld-cover.png","contentUrl":"https:\/\/www.sellerlogic.com\/wp-content\/uploads\/2020\/12\/workbook-einkaufswagenfeld-cover.png"},{"@type":"BreadcrumbList","@id":"https:\/\/www.sellerlogic.com\/pt\/resources\/workbook-shopping-cart-field\/#breadcrumb","itemListElement":[{"@type":"ListItem","position":1,"name":"Home","item":"https:\/\/www.sellerlogic.com\/pt\/"},{"@type":"ListItem","position":2,"name":"Ressourcen PT","item":"https:\/\/127.0.0.1\/de\/ressourcen\/"},{"@type":"ListItem","position":3,"name":"Campo do Carrinho de Compras do Workbook"}]},{"@type":"WebSite","@id":"https:\/\/www.sellerlogic.com\/pt\/#website","url":"https:\/\/www.sellerlogic.com\/pt\/","name":"SELLERLOGIC - Smarte Tools f\u00fcr Amazon-Seller","description":"Intelligente Prozessoptimierung und Gewinnmaximierung","publisher":{"@id":"https:\/\/www.sellerlogic.com\/pt\/#organization"},"potentialAction":[{"@type":"SearchAction","target":{"@type":"EntryPoint","urlTemplate":"https:\/\/www.sellerlogic.com\/pt\/?s={search_term_string}"},"query-input":{"@type":"PropertyValueSpecification","valueRequired":true,"valueName":"search_term_string"}}],"inLanguage":"pt-AO"},{"@type":"Organization","@id":"https:\/\/www.sellerlogic.com\/pt\/#organization","name":"SELLERLOGIC","url":"https:\/\/www.sellerlogic.com\/pt\/","logo":{"@type":"ImageObject","inLanguage":"pt-AO","@id":"https:\/\/www.sellerlogic.com\/pt\/#\/schema\/logo\/image\/","url":"https:\/\/d2bw95mh2ee04s.cloudfront.net\/prod\/content\/wp-content\/uploads\/2025\/01\/02134814\/Property-Logo-Main.svg","contentUrl":"https:\/\/d2bw95mh2ee04s.cloudfront.net\/prod\/content\/wp-content\/uploads\/2025\/01\/02134814\/Property-Logo-Main.svg","width":184,"height":40,"caption":"SELLERLOGIC"},"image":{"@id":"https:\/\/www.sellerlogic.com\/pt\/#\/schema\/logo\/image\/"},"sameAs":["https:\/\/www.facebook.com\/SellerLogic\/","https:\/\/x.com\/sellerlogic","https:\/\/www.instagram.com\/sellerlogic\/","https:\/\/www.linkedin.com\/company\/18402037\/","https:\/\/www.youtube.com\/channel\/UC-gULUur-fNj08sprantKsQ"]}]}},"_links":{"self":[{"href":"https:\/\/www.sellerlogic.com\/pt\/wp-json\/wp\/v2\/pages\/104820","targetHints":{"allow":["GET"]}}],"collection":[{"href":"https:\/\/www.sellerlogic.com\/pt\/wp-json\/wp\/v2\/pages"}],"about":[{"href":"https:\/\/www.sellerlogic.com\/pt\/wp-json\/wp\/v2\/types\/page"}],"author":[{"embeddable":true,"href":"https:\/\/www.sellerlogic.com\/pt\/wp-json\/wp\/v2\/users\/3"}],"replies":[{"embeddable":true,"href":"https:\/\/www.sellerlogic.com\/pt\/wp-json\/wp\/v2\/comments?post=104820"}],"version-history":[{"count":0,"href":"https:\/\/www.sellerlogic.com\/pt\/wp-json\/wp\/v2\/pages\/104820\/revisions"}],"up":[{"embeddable":true,"href":"https:\/\/www.sellerlogic.com\/pt\/wp-json\/wp\/v2\/pages\/104790"}],"wp:attachment":[{"href":"https:\/\/www.sellerlogic.com\/pt\/wp-json\/wp\/v2\/media?parent=104820"}],"curies":[{"name":"wp","href":"https:\/\/api.w.org\/{rel}","templated":true}]}}