
{"id":226758,"date":"2020-12-18T10:43:41","date_gmt":"2020-12-18T10:43:41","guid":{"rendered":"https:\/\/127.0.0.1\/resources\/success-story-samtige-haut\/"},"modified":"2020-12-18T10:43:41","modified_gmt":"2020-12-18T10:43:41","slug":"success-story-samtige-haut","status":"publish","type":"page","link":"https:\/\/www.sellerlogic.com\/ro\/resources\/success-story-samtige-haut\/","title":{"rendered":"Poveste de succes: Samtige Haut EN"},"content":{"rendered":"\n\t<div  class=\"theme-wp-block theme-block-main-header is-style-full-height desktop-align-full xl-align-full lg-align-full md-align-full sm-align-full desktop-content-align-y-center desktop-content-align-x-center xl-content-align-y-center xl-content-align-x-center lg-content-align-y-center lg-content-align-x-center md-content-align-y-center md-content-align-x-center sm-content-align-y-center sm-content-align-x-center gb-responsive-911782-identifier theme-block-cover\">\n\t\t<div class=\"bg-cover theme-lazy-load-bg\"><\/div>\n\t\t<div class=\"wrap-content-main-header\">\n\t\t\t\t\t<div  class=\"theme-wp-block theme-block-text-and-text desktop-blockDirection-row xl-blockDirection-row lg-blockDirection-row md-blockDirection-row sm-blockDirection-row gb-responsive-289238-identifier desktop-align-full xl-align-full lg-align-full md-align-full sm-align-full alignfull\">\n\t\t<div class=\"tat-column-wrap-wrapper\">\n\t\t\t<div class=\"tat-column-wrapper\">\n\t\t\t\t\t<div  class=\"theme-wp-block theme-block-text-and-text-column gb-responsive-421034-identifier desktop-horizontal-center xl-horizontal-center lg-horizontal-center md-horizontal-center sm-horizontal-center\">\n\t\t<div class=\"inner-wrap-column-content\">\n\t\t\t<div class=\"inner-column-content\">\n\t\t\t\t\t\t<h1  class=\"theme-wp-block theme-block-heading is-style-default sm-text-center md-text-center desktop-text-center xl-text-center lg-text-center gb-responsive-292481-identifier desktop-align-full xl-align-full lg-align-full md-align-full sm-align-full alignfull h1 has-text-align\">\n\t\tRamburs\u0103ri cu un clic\t<\/h1>\n\n\t\t<h2  class=\"theme-wp-block theme-block-heading is-style-default sm-text-center md-text-center desktop-text-center xl-text-center lg-text-center gb-responsive-831018-identifier desktop-align-full xl-align-full lg-align-full md-align-full sm-align-full alignfull h1 has-text-align\">\n\t\t&#8220;Samtige Haut&#8221; prime\u0219te ramburs\u0103ri de la Amazon prin Lost &amp; Found\t<\/h2>\n\n\t\t\t<\/div>\n\t\t<\/div>\n\t<\/div>\n\t<div  class=\"theme-wp-block theme-block-text-and-text-column gb-responsive-929552-identifier\">\n\t\t<div class=\"inner-wrap-column-content\">\n\t\t\t<div class=\"inner-column-content\">\n\t\t\t\t\t\t\t<\/div>\n\t\t<\/div>\n\t<\/div>\n\t\t\t<\/div>\n\t\t<\/div>\n\t<\/div>\n\n\t\t<\/div>\n\t<\/div>\n\n<div style=\"height:50px\" aria-hidden=\"true\" class=\"theme-wp-block wp-block-spacer\"><\/div><div class=\"theme-wp-block wp-block-columns gb-responsive-655645-identifier is-layout-flex wp-container-core-columns-is-layout-9d6595d7 wp-block-columns-is-layout-flex\"><div class=\"theme-wp-block wp-block-column gb-responsive-959393-identifier is-layout-flow wp-block-column-is-layout-flow\" style=\"flex-basis:25%\"><figure class=\"theme-wp-block wp-block-image size-large is-resized gb-responsive-62921-identifier\"><img decoding=\"async\" src=\"https:\/\/d2bw95mh2ee04s.cloudfront.net\/prod\/content\/wp-content\/uploads\/2020\/12\/23142732\/samtige-haut-logo.png\" alt=\"Poveste de succes: Samtige Haut EN\" class=\"wp-image-4561\" width=\"300\" height=\"84\" srcset=\"https:\/\/d2bw95mh2ee04s.cloudfront.net\/prod\/content\/wp-content\/uploads\/2020\/12\/23142732\/samtige-haut-logo-407x113.png 407w, https:\/\/d2bw95mh2ee04s.cloudfront.net\/prod\/content\/wp-content\/uploads\/2020\/12\/23142732\/samtige-haut-logo.png 600w\" sizes=\"(max-width: 300px) 100vw, 300px\" \/><\/figure><p class=\"theme-wp-block gb-responsive-312552-identifier\"><strong><strong>Fundare<\/strong>:<\/strong><br>Noiembrie 2016<\/p><p class=\"theme-wp-block gb-responsive-353708-identifier\"><strong><strong>Industrie<\/strong>:<\/strong><br>Cosmetice, suplimente nutritive, produse organice<\/p><p class=\"theme-wp-block gb-responsive-164518-identifier\"><strong><strong>Produse pe Amazon:<\/strong><\/strong><br>1.000<\/p><p class=\"theme-wp-block gb-responsive-888870-identifier\"><strong><strong>Expedi\u021bii<\/strong>:\u00a0<\/strong><br>aproximativ 8.000 pe lun\u0103<\/p><\/div><div class=\"theme-wp-block wp-block-column gb-responsive-252265-identifier is-layout-flow wp-block-column-is-layout-flow\" style=\"flex-basis:50%\"><h3 class=\"theme-wp-block wp-block-heading gb-responsive-34353-identifier\" id=\"block-c06fce04-ef87-4ffc-a3d6-b768ba377d17\">Context:<\/h3><p class=\"theme-wp-block gb-responsive-620393-identifier\">\u00cen 2018, Amazon a avut o cifr\u0103 de afaceri de 232,9 miliarde de dolari americani. Aproximativ 45% dintre v\u00e2nz\u0103torii germani de pe Amazon \u00ee\u0219i expediaz\u0103 bunurile prin Fulfillment by Amazon (FBA). Sandra Schriewer \u2013 proprietara magazinului Amazon \u201cSamtige Haut\u201d (\u00een german\u0103 \u201cPielea cea mai neted\u0103\u201d) \u2013 este una dintre ace\u0219tia. \u00cen ciuda tuturor beneficiilor programului FBA, nu mai este posibil pentru comercian\u021bii online s\u0103 \u021bin\u0103 eviden\u021ba fluxului de date al tranzac\u021biilor FBA pe m\u0103sur\u0103 ce v\u00e2nz\u0103rile cresc. Din acest motiv, analiza nu se efectueaz\u0103 deloc.<\/p><h3 class=\"theme-wp-block wp-block-heading gb-responsive-182281-identifier\">Provocare:<\/h3><p class=\"theme-wp-block gb-responsive-880667-identifier\">Sandra Schriewer provine ini\u021bial din industria cosmeticelor. \u00cen timpul activit\u0103\u021bii sale \u00een sectorul E-commerce din Berlin, \u0219i-a finalizat studiile \u00een marketing online \u0219i E-commerce.<\/p><p class=\"theme-wp-block gb-responsive-3897-identifier\">Ea a dorit s\u0103 pun\u0103 \u00een practic\u0103 cuno\u0219tin\u021bele dob\u00e2ndite \u0219i s\u0103 le combine cu pasiunea sa pentru cosmetice \u0219i nutri\u021bie. Astfel a fost creat magazinul Amazon \u201cSamtige Haut\u201d. Cu aproximativ 1.000 de produse \u0219i \u00een jur de 8.000 de expedi\u021bii pe lun\u0103 prin programul FBA, era aproape imposibil s\u0103 \u021bin\u0103 eviden\u021ba imensului flux de date de pe Amazon. \u00cen cur\u00e2nd \u0219i-a dat seama c\u0103 avea nevoie de un furnizor de servicii care s\u0103 o ajute s\u0103 controleze procesele programului FBA. \u201cCa comerciant online, te bazezi pe Fulfillment by Amazon, deoarece programul face procesele logistice din companie mult mai u\u0219oare. Cu toate acestea, nimeni nu este perfect \u0219i, desigur, \u0219i companii de frunte precum Amazon pot face gre\u0219eli.<\/p><p class=\"theme-wp-block gb-responsive-135542-identifier\">Manual verificarea erorilor era exclus\u0103. Analiza surselor problemei este foarte complex\u0103 \u0219i necesit\u0103 o cantitate enorm\u0103 de timp. &#8220;Asta ar dep\u0103\u0219i orice cadru economic,\u201d ne-a spus Sandra. \u201cSolu\u021bia Lost &#038; Found de la SELLERLOGIC mi-a fost recomandat\u0103 de so\u021bul meu, care colaboreaz\u0103 deja cu Repricer furnizorului de servicii \u0219i este foarte mul\u021bumit de produs. Exist\u0103 multe solu\u021bii pe pia\u021b\u0103 de care o afacere Amazon are nevoie pentru a avea succes \u00een pie\u021bele respective. Cred c\u0103 Lost &#038; Found este unic\u0103 \u0219i indispensabil\u0103 pentru v\u00e2nz\u0103torii FBA.\u201d<\/p><h3 class=\"theme-wp-block wp-block-heading gb-responsive-115756-identifier\">Solu\u021bie:<\/h3><p class=\"theme-wp-block gb-responsive-907939-identifier\">\u201eInstrumentul nu este greu de utilizat \u0219i poate fi integrat rapid \u0219i u\u0219or. Instruc\u021biunile pas cu pas \u2013 precum \u0219i baza de cuno\u0219tin\u021be \u2013 sunt foarte utile \u0219i nu necesit\u0103 suport din partea SELLERLOGIC. Lost &#038; Found raporteaz\u0103 cazuri noi \u00een fiecare zi \u0219i ofer\u0103 module de text predefinite care pot fi pur \u0219i simplu copiate \u0219i lipite \u00een Amazon Seller Central. Trebuie doar s\u0103 copiez \u0219i s\u0103 lipesc munca pentru a ob\u021bine o rambursare de la Amazon. Deoarece cazurile trimise sunt de obicei acceptate f\u0103r\u0103 alte \u00eentreb\u0103ri, \u00eentregul proces este men\u021binut foarte simplu!\u201d<\/p><div class=\"theme-block-group-wrap\"><div class=\"theme-wp-block wp-block-group gb-responsive-88118-identifier\">\t\t<div  class=\"theme-wp-block theme-block-user-card gb-responsive-799176-identifier is-style-full-width-line\">\n\t\t<div class=\"wrap-inner-content\">\n\t\t\t<div class=\"card-user-head\">\n\t\t\t\t<div class=\"card-user-avatar\">\n\t\t\t\t\t<div class=\"cover-avatar\" style=\"background-image: url(https:\/\/d2bw95mh2ee04s.cloudfront.net\/prod\/content\/wp-content\/uploads\/2020\/12\/23142733\/sandra-schriewer-raute.png);\"><\/div>\n\t\t\t\t<\/div>\n\t\t\t\t<div class=\"wrap-title\">\n\t\t\t\t\t<div class=\"card-user-name\">\n\t\t\t\t\t\t<div class=\"title\">\n\t\t\t\t\t\t\t<h3 class=\"heading-text\"><strong>Sandra Schriewer<\/strong><\/h3>\n\t\t\t\t\t\t<\/div>\n\t\t\t\t\t\t<div class=\"card-user-position\">\n\t\t\t\t\t\t\t<div class=\"card-text\"><strong>CEO \u201eSamtige Haut\u201c<\/strong><\/div>\n\t\t\t\t\t\t<\/div>\n\t\t\t\t\t<\/div>\n\t\t\t\t\t<div class=\"card-user-quote-icon\">\n\t\t\t\t\t<\/div>\n\t\t\t\t<\/div>\n\t\t\t<\/div>\n\t\t\t<div class=\"card-user-text\">\n\t\t\t\t<div class=\"card-text\"><p>&#8220;Exist\u0103 multe solu\u021bii pe pia\u021b\u0103 de care o afacere Amazon are nevoie pentru a avea succes pe pie\u021bele respective. Cred c\u0103 Lost &amp; Found este unic \u0219i indispensabil pentru v\u00e2nz\u0103torii FBA\u201d.<\/p><\/div>\n\t\t\t<\/div>\n\t\t<\/div>\n\t<\/div>\n\n<\/div><\/div><h3 class=\"theme-wp-block wp-block-heading gb-responsive-595368-identifier\">Rezultate de succes cu SELLERLOGIC:<\/h3><p class=\"theme-wp-block gb-responsive-414432-identifier\">\u201eDeoarece Lost &#038; Found urm\u0103re\u0219te tranzac\u021biile individuale p\u00e2n\u0103 la 18 luni, am primit o rambursare de aproximativ 1.300 EUR imediat dup\u0103 integrarea instrumentului, pe care nu a\u0219 fi observat-o niciodat\u0103 f\u0103r\u0103 SELLERLOGIC. \u00cenainte de integrarea Lost &#038; Found nu mi-a fost clar c\u00e2te pachete au disp\u0103rut pur \u0219i simplu \u00eentre timp. Nu po\u021bi verifica manual cantitatea de date \u0219i, de obicei, Amazon nu \u00ee\u021bi ofer\u0103 niciun feedback despre bunurile lips\u0103. Cu Lost &#038; Found \u00ee\u021bi recuperezi banii \u0219i \u00ee\u021bi economise\u0219ti o cantitate enorm\u0103 de timp \u2013 datorit\u0103 cercet\u0103rii automate \u0219i a trimiterii cazurilor folosind func\u021bia Copy &#038; Paste.\u201d<\/p><p class=\"theme-wp-block gb-responsive-57813-identifier\">\u201ePot recomanda cuiva s\u0103 integreze solu\u021bia \u00een propriul sistem. Nu ai nimic de pierdut! Costurile pentru SELLERLOGIC Lost &#038; Found sunt foarte corecte din punctul meu de vedere, deoarece sunt calculate propor\u021bional cu rambursarea efectiv\u0103 de la Amazon. Dac\u0103 nu se g\u0103se\u0219te nimic, nu se percep taxe. Fiecare zi care trece f\u0103r\u0103 Lost &#038; Found cost\u0103 bani v\u00e2nz\u0103torilor. \u00cen plus, ai un maximum de 18 luni pentru a-\u021bi depune cererile, \u00een unele cazuri chiar mai pu\u021bin\u201d, concluzioneaz\u0103 Sandra pentru noi.<a href=\"https:\/\/d2bw95mh2ee04s.cloudfront.net\/prod\/content\/files\/SUCCESS-STORIES\/EN\/NEU_SELLERLOGIC_SN_Success-Story_Samtige-Haut-EN.pdf\" target=\"_blank\" rel=\"noreferrer noopener nofollow\"><\/a><\/p><div class=\"theme-wp-block wp-block-buttons gb-responsive-497426-identifier is-layout-flex wp-block-buttons-is-layout-flex\"><div class=\"theme-wp-block wp-block-button gb-responsive-38220-identifier is-style-theme-transparent-with-arrow\"><a class=\"wp-block-button__link wp-element-button\" href=\"https:\/\/d2bw95mh2ee04s.cloudfront.net\/prod\/content\/files\/SUCCESS-STORIES\/EN\/SELLERLOGIC_SN_Success-Story_Samtige-Haut-EN.pdf\" target=\"_blank\" rel=\"noreferrer noopener nofollow\">Descarc\u0103 Povestea de Succes!  <\/a><\/div><\/div><\/div><div class=\"theme-wp-block wp-block-column gb-responsive-147753-identifier is-layout-flow wp-block-column-is-layout-flow\" style=\"flex-basis:25%\"><\/div><\/div><p class=\"theme-wp-block gb-responsive-527070-identifier\"><\/p>","protected":false},"excerpt":{"rendered":"<p>Fundare:Noiembrie 2016 Industrie:Cosmetice, suplimente nutritive, produse organice Produse pe Amazon:1.000 Expedi\u021bii:\u00a0aproximativ 8.000 pe lun\u0103 Context: \u00cen 2018, Amazon a avut o cifr\u0103 de afaceri de 232,9 miliarde de dolari americani. Aproximativ 45% dintre v\u00e2nz\u0103torii germani de pe Amazon \u00ee\u0219i expediaz\u0103 bunurile prin Fulfillment by Amazon (FBA). Sandra Schriewer \u2013 proprietara magazinului Amazon \u201cSamtige Haut\u201d (\u00een<\/p>\n","protected":false},"author":8,"featured_media":0,"parent":226941,"menu_order":0,"comment_status":"closed","ping_status":"closed","template":"","meta":{"sidebar_recommended_resources":{"data":[]},"sidebar_header_settings":{"hide_buttons":{"register":false}},"_use_new_theme":false,"inline_featured_image":false,"footnotes":""},"class_list":["post-226758","page","type-page","status-publish","hentry"],"yoast_head":"<!-- This site is optimized with the Yoast SEO plugin v26.8 - https:\/\/yoast.com\/product\/yoast-seo-wordpress\/ -->\n<title>\u201eSamtige Haut\u201d ob\u021bine rambursare de la Amazon prin SELLERLOGIC Lost &amp; Found<\/title>\n<meta name=\"description\" content=\"Ramburs\u0103ri cu un clic: Clientul SELLERLOGIC &quot;Samtige Haut&quot; \u00ee\u0219i prime\u0219te ramburs\u0103rile de la Amazon prin Lost &amp; Found.\" \/>\n<meta name=\"robots\" content=\"index, follow, max-snippet:-1, max-image-preview:large, max-video-preview:-1\" \/>\n<link rel=\"canonical\" href=\"https:\/\/www.sellerlogic.com\/ro\/resources\/success-story-samtige-haut\/\" \/>\n<meta property=\"og:locale\" content=\"ro_RO\" \/>\n<meta property=\"og:type\" content=\"article\" \/>\n<meta property=\"og:title\" content=\"\u201eSamtige Haut\u201d ob\u021bine rambursare de la Amazon prin SELLERLOGIC Lost &amp; Found\" \/>\n<meta property=\"og:description\" content=\"Ramburs\u0103ri cu un clic: Clientul SELLERLOGIC &quot;Samtige Haut&quot; \u00ee\u0219i prime\u0219te ramburs\u0103rile de la Amazon prin Lost &amp; Found.\" \/>\n<meta property=\"og:url\" content=\"https:\/\/www.sellerlogic.com\/ro\/resources\/success-story-samtige-haut\/\" \/>\n<meta property=\"og:site_name\" content=\"SELLERLOGIC - Smarte Tools f\u00fcr Amazon-Seller\" \/>\n<meta property=\"article:publisher\" content=\"https:\/\/www.facebook.com\/SellerLogic\/\" \/>\n<meta property=\"og:image\" content=\"https:\/\/www.sellerlogic.com\/wp-content\/uploads\/2020\/12\/samtige-haut-logo.png\" \/>\n<meta name=\"twitter:card\" content=\"summary_large_image\" \/>\n<meta name=\"twitter:site\" content=\"@sellerlogic\" \/>\n<meta name=\"twitter:label1\" content=\"Est. reading time\" \/>\n\t<meta name=\"twitter:data1\" content=\"3 minutes\" \/>\n<script type=\"application\/ld+json\" class=\"yoast-schema-graph\">{\"@context\":\"https:\/\/schema.org\",\"@graph\":[{\"@type\":\"WebPage\",\"@id\":\"https:\/\/www.sellerlogic.com\/ro\/resources\/success-story-samtige-haut\/\",\"url\":\"https:\/\/www.sellerlogic.com\/ro\/resources\/success-story-samtige-haut\/\",\"name\":\"\u201eSamtige Haut\u201d ob\u021bine rambursare de la Amazon prin SELLERLOGIC Lost & Found\",\"isPartOf\":{\"@id\":\"https:\/\/www.sellerlogic.com\/ro\/#website\"},\"primaryImageOfPage\":{\"@id\":\"https:\/\/www.sellerlogic.com\/ro\/resources\/success-story-samtige-haut\/#primaryimage\"},\"image\":{\"@id\":\"https:\/\/www.sellerlogic.com\/ro\/resources\/success-story-samtige-haut\/#primaryimage\"},\"thumbnailUrl\":\"https:\/\/www.sellerlogic.com\/wp-content\/uploads\/2020\/12\/samtige-haut-logo.png\",\"datePublished\":\"2020-12-18T10:43:41+00:00\",\"description\":\"Ramburs\u0103ri cu un clic: Clientul SELLERLOGIC \\\"Samtige Haut\\\" \u00ee\u0219i prime\u0219te ramburs\u0103rile de la Amazon prin Lost & Found.\",\"breadcrumb\":{\"@id\":\"https:\/\/www.sellerlogic.com\/ro\/resources\/success-story-samtige-haut\/#breadcrumb\"},\"inLanguage\":\"ro-RO\",\"potentialAction\":[{\"@type\":\"ReadAction\",\"target\":[\"https:\/\/www.sellerlogic.com\/ro\/resources\/success-story-samtige-haut\/\"]}]},{\"@type\":\"ImageObject\",\"inLanguage\":\"ro-RO\",\"@id\":\"https:\/\/www.sellerlogic.com\/ro\/resources\/success-story-samtige-haut\/#primaryimage\",\"url\":\"https:\/\/www.sellerlogic.com\/wp-content\/uploads\/2020\/12\/samtige-haut-logo.png\",\"contentUrl\":\"https:\/\/www.sellerlogic.com\/wp-content\/uploads\/2020\/12\/samtige-haut-logo.png\"},{\"@type\":\"BreadcrumbList\",\"@id\":\"https:\/\/www.sellerlogic.com\/ro\/resources\/success-story-samtige-haut\/#breadcrumb\",\"itemListElement\":[{\"@type\":\"ListItem\",\"position\":1,\"name\":\"Home\",\"item\":\"https:\/\/www.sellerlogic.com\/ro\/\"},{\"@type\":\"ListItem\",\"position\":2,\"name\":\"Resurse EN\",\"item\":\"https:\/\/www.sellerlogic.com\/ro\/resources\/\"},{\"@type\":\"ListItem\",\"position\":3,\"name\":\"Poveste de succes: Samtige Haut EN\"}]},{\"@type\":\"WebSite\",\"@id\":\"https:\/\/www.sellerlogic.com\/ro\/#website\",\"url\":\"https:\/\/www.sellerlogic.com\/ro\/\",\"name\":\"SELLERLOGIC - Smarte Tools f\u00fcr Amazon-Seller\",\"description\":\"Intelligente Prozessoptimierung und Gewinnmaximierung\",\"publisher\":{\"@id\":\"https:\/\/www.sellerlogic.com\/ro\/#organization\"},\"potentialAction\":[{\"@type\":\"SearchAction\",\"target\":{\"@type\":\"EntryPoint\",\"urlTemplate\":\"https:\/\/www.sellerlogic.com\/ro\/?s={search_term_string}\"},\"query-input\":{\"@type\":\"PropertyValueSpecification\",\"valueRequired\":true,\"valueName\":\"search_term_string\"}}],\"inLanguage\":\"ro-RO\"},{\"@type\":\"Organization\",\"@id\":\"https:\/\/www.sellerlogic.com\/ro\/#organization\",\"name\":\"SELLERLOGIC\",\"url\":\"https:\/\/www.sellerlogic.com\/ro\/\",\"logo\":{\"@type\":\"ImageObject\",\"inLanguage\":\"ro-RO\",\"@id\":\"https:\/\/www.sellerlogic.com\/ro\/#\/schema\/logo\/image\/\",\"url\":\"https:\/\/d2bw95mh2ee04s.cloudfront.net\/prod\/content\/wp-content\/uploads\/2025\/01\/02134814\/Property-Logo-Main.svg\",\"contentUrl\":\"https:\/\/d2bw95mh2ee04s.cloudfront.net\/prod\/content\/wp-content\/uploads\/2025\/01\/02134814\/Property-Logo-Main.svg\",\"width\":184,\"height\":40,\"caption\":\"SELLERLOGIC\"},\"image\":{\"@id\":\"https:\/\/www.sellerlogic.com\/ro\/#\/schema\/logo\/image\/\"},\"sameAs\":[\"https:\/\/www.facebook.com\/SellerLogic\/\",\"https:\/\/x.com\/sellerlogic\",\"https:\/\/www.instagram.com\/sellerlogic\/\",\"https:\/\/www.linkedin.com\/company\/18402037\/\",\"https:\/\/www.youtube.com\/channel\/UC-gULUur-fNj08sprantKsQ\"]}]}<\/script>\n<!-- \/ Yoast SEO plugin. -->","yoast_head_json":{"title":"\u201eSamtige Haut\u201d ob\u021bine rambursare de la Amazon prin SELLERLOGIC Lost & Found","description":"Ramburs\u0103ri cu un clic: Clientul SELLERLOGIC \"Samtige Haut\" \u00ee\u0219i prime\u0219te ramburs\u0103rile de la Amazon prin Lost & Found.","robots":{"index":"index","follow":"follow","max-snippet":"max-snippet:-1","max-image-preview":"max-image-preview:large","max-video-preview":"max-video-preview:-1"},"canonical":"https:\/\/www.sellerlogic.com\/ro\/resources\/success-story-samtige-haut\/","og_locale":"ro_RO","og_type":"article","og_title":"\u201eSamtige Haut\u201d ob\u021bine rambursare de la Amazon prin SELLERLOGIC Lost & Found","og_description":"Ramburs\u0103ri cu un clic: Clientul SELLERLOGIC \"Samtige Haut\" \u00ee\u0219i prime\u0219te ramburs\u0103rile de la Amazon prin Lost & Found.","og_url":"https:\/\/www.sellerlogic.com\/ro\/resources\/success-story-samtige-haut\/","og_site_name":"SELLERLOGIC - Smarte Tools f\u00fcr Amazon-Seller","article_publisher":"https:\/\/www.facebook.com\/SellerLogic\/","og_image":[{"url":"https:\/\/www.sellerlogic.com\/wp-content\/uploads\/2020\/12\/samtige-haut-logo.png","type":"","width":"","height":""}],"twitter_card":"summary_large_image","twitter_site":"@sellerlogic","twitter_misc":{"Est. reading time":"3 minutes"},"schema":{"@context":"https:\/\/schema.org","@graph":[{"@type":"WebPage","@id":"https:\/\/www.sellerlogic.com\/ro\/resources\/success-story-samtige-haut\/","url":"https:\/\/www.sellerlogic.com\/ro\/resources\/success-story-samtige-haut\/","name":"\u201eSamtige Haut\u201d ob\u021bine rambursare de la Amazon prin SELLERLOGIC Lost & Found","isPartOf":{"@id":"https:\/\/www.sellerlogic.com\/ro\/#website"},"primaryImageOfPage":{"@id":"https:\/\/www.sellerlogic.com\/ro\/resources\/success-story-samtige-haut\/#primaryimage"},"image":{"@id":"https:\/\/www.sellerlogic.com\/ro\/resources\/success-story-samtige-haut\/#primaryimage"},"thumbnailUrl":"https:\/\/www.sellerlogic.com\/wp-content\/uploads\/2020\/12\/samtige-haut-logo.png","datePublished":"2020-12-18T10:43:41+00:00","description":"Ramburs\u0103ri cu un clic: Clientul SELLERLOGIC \"Samtige Haut\" \u00ee\u0219i prime\u0219te ramburs\u0103rile de la Amazon prin Lost & Found.","breadcrumb":{"@id":"https:\/\/www.sellerlogic.com\/ro\/resources\/success-story-samtige-haut\/#breadcrumb"},"inLanguage":"ro-RO","potentialAction":[{"@type":"ReadAction","target":["https:\/\/www.sellerlogic.com\/ro\/resources\/success-story-samtige-haut\/"]}]},{"@type":"ImageObject","inLanguage":"ro-RO","@id":"https:\/\/www.sellerlogic.com\/ro\/resources\/success-story-samtige-haut\/#primaryimage","url":"https:\/\/www.sellerlogic.com\/wp-content\/uploads\/2020\/12\/samtige-haut-logo.png","contentUrl":"https:\/\/www.sellerlogic.com\/wp-content\/uploads\/2020\/12\/samtige-haut-logo.png"},{"@type":"BreadcrumbList","@id":"https:\/\/www.sellerlogic.com\/ro\/resources\/success-story-samtige-haut\/#breadcrumb","itemListElement":[{"@type":"ListItem","position":1,"name":"Home","item":"https:\/\/www.sellerlogic.com\/ro\/"},{"@type":"ListItem","position":2,"name":"Resurse EN","item":"https:\/\/www.sellerlogic.com\/ro\/resources\/"},{"@type":"ListItem","position":3,"name":"Poveste de succes: Samtige Haut EN"}]},{"@type":"WebSite","@id":"https:\/\/www.sellerlogic.com\/ro\/#website","url":"https:\/\/www.sellerlogic.com\/ro\/","name":"SELLERLOGIC - Smarte Tools f\u00fcr Amazon-Seller","description":"Intelligente Prozessoptimierung und Gewinnmaximierung","publisher":{"@id":"https:\/\/www.sellerlogic.com\/ro\/#organization"},"potentialAction":[{"@type":"SearchAction","target":{"@type":"EntryPoint","urlTemplate":"https:\/\/www.sellerlogic.com\/ro\/?s={search_term_string}"},"query-input":{"@type":"PropertyValueSpecification","valueRequired":true,"valueName":"search_term_string"}}],"inLanguage":"ro-RO"},{"@type":"Organization","@id":"https:\/\/www.sellerlogic.com\/ro\/#organization","name":"SELLERLOGIC","url":"https:\/\/www.sellerlogic.com\/ro\/","logo":{"@type":"ImageObject","inLanguage":"ro-RO","@id":"https:\/\/www.sellerlogic.com\/ro\/#\/schema\/logo\/image\/","url":"https:\/\/d2bw95mh2ee04s.cloudfront.net\/prod\/content\/wp-content\/uploads\/2025\/01\/02134814\/Property-Logo-Main.svg","contentUrl":"https:\/\/d2bw95mh2ee04s.cloudfront.net\/prod\/content\/wp-content\/uploads\/2025\/01\/02134814\/Property-Logo-Main.svg","width":184,"height":40,"caption":"SELLERLOGIC"},"image":{"@id":"https:\/\/www.sellerlogic.com\/ro\/#\/schema\/logo\/image\/"},"sameAs":["https:\/\/www.facebook.com\/SellerLogic\/","https:\/\/x.com\/sellerlogic","https:\/\/www.instagram.com\/sellerlogic\/","https:\/\/www.linkedin.com\/company\/18402037\/","https:\/\/www.youtube.com\/channel\/UC-gULUur-fNj08sprantKsQ"]}]}},"_links":{"self":[{"href":"https:\/\/www.sellerlogic.com\/ro\/wp-json\/wp\/v2\/pages\/226758","targetHints":{"allow":["GET"]}}],"collection":[{"href":"https:\/\/www.sellerlogic.com\/ro\/wp-json\/wp\/v2\/pages"}],"about":[{"href":"https:\/\/www.sellerlogic.com\/ro\/wp-json\/wp\/v2\/types\/page"}],"author":[{"embeddable":true,"href":"https:\/\/www.sellerlogic.com\/ro\/wp-json\/wp\/v2\/users\/8"}],"replies":[{"embeddable":true,"href":"https:\/\/www.sellerlogic.com\/ro\/wp-json\/wp\/v2\/comments?post=226758"}],"version-history":[{"count":0,"href":"https:\/\/www.sellerlogic.com\/ro\/wp-json\/wp\/v2\/pages\/226758\/revisions"}],"up":[{"embeddable":true,"href":"https:\/\/www.sellerlogic.com\/ro\/wp-json\/wp\/v2\/pages\/226941"}],"wp:attachment":[{"href":"https:\/\/www.sellerlogic.com\/ro\/wp-json\/wp\/v2\/media?parent=226758"}],"curies":[{"name":"wp","href":"https:\/\/api.w.org\/{rel}","templated":true}]}}