
{"id":226806,"date":"2020-12-17T16:17:58","date_gmt":"2020-12-17T16:17:58","guid":{"rendered":"https:\/\/127.0.0.1\/resources\/success-story-rewu-eu\/"},"modified":"2020-12-17T16:17:58","modified_gmt":"2020-12-17T16:17:58","slug":"success-story-rewu-eu","status":"publish","type":"page","link":"https:\/\/www.sellerlogic.com\/ro\/resources\/success-story-rewu-eu\/","title":{"rendered":"Poveste de Succes: ReWu EN"},"content":{"rendered":"\n\t<div  class=\"theme-wp-block theme-block-main-header is-style-full-height desktop-align-full xl-align-full lg-align-full md-align-full sm-align-full desktop-content-align-y-center desktop-content-align-x-center xl-content-align-y-center xl-content-align-x-center lg-content-align-y-center lg-content-align-x-center md-content-align-y-center md-content-align-x-center sm-content-align-y-center sm-content-align-x-center gb-responsive-650367-identifier theme-block-cover\">\n\t\t<div class=\"bg-cover theme-lazy-load-bg\"><\/div>\n\t\t<div class=\"wrap-content-main-header\">\n\t\t\t\t\t<div  class=\"theme-wp-block theme-block-text-and-text gb-responsive-130700-identifier desktop-blockDirection-column xl-blockDirection-column lg-blockDirection-column md-blockDirection-column sm-blockDirection-column desktop-align-wide xl-align-wide lg-align-wide md-align-wide sm-align-wide\">\n\t\t<div class=\"tat-column-wrap-wrapper\">\n\t\t\t<div class=\"tat-column-wrapper\">\n\t\t\t\t\t<div  class=\"theme-wp-block theme-block-text-and-text-column gb-responsive-420800-identifier desktop-horizontal-center xl-horizontal-center lg-horizontal-center md-horizontal-center sm-horizontal-center\">\n\t\t<div class=\"inner-wrap-column-content\">\n\t\t\t<div class=\"inner-column-content\">\n\t\t\t\t\t\t<h1  class=\"theme-wp-block theme-block-heading is-style-default desktop-text-center xl-text-center lg-text-center md-text-center sm-text-center gb-responsive-178195-identifier h1\">\n\t\tAccesorii de Via\u021b\u0103 High End la Pre\u021bul Perfect\t<\/h1>\n\n\t\t<h2  class=\"theme-wp-block theme-block-heading is-style-default desktop-text-center xl-text-center lg-text-center md-text-center sm-text-center gb-responsive-77462-identifier desktop-align-center xl-align-center lg-align-center md-align-center sm-align-center aligncenter h2 has-text-align\">\n\t\tCum c\u00e2\u0219tig\u0103 ReWu.eu Amazon Buy Box\t<\/h2>\n\n\t\t\t<\/div>\n\t\t<\/div>\n\t<\/div>\n\t<div  class=\"theme-wp-block theme-block-text-and-text-column gb-responsive-983379-identifier\">\n\t\t<div class=\"inner-wrap-column-content\">\n\t\t\t<div class=\"inner-column-content\">\n\t\t\t\t\t\t\t<\/div>\n\t\t<\/div>\n\t<\/div>\n\t\t\t<\/div>\n\t\t<\/div>\n\t<\/div>\n\n\t\t<\/div>\n\t<\/div>\n\n<div style=\"height:50px\" aria-hidden=\"true\" class=\"theme-wp-block wp-block-spacer\"><\/div><div class=\"theme-wp-block wp-block-columns gb-responsive-678291-identifier is-layout-flex wp-container-core-columns-is-layout-9d6595d7 wp-block-columns-is-layout-flex\"><div class=\"theme-wp-block wp-block-column gb-responsive-277127-identifier is-layout-flow wp-block-column-is-layout-flow\" style=\"flex-basis:25%\"><figure class=\"theme-wp-block wp-block-image size-large is-resized gb-responsive-62921-identifier\"><img decoding=\"async\" src=\"https:\/\/d2bw95mh2ee04s.cloudfront.net\/prod\/content\/wp-content\/uploads\/2020\/12\/23142722\/logo_rewu.png\" alt=\"Poveste de Succes: ReWu EN\" class=\"wp-image-4882\" width=\"300\" height=\"143\" srcset=\"https:\/\/d2bw95mh2ee04s.cloudfront.net\/prod\/content\/wp-content\/uploads\/2020\/12\/23142722\/logo_rewu-407x194.png 407w, https:\/\/d2bw95mh2ee04s.cloudfront.net\/prod\/content\/wp-content\/uploads\/2020\/12\/23142722\/logo_rewu.png 479w\" sizes=\"(max-width: 300px) 100vw, 300px\" \/><\/figure><p class=\"theme-wp-block gb-responsive-589628-identifier\"><strong>Fundare:<\/strong><br>Iulie 2017<\/p><p class=\"theme-wp-block gb-responsive-203014-identifier\"><strong>Industrie:<\/strong><br>\u00cengrijire a casei, mobil\u0103,<br>juc\u0103rii<\/p><p class=\"theme-wp-block gb-responsive-55456-identifier\"><strong>Produse pe Amazon:\u00a0<\/strong><br>aproximativ 900<\/p><p class=\"theme-wp-block gb-responsive-107672-identifier\"><strong>Expedi\u021bii:<\/strong><br>aproximativ 7.200 pe lun\u0103<\/p><\/div><div class=\"theme-wp-block wp-block-column gb-responsive-745505-identifier is-layout-flow wp-block-column-is-layout-flow\" style=\"flex-basis:50%\"><h3 class=\"theme-wp-block wp-block-heading gb-responsive-34353-identifier\" id=\"block-c06fce04-ef87-4ffc-a3d6-b768ba377d17\">Context:<\/h3><p class=\"theme-wp-block gb-responsive-175924-identifier desktop-gb-has-no-icon xl-gb-has-no-icon lg-gb-has-no-icon md-gb-has-no-icon sm-gb-has-no-icon\">Florian Wucherpfennig c\u0103uta noi experien\u021be pe l\u00e2ng\u0103 locul s\u0103u de munc\u0103 cu norm\u0103 \u00eentreag\u0103 \u00een afacerea de familie de electricitate. La sfatul unui prieten, a \u00eenceput s\u0103 se intereseze de v\u00e2nzarea pe Amazon.<\/p><p class=\"theme-wp-block gb-responsive-353482-identifier desktop-gb-has-no-icon xl-gb-has-no-icon lg-gb-has-no-icon md-gb-has-no-icon sm-gb-has-no-icon\">Pentru a avea succes pe platforma online, un v\u00e2nz\u0103tor trebuie s\u0103 dep\u0103\u0219easc\u0103 mai multe obstacole \u0219i s\u0103 ac\u021bioneze. Serviciul pentru clien\u021bi \u0219i optimizarea pre\u021burilor constituie baza succesului pe pia\u021b\u0103 \u0219i fac ca retailerul s\u0103 ias\u0103 \u00een eviden\u021b\u0103. Dup\u0103 lansarea magazinului s\u0103u Amazon ReWu.eu, Florian a recunoscut imediat relevan\u021ba serviciului pentru clien\u021bi \u0219i a pre\u021burilor.<\/p><h3 class=\"theme-wp-block wp-block-heading gb-responsive-182281-identifier\">Provocare:<\/h3><p class=\"theme-wp-block gb-responsive-432341-identifier desktop-gb-has-no-icon xl-gb-has-no-icon lg-gb-has-no-icon md-gb-has-no-icon sm-gb-has-no-icon\">Aproape fiecare al doilea euro cheltuit online ajunge pe Amazon. \u00cen aceast\u0103 afacere online extrem de competitiv\u0103, ReWu.eu trebuie s\u0103 se impun\u0103 \u00een fa\u021ba celorlal\u021bi 100.000 de retaileri online din Germania. Deoarece Florian vinde exclusiv en-gros, directorul general trebuie s\u0103 se confrunte zilnic cu o concuren\u021b\u0103 \u00een cre\u0219tere. Pre\u021burile pot sc\u0103dea, iar calitatea bunurilor are de suferit din cauza acestui lucru.<\/p><p class=\"theme-wp-block gb-responsive-926294-identifier desktop-gb-has-no-icon xl-gb-has-no-icon lg-gb-has-no-icon md-gb-has-no-icon sm-gb-has-no-icon\">\u201eNu vrem s\u0103 vindem produse de proast\u0103 calitate clien\u021bilor la cel mai mic pre\u021b. Scopul nostru este s\u0103 oferim produse de \u00eenalt\u0103 calitate cu un serviciu pentru clien\u021bi pe care niciunul dintre concuren\u021bii no\u0219tri nu \u00eel poate egala. Aceasta este prioritatea noastr\u0103 principal\u0103. A\u0219a ne men\u021binem competitivi. \u00cen mod natural, r\u0103zboiul pre\u021burilor este prezent \u0219i \u00een segmentul de calitate. De aceea, aveam nevoie de un partener pentru optimizarea pre\u021burilor care s\u0103 nu se bazeze pe cel mai mic pre\u021b pentru a intra \u00een Buy Box, ci s\u0103 ac\u021bioneze dinamic \u0219i s\u0103 adapteze pre\u021burile \u00een func\u021bie de situa\u021bia de pe pia\u021b\u0103\u201c, explic\u0103 Florian.<\/p><h3 class=\"theme-wp-block wp-block-heading gb-responsive-115756-identifier\">Solu\u021bie:<\/h3><p class=\"theme-wp-block gb-responsive-578168-identifier desktop-gb-has-no-icon xl-gb-has-no-icon lg-gb-has-no-icon md-gb-has-no-icon sm-gb-has-no-icon\">Florian \u0219i-a pus miza pe SELLERLOGIC Repricer deoarece acesta c\u00e2\u0219tig\u0103 Buy Box \u0219i cel mai mare pre\u021b. Dup\u0103 ce produsele sunt pozi\u021bionate \u00een Buy Box, Repricer optimizeaz\u0103 pre\u021bul produsului respectiv la maximul posibil. \u201e\u00cen prezent, suntem orienta\u021bi spre m\u0103rfuri. Prin urmare, produsul SELLERLOGIC este indispensabil pentru noi. Acesta ajusteaz\u0103 pre\u021burile \u00een func\u021bie de situa\u021bia de pe pia\u021b\u0103, dar ajut\u0103 \u0219i la ob\u021binerea unei imagini rapide asupra segmentelor \u00een care trebuie s\u0103 iter\u0103m sau pe care trebuie s\u0103 le observ\u0103m mai atent\u201c, confirm\u0103 Florian.<\/p><div class=\"theme-block-group-wrap\"><div class=\"theme-wp-block wp-block-group gb-responsive-88118-identifier\">\t\t<div  class=\"theme-wp-block theme-block-user-card gb-responsive-799176-identifier is-style-full-width-line desktop-gb-has-no-icon xl-gb-has-no-icon lg-gb-has-no-icon md-gb-has-no-icon sm-gb-has-no-icon\">\n\t\t<div class=\"wrap-inner-content\">\n\t\t\t<div class=\"card-user-head\">\n\t\t\t\t<div class=\"card-user-avatar\">\n\t\t\t\t\t<div class=\"cover-avatar\" style=\"background-image: url(https:\/\/d2bw95mh2ee04s.cloudfront.net\/prod\/content\/wp-content\/uploads\/2020\/12\/23142721\/florian_wucherpfennig_raute.png);\"><\/div>\n\t\t\t\t<\/div>\n\t\t\t\t<div class=\"wrap-title\">\n\t\t\t\t\t<div class=\"card-user-name\">\n\t\t\t\t\t\t<div class=\"title\">\n\t\t\t\t\t\t\t<h3 class=\"heading-text\"><strong>Florian Wucherpfennig<\/strong><\/h3>\n\t\t\t\t\t\t<\/div>\n\t\t\t\t\t\t<div class=\"card-user-position\">\n\t\t\t\t\t\t\t<div class=\"card-text\"><strong>CEO al ReWu.eu<\/strong><\/div>\n\t\t\t\t\t\t<\/div>\n\t\t\t\t\t<\/div>\n\t\t\t\t\t<div class=\"card-user-quote-icon\">\n\t\t\t\t\t<\/div>\n\t\t\t\t<\/div>\n\t\t\t<\/div>\n\t\t\t<div class=\"card-user-text\">\n\t\t\t\t<div class=\"card-text\"><p>\u201eCred cu t\u0103rie c\u0103 SELLERLOGIC ne economise\u0219te resurse enorme. Acum putem investi timp, for\u021b\u0103 de munc\u0103 \u0219i bani \u00een suportul pentru clien\u021bi. Desigur, profitul mai mare este la fel de important, iar Repricer ne ofer\u0103 asta de fiecare dat\u0103.\u201c<\/p><\/div>\n\t\t\t<\/div>\n\t\t<\/div>\n\t<\/div>\n\n<\/div><\/div><h3 class=\"theme-wp-block wp-block-heading gb-responsive-595368-identifier\">Rezultate de Succes cu SELLERLOGIC:<\/h3><p class=\"theme-wp-block gb-responsive-295853-identifier desktop-gb-has-no-icon xl-gb-has-no-icon lg-gb-has-no-icon md-gb-has-no-icon sm-gb-has-no-icon\">Serviciul clien\u021bi are o reputa\u021bie \u00eenalt\u0103 la ReWU.eu. Florian explic\u0103 de ce: \u201eEste bine cunoscut faptul c\u0103 un serviciu clien\u021bi bun consum\u0103 mult\u0103 energie, dar se r\u0103spl\u0103te\u0219te dublu la final. Este, de asemenea, o metod\u0103 sigur\u0103 de a ie\u0219i \u00een eviden\u021b\u0103 fa\u021b\u0103 de competi\u021bie. Utilizarea Repricer ne permite s\u0103 economisim cantit\u0103\u021bi enorme de energie pe care le putem canaliza \u00een serviciul nostru pentru clien\u021bi, ceea ce, la r\u00e2ndul s\u0103u, beneficiaz\u0103 clien\u021bii no\u0219tri. Desigur, profitul mai mare pe care \u00eel ofer\u0103 Repricer este la fel de important \u0219i este livrat de fiecare dat\u0103.\u201c<\/p><p class=\"theme-wp-block gb-responsive-525743-identifier desktop-gb-has-no-icon xl-gb-has-no-icon lg-gb-has-no-icon md-gb-has-no-icon sm-gb-has-no-icon\">\u201eEste greu de imaginat s\u0103 treci manual prin fiecare produs din nou \u0219i din nou c\u00e2nd competi\u021bia se schimb\u0103. \u00cen schimb, ne uit\u0103m la produsele noastre o dat\u0103 pe s\u0103pt\u0103m\u00e2n\u0103, verific\u0103m care nu sunt \u00een Buy Box \u0219i facem ajust\u0103ri. Repricer se ocup\u0103 de restul,\u201c continu\u0103 Florian. \u201eCu toate acestea, cred c\u0103 nu folosim \u00eenc\u0103 acest instrument la 100% din capacit\u0103\u021bile sale \u0219i mai sunt c\u00e2teva trucuri \u0219i func\u021bii care ar putea fi utile \u0219i distractive.\u201c<\/p><div class=\"theme-wp-block wp-block-buttons gb-responsive-497426-identifier is-layout-flex wp-block-buttons-is-layout-flex\"><div class=\"theme-wp-block wp-block-button gb-responsive-38220-identifier is-style-theme-transparent-with-arrow\"><a class=\"wp-block-button__link wp-element-button\" href=\"https:\/\/d2bw95mh2ee04s.cloudfront.net\/prod\/content\/files\/SUCCESS-STORIES\/EN\/SELLERLOGIC_SN_Success-Story_ReWu_EN.pdf\" target=\"_blank\" rel=\"noreferrer noopener nofollow\">Descarc\u0103 acum!<\/a><\/div><\/div><\/div><div class=\"theme-wp-block wp-block-column gb-responsive-561369-identifier is-layout-flow wp-block-column-is-layout-flow\" style=\"flex-basis:25%\"><\/div><\/div>","protected":false},"excerpt":{"rendered":"<p>Fundare:Iulie 2017 Industrie:\u00cengrijire a casei, mobil\u0103,juc\u0103rii Produse pe Amazon:\u00a0aproximativ 900 Expedi\u021bii:aproximativ 7.200 pe lun\u0103 Context: Florian Wucherpfennig c\u0103uta noi experien\u021be pe l\u00e2ng\u0103 locul s\u0103u de munc\u0103 cu norm\u0103 \u00eentreag\u0103 \u00een afacerea de familie de electricitate. La sfatul unui prieten, a \u00eenceput s\u0103 se intereseze de v\u00e2nzarea pe Amazon. Pentru a avea succes pe platforma online,<\/p>\n","protected":false},"author":3,"featured_media":4796,"parent":226941,"menu_order":0,"comment_status":"closed","ping_status":"closed","template":"","meta":{"sidebar_recommended_resources":{"data":[]},"sidebar_header_settings":{"hide_buttons":{"register":false}},"_use_new_theme":false,"inline_featured_image":false,"footnotes":""},"class_list":["post-226806","page","type-page","status-publish","has-post-thumbnail","hentry"],"yoast_head":"<!-- This site is optimized with the Yoast SEO plugin v26.8 - https:\/\/yoast.com\/product\/yoast-seo-wordpress\/ -->\n<title>cum ReWu.eu c\u00e2\u0219tig\u0103 Buy Box Amazon | SELLERLOGIC<\/title>\n<meta name=\"description\" content=\"C\u00e2\u0219tigarea Buy Box este crucial\u0103 pe Amazon. Verific\u0103 acum cum ReWu.eu dep\u0103\u0219e\u0219te acest obstacol cu SELLERLOGIC Repricer!\" \/>\n<meta name=\"robots\" content=\"index, follow, max-snippet:-1, max-image-preview:large, max-video-preview:-1\" \/>\n<link rel=\"canonical\" href=\"https:\/\/www.sellerlogic.com\/ro\/resources\/success-story-rewu-eu\/\" \/>\n<meta property=\"og:locale\" content=\"ro_RO\" \/>\n<meta property=\"og:type\" content=\"article\" \/>\n<meta property=\"og:title\" content=\"cum ReWu.eu c\u00e2\u0219tig\u0103 Buy Box Amazon | SELLERLOGIC\" \/>\n<meta property=\"og:description\" content=\"C\u00e2\u0219tigarea Buy Box este crucial\u0103 pe Amazon. Verific\u0103 acum cum ReWu.eu dep\u0103\u0219e\u0219te acest obstacol cu SELLERLOGIC Repricer!\" \/>\n<meta property=\"og:url\" content=\"https:\/\/www.sellerlogic.com\/ro\/resources\/success-story-rewu-eu\/\" \/>\n<meta property=\"og:site_name\" content=\"SELLERLOGIC - Smarte Tools f\u00fcr Amazon-Seller\" \/>\n<meta property=\"article:publisher\" content=\"https:\/\/www.facebook.com\/SellerLogic\/\" \/>\n<meta property=\"og:image\" content=\"http:\/\/d2bw95mh2ee04s.cloudfront.net\/prod\/content\/wp-content\/uploads\/2020\/12\/23142724\/header-success-story-rewu.jpg\" \/>\n\t<meta property=\"og:image:width\" content=\"2500\" \/>\n\t<meta property=\"og:image:height\" content=\"1667\" \/>\n\t<meta property=\"og:image:type\" content=\"image\/jpeg\" \/>\n<meta name=\"twitter:card\" content=\"summary_large_image\" \/>\n<meta name=\"twitter:site\" content=\"@sellerlogic\" \/>\n<meta name=\"twitter:label1\" content=\"Est. reading time\" \/>\n\t<meta name=\"twitter:data1\" content=\"3 minutes\" \/>\n<script type=\"application\/ld+json\" class=\"yoast-schema-graph\">{\"@context\":\"https:\/\/schema.org\",\"@graph\":[{\"@type\":\"WebPage\",\"@id\":\"https:\/\/www.sellerlogic.com\/ro\/resources\/success-story-rewu-eu\/\",\"url\":\"https:\/\/www.sellerlogic.com\/ro\/resources\/success-story-rewu-eu\/\",\"name\":\"cum ReWu.eu c\u00e2\u0219tig\u0103 Buy Box Amazon | SELLERLOGIC\",\"isPartOf\":{\"@id\":\"https:\/\/www.sellerlogic.com\/ro\/#website\"},\"primaryImageOfPage\":{\"@id\":\"https:\/\/www.sellerlogic.com\/ro\/resources\/success-story-rewu-eu\/#primaryimage\"},\"image\":{\"@id\":\"https:\/\/www.sellerlogic.com\/ro\/resources\/success-story-rewu-eu\/#primaryimage\"},\"thumbnailUrl\":\"https:\/\/d2bw95mh2ee04s.cloudfront.net\/prod\/content\/wp-content\/uploads\/2020\/12\/23142724\/header-success-story-rewu.jpg\",\"datePublished\":\"2020-12-17T16:17:58+00:00\",\"description\":\"C\u00e2\u0219tigarea Buy Box este crucial\u0103 pe Amazon. Verific\u0103 acum cum ReWu.eu dep\u0103\u0219e\u0219te acest obstacol cu SELLERLOGIC Repricer!\",\"breadcrumb\":{\"@id\":\"https:\/\/www.sellerlogic.com\/ro\/resources\/success-story-rewu-eu\/#breadcrumb\"},\"inLanguage\":\"ro-RO\",\"potentialAction\":[{\"@type\":\"ReadAction\",\"target\":[\"https:\/\/www.sellerlogic.com\/ro\/resources\/success-story-rewu-eu\/\"]}]},{\"@type\":\"ImageObject\",\"inLanguage\":\"ro-RO\",\"@id\":\"https:\/\/www.sellerlogic.com\/ro\/resources\/success-story-rewu-eu\/#primaryimage\",\"url\":\"https:\/\/d2bw95mh2ee04s.cloudfront.net\/prod\/content\/wp-content\/uploads\/2020\/12\/23142724\/header-success-story-rewu.jpg\",\"contentUrl\":\"https:\/\/d2bw95mh2ee04s.cloudfront.net\/prod\/content\/wp-content\/uploads\/2020\/12\/23142724\/header-success-story-rewu.jpg\",\"width\":2500,\"height\":1667,\"caption\":\"Amazon seller software for professionals: SELLERLOGIC Repricer\"},{\"@type\":\"BreadcrumbList\",\"@id\":\"https:\/\/www.sellerlogic.com\/ro\/resources\/success-story-rewu-eu\/#breadcrumb\",\"itemListElement\":[{\"@type\":\"ListItem\",\"position\":1,\"name\":\"Home\",\"item\":\"https:\/\/www.sellerlogic.com\/ro\/\"},{\"@type\":\"ListItem\",\"position\":2,\"name\":\"Resurse EN\",\"item\":\"https:\/\/127.0.0.1\/de\/ressourcen\/\"},{\"@type\":\"ListItem\",\"position\":3,\"name\":\"Poveste de Succes: ReWu EN\"}]},{\"@type\":\"WebSite\",\"@id\":\"https:\/\/www.sellerlogic.com\/ro\/#website\",\"url\":\"https:\/\/www.sellerlogic.com\/ro\/\",\"name\":\"SELLERLOGIC - Smarte Tools f\u00fcr Amazon-Seller\",\"description\":\"Intelligente Prozessoptimierung und Gewinnmaximierung\",\"publisher\":{\"@id\":\"https:\/\/www.sellerlogic.com\/ro\/#organization\"},\"potentialAction\":[{\"@type\":\"SearchAction\",\"target\":{\"@type\":\"EntryPoint\",\"urlTemplate\":\"https:\/\/www.sellerlogic.com\/ro\/?s={search_term_string}\"},\"query-input\":{\"@type\":\"PropertyValueSpecification\",\"valueRequired\":true,\"valueName\":\"search_term_string\"}}],\"inLanguage\":\"ro-RO\"},{\"@type\":\"Organization\",\"@id\":\"https:\/\/www.sellerlogic.com\/ro\/#organization\",\"name\":\"SELLERLOGIC\",\"url\":\"https:\/\/www.sellerlogic.com\/ro\/\",\"logo\":{\"@type\":\"ImageObject\",\"inLanguage\":\"ro-RO\",\"@id\":\"https:\/\/www.sellerlogic.com\/ro\/#\/schema\/logo\/image\/\",\"url\":\"https:\/\/d2bw95mh2ee04s.cloudfront.net\/prod\/content\/wp-content\/uploads\/2025\/01\/02134814\/Property-Logo-Main.svg\",\"contentUrl\":\"https:\/\/d2bw95mh2ee04s.cloudfront.net\/prod\/content\/wp-content\/uploads\/2025\/01\/02134814\/Property-Logo-Main.svg\",\"width\":184,\"height\":40,\"caption\":\"SELLERLOGIC\"},\"image\":{\"@id\":\"https:\/\/www.sellerlogic.com\/ro\/#\/schema\/logo\/image\/\"},\"sameAs\":[\"https:\/\/www.facebook.com\/SellerLogic\/\",\"https:\/\/x.com\/sellerlogic\",\"https:\/\/www.instagram.com\/sellerlogic\/\",\"https:\/\/www.linkedin.com\/company\/18402037\/\",\"https:\/\/www.youtube.com\/channel\/UC-gULUur-fNj08sprantKsQ\"]}]}<\/script>\n<!-- \/ Yoast SEO plugin. -->","yoast_head_json":{"title":"cum ReWu.eu c\u00e2\u0219tig\u0103 Buy Box Amazon | SELLERLOGIC","description":"C\u00e2\u0219tigarea Buy Box este crucial\u0103 pe Amazon. Verific\u0103 acum cum ReWu.eu dep\u0103\u0219e\u0219te acest obstacol cu SELLERLOGIC Repricer!","robots":{"index":"index","follow":"follow","max-snippet":"max-snippet:-1","max-image-preview":"max-image-preview:large","max-video-preview":"max-video-preview:-1"},"canonical":"https:\/\/www.sellerlogic.com\/ro\/resources\/success-story-rewu-eu\/","og_locale":"ro_RO","og_type":"article","og_title":"cum ReWu.eu c\u00e2\u0219tig\u0103 Buy Box Amazon | SELLERLOGIC","og_description":"C\u00e2\u0219tigarea Buy Box este crucial\u0103 pe Amazon. Verific\u0103 acum cum ReWu.eu dep\u0103\u0219e\u0219te acest obstacol cu SELLERLOGIC Repricer!","og_url":"https:\/\/www.sellerlogic.com\/ro\/resources\/success-story-rewu-eu\/","og_site_name":"SELLERLOGIC - Smarte Tools f\u00fcr Amazon-Seller","article_publisher":"https:\/\/www.facebook.com\/SellerLogic\/","og_image":[{"width":2500,"height":1667,"url":"http:\/\/d2bw95mh2ee04s.cloudfront.net\/prod\/content\/wp-content\/uploads\/2020\/12\/23142724\/header-success-story-rewu.jpg","type":"image\/jpeg"}],"twitter_card":"summary_large_image","twitter_site":"@sellerlogic","twitter_misc":{"Est. reading time":"3 minutes"},"schema":{"@context":"https:\/\/schema.org","@graph":[{"@type":"WebPage","@id":"https:\/\/www.sellerlogic.com\/ro\/resources\/success-story-rewu-eu\/","url":"https:\/\/www.sellerlogic.com\/ro\/resources\/success-story-rewu-eu\/","name":"cum ReWu.eu c\u00e2\u0219tig\u0103 Buy Box Amazon | SELLERLOGIC","isPartOf":{"@id":"https:\/\/www.sellerlogic.com\/ro\/#website"},"primaryImageOfPage":{"@id":"https:\/\/www.sellerlogic.com\/ro\/resources\/success-story-rewu-eu\/#primaryimage"},"image":{"@id":"https:\/\/www.sellerlogic.com\/ro\/resources\/success-story-rewu-eu\/#primaryimage"},"thumbnailUrl":"https:\/\/d2bw95mh2ee04s.cloudfront.net\/prod\/content\/wp-content\/uploads\/2020\/12\/23142724\/header-success-story-rewu.jpg","datePublished":"2020-12-17T16:17:58+00:00","description":"C\u00e2\u0219tigarea Buy Box este crucial\u0103 pe Amazon. Verific\u0103 acum cum ReWu.eu dep\u0103\u0219e\u0219te acest obstacol cu SELLERLOGIC Repricer!","breadcrumb":{"@id":"https:\/\/www.sellerlogic.com\/ro\/resources\/success-story-rewu-eu\/#breadcrumb"},"inLanguage":"ro-RO","potentialAction":[{"@type":"ReadAction","target":["https:\/\/www.sellerlogic.com\/ro\/resources\/success-story-rewu-eu\/"]}]},{"@type":"ImageObject","inLanguage":"ro-RO","@id":"https:\/\/www.sellerlogic.com\/ro\/resources\/success-story-rewu-eu\/#primaryimage","url":"https:\/\/d2bw95mh2ee04s.cloudfront.net\/prod\/content\/wp-content\/uploads\/2020\/12\/23142724\/header-success-story-rewu.jpg","contentUrl":"https:\/\/d2bw95mh2ee04s.cloudfront.net\/prod\/content\/wp-content\/uploads\/2020\/12\/23142724\/header-success-story-rewu.jpg","width":2500,"height":1667,"caption":"Amazon seller software for professionals: SELLERLOGIC Repricer"},{"@type":"BreadcrumbList","@id":"https:\/\/www.sellerlogic.com\/ro\/resources\/success-story-rewu-eu\/#breadcrumb","itemListElement":[{"@type":"ListItem","position":1,"name":"Home","item":"https:\/\/www.sellerlogic.com\/ro\/"},{"@type":"ListItem","position":2,"name":"Resurse EN","item":"https:\/\/127.0.0.1\/de\/ressourcen\/"},{"@type":"ListItem","position":3,"name":"Poveste de Succes: ReWu EN"}]},{"@type":"WebSite","@id":"https:\/\/www.sellerlogic.com\/ro\/#website","url":"https:\/\/www.sellerlogic.com\/ro\/","name":"SELLERLOGIC - Smarte Tools f\u00fcr Amazon-Seller","description":"Intelligente Prozessoptimierung und Gewinnmaximierung","publisher":{"@id":"https:\/\/www.sellerlogic.com\/ro\/#organization"},"potentialAction":[{"@type":"SearchAction","target":{"@type":"EntryPoint","urlTemplate":"https:\/\/www.sellerlogic.com\/ro\/?s={search_term_string}"},"query-input":{"@type":"PropertyValueSpecification","valueRequired":true,"valueName":"search_term_string"}}],"inLanguage":"ro-RO"},{"@type":"Organization","@id":"https:\/\/www.sellerlogic.com\/ro\/#organization","name":"SELLERLOGIC","url":"https:\/\/www.sellerlogic.com\/ro\/","logo":{"@type":"ImageObject","inLanguage":"ro-RO","@id":"https:\/\/www.sellerlogic.com\/ro\/#\/schema\/logo\/image\/","url":"https:\/\/d2bw95mh2ee04s.cloudfront.net\/prod\/content\/wp-content\/uploads\/2025\/01\/02134814\/Property-Logo-Main.svg","contentUrl":"https:\/\/d2bw95mh2ee04s.cloudfront.net\/prod\/content\/wp-content\/uploads\/2025\/01\/02134814\/Property-Logo-Main.svg","width":184,"height":40,"caption":"SELLERLOGIC"},"image":{"@id":"https:\/\/www.sellerlogic.com\/ro\/#\/schema\/logo\/image\/"},"sameAs":["https:\/\/www.facebook.com\/SellerLogic\/","https:\/\/x.com\/sellerlogic","https:\/\/www.instagram.com\/sellerlogic\/","https:\/\/www.linkedin.com\/company\/18402037\/","https:\/\/www.youtube.com\/channel\/UC-gULUur-fNj08sprantKsQ"]}]}},"_links":{"self":[{"href":"https:\/\/www.sellerlogic.com\/ro\/wp-json\/wp\/v2\/pages\/226806","targetHints":{"allow":["GET"]}}],"collection":[{"href":"https:\/\/www.sellerlogic.com\/ro\/wp-json\/wp\/v2\/pages"}],"about":[{"href":"https:\/\/www.sellerlogic.com\/ro\/wp-json\/wp\/v2\/types\/page"}],"author":[{"embeddable":true,"href":"https:\/\/www.sellerlogic.com\/ro\/wp-json\/wp\/v2\/users\/3"}],"replies":[{"embeddable":true,"href":"https:\/\/www.sellerlogic.com\/ro\/wp-json\/wp\/v2\/comments?post=226806"}],"version-history":[{"count":0,"href":"https:\/\/www.sellerlogic.com\/ro\/wp-json\/wp\/v2\/pages\/226806\/revisions"}],"up":[{"embeddable":true,"href":"https:\/\/www.sellerlogic.com\/ro\/wp-json\/wp\/v2\/pages\/226941"}],"wp:featuredmedia":[{"embeddable":true,"href":"https:\/\/www.sellerlogic.com\/ro\/wp-json\/wp\/v2\/media\/4796"}],"wp:attachment":[{"href":"https:\/\/www.sellerlogic.com\/ro\/wp-json\/wp\/v2\/media?parent=226806"}],"curies":[{"name":"wp","href":"https:\/\/api.w.org\/{rel}","templated":true}]}}