
{"id":226809,"date":"2020-12-17T15:13:52","date_gmt":"2020-12-17T15:13:52","guid":{"rendered":"https:\/\/127.0.0.1\/contact-us\/"},"modified":"2020-12-17T15:13:52","modified_gmt":"2020-12-17T15:13:52","slug":"contact-us","status":"publish","type":"page","link":"https:\/\/www.sellerlogic.com\/ro\/contact-us\/","title":{"rendered":"Contacta\u021bi-ne"},"content":{"rendered":"\t\t<h1  class=\"theme-wp-block theme-block-heading  gb-responsive-525447-identifier desktop-text-center xl-text-center lg-text-center md-text-center sm-text-center\">\n\t\tContacta\u021bi-ne!\t<\/h1>\n\n<div style=\"height:20px\" aria-hidden=\"true\" class=\"theme-wp-block wp-block-spacer\"><\/div><p class=\"theme-wp-block has-text-align-center  gb-responsive-898050-identifier desktop-text-center xl-text-center lg-text-center md-text-center sm-text-center\">Ave\u021bi \u00eenc\u0103 \u00eentreb\u0103ri? Suntem mai mult dec\u00e2t bucuro\u0219i s\u0103 le r\u0103spundem.<\/p><div style=\"height:20px\" aria-hidden=\"true\" class=\"theme-wp-block wp-block-spacer\"><\/div>\t\t<div  class=\"theme-wp-block theme-block-text-and-text  desktop-align-wide xl-align-wide lg-align-wide md-align-wide sm-align-wide gb-responsive-122222-identifier desktop-blockDirection-row xl-blockDirection-row lg-blockDirection-row md-blockDirection-column sm-blockDirection-column alignwide\">\n\t\t<div class=\"tat-column-wrap-wrapper\">\n\t\t\t<div class=\"tat-column-wrapper\">\n\t\t\t\t\t<div  class=\"theme-wp-block theme-block-text-and-text-column  gb-responsive-930472-identifier desktop-horizontal-right xl-horizontal-right lg-horizontal-right md-horizontal-left sm-horizontal-left\">\n\t\t<div class=\"inner-wrap-column-content\">\n\t\t\t<div class=\"inner-column-content\">\n\t\t\t\t<div class=\"theme-block-group-wrap\"><div class=\"theme-wp-block wp-block-group  gb-responsive-760042-identifier\"><p class=\"theme-wp-block\">\n<div class=\"wpcf7 no-js\" id=\"wpcf7-f15575-o1\" lang=\"de-DE\" dir=\"ltr\" data-wpcf7-id=\"15575\">\n<div class=\"screen-reader-response\"><p role=\"status\" aria-live=\"polite\" aria-atomic=\"true\"><\/p> <ul><\/ul><\/div>\n<form action=\"\/ro\/wp-json\/wp\/v2\/pages\/226809#wpcf7-f15575-o1\" method=\"post\" class=\"wpcf7-form init\" aria-label=\"Contact form\" novalidate=\"novalidate\" data-status=\"init\">\n<fieldset class=\"hidden-fields-container\"><input type=\"hidden\" name=\"_wpcf7\" value=\"15575\" \/><input type=\"hidden\" name=\"_wpcf7_version\" value=\"6.1.4\" \/><input type=\"hidden\" name=\"_wpcf7_locale\" value=\"de_DE\" \/><input type=\"hidden\" name=\"_wpcf7_unit_tag\" value=\"wpcf7-f15575-o1\" \/><input type=\"hidden\" name=\"_wpcf7_container_post\" value=\"0\" \/><input type=\"hidden\" name=\"_wpcf7_posted_data_hash\" value=\"\" \/><input type=\"hidden\" name=\"_wpcf7_recaptcha_response\" value=\"\" \/>\n<\/fieldset>\n<div class=\"contact-flex\">\n\t<div class=\"contact-row\">\n\t\t<div class=\"contact-input\">\n\t\t\t<label for=\"contact-form-name\">Nume complet<\/label><span class=\"wpcf7-form-control-wrap\" data-name=\"your-name\"><input size=\"40\" maxlength=\"400\" class=\"wpcf7-form-control wpcf7-text wpcf7-validates-as-required\" id=\"contact-form-name\" aria-required=\"true\" aria-invalid=\"false\" placeholder=\"Introdu numele t\u0103u\" value=\"\" type=\"text\" name=\"your-name\" \/><\/span>\n\t\t<\/div>\n\t\t<div class=\"contact-input\">\n\t\t\t<label for=\"contact-form-email\">Email<\/label><span class=\"wpcf7-form-control-wrap\" data-name=\"your-email\"><input size=\"40\" maxlength=\"400\" class=\"wpcf7-form-control wpcf7-email wpcf7-validates-as-required wpcf7-text wpcf7-validates-as-email\" id=\"contact-form-email\" aria-required=\"true\" aria-invalid=\"false\" placeholder=\"Introdu adresa ta de email\" value=\"\" type=\"email\" name=\"your-email\" \/><\/span>\n\t\t<\/div>\n\t<\/div>\n\t<div class=\"contact-row\">\n\t\t<div class=\"contact-input contact-textarea\">\n\t\t\t<label for=\"contact-form-message\">Mesaj<\/label><span class=\"wpcf7-form-control-wrap\" data-name=\"your-message\"><textarea cols=\"40\" rows=\"3\" maxlength=\"2000\" class=\"wpcf7-form-control wpcf7-textarea\" id=\"contact-form-message\" aria-invalid=\"false\" placeholder=\"Introdu mesajul t\u0103u\" name=\"your-message\"><\/textarea><\/span>\n\t\t<\/div>\n\t<\/div>\n\t<div class=\"contact-row submit-wrap\">\n\t\t<div class=\"contact-input\"><input class=\"wpcf7-form-control wpcf7-submit has-spinner\" type=\"submit\" value=\"Trimite mesajul\" \/><\/div>\n\t\t<div class=\"policy-text\">\n\t\t\tDatele sunt procesate \u00een conformitate cu <a href=\"\/en\/privacy-policy\/\" target=\"_blank\" rel=\"noreferrer noopener\">Politica noastr\u0103 de confiden\u021bialitate<\/a>.\t\t<\/div>\n\t<\/div>\n\t<input type=\"hidden\" name=\"icl_post_language\" value=\"ro\">\n<\/div>\n<div class=\"wpcf7-response-output\" aria-hidden=\"true\"><\/div>\n<\/form>\n<\/div>\n<\/p>\n<\/div><\/div>\t\t\t<\/div>\n\t\t<\/div>\n\t<\/div>\n\t<div  class=\"theme-wp-block theme-block-text-and-text-column  gb-responsive-107956-identifier desktop-horizontal-left xl-horizontal-left lg-horizontal-left md-horizontal-left sm-horizontal-left\">\n\t\t<div class=\"inner-wrap-column-content\">\n\t\t\t<div class=\"inner-column-content\">\n\t\t\t\t<div class=\"theme-block-group-wrap\"><div class=\"theme-wp-block wp-block-group  gb-responsive-887845-identifier\"><p class=\"theme-wp-block  gb-responsive-24777-identifier\"><strong>SELLERLOGIC GmbH<\/strong><\/p><p class=\"theme-wp-block  gb-responsive-436635-identifier\">Willicher Str. 23-25<br>40547 D\u00fcsseldorf<br>Germania<\/p><\/div><\/div><div class=\"theme-block-group-wrap\"><div class=\"theme-wp-block wp-block-group  gb-responsive-842776-identifier\">\t\t<div  class=\"theme-wp-block theme-block-contact-phone  gb-responsive-882672-identifier\">\n\t\t\t\t\t<svg class=\"icon\" width=\"24px\" height=\"24px\" viewBox=\"0 0 24 24\" version=\"1.1\" xmlns=\"http:\/\/www.w3.org\/2000\/svg\">\n\t\t\t\t\t\t<g id=\"global--menu-collapsed\" stroke=\"none\" stroke-width=\"1\" fill=\"none\" fill-rule=\"evenodd\" transform=\"translate(-24.000000, -8.000000)\">\n\t\t\t\t\t\t\t<g id=\"menu--2nd-level\">\n\t\t\t\t\t\t\t\t<g id=\"icn--phone-24px--blue\" transform=\"translate(24.000000, 8.000000)\">\n\t\t\t\t\t\t\t\t\t<polygon id=\"Shape\" points=\"0 0 24 0 24 24 0 24\"><\/polygon>\n\t\t\t\t\t\t\t\t\t<path d=\"M7,6 L7,18.6666667 L16.3333333,18.6666667 L16.3333333,6 L7,6 Z M5,4 L18.3333333,4 L18.3333333,20.6666667 L5,20.6666667 L5,4 Z M11.6666667,18.1666667 C12.126904,18.1666667 12.5,17.7935706 12.5,17.3333333 C12.5,16.873096 12.126904,16.5 11.6666667,16.5 C11.2064294,16.5 10.8333333,16.873096 10.8333333,17.3333333 C10.8333333,17.7935706 11.2064294,18.1666667 11.6666667,18.1666667 Z M6.66666667,15.8333333 L6.66666667,13.8333333 L16.6651355,13.8333333 L16.6651355,15.8333333 L6.66666667,15.8333333 Z\" id=\"Rectangle-20\" fill=\"#0055CC\" fill-rule=\"nonzero\"><\/path>\n\t\t\t\t\t\t\t\t<\/g>\n\t\t\t\t\t\t\t<\/g>\n\t\t\t\t\t\t<\/g>\n\t\t\t\t\t<\/svg>\n\t\t<span class=\"phone\">+49 211 900 64 120<\/span>\n\t<\/div>\n\n\t\t<div  class=\"theme-wp-block theme-block-contact-email  gb-responsive-556890-identifier\">\n\t\t<a href=\"mailto:cs-en@sellerlogic.com\">\n\t\t\t<span class=\"icon\"><\/span>\n\t\t\t<span class=\"email\">cs-en@sellerlogic.com<\/span>\n\t\t<\/a>\n\t<\/div>\n\n<\/div><\/div><div class=\"theme-block-group-wrap\"><div class=\"theme-wp-block wp-block-group  gb-responsive-295432-identifier\"><p class=\"theme-wp-block  gb-responsive-834150-identifier\">Al\u0103tura\u021bi-v\u0103 comunit\u0103\u021bii noastre<\/p>\t\t\t<div  class=\"theme-wp-block theme-block-contact-socials  gb-responsive-518804-identifier\">\n\t\t\t<div class=\"list\">\n\t\t\t\t<!--noindex-->\n\t\t\t\t<ul>\n\t\t\t\t\t\t\t\t\t\t\t<li>\n\t\t\t\t\t\t\t<a href=\"https:\/\/twitter.com\/sellerlogicen\" target=\"_blank\" rel=\"nofollow noreferrer noopener\" aria-label=\"x\">\n\t\t\t\t\t\t\t\t<i class=\"icon icon-x\"><\/i>\n\t\t\t\t\t\t\t<\/a>\n\t\t\t\t\t\t<\/li>\n\t\t\t\t\t\t\t\t\t\t\t<li>\n\t\t\t\t\t\t\t<a href=\"https:\/\/www.xing.com\/companies\/sellerlogicgmbh\" target=\"_blank\" rel=\"nofollow noreferrer noopener\" aria-label=\"xing\">\n\t\t\t\t\t\t\t\t<i class=\"icon icon-xing\"><\/i>\n\t\t\t\t\t\t\t<\/a>\n\t\t\t\t\t\t<\/li>\n\t\t\t\t\t\t\t\t\t\t\t<li>\n\t\t\t\t\t\t\t<a href=\"https:\/\/www.linkedin.com\/company\/sellerlogic-en\" target=\"_blank\" rel=\"nofollow noreferrer noopener\" aria-label=\"linkedin\">\n\t\t\t\t\t\t\t\t<i class=\"icon icon-linkedin\"><\/i>\n\t\t\t\t\t\t\t<\/a>\n\t\t\t\t\t\t<\/li>\n\t\t\t\t\t\t\t\t\t\t\t<li>\n\t\t\t\t\t\t\t<a href=\"https:\/\/www.facebook.com\/SellerLogic.EN\" target=\"_blank\" rel=\"nofollow noreferrer noopener\" aria-label=\"facebook\">\n\t\t\t\t\t\t\t\t<i class=\"icon icon-facebook\"><\/i>\n\t\t\t\t\t\t\t<\/a>\n\t\t\t\t\t\t<\/li>\n\t\t\t\t\t\t\t\t\t<\/ul>\n\t\t\t\t<!--\/noindex-->\n\t\t\t<\/div>\n\t\t<\/div>\n\n<\/div><\/div>\t\t\t<\/div>\n\t\t<\/div>\n\t<\/div>\n\t\t\t<\/div>\n\t\t<\/div>\n\t<\/div>\n\n","protected":false},"excerpt":{"rendered":"<p>Ave\u021bi \u00eenc\u0103 \u00eentreb\u0103ri? Suntem mai mult dec\u00e2t bucuro\u0219i s\u0103 le r\u0103spundem.<\/p>\n","protected":false},"author":8,"featured_media":0,"parent":0,"menu_order":0,"comment_status":"closed","ping_status":"closed","template":"","meta":{"sidebar_recommended_resources":{"data":[]},"sidebar_header_settings":{"hide_buttons":{"register":false}},"_use_new_theme":false,"inline_featured_image":false,"footnotes":""},"class_list":["post-226809","page","type-page","status-publish","hentry"],"yoast_head":"<!-- This site is optimized with the Yoast SEO plugin v26.8 - https:\/\/yoast.com\/product\/yoast-seo-wordpress\/ -->\n<title>SELLERLOGIC \u2013 Contacta\u021bi-ne<\/title>\n<meta name=\"description\" content=\"Ave\u021bi \u00eentreb\u0103ri? Vom fi bucuro\u0219i s\u0103 le r\u0103spundem.\" \/>\n<meta name=\"robots\" content=\"index, follow, max-snippet:-1, max-image-preview:large, max-video-preview:-1\" \/>\n<link rel=\"canonical\" href=\"https:\/\/www.sellerlogic.com\/ro\/contact-us\/\" \/>\n<meta property=\"og:locale\" content=\"ro_RO\" \/>\n<meta property=\"og:type\" content=\"article\" \/>\n<meta property=\"og:title\" content=\"SELLERLOGIC \u2013 Contacta\u021bi-ne\" \/>\n<meta property=\"og:description\" content=\"Ave\u021bi \u00eentreb\u0103ri? Vom fi bucuro\u0219i s\u0103 le r\u0103spundem.\" \/>\n<meta property=\"og:url\" content=\"https:\/\/www.sellerlogic.com\/ro\/contact-us\/\" \/>\n<meta property=\"og:site_name\" content=\"SELLERLOGIC - Smarte Tools f\u00fcr Amazon-Seller\" \/>\n<meta property=\"article:publisher\" content=\"https:\/\/www.facebook.com\/SellerLogic\/\" \/>\n<meta property=\"og:image\" content=\"https:\/\/d2bw95mh2ee04s.cloudfront.net\/prod\/content\/wp-content\/uploads\/2025\/06\/09094621\/Social-OG-Image-Link.jpg\" \/>\n\t<meta property=\"og:image:width\" content=\"2400\" \/>\n\t<meta property=\"og:image:height\" content=\"1270\" \/>\n\t<meta property=\"og:image:type\" content=\"image\/jpeg\" \/>\n<meta name=\"twitter:card\" content=\"summary_large_image\" \/>\n<meta name=\"twitter:site\" content=\"@sellerlogic\" \/>\n<meta name=\"twitter:label1\" content=\"Est. reading time\" \/>\n\t<meta name=\"twitter:data1\" content=\"1 minute\" \/>\n<script type=\"application\/ld+json\" class=\"yoast-schema-graph\">{\"@context\":\"https:\/\/schema.org\",\"@graph\":[{\"@type\":\"WebPage\",\"@id\":\"https:\/\/www.sellerlogic.com\/ro\/contact-us\/\",\"url\":\"https:\/\/www.sellerlogic.com\/ro\/contact-us\/\",\"name\":\"SELLERLOGIC \u2013 Contacta\u021bi-ne\",\"isPartOf\":{\"@id\":\"https:\/\/www.sellerlogic.com\/ro\/#website\"},\"datePublished\":\"2020-12-17T15:13:52+00:00\",\"description\":\"Ave\u021bi \u00eentreb\u0103ri? Vom fi bucuro\u0219i s\u0103 le r\u0103spundem.\",\"breadcrumb\":{\"@id\":\"https:\/\/www.sellerlogic.com\/ro\/contact-us\/#breadcrumb\"},\"inLanguage\":\"ro-RO\",\"potentialAction\":[{\"@type\":\"ReadAction\",\"target\":[\"https:\/\/www.sellerlogic.com\/ro\/contact-us\/\"]}]},{\"@type\":\"BreadcrumbList\",\"@id\":\"https:\/\/www.sellerlogic.com\/ro\/contact-us\/#breadcrumb\",\"itemListElement\":[{\"@type\":\"ListItem\",\"position\":1,\"name\":\"Home\",\"item\":\"https:\/\/www.sellerlogic.com\/ro\/\"},{\"@type\":\"ListItem\",\"position\":2,\"name\":\"Contacta\u021bi-ne\"}]},{\"@type\":\"WebSite\",\"@id\":\"https:\/\/www.sellerlogic.com\/ro\/#website\",\"url\":\"https:\/\/www.sellerlogic.com\/ro\/\",\"name\":\"SELLERLOGIC - Smarte Tools f\u00fcr Amazon-Seller\",\"description\":\"Intelligente Prozessoptimierung und Gewinnmaximierung\",\"publisher\":{\"@id\":\"https:\/\/www.sellerlogic.com\/ro\/#organization\"},\"potentialAction\":[{\"@type\":\"SearchAction\",\"target\":{\"@type\":\"EntryPoint\",\"urlTemplate\":\"https:\/\/www.sellerlogic.com\/ro\/?s={search_term_string}\"},\"query-input\":{\"@type\":\"PropertyValueSpecification\",\"valueRequired\":true,\"valueName\":\"search_term_string\"}}],\"inLanguage\":\"ro-RO\"},{\"@type\":\"Organization\",\"@id\":\"https:\/\/www.sellerlogic.com\/ro\/#organization\",\"name\":\"SELLERLOGIC\",\"url\":\"https:\/\/www.sellerlogic.com\/ro\/\",\"logo\":{\"@type\":\"ImageObject\",\"inLanguage\":\"ro-RO\",\"@id\":\"https:\/\/www.sellerlogic.com\/ro\/#\/schema\/logo\/image\/\",\"url\":\"https:\/\/d2bw95mh2ee04s.cloudfront.net\/prod\/content\/wp-content\/uploads\/2025\/01\/02134814\/Property-Logo-Main.svg\",\"contentUrl\":\"https:\/\/d2bw95mh2ee04s.cloudfront.net\/prod\/content\/wp-content\/uploads\/2025\/01\/02134814\/Property-Logo-Main.svg\",\"width\":184,\"height\":40,\"caption\":\"SELLERLOGIC\"},\"image\":{\"@id\":\"https:\/\/www.sellerlogic.com\/ro\/#\/schema\/logo\/image\/\"},\"sameAs\":[\"https:\/\/www.facebook.com\/SellerLogic\/\",\"https:\/\/x.com\/sellerlogic\",\"https:\/\/www.instagram.com\/sellerlogic\/\",\"https:\/\/www.linkedin.com\/company\/18402037\/\",\"https:\/\/www.youtube.com\/channel\/UC-gULUur-fNj08sprantKsQ\"]}]}<\/script>\n<!-- \/ Yoast SEO plugin. -->","yoast_head_json":{"title":"SELLERLOGIC \u2013 Contacta\u021bi-ne","description":"Ave\u021bi \u00eentreb\u0103ri? Vom fi bucuro\u0219i s\u0103 le r\u0103spundem.","robots":{"index":"index","follow":"follow","max-snippet":"max-snippet:-1","max-image-preview":"max-image-preview:large","max-video-preview":"max-video-preview:-1"},"canonical":"https:\/\/www.sellerlogic.com\/ro\/contact-us\/","og_locale":"ro_RO","og_type":"article","og_title":"SELLERLOGIC \u2013 Contacta\u021bi-ne","og_description":"Ave\u021bi \u00eentreb\u0103ri? Vom fi bucuro\u0219i s\u0103 le r\u0103spundem.","og_url":"https:\/\/www.sellerlogic.com\/ro\/contact-us\/","og_site_name":"SELLERLOGIC - Smarte Tools f\u00fcr Amazon-Seller","article_publisher":"https:\/\/www.facebook.com\/SellerLogic\/","og_image":[{"width":2400,"height":1270,"url":"https:\/\/d2bw95mh2ee04s.cloudfront.net\/prod\/content\/wp-content\/uploads\/2025\/06\/09094621\/Social-OG-Image-Link.jpg","type":"image\/jpeg"}],"twitter_card":"summary_large_image","twitter_site":"@sellerlogic","twitter_misc":{"Est. reading time":"1 minute"},"schema":{"@context":"https:\/\/schema.org","@graph":[{"@type":"WebPage","@id":"https:\/\/www.sellerlogic.com\/ro\/contact-us\/","url":"https:\/\/www.sellerlogic.com\/ro\/contact-us\/","name":"SELLERLOGIC \u2013 Contacta\u021bi-ne","isPartOf":{"@id":"https:\/\/www.sellerlogic.com\/ro\/#website"},"datePublished":"2020-12-17T15:13:52+00:00","description":"Ave\u021bi \u00eentreb\u0103ri? Vom fi bucuro\u0219i s\u0103 le r\u0103spundem.","breadcrumb":{"@id":"https:\/\/www.sellerlogic.com\/ro\/contact-us\/#breadcrumb"},"inLanguage":"ro-RO","potentialAction":[{"@type":"ReadAction","target":["https:\/\/www.sellerlogic.com\/ro\/contact-us\/"]}]},{"@type":"BreadcrumbList","@id":"https:\/\/www.sellerlogic.com\/ro\/contact-us\/#breadcrumb","itemListElement":[{"@type":"ListItem","position":1,"name":"Home","item":"https:\/\/www.sellerlogic.com\/ro\/"},{"@type":"ListItem","position":2,"name":"Contacta\u021bi-ne"}]},{"@type":"WebSite","@id":"https:\/\/www.sellerlogic.com\/ro\/#website","url":"https:\/\/www.sellerlogic.com\/ro\/","name":"SELLERLOGIC - Smarte Tools f\u00fcr Amazon-Seller","description":"Intelligente Prozessoptimierung und Gewinnmaximierung","publisher":{"@id":"https:\/\/www.sellerlogic.com\/ro\/#organization"},"potentialAction":[{"@type":"SearchAction","target":{"@type":"EntryPoint","urlTemplate":"https:\/\/www.sellerlogic.com\/ro\/?s={search_term_string}"},"query-input":{"@type":"PropertyValueSpecification","valueRequired":true,"valueName":"search_term_string"}}],"inLanguage":"ro-RO"},{"@type":"Organization","@id":"https:\/\/www.sellerlogic.com\/ro\/#organization","name":"SELLERLOGIC","url":"https:\/\/www.sellerlogic.com\/ro\/","logo":{"@type":"ImageObject","inLanguage":"ro-RO","@id":"https:\/\/www.sellerlogic.com\/ro\/#\/schema\/logo\/image\/","url":"https:\/\/d2bw95mh2ee04s.cloudfront.net\/prod\/content\/wp-content\/uploads\/2025\/01\/02134814\/Property-Logo-Main.svg","contentUrl":"https:\/\/d2bw95mh2ee04s.cloudfront.net\/prod\/content\/wp-content\/uploads\/2025\/01\/02134814\/Property-Logo-Main.svg","width":184,"height":40,"caption":"SELLERLOGIC"},"image":{"@id":"https:\/\/www.sellerlogic.com\/ro\/#\/schema\/logo\/image\/"},"sameAs":["https:\/\/www.facebook.com\/SellerLogic\/","https:\/\/x.com\/sellerlogic","https:\/\/www.instagram.com\/sellerlogic\/","https:\/\/www.linkedin.com\/company\/18402037\/","https:\/\/www.youtube.com\/channel\/UC-gULUur-fNj08sprantKsQ"]}]}},"_links":{"self":[{"href":"https:\/\/www.sellerlogic.com\/ro\/wp-json\/wp\/v2\/pages\/226809","targetHints":{"allow":["GET"]}}],"collection":[{"href":"https:\/\/www.sellerlogic.com\/ro\/wp-json\/wp\/v2\/pages"}],"about":[{"href":"https:\/\/www.sellerlogic.com\/ro\/wp-json\/wp\/v2\/types\/page"}],"author":[{"embeddable":true,"href":"https:\/\/www.sellerlogic.com\/ro\/wp-json\/wp\/v2\/users\/8"}],"replies":[{"embeddable":true,"href":"https:\/\/www.sellerlogic.com\/ro\/wp-json\/wp\/v2\/comments?post=226809"}],"version-history":[{"count":0,"href":"https:\/\/www.sellerlogic.com\/ro\/wp-json\/wp\/v2\/pages\/226809\/revisions"}],"wp:attachment":[{"href":"https:\/\/www.sellerlogic.com\/ro\/wp-json\/wp\/v2\/media?parent=226809"}],"curies":[{"name":"wp","href":"https:\/\/api.w.org\/{rel}","templated":true}]}}