
{"id":226824,"date":"2022-03-17T08:40:47","date_gmt":"2022-03-17T08:40:47","guid":{"rendered":"https:\/\/127.0.0.1\/registration-for-the-webinar\/"},"modified":"2022-03-17T08:40:47","modified_gmt":"2022-03-17T08:40:47","slug":"registration-for-the-webinar","status":"publish","type":"page","link":"https:\/\/www.sellerlogic.com\/ro\/registration-for-the-webinar\/","title":{"rendered":"\u00censcrierea pentru webinar"},"content":{"rendered":"\n\t<div  class=\"theme-wp-block theme-block-main-header desktop-content-align-y-center desktop-content-align-x-center xl-content-align-y-center xl-content-align-x-center lg-content-align-y-center lg-content-align-x-center md-content-align-y-center md-content-align-x-center sm-content-align-y-center sm-content-align-x-center gb-responsive-349165-identifier desktop-align-full xl-align-full lg-align-full md-align-full sm-align-full is-style-default theme-block-cover\">\n\t\t<div class=\"bg-cover theme-lazy-load-bg\"><\/div>\n\t\t<div class=\"wrap-content-main-header\">\n\t\t\t\t\t<div  class=\"theme-wp-block theme-block-text-and-text desktop-align-wide xl-align-wide lg-align-wide md-align-wide sm-align-wide desktop-blockDirection-row xl-blockDirection-row lg-blockDirection-row md-blockDirection-row sm-blockDirection-row gb-responsive-473561-identifier desktop-vertical-center xl-vertical-center lg-vertical-center md-vertical-center sm-vertical-center alignwide\">\n\t\t<div class=\"tat-column-wrap-wrapper\">\n\t\t\t<div class=\"tat-column-wrapper\">\n\t\t\t\t\t<div  class=\"theme-wp-block theme-block-text-and-text-column gb-responsive-667797-identifier desktop-horizontal-center xl-horizontal-center lg-horizontal-center md-horizontal-center sm-horizontal-center\">\n\t\t<div class=\"inner-wrap-column-content\">\n\t\t\t<div class=\"inner-column-content\">\n\t\t\t\t<div class=\"theme-wp-block wp-block-columns are-vertically-aligned-center gb-responsive-685022-identifier is-layout-flex wp-container-core-columns-is-layout-9d6595d7 wp-block-columns-is-layout-flex\"><div class=\"theme-wp-block wp-block-column is-vertically-aligned-center gb-responsive-821359-identifier is-layout-flow wp-block-column-is-layout-flow\"><div class=\"theme-block-group-wrap\"><div class=\"theme-wp-block wp-block-group gb-responsive-395462-identifier has-white-color has-text-color\"><h1 class=\"theme-wp-block wp-block-heading has-text-align-center gb-responsive-181751-identifier desktop-text-center xl-text-center lg-text-center md-text-center sm-text-center\">Vrei s\u0103 prive\u0219ti dincolo de orizontul Amazon?<\/h1><h2 class=\"theme-wp-block wp-block-heading has-text-align-center gb-responsive-42443-identifier desktop-text-center xl-text-center lg-text-center md-text-center sm-text-center\">Atunci \u00eenscrie-te pentru webinarul nostru!<\/h2><hr class=\"theme-wp-block wp-block-separator has-css-opacity\"><\/hr><\/div><\/div><\/div><div class=\"theme-wp-block wp-block-column is-vertically-aligned-center gb-responsive-247885-identifier is-layout-flow wp-block-column-is-layout-flow\"><div class=\"theme-block-group-wrap\"><div class=\"theme-wp-block wp-block-group gb-responsive-539307-identifier has-theme-light-gray-background-color has-background\"><h3 class=\"theme-wp-block wp-block-heading has-text-align-center gb-responsive-488462-identifier desktop-text-center xl-text-center lg-text-center md-text-center sm-text-center\">Fii prezent de la \u00eenceput!<\/h3><div id=\"webinar-form\" class=\"theme-wp-block webinar-form\" style=\"position: relative;\"><p>Introdu numele \u0219i adresa ta de email pentru a te \u00eenscrie la webinarul nostru.<br><\/p><form id=\"leadform\" action=\"#\" method=\"post\"><input type=\"text\" name=\"name\" id=\"name\" placeholder=\"Numele t\u0103u\" required=\"required\" style=\"padding: 10px; font-size: 18px; width: 100%; margin-bottom: 15px; color: rgb(88, 88, 88);\"><\/input><input type=\"email\" name=\"email\" id=\"email\" placeholder=\"Adresa ta de email\" required=\"required\" data-com-onepassword-filled=\"light\" style=\"padding: 10px; font-size: 18px; width: 100%; margin-bottom: 15px; color: rgb(88, 88, 88);\"><\/input><input type=\"submit\" value=\"\u00censcrie-te gratuit acum\" id=\"submit\" style=\"padding: 10px; font-size: 18px; width: 100%; margin-bottom: 15px; color: rgb(255, 255, 255); background-color: rgb(255, 170, 1); cursor: pointer;\"><\/input><p style=\"margin-bottom: 10px; font-size: 12px;\">Prelucrarea datelor se efectueaz\u0103 \u00een conformitate cu <a href=\"https:\/\/www.sellerlogic.com\/en\/privacy-policy\/\" target=\"_blank\" draggable=\"false\" rel=\"noopener noreferrer\">politica noastr\u0103 de confiden\u021bialitate<\/a>. Prin \u00eenscrierea mai jos, e\u0219ti de acord ca SELLERLOGIC GmbH s\u0103 poat\u0103 utiliza \u0219i partaja datele tale personale \u00een scopuri de marketing. De asemenea, e\u0219ti de acord ca SELLERLOGIC GmbH s\u0103 transmit\u0103 informa\u021biile pe care le oferi partenerilor no\u0219tri de webinar, care vor stoca datele \u00een conformitate cu politicile lor de confiden\u021bialitate \u0219i \u00een conformitate cu cerin\u021bele legale aplicabile conform GDPR \u0219i s\u0103 le prelucreze pentru furnizarea materialelor de marketing.<\/p><\/form><\/div><hr class=\"theme-wp-block wp-block-separator has-css-opacity\"><\/hr><p class=\"theme-wp-block gb-responsive-658111-identifier\">Pentru a te \u00eenscrie la webinar, este necesar s\u0103 permi\u021bi toate cookie-urile \u00een prealabil. Pentru a-\u021bi edita set\u0103rile, te rug\u0103m s\u0103 faci clic pe butonul urm\u0103tor.<\/p><p class=\"theme-wp-block\"><span class=\"borlabs-cookie-open-dialog-preferences brlbs-cmpnt-container\" data-borlabs-cookie-title=\"Deschide set\u0103rile cookie-urilor\" data-borlabs-cookie-type=\"button\" ><\/span><\/p><\/div><\/div><\/div><\/div>\t\t\t<\/div>\n\t\t<\/div>\n\t<\/div>\n\t<div  class=\"theme-wp-block theme-block-text-and-text-column gb-responsive-761697-identifier\">\n\t\t<div class=\"inner-wrap-column-content\">\n\t\t\t<div class=\"inner-column-content\">\n\t\t\t\t\t\t\t<\/div>\n\t\t<\/div>\n\t<\/div>\n\t\t\t<\/div>\n\t\t<\/div>\n\t<\/div>\n\n\t\t<\/div>\n\t<\/div>\n\n<div class=\"theme-wp-block wp-block-columns alignfull are-vertically-aligned-center desktop-align-full xl-align-full lg-align-full md-align-full sm-align-full gb-responsive-162396-identifier has-theme-light-gray-background-color has-background is-layout-flex wp-container-core-columns-is-layout-9d6595d7 wp-block-columns-is-layout-flex\"><div class=\"theme-wp-block wp-block-column is-vertically-aligned-center gb-responsive-969772-identifier is-layout-flow wp-block-column-is-layout-flow\" style=\"flex-basis:25%\"><\/div><div class=\"theme-wp-block wp-block-column is-vertically-aligned-center gb-responsive-872757-identifier is-layout-flow wp-block-column-is-layout-flow\" style=\"flex-basis:50%\"><div style=\"height:20px\" aria-hidden=\"true\" class=\"theme-wp-block wp-block-spacer\"><\/div><h2 class=\"theme-wp-block wp-block-heading gb-responsive-995743-identifier\">Multicanal: Independen\u021b\u0103 fa\u021b\u0103 de Amazon? <br>Sau pur\u0103 utopie?<\/h2><h3 class=\"theme-wp-block wp-block-heading gb-responsive-330077-identifier\">Webinar \u00een format podcast cu Annemarie Raluca Schuster<\/h3><p class=\"theme-wp-block gb-responsive-312004-identifier\">Amazon domin\u0103 pia\u021ba de retail online din Germania cu o cot\u0103 de venituri de 53 la sut\u0103. Aproximativ 94 la sut\u0103 dintre cump\u0103r\u0103torii online germani au achizi\u021bionat de la Amazon la un moment dat. Numai \u00een Germania, Amazon are aproximativ 46,2 milioane de clien\u021bi. Aceasta ridic\u0103 \u00eentrebarea dac\u0103 Amazon este \u00een prezent singura modalitate de a avea succes \u00een afacerea online. \u00cen acela\u0219i timp, v\u00e2nz\u0103torii online doresc s\u0103 \u00ee\u0219i reduc\u0103 semnificativ dependen\u021ba de Amazon. Dar ce obstacole \u00eent\u00e2mpin\u0103 v\u00e2nz\u0103torii pe calea spre independen\u021ba fa\u021b\u0103 de pie\u021bele mari precum Amazon?<\/p><p class=\"theme-wp-block gb-responsive-541245-identifier\">Annemarie Raluca Schuster explic\u0103 \u00een webinarul nostru \u00een format podcast &#8220;Multicanal: Independen\u021b\u0103 fa\u021b\u0103 de Amazon? Sau pur\u0103 utopie?&#8221; cum \u00ee\u0219i pozi\u021bioneaz\u0103 brandul &#8220;SiAura Materials&#8221; pe multiple pie\u021be \u0219i cum face fa\u021b\u0103 provoc\u0103rilor \u0219i inova\u021biilor \u00een schimbare pentru a putea vinde cu succes.<\/p>\t\t<div  class=\"theme-wp-block theme-block-guest-author gb-responsive-122623-identifier\">\n\t\t<div class=\"wrap-inner-content\">\n\t\t\t<div class=\"guest-author-avatar\">\n\t\t\t\t<div class=\"cover-avatar\" style=\"background-image: url(https:\/\/d2bw95mh2ee04s.cloudfront.net\/prod\/content\/wp-content\/uploads\/2022\/02\/23140433\/annemarie-raluca-schuster-siaura-material.png);\"><\/div>\n\t\t\t<\/div>\n\t\t\t<div class=\"guest-author-sign\">\n\t\t\t\t<div class=\"author-sign\">SiAura Materials &#038; Annythinks<\/div>\n\t\t\t<\/div>\n\t\t\t<div class=\"wrap-title\">\n\t\t\t\t<div class=\"guest-author-name\">\n\t\t\t\t\t<div class=\"title\">\n\t\t\t\t\t\t<div class=\"heading-text\">Annemarie Raluca Schuster<\/div>\n\t\t\t\t\t<\/div>\n\t\t\t\t<\/div>\n\t\t\t<\/div>\n\t\t\t<div class=\"guest-author-description\">\n\t\t\t\t<div class=\"description\"><p>CEO \u0219i fondatoare a &#8220;SiAura Materials&#8221; \u0219i a agen\u021biei de comer\u021b electronic &#8220;Annythinks,&#8221; ea opereaz\u0103 cu succes ca v\u00e2nz\u0103toare online cu brandul s\u0103u pe diverse pie\u021be precum Amazon, Etsy \u0219i eBay din 2013. Cu brandul s\u0103u, gestioneaz\u0103 peste 3.000 de produse legate de me\u0219te\u0219uguri \u0219i articole handmade. \u00cen 2018, a fondat propria agen\u021bie de comer\u021b electronic &#8220;Annythinks&#8221; \u0219i consiliaz\u0103 v\u00e2nz\u0103torii online \u00een privin\u021ba v\u00e2nz\u0103rilor online. Ca informatician calificat, apreciaz\u0103 foarte mult utilizarea instrumentelor dinamice \u0219i inteligente \u0219i se concentreaz\u0103 pe automatizarea proceselor.<\/p><\/div>\n\t\t\t<\/div>\n\t\t<\/div>\n\t<\/div>\n\n<\/div><div class=\"theme-wp-block wp-block-column is-vertically-aligned-center gb-responsive-678736-identifier is-layout-flow wp-block-column-is-layout-flow\" style=\"flex-basis:25%\"><\/div><\/div><div class=\"theme-block-group-wrap  desktop-align-full xl-align-full lg-align-full md-align-full sm-align-full\"><div class=\"theme-wp-block wp-block-group alignfull questions desktop-align-full xl-align-full lg-align-full md-align-full sm-align-full gb-responsive-identifier-981778 desktop-gb-has-no-icon xl-gb-has-no-icon lg-gb-has-no-icon md-gb-has-no-icon sm-gb-has-no-icon\">\t\t<h2  class=\"theme-wp-block theme-block-heading  desktop-align-center xl-align-center lg-align-center md-align-center sm-align-center desktop-text-center only-editor-has-text-align-center xl-text-center lg-text-center md-text-center sm-text-center gb-responsive-identifier-408021 aligncenter has-text-align\">\n\t\tAi \u00eentreb\u0103ri?\t<\/h2>\n\n<p class=\"theme-wp-block has-text-align-center gb-responsive-identifier-361793 desktop-text-center xl-text-center lg-text-center md-text-center sm-text-center\">Suportul nostru este bucuros s\u0103 te ajute.<\/p>\t\t<div  class=\"theme-wp-block theme-block-contact-phone gb-responsive-499055-identifier desktop-text-center xl-text-center lg-text-center md-text-center sm-text-center desktop-gb-has-no-icon xl-gb-has-no-icon lg-gb-has-no-icon md-gb-has-no-icon sm-gb-has-no-icon\">\n\t\t\t\t\t<svg class=\"icon\" width=\"24px\" height=\"24px\" viewBox=\"0 0 24 24\" version=\"1.1\" xmlns=\"http:\/\/www.w3.org\/2000\/svg\">\n\t\t\t\t\t\t<g id=\"global--menu-collapsed\" stroke=\"none\" stroke-width=\"1\" fill=\"none\" fill-rule=\"evenodd\" transform=\"translate(-24.000000, -8.000000)\">\n\t\t\t\t\t\t\t<g id=\"menu--2nd-level\">\n\t\t\t\t\t\t\t\t<g id=\"icn--phone-24px--blue\" transform=\"translate(24.000000, 8.000000)\">\n\t\t\t\t\t\t\t\t\t<polygon id=\"Shape\" points=\"0 0 24 0 24 24 0 24\"><\/polygon>\n\t\t\t\t\t\t\t\t\t<path d=\"M7,6 L7,18.6666667 L16.3333333,18.6666667 L16.3333333,6 L7,6 Z M5,4 L18.3333333,4 L18.3333333,20.6666667 L5,20.6666667 L5,4 Z M11.6666667,18.1666667 C12.126904,18.1666667 12.5,17.7935706 12.5,17.3333333 C12.5,16.873096 12.126904,16.5 11.6666667,16.5 C11.2064294,16.5 10.8333333,16.873096 10.8333333,17.3333333 C10.8333333,17.7935706 11.2064294,18.1666667 11.6666667,18.1666667 Z M6.66666667,15.8333333 L6.66666667,13.8333333 L16.6651355,13.8333333 L16.6651355,15.8333333 L6.66666667,15.8333333 Z\" id=\"Rectangle-20\" fill=\"#0055CC\" fill-rule=\"nonzero\"><\/path>\n\t\t\t\t\t\t\t\t<\/g>\n\t\t\t\t\t\t\t<\/g>\n\t\t\t\t\t\t<\/g>\n\t\t\t\t\t<\/svg>\n\t\t<span class=\"phone\">+49 211 900 64 120<\/span>\n\t<\/div>\n\n<\/div><\/div>","protected":false},"excerpt":{"rendered":"<p>Multicanal: Independen\u021b\u0103 fa\u021b\u0103 de Amazon? Sau pur\u0103 utopie? Webinar \u00een format podcast cu Annemarie Raluca Schuster Amazon domin\u0103 pia\u021ba de retail online din Germania cu o cot\u0103 de venituri de 53 la sut\u0103. Aproximativ 94 la sut\u0103 dintre cump\u0103r\u0103torii online germani au achizi\u021bionat de la Amazon la un moment dat. Numai \u00een Germania, Amazon are<\/p>\n","protected":false},"author":8,"featured_media":0,"parent":0,"menu_order":0,"comment_status":"closed","ping_status":"closed","template":"","meta":{"sidebar_recommended_resources":{"data":[]},"sidebar_header_settings":{"hide_buttons":{"register":false}},"_use_new_theme":false,"inline_featured_image":false,"footnotes":""},"class_list":["post-226824","page","type-page","status-publish","hentry"],"yoast_head":"<!-- This site is optimized with the Yoast SEO plugin v26.8 - https:\/\/yoast.com\/product\/yoast-seo-wordpress\/ -->\n<title>\u00censcrierea pentru webinar | SELLERLOGIC - Smarte Tools f\u00fcr Amazon-Seller<\/title>\n<meta name=\"robots\" content=\"noindex, follow\" \/>\n<meta property=\"og:locale\" content=\"ro_RO\" \/>\n<meta property=\"og:type\" content=\"article\" \/>\n<meta property=\"og:title\" content=\"\u00censcrierea pentru webinar | SELLERLOGIC - Smarte Tools f\u00fcr Amazon-Seller\" \/>\n<meta property=\"og:description\" content=\"Multicanal: Independen\u021b\u0103 fa\u021b\u0103 de Amazon? Sau pur\u0103 utopie? Webinar \u00een format podcast cu Annemarie Raluca Schuster Amazon domin\u0103 pia\u021ba de retail online din Germania cu o cot\u0103 de venituri de 53 la sut\u0103. Aproximativ 94 la sut\u0103 dintre cump\u0103r\u0103torii online germani au achizi\u021bionat de la Amazon la un moment dat. Numai \u00een Germania, Amazon are\" \/>\n<meta property=\"og:url\" content=\"https:\/\/www.sellerlogic.com\/ro\/registration-for-the-webinar\/\" \/>\n<meta property=\"og:site_name\" content=\"SELLERLOGIC - Smarte Tools f\u00fcr Amazon-Seller\" \/>\n<meta property=\"article:publisher\" content=\"https:\/\/www.facebook.com\/SellerLogic\/\" \/>\n<meta property=\"og:image\" content=\"https:\/\/d2bw95mh2ee04s.cloudfront.net\/prod\/content\/wp-content\/uploads\/2025\/06\/09094621\/Social-OG-Image-Link.jpg\" \/>\n\t<meta property=\"og:image:width\" content=\"2400\" \/>\n\t<meta property=\"og:image:height\" content=\"1270\" \/>\n\t<meta property=\"og:image:type\" content=\"image\/jpeg\" \/>\n<meta name=\"twitter:card\" content=\"summary_large_image\" \/>\n<meta name=\"twitter:site\" content=\"@sellerlogic\" \/>\n<meta name=\"twitter:label1\" content=\"Est. reading time\" \/>\n\t<meta name=\"twitter:data1\" content=\"2 minutes\" \/>\n<script type=\"application\/ld+json\" class=\"yoast-schema-graph\">{\"@context\":\"https:\/\/schema.org\",\"@graph\":[{\"@type\":\"WebPage\",\"@id\":\"https:\/\/www.sellerlogic.com\/ro\/registration-for-the-webinar\/\",\"url\":\"https:\/\/www.sellerlogic.com\/ro\/registration-for-the-webinar\/\",\"name\":\"\u00censcrierea pentru webinar | SELLERLOGIC - Smarte Tools f\u00fcr Amazon-Seller\",\"isPartOf\":{\"@id\":\"https:\/\/www.sellerlogic.com\/ro\/#website\"},\"datePublished\":\"2022-03-17T08:40:47+00:00\",\"breadcrumb\":{\"@id\":\"https:\/\/www.sellerlogic.com\/ro\/registration-for-the-webinar\/#breadcrumb\"},\"inLanguage\":\"ro-RO\",\"potentialAction\":[{\"@type\":\"ReadAction\",\"target\":[\"https:\/\/www.sellerlogic.com\/ro\/registration-for-the-webinar\/\"]}]},{\"@type\":\"BreadcrumbList\",\"@id\":\"https:\/\/www.sellerlogic.com\/ro\/registration-for-the-webinar\/#breadcrumb\",\"itemListElement\":[{\"@type\":\"ListItem\",\"position\":1,\"name\":\"Home\",\"item\":\"https:\/\/www.sellerlogic.com\/ro\/\"},{\"@type\":\"ListItem\",\"position\":2,\"name\":\"\u00censcrierea pentru webinar\"}]},{\"@type\":\"WebSite\",\"@id\":\"https:\/\/www.sellerlogic.com\/ro\/#website\",\"url\":\"https:\/\/www.sellerlogic.com\/ro\/\",\"name\":\"SELLERLOGIC - Smarte Tools f\u00fcr Amazon-Seller\",\"description\":\"Intelligente Prozessoptimierung und Gewinnmaximierung\",\"publisher\":{\"@id\":\"https:\/\/www.sellerlogic.com\/ro\/#organization\"},\"potentialAction\":[{\"@type\":\"SearchAction\",\"target\":{\"@type\":\"EntryPoint\",\"urlTemplate\":\"https:\/\/www.sellerlogic.com\/ro\/?s={search_term_string}\"},\"query-input\":{\"@type\":\"PropertyValueSpecification\",\"valueRequired\":true,\"valueName\":\"search_term_string\"}}],\"inLanguage\":\"ro-RO\"},{\"@type\":\"Organization\",\"@id\":\"https:\/\/www.sellerlogic.com\/ro\/#organization\",\"name\":\"SELLERLOGIC\",\"url\":\"https:\/\/www.sellerlogic.com\/ro\/\",\"logo\":{\"@type\":\"ImageObject\",\"inLanguage\":\"ro-RO\",\"@id\":\"https:\/\/www.sellerlogic.com\/ro\/#\/schema\/logo\/image\/\",\"url\":\"https:\/\/d2bw95mh2ee04s.cloudfront.net\/prod\/content\/wp-content\/uploads\/2025\/01\/02134814\/Property-Logo-Main.svg\",\"contentUrl\":\"https:\/\/d2bw95mh2ee04s.cloudfront.net\/prod\/content\/wp-content\/uploads\/2025\/01\/02134814\/Property-Logo-Main.svg\",\"width\":184,\"height\":40,\"caption\":\"SELLERLOGIC\"},\"image\":{\"@id\":\"https:\/\/www.sellerlogic.com\/ro\/#\/schema\/logo\/image\/\"},\"sameAs\":[\"https:\/\/www.facebook.com\/SellerLogic\/\",\"https:\/\/x.com\/sellerlogic\",\"https:\/\/www.instagram.com\/sellerlogic\/\",\"https:\/\/www.linkedin.com\/company\/18402037\/\",\"https:\/\/www.youtube.com\/channel\/UC-gULUur-fNj08sprantKsQ\"]}]}<\/script>\n<!-- \/ Yoast SEO plugin. -->","yoast_head_json":{"title":"\u00censcrierea pentru webinar | SELLERLOGIC - Smarte Tools f\u00fcr Amazon-Seller","robots":{"index":"noindex","follow":"follow"},"og_locale":"ro_RO","og_type":"article","og_title":"\u00censcrierea pentru webinar | SELLERLOGIC - Smarte Tools f\u00fcr Amazon-Seller","og_description":"Multicanal: Independen\u021b\u0103 fa\u021b\u0103 de Amazon? Sau pur\u0103 utopie? Webinar \u00een format podcast cu Annemarie Raluca Schuster Amazon domin\u0103 pia\u021ba de retail online din Germania cu o cot\u0103 de venituri de 53 la sut\u0103. Aproximativ 94 la sut\u0103 dintre cump\u0103r\u0103torii online germani au achizi\u021bionat de la Amazon la un moment dat. Numai \u00een Germania, Amazon are","og_url":"https:\/\/www.sellerlogic.com\/ro\/registration-for-the-webinar\/","og_site_name":"SELLERLOGIC - Smarte Tools f\u00fcr Amazon-Seller","article_publisher":"https:\/\/www.facebook.com\/SellerLogic\/","og_image":[{"width":2400,"height":1270,"url":"https:\/\/d2bw95mh2ee04s.cloudfront.net\/prod\/content\/wp-content\/uploads\/2025\/06\/09094621\/Social-OG-Image-Link.jpg","type":"image\/jpeg"}],"twitter_card":"summary_large_image","twitter_site":"@sellerlogic","twitter_misc":{"Est. reading time":"2 minutes"},"schema":{"@context":"https:\/\/schema.org","@graph":[{"@type":"WebPage","@id":"https:\/\/www.sellerlogic.com\/ro\/registration-for-the-webinar\/","url":"https:\/\/www.sellerlogic.com\/ro\/registration-for-the-webinar\/","name":"\u00censcrierea pentru webinar | SELLERLOGIC - Smarte Tools f\u00fcr Amazon-Seller","isPartOf":{"@id":"https:\/\/www.sellerlogic.com\/ro\/#website"},"datePublished":"2022-03-17T08:40:47+00:00","breadcrumb":{"@id":"https:\/\/www.sellerlogic.com\/ro\/registration-for-the-webinar\/#breadcrumb"},"inLanguage":"ro-RO","potentialAction":[{"@type":"ReadAction","target":["https:\/\/www.sellerlogic.com\/ro\/registration-for-the-webinar\/"]}]},{"@type":"BreadcrumbList","@id":"https:\/\/www.sellerlogic.com\/ro\/registration-for-the-webinar\/#breadcrumb","itemListElement":[{"@type":"ListItem","position":1,"name":"Home","item":"https:\/\/www.sellerlogic.com\/ro\/"},{"@type":"ListItem","position":2,"name":"\u00censcrierea pentru webinar"}]},{"@type":"WebSite","@id":"https:\/\/www.sellerlogic.com\/ro\/#website","url":"https:\/\/www.sellerlogic.com\/ro\/","name":"SELLERLOGIC - Smarte Tools f\u00fcr Amazon-Seller","description":"Intelligente Prozessoptimierung und Gewinnmaximierung","publisher":{"@id":"https:\/\/www.sellerlogic.com\/ro\/#organization"},"potentialAction":[{"@type":"SearchAction","target":{"@type":"EntryPoint","urlTemplate":"https:\/\/www.sellerlogic.com\/ro\/?s={search_term_string}"},"query-input":{"@type":"PropertyValueSpecification","valueRequired":true,"valueName":"search_term_string"}}],"inLanguage":"ro-RO"},{"@type":"Organization","@id":"https:\/\/www.sellerlogic.com\/ro\/#organization","name":"SELLERLOGIC","url":"https:\/\/www.sellerlogic.com\/ro\/","logo":{"@type":"ImageObject","inLanguage":"ro-RO","@id":"https:\/\/www.sellerlogic.com\/ro\/#\/schema\/logo\/image\/","url":"https:\/\/d2bw95mh2ee04s.cloudfront.net\/prod\/content\/wp-content\/uploads\/2025\/01\/02134814\/Property-Logo-Main.svg","contentUrl":"https:\/\/d2bw95mh2ee04s.cloudfront.net\/prod\/content\/wp-content\/uploads\/2025\/01\/02134814\/Property-Logo-Main.svg","width":184,"height":40,"caption":"SELLERLOGIC"},"image":{"@id":"https:\/\/www.sellerlogic.com\/ro\/#\/schema\/logo\/image\/"},"sameAs":["https:\/\/www.facebook.com\/SellerLogic\/","https:\/\/x.com\/sellerlogic","https:\/\/www.instagram.com\/sellerlogic\/","https:\/\/www.linkedin.com\/company\/18402037\/","https:\/\/www.youtube.com\/channel\/UC-gULUur-fNj08sprantKsQ"]}]}},"_links":{"self":[{"href":"https:\/\/www.sellerlogic.com\/ro\/wp-json\/wp\/v2\/pages\/226824","targetHints":{"allow":["GET"]}}],"collection":[{"href":"https:\/\/www.sellerlogic.com\/ro\/wp-json\/wp\/v2\/pages"}],"about":[{"href":"https:\/\/www.sellerlogic.com\/ro\/wp-json\/wp\/v2\/types\/page"}],"author":[{"embeddable":true,"href":"https:\/\/www.sellerlogic.com\/ro\/wp-json\/wp\/v2\/users\/8"}],"replies":[{"embeddable":true,"href":"https:\/\/www.sellerlogic.com\/ro\/wp-json\/wp\/v2\/comments?post=226824"}],"version-history":[{"count":0,"href":"https:\/\/www.sellerlogic.com\/ro\/wp-json\/wp\/v2\/pages\/226824\/revisions"}],"wp:attachment":[{"href":"https:\/\/www.sellerlogic.com\/ro\/wp-json\/wp\/v2\/media?parent=226824"}],"curies":[{"name":"wp","href":"https:\/\/api.w.org\/{rel}","templated":true}]}}