
{"id":226830,"date":"2021-03-02T08:05:46","date_gmt":"2021-03-02T08:05:46","guid":{"rendered":"https:\/\/127.0.0.1\/resources\/success-story-groupe-dragon\/"},"modified":"2021-03-02T08:05:46","modified_gmt":"2021-03-02T08:05:46","slug":"success-story-groupe-dragon","status":"publish","type":"page","link":"https:\/\/www.sellerlogic.com\/ro\/resources\/success-story-groupe-dragon\/","title":{"rendered":"Poveste de succes: Groupe Dragon EN"},"content":{"rendered":"\n\t<div  class=\"theme-wp-block theme-block-main-header desktop-content-align-y-center desktop-content-align-x-center xl-content-align-y-center xl-content-align-x-center lg-content-align-y-center lg-content-align-x-center md-content-align-y-center md-content-align-x-center sm-content-align-y-center sm-content-align-x-center gb-responsive-853195-identifier desktop-align-full xl-align-full lg-align-full md-align-full sm-align-full is-style-default theme-block-cover\">\n\t\t<div class=\"bg-cover theme-lazy-load-bg\"><\/div>\n\t\t<div class=\"wrap-content-main-header\">\n\t\t\t\t\t<div  class=\"theme-wp-block theme-block-text-and-text gb-responsive-170032-identifier desktop-vertical-center xl-vertical-center lg-vertical-center md-vertical-center sm-vertical-center md-blockDirection-column sm-blockDirection-column desktop-blockDirection-column xl-blockDirection-column lg-blockDirection-column is-style-default desktop-align-wide xl-align-wide lg-align-wide md-align-wide sm-align-wide alignwide\">\n\t\t<div class=\"tat-column-wrap-wrapper\">\n\t\t\t<div class=\"tat-column-wrapper\">\n\t\t\t\t\t<div  class=\"theme-wp-block theme-block-text-and-text-column gb-responsive-644092-identifier md-horizontal-center sm-horizontal-center xl-horizontal-center lg-horizontal-center desktop-horizontal-left\">\n\t\t<div class=\"inner-wrap-column-content\">\n\t\t\t<div class=\"inner-column-content\">\n\t\t\t\t\t\t<h1  class=\"theme-wp-block theme-block-heading is-style-default sm-text-center md-text-center desktop-text-center xl-text-center lg-text-center gb-responsive-113637-identifier desktop-align-full xl-align-full lg-align-full md-align-full sm-align-full alignfull h1 has-text-align\">\n\t\t<strong>F\u0103r\u0103 timp, f\u0103r\u0103 for\u021b\u0103 de munc\u0103, f\u0103r\u0103 resurse<\/strong>\t<\/h1>\n\n\t\t<h2  class=\"theme-wp-block theme-block-heading desktop-gb-has-no-icon xl-gb-has-no-icon lg-gb-has-no-icon md-gb-has-no-icon sm-gb-has-no-icon gb-responsive-848621-identifier desktop-text-center xl-text-center lg-text-center md-text-center sm-text-center h3\">\n\t\t<strong>Cum Groupe Dragon reu\u0219e\u0219te s\u0103 ob\u021bin\u0103 rambursarea fiec\u0103rei erori FBA<\/strong>\t<\/h2>\n\n\t\t\t<\/div>\n\t\t<\/div>\n\t<\/div>\n\t<div  class=\"theme-wp-block theme-block-text-and-text-column gb-responsive-840598-identifier desktop-horizontal-center xl-horizontal-center lg-horizontal-center md-horizontal-center sm-horizontal-center\">\n\t\t<div class=\"inner-wrap-column-content\">\n\t\t\t<div class=\"inner-column-content\">\n\t\t\t\t\t\t\t<\/div>\n\t\t<\/div>\n\t<\/div>\n\t\t\t<\/div>\n\t\t<\/div>\n\t<\/div>\n\n\t\t<\/div>\n\t<\/div>\n\n<div style=\"height:50px\" aria-hidden=\"true\" class=\"theme-wp-block wp-block-spacer\"><\/div><div class=\"theme-wp-block wp-block-columns gb-responsive-492868-identifier is-layout-flex wp-container-core-columns-is-layout-9d6595d7 wp-block-columns-is-layout-flex\"><div class=\"theme-wp-block wp-block-column gb-responsive-633979-identifier is-layout-flow wp-block-column-is-layout-flow\" style=\"flex-basis:25%\"><figure class=\"theme-wp-block wp-block-image size-large is-resized desktop-gb-has-no-icon xl-gb-has-no-icon lg-gb-has-no-icon md-gb-has-no-icon sm-gb-has-no-icon gb-responsive-595564-identifier\"><img decoding=\"async\" width=\"156\" height=\"156\" src=\"https:\/\/d2bw95mh2ee04s.cloudfront.net\/prod\/content\/wp-content\/uploads\/2021\/03\/23142640\/logo2_groupe-dragon-edited.png\" alt=\"Poveste de succes: Groupe Dragon EN\" class=\"wp-image-8499\" style=\"width:156px;height:156px\"><\/figure><p class=\"theme-wp-block desktop-gb-has-no-icon xl-gb-has-no-icon lg-gb-has-no-icon md-gb-has-no-icon sm-gb-has-no-icon gb-responsive-471154-identifier\"><strong><strong>Fundare<\/strong>:<\/strong><br>2011<\/p><p class=\"theme-wp-block desktop-gb-has-no-icon xl-gb-has-no-icon lg-gb-has-no-icon md-gb-has-no-icon sm-gb-has-no-icon gb-responsive-988471-identifier\"><strong><strong>Industrie<\/strong>:<\/strong><br>Componente de schimb \u0219i dispozitive electronice pentru uz casnic<\/p><p class=\"theme-wp-block desktop-gb-has-no-icon xl-gb-has-no-icon lg-gb-has-no-icon md-gb-has-no-icon sm-gb-has-no-icon gb-responsive-290042-identifier\"><strong><strong>Produse pe Amazon:<\/strong><\/strong><br>aproximativ 177,000 SKU-uri<\/p><p class=\"theme-wp-block desktop-gb-has-no-icon xl-gb-has-no-icon lg-gb-has-no-icon md-gb-has-no-icon sm-gb-has-no-icon gb-responsive-427484-identifier\"><strong><strong>Expedi\u021bii<\/strong>:<\/strong><br>aproximativ 37,000 pe lun\u0103<\/p><\/div><div class=\"theme-wp-block wp-block-column gb-responsive-243785-identifier is-layout-flow wp-block-column-is-layout-flow\" style=\"flex-basis:50%\"><h3 class=\"theme-wp-block wp-block-heading desktop-gb-has-no-icon xl-gb-has-no-icon lg-gb-has-no-icon md-gb-has-no-icon sm-gb-has-no-icon gb-responsive-998927-identifier\" id=\"block-c06fce04-ef87-4ffc-a3d6-b768ba377d17\">Context:<\/h3><p class=\"theme-wp-block gb-responsive-710769-identifier\">Groupe Dragon este una dintre cele mai de succes companii franceze de pe pia\u021ba Amazon. \u0218i exist\u0103 un motiv pentru aceasta: \u00cenainte ca fondatorul Groupe Dragon s\u0103 devin\u0103 v\u00e2nz\u0103tor pe Amazon, a lucrat cu norm\u0103 \u00eentreag\u0103 ca tehnician de repara\u021bii pentru aparate electrice. \u201eChiar \u0219i atunci, oferea piese de schimb \u00een magazinul s\u0103u\u201d, spune Florent Noualy, \u0219eful departamentului de achizi\u021bii \u0219i strategie pentru pia\u021b\u0103. \u201e\u0218i-a dat seama c\u0103 aparatele electrice se stric\u0103 mult mai u\u0219or \u00een zilele noastre dec\u00e2t \u00een trecut.\u201d<\/p><p class=\"theme-wp-block gb-responsive-502902-identifier\">\u00cen plus, au ap\u0103rut noi reglement\u0103ri legale care obligau produc\u0103torii, de exemplu, s\u0103 p\u0103streze piese de schimb \u00een stoc pentru o anumit\u0103 perioad\u0103 de timp. Ca urmare a acestor schimb\u0103ri, a existat o cre\u0219tere considerabil\u0103 a cererii pentru materiale de repara\u021bie, \u00een special online. Decizia de a oferi \u0219i piese de schimb online a fost foarte inspirat\u0103: \u00eentre timp, Groupe Dragon se num\u0103r\u0103 printre primii 5 cei mai de succes v\u00e2nz\u0103tori francezi de pe Amazon.<\/p><h3 class=\"theme-wp-block wp-block-heading desktop-gb-has-no-icon xl-gb-has-no-icon lg-gb-has-no-icon md-gb-has-no-icon sm-gb-has-no-icon gb-responsive-686902-identifier\">Situa\u021bia ini\u021bial\u0103:<\/h3><p class=\"theme-wp-block gb-responsive-145505-identifier\">Cu succesul s\u0103u, \u00eens\u0103, Groupe Dragon s-a confruntat \u0219i cu noi provoc\u0103ri care trebuiau dep\u0103\u0219ite. \u201eUna dintre ele a fost interna\u021bionalizarea. Amazon a fost de mare ajutor \u00een acest sens, deoarece accesul s\u0103u u\u0219or la alte pie\u021be a \u00eensemnat c\u0103 compania noastr\u0103 a crescut constant\u201d, spune Florent Noualy. Pia\u021ba german\u0103 a devenit chiar canalul principal de v\u00e2nz\u0103ri.<\/p><p class=\"theme-wp-block gb-responsive-223640-identifier\">Dar expansiunea prin Amazon a deschis, de asemenea, calea pentru Groupe Dragon de a oferi produse de marc\u0103 de la Dyson sau Elektrolux. \u201eAceasta a crescut masiv volumul nostru de comenzi \u0219i de depozit. C\u00e2nd m-am al\u0103turat echipei \u00een 2015, a devenit clar relativ repede c\u0103 trebuia s\u0103 ne schimb\u0103m \u00eendeplinirea comenzilor la FBA \u00een viitor. Pentru noi, aceasta a fost cea mai bun\u0103 op\u021biune.\u201d<\/p><h3 class=\"theme-wp-block wp-block-heading desktop-gb-has-no-icon xl-gb-has-no-icon lg-gb-has-no-icon md-gb-has-no-icon sm-gb-has-no-icon gb-responsive-423206-identifier\">Solu\u021bie:<\/h3><p class=\"theme-wp-block gb-responsive-405561-identifier\">Apoi, Noualy a primit un mesaj prin LinkedIn de la Monica, Reprezentanta noastr\u0103 de Dezvoltare a V\u00e2nz\u0103rilor la SELLERLOGIC. \u201eDeja cuno\u0219team SELLERLOGIC,\u201d \u00ee\u0219i aminte\u0219te Noualy, \u201e\u0219i am fost imediat interesat de Lost &#038; Found. Era deja clar pentru mine \u00een acel moment c\u0103 ne lipseau informa\u021bii importante despre procesele noastre FBA.\u201d \u00cen plus, nimeni din echipa Groupe Dragon nu era capabil s\u0103 analizeze volumele uria\u0219e de date pe care le analizeaz\u0103 Lost &#038; Found.<\/p><p class=\"theme-wp-block gb-responsive-793217-identifier\">\u201eChiar dac\u0103 v\u00e2ndem pe Amazon de ani de zile \u0219i avem o \u00een\u021belegere solid\u0103 a modului \u00een care func\u021bioneaz\u0103,\u201d adaug\u0103 Noualy, \u201enu aveam suficient\u0103 expertiz\u0103 pentru a identifica toate tipurile de erori.\u201d<br>Era esen\u021bial s\u0103 control\u0103m aceast\u0103 situa\u021bie. \u201eC\u00e2nd am activat Lost &#038; Found atunci, deja anticipam c\u0103 instrumentul va identifica multe erori FBA. Dar nu m-a\u0219 fi a\u0219teptat niciodat\u0103 la cantitatea real\u0103!\u201d<\/p><div class=\"theme-block-group-wrap\"><div class=\"theme-wp-block wp-block-group gb-responsive-88118-identifier\">\t\t<div  class=\"theme-wp-block theme-block-user-card gb-responsive-799176-identifier is-style-full-width-line desktop-gb-has-no-icon xl-gb-has-no-icon lg-gb-has-no-icon md-gb-has-no-icon sm-gb-has-no-icon\">\n\t\t<div class=\"wrap-inner-content\">\n\t\t\t<div class=\"card-user-head\">\n\t\t\t\t<div class=\"card-user-avatar\">\n\t\t\t\t\t<div class=\"cover-avatar\" style=\"background-image: url(https:\/\/d2bw95mh2ee04s.cloudfront.net\/prod\/content\/wp-content\/uploads\/2021\/03\/23142640\/florent_groupe-dragon-raute.png);\"><\/div>\n\t\t\t\t<\/div>\n\t\t\t\t<div class=\"wrap-title\">\n\t\t\t\t\t<div class=\"card-user-name\">\n\t\t\t\t\t\t<div class=\"title\">\n\t\t\t\t\t\t\t<h3 class=\"heading-text\"><strong>Florent Noualy<\/strong><\/h3>\n\t\t\t\t\t\t<\/div>\n\t\t\t\t\t\t<div class=\"card-user-position\">\n\t\t\t\t\t\t\t<div class=\"card-text\"><strong>\u0218ef al achizi\u021biilor \u0219i strategiei de pia\u021b\u0103<\/strong><\/div>\n\t\t\t\t\t\t<\/div>\n\t\t\t\t\t<\/div>\n\t\t\t\t\t<div class=\"card-user-quote-icon\">\n\t\t\t\t\t<\/div>\n\t\t\t\t<\/div>\n\t\t\t<\/div>\n\t\t\t<div class=\"card-user-text\">\n\t\t\t\t<div class=\"card-text\"><p>\u201eEra absolut inacceptabil s\u0103 continu\u0103m s\u0103 pierdem at\u00e2t de mul\u021bi bani, a\u0219a c\u0103 decizia a devenit clar\u0103: vom continua s\u0103 folosim Lost &amp; Found.\u201d<\/p><\/div>\n\t\t\t<\/div>\n\t\t<\/div>\n\t<\/div>\n\n<\/div><\/div><h3 class=\"theme-wp-block wp-block-heading desktop-gb-has-no-icon xl-gb-has-no-icon lg-gb-has-no-icon md-gb-has-no-icon sm-gb-has-no-icon gb-responsive-599569-identifier\">Rezultate de succes cu SELLERLOGIC:<\/h3><p class=\"theme-wp-block gb-responsive-44628-identifier\">Prima rulare a Lost &#038; Found a scos la iveal\u0103 360 de erori. Noualy a fost \u0219ocat. \u201eEra absolut inacceptabil pentru noi s\u0103 continu\u0103m s\u0103 pierdem at\u00e2t de mul\u021bi bani, a\u0219a c\u0103 decizia a fost clar\u0103: Vom continua s\u0103 folosim Lost &#038; Found.\u201d Aceasta s-a dovedit a fi o decizie bun\u0103. P\u00e2n\u0103 acum, Lost &#038; Found a adus companiei aproximativ 25.000 de euro \u00een ramburs\u0103ri care altfel ar fi fost pierdute.<\/p><p class=\"theme-wp-block gb-responsive-8364-identifier\">Dar asta nu e tot. \u00cen plus, solu\u021bia Groupe Dragon de la SELLERLOGIC ne economise\u0219te, de asemenea, multe alte resurse, cum ar fi timpul \u0219i for\u021ba de munc\u0103. \u201eComunicarea cu Amazon a devenit, de asemenea, mai u\u0219oar\u0103 deoarece Lost &#038; Found ne ofer\u0103 informa\u021biile corecte \u00een orice moment.\u201d Aceasta include, de exemplu, \u0219abloanele pe care Groupe Dragon le poate folosi pentru a r\u0103spunde imediat la r\u0103spunsurile automate ale Amazon. \u201eTot ce trebuie s\u0103 facem este s\u0103 copiem aceste \u0219abloane. Tot ce trebuie s\u0103 \u0219tim despre o eroare poate fi g\u0103sit afi\u0219at clar \u00een Lost &#038; Found.\u201d<\/p><p class=\"theme-wp-block gb-responsive-936816-identifier\">Florent Noualy este, de asemenea, entuziast \u00een leg\u0103tur\u0103 cu SELLERLOGIC deoarece serviciul pentru clien\u021bi este inclus \u00een pre\u021b: \u201eDac\u0103 exist\u0103 probleme cu unul dintre cazurile deschise, echipa SELLERLOGIC este \u00eentotdeauna disponibil\u0103 \u0219i face tot ce poate pentru a-\u0219i ajuta clien\u021bii \u0219i a \u00eenchide cazul cu cel mai bun rezultat posibil.<\/p><div class=\"theme-wp-block wp-block-buttons desktop-gb-has-no-icon xl-gb-has-no-icon lg-gb-has-no-icon md-gb-has-no-icon sm-gb-has-no-icon gb-responsive-237208-identifier is-layout-flex wp-block-buttons-is-layout-flex\"><div class=\"theme-wp-block wp-block-button is-style-theme-transparent-with-arrow gb-responsive-303674-identifier\"><a class=\"wp-block-button__link wp-element-button\" href=\"https:\/\/d2bw95mh2ee04s.cloudfront.net\/prod\/content\/files\/SUCCESS-STORIES\/EN\/SELLERLOGIC_Success-Story_Groupe-Dragon_EN.pdf\" target=\"_blank\" rel=\"noreferrer noopener nofollow\">Descarc\u0103 acum!<\/a><\/div><\/div><\/div><div class=\"theme-wp-block wp-block-column gb-responsive-252189-identifier is-layout-flow wp-block-column-is-layout-flow\" style=\"flex-basis:25%\"><\/div><\/div><p class=\"theme-wp-block gb-responsive-208920-identifier\"><\/p>","protected":false},"excerpt":{"rendered":"<p>Fundare:2011 Industrie:Componente de schimb \u0219i dispozitive electronice pentru uz casnic Produse pe Amazon:aproximativ 177,000 SKU-uri Expedi\u021bii:aproximativ 37,000 pe lun\u0103 Context: Groupe Dragon este una dintre cele mai de succes companii franceze de pe pia\u021ba Amazon. \u0218i exist\u0103 un motiv pentru aceasta: \u00cenainte ca fondatorul Groupe Dragon s\u0103 devin\u0103 v\u00e2nz\u0103tor pe Amazon, a lucrat cu norm\u0103<\/p>\n","protected":false},"author":3,"featured_media":8511,"parent":226941,"menu_order":0,"comment_status":"closed","ping_status":"closed","template":"","meta":{"sidebar_recommended_resources":{"data":[]},"sidebar_header_settings":{"hide_buttons":{"register":false}},"_use_new_theme":false,"inline_featured_image":false,"footnotes":""},"class_list":["post-226830","page","type-page","status-publish","has-post-thumbnail","hentry"],"yoast_head":"<!-- This site is optimized with the Yoast SEO plugin v26.8 - https:\/\/yoast.com\/product\/yoast-seo-wordpress\/ -->\n<title>Poveste de succes: Groupe Dragon \u0219i Lost &amp; Found | SELLERLOGIC<\/title>\n<meta name=\"description\" content=\"F\u0103r\u0103 timp, f\u0103r\u0103 for\u021b\u0103 de munc\u0103, f\u0103r\u0103 resurse: Cum Groupe Dragon reu\u0219e\u0219te totu\u0219i s\u0103 recupereze fiecare eroare FBA. Cite\u0219te acum \u0219i afl\u0103 mai multe!\" \/>\n<meta name=\"robots\" content=\"index, follow, max-snippet:-1, max-image-preview:large, max-video-preview:-1\" \/>\n<link rel=\"canonical\" href=\"https:\/\/www.sellerlogic.com\/ro\/resources\/success-story-groupe-dragon\/\" \/>\n<meta property=\"og:locale\" content=\"ro_RO\" \/>\n<meta property=\"og:type\" content=\"article\" \/>\n<meta property=\"og:title\" content=\"Poveste de succes: Groupe Dragon \u0219i Lost &amp; Found | SELLERLOGIC\" \/>\n<meta property=\"og:description\" content=\"F\u0103r\u0103 timp, f\u0103r\u0103 for\u021b\u0103 de munc\u0103, f\u0103r\u0103 resurse: Cum Groupe Dragon reu\u0219e\u0219te totu\u0219i s\u0103 recupereze fiecare eroare FBA. Cite\u0219te acum \u0219i afl\u0103 mai multe!\" \/>\n<meta property=\"og:url\" content=\"https:\/\/www.sellerlogic.com\/ro\/resources\/success-story-groupe-dragon\/\" \/>\n<meta property=\"og:site_name\" content=\"SELLERLOGIC - Smarte Tools f\u00fcr Amazon-Seller\" \/>\n<meta property=\"article:publisher\" content=\"https:\/\/www.facebook.com\/SellerLogic\/\" \/>\n<meta property=\"og:image\" content=\"http:\/\/d2bw95mh2ee04s.cloudfront.net\/prod\/content\/wp-content\/uploads\/2021\/03\/23142639\/wp-header_groupe-dragon.jpeg\" \/>\n\t<meta property=\"og:image:width\" content=\"2000\" \/>\n\t<meta property=\"og:image:height\" content=\"1333\" \/>\n\t<meta property=\"og:image:type\" content=\"image\/jpeg\" \/>\n<meta name=\"twitter:card\" content=\"summary_large_image\" \/>\n<meta name=\"twitter:site\" content=\"@sellerlogic\" \/>\n<meta name=\"twitter:label1\" content=\"Est. reading time\" \/>\n\t<meta name=\"twitter:data1\" content=\"4 minutes\" \/>\n<script type=\"application\/ld+json\" class=\"yoast-schema-graph\">{\"@context\":\"https:\/\/schema.org\",\"@graph\":[{\"@type\":\"WebPage\",\"@id\":\"https:\/\/www.sellerlogic.com\/ro\/resources\/success-story-groupe-dragon\/\",\"url\":\"https:\/\/www.sellerlogic.com\/ro\/resources\/success-story-groupe-dragon\/\",\"name\":\"Poveste de succes: Groupe Dragon \u0219i Lost & Found | SELLERLOGIC\",\"isPartOf\":{\"@id\":\"https:\/\/www.sellerlogic.com\/ro\/#website\"},\"primaryImageOfPage\":{\"@id\":\"https:\/\/www.sellerlogic.com\/ro\/resources\/success-story-groupe-dragon\/#primaryimage\"},\"image\":{\"@id\":\"https:\/\/www.sellerlogic.com\/ro\/resources\/success-story-groupe-dragon\/#primaryimage\"},\"thumbnailUrl\":\"https:\/\/d2bw95mh2ee04s.cloudfront.net\/prod\/content\/wp-content\/uploads\/2021\/03\/23142639\/wp-header_groupe-dragon.jpeg\",\"datePublished\":\"2021-03-02T08:05:46+00:00\",\"description\":\"F\u0103r\u0103 timp, f\u0103r\u0103 for\u021b\u0103 de munc\u0103, f\u0103r\u0103 resurse: Cum Groupe Dragon reu\u0219e\u0219te totu\u0219i s\u0103 recupereze fiecare eroare FBA. Cite\u0219te acum \u0219i afl\u0103 mai multe!\",\"breadcrumb\":{\"@id\":\"https:\/\/www.sellerlogic.com\/ro\/resources\/success-story-groupe-dragon\/#breadcrumb\"},\"inLanguage\":\"ro-RO\",\"potentialAction\":[{\"@type\":\"ReadAction\",\"target\":[\"https:\/\/www.sellerlogic.com\/ro\/resources\/success-story-groupe-dragon\/\"]}]},{\"@type\":\"ImageObject\",\"inLanguage\":\"ro-RO\",\"@id\":\"https:\/\/www.sellerlogic.com\/ro\/resources\/success-story-groupe-dragon\/#primaryimage\",\"url\":\"https:\/\/d2bw95mh2ee04s.cloudfront.net\/prod\/content\/wp-content\/uploads\/2021\/03\/23142639\/wp-header_groupe-dragon.jpeg\",\"contentUrl\":\"https:\/\/d2bw95mh2ee04s.cloudfront.net\/prod\/content\/wp-content\/uploads\/2021\/03\/23142639\/wp-header_groupe-dragon.jpeg\",\"width\":2000,\"height\":1333,\"caption\":\"electrical tools and equipment on wooden background with copy space\"},{\"@type\":\"BreadcrumbList\",\"@id\":\"https:\/\/www.sellerlogic.com\/ro\/resources\/success-story-groupe-dragon\/#breadcrumb\",\"itemListElement\":[{\"@type\":\"ListItem\",\"position\":1,\"name\":\"Home\",\"item\":\"https:\/\/www.sellerlogic.com\/ro\/\"},{\"@type\":\"ListItem\",\"position\":2,\"name\":\"Resurse EN\",\"item\":\"https:\/\/www.sellerlogic.com\/ro\/resources\/\"},{\"@type\":\"ListItem\",\"position\":3,\"name\":\"Poveste de succes: Groupe Dragon EN\"}]},{\"@type\":\"WebSite\",\"@id\":\"https:\/\/www.sellerlogic.com\/ro\/#website\",\"url\":\"https:\/\/www.sellerlogic.com\/ro\/\",\"name\":\"SELLERLOGIC - Smarte Tools f\u00fcr Amazon-Seller\",\"description\":\"Intelligente Prozessoptimierung und Gewinnmaximierung\",\"publisher\":{\"@id\":\"https:\/\/www.sellerlogic.com\/ro\/#organization\"},\"potentialAction\":[{\"@type\":\"SearchAction\",\"target\":{\"@type\":\"EntryPoint\",\"urlTemplate\":\"https:\/\/www.sellerlogic.com\/ro\/?s={search_term_string}\"},\"query-input\":{\"@type\":\"PropertyValueSpecification\",\"valueRequired\":true,\"valueName\":\"search_term_string\"}}],\"inLanguage\":\"ro-RO\"},{\"@type\":\"Organization\",\"@id\":\"https:\/\/www.sellerlogic.com\/ro\/#organization\",\"name\":\"SELLERLOGIC\",\"url\":\"https:\/\/www.sellerlogic.com\/ro\/\",\"logo\":{\"@type\":\"ImageObject\",\"inLanguage\":\"ro-RO\",\"@id\":\"https:\/\/www.sellerlogic.com\/ro\/#\/schema\/logo\/image\/\",\"url\":\"https:\/\/d2bw95mh2ee04s.cloudfront.net\/prod\/content\/wp-content\/uploads\/2025\/01\/02134814\/Property-Logo-Main.svg\",\"contentUrl\":\"https:\/\/d2bw95mh2ee04s.cloudfront.net\/prod\/content\/wp-content\/uploads\/2025\/01\/02134814\/Property-Logo-Main.svg\",\"width\":184,\"height\":40,\"caption\":\"SELLERLOGIC\"},\"image\":{\"@id\":\"https:\/\/www.sellerlogic.com\/ro\/#\/schema\/logo\/image\/\"},\"sameAs\":[\"https:\/\/www.facebook.com\/SellerLogic\/\",\"https:\/\/x.com\/sellerlogic\",\"https:\/\/www.instagram.com\/sellerlogic\/\",\"https:\/\/www.linkedin.com\/company\/18402037\/\",\"https:\/\/www.youtube.com\/channel\/UC-gULUur-fNj08sprantKsQ\"]}]}<\/script>\n<!-- \/ Yoast SEO plugin. -->","yoast_head_json":{"title":"Poveste de succes: Groupe Dragon \u0219i Lost & Found | SELLERLOGIC","description":"F\u0103r\u0103 timp, f\u0103r\u0103 for\u021b\u0103 de munc\u0103, f\u0103r\u0103 resurse: Cum Groupe Dragon reu\u0219e\u0219te totu\u0219i s\u0103 recupereze fiecare eroare FBA. Cite\u0219te acum \u0219i afl\u0103 mai multe!","robots":{"index":"index","follow":"follow","max-snippet":"max-snippet:-1","max-image-preview":"max-image-preview:large","max-video-preview":"max-video-preview:-1"},"canonical":"https:\/\/www.sellerlogic.com\/ro\/resources\/success-story-groupe-dragon\/","og_locale":"ro_RO","og_type":"article","og_title":"Poveste de succes: Groupe Dragon \u0219i Lost & Found | SELLERLOGIC","og_description":"F\u0103r\u0103 timp, f\u0103r\u0103 for\u021b\u0103 de munc\u0103, f\u0103r\u0103 resurse: Cum Groupe Dragon reu\u0219e\u0219te totu\u0219i s\u0103 recupereze fiecare eroare FBA. Cite\u0219te acum \u0219i afl\u0103 mai multe!","og_url":"https:\/\/www.sellerlogic.com\/ro\/resources\/success-story-groupe-dragon\/","og_site_name":"SELLERLOGIC - Smarte Tools f\u00fcr Amazon-Seller","article_publisher":"https:\/\/www.facebook.com\/SellerLogic\/","og_image":[{"width":2000,"height":1333,"url":"http:\/\/d2bw95mh2ee04s.cloudfront.net\/prod\/content\/wp-content\/uploads\/2021\/03\/23142639\/wp-header_groupe-dragon.jpeg","type":"image\/jpeg"}],"twitter_card":"summary_large_image","twitter_site":"@sellerlogic","twitter_misc":{"Est. reading time":"4 minutes"},"schema":{"@context":"https:\/\/schema.org","@graph":[{"@type":"WebPage","@id":"https:\/\/www.sellerlogic.com\/ro\/resources\/success-story-groupe-dragon\/","url":"https:\/\/www.sellerlogic.com\/ro\/resources\/success-story-groupe-dragon\/","name":"Poveste de succes: Groupe Dragon \u0219i Lost & Found | SELLERLOGIC","isPartOf":{"@id":"https:\/\/www.sellerlogic.com\/ro\/#website"},"primaryImageOfPage":{"@id":"https:\/\/www.sellerlogic.com\/ro\/resources\/success-story-groupe-dragon\/#primaryimage"},"image":{"@id":"https:\/\/www.sellerlogic.com\/ro\/resources\/success-story-groupe-dragon\/#primaryimage"},"thumbnailUrl":"https:\/\/d2bw95mh2ee04s.cloudfront.net\/prod\/content\/wp-content\/uploads\/2021\/03\/23142639\/wp-header_groupe-dragon.jpeg","datePublished":"2021-03-02T08:05:46+00:00","description":"F\u0103r\u0103 timp, f\u0103r\u0103 for\u021b\u0103 de munc\u0103, f\u0103r\u0103 resurse: Cum Groupe Dragon reu\u0219e\u0219te totu\u0219i s\u0103 recupereze fiecare eroare FBA. Cite\u0219te acum \u0219i afl\u0103 mai multe!","breadcrumb":{"@id":"https:\/\/www.sellerlogic.com\/ro\/resources\/success-story-groupe-dragon\/#breadcrumb"},"inLanguage":"ro-RO","potentialAction":[{"@type":"ReadAction","target":["https:\/\/www.sellerlogic.com\/ro\/resources\/success-story-groupe-dragon\/"]}]},{"@type":"ImageObject","inLanguage":"ro-RO","@id":"https:\/\/www.sellerlogic.com\/ro\/resources\/success-story-groupe-dragon\/#primaryimage","url":"https:\/\/d2bw95mh2ee04s.cloudfront.net\/prod\/content\/wp-content\/uploads\/2021\/03\/23142639\/wp-header_groupe-dragon.jpeg","contentUrl":"https:\/\/d2bw95mh2ee04s.cloudfront.net\/prod\/content\/wp-content\/uploads\/2021\/03\/23142639\/wp-header_groupe-dragon.jpeg","width":2000,"height":1333,"caption":"electrical tools and equipment on wooden background with copy space"},{"@type":"BreadcrumbList","@id":"https:\/\/www.sellerlogic.com\/ro\/resources\/success-story-groupe-dragon\/#breadcrumb","itemListElement":[{"@type":"ListItem","position":1,"name":"Home","item":"https:\/\/www.sellerlogic.com\/ro\/"},{"@type":"ListItem","position":2,"name":"Resurse EN","item":"https:\/\/www.sellerlogic.com\/ro\/resources\/"},{"@type":"ListItem","position":3,"name":"Poveste de succes: Groupe Dragon EN"}]},{"@type":"WebSite","@id":"https:\/\/www.sellerlogic.com\/ro\/#website","url":"https:\/\/www.sellerlogic.com\/ro\/","name":"SELLERLOGIC - Smarte Tools f\u00fcr Amazon-Seller","description":"Intelligente Prozessoptimierung und Gewinnmaximierung","publisher":{"@id":"https:\/\/www.sellerlogic.com\/ro\/#organization"},"potentialAction":[{"@type":"SearchAction","target":{"@type":"EntryPoint","urlTemplate":"https:\/\/www.sellerlogic.com\/ro\/?s={search_term_string}"},"query-input":{"@type":"PropertyValueSpecification","valueRequired":true,"valueName":"search_term_string"}}],"inLanguage":"ro-RO"},{"@type":"Organization","@id":"https:\/\/www.sellerlogic.com\/ro\/#organization","name":"SELLERLOGIC","url":"https:\/\/www.sellerlogic.com\/ro\/","logo":{"@type":"ImageObject","inLanguage":"ro-RO","@id":"https:\/\/www.sellerlogic.com\/ro\/#\/schema\/logo\/image\/","url":"https:\/\/d2bw95mh2ee04s.cloudfront.net\/prod\/content\/wp-content\/uploads\/2025\/01\/02134814\/Property-Logo-Main.svg","contentUrl":"https:\/\/d2bw95mh2ee04s.cloudfront.net\/prod\/content\/wp-content\/uploads\/2025\/01\/02134814\/Property-Logo-Main.svg","width":184,"height":40,"caption":"SELLERLOGIC"},"image":{"@id":"https:\/\/www.sellerlogic.com\/ro\/#\/schema\/logo\/image\/"},"sameAs":["https:\/\/www.facebook.com\/SellerLogic\/","https:\/\/x.com\/sellerlogic","https:\/\/www.instagram.com\/sellerlogic\/","https:\/\/www.linkedin.com\/company\/18402037\/","https:\/\/www.youtube.com\/channel\/UC-gULUur-fNj08sprantKsQ"]}]}},"_links":{"self":[{"href":"https:\/\/www.sellerlogic.com\/ro\/wp-json\/wp\/v2\/pages\/226830","targetHints":{"allow":["GET"]}}],"collection":[{"href":"https:\/\/www.sellerlogic.com\/ro\/wp-json\/wp\/v2\/pages"}],"about":[{"href":"https:\/\/www.sellerlogic.com\/ro\/wp-json\/wp\/v2\/types\/page"}],"author":[{"embeddable":true,"href":"https:\/\/www.sellerlogic.com\/ro\/wp-json\/wp\/v2\/users\/3"}],"replies":[{"embeddable":true,"href":"https:\/\/www.sellerlogic.com\/ro\/wp-json\/wp\/v2\/comments?post=226830"}],"version-history":[{"count":0,"href":"https:\/\/www.sellerlogic.com\/ro\/wp-json\/wp\/v2\/pages\/226830\/revisions"}],"up":[{"embeddable":true,"href":"https:\/\/www.sellerlogic.com\/ro\/wp-json\/wp\/v2\/pages\/226941"}],"wp:featuredmedia":[{"embeddable":true,"href":"https:\/\/www.sellerlogic.com\/ro\/wp-json\/wp\/v2\/media\/8511"}],"wp:attachment":[{"href":"https:\/\/www.sellerlogic.com\/ro\/wp-json\/wp\/v2\/media?parent=226830"}],"curies":[{"name":"wp","href":"https:\/\/api.w.org\/{rel}","templated":true}]}}