
{"id":226905,"date":"2020-12-18T08:11:11","date_gmt":"2020-12-18T08:11:11","guid":{"rendered":"https:\/\/127.0.0.1\/resources\/success-story-meinemarkenmode\/"},"modified":"2020-12-18T08:11:11","modified_gmt":"2020-12-18T08:11:11","slug":"success-story-meinemarkenmode","status":"publish","type":"page","link":"https:\/\/www.sellerlogic.com\/ro\/resources\/success-story-meinemarkenmode\/","title":{"rendered":"Success Story: meinemarkenmode.de EN"},"content":{"rendered":"\n\t<div  class=\"theme-wp-block theme-block-main-header is-style-full-height desktop-align-full xl-align-full lg-align-full md-align-full sm-align-full desktop-content-align-y-center desktop-content-align-x-center xl-content-align-y-center xl-content-align-x-center lg-content-align-y-center lg-content-align-x-center md-content-align-y-center md-content-align-x-center sm-content-align-y-center sm-content-align-x-center gb-responsive-720212-identifier theme-block-cover\">\n\t\t<div class=\"bg-cover theme-lazy-load-bg\"><\/div>\n\t\t<div class=\"wrap-content-main-header\">\n\t\t\t\t\t<div  class=\"theme-wp-block theme-block-text-and-text desktop-align-wide xl-align-wide lg-align-wide md-align-wide sm-align-wide gb-responsive-366658-identifier desktop-blockDirection-column xl-blockDirection-column lg-blockDirection-column md-blockDirection-column sm-blockDirection-column\">\n\t\t<div class=\"tat-column-wrap-wrapper\">\n\t\t\t<div class=\"tat-column-wrapper\">\n\t\t\t\t\t<div  class=\"theme-wp-block theme-block-text-and-text-column gb-responsive-923660-identifier desktop-horizontal-center xl-horizontal-center lg-horizontal-center md-horizontal-center sm-horizontal-center\">\n\t\t<div class=\"inner-wrap-column-content\">\n\t\t\t<div class=\"inner-column-content\">\n\t\t\t\t\t\t<p  class=\"theme-wp-block theme-block-heading is-style-default desktop-text-center xl-text-center lg-text-center md-text-center sm-text-center gb-responsive-948994-identifier h2\">\n\t\tMai mul\u021bi bani, mai pu\u021bine probleme\t<\/p>\n\n\t\t<h1  class=\"theme-wp-block theme-block-heading gb-responsive-522772-identifier is-style-default desktop-text-center xl-text-center lg-text-center md-text-center sm-text-center h1\">\n\t\tCum meinemarkenmode a primit o rambursare de 6 cifre de la Amazon\t<\/h1>\n\n\t\t\t<\/div>\n\t\t<\/div>\n\t<\/div>\n\t<div  class=\"theme-wp-block theme-block-text-and-text-column gb-responsive-441362-identifier\">\n\t\t<div class=\"inner-wrap-column-content\">\n\t\t\t<div class=\"inner-column-content\">\n\t\t\t\t\t\t\t<\/div>\n\t\t<\/div>\n\t<\/div>\n\t\t\t<\/div>\n\t\t<\/div>\n\t<\/div>\n\n\t\t<\/div>\n\t<\/div>\n\n<div style=\"height:50px\" aria-hidden=\"true\" class=\"theme-wp-block wp-block-spacer\"><\/div><div class=\"theme-wp-block wp-block-columns gb-responsive-34913-identifier is-layout-flex wp-container-core-columns-is-layout-9d6595d7 wp-block-columns-is-layout-flex\"><div class=\"theme-wp-block wp-block-column gb-responsive-118097-identifier is-layout-flow wp-block-column-is-layout-flow\" style=\"flex-basis:25%\"><figure class=\"theme-wp-block wp-block-image size-large is-resized gb-responsive-62921-identifier\"><img decoding=\"async\" src=\"https:\/\/d2bw95mh2ee04s.cloudfront.net\/prod\/content\/wp-content\/uploads\/2020\/12\/23142728\/MMM-Logo_2-844x154.png\" alt=\"Poveste de succes: meinemarkenmode.de EN\" class=\"wp-image-4742\" width=\"300\" height=\"55\" srcset=\"https:\/\/d2bw95mh2ee04s.cloudfront.net\/prod\/content\/wp-content\/uploads\/2020\/12\/23142728\/MMM-Logo_2-407x74.png 407w, https:\/\/d2bw95mh2ee04s.cloudfront.net\/prod\/content\/wp-content\/uploads\/2020\/12\/23142728\/MMM-Logo_2-768x141.png 768w, https:\/\/d2bw95mh2ee04s.cloudfront.net\/prod\/content\/wp-content\/uploads\/2020\/12\/23142728\/MMM-Logo_2-844x154.png 844w, https:\/\/d2bw95mh2ee04s.cloudfront.net\/prod\/content\/wp-content\/uploads\/2020\/12\/23142728\/MMM-Logo_2.png 1000w\" sizes=\"(max-width: 300px) 100vw, 300px\" \/><\/figure><p class=\"theme-wp-block gb-responsive-595107-identifier\"><strong>Funda\u021bie:<\/strong><br>2009<\/p><p class=\"theme-wp-block gb-responsive-627172-identifier\"><strong>Industrie:<\/strong><br>Mod\u0103<\/p><p class=\"theme-wp-block gb-responsive-331586-identifier\"><strong>Articole \u00een Amazon:\u00a0<\/strong><br>30.000<\/p><p class=\"theme-wp-block gb-responsive-485766-identifier\"><strong>Expedi\u021bii:<\/strong><br>aprox. 150.000 pe lun\u0103<\/p><\/div><div class=\"theme-wp-block wp-block-column gb-responsive-36942-identifier is-layout-flow wp-block-column-is-layout-flow\" style=\"flex-basis:50%\"><h3 class=\"theme-wp-block wp-block-heading gb-responsive-34353-identifier\" id=\"block-c06fce04-ef87-4ffc-a3d6-b768ba377d17\">Background:<\/h3><p class=\"theme-wp-block gb-responsive-767855-identifier desktop-gb-has-no-icon xl-gb-has-no-icon lg-gb-has-no-icon md-gb-has-no-icon sm-gb-has-no-icon\">Cu tot inventarul care intr\u0103 \u0219i iese din depozitele lor, Alexander Charatzoglou era con\u0219tient c\u0103 gre\u0219elile erau inevitabile. P\u00e2n\u0103 acum, compania de v\u00e2nz\u0103ri prin coresponden\u021b\u0103 nu avea un proces care s\u0103 permit\u0103 identificarea fiec\u0103rei gre\u0219eli care se \u00eent\u00e2mpla, p\u00e2n\u0103 c\u00e2nd Alexander a vizitat un atelier pentru v\u00e2nz\u0103tori Amazon care a oferit o solu\u021bie.<\/p><p class=\"theme-wp-block desktop-gb-has-no-icon xl-gb-has-no-icon lg-gb-has-no-icon md-gb-has-no-icon sm-gb-has-no-icon gb-responsive-7132-identifier\">Povestea meinmarkenmode.de seam\u0103n\u0103 mult cu prototipul Visului American.<\/p><p class=\"theme-wp-block desktop-gb-has-no-icon xl-gb-has-no-icon lg-gb-has-no-icon md-gb-has-no-icon sm-gb-has-no-icon gb-responsive-663910-identifier\">Pentru a-\u0219i finan\u021ba studiile, actualul director general Eugen Allerborn a \u00eenceput s\u0103 tranzac\u021bioneze pe eBay \u00een 2009. Pe m\u0103sur\u0103 ce compania a crescut, a trebuit s\u0103 fac\u0103 fa\u021b\u0103 deciziei de a-\u0219i finaliza studiile sau de a renun\u021ba la universitate \u0219i de a-\u0219i dedica tot timpul muncii sale. A ales varianta a doua: o decizie care a dus la mult\u0103 munc\u0103 grea, dar \u0219i la \u0219i mai mult succes. Ast\u0103zi, \u00eempreun\u0103 cu partenerul s\u0103u de afaceri \u0219i prietenul Timo Bethlehem, conduce o afacere online de succes cu 50 de angaja\u021bi \u00een dou\u0103 loca\u021bii.<\/p><h3 class=\"theme-wp-block wp-block-heading gb-responsive-182281-identifier desktop-gb-has-no-icon xl-gb-has-no-icon lg-gb-has-no-icon md-gb-has-no-icon sm-gb-has-no-icon\">\u00cenceputuri:<\/h3><p class=\"theme-wp-block gb-responsive-262664-identifier desktop-gb-has-no-icon xl-gb-has-no-icon lg-gb-has-no-icon md-gb-has-no-icon sm-gb-has-no-icon\">\u201eEra clar pentru noi c\u0103 pierdeam stoc \u00een depozitele FBA. Cu peste 30.000 de articole \u00een 20 de depozite \u0219i mi\u0219c\u0103rile de stoc rezultate, acest lucru este inevitabil\u201d, explic\u0103 Alexander, care lucreaz\u0103 ca \u0218ef al Managementului V\u00e2nz\u0103rilor la meinemarkenmode.de din 2012. \u201eDar, a\u0219a cum se \u00eent\u00e2mpl\u0103 adesea, erau prea multe alte sarcini care primeau o prioritate mai mare. \u00cen plus, ne lipsea capacitatea de a verifica procesele manual.\u201d<\/p><p class=\"theme-wp-block gb-responsive-587817-identifier desktop-gb-has-no-icon xl-gb-has-no-icon lg-gb-has-no-icon md-gb-has-no-icon sm-gb-has-no-icon\">Acest lucru s-a schimbat doar c\u00e2nd Alexander a avut o conversa\u021bie despre acest subiect cu un coleg comerciant \u00een timpul unui atelier Amazon. \u201eColegului meu comerciant era unul dintre clien\u021bii pilot<br>ai SELLERLOGIC Lost &#038; Found. C\u00e2nd mi-a spus despre o rambursare ini\u021bial\u0103 \u00een valoare de o ma\u0219in\u0103 mic\u0103, am fost at\u00e2t de impresionat \u00eenc\u00e2t \u00eencercarea acestui instrument a fost pe lista mea de priorit\u0103\u021bi,\u201d \u00ee\u0219i aminte\u0219te Alexander.<\/p><h3 class=\"theme-wp-block wp-block-heading gb-responsive-115756-identifier\">Solu\u021bie:<\/h3><p class=\"theme-wp-block gb-responsive-231780-identifier\">Pe baza experien\u021bei pozitive a colegului s\u0103u comerciant, nicio alt\u0103 solu\u021bie dec\u00e2t Lost &#038; Found nu a fost vreodat\u0103 luat\u0103 \u00een considerare pentru meinmarkenmode.de.<\/p><p class=\"theme-wp-block gb-responsive-392728-identifier desktop-gb-has-no-icon xl-gb-has-no-icon lg-gb-has-no-icon md-gb-has-no-icon sm-gb-has-no-icon\"><br>Alexander \u00ee\u0219i aminte\u0219te primele experien\u021be cu software-ul SELLERLOGIC: \u201eIntegrarea cu SELLERLOGIC a fost extrem de u\u0219oar\u0103 \u0219i pl\u0103cut\u0103. Solu\u021bia este intuitiv\u0103 \u0219i poate fi utilizat\u0103 de oricine dup\u0103 o scurt\u0103 perioad\u0103 de instruire. De c\u00e2nd am lansat, nu a fost nevoie de niciun suport. Nici m\u0103car c\u00e2nd am predat gestionarea cazurilor angaja\u021bilor noi \u2013 acest lucru este destul de remarcabil!\u201d. Dup\u0103 un moment, adaug\u0103: \u201eInstrumentul este, de asemenea, incredibil de eficient. \u00cen spatele func\u021bion\u0103rii sale intuitive se afl\u0103 un sistem foarte sofisticat care simplific\u0103 considerabil procesarea cazurilor.\u201d<\/p><div class=\"theme-block-group-wrap\"><div class=\"theme-wp-block wp-block-group gb-responsive-88118-identifier\">\t\t<div  class=\"theme-wp-block theme-block-user-card gb-responsive-799176-identifier is-style-full-width-line desktop-gb-has-no-icon xl-gb-has-no-icon lg-gb-has-no-icon md-gb-has-no-icon sm-gb-has-no-icon\">\n\t\t<div class=\"wrap-inner-content\">\n\t\t\t<div class=\"card-user-head\">\n\t\t\t\t<div class=\"card-user-avatar\">\n\t\t\t\t\t<div class=\"cover-avatar\" style=\"background-image: url(https:\/\/d2bw95mh2ee04s.cloudfront.net\/prod\/content\/wp-content\/uploads\/2020\/12\/23142728\/alexander_charatzoglou_raute.png);\"><\/div>\n\t\t\t\t<\/div>\n\t\t\t\t<div class=\"wrap-title\">\n\t\t\t\t\t<div class=\"card-user-name\">\n\t\t\t\t\t\t<div class=\"title\">\n\t\t\t\t\t\t\t<h3 class=\"heading-text\"><strong>Alexander Charatzoglou<\/strong><\/h3>\n\t\t\t\t\t\t<\/div>\n\t\t\t\t\t\t<div class=\"card-user-position\">\n\t\t\t\t\t\t\t<div class=\"card-text\"><strong>\u0218ef al managementului v\u00e2nz\u0103rilor la meinemarkenmode.de<\/strong><\/div>\n\t\t\t\t\t\t<\/div>\n\t\t\t\t\t<\/div>\n\t\t\t\t\t<div class=\"card-user-quote-icon\">\n\t\t\t\t\t<\/div>\n\t\t\t\t<\/div>\n\t\t\t<\/div>\n\t\t\t<div class=\"card-user-text\">\n\t\t\t\t<div class=\"card-text\"><p>&#8220;SELLERLOGIC Lost &amp; Found este o alegere evident\u0103. \u0218i nu doar din punct de vedere economic. Costurile reduse, instrumentul, tehnologia din spatele s\u0103u, serviciile \u0219i echipa din spatele acestuia \u2013 pur \u0219i simplu totul \u2013 contribuie la satisfac\u021bia noastr\u0103 complet\u0103.&#8221;<\/p><p><\/p><\/div>\n\t\t\t<\/div>\n\t\t<\/div>\n\t<\/div>\n\n<\/div><\/div><h3 class=\"theme-wp-block wp-block-heading gb-responsive-595368-identifier\">Rezultate de succes cu SELLERLOGIC:<\/h3><p class=\"theme-wp-block gb-responsive-905876-identifier desktop-gb-has-no-icon xl-gb-has-no-icon lg-gb-has-no-icon md-gb-has-no-icon sm-gb-has-no-icon\">De la lansarea lor cu SELLERLOGIC Lost &#038; Found, meinmarkenmode.de a reu\u0219it s\u0103 revendice ramburs\u0103ri \u00een valoare de aproximativ 200.000 de euro. \u201eAceasta nu mai este o ma\u0219in\u0103 mic\u0103, ci o \u00eentreag\u0103 cas\u0103,\u201d r\u00e2de Alexander.<\/p><p class=\"theme-wp-block gb-responsive-208143-identifier desktop-gb-has-no-icon xl-gb-has-no-icon lg-gb-has-no-icon md-gb-has-no-icon sm-gb-has-no-icon\">A\u0219adar, pierderea real\u0103 de stoc \u00een depozitele FBA a dep\u0103\u0219it cu mult a\u0219tept\u0103rile companiei. \u00cen acela\u0219i timp, meinmarkenmode.de beneficiaz\u0103 de sistemul sofisticat, care g\u0103se\u0219te \u0219i erori care probabil ar r\u0103m\u00e2ne nedetectate dac\u0103 ar fi c\u0103utate manual. Pentru Alexander, contactul uman cu SELLERLOGIC este la fel de important. Pentru el, SELLERLOGIC nu este doar un instrument pe care compania sa \u00eel folose\u0219te, ci apreciaz\u0103 \u0219i \u00eentreaga echip\u0103 \u0219i serviciul acesteia.<\/p><p class=\"theme-wp-block gb-responsive-355671-identifier desktop-gb-has-no-icon xl-gb-has-no-icon lg-gb-has-no-icon md-gb-has-no-icon sm-gb-has-no-icon\">Pentru a concluziona, el g\u0103se\u0219te cuvinte clare de laud\u0103: \u201eSELLERLOGIC Lost &#038; Found este o alegere evident\u0103. \u0218i nu doar din punct de vedere economic. Costurile reduse, instrumentul, tehnologia din spatele s\u0103u, serviciile \u0219i echipa din spatele acestuia \u2013 pur \u0219i simplu totul \u2013 contribuie la satisfac\u021bia noastr\u0103 complet\u0103\u201c.<\/p><div class=\"theme-wp-block wp-block-buttons gb-responsive-497426-identifier is-layout-flex wp-block-buttons-is-layout-flex\"><div class=\"theme-wp-block wp-block-button gb-responsive-38220-identifier is-style-theme-transparent-with-arrow\"><a class=\"wp-block-button__link wp-element-button\" href=\"https:\/\/d2bw95mh2ee04s.cloudfront.net\/prod\/content\/files\/SUCCESS-STORIES\/EN\/NEU_SELLERLOGIC_Success-Story_meinemarkenmode_EN.pdf\" target=\"_blank\" rel=\"noreferrer noopener nofollow\">Descarc\u0103 acum!<\/a><\/div><\/div><\/div><div class=\"theme-wp-block wp-block-column gb-responsive-638649-identifier is-layout-flow wp-block-column-is-layout-flow\" style=\"flex-basis:25%\"><\/div><\/div><p class=\"theme-wp-block gb-responsive-554668-identifier\"><\/p>","protected":false},"excerpt":{"rendered":"<p>Funda\u021bie:2009 Industrie:Mod\u0103 Articole \u00een Amazon:\u00a030.000 Expedi\u021bii:aprox. 150.000 pe lun\u0103 Background: Cu tot inventarul care intr\u0103 \u0219i iese din depozitele lor, Alexander Charatzoglou era con\u0219tient c\u0103 gre\u0219elile erau inevitabile. P\u00e2n\u0103 acum, compania de v\u00e2nz\u0103ri prin coresponden\u021b\u0103 nu avea un proces care s\u0103 permit\u0103 identificarea fiec\u0103rei gre\u0219eli care se \u00eent\u00e2mpla, p\u00e2n\u0103 c\u00e2nd Alexander a vizitat un atelier<\/p>\n","protected":false},"author":3,"featured_media":0,"parent":226941,"menu_order":0,"comment_status":"closed","ping_status":"closed","template":"","meta":{"sidebar_recommended_resources":{"data":[]},"sidebar_header_settings":{"hide_buttons":{"register":false}},"_use_new_theme":false,"inline_featured_image":false,"footnotes":""},"class_list":["post-226905","page","type-page","status-publish","hentry"],"yoast_head":"<!-- This site is optimized with the Yoast SEO plugin v26.8 - https:\/\/yoast.com\/product\/yoast-seo-wordpress\/ -->\n<title>Cum s\u0103 ob\u021bii ramburs\u0103ri de 6 cifre de la Amazon | SELLERLOGIC<\/title>\n<meta name=\"description\" content=\"SELLERLOGIC Lost &amp; Found analizeaz\u0103 toate erorile FBA. Cite\u0219te aici cum meinmarkenmode.de a ob\u021binut ramburs\u0103ri \u00een valoarea unei case unifamiliale!\" \/>\n<meta name=\"robots\" content=\"index, follow, max-snippet:-1, max-image-preview:large, max-video-preview:-1\" \/>\n<link rel=\"canonical\" href=\"https:\/\/www.sellerlogic.com\/ro\/resources\/success-story-meinemarkenmode\/\" \/>\n<meta property=\"og:locale\" content=\"ro_RO\" \/>\n<meta property=\"og:type\" content=\"article\" \/>\n<meta property=\"og:title\" content=\"Cum s\u0103 ob\u021bii ramburs\u0103ri de 6 cifre de la Amazon | SELLERLOGIC\" \/>\n<meta property=\"og:description\" content=\"SELLERLOGIC Lost &amp; Found analizeaz\u0103 toate erorile FBA. Cite\u0219te aici cum meinmarkenmode.de a ob\u021binut ramburs\u0103ri \u00een valoarea unei case unifamiliale!\" \/>\n<meta property=\"og:url\" content=\"https:\/\/www.sellerlogic.com\/ro\/resources\/success-story-meinemarkenmode\/\" \/>\n<meta property=\"og:site_name\" content=\"SELLERLOGIC - Smarte Tools f\u00fcr Amazon-Seller\" \/>\n<meta property=\"article:publisher\" content=\"https:\/\/www.facebook.com\/SellerLogic\/\" \/>\n<meta property=\"og:image\" content=\"https:\/\/www.sellerlogic.com\/wp-content\/uploads\/2020\/12\/MMM-Logo_2-844x154.png\" \/>\n<meta name=\"twitter:card\" content=\"summary_large_image\" \/>\n<meta name=\"twitter:site\" content=\"@sellerlogic\" \/>\n<meta name=\"twitter:label1\" content=\"Est. reading time\" \/>\n\t<meta name=\"twitter:data1\" content=\"3 minutes\" \/>\n<script type=\"application\/ld+json\" class=\"yoast-schema-graph\">{\"@context\":\"https:\/\/schema.org\",\"@graph\":[{\"@type\":\"WebPage\",\"@id\":\"https:\/\/www.sellerlogic.com\/ro\/resources\/success-story-meinemarkenmode\/\",\"url\":\"https:\/\/www.sellerlogic.com\/ro\/resources\/success-story-meinemarkenmode\/\",\"name\":\"Cum s\u0103 ob\u021bii ramburs\u0103ri de 6 cifre de la Amazon | SELLERLOGIC\",\"isPartOf\":{\"@id\":\"https:\/\/www.sellerlogic.com\/ro\/#website\"},\"primaryImageOfPage\":{\"@id\":\"https:\/\/www.sellerlogic.com\/ro\/resources\/success-story-meinemarkenmode\/#primaryimage\"},\"image\":{\"@id\":\"https:\/\/www.sellerlogic.com\/ro\/resources\/success-story-meinemarkenmode\/#primaryimage\"},\"thumbnailUrl\":\"https:\/\/www.sellerlogic.com\/wp-content\/uploads\/2020\/12\/MMM-Logo_2-844x154.png\",\"datePublished\":\"2020-12-18T08:11:11+00:00\",\"description\":\"SELLERLOGIC Lost & Found analizeaz\u0103 toate erorile FBA. Cite\u0219te aici cum meinmarkenmode.de a ob\u021binut ramburs\u0103ri \u00een valoarea unei case unifamiliale!\",\"breadcrumb\":{\"@id\":\"https:\/\/www.sellerlogic.com\/ro\/resources\/success-story-meinemarkenmode\/#breadcrumb\"},\"inLanguage\":\"ro-RO\",\"potentialAction\":[{\"@type\":\"ReadAction\",\"target\":[\"https:\/\/www.sellerlogic.com\/ro\/resources\/success-story-meinemarkenmode\/\"]}]},{\"@type\":\"ImageObject\",\"inLanguage\":\"ro-RO\",\"@id\":\"https:\/\/www.sellerlogic.com\/ro\/resources\/success-story-meinemarkenmode\/#primaryimage\",\"url\":\"https:\/\/www.sellerlogic.com\/wp-content\/uploads\/2020\/12\/MMM-Logo_2-844x154.png\",\"contentUrl\":\"https:\/\/www.sellerlogic.com\/wp-content\/uploads\/2020\/12\/MMM-Logo_2-844x154.png\"},{\"@type\":\"BreadcrumbList\",\"@id\":\"https:\/\/www.sellerlogic.com\/ro\/resources\/success-story-meinemarkenmode\/#breadcrumb\",\"itemListElement\":[{\"@type\":\"ListItem\",\"position\":1,\"name\":\"Home\",\"item\":\"https:\/\/www.sellerlogic.com\/ro\/\"},{\"@type\":\"ListItem\",\"position\":2,\"name\":\"Resurse EN\",\"item\":\"https:\/\/www.sellerlogic.com\/ro\/resources\/\"},{\"@type\":\"ListItem\",\"position\":3,\"name\":\"Success Story: meinemarkenmode.de EN\"}]},{\"@type\":\"WebSite\",\"@id\":\"https:\/\/www.sellerlogic.com\/ro\/#website\",\"url\":\"https:\/\/www.sellerlogic.com\/ro\/\",\"name\":\"SELLERLOGIC - Smarte Tools f\u00fcr Amazon-Seller\",\"description\":\"Intelligente Prozessoptimierung und Gewinnmaximierung\",\"publisher\":{\"@id\":\"https:\/\/www.sellerlogic.com\/ro\/#organization\"},\"potentialAction\":[{\"@type\":\"SearchAction\",\"target\":{\"@type\":\"EntryPoint\",\"urlTemplate\":\"https:\/\/www.sellerlogic.com\/ro\/?s={search_term_string}\"},\"query-input\":{\"@type\":\"PropertyValueSpecification\",\"valueRequired\":true,\"valueName\":\"search_term_string\"}}],\"inLanguage\":\"ro-RO\"},{\"@type\":\"Organization\",\"@id\":\"https:\/\/www.sellerlogic.com\/ro\/#organization\",\"name\":\"SELLERLOGIC\",\"url\":\"https:\/\/www.sellerlogic.com\/ro\/\",\"logo\":{\"@type\":\"ImageObject\",\"inLanguage\":\"ro-RO\",\"@id\":\"https:\/\/www.sellerlogic.com\/ro\/#\/schema\/logo\/image\/\",\"url\":\"https:\/\/d2bw95mh2ee04s.cloudfront.net\/prod\/content\/wp-content\/uploads\/2025\/01\/02134814\/Property-Logo-Main.svg\",\"contentUrl\":\"https:\/\/d2bw95mh2ee04s.cloudfront.net\/prod\/content\/wp-content\/uploads\/2025\/01\/02134814\/Property-Logo-Main.svg\",\"width\":184,\"height\":40,\"caption\":\"SELLERLOGIC\"},\"image\":{\"@id\":\"https:\/\/www.sellerlogic.com\/ro\/#\/schema\/logo\/image\/\"},\"sameAs\":[\"https:\/\/www.facebook.com\/SellerLogic\/\",\"https:\/\/x.com\/sellerlogic\",\"https:\/\/www.instagram.com\/sellerlogic\/\",\"https:\/\/www.linkedin.com\/company\/18402037\/\",\"https:\/\/www.youtube.com\/channel\/UC-gULUur-fNj08sprantKsQ\"]}]}<\/script>\n<!-- \/ Yoast SEO plugin. -->","yoast_head_json":{"title":"Cum s\u0103 ob\u021bii ramburs\u0103ri de 6 cifre de la Amazon | SELLERLOGIC","description":"SELLERLOGIC Lost & Found analizeaz\u0103 toate erorile FBA. Cite\u0219te aici cum meinmarkenmode.de a ob\u021binut ramburs\u0103ri \u00een valoarea unei case unifamiliale!","robots":{"index":"index","follow":"follow","max-snippet":"max-snippet:-1","max-image-preview":"max-image-preview:large","max-video-preview":"max-video-preview:-1"},"canonical":"https:\/\/www.sellerlogic.com\/ro\/resources\/success-story-meinemarkenmode\/","og_locale":"ro_RO","og_type":"article","og_title":"Cum s\u0103 ob\u021bii ramburs\u0103ri de 6 cifre de la Amazon | SELLERLOGIC","og_description":"SELLERLOGIC Lost & Found analizeaz\u0103 toate erorile FBA. Cite\u0219te aici cum meinmarkenmode.de a ob\u021binut ramburs\u0103ri \u00een valoarea unei case unifamiliale!","og_url":"https:\/\/www.sellerlogic.com\/ro\/resources\/success-story-meinemarkenmode\/","og_site_name":"SELLERLOGIC - Smarte Tools f\u00fcr Amazon-Seller","article_publisher":"https:\/\/www.facebook.com\/SellerLogic\/","og_image":[{"url":"https:\/\/www.sellerlogic.com\/wp-content\/uploads\/2020\/12\/MMM-Logo_2-844x154.png","type":"","width":"","height":""}],"twitter_card":"summary_large_image","twitter_site":"@sellerlogic","twitter_misc":{"Est. reading time":"3 minutes"},"schema":{"@context":"https:\/\/schema.org","@graph":[{"@type":"WebPage","@id":"https:\/\/www.sellerlogic.com\/ro\/resources\/success-story-meinemarkenmode\/","url":"https:\/\/www.sellerlogic.com\/ro\/resources\/success-story-meinemarkenmode\/","name":"Cum s\u0103 ob\u021bii ramburs\u0103ri de 6 cifre de la Amazon | SELLERLOGIC","isPartOf":{"@id":"https:\/\/www.sellerlogic.com\/ro\/#website"},"primaryImageOfPage":{"@id":"https:\/\/www.sellerlogic.com\/ro\/resources\/success-story-meinemarkenmode\/#primaryimage"},"image":{"@id":"https:\/\/www.sellerlogic.com\/ro\/resources\/success-story-meinemarkenmode\/#primaryimage"},"thumbnailUrl":"https:\/\/www.sellerlogic.com\/wp-content\/uploads\/2020\/12\/MMM-Logo_2-844x154.png","datePublished":"2020-12-18T08:11:11+00:00","description":"SELLERLOGIC Lost & Found analizeaz\u0103 toate erorile FBA. Cite\u0219te aici cum meinmarkenmode.de a ob\u021binut ramburs\u0103ri \u00een valoarea unei case unifamiliale!","breadcrumb":{"@id":"https:\/\/www.sellerlogic.com\/ro\/resources\/success-story-meinemarkenmode\/#breadcrumb"},"inLanguage":"ro-RO","potentialAction":[{"@type":"ReadAction","target":["https:\/\/www.sellerlogic.com\/ro\/resources\/success-story-meinemarkenmode\/"]}]},{"@type":"ImageObject","inLanguage":"ro-RO","@id":"https:\/\/www.sellerlogic.com\/ro\/resources\/success-story-meinemarkenmode\/#primaryimage","url":"https:\/\/www.sellerlogic.com\/wp-content\/uploads\/2020\/12\/MMM-Logo_2-844x154.png","contentUrl":"https:\/\/www.sellerlogic.com\/wp-content\/uploads\/2020\/12\/MMM-Logo_2-844x154.png"},{"@type":"BreadcrumbList","@id":"https:\/\/www.sellerlogic.com\/ro\/resources\/success-story-meinemarkenmode\/#breadcrumb","itemListElement":[{"@type":"ListItem","position":1,"name":"Home","item":"https:\/\/www.sellerlogic.com\/ro\/"},{"@type":"ListItem","position":2,"name":"Resurse EN","item":"https:\/\/www.sellerlogic.com\/ro\/resources\/"},{"@type":"ListItem","position":3,"name":"Success Story: meinemarkenmode.de EN"}]},{"@type":"WebSite","@id":"https:\/\/www.sellerlogic.com\/ro\/#website","url":"https:\/\/www.sellerlogic.com\/ro\/","name":"SELLERLOGIC - Smarte Tools f\u00fcr Amazon-Seller","description":"Intelligente Prozessoptimierung und Gewinnmaximierung","publisher":{"@id":"https:\/\/www.sellerlogic.com\/ro\/#organization"},"potentialAction":[{"@type":"SearchAction","target":{"@type":"EntryPoint","urlTemplate":"https:\/\/www.sellerlogic.com\/ro\/?s={search_term_string}"},"query-input":{"@type":"PropertyValueSpecification","valueRequired":true,"valueName":"search_term_string"}}],"inLanguage":"ro-RO"},{"@type":"Organization","@id":"https:\/\/www.sellerlogic.com\/ro\/#organization","name":"SELLERLOGIC","url":"https:\/\/www.sellerlogic.com\/ro\/","logo":{"@type":"ImageObject","inLanguage":"ro-RO","@id":"https:\/\/www.sellerlogic.com\/ro\/#\/schema\/logo\/image\/","url":"https:\/\/d2bw95mh2ee04s.cloudfront.net\/prod\/content\/wp-content\/uploads\/2025\/01\/02134814\/Property-Logo-Main.svg","contentUrl":"https:\/\/d2bw95mh2ee04s.cloudfront.net\/prod\/content\/wp-content\/uploads\/2025\/01\/02134814\/Property-Logo-Main.svg","width":184,"height":40,"caption":"SELLERLOGIC"},"image":{"@id":"https:\/\/www.sellerlogic.com\/ro\/#\/schema\/logo\/image\/"},"sameAs":["https:\/\/www.facebook.com\/SellerLogic\/","https:\/\/x.com\/sellerlogic","https:\/\/www.instagram.com\/sellerlogic\/","https:\/\/www.linkedin.com\/company\/18402037\/","https:\/\/www.youtube.com\/channel\/UC-gULUur-fNj08sprantKsQ"]}]}},"_links":{"self":[{"href":"https:\/\/www.sellerlogic.com\/ro\/wp-json\/wp\/v2\/pages\/226905","targetHints":{"allow":["GET"]}}],"collection":[{"href":"https:\/\/www.sellerlogic.com\/ro\/wp-json\/wp\/v2\/pages"}],"about":[{"href":"https:\/\/www.sellerlogic.com\/ro\/wp-json\/wp\/v2\/types\/page"}],"author":[{"embeddable":true,"href":"https:\/\/www.sellerlogic.com\/ro\/wp-json\/wp\/v2\/users\/3"}],"replies":[{"embeddable":true,"href":"https:\/\/www.sellerlogic.com\/ro\/wp-json\/wp\/v2\/comments?post=226905"}],"version-history":[{"count":0,"href":"https:\/\/www.sellerlogic.com\/ro\/wp-json\/wp\/v2\/pages\/226905\/revisions"}],"up":[{"embeddable":true,"href":"https:\/\/www.sellerlogic.com\/ro\/wp-json\/wp\/v2\/pages\/226941"}],"wp:attachment":[{"href":"https:\/\/www.sellerlogic.com\/ro\/wp-json\/wp\/v2\/media?parent=226905"}],"curies":[{"name":"wp","href":"https:\/\/api.w.org\/{rel}","templated":true}]}}