
{"id":226917,"date":"2020-12-09T14:09:30","date_gmt":"2020-12-09T14:09:30","guid":{"rendered":"https:\/\/127.0.0.1\/resources\/download-factsheet-repricer\/"},"modified":"2020-12-09T14:09:30","modified_gmt":"2020-12-09T14:09:30","slug":"download-factsheet-repricer","status":"publish","type":"page","link":"https:\/\/www.sellerlogic.com\/ro\/resources\/download-factsheet-repricer\/","title":{"rendered":"Descarc\u0103 fi\u0219a informativ\u0103 Repricer"},"content":{"rendered":"\n\t<div  class=\"theme-wp-block theme-block-main-header desktop-align-full xl-align-full lg-align-full md-align-full sm-align-full desktop-content-align-y-center desktop-content-align-x-center xl-content-align-y-center xl-content-align-x-center lg-content-align-y-center lg-content-align-x-center md-content-align-y-center md-content-align-x-center sm-content-align-y-center sm-content-align-x-center desktop-gb-has-no-icon xl-gb-has-no-icon lg-gb-has-no-icon md-gb-has-no-icon sm-gb-has-no-icon gb-responsive-537623-identifier is-style-default theme-block-cover\">\n\t\t<div class=\"bg-cover theme-lazy-load-bg\"><\/div>\n\t\t<div class=\"wrap-content-main-header\">\n\t\t\t\t\t<div  class=\"theme-wp-block theme-block-text-and-text desktop-align-wide xl-align-wide lg-align-wide md-align-wide sm-align-wide desktop-gb-has-no-icon xl-gb-has-no-icon lg-gb-has-no-icon md-gb-has-no-icon sm-gb-has-no-icon desktop-blockDirection-row xl-blockDirection-row lg-blockDirection-row md-blockDirection-row sm-blockDirection-row gb-responsive-557074-identifier alignwide\">\n\t\t<div class=\"tat-column-wrap-wrapper\">\n\t\t\t<div class=\"tat-column-wrapper\">\n\t\t\t\t\t<div  class=\"theme-wp-block theme-block-text-and-text-column desktop-gb-has-no-icon xl-gb-has-no-icon lg-gb-has-no-icon md-gb-has-no-icon sm-gb-has-no-icon gb-responsive-901442-identifier desktop-horizontal-center xl-horizontal-center lg-horizontal-center md-horizontal-center sm-horizontal-center\">\n\t\t<div class=\"inner-wrap-column-content\">\n\t\t\t<div class=\"inner-column-content\">\n\t\t\t\t\t\t<h1 id=\"block-12e198b5-f8eb-4a3c-9e0c-18467e9637af\" class=\"theme-wp-block theme-block-heading desktop-gb-has-no-icon xl-gb-has-no-icon lg-gb-has-no-icon md-gb-has-no-icon sm-gb-has-no-icon desktop-text-center xl-text-center lg-text-center md-text-center sm-text-center gb-responsive-378554-identifier h1\">\n\t\tSELLERLOGIC Repricer pentru Amazon\t<\/h1>\n\n\t\t<h2 id=\"block-12e198b5-f8eb-4a3c-9e0c-18467e9637af\" class=\"theme-wp-block theme-block-heading desktop-text-center xl-text-center lg-text-center md-text-center sm-text-center gb-responsive-844401-identifier h2\">\n\t\tDeterminarea dinamic\u0103 a pre\u021bului auto-\u00eenv\u0103\u021bat\u0103\t<\/h2>\n\n\t\t\t<\/div>\n\t\t<\/div>\n\t<\/div>\n\t<div  class=\"theme-wp-block theme-block-text-and-text-column desktop-gb-has-no-icon xl-gb-has-no-icon lg-gb-has-no-icon md-gb-has-no-icon sm-gb-has-no-icon gb-responsive-971381-identifier\">\n\t\t<div class=\"inner-wrap-column-content\">\n\t\t\t<div class=\"inner-column-content\">\n\t\t\t\t\t\t\t<\/div>\n\t\t<\/div>\n\t<\/div>\n\t\t\t<\/div>\n\t\t<\/div>\n\t<\/div>\n\n\t\t<\/div>\n\t<\/div>\n\n<div style=\"height:50px\" aria-hidden=\"true\" class=\"theme-wp-block wp-block-spacer\"><\/div>\t\t<div  class=\"theme-wp-block theme-block-text-and-text desktop-blockDirection-row xl-blockDirection-row lg-blockDirection-row md-blockDirection-row gb-responsive-91863-identifier sm-blockDirection-column\">\n\t\t<div class=\"tat-column-wrap-wrapper\">\n\t\t\t<div class=\"tat-column-wrapper\">\n\t\t\t\t\t<div  class=\"theme-wp-block theme-block-text-and-text-column gb-responsive-724792-identifier\">\n\t\t<div class=\"inner-wrap-column-content\">\n\t\t\t<div class=\"inner-column-content\">\n\t\t\t\t\t\t<h2  class=\"theme-wp-block theme-block-heading gb-responsive-276790-identifier is-style-default h3\">\n\t\tRe\u021beta succesului pentru rev\u00e2nz\u0103torii Amazon: Cel mai bun pre\u021b \u00een Buy Box\t<\/h2>\n\n<p class=\"theme-wp-block is-style-default gb-responsive-488408-identifier\">La Amazon, 100.000 de v\u00e2nz\u0103tori concureaz\u0103 pentru c\u00e2mpul dorit al co\u0219ului de cump\u0103r\u0103turi (englez\u0103: Buy Box). Aceast\u0103 b\u0103t\u0103lie se duce cu intensitate, mai ales av\u00e2nd \u00een vedere c\u0103 Amazon nu dezv\u0103luie factorii utiliza\u021bi pentru a determina Buy Box.<\/p><p class=\"theme-wp-block is-style-default gb-responsive-712622-identifier\">Multe dintre factori nu sunt direct sub controlul v\u00e2nz\u0103torului. Cu toate acestea, unul este cu siguran\u021b\u0103: PRE\u021aUL.<\/p>\t\t<h3  class=\"theme-wp-block theme-block-heading gb-responsive-764810-identifier is-style-default h3\">\n\t\tNu cu cel mai mic pre\u021b, ci cu cel optim\t<\/h3>\n\n<p class=\"theme-wp-block is-style-default gb-responsive-924998-identifier\">\u00cen func\u021bie de starea de performan\u021b\u0103, SELLERLOGIC Repricer pentru Amazon determin\u0103 mai \u00eent\u00e2i pre\u021bul la care v\u00e2nz\u0103torul Amazon c\u00e2\u0219tig\u0103 Buy Box. Odat\u0103 ce acest lucru este realizat, pre\u021bul este optimizat \u00een continuare. \u00cen acest fel, Buy Box nu este c\u00e2\u0219tigat cu cel mai mic pre\u021b, ci cu cel mai mare pre\u021b posibil.<\/p><p class=\"theme-wp-block is-style-default gb-responsive-79005-identifier\">Ce face ca SELLERLOGIC Repricer pentru Amazon s\u0103 se deosebeasc\u0103 de alte repricers \u0219i ce strategii te pot ajuta s\u0103 c\u00e2\u0219tigi Buy Box pentru tine pot fi g\u0103site \u00een fi\u0219a noastr\u0103 informativ\u0103.<\/p><div class=\"theme-wp-block wp-block-buttons gb-responsive-998044-identifier is-layout-flex wp-block-buttons-is-layout-flex\"><div class=\"theme-wp-block wp-block-button gb-responsive-547103-identifier is-style-theme-blue\"><a class=\"wp-block-button__link wp-element-button\" href=\"https:\/\/d2bw95mh2ee04s.cloudfront.net\/prod\/content\/files\/FACTSHEETS\/DE\/FactSheet_Repricer.pdf\" target=\"_blank\" rel=\"noreferrer noopener nofollow\"><strong>Descarc\u0103 fi\u0219a informativ\u0103 acum<\/strong>!<\/a><\/div><\/div>\t\t\t<\/div>\n\t\t<\/div>\n\t<\/div>\n\t<div  class=\"theme-wp-block theme-block-text-and-text-column gb-responsive-626207-identifier\">\n\t\t<div class=\"inner-wrap-column-content\">\n\t\t\t<div class=\"inner-column-content\">\n\t\t\t\t<figure class=\"theme-wp-block wp-block-image size-large is-resized gb-responsive-773053-identifier is-style-default\"><img decoding=\"async\" width=\"476\" height=\"674\" src=\"https:\/\/d2bw95mh2ee04s.cloudfront.net\/prod\/content\/wp-content\/uploads\/2020\/12\/23140627\/factsheet_repricer.gif\" alt=\"Descarc\u0103 fi\u0219a informativ\u0103 Repricer\" class=\"wp-image-4477\" style=\"width:407px;height:576px\"><\/figure>\t\t\t<\/div>\n\t\t<\/div>\n\t<\/div>\n\t\t\t<\/div>\n\t\t<\/div>\n\t<\/div>\n\n<div style=\"height:50px\" aria-hidden=\"true\" class=\"theme-wp-block wp-block-spacer\"><\/div>","protected":false},"excerpt":{"rendered":"","protected":false},"author":8,"featured_media":4489,"parent":226941,"menu_order":0,"comment_status":"closed","ping_status":"closed","template":"","meta":{"sidebar_recommended_resources":{"data":[]},"sidebar_header_settings":{"hide_buttons":{"register":false}},"_use_new_theme":false,"inline_featured_image":false,"footnotes":""},"class_list":["post-226917","page","type-page","status-publish","has-post-thumbnail","hentry"],"yoast_head":"<!-- This site is optimized with the Yoast SEO plugin v26.8 - https:\/\/yoast.com\/product\/yoast-seo-wordpress\/ -->\n<title>SELLERLOGIC - Descarc\u0103 fi\u0219a informativ\u0103: SELLERLOGIC Repricer pentru Amazon<\/title>\n<meta name=\"description\" content=\"Scurt \u0219i concis totul despre SELLERLOGIC Repricer pentru Amazon \u2013 Determinarea dinamic\u0103 a pre\u021bului auto-\u00eenv\u0103\u021bat\u0103 pentru a c\u00e2\u0219tiga Buy Box.\" \/>\n<meta name=\"robots\" content=\"index, follow, max-snippet:-1, max-image-preview:large, max-video-preview:-1\" \/>\n<link rel=\"canonical\" href=\"https:\/\/www.sellerlogic.com\/ro\/resources\/download-factsheet-repricer\/\" \/>\n<meta property=\"og:locale\" content=\"ro_RO\" \/>\n<meta property=\"og:type\" content=\"article\" \/>\n<meta property=\"og:title\" content=\"SELLERLOGIC - Descarc\u0103 fi\u0219a informativ\u0103: SELLERLOGIC Repricer pentru Amazon\" \/>\n<meta property=\"og:description\" content=\"Scurt \u0219i concis totul despre SELLERLOGIC Repricer pentru Amazon \u2013 Determinarea dinamic\u0103 a pre\u021bului auto-\u00eenv\u0103\u021bat\u0103 pentru a c\u00e2\u0219tiga Buy Box.\" \/>\n<meta property=\"og:url\" content=\"https:\/\/www.sellerlogic.com\/ro\/resources\/download-factsheet-repricer\/\" \/>\n<meta property=\"og:site_name\" content=\"SELLERLOGIC - Smarte Tools f\u00fcr Amazon-Seller\" \/>\n<meta property=\"article:publisher\" content=\"https:\/\/www.facebook.com\/SellerLogic\/\" \/>\n<meta property=\"og:image\" content=\"https:\/\/d2bw95mh2ee04s.cloudfront.net\/prod\/content\/wp-content\/uploads\/2020\/12\/23140626\/blog-min.jpg\" \/>\n\t<meta property=\"og:image:width\" content=\"844\" \/>\n\t<meta property=\"og:image:height\" content=\"302\" \/>\n\t<meta property=\"og:image:type\" content=\"image\/jpeg\" \/>\n<meta name=\"twitter:card\" content=\"summary_large_image\" \/>\n<meta name=\"twitter:site\" content=\"@sellerlogic\" \/>\n<meta name=\"twitter:label1\" content=\"Est. reading time\" \/>\n\t<meta name=\"twitter:data1\" content=\"1 minute\" \/>\n<script type=\"application\/ld+json\" class=\"yoast-schema-graph\">{\"@context\":\"https:\/\/schema.org\",\"@graph\":[{\"@type\":\"WebPage\",\"@id\":\"https:\/\/www.sellerlogic.com\/ro\/resources\/download-factsheet-repricer\/\",\"url\":\"https:\/\/www.sellerlogic.com\/ro\/resources\/download-factsheet-repricer\/\",\"name\":\"SELLERLOGIC - Descarc\u0103 fi\u0219a informativ\u0103: SELLERLOGIC Repricer pentru Amazon\",\"isPartOf\":{\"@id\":\"https:\/\/www.sellerlogic.com\/ro\/#website\"},\"primaryImageOfPage\":{\"@id\":\"https:\/\/www.sellerlogic.com\/ro\/resources\/download-factsheet-repricer\/#primaryimage\"},\"image\":{\"@id\":\"https:\/\/www.sellerlogic.com\/ro\/resources\/download-factsheet-repricer\/#primaryimage\"},\"thumbnailUrl\":\"https:\/\/d2bw95mh2ee04s.cloudfront.net\/prod\/content\/wp-content\/uploads\/2020\/12\/23140626\/blog-min.jpg\",\"datePublished\":\"2020-12-09T14:09:30+00:00\",\"description\":\"Scurt \u0219i concis totul despre SELLERLOGIC Repricer pentru Amazon \u2013 Determinarea dinamic\u0103 a pre\u021bului auto-\u00eenv\u0103\u021bat\u0103 pentru a c\u00e2\u0219tiga Buy Box.\",\"breadcrumb\":{\"@id\":\"https:\/\/www.sellerlogic.com\/ro\/resources\/download-factsheet-repricer\/#breadcrumb\"},\"inLanguage\":\"ro-RO\",\"potentialAction\":[{\"@type\":\"ReadAction\",\"target\":[\"https:\/\/www.sellerlogic.com\/ro\/resources\/download-factsheet-repricer\/\"]}]},{\"@type\":\"ImageObject\",\"inLanguage\":\"ro-RO\",\"@id\":\"https:\/\/www.sellerlogic.com\/ro\/resources\/download-factsheet-repricer\/#primaryimage\",\"url\":\"https:\/\/d2bw95mh2ee04s.cloudfront.net\/prod\/content\/wp-content\/uploads\/2020\/12\/23140626\/blog-min.jpg\",\"contentUrl\":\"https:\/\/d2bw95mh2ee04s.cloudfront.net\/prod\/content\/wp-content\/uploads\/2020\/12\/23140626\/blog-min.jpg\",\"width\":844,\"height\":302},{\"@type\":\"BreadcrumbList\",\"@id\":\"https:\/\/www.sellerlogic.com\/ro\/resources\/download-factsheet-repricer\/#breadcrumb\",\"itemListElement\":[{\"@type\":\"ListItem\",\"position\":1,\"name\":\"Home\",\"item\":\"https:\/\/www.sellerlogic.com\/ro\/\"},{\"@type\":\"ListItem\",\"position\":2,\"name\":\"Resurse EN\",\"item\":\"https:\/\/www.sellerlogic.com\/ro\/resources\/\"},{\"@type\":\"ListItem\",\"position\":3,\"name\":\"Descarc\u0103 fi\u0219a informativ\u0103 Repricer\"}]},{\"@type\":\"WebSite\",\"@id\":\"https:\/\/www.sellerlogic.com\/ro\/#website\",\"url\":\"https:\/\/www.sellerlogic.com\/ro\/\",\"name\":\"SELLERLOGIC - Smarte Tools f\u00fcr Amazon-Seller\",\"description\":\"Intelligente Prozessoptimierung und Gewinnmaximierung\",\"publisher\":{\"@id\":\"https:\/\/www.sellerlogic.com\/ro\/#organization\"},\"potentialAction\":[{\"@type\":\"SearchAction\",\"target\":{\"@type\":\"EntryPoint\",\"urlTemplate\":\"https:\/\/www.sellerlogic.com\/ro\/?s={search_term_string}\"},\"query-input\":{\"@type\":\"PropertyValueSpecification\",\"valueRequired\":true,\"valueName\":\"search_term_string\"}}],\"inLanguage\":\"ro-RO\"},{\"@type\":\"Organization\",\"@id\":\"https:\/\/www.sellerlogic.com\/ro\/#organization\",\"name\":\"SELLERLOGIC\",\"url\":\"https:\/\/www.sellerlogic.com\/ro\/\",\"logo\":{\"@type\":\"ImageObject\",\"inLanguage\":\"ro-RO\",\"@id\":\"https:\/\/www.sellerlogic.com\/ro\/#\/schema\/logo\/image\/\",\"url\":\"https:\/\/d2bw95mh2ee04s.cloudfront.net\/prod\/content\/wp-content\/uploads\/2025\/01\/02134814\/Property-Logo-Main.svg\",\"contentUrl\":\"https:\/\/d2bw95mh2ee04s.cloudfront.net\/prod\/content\/wp-content\/uploads\/2025\/01\/02134814\/Property-Logo-Main.svg\",\"width\":184,\"height\":40,\"caption\":\"SELLERLOGIC\"},\"image\":{\"@id\":\"https:\/\/www.sellerlogic.com\/ro\/#\/schema\/logo\/image\/\"},\"sameAs\":[\"https:\/\/www.facebook.com\/SellerLogic\/\",\"https:\/\/x.com\/sellerlogic\",\"https:\/\/www.instagram.com\/sellerlogic\/\",\"https:\/\/www.linkedin.com\/company\/18402037\/\",\"https:\/\/www.youtube.com\/channel\/UC-gULUur-fNj08sprantKsQ\"]}]}<\/script>\n<!-- \/ Yoast SEO plugin. -->","yoast_head_json":{"title":"SELLERLOGIC - Descarc\u0103 fi\u0219a informativ\u0103: SELLERLOGIC Repricer pentru Amazon","description":"Scurt \u0219i concis totul despre SELLERLOGIC Repricer pentru Amazon \u2013 Determinarea dinamic\u0103 a pre\u021bului auto-\u00eenv\u0103\u021bat\u0103 pentru a c\u00e2\u0219tiga Buy Box.","robots":{"index":"index","follow":"follow","max-snippet":"max-snippet:-1","max-image-preview":"max-image-preview:large","max-video-preview":"max-video-preview:-1"},"canonical":"https:\/\/www.sellerlogic.com\/ro\/resources\/download-factsheet-repricer\/","og_locale":"ro_RO","og_type":"article","og_title":"SELLERLOGIC - Descarc\u0103 fi\u0219a informativ\u0103: SELLERLOGIC Repricer pentru Amazon","og_description":"Scurt \u0219i concis totul despre SELLERLOGIC Repricer pentru Amazon \u2013 Determinarea dinamic\u0103 a pre\u021bului auto-\u00eenv\u0103\u021bat\u0103 pentru a c\u00e2\u0219tiga Buy Box.","og_url":"https:\/\/www.sellerlogic.com\/ro\/resources\/download-factsheet-repricer\/","og_site_name":"SELLERLOGIC - Smarte Tools f\u00fcr Amazon-Seller","article_publisher":"https:\/\/www.facebook.com\/SellerLogic\/","og_image":[{"width":844,"height":302,"url":"https:\/\/d2bw95mh2ee04s.cloudfront.net\/prod\/content\/wp-content\/uploads\/2020\/12\/23140626\/blog-min.jpg","type":"image\/jpeg"}],"twitter_card":"summary_large_image","twitter_site":"@sellerlogic","twitter_misc":{"Est. reading time":"1 minute"},"schema":{"@context":"https:\/\/schema.org","@graph":[{"@type":"WebPage","@id":"https:\/\/www.sellerlogic.com\/ro\/resources\/download-factsheet-repricer\/","url":"https:\/\/www.sellerlogic.com\/ro\/resources\/download-factsheet-repricer\/","name":"SELLERLOGIC - Descarc\u0103 fi\u0219a informativ\u0103: SELLERLOGIC Repricer pentru Amazon","isPartOf":{"@id":"https:\/\/www.sellerlogic.com\/ro\/#website"},"primaryImageOfPage":{"@id":"https:\/\/www.sellerlogic.com\/ro\/resources\/download-factsheet-repricer\/#primaryimage"},"image":{"@id":"https:\/\/www.sellerlogic.com\/ro\/resources\/download-factsheet-repricer\/#primaryimage"},"thumbnailUrl":"https:\/\/d2bw95mh2ee04s.cloudfront.net\/prod\/content\/wp-content\/uploads\/2020\/12\/23140626\/blog-min.jpg","datePublished":"2020-12-09T14:09:30+00:00","description":"Scurt \u0219i concis totul despre SELLERLOGIC Repricer pentru Amazon \u2013 Determinarea dinamic\u0103 a pre\u021bului auto-\u00eenv\u0103\u021bat\u0103 pentru a c\u00e2\u0219tiga Buy Box.","breadcrumb":{"@id":"https:\/\/www.sellerlogic.com\/ro\/resources\/download-factsheet-repricer\/#breadcrumb"},"inLanguage":"ro-RO","potentialAction":[{"@type":"ReadAction","target":["https:\/\/www.sellerlogic.com\/ro\/resources\/download-factsheet-repricer\/"]}]},{"@type":"ImageObject","inLanguage":"ro-RO","@id":"https:\/\/www.sellerlogic.com\/ro\/resources\/download-factsheet-repricer\/#primaryimage","url":"https:\/\/d2bw95mh2ee04s.cloudfront.net\/prod\/content\/wp-content\/uploads\/2020\/12\/23140626\/blog-min.jpg","contentUrl":"https:\/\/d2bw95mh2ee04s.cloudfront.net\/prod\/content\/wp-content\/uploads\/2020\/12\/23140626\/blog-min.jpg","width":844,"height":302},{"@type":"BreadcrumbList","@id":"https:\/\/www.sellerlogic.com\/ro\/resources\/download-factsheet-repricer\/#breadcrumb","itemListElement":[{"@type":"ListItem","position":1,"name":"Home","item":"https:\/\/www.sellerlogic.com\/ro\/"},{"@type":"ListItem","position":2,"name":"Resurse EN","item":"https:\/\/www.sellerlogic.com\/ro\/resources\/"},{"@type":"ListItem","position":3,"name":"Descarc\u0103 fi\u0219a informativ\u0103 Repricer"}]},{"@type":"WebSite","@id":"https:\/\/www.sellerlogic.com\/ro\/#website","url":"https:\/\/www.sellerlogic.com\/ro\/","name":"SELLERLOGIC - Smarte Tools f\u00fcr Amazon-Seller","description":"Intelligente Prozessoptimierung und Gewinnmaximierung","publisher":{"@id":"https:\/\/www.sellerlogic.com\/ro\/#organization"},"potentialAction":[{"@type":"SearchAction","target":{"@type":"EntryPoint","urlTemplate":"https:\/\/www.sellerlogic.com\/ro\/?s={search_term_string}"},"query-input":{"@type":"PropertyValueSpecification","valueRequired":true,"valueName":"search_term_string"}}],"inLanguage":"ro-RO"},{"@type":"Organization","@id":"https:\/\/www.sellerlogic.com\/ro\/#organization","name":"SELLERLOGIC","url":"https:\/\/www.sellerlogic.com\/ro\/","logo":{"@type":"ImageObject","inLanguage":"ro-RO","@id":"https:\/\/www.sellerlogic.com\/ro\/#\/schema\/logo\/image\/","url":"https:\/\/d2bw95mh2ee04s.cloudfront.net\/prod\/content\/wp-content\/uploads\/2025\/01\/02134814\/Property-Logo-Main.svg","contentUrl":"https:\/\/d2bw95mh2ee04s.cloudfront.net\/prod\/content\/wp-content\/uploads\/2025\/01\/02134814\/Property-Logo-Main.svg","width":184,"height":40,"caption":"SELLERLOGIC"},"image":{"@id":"https:\/\/www.sellerlogic.com\/ro\/#\/schema\/logo\/image\/"},"sameAs":["https:\/\/www.facebook.com\/SellerLogic\/","https:\/\/x.com\/sellerlogic","https:\/\/www.instagram.com\/sellerlogic\/","https:\/\/www.linkedin.com\/company\/18402037\/","https:\/\/www.youtube.com\/channel\/UC-gULUur-fNj08sprantKsQ"]}]}},"_links":{"self":[{"href":"https:\/\/www.sellerlogic.com\/ro\/wp-json\/wp\/v2\/pages\/226917","targetHints":{"allow":["GET"]}}],"collection":[{"href":"https:\/\/www.sellerlogic.com\/ro\/wp-json\/wp\/v2\/pages"}],"about":[{"href":"https:\/\/www.sellerlogic.com\/ro\/wp-json\/wp\/v2\/types\/page"}],"author":[{"embeddable":true,"href":"https:\/\/www.sellerlogic.com\/ro\/wp-json\/wp\/v2\/users\/8"}],"replies":[{"embeddable":true,"href":"https:\/\/www.sellerlogic.com\/ro\/wp-json\/wp\/v2\/comments?post=226917"}],"version-history":[{"count":0,"href":"https:\/\/www.sellerlogic.com\/ro\/wp-json\/wp\/v2\/pages\/226917\/revisions"}],"up":[{"embeddable":true,"href":"https:\/\/www.sellerlogic.com\/ro\/wp-json\/wp\/v2\/pages\/226941"}],"wp:featuredmedia":[{"embeddable":true,"href":"https:\/\/www.sellerlogic.com\/ro\/wp-json\/wp\/v2\/media\/4489"}],"wp:attachment":[{"href":"https:\/\/www.sellerlogic.com\/ro\/wp-json\/wp\/v2\/media?parent=226917"}],"curies":[{"name":"wp","href":"https:\/\/api.w.org\/{rel}","templated":true}]}}