
{"id":226923,"date":"2020-12-22T10:05:12","date_gmt":"2020-12-22T10:05:12","guid":{"rendered":"https:\/\/127.0.0.1\/resources\/success-story-dadaro\/"},"modified":"2020-12-22T10:05:12","modified_gmt":"2020-12-22T10:05:12","slug":"success-story-dadaro","status":"publish","type":"page","link":"https:\/\/www.sellerlogic.com\/ro\/resources\/success-story-dadaro\/","title":{"rendered":"Poveste de succes: Dadaro EN"},"content":{"rendered":"\n\t<div  class=\"theme-wp-block theme-block-main-header is-style-full-height desktop-align-full xl-align-full lg-align-full md-align-full sm-align-full desktop-content-align-y-center desktop-content-align-x-center xl-content-align-y-center xl-content-align-x-center lg-content-align-y-center lg-content-align-x-center md-content-align-y-center md-content-align-x-center sm-content-align-y-center sm-content-align-x-center gb-responsive-439567-identifier theme-block-cover\">\n\t\t<div class=\"bg-cover theme-lazy-load-bg\"><\/div>\n\t\t<div class=\"wrap-content-main-header\">\n\t\t\t\t\t<div  class=\"theme-wp-block theme-block-text-and-text desktop-align-wide xl-align-wide lg-align-wide md-align-wide sm-align-wide gb-responsive-511761-identifier desktop-blockDirection-column xl-blockDirection-column lg-blockDirection-column md-blockDirection-column sm-blockDirection-column\">\n\t\t<div class=\"tat-column-wrap-wrapper\">\n\t\t\t<div class=\"tat-column-wrapper\">\n\t\t\t\t\t<div  class=\"theme-wp-block theme-block-text-and-text-column gb-responsive-24925-identifier desktop-horizontal-center xl-horizontal-center lg-horizontal-center md-horizontal-center sm-horizontal-center\">\n\t\t<div class=\"inner-wrap-column-content\">\n\t\t\t<div class=\"inner-column-content\">\n\t\t\t\t\t\t<h1  class=\"theme-wp-block theme-block-heading gb-responsive-62496-identifier desktop-text-center xl-text-center lg-text-center md-text-center sm-text-center desktop-gb-has-no-icon xl-gb-has-no-icon lg-gb-has-no-icon md-gb-has-no-icon sm-gb-has-no-icon\">\n\t\tDe ce o pandemie mondial\u0103 nu afecteaz\u0103 Dadaro\t<\/h1>\n\n\t\t\t<\/div>\n\t\t<\/div>\n\t<\/div>\n\t<div  class=\"theme-wp-block theme-block-text-and-text-column gb-responsive-195365-identifier\">\n\t\t<div class=\"inner-wrap-column-content\">\n\t\t\t<div class=\"inner-column-content\">\n\t\t\t\t\t\t\t<\/div>\n\t\t<\/div>\n\t<\/div>\n\t\t\t<\/div>\n\t\t<\/div>\n\t<\/div>\n\n\t\t<\/div>\n\t<\/div>\n\n<div style=\"height:50px\" aria-hidden=\"true\" class=\"theme-wp-block wp-block-spacer\"><\/div><div class=\"theme-wp-block wp-block-columns gb-responsive-586014-identifier is-layout-flex wp-container-core-columns-is-layout-9d6595d7 wp-block-columns-is-layout-flex\"><div class=\"theme-wp-block wp-block-column gb-responsive-33587-identifier is-layout-flow wp-block-column-is-layout-flow\" style=\"flex-basis:25%\"><figure class=\"theme-wp-block wp-block-image size-large is-resized gb-responsive-62921-identifier\"><img decoding=\"async\" src=\"https:\/\/d2bw95mh2ee04s.cloudfront.net\/prod\/content\/wp-content\/uploads\/2020\/12\/23142718\/logo-monde-petit.png\" alt=\"Poveste de succes: Dadaro EN\" class=\"wp-image-5012\" width=\"300\" height=\"264\" srcset=\"https:\/\/d2bw95mh2ee04s.cloudfront.net\/prod\/content\/wp-content\/uploads\/2020\/12\/23142718\/logo-monde-petit-407x358.png 407w, https:\/\/d2bw95mh2ee04s.cloudfront.net\/prod\/content\/wp-content\/uploads\/2020\/12\/23142718\/logo-monde-petit.png 600w\" sizes=\"(max-width: 300px) 100vw, 300px\" \/><\/figure><p class=\"theme-wp-block gb-responsive-263243-identifier\"><strong>Funda\u021bie:<\/strong><br>2004<\/p><p class=\"theme-wp-block gb-responsive-412647-identifier\"><strong>Industrie:<\/strong><br>Bijuterii \u0219i metale pre\u021bioase<\/p><p class=\"theme-wp-block gb-responsive-679138-identifier\"><strong>Produse pe Amazon:<\/strong><br>aprox. 1.600 SKU-uri<\/p><p class=\"theme-wp-block gb-responsive-236096-identifier\"><strong>Expedi\u021bii:<\/strong><br>aprox. 700 pe lun\u0103<\/p><\/div><div class=\"theme-wp-block wp-block-column gb-responsive-980941-identifier is-layout-flow wp-block-column-is-layout-flow\" style=\"flex-basis:50%\"><h3 class=\"theme-wp-block wp-block-heading gb-responsive-34353-identifier\" id=\"block-c06fce04-ef87-4ffc-a3d6-b768ba377d17\">Context:<\/h3><p class=\"theme-wp-block gb-responsive-414178-identifier desktop-gb-has-no-icon xl-gb-has-no-icon lg-gb-has-no-icon md-gb-has-no-icon sm-gb-has-no-icon\">\u00cen 2008, compania de familie \u2013 fondat\u0103 \u00een 2004 \u0219i specializat\u0103 \u00een fabricarea, achizi\u021bia \u0219i v\u00e2nzarea de bijuterii \u2013 a observat cum canalul tradi\u021bional de v\u00e2nzare angro se apropie \u00eencet de sf\u00e2r\u0219it. Din cauza crizei economice \u0219i a cre\u0219terii pre\u021bului aurului, a existat o sc\u0103dere a cererii pentru achizi\u021bia de bijuterii, ceea ce a avut un impact negativ asupra v\u00e2nz\u0103rilor lor. \u00cen acest moment, Luis G\u00f3mez, CEO-ul Dadaro, nu avea nicio \u00eendoial\u0103 c\u0103, pentru a salva afacerea de familie, trebuia s\u0103 fac\u0103 un salt \u00een v\u00e2nz\u0103rile online.<\/p><h3 class=\"theme-wp-block wp-block-heading gb-responsive-846776-identifier desktop-gb-has-no-icon xl-gb-has-no-icon lg-gb-has-no-icon md-gb-has-no-icon sm-gb-has-no-icon\">\u00cenceputuri:<\/h3><p class=\"theme-wp-block gb-responsive-166194-identifier desktop-gb-has-no-icon xl-gb-has-no-icon lg-gb-has-no-icon md-gb-has-no-icon sm-gb-has-no-icon\">Dup\u0103 ce a creat magazinul de comer\u021b electronic de bijuterii MondePetit, Luis a decis s\u0103 devin\u0103 v\u00e2nz\u0103tor pe Amazon \u00een 2015. Pentru Dadaro, magazinul s\u0103u activ pe Amazon \u00een Spania, a recunoscut imediat posibilit\u0103\u021bile pe care Marketplace-ul i le oferea \u00een ceea ce prive\u0219te v\u00e2nzarea produselor sale la nivel interna\u021bional. \u00cen 2017, a \u00eenceput s\u0103 colaboreze cu serviciile Amazon FBA, duc\u00e2nd astfel afacerea de familie la un nivel interna\u021bional, v\u00e2nz\u00e2nd pe pie\u021be precum Italia, Germania, Fran\u021ba \u0219i Regatul Unit.<\/p><p class=\"theme-wp-block gb-responsive-6809-identifier\">\u201eFolosirea serviciilor FBA de la Amazon \u0219i a logisticii multi-canal prin intermediul site-ului nostru a avut un impact uria\u0219 asupra afacerii noastre\u201d, confirm\u0103 Luis. \u201eDin punct de vedere al serviciului pentru clien\u021bi, ne-a ajutat foarte mult, deoarece Amazon se ocup\u0103 direct de solicit\u0103rile clien\u021bilor. Cu toate acestea, pe de alt\u0103 parte, eram con\u0219tient c\u0103 \u2013 av\u00e2nd \u00een vedere volumul de tranzac\u021bii pe care le gestion\u0103m \u2013 existau m\u0103rfuri care s-ar putea pierde \u00een centrele lor logistice\u201d.<\/p><h3 class=\"theme-wp-block wp-block-heading gb-responsive-826598-identifier\">Solu\u021bie:<\/h3><p class=\"theme-wp-block gb-responsive-981559-identifier desktop-gb-has-no-icon xl-gb-has-no-icon lg-gb-has-no-icon md-gb-has-no-icon sm-gb-has-no-icon\">\u00cen timpul m\u0103surilor severe de lockdown din Spania, Luis a fost atent la ofertele care ap\u0103reau \u00een inboxul s\u0103u. A\u0219a a dat peste un email pe care l-a primit de la VGAMZ, prima agen\u021bie de consultan\u021b\u0103 pentru marketplace-uri din Spania, specializat\u0103 \u00een Amazon: \u201eEmailul mi-a atras aten\u021bia \u0219i, av\u00e2nd \u00een vedere c\u0103 aveam ceva timp liber, am decis s\u0103 ascult podcastul VGAMZ. A\u0219a am descoperit \u0219i canalul lor de Youtube, unde am vizionat tutoriale video despre instrumentul Lost &#038; Found, \u0219i aici am descoperit SELLERLOGIC!\u201d explic\u0103 Luis. \u201eImediat mi-am spus c\u0103 acesta este exact ceea ce am nevoie acum. L-am notat \u0219i, \u00een c\u00e2teva zile, \u00eemi creasem contul la SELLERLOGIC.\u201d<\/p><div class=\"theme-block-group-wrap\"><div class=\"theme-wp-block wp-block-group gb-responsive-88118-identifier\">\t\t<div  class=\"theme-wp-block theme-block-user-card gb-responsive-799176-identifier is-style-full-width-line\">\n\t\t<div class=\"wrap-inner-content\">\n\t\t\t<div class=\"card-user-head\">\n\t\t\t\t<div class=\"card-user-avatar\">\n\t\t\t\t\t<div class=\"cover-avatar\" style=\"background-image: url(https:\/\/d2bw95mh2ee04s.cloudfront.net\/prod\/content\/wp-content\/uploads\/2020\/12\/23142718\/luis-gomez_raute.png);\"><\/div>\n\t\t\t\t<\/div>\n\t\t\t\t<div class=\"wrap-title\">\n\t\t\t\t\t<div class=\"card-user-name\">\n\t\t\t\t\t\t<div class=\"title\">\n\t\t\t\t\t\t\t<h3 class=\"heading-text\"><strong>Luis G\u00f3mez<\/strong><\/h3>\n\t\t\t\t\t\t<\/div>\n\t\t\t\t\t\t<div class=\"card-user-position\">\n\t\t\t\t\t\t\t<div class=\"card-text\"><strong>CEO la Dadaro<\/strong><\/div>\n\t\t\t\t\t\t<\/div>\n\t\t\t\t\t<\/div>\n\t\t\t\t\t<div class=\"card-user-quote-icon\">\n\t\t\t\t\t<\/div>\n\t\t\t\t<\/div>\n\t\t\t<\/div>\n\t\t\t<div class=\"card-user-text\">\n\t\t\t\t<div class=\"card-text\"><p>\u201eCompaniile nu au nimic de pierdut folosind acest instrument, \u00eel recomand tuturor tipurilor de v\u00e2nz\u0103tori Amazon.\u201c<\/p><p><\/p><\/div>\n\t\t\t<\/div>\n\t\t<\/div>\n\t<\/div>\n\n<\/div><\/div><h3 class=\"theme-wp-block wp-block-heading gb-responsive-727373-identifier desktop-gb-has-no-icon xl-gb-has-no-icon lg-gb-has-no-icon md-gb-has-no-icon sm-gb-has-no-icon\">Rezultate de succes cu SELLERLOGIC:<\/h3><p class=\"theme-wp-block gb-responsive-306957-identifier\">Totul a fost rapid \u0219i u\u0219or de la \u00eenceput, f\u0103r\u0103 a fi nevoie s\u0103 solicit ajutor din partea echipei de asisten\u021b\u0103 pentru clien\u021bi SELLERLOGIC, spune Luis. \u201eProcesul de \u00eenregistrare a fost simplu, iar implementarea instrumentului este foarte u\u0219oar\u0103. \u00centr-o perioad\u0103 foarte scurt\u0103 de timp, au \u00eenceput s\u0103 apar\u0103 primele cazuri de rambursare. Nu-mi venea s\u0103 cred c\u00e2nd am v\u0103zut c\u0103 erau 117 cazuri.\u201d<\/p><p class=\"theme-wp-block gb-responsive-412864-identifier\">\u201eFaptul c\u0103 am automatizat \u00eentregul proces de urm\u0103rire \u0219i raportare a tranzac\u021biilor FBA mi-a fost de mare ajutor, mai ales \u00een vremurile \u00een care tr\u0103im acum. Copierea \u0219i lipirea informa\u021biilor pentru a raporta cazurile mele de revendicare c\u0103tre Amazon nu a fost niciodat\u0103 at\u00e2t de u\u0219oar\u0103!\u201d<\/p><p class=\"theme-wp-block gb-responsive-741970-identifier\">\u201eF\u0103r\u0103 SELLERLOGIC nu a\u0219 fi putut primi aceast\u0103 rambursare de 3886,91 \u20ac. \u00cen acest moment, din cauza situa\u021biei actuale, cu volumul de munc\u0103 \u0219i toate schimb\u0103rile care au loc constant la Amazon, ar fi fost imposibil pentru mine s\u0103 m\u0103 ocup de aceast\u0103 problem\u0103\u201d, explic\u0103 Luis. \u201e\u00cen aceste vremuri de Coronavirus, SELLERLOGIC a fost un adev\u0103rat cadou, sper s\u0103 pot continua s\u0103-l folosesc mult timp de acum \u00eenainte.\u201d<\/p><div class=\"theme-wp-block wp-block-buttons gb-responsive-497426-identifier is-layout-flex wp-block-buttons-is-layout-flex\"><div class=\"theme-wp-block wp-block-button gb-responsive-38220-identifier is-style-theme-transparent-with-arrow\"><a class=\"wp-block-button__link wp-element-button\" href=\"https:\/\/d2bw95mh2ee04s.cloudfront.net\/prod\/content\/files\/SUCCESS-STORIES\/EN\/SELLERLOGIC_SN_Success-Story_Dadaro_EN.pdf\" target=\"_blank\" rel=\"noreferrer noopener nofollow\">Descarc\u0103 acum!<\/a><\/div><\/div><\/div><div class=\"theme-wp-block wp-block-column gb-responsive-405774-identifier is-layout-flow wp-block-column-is-layout-flow\" style=\"flex-basis:25%\"><\/div><\/div><p class=\"theme-wp-block gb-responsive-527070-identifier\"><\/p>","protected":false},"excerpt":{"rendered":"<p>Funda\u021bie:2004 Industrie:Bijuterii \u0219i metale pre\u021bioase Produse pe Amazon:aprox. 1.600 SKU-uri Expedi\u021bii:aprox. 700 pe lun\u0103 Context: \u00cen 2008, compania de familie \u2013 fondat\u0103 \u00een 2004 \u0219i specializat\u0103 \u00een fabricarea, achizi\u021bia \u0219i v\u00e2nzarea de bijuterii \u2013 a observat cum canalul tradi\u021bional de v\u00e2nzare angro se apropie \u00eencet de sf\u00e2r\u0219it. Din cauza crizei economice \u0219i a cre\u0219terii pre\u021bului<\/p>\n","protected":false},"author":3,"featured_media":0,"parent":226941,"menu_order":0,"comment_status":"closed","ping_status":"closed","template":"","meta":{"sidebar_recommended_resources":{"data":[]},"sidebar_header_settings":{"hide_buttons":{"register":false}},"_use_new_theme":false,"inline_featured_image":false,"footnotes":""},"class_list":["post-226923","page","type-page","status-publish","hentry"],"yoast_head":"<!-- This site is optimized with the Yoast SEO plugin v26.8 - https:\/\/yoast.com\/product\/yoast-seo-wordpress\/ -->\n<title>Cum Lost &amp; Found a ajutat Dadaro \u00een timpul crizei Corona | SELLERLOGIC<\/title>\n<meta name=\"description\" content=\"Pentru mul\u021bi comercian\u021bi, 2020 a fost un an dificil. Afl\u0103 cum Dadaro a folosit instrumentul Lost &amp; Found pentru a gestiona criza. Cite\u0219te acum!\" \/>\n<meta name=\"robots\" content=\"index, follow, max-snippet:-1, max-image-preview:large, max-video-preview:-1\" \/>\n<link rel=\"canonical\" href=\"https:\/\/www.sellerlogic.com\/ro\/resources\/success-story-dadaro\/\" \/>\n<meta property=\"og:locale\" content=\"ro_RO\" \/>\n<meta property=\"og:type\" content=\"article\" \/>\n<meta property=\"og:title\" content=\"Cum Lost &amp; Found a ajutat Dadaro \u00een timpul crizei Corona | SELLERLOGIC\" \/>\n<meta property=\"og:description\" content=\"Pentru mul\u021bi comercian\u021bi, 2020 a fost un an dificil. Afl\u0103 cum Dadaro a folosit instrumentul Lost &amp; Found pentru a gestiona criza. Cite\u0219te acum!\" \/>\n<meta property=\"og:url\" content=\"https:\/\/www.sellerlogic.com\/ro\/resources\/success-story-dadaro\/\" \/>\n<meta property=\"og:site_name\" content=\"SELLERLOGIC - Smarte Tools f\u00fcr Amazon-Seller\" \/>\n<meta property=\"article:publisher\" content=\"https:\/\/www.facebook.com\/SellerLogic\/\" \/>\n<meta property=\"og:image\" content=\"https:\/\/www.sellerlogic.com\/wp-content\/uploads\/2020\/12\/logo-monde-petit.png\" \/>\n<meta name=\"twitter:card\" content=\"summary_large_image\" \/>\n<meta name=\"twitter:site\" content=\"@sellerlogic\" \/>\n<meta name=\"twitter:label1\" content=\"Est. reading time\" \/>\n\t<meta name=\"twitter:data1\" content=\"3 minutes\" \/>\n<script type=\"application\/ld+json\" class=\"yoast-schema-graph\">{\"@context\":\"https:\/\/schema.org\",\"@graph\":[{\"@type\":\"WebPage\",\"@id\":\"https:\/\/www.sellerlogic.com\/ro\/resources\/success-story-dadaro\/\",\"url\":\"https:\/\/www.sellerlogic.com\/ro\/resources\/success-story-dadaro\/\",\"name\":\"Cum Lost & Found a ajutat Dadaro \u00een timpul crizei Corona | SELLERLOGIC\",\"isPartOf\":{\"@id\":\"https:\/\/www.sellerlogic.com\/ro\/#website\"},\"primaryImageOfPage\":{\"@id\":\"https:\/\/www.sellerlogic.com\/ro\/resources\/success-story-dadaro\/#primaryimage\"},\"image\":{\"@id\":\"https:\/\/www.sellerlogic.com\/ro\/resources\/success-story-dadaro\/#primaryimage\"},\"thumbnailUrl\":\"https:\/\/www.sellerlogic.com\/wp-content\/uploads\/2020\/12\/logo-monde-petit.png\",\"datePublished\":\"2020-12-22T10:05:12+00:00\",\"description\":\"Pentru mul\u021bi comercian\u021bi, 2020 a fost un an dificil. Afl\u0103 cum Dadaro a folosit instrumentul Lost & Found pentru a gestiona criza. Cite\u0219te acum!\",\"breadcrumb\":{\"@id\":\"https:\/\/www.sellerlogic.com\/ro\/resources\/success-story-dadaro\/#breadcrumb\"},\"inLanguage\":\"ro-RO\",\"potentialAction\":[{\"@type\":\"ReadAction\",\"target\":[\"https:\/\/www.sellerlogic.com\/ro\/resources\/success-story-dadaro\/\"]}]},{\"@type\":\"ImageObject\",\"inLanguage\":\"ro-RO\",\"@id\":\"https:\/\/www.sellerlogic.com\/ro\/resources\/success-story-dadaro\/#primaryimage\",\"url\":\"https:\/\/www.sellerlogic.com\/wp-content\/uploads\/2020\/12\/logo-monde-petit.png\",\"contentUrl\":\"https:\/\/www.sellerlogic.com\/wp-content\/uploads\/2020\/12\/logo-monde-petit.png\"},{\"@type\":\"BreadcrumbList\",\"@id\":\"https:\/\/www.sellerlogic.com\/ro\/resources\/success-story-dadaro\/#breadcrumb\",\"itemListElement\":[{\"@type\":\"ListItem\",\"position\":1,\"name\":\"Home\",\"item\":\"https:\/\/www.sellerlogic.com\/ro\/\"},{\"@type\":\"ListItem\",\"position\":2,\"name\":\"Resurse EN\",\"item\":\"https:\/\/127.0.0.1\/de\/ressourcen\/\"},{\"@type\":\"ListItem\",\"position\":3,\"name\":\"Poveste de succes: Dadaro EN\"}]},{\"@type\":\"WebSite\",\"@id\":\"https:\/\/www.sellerlogic.com\/ro\/#website\",\"url\":\"https:\/\/www.sellerlogic.com\/ro\/\",\"name\":\"SELLERLOGIC - Smarte Tools f\u00fcr Amazon-Seller\",\"description\":\"Intelligente Prozessoptimierung und Gewinnmaximierung\",\"publisher\":{\"@id\":\"https:\/\/www.sellerlogic.com\/ro\/#organization\"},\"potentialAction\":[{\"@type\":\"SearchAction\",\"target\":{\"@type\":\"EntryPoint\",\"urlTemplate\":\"https:\/\/www.sellerlogic.com\/ro\/?s={search_term_string}\"},\"query-input\":{\"@type\":\"PropertyValueSpecification\",\"valueRequired\":true,\"valueName\":\"search_term_string\"}}],\"inLanguage\":\"ro-RO\"},{\"@type\":\"Organization\",\"@id\":\"https:\/\/www.sellerlogic.com\/ro\/#organization\",\"name\":\"SELLERLOGIC\",\"url\":\"https:\/\/www.sellerlogic.com\/ro\/\",\"logo\":{\"@type\":\"ImageObject\",\"inLanguage\":\"ro-RO\",\"@id\":\"https:\/\/www.sellerlogic.com\/ro\/#\/schema\/logo\/image\/\",\"url\":\"https:\/\/d2bw95mh2ee04s.cloudfront.net\/prod\/content\/wp-content\/uploads\/2025\/01\/02134814\/Property-Logo-Main.svg\",\"contentUrl\":\"https:\/\/d2bw95mh2ee04s.cloudfront.net\/prod\/content\/wp-content\/uploads\/2025\/01\/02134814\/Property-Logo-Main.svg\",\"width\":184,\"height\":40,\"caption\":\"SELLERLOGIC\"},\"image\":{\"@id\":\"https:\/\/www.sellerlogic.com\/ro\/#\/schema\/logo\/image\/\"},\"sameAs\":[\"https:\/\/www.facebook.com\/SellerLogic\/\",\"https:\/\/x.com\/sellerlogic\",\"https:\/\/www.instagram.com\/sellerlogic\/\",\"https:\/\/www.linkedin.com\/company\/18402037\/\",\"https:\/\/www.youtube.com\/channel\/UC-gULUur-fNj08sprantKsQ\"]}]}<\/script>\n<!-- \/ Yoast SEO plugin. -->","yoast_head_json":{"title":"Cum Lost & Found a ajutat Dadaro \u00een timpul crizei Corona | SELLERLOGIC","description":"Pentru mul\u021bi comercian\u021bi, 2020 a fost un an dificil. Afl\u0103 cum Dadaro a folosit instrumentul Lost & Found pentru a gestiona criza. Cite\u0219te acum!","robots":{"index":"index","follow":"follow","max-snippet":"max-snippet:-1","max-image-preview":"max-image-preview:large","max-video-preview":"max-video-preview:-1"},"canonical":"https:\/\/www.sellerlogic.com\/ro\/resources\/success-story-dadaro\/","og_locale":"ro_RO","og_type":"article","og_title":"Cum Lost & Found a ajutat Dadaro \u00een timpul crizei Corona | SELLERLOGIC","og_description":"Pentru mul\u021bi comercian\u021bi, 2020 a fost un an dificil. Afl\u0103 cum Dadaro a folosit instrumentul Lost & Found pentru a gestiona criza. Cite\u0219te acum!","og_url":"https:\/\/www.sellerlogic.com\/ro\/resources\/success-story-dadaro\/","og_site_name":"SELLERLOGIC - Smarte Tools f\u00fcr Amazon-Seller","article_publisher":"https:\/\/www.facebook.com\/SellerLogic\/","og_image":[{"url":"https:\/\/www.sellerlogic.com\/wp-content\/uploads\/2020\/12\/logo-monde-petit.png","type":"","width":"","height":""}],"twitter_card":"summary_large_image","twitter_site":"@sellerlogic","twitter_misc":{"Est. reading time":"3 minutes"},"schema":{"@context":"https:\/\/schema.org","@graph":[{"@type":"WebPage","@id":"https:\/\/www.sellerlogic.com\/ro\/resources\/success-story-dadaro\/","url":"https:\/\/www.sellerlogic.com\/ro\/resources\/success-story-dadaro\/","name":"Cum Lost & Found a ajutat Dadaro \u00een timpul crizei Corona | SELLERLOGIC","isPartOf":{"@id":"https:\/\/www.sellerlogic.com\/ro\/#website"},"primaryImageOfPage":{"@id":"https:\/\/www.sellerlogic.com\/ro\/resources\/success-story-dadaro\/#primaryimage"},"image":{"@id":"https:\/\/www.sellerlogic.com\/ro\/resources\/success-story-dadaro\/#primaryimage"},"thumbnailUrl":"https:\/\/www.sellerlogic.com\/wp-content\/uploads\/2020\/12\/logo-monde-petit.png","datePublished":"2020-12-22T10:05:12+00:00","description":"Pentru mul\u021bi comercian\u021bi, 2020 a fost un an dificil. Afl\u0103 cum Dadaro a folosit instrumentul Lost & Found pentru a gestiona criza. Cite\u0219te acum!","breadcrumb":{"@id":"https:\/\/www.sellerlogic.com\/ro\/resources\/success-story-dadaro\/#breadcrumb"},"inLanguage":"ro-RO","potentialAction":[{"@type":"ReadAction","target":["https:\/\/www.sellerlogic.com\/ro\/resources\/success-story-dadaro\/"]}]},{"@type":"ImageObject","inLanguage":"ro-RO","@id":"https:\/\/www.sellerlogic.com\/ro\/resources\/success-story-dadaro\/#primaryimage","url":"https:\/\/www.sellerlogic.com\/wp-content\/uploads\/2020\/12\/logo-monde-petit.png","contentUrl":"https:\/\/www.sellerlogic.com\/wp-content\/uploads\/2020\/12\/logo-monde-petit.png"},{"@type":"BreadcrumbList","@id":"https:\/\/www.sellerlogic.com\/ro\/resources\/success-story-dadaro\/#breadcrumb","itemListElement":[{"@type":"ListItem","position":1,"name":"Home","item":"https:\/\/www.sellerlogic.com\/ro\/"},{"@type":"ListItem","position":2,"name":"Resurse EN","item":"https:\/\/127.0.0.1\/de\/ressourcen\/"},{"@type":"ListItem","position":3,"name":"Poveste de succes: Dadaro EN"}]},{"@type":"WebSite","@id":"https:\/\/www.sellerlogic.com\/ro\/#website","url":"https:\/\/www.sellerlogic.com\/ro\/","name":"SELLERLOGIC - Smarte Tools f\u00fcr Amazon-Seller","description":"Intelligente Prozessoptimierung und Gewinnmaximierung","publisher":{"@id":"https:\/\/www.sellerlogic.com\/ro\/#organization"},"potentialAction":[{"@type":"SearchAction","target":{"@type":"EntryPoint","urlTemplate":"https:\/\/www.sellerlogic.com\/ro\/?s={search_term_string}"},"query-input":{"@type":"PropertyValueSpecification","valueRequired":true,"valueName":"search_term_string"}}],"inLanguage":"ro-RO"},{"@type":"Organization","@id":"https:\/\/www.sellerlogic.com\/ro\/#organization","name":"SELLERLOGIC","url":"https:\/\/www.sellerlogic.com\/ro\/","logo":{"@type":"ImageObject","inLanguage":"ro-RO","@id":"https:\/\/www.sellerlogic.com\/ro\/#\/schema\/logo\/image\/","url":"https:\/\/d2bw95mh2ee04s.cloudfront.net\/prod\/content\/wp-content\/uploads\/2025\/01\/02134814\/Property-Logo-Main.svg","contentUrl":"https:\/\/d2bw95mh2ee04s.cloudfront.net\/prod\/content\/wp-content\/uploads\/2025\/01\/02134814\/Property-Logo-Main.svg","width":184,"height":40,"caption":"SELLERLOGIC"},"image":{"@id":"https:\/\/www.sellerlogic.com\/ro\/#\/schema\/logo\/image\/"},"sameAs":["https:\/\/www.facebook.com\/SellerLogic\/","https:\/\/x.com\/sellerlogic","https:\/\/www.instagram.com\/sellerlogic\/","https:\/\/www.linkedin.com\/company\/18402037\/","https:\/\/www.youtube.com\/channel\/UC-gULUur-fNj08sprantKsQ"]}]}},"_links":{"self":[{"href":"https:\/\/www.sellerlogic.com\/ro\/wp-json\/wp\/v2\/pages\/226923","targetHints":{"allow":["GET"]}}],"collection":[{"href":"https:\/\/www.sellerlogic.com\/ro\/wp-json\/wp\/v2\/pages"}],"about":[{"href":"https:\/\/www.sellerlogic.com\/ro\/wp-json\/wp\/v2\/types\/page"}],"author":[{"embeddable":true,"href":"https:\/\/www.sellerlogic.com\/ro\/wp-json\/wp\/v2\/users\/3"}],"replies":[{"embeddable":true,"href":"https:\/\/www.sellerlogic.com\/ro\/wp-json\/wp\/v2\/comments?post=226923"}],"version-history":[{"count":0,"href":"https:\/\/www.sellerlogic.com\/ro\/wp-json\/wp\/v2\/pages\/226923\/revisions"}],"up":[{"embeddable":true,"href":"https:\/\/www.sellerlogic.com\/ro\/wp-json\/wp\/v2\/pages\/226941"}],"wp:attachment":[{"href":"https:\/\/www.sellerlogic.com\/ro\/wp-json\/wp\/v2\/media?parent=226923"}],"curies":[{"name":"wp","href":"https:\/\/api.w.org\/{rel}","templated":true}]}}