
{"id":227028,"date":"2020-12-21T22:08:33","date_gmt":"2020-12-21T22:08:33","guid":{"rendered":"https:\/\/127.0.0.1\/resources\/success-story-fj-trading\/"},"modified":"2020-12-21T22:08:33","modified_gmt":"2020-12-21T22:08:33","slug":"success-story-fj-trading","status":"publish","type":"page","link":"https:\/\/www.sellerlogic.com\/ro\/resources\/success-story-fj-trading\/","title":{"rendered":"Poveste de succes: FJ Trading EN"},"content":{"rendered":"\n\t<div  class=\"theme-wp-block theme-block-main-header is-style-full-height desktop-content-align-y-center desktop-content-align-x-center xl-content-align-y-center xl-content-align-x-center lg-content-align-y-center lg-content-align-x-center md-content-align-y-center md-content-align-x-center sm-content-align-y-center sm-content-align-x-center gb-responsive-853195-identifier desktop-align-full xl-align-full lg-align-full md-align-full sm-align-full theme-block-cover\">\n\t\t<div class=\"bg-cover theme-lazy-load-bg\"><\/div>\n\t\t<div class=\"wrap-content-main-header\">\n\t\t\t\t\t<div  class=\"theme-wp-block theme-block-text-and-text gb-responsive-170032-identifier desktop-vertical-center xl-vertical-center lg-vertical-center md-vertical-center sm-vertical-center md-blockDirection-column sm-blockDirection-column desktop-blockDirection-column xl-blockDirection-column lg-blockDirection-column alignfull\">\n\t\t<div class=\"tat-column-wrap-wrapper\">\n\t\t\t<div class=\"tat-column-wrapper\">\n\t\t\t\t\t<div  class=\"theme-wp-block theme-block-text-and-text-column gb-responsive-644092-identifier md-horizontal-center desktop-horizontal-right sm-horizontal-center xl-horizontal-center lg-horizontal-center\">\n\t\t<div class=\"inner-wrap-column-content\">\n\t\t\t<div class=\"inner-column-content\">\n\t\t\t\t\t\t<h1  class=\"theme-wp-block theme-block-heading gb-responsive-482560-identifier desktop-text-center xl-text-center lg-text-center md-text-center sm-text-center h1\">\n\t\tMai mult Buy Box, mai mult venit!\t<\/h1>\n\n\t\t<h2  class=\"theme-wp-block theme-block-heading gb-responsive-539815-identifier desktop-text-center xl-text-center lg-text-center md-text-center sm-text-center desktop-gb-has-no-icon xl-gb-has-no-icon lg-gb-has-no-icon md-gb-has-no-icon sm-gb-has-no-icon h1\">\n\t\tCum FJ Trading cre\u0219te procentajul Buy Box \u0219i venitul cu SELLERLOGIC!\t<\/h2>\n\n\t\t\t<\/div>\n\t\t<\/div>\n\t<\/div>\n\t<div  class=\"theme-wp-block theme-block-text-and-text-column gb-responsive-840598-identifier desktop-horizontal-center xl-horizontal-center lg-horizontal-center md-horizontal-center sm-horizontal-center\">\n\t\t<div class=\"inner-wrap-column-content\">\n\t\t\t<div class=\"inner-column-content\">\n\t\t\t\t\t\t\t<\/div>\n\t\t<\/div>\n\t<\/div>\n\t\t\t<\/div>\n\t\t<\/div>\n\t<\/div>\n\n\t\t<\/div>\n\t<\/div>\n\n<div style=\"height:50px\" aria-hidden=\"true\" class=\"theme-wp-block wp-block-spacer\"><\/div><div class=\"theme-wp-block wp-block-columns gb-responsive-492868-identifier is-layout-flex wp-container-core-columns-is-layout-9d6595d7 wp-block-columns-is-layout-flex\"><div class=\"theme-wp-block wp-block-column gb-responsive-633979-identifier is-layout-flow wp-block-column-is-layout-flow\" style=\"flex-basis:25%\"><figure class=\"theme-wp-block wp-block-image size-large is-resized gb-responsive-62921-identifier\"><img decoding=\"async\" src=\"https:\/\/d2bw95mh2ee04s.cloudfront.net\/prod\/content\/wp-content\/uploads\/2020\/12\/23142716\/fj-trading-logo.jpg\" alt=\"Poveste de succes: FJ Trading EN\" class=\"wp-image-5127\" width=\"300\" height=\"167\"><\/figure><p class=\"theme-wp-block gb-responsive-312552-identifier\"><strong><strong>Fundare<\/strong>:<\/strong><br>2013<\/p><p class=\"theme-wp-block gb-responsive-353708-identifier\"><strong><strong>Industrie<\/strong>:<\/strong><br>\u00cenc\u0103l\u021b\u0103minte<\/p><p class=\"theme-wp-block gb-responsive-741269-identifier\"><strong><strong>Produse pe Amazon:\u00a0<\/strong><\/strong><br>aprox. 100.000 SKU-uri<\/p><p class=\"theme-wp-block gb-responsive-218030-identifier\"><strong><strong>Expedi\u021bii<\/strong>:\u00a0<\/strong><br>aprox. 50.000 pe lun\u0103<\/p><\/div><div class=\"theme-wp-block wp-block-column gb-responsive-243785-identifier is-layout-flow wp-block-column-is-layout-flow\" style=\"flex-basis:50%\"><h3 class=\"theme-wp-block wp-block-heading gb-responsive-34353-identifier\" id=\"block-c06fce04-ef87-4ffc-a3d6-b768ba377d17\">Context:<\/h3><p class=\"theme-wp-block gb-responsive-710769-identifier desktop-gb-has-no-icon xl-gb-has-no-icon lg-gb-has-no-icon md-gb-has-no-icon sm-gb-has-no-icon\">Frank Jemetz vinde activ \u00een lumea pie\u021belor online din 2004. La \u00eenceput, acest lucru s-a f\u0103cut \u00een principal prin eBay, dar acum s-a mutat pe Amazon. &#8220;Am experimentat cu multe produse,&#8221; spune ast\u0103zi CEO-ul. &#8220;De la b\u0103rci gonflabile la spumante de lapte.&#8221; Frank a decis apoi s\u0103 adauge adida\u0219i Adidas \u00een portofoliul s\u0103u. &#8220;\u0218i cumva asta a prins foarte bine.&#8221; Ast\u0103zi, FJ Trading vinde \u00een principal \u00eenc\u0103l\u021b\u0103minte prin pie\u021bele online \u0219i o face cu un succes \u00een continu\u0103 cre\u0219tere.<\/p><h3 class=\"theme-wp-block wp-block-heading gb-responsive-182281-identifier desktop-gb-has-no-icon xl-gb-has-no-icon lg-gb-has-no-icon md-gb-has-no-icon sm-gb-has-no-icon\">\u00cencep\u00e2nd:<\/h3><p class=\"theme-wp-block gb-responsive-318425-identifier desktop-gb-has-no-icon xl-gb-has-no-icon lg-gb-has-no-icon md-gb-has-no-icon sm-gb-has-no-icon\">Conform lui Frank, FJ Trading nu ar exista ast\u0103zi f\u0103r\u0103 Amazon \u0219i num\u0103rul imposibil de mare de cump\u0103r\u0103tori care viziteaz\u0103 pia\u021ba online \u00een fiecare lun\u0103. &#8220;Dar presiunea competitiv\u0103 \u00een retail este deosebit de acerb\u0103. Nu este neobi\u0219nuit ca pre\u021burile s\u0103 scad\u0103 sub pre\u021bul de achizi\u021bie.&#8221;<\/p><p class=\"theme-wp-block gb-responsive-730648-identifier desktop-gb-has-no-icon xl-gb-has-no-icon lg-gb-has-no-icon md-gb-has-no-icon sm-gb-has-no-icon\">Cu toate acestea, a face o afacere \u00een care compania pierde bani este exclus\u0103 pentru Frank. &#8220;\u00cen acela\u0219i timp, \u0219tiam c\u0103 trebuie s\u0103 r\u0103m\u00e2nem pe Amazon, av\u00e2nd \u00een vedere c\u0103 era \u2013 \u0219i este \u00een continuare \u2013 cea mai important\u0103 platform\u0103 de v\u00e2nz\u0103ri pentru noi.&#8221; Era clar c\u0103 era nevoie de o strategie diferit\u0103. &#8220;Nu po\u021bi s\u0103 te men\u021bii pe termen lung dac\u0103 prioritizezi constant \u00eencheierea afacerii \u00een detrimentul ob\u021binerii unei marje bune.&#8221; FJ Trading avea nevoie de o modalitate de a-\u0219i optimiza pre\u021burile dinamic \u0219i ca r\u0103spuns direct la competi\u021bia lor. Cu aproximativ 100.000 SKU-uri, \u00eens\u0103, a devenit rapid clar c\u0103 procesarea manual\u0103 nu mai era o op\u021biune. \u00cen acest moment, era necesar un instrument automatizat.<\/p><h3 class=\"theme-wp-block wp-block-heading gb-responsive-115756-identifier\">Solu\u021bie:<\/h3><p class=\"theme-wp-block gb-responsive-49178-identifier desktop-gb-has-no-icon xl-gb-has-no-icon lg-gb-has-no-icon md-gb-has-no-icon sm-gb-has-no-icon\">&#8220;Nu po\u021bi face nimic f\u0103r\u0103 un instrument de reajustare a pre\u021burilor,&#8221; declar\u0103 Frank. &#8220;De c\u00e2nd folosim SELLERLOGIC Repricer, cota Buy Box a produselor noastre a crescut semnificativ.&#8221; \u00cen special, integrarea strategiei Buy Box a fost un factor important \u00een decizia FJ Trading: &#8220;Am lucrat anterior cu un alt furnizor, dar instrumentul nu optimiza specific pentru Buy Box.&#8221; Chiar \u0219i un reajustor programat nu a ob\u021binut rezultatele dorite deoarece efortul necesar era prea mare.<\/p><div class=\"theme-block-group-wrap\"><div class=\"theme-wp-block wp-block-group gb-responsive-88118-identifier\">\t\t<div  class=\"theme-wp-block theme-block-user-card gb-responsive-799176-identifier is-style-full-width-line desktop-gb-has-no-icon xl-gb-has-no-icon lg-gb-has-no-icon md-gb-has-no-icon sm-gb-has-no-icon\">\n\t\t<div class=\"wrap-inner-content\">\n\t\t\t<div class=\"card-user-head\">\n\t\t\t\t<div class=\"card-user-avatar\">\n\t\t\t\t\t<div class=\"cover-avatar\" style=\"background-image: url(https:\/\/d2bw95mh2ee04s.cloudfront.net\/prod\/content\/wp-content\/uploads\/2020\/12\/23142717\/frank-jemetz.png);\"><\/div>\n\t\t\t\t<\/div>\n\t\t\t\t<div class=\"wrap-title\">\n\t\t\t\t\t<div class=\"card-user-name\">\n\t\t\t\t\t\t<div class=\"title\">\n\t\t\t\t\t\t\t<h3 class=\"heading-text\"><strong>Frank Jemetz<\/strong><\/h3>\n\t\t\t\t\t\t<\/div>\n\t\t\t\t\t\t<div class=\"card-user-position\">\n\t\t\t\t\t\t\t<div class=\"card-text\"><strong>CEO FJ Trading<\/strong><\/div>\n\t\t\t\t\t\t<\/div>\n\t\t\t\t\t<\/div>\n\t\t\t\t\t<div class=\"card-user-quote-icon\">\n\t\t\t\t\t<\/div>\n\t\t\t\t<\/div>\n\t\t\t<\/div>\n\t\t\t<div class=\"card-user-text\">\n\t\t\t\t<div class=\"card-text\"><p>Strategia Buy Box, care necesit\u0103 un efort manual minim, rata sc\u0103zut\u0103 de eroare \u0219i faptul c\u0103 Repricer func\u021bioneaz\u0103 excelent, vorbe\u0219te \u00een favoarea produselor SELLERLOGIC!<\/p><\/div>\n\t\t\t<\/div>\n\t\t<\/div>\n\t<\/div>\n\n<\/div><\/div><h3 class=\"theme-wp-block wp-block-heading gb-responsive-595368-identifier desktop-gb-has-no-icon xl-gb-has-no-icon lg-gb-has-no-icon md-gb-has-no-icon sm-gb-has-no-icon\">Rezultate de succes cu SELLERLOGIC:<\/h3><p class=\"theme-wp-block gb-responsive-439964-identifier desktop-gb-has-no-icon xl-gb-has-no-icon lg-gb-has-no-icon md-gb-has-no-icon sm-gb-has-no-icon\">SELLERLOGIC&#8217;s Repricer func\u021bioneaz\u0103 diferit: &#8220;Odat\u0103 ce am definit regulile, nu trebuie s\u0103 m\u0103 mai \u00eengrijorez de nimic dup\u0103 aceea.&#8221; Datorit\u0103 importurilor automate, configurarea a fost foarte u\u0219oar\u0103, iar rezultatele Repricer au fost de asemenea conving\u0103toare: &#8220;Cota Buy Box este foarte bun\u0103. \u00cen plus, serviciul s\u0103u pentru clien\u021bi este excelent \u0219i instrumentul este dezvoltat continuu.&#8221;<\/p><p class=\"theme-wp-block gb-responsive-668364-identifier\">&#8220;De asemenea, SELLERLOGIC Repricer are o disponibilitate ridicat\u0103. Erorile sunt foarte rare \u0219i sunt rezolvate rapid,&#8221; spune Frank Jemetz. &#8220;Este de asemenea important ca sistemul s\u0103 nu scad\u0103 niciodat\u0103 sub un pre\u021b minim stabilit. &#8220;Nu vrem s\u0103 aliment\u0103m r\u0103zboiul pre\u021burilor pe Amazon. Cu SELLERLOGIC ne putem baza pe asta!&#8221;<\/p><p class=\"theme-wp-block gb-responsive-697003-identifier desktop-gb-has-no-icon xl-gb-has-no-icon lg-gb-has-no-icon md-gb-has-no-icon sm-gb-has-no-icon\">Frank este complet mul\u021bumit de SELLERLOGIC\u2018s Repricer: &#8220;Strategia Buy Box \u2013 care necesit\u0103 doar un efort manual minim \u2013 \u0219i rata sc\u0103zut\u0103 de eroare vorbesc deja \u00een favoarea SELLERLOGIC. Dar cel mai important: Repricer pur \u0219i simplu func\u021bioneaz\u0103 ca un vis!&#8221;<\/p><div class=\"theme-wp-block wp-block-buttons gb-responsive-497426-identifier is-layout-flex wp-block-buttons-is-layout-flex\"><div class=\"theme-wp-block wp-block-button gb-responsive-38220-identifier is-style-theme-transparent-with-arrow\"><a class=\"wp-block-button__link wp-element-button\" href=\"https:\/\/d2bw95mh2ee04s.cloudfront.net\/prod\/content\/files\/SUCCESS-STORIES\/EN\/SELLERLOGIC_SN_Success-Story_FJ-Trading_EN.pdf\" target=\"_blank\" rel=\"noreferrer noopener nofollow\">Descarc\u0103 acum!<\/a><\/div><\/div><\/div><div class=\"theme-wp-block wp-block-column gb-responsive-252189-identifier is-layout-flow wp-block-column-is-layout-flow\" style=\"flex-basis:25%\"><\/div><\/div><p class=\"theme-wp-block gb-responsive-527070-identifier\"><\/p>","protected":false},"excerpt":{"rendered":"<p>Fundare:2013 Industrie:\u00cenc\u0103l\u021b\u0103minte Produse pe Amazon:\u00a0aprox. 100.000 SKU-uri Expedi\u021bii:\u00a0aprox. 50.000 pe lun\u0103 Context: Frank Jemetz vinde activ \u00een lumea pie\u021belor online din 2004. La \u00eenceput, acest lucru s-a f\u0103cut \u00een principal prin eBay, dar acum s-a mutat pe Amazon. &#8220;Am experimentat cu multe produse,&#8221; spune ast\u0103zi CEO-ul. &#8220;De la b\u0103rci gonflabile la spumante de lapte.&#8221; Frank<\/p>\n","protected":false},"author":8,"featured_media":5113,"parent":226941,"menu_order":0,"comment_status":"closed","ping_status":"closed","template":"","meta":{"sidebar_recommended_resources":{"data":[]},"sidebar_header_settings":{"hide_buttons":{"register":false}},"_use_new_theme":false,"inline_featured_image":false,"footnotes":""},"class_list":["post-227028","page","type-page","status-publish","has-post-thumbnail","hentry"],"yoast_head":"<!-- This site is optimized with the Yoast SEO plugin v26.8 - https:\/\/yoast.com\/product\/yoast-seo-wordpress\/ -->\n<title>Mai mult Buy Box, mai mult venit \u2013 cu SELLERLOGIC Repricer<\/title>\n<meta name=\"description\" content=\"SELLERLOGIC Repricer pentru Amazon c\u00e2\u0219tig\u0103 Buy Box \u0219i \u00ee\u021bi cre\u0219te v\u00e2nz\u0103rile. Clientul nostru FJ Trading poate confirma acest lucru. Afl\u0103 mai multe acum!\" \/>\n<meta name=\"robots\" content=\"index, follow, max-snippet:-1, max-image-preview:large, max-video-preview:-1\" \/>\n<link rel=\"canonical\" href=\"https:\/\/www.sellerlogic.com\/ro\/resources\/success-story-fj-trading\/\" \/>\n<meta property=\"og:locale\" content=\"ro_RO\" \/>\n<meta property=\"og:type\" content=\"article\" \/>\n<meta property=\"og:title\" content=\"Mai mult Buy Box, mai mult venit \u2013 cu SELLERLOGIC Repricer\" \/>\n<meta property=\"og:description\" content=\"SELLERLOGIC Repricer pentru Amazon c\u00e2\u0219tig\u0103 Buy Box \u0219i \u00ee\u021bi cre\u0219te v\u00e2nz\u0103rile. Clientul nostru FJ Trading poate confirma acest lucru. Afl\u0103 mai multe acum!\" \/>\n<meta property=\"og:url\" content=\"https:\/\/www.sellerlogic.com\/ro\/resources\/success-story-fj-trading\/\" \/>\n<meta property=\"og:site_name\" content=\"SELLERLOGIC - Smarte Tools f\u00fcr Amazon-Seller\" \/>\n<meta property=\"article:publisher\" content=\"https:\/\/www.facebook.com\/SellerLogic\/\" \/>\n<meta property=\"og:image\" content=\"https:\/\/d2bw95mh2ee04s.cloudfront.net\/prod\/content\/wp-content\/uploads\/2020\/12\/23142717\/header-success-story-fj-trading.jpg\" \/>\n\t<meta property=\"og:image:width\" content=\"2500\" \/>\n\t<meta property=\"og:image:height\" content=\"1667\" \/>\n\t<meta property=\"og:image:type\" content=\"image\/jpeg\" \/>\n<meta name=\"twitter:card\" content=\"summary_large_image\" \/>\n<meta name=\"twitter:site\" content=\"@sellerlogic\" \/>\n<meta name=\"twitter:label1\" content=\"Est. reading time\" \/>\n\t<meta name=\"twitter:data1\" content=\"3 minutes\" \/>\n<script type=\"application\/ld+json\" class=\"yoast-schema-graph\">{\"@context\":\"https:\/\/schema.org\",\"@graph\":[{\"@type\":\"WebPage\",\"@id\":\"https:\/\/www.sellerlogic.com\/ro\/resources\/success-story-fj-trading\/\",\"url\":\"https:\/\/www.sellerlogic.com\/ro\/resources\/success-story-fj-trading\/\",\"name\":\"Mai mult Buy Box, mai mult venit \u2013 cu SELLERLOGIC Repricer\",\"isPartOf\":{\"@id\":\"https:\/\/www.sellerlogic.com\/ro\/#website\"},\"primaryImageOfPage\":{\"@id\":\"https:\/\/www.sellerlogic.com\/ro\/resources\/success-story-fj-trading\/#primaryimage\"},\"image\":{\"@id\":\"https:\/\/www.sellerlogic.com\/ro\/resources\/success-story-fj-trading\/#primaryimage\"},\"thumbnailUrl\":\"https:\/\/d2bw95mh2ee04s.cloudfront.net\/prod\/content\/wp-content\/uploads\/2020\/12\/23142717\/header-success-story-fj-trading.jpg\",\"datePublished\":\"2020-12-21T22:08:33+00:00\",\"description\":\"SELLERLOGIC Repricer pentru Amazon c\u00e2\u0219tig\u0103 Buy Box \u0219i \u00ee\u021bi cre\u0219te v\u00e2nz\u0103rile. Clientul nostru FJ Trading poate confirma acest lucru. Afl\u0103 mai multe acum!\",\"breadcrumb\":{\"@id\":\"https:\/\/www.sellerlogic.com\/ro\/resources\/success-story-fj-trading\/#breadcrumb\"},\"inLanguage\":\"ro-RO\",\"potentialAction\":[{\"@type\":\"ReadAction\",\"target\":[\"https:\/\/www.sellerlogic.com\/ro\/resources\/success-story-fj-trading\/\"]}]},{\"@type\":\"ImageObject\",\"inLanguage\":\"ro-RO\",\"@id\":\"https:\/\/www.sellerlogic.com\/ro\/resources\/success-story-fj-trading\/#primaryimage\",\"url\":\"https:\/\/d2bw95mh2ee04s.cloudfront.net\/prod\/content\/wp-content\/uploads\/2020\/12\/23142717\/header-success-story-fj-trading.jpg\",\"contentUrl\":\"https:\/\/d2bw95mh2ee04s.cloudfront.net\/prod\/content\/wp-content\/uploads\/2020\/12\/23142717\/header-success-story-fj-trading.jpg\",\"width\":2500,\"height\":1667},{\"@type\":\"BreadcrumbList\",\"@id\":\"https:\/\/www.sellerlogic.com\/ro\/resources\/success-story-fj-trading\/#breadcrumb\",\"itemListElement\":[{\"@type\":\"ListItem\",\"position\":1,\"name\":\"Home\",\"item\":\"https:\/\/www.sellerlogic.com\/ro\/\"},{\"@type\":\"ListItem\",\"position\":2,\"name\":\"Resurse EN\",\"item\":\"https:\/\/www.sellerlogic.com\/ro\/resources\/\"},{\"@type\":\"ListItem\",\"position\":3,\"name\":\"Poveste de succes: FJ Trading EN\"}]},{\"@type\":\"WebSite\",\"@id\":\"https:\/\/www.sellerlogic.com\/ro\/#website\",\"url\":\"https:\/\/www.sellerlogic.com\/ro\/\",\"name\":\"SELLERLOGIC - Smarte Tools f\u00fcr Amazon-Seller\",\"description\":\"Intelligente Prozessoptimierung und Gewinnmaximierung\",\"publisher\":{\"@id\":\"https:\/\/www.sellerlogic.com\/ro\/#organization\"},\"potentialAction\":[{\"@type\":\"SearchAction\",\"target\":{\"@type\":\"EntryPoint\",\"urlTemplate\":\"https:\/\/www.sellerlogic.com\/ro\/?s={search_term_string}\"},\"query-input\":{\"@type\":\"PropertyValueSpecification\",\"valueRequired\":true,\"valueName\":\"search_term_string\"}}],\"inLanguage\":\"ro-RO\"},{\"@type\":\"Organization\",\"@id\":\"https:\/\/www.sellerlogic.com\/ro\/#organization\",\"name\":\"SELLERLOGIC\",\"url\":\"https:\/\/www.sellerlogic.com\/ro\/\",\"logo\":{\"@type\":\"ImageObject\",\"inLanguage\":\"ro-RO\",\"@id\":\"https:\/\/www.sellerlogic.com\/ro\/#\/schema\/logo\/image\/\",\"url\":\"https:\/\/d2bw95mh2ee04s.cloudfront.net\/prod\/content\/wp-content\/uploads\/2025\/01\/02134814\/Property-Logo-Main.svg\",\"contentUrl\":\"https:\/\/d2bw95mh2ee04s.cloudfront.net\/prod\/content\/wp-content\/uploads\/2025\/01\/02134814\/Property-Logo-Main.svg\",\"width\":184,\"height\":40,\"caption\":\"SELLERLOGIC\"},\"image\":{\"@id\":\"https:\/\/www.sellerlogic.com\/ro\/#\/schema\/logo\/image\/\"},\"sameAs\":[\"https:\/\/www.facebook.com\/SellerLogic\/\",\"https:\/\/x.com\/sellerlogic\",\"https:\/\/www.instagram.com\/sellerlogic\/\",\"https:\/\/www.linkedin.com\/company\/18402037\/\",\"https:\/\/www.youtube.com\/channel\/UC-gULUur-fNj08sprantKsQ\"]}]}<\/script>\n<!-- \/ Yoast SEO plugin. -->","yoast_head_json":{"title":"Mai mult Buy Box, mai mult venit \u2013 cu SELLERLOGIC Repricer","description":"SELLERLOGIC Repricer pentru Amazon c\u00e2\u0219tig\u0103 Buy Box \u0219i \u00ee\u021bi cre\u0219te v\u00e2nz\u0103rile. Clientul nostru FJ Trading poate confirma acest lucru. Afl\u0103 mai multe acum!","robots":{"index":"index","follow":"follow","max-snippet":"max-snippet:-1","max-image-preview":"max-image-preview:large","max-video-preview":"max-video-preview:-1"},"canonical":"https:\/\/www.sellerlogic.com\/ro\/resources\/success-story-fj-trading\/","og_locale":"ro_RO","og_type":"article","og_title":"Mai mult Buy Box, mai mult venit \u2013 cu SELLERLOGIC Repricer","og_description":"SELLERLOGIC Repricer pentru Amazon c\u00e2\u0219tig\u0103 Buy Box \u0219i \u00ee\u021bi cre\u0219te v\u00e2nz\u0103rile. Clientul nostru FJ Trading poate confirma acest lucru. Afl\u0103 mai multe acum!","og_url":"https:\/\/www.sellerlogic.com\/ro\/resources\/success-story-fj-trading\/","og_site_name":"SELLERLOGIC - Smarte Tools f\u00fcr Amazon-Seller","article_publisher":"https:\/\/www.facebook.com\/SellerLogic\/","og_image":[{"width":2500,"height":1667,"url":"https:\/\/d2bw95mh2ee04s.cloudfront.net\/prod\/content\/wp-content\/uploads\/2020\/12\/23142717\/header-success-story-fj-trading.jpg","type":"image\/jpeg"}],"twitter_card":"summary_large_image","twitter_site":"@sellerlogic","twitter_misc":{"Est. reading time":"3 minutes"},"schema":{"@context":"https:\/\/schema.org","@graph":[{"@type":"WebPage","@id":"https:\/\/www.sellerlogic.com\/ro\/resources\/success-story-fj-trading\/","url":"https:\/\/www.sellerlogic.com\/ro\/resources\/success-story-fj-trading\/","name":"Mai mult Buy Box, mai mult venit \u2013 cu SELLERLOGIC Repricer","isPartOf":{"@id":"https:\/\/www.sellerlogic.com\/ro\/#website"},"primaryImageOfPage":{"@id":"https:\/\/www.sellerlogic.com\/ro\/resources\/success-story-fj-trading\/#primaryimage"},"image":{"@id":"https:\/\/www.sellerlogic.com\/ro\/resources\/success-story-fj-trading\/#primaryimage"},"thumbnailUrl":"https:\/\/d2bw95mh2ee04s.cloudfront.net\/prod\/content\/wp-content\/uploads\/2020\/12\/23142717\/header-success-story-fj-trading.jpg","datePublished":"2020-12-21T22:08:33+00:00","description":"SELLERLOGIC Repricer pentru Amazon c\u00e2\u0219tig\u0103 Buy Box \u0219i \u00ee\u021bi cre\u0219te v\u00e2nz\u0103rile. Clientul nostru FJ Trading poate confirma acest lucru. Afl\u0103 mai multe acum!","breadcrumb":{"@id":"https:\/\/www.sellerlogic.com\/ro\/resources\/success-story-fj-trading\/#breadcrumb"},"inLanguage":"ro-RO","potentialAction":[{"@type":"ReadAction","target":["https:\/\/www.sellerlogic.com\/ro\/resources\/success-story-fj-trading\/"]}]},{"@type":"ImageObject","inLanguage":"ro-RO","@id":"https:\/\/www.sellerlogic.com\/ro\/resources\/success-story-fj-trading\/#primaryimage","url":"https:\/\/d2bw95mh2ee04s.cloudfront.net\/prod\/content\/wp-content\/uploads\/2020\/12\/23142717\/header-success-story-fj-trading.jpg","contentUrl":"https:\/\/d2bw95mh2ee04s.cloudfront.net\/prod\/content\/wp-content\/uploads\/2020\/12\/23142717\/header-success-story-fj-trading.jpg","width":2500,"height":1667},{"@type":"BreadcrumbList","@id":"https:\/\/www.sellerlogic.com\/ro\/resources\/success-story-fj-trading\/#breadcrumb","itemListElement":[{"@type":"ListItem","position":1,"name":"Home","item":"https:\/\/www.sellerlogic.com\/ro\/"},{"@type":"ListItem","position":2,"name":"Resurse EN","item":"https:\/\/www.sellerlogic.com\/ro\/resources\/"},{"@type":"ListItem","position":3,"name":"Poveste de succes: FJ Trading EN"}]},{"@type":"WebSite","@id":"https:\/\/www.sellerlogic.com\/ro\/#website","url":"https:\/\/www.sellerlogic.com\/ro\/","name":"SELLERLOGIC - Smarte Tools f\u00fcr Amazon-Seller","description":"Intelligente Prozessoptimierung und Gewinnmaximierung","publisher":{"@id":"https:\/\/www.sellerlogic.com\/ro\/#organization"},"potentialAction":[{"@type":"SearchAction","target":{"@type":"EntryPoint","urlTemplate":"https:\/\/www.sellerlogic.com\/ro\/?s={search_term_string}"},"query-input":{"@type":"PropertyValueSpecification","valueRequired":true,"valueName":"search_term_string"}}],"inLanguage":"ro-RO"},{"@type":"Organization","@id":"https:\/\/www.sellerlogic.com\/ro\/#organization","name":"SELLERLOGIC","url":"https:\/\/www.sellerlogic.com\/ro\/","logo":{"@type":"ImageObject","inLanguage":"ro-RO","@id":"https:\/\/www.sellerlogic.com\/ro\/#\/schema\/logo\/image\/","url":"https:\/\/d2bw95mh2ee04s.cloudfront.net\/prod\/content\/wp-content\/uploads\/2025\/01\/02134814\/Property-Logo-Main.svg","contentUrl":"https:\/\/d2bw95mh2ee04s.cloudfront.net\/prod\/content\/wp-content\/uploads\/2025\/01\/02134814\/Property-Logo-Main.svg","width":184,"height":40,"caption":"SELLERLOGIC"},"image":{"@id":"https:\/\/www.sellerlogic.com\/ro\/#\/schema\/logo\/image\/"},"sameAs":["https:\/\/www.facebook.com\/SellerLogic\/","https:\/\/x.com\/sellerlogic","https:\/\/www.instagram.com\/sellerlogic\/","https:\/\/www.linkedin.com\/company\/18402037\/","https:\/\/www.youtube.com\/channel\/UC-gULUur-fNj08sprantKsQ"]}]}},"_links":{"self":[{"href":"https:\/\/www.sellerlogic.com\/ro\/wp-json\/wp\/v2\/pages\/227028","targetHints":{"allow":["GET"]}}],"collection":[{"href":"https:\/\/www.sellerlogic.com\/ro\/wp-json\/wp\/v2\/pages"}],"about":[{"href":"https:\/\/www.sellerlogic.com\/ro\/wp-json\/wp\/v2\/types\/page"}],"author":[{"embeddable":true,"href":"https:\/\/www.sellerlogic.com\/ro\/wp-json\/wp\/v2\/users\/8"}],"replies":[{"embeddable":true,"href":"https:\/\/www.sellerlogic.com\/ro\/wp-json\/wp\/v2\/comments?post=227028"}],"version-history":[{"count":0,"href":"https:\/\/www.sellerlogic.com\/ro\/wp-json\/wp\/v2\/pages\/227028\/revisions"}],"up":[{"embeddable":true,"href":"https:\/\/www.sellerlogic.com\/ro\/wp-json\/wp\/v2\/pages\/226941"}],"wp:featuredmedia":[{"embeddable":true,"href":"https:\/\/www.sellerlogic.com\/ro\/wp-json\/wp\/v2\/media\/5113"}],"wp:attachment":[{"href":"https:\/\/www.sellerlogic.com\/ro\/wp-json\/wp\/v2\/media?parent=227028"}],"curies":[{"name":"wp","href":"https:\/\/api.w.org\/{rel}","templated":true}]}}