
{"id":228003,"date":"2020-12-18T10:43:41","date_gmt":"2020-12-18T10:43:41","guid":{"rendered":"https:\/\/127.0.0.1\/resources\/success-story-samtige-haut\/"},"modified":"2020-12-18T10:43:41","modified_gmt":"2020-12-18T10:43:41","slug":"success-story-samtige-haut","status":"publish","type":"page","link":"https:\/\/www.sellerlogic.com\/sk\/resources\/success-story-samtige-haut\/","title":{"rendered":"\u00daspe\u0161n\u00fd pr\u00edbeh: Sametov\u00e1 poko\u017eka EN"},"content":{"rendered":"\n\t<div  class=\"theme-wp-block theme-block-main-header is-style-full-height desktop-align-full xl-align-full lg-align-full md-align-full sm-align-full desktop-content-align-y-center desktop-content-align-x-center xl-content-align-y-center xl-content-align-x-center lg-content-align-y-center lg-content-align-x-center md-content-align-y-center md-content-align-x-center sm-content-align-y-center sm-content-align-x-center gb-responsive-911782-identifier theme-block-cover\">\n\t\t<div class=\"bg-cover theme-lazy-load-bg\"><\/div>\n\t\t<div class=\"wrap-content-main-header\">\n\t\t\t\t\t<div  class=\"theme-wp-block theme-block-text-and-text desktop-blockDirection-row xl-blockDirection-row lg-blockDirection-row md-blockDirection-row sm-blockDirection-row gb-responsive-289238-identifier desktop-align-full xl-align-full lg-align-full md-align-full sm-align-full alignfull\">\n\t\t<div class=\"tat-column-wrap-wrapper\">\n\t\t\t<div class=\"tat-column-wrapper\">\n\t\t\t\t\t<div  class=\"theme-wp-block theme-block-text-and-text-column gb-responsive-421034-identifier desktop-horizontal-center xl-horizontal-center lg-horizontal-center md-horizontal-center sm-horizontal-center\">\n\t\t<div class=\"inner-wrap-column-content\">\n\t\t\t<div class=\"inner-column-content\">\n\t\t\t\t\t\t<h1  class=\"theme-wp-block theme-block-heading is-style-default sm-text-center md-text-center desktop-text-center xl-text-center lg-text-center gb-responsive-292481-identifier desktop-align-full xl-align-full lg-align-full md-align-full sm-align-full alignfull h1 has-text-align\">\n\t\tN\u00e1hrady jedn\u00fdm kliknut\u00edm\t<\/h1>\n\n\t\t<h2  class=\"theme-wp-block theme-block-heading is-style-default sm-text-center md-text-center desktop-text-center xl-text-center lg-text-center gb-responsive-831018-identifier desktop-align-full xl-align-full lg-align-full md-align-full sm-align-full alignfull h1 has-text-align\">\n\t\t&#8220;Samtige Haut&#8221; dost\u00e1va n\u00e1hrady od Amazonu prostredn\u00edctvom Straten\u00e9 a n\u00e1jden\u00e9\t<\/h2>\n\n\t\t\t<\/div>\n\t\t<\/div>\n\t<\/div>\n\t<div  class=\"theme-wp-block theme-block-text-and-text-column gb-responsive-929552-identifier\">\n\t\t<div class=\"inner-wrap-column-content\">\n\t\t\t<div class=\"inner-column-content\">\n\t\t\t\t\t\t\t<\/div>\n\t\t<\/div>\n\t<\/div>\n\t\t\t<\/div>\n\t\t<\/div>\n\t<\/div>\n\n\t\t<\/div>\n\t<\/div>\n\n<div style=\"height:50px\" aria-hidden=\"true\" class=\"theme-wp-block wp-block-spacer\"><\/div><div class=\"theme-wp-block wp-block-columns gb-responsive-655645-identifier is-layout-flex wp-container-core-columns-is-layout-9d6595d7 wp-block-columns-is-layout-flex\"><div class=\"theme-wp-block wp-block-column gb-responsive-959393-identifier is-layout-flow wp-block-column-is-layout-flow\" style=\"flex-basis:25%\"><figure class=\"theme-wp-block wp-block-image size-large is-resized gb-responsive-62921-identifier\"><img decoding=\"async\" src=\"https:\/\/d2bw95mh2ee04s.cloudfront.net\/prod\/content\/wp-content\/uploads\/2020\/12\/23142732\/samtige-haut-logo.png\" alt=\"\u00daspe\u0161n\u00fd pr\u00edbeh: Sametov\u00e1 poko\u017eka EN\" class=\"wp-image-4561\" width=\"300\" height=\"84\" srcset=\"https:\/\/d2bw95mh2ee04s.cloudfront.net\/prod\/content\/wp-content\/uploads\/2020\/12\/23142732\/samtige-haut-logo-407x113.png 407w, https:\/\/d2bw95mh2ee04s.cloudfront.net\/prod\/content\/wp-content\/uploads\/2020\/12\/23142732\/samtige-haut-logo.png 600w\" sizes=\"(max-width: 300px) 100vw, 300px\" \/><\/figure><p class=\"theme-wp-block gb-responsive-312552-identifier\"><strong><strong>Z\u00e1klad<\/strong>:<\/strong><br>November 2016<\/p><p class=\"theme-wp-block gb-responsive-353708-identifier\"><strong><strong>Odvetvie<\/strong>:<\/strong><br>Kozmetika, v\u00fd\u017eivov\u00e9 doplnky, organick\u00e9 produkty<\/p><p class=\"theme-wp-block gb-responsive-164518-identifier\"><strong><strong>Predmety na Amazone:<\/strong><\/strong><br>1 000<\/p><p class=\"theme-wp-block gb-responsive-888870-identifier\"><strong><strong>Z\u00e1sielky<\/strong>:\u00a0<\/strong><br>pribli\u017ene 8 000 mesa\u010dne<\/p><\/div><div class=\"theme-wp-block wp-block-column gb-responsive-252265-identifier is-layout-flow wp-block-column-is-layout-flow\" style=\"flex-basis:50%\"><h3 class=\"theme-wp-block wp-block-heading gb-responsive-34353-identifier\" id=\"block-c06fce04-ef87-4ffc-a3d6-b768ba377d17\">Pozadie:<\/h3><p class=\"theme-wp-block gb-responsive-620393-identifier\">V roku 2018 mal Amazon obrat 232,9 miliardy americk\u00fdch dol\u00e1rov. Pribli\u017ene 45 percent nemeck\u00fdch predajcov na Amazone posiela svoje tovary prostredn\u00edctvom Fulfillment by Amazon (FBA). Sandra Schriewer \u2013 majite\u013eka obchodu na Amazone \u201eSamtige Haut\u201c (nemecky \u201eNajhlad\u0161ia poko\u017eka\u201c) \u2013 je jednou z nich. Napriek v\u0161etk\u00fdm v\u00fdhod\u00e1m programu FBA nie je pre online predajcov u\u017e mo\u017en\u00e9 sledova\u0165 tok \u00fadajov FBA transakci\u00ed, ke\u010f\u017ee predaje rast\u00fa. Z tohto d\u00f4vodu sa anal\u00fdza v\u00f4bec nevykon\u00e1va.<\/p><h3 class=\"theme-wp-block wp-block-heading gb-responsive-182281-identifier\">V\u00fdzva:<\/h3><p class=\"theme-wp-block gb-responsive-880667-identifier\">Sandra Schriewer p\u00f4vodne poch\u00e1dza z kozmetick\u00e9ho priemyslu. Po\u010das svojej pr\u00e1ce v sektore E-commerce v Berl\u00edne dokon\u010dila \u0161t\u00fadium online marketingu a E-commerce.<\/p><p class=\"theme-wp-block gb-responsive-3897-identifier\">Chcela uplatni\u0165 z\u00edskan\u00e9 vedomosti v praxi a skombinova\u0165 ich so svojou v\u00e1\u0161\u0148ou pre kozmetiku a v\u00fd\u017eivu. Takto vznikol obchod na Amazone \u201eSamtige Haut\u201c. S pribli\u017ene 1 000 polo\u017ekami a okolo 8 000 z\u00e1sielkami mesa\u010dne prostredn\u00edctvom programu FBA bolo takmer nemo\u017en\u00e9 sledova\u0165 obrovsk\u00fd tok \u00fadajov na Amazone. \u010coskoro si uvedomila, \u017ee potrebuje poskytovate\u013ea slu\u017eieb, ktor\u00fd jej m\u00f4\u017ee pom\u00f4c\u0165 kontrolova\u0165 procesy programu FBA. \u201eAko online predajca sa spoliehate na Fulfillment by Amazon, preto\u017ee program zna\u010dne u\u013eah\u010duje logistick\u00e9 procesy v spolo\u010dnosti. Av\u0161ak nikto nie je dokonal\u00fd a samozrejme aj ved\u00face spolo\u010dnosti ako Amazon m\u00f4\u017eu robi\u0165 chyby.<\/p><p class=\"theme-wp-block gb-responsive-135542-identifier\">Manual kontrola ch\u00fdb bola vyl\u00fa\u010den\u00e1. Anal\u00fdza zdrojov probl\u00e9mov je ve\u013emi komplexn\u00e1 a vy\u017eaduje obrovsk\u00e9 mno\u017estvo \u010dasu. \u201eTo by presiahlo ak\u00fdko\u013evek ekonomick\u00fd r\u00e1mec,\u201c povedala n\u00e1m Sandra. \u201eRie\u0161enie Lost &#038; Found od SELLERLOGIC mi odporu\u010dil m\u00f4j man\u017eel, ktor\u00fd u\u017e pracuje so slu\u017ebami poskytovate\u013ea Repricer a je s produktom ve\u013emi spokojn\u00fd. Na trhu je mnoho rie\u0161en\u00ed, ktor\u00e9 Amazon podnik potrebuje na to, aby bol \u00faspe\u0161n\u00fd na svojich pr\u00edslu\u0161n\u00fdch trhoch. Ver\u00edm, \u017ee Lost &#038; Found je jedine\u010dn\u00e9 a nevyhnutn\u00e9 pre predajcov FBA\u201c.<\/p><h3 class=\"theme-wp-block wp-block-heading gb-responsive-115756-identifier\">Rie\u0161enie:<\/h3><p class=\"theme-wp-block gb-responsive-907939-identifier\">\u201eN\u00e1stroj nie je \u0165a\u017ek\u00e9 pou\u017e\u00edva\u0165 a d\u00e1 sa r\u00fdchlo a jednoducho integrova\u0165. Pokyny krok za krokom \u2013 ako aj znalostn\u00e1 b\u00e1za \u2013 s\u00fa ve\u013emi u\u017eito\u010dn\u00e9 a nevy\u017eaduj\u00fa \u017eiadnu podporu od SELLERLOGIC. Lost &#038; Found hl\u00e1si nov\u00e9 pr\u00edpady ka\u017ed\u00fd de\u0148 a poskytuje preddefinovan\u00e9 textov\u00e9 moduly, ktor\u00e9 m\u00f4\u017eu by\u0165 jednoducho skop\u00edrovan\u00e9 a vlo\u017een\u00e9 do Amazon Seller Central. Sta\u010d\u00ed len skop\u00edrova\u0165 a vlo\u017ei\u0165 pr\u00e1cu, aby som dostal n\u00e1hradu od Amazonu. Ke\u010f\u017ee predlo\u017een\u00e9 pr\u00edpady s\u00fa zvy\u010dajne akceptovan\u00e9 bez \u010fal\u0161\u00edch ot\u00e1zok, cel\u00fd proces je ve\u013emi jednoduch\u00fd!\u201c<\/p><div class=\"theme-block-group-wrap\"><div class=\"theme-wp-block wp-block-group gb-responsive-88118-identifier\">\t\t<div  class=\"theme-wp-block theme-block-user-card gb-responsive-799176-identifier is-style-full-width-line\">\n\t\t<div class=\"wrap-inner-content\">\n\t\t\t<div class=\"card-user-head\">\n\t\t\t\t<div class=\"card-user-avatar\">\n\t\t\t\t\t<div class=\"cover-avatar\" style=\"background-image: url(https:\/\/d2bw95mh2ee04s.cloudfront.net\/prod\/content\/wp-content\/uploads\/2020\/12\/23142733\/sandra-schriewer-raute.png);\"><\/div>\n\t\t\t\t<\/div>\n\t\t\t\t<div class=\"wrap-title\">\n\t\t\t\t\t<div class=\"card-user-name\">\n\t\t\t\t\t\t<div class=\"title\">\n\t\t\t\t\t\t\t<h3 class=\"heading-text\"><strong>Sandra Schriewer<\/strong><\/h3>\n\t\t\t\t\t\t<\/div>\n\t\t\t\t\t\t<div class=\"card-user-position\">\n\t\t\t\t\t\t\t<div class=\"card-text\"><strong>CEO \u201eSamtige Haut\u201c<\/strong><\/div>\n\t\t\t\t\t\t<\/div>\n\t\t\t\t\t<\/div>\n\t\t\t\t\t<div class=\"card-user-quote-icon\">\n\t\t\t\t\t<\/div>\n\t\t\t\t<\/div>\n\t\t\t<\/div>\n\t\t\t<div class=\"card-user-text\">\n\t\t\t\t<div class=\"card-text\"><p>&#8220;Na trhu je mnoho rie\u0161en\u00ed, ktor\u00e9 Amazon podnik potrebuje na to, aby bol \u00faspe\u0161n\u00fd na svojich pr\u00edslu\u0161n\u00fdch trhoch. Ver\u00edm, \u017ee Straten\u00e9 a n\u00e1jden\u00e9 je jedine\u010dn\u00e9 a nevyhnutn\u00e9 pre predajcov FBA\u201d.<\/p><\/div>\n\t\t\t<\/div>\n\t\t<\/div>\n\t<\/div>\n\n<\/div><\/div><h3 class=\"theme-wp-block wp-block-heading gb-responsive-595368-identifier\">\u00daspe\u0161n\u00e9 v\u00fdsledky s SELLERLOGIC:<\/h3><p class=\"theme-wp-block gb-responsive-414432-identifier\">\u201eKe\u010f\u017ee Lost &#038; Found sleduje jednotliv\u00e9 transakcie a\u017e 18 mesiacov dozadu, dostala som n\u00e1hradu vo v\u00fd\u0161ke pribli\u017ene 1 300 EUR okam\u017eite po integr\u00e1cii n\u00e1stroja, \u010do by som nikdy nezistila bez SELLERLOGIC. Pred integr\u00e1ciou Lost &#038; Found nebolo jasn\u00e9, ko\u013eko bal\u00edkov jednoducho zmizlo. Nem\u00f4\u017eete manu\u00e1lne skontrolova\u0165 mno\u017estvo \u00fadajov a zvy\u010dajne v\u00e1m Amazon neposkytne \u017eiadnu sp\u00e4tn\u00fa v\u00e4zbu o ch\u00fdbaj\u00facich tovaroch. S Lost &#038; Found dostanete svoje peniaze sp\u00e4\u0165 a u\u0161etr\u00edte si obrovsk\u00e9 mno\u017estvo \u010dasu \u2013 v\u010faka automatizovan\u00e9mu v\u00fdskumu a predkladaniu pr\u00edpadov pomocou funkcie Kop\u00edrova\u0165 a vlo\u017ei\u0165.\u201c<\/p><p class=\"theme-wp-block gb-responsive-57813-identifier\">\u201eM\u00f4\u017eem len odporu\u010di\u0165 ka\u017ed\u00e9mu, aby integroval rie\u0161enie do svojho syst\u00e9mu. Nem\u00e1te \u010do strati\u0165! N\u00e1klady na SELLERLOGIC Lost &#038; Found s\u00fa z m\u00f4jho poh\u013eadu ve\u013emi spravodliv\u00e9, preto\u017ee s\u00fa vypo\u010d\u00edtan\u00e9 proporcion\u00e1lne k skuto\u010dnej n\u00e1hrade od Amazonu. Ak sa ni\u010d nen\u00e1jde, nebud\u00fa \u00fa\u010dtovan\u00e9 \u017eiadne poplatky. Ka\u017ed\u00fd de\u0148, ktor\u00fd prejde bez Lost &#038; Found, stoj\u00ed predajcov peniaze. Okrem toho m\u00e1te maxim\u00e1lne 18 mesiacov na podanie svojich n\u00e1rokov, v niektor\u00fdch pr\u00edpadoch e\u0161te menej,\u201c uzatv\u00e1ra Sandra pre n\u00e1s.<a href=\"https:\/\/d2bw95mh2ee04s.cloudfront.net\/prod\/content\/files\/SUCCESS-STORIES\/EN\/NEU_SELLERLOGIC_SN_Success-Story_Samtige-Haut-EN.pdf\" target=\"_blank\" rel=\"noreferrer noopener nofollow\"><\/a><\/p><div class=\"theme-wp-block wp-block-buttons gb-responsive-497426-identifier is-layout-flex wp-block-buttons-is-layout-flex\"><div class=\"theme-wp-block wp-block-button gb-responsive-38220-identifier is-style-theme-transparent-with-arrow\"><a class=\"wp-block-button__link wp-element-button\" href=\"https:\/\/d2bw95mh2ee04s.cloudfront.net\/prod\/content\/files\/SUCCESS-STORIES\/EN\/SELLERLOGIC_SN_Success-Story_Samtige-Haut-EN.pdf\" target=\"_blank\" rel=\"noreferrer noopener nofollow\">Stiahnite si \u00faspe\u0161n\u00fd pr\u00edbeh!  <\/a><\/div><\/div><\/div><div class=\"theme-wp-block wp-block-column gb-responsive-147753-identifier is-layout-flow wp-block-column-is-layout-flow\" style=\"flex-basis:25%\"><\/div><\/div><p class=\"theme-wp-block gb-responsive-527070-identifier\"><\/p>","protected":false},"excerpt":{"rendered":"<p>Z\u00e1klad:November 2016 Odvetvie:Kozmetika, v\u00fd\u017eivov\u00e9 doplnky, organick\u00e9 produkty Predmety na Amazone:1 000 Z\u00e1sielky:\u00a0pribli\u017ene 8 000 mesa\u010dne Pozadie: V roku 2018 mal Amazon obrat 232,9 miliardy americk\u00fdch dol\u00e1rov. Pribli\u017ene 45 percent nemeck\u00fdch predajcov na Amazone posiela svoje tovary prostredn\u00edctvom Fulfillment by Amazon (FBA). Sandra Schriewer \u2013 majite\u013eka obchodu na Amazone \u201eSamtige Haut\u201c (nemecky \u201eNajhlad\u0161ia poko\u017eka\u201c) \u2013 je<\/p>\n","protected":false},"author":8,"featured_media":0,"parent":228213,"menu_order":0,"comment_status":"closed","ping_status":"closed","template":"","meta":{"sidebar_recommended_resources":{"data":[]},"sidebar_header_settings":{"hide_buttons":{"register":false}},"_use_new_theme":false,"inline_featured_image":false,"footnotes":""},"class_list":["post-228003","page","type-page","status-publish","hentry"],"yoast_head":"<!-- This site is optimized with the Yoast SEO plugin v26.8 - https:\/\/yoast.com\/product\/yoast-seo-wordpress\/ -->\n<title>&quot;Samtige Haut&quot; dost\u00e1va n\u00e1hradu od Amazonu prostredn\u00edctvom SELLERLOGIC Lost &amp; Found<\/title>\n<meta name=\"description\" content=\"N\u00e1hrady jedn\u00fdm kliknut\u00edm: Z\u00e1kazn\u00edk SELLERLOGIC &quot;Samtige Haut&quot; dost\u00e1va svoje n\u00e1hrady od Amazonu prostredn\u00edctvom Lost &amp; Found.\" \/>\n<meta name=\"robots\" content=\"index, follow, max-snippet:-1, max-image-preview:large, max-video-preview:-1\" \/>\n<link rel=\"canonical\" href=\"https:\/\/www.sellerlogic.com\/sk\/resources\/success-story-samtige-haut\/\" \/>\n<meta property=\"og:locale\" content=\"sk_SK\" \/>\n<meta property=\"og:type\" content=\"article\" \/>\n<meta property=\"og:title\" content=\"&quot;Samtige Haut&quot; dost\u00e1va n\u00e1hradu od Amazonu prostredn\u00edctvom SELLERLOGIC Lost &amp; Found\" \/>\n<meta property=\"og:description\" content=\"N\u00e1hrady jedn\u00fdm kliknut\u00edm: Z\u00e1kazn\u00edk SELLERLOGIC &quot;Samtige Haut&quot; dost\u00e1va svoje n\u00e1hrady od Amazonu prostredn\u00edctvom Lost &amp; Found.\" \/>\n<meta property=\"og:url\" content=\"https:\/\/www.sellerlogic.com\/sk\/resources\/success-story-samtige-haut\/\" \/>\n<meta property=\"og:site_name\" content=\"SELLERLOGIC - Smarte Tools f\u00fcr Amazon-Seller\" \/>\n<meta property=\"article:publisher\" content=\"https:\/\/www.facebook.com\/SellerLogic\/\" \/>\n<meta property=\"og:image\" content=\"https:\/\/www.sellerlogic.com\/wp-content\/uploads\/2020\/12\/samtige-haut-logo.png\" \/>\n<meta name=\"twitter:card\" content=\"summary_large_image\" \/>\n<meta name=\"twitter:site\" content=\"@sellerlogic\" \/>\n<meta name=\"twitter:label1\" content=\"Est. reading time\" \/>\n\t<meta name=\"twitter:data1\" content=\"3 minutes\" \/>\n<script type=\"application\/ld+json\" class=\"yoast-schema-graph\">{\"@context\":\"https:\/\/schema.org\",\"@graph\":[{\"@type\":\"WebPage\",\"@id\":\"https:\/\/www.sellerlogic.com\/sk\/resources\/success-story-samtige-haut\/\",\"url\":\"https:\/\/www.sellerlogic.com\/sk\/resources\/success-story-samtige-haut\/\",\"name\":\"\\\"Samtige Haut\\\" dost\u00e1va n\u00e1hradu od Amazonu prostredn\u00edctvom SELLERLOGIC Lost & Found\",\"isPartOf\":{\"@id\":\"https:\/\/www.sellerlogic.com\/sk\/#website\"},\"primaryImageOfPage\":{\"@id\":\"https:\/\/www.sellerlogic.com\/sk\/resources\/success-story-samtige-haut\/#primaryimage\"},\"image\":{\"@id\":\"https:\/\/www.sellerlogic.com\/sk\/resources\/success-story-samtige-haut\/#primaryimage\"},\"thumbnailUrl\":\"https:\/\/www.sellerlogic.com\/wp-content\/uploads\/2020\/12\/samtige-haut-logo.png\",\"datePublished\":\"2020-12-18T10:43:41+00:00\",\"description\":\"N\u00e1hrady jedn\u00fdm kliknut\u00edm: Z\u00e1kazn\u00edk SELLERLOGIC \\\"Samtige Haut\\\" dost\u00e1va svoje n\u00e1hrady od Amazonu prostredn\u00edctvom Lost & Found.\",\"breadcrumb\":{\"@id\":\"https:\/\/www.sellerlogic.com\/sk\/resources\/success-story-samtige-haut\/#breadcrumb\"},\"inLanguage\":\"sk-SK\",\"potentialAction\":[{\"@type\":\"ReadAction\",\"target\":[\"https:\/\/www.sellerlogic.com\/sk\/resources\/success-story-samtige-haut\/\"]}]},{\"@type\":\"ImageObject\",\"inLanguage\":\"sk-SK\",\"@id\":\"https:\/\/www.sellerlogic.com\/sk\/resources\/success-story-samtige-haut\/#primaryimage\",\"url\":\"https:\/\/www.sellerlogic.com\/wp-content\/uploads\/2020\/12\/samtige-haut-logo.png\",\"contentUrl\":\"https:\/\/www.sellerlogic.com\/wp-content\/uploads\/2020\/12\/samtige-haut-logo.png\"},{\"@type\":\"BreadcrumbList\",\"@id\":\"https:\/\/www.sellerlogic.com\/sk\/resources\/success-story-samtige-haut\/#breadcrumb\",\"itemListElement\":[{\"@type\":\"ListItem\",\"position\":1,\"name\":\"Home\",\"item\":\"https:\/\/www.sellerlogic.com\/sk\/\"},{\"@type\":\"ListItem\",\"position\":2,\"name\":\"Ressources EN\",\"item\":\"https:\/\/www.sellerlogic.com\/sk\/resources\/\"},{\"@type\":\"ListItem\",\"position\":3,\"name\":\"\u00daspe\u0161n\u00fd pr\u00edbeh: Sametov\u00e1 poko\u017eka EN\"}]},{\"@type\":\"WebSite\",\"@id\":\"https:\/\/www.sellerlogic.com\/sk\/#website\",\"url\":\"https:\/\/www.sellerlogic.com\/sk\/\",\"name\":\"SELLERLOGIC - Smarte Tools f\u00fcr Amazon-Seller\",\"description\":\"Intelligente Prozessoptimierung und Gewinnmaximierung\",\"publisher\":{\"@id\":\"https:\/\/www.sellerlogic.com\/sk\/#organization\"},\"potentialAction\":[{\"@type\":\"SearchAction\",\"target\":{\"@type\":\"EntryPoint\",\"urlTemplate\":\"https:\/\/www.sellerlogic.com\/sk\/?s={search_term_string}\"},\"query-input\":{\"@type\":\"PropertyValueSpecification\",\"valueRequired\":true,\"valueName\":\"search_term_string\"}}],\"inLanguage\":\"sk-SK\"},{\"@type\":\"Organization\",\"@id\":\"https:\/\/www.sellerlogic.com\/sk\/#organization\",\"name\":\"SELLERLOGIC\",\"url\":\"https:\/\/www.sellerlogic.com\/sk\/\",\"logo\":{\"@type\":\"ImageObject\",\"inLanguage\":\"sk-SK\",\"@id\":\"https:\/\/www.sellerlogic.com\/sk\/#\/schema\/logo\/image\/\",\"url\":\"https:\/\/d2bw95mh2ee04s.cloudfront.net\/prod\/content\/wp-content\/uploads\/2025\/01\/02134814\/Property-Logo-Main.svg\",\"contentUrl\":\"https:\/\/d2bw95mh2ee04s.cloudfront.net\/prod\/content\/wp-content\/uploads\/2025\/01\/02134814\/Property-Logo-Main.svg\",\"width\":184,\"height\":40,\"caption\":\"SELLERLOGIC\"},\"image\":{\"@id\":\"https:\/\/www.sellerlogic.com\/sk\/#\/schema\/logo\/image\/\"},\"sameAs\":[\"https:\/\/www.facebook.com\/SellerLogic\/\",\"https:\/\/x.com\/sellerlogic\",\"https:\/\/www.instagram.com\/sellerlogic\/\",\"https:\/\/www.linkedin.com\/company\/18402037\/\",\"https:\/\/www.youtube.com\/channel\/UC-gULUur-fNj08sprantKsQ\"]}]}<\/script>\n<!-- \/ Yoast SEO plugin. -->","yoast_head_json":{"title":"\"Samtige Haut\" dost\u00e1va n\u00e1hradu od Amazonu prostredn\u00edctvom SELLERLOGIC Lost & Found","description":"N\u00e1hrady jedn\u00fdm kliknut\u00edm: Z\u00e1kazn\u00edk SELLERLOGIC \"Samtige Haut\" dost\u00e1va svoje n\u00e1hrady od Amazonu prostredn\u00edctvom Lost & Found.","robots":{"index":"index","follow":"follow","max-snippet":"max-snippet:-1","max-image-preview":"max-image-preview:large","max-video-preview":"max-video-preview:-1"},"canonical":"https:\/\/www.sellerlogic.com\/sk\/resources\/success-story-samtige-haut\/","og_locale":"sk_SK","og_type":"article","og_title":"\"Samtige Haut\" dost\u00e1va n\u00e1hradu od Amazonu prostredn\u00edctvom SELLERLOGIC Lost & Found","og_description":"N\u00e1hrady jedn\u00fdm kliknut\u00edm: Z\u00e1kazn\u00edk SELLERLOGIC \"Samtige Haut\" dost\u00e1va svoje n\u00e1hrady od Amazonu prostredn\u00edctvom Lost & Found.","og_url":"https:\/\/www.sellerlogic.com\/sk\/resources\/success-story-samtige-haut\/","og_site_name":"SELLERLOGIC - Smarte Tools f\u00fcr Amazon-Seller","article_publisher":"https:\/\/www.facebook.com\/SellerLogic\/","og_image":[{"url":"https:\/\/www.sellerlogic.com\/wp-content\/uploads\/2020\/12\/samtige-haut-logo.png","type":"","width":"","height":""}],"twitter_card":"summary_large_image","twitter_site":"@sellerlogic","twitter_misc":{"Est. reading time":"3 minutes"},"schema":{"@context":"https:\/\/schema.org","@graph":[{"@type":"WebPage","@id":"https:\/\/www.sellerlogic.com\/sk\/resources\/success-story-samtige-haut\/","url":"https:\/\/www.sellerlogic.com\/sk\/resources\/success-story-samtige-haut\/","name":"\"Samtige Haut\" dost\u00e1va n\u00e1hradu od Amazonu prostredn\u00edctvom SELLERLOGIC Lost & Found","isPartOf":{"@id":"https:\/\/www.sellerlogic.com\/sk\/#website"},"primaryImageOfPage":{"@id":"https:\/\/www.sellerlogic.com\/sk\/resources\/success-story-samtige-haut\/#primaryimage"},"image":{"@id":"https:\/\/www.sellerlogic.com\/sk\/resources\/success-story-samtige-haut\/#primaryimage"},"thumbnailUrl":"https:\/\/www.sellerlogic.com\/wp-content\/uploads\/2020\/12\/samtige-haut-logo.png","datePublished":"2020-12-18T10:43:41+00:00","description":"N\u00e1hrady jedn\u00fdm kliknut\u00edm: Z\u00e1kazn\u00edk SELLERLOGIC \"Samtige Haut\" dost\u00e1va svoje n\u00e1hrady od Amazonu prostredn\u00edctvom Lost & Found.","breadcrumb":{"@id":"https:\/\/www.sellerlogic.com\/sk\/resources\/success-story-samtige-haut\/#breadcrumb"},"inLanguage":"sk-SK","potentialAction":[{"@type":"ReadAction","target":["https:\/\/www.sellerlogic.com\/sk\/resources\/success-story-samtige-haut\/"]}]},{"@type":"ImageObject","inLanguage":"sk-SK","@id":"https:\/\/www.sellerlogic.com\/sk\/resources\/success-story-samtige-haut\/#primaryimage","url":"https:\/\/www.sellerlogic.com\/wp-content\/uploads\/2020\/12\/samtige-haut-logo.png","contentUrl":"https:\/\/www.sellerlogic.com\/wp-content\/uploads\/2020\/12\/samtige-haut-logo.png"},{"@type":"BreadcrumbList","@id":"https:\/\/www.sellerlogic.com\/sk\/resources\/success-story-samtige-haut\/#breadcrumb","itemListElement":[{"@type":"ListItem","position":1,"name":"Home","item":"https:\/\/www.sellerlogic.com\/sk\/"},{"@type":"ListItem","position":2,"name":"Ressources EN","item":"https:\/\/www.sellerlogic.com\/sk\/resources\/"},{"@type":"ListItem","position":3,"name":"\u00daspe\u0161n\u00fd pr\u00edbeh: Sametov\u00e1 poko\u017eka EN"}]},{"@type":"WebSite","@id":"https:\/\/www.sellerlogic.com\/sk\/#website","url":"https:\/\/www.sellerlogic.com\/sk\/","name":"SELLERLOGIC - Smarte Tools f\u00fcr Amazon-Seller","description":"Intelligente Prozessoptimierung und Gewinnmaximierung","publisher":{"@id":"https:\/\/www.sellerlogic.com\/sk\/#organization"},"potentialAction":[{"@type":"SearchAction","target":{"@type":"EntryPoint","urlTemplate":"https:\/\/www.sellerlogic.com\/sk\/?s={search_term_string}"},"query-input":{"@type":"PropertyValueSpecification","valueRequired":true,"valueName":"search_term_string"}}],"inLanguage":"sk-SK"},{"@type":"Organization","@id":"https:\/\/www.sellerlogic.com\/sk\/#organization","name":"SELLERLOGIC","url":"https:\/\/www.sellerlogic.com\/sk\/","logo":{"@type":"ImageObject","inLanguage":"sk-SK","@id":"https:\/\/www.sellerlogic.com\/sk\/#\/schema\/logo\/image\/","url":"https:\/\/d2bw95mh2ee04s.cloudfront.net\/prod\/content\/wp-content\/uploads\/2025\/01\/02134814\/Property-Logo-Main.svg","contentUrl":"https:\/\/d2bw95mh2ee04s.cloudfront.net\/prod\/content\/wp-content\/uploads\/2025\/01\/02134814\/Property-Logo-Main.svg","width":184,"height":40,"caption":"SELLERLOGIC"},"image":{"@id":"https:\/\/www.sellerlogic.com\/sk\/#\/schema\/logo\/image\/"},"sameAs":["https:\/\/www.facebook.com\/SellerLogic\/","https:\/\/x.com\/sellerlogic","https:\/\/www.instagram.com\/sellerlogic\/","https:\/\/www.linkedin.com\/company\/18402037\/","https:\/\/www.youtube.com\/channel\/UC-gULUur-fNj08sprantKsQ"]}]}},"_links":{"self":[{"href":"https:\/\/www.sellerlogic.com\/sk\/wp-json\/wp\/v2\/pages\/228003","targetHints":{"allow":["GET"]}}],"collection":[{"href":"https:\/\/www.sellerlogic.com\/sk\/wp-json\/wp\/v2\/pages"}],"about":[{"href":"https:\/\/www.sellerlogic.com\/sk\/wp-json\/wp\/v2\/types\/page"}],"author":[{"embeddable":true,"href":"https:\/\/www.sellerlogic.com\/sk\/wp-json\/wp\/v2\/users\/8"}],"replies":[{"embeddable":true,"href":"https:\/\/www.sellerlogic.com\/sk\/wp-json\/wp\/v2\/comments?post=228003"}],"version-history":[{"count":0,"href":"https:\/\/www.sellerlogic.com\/sk\/wp-json\/wp\/v2\/pages\/228003\/revisions"}],"up":[{"embeddable":true,"href":"https:\/\/www.sellerlogic.com\/sk\/wp-json\/wp\/v2\/pages\/228213"}],"wp:attachment":[{"href":"https:\/\/www.sellerlogic.com\/sk\/wp-json\/wp\/v2\/media?parent=228003"}],"curies":[{"name":"wp","href":"https:\/\/api.w.org\/{rel}","templated":true}]}}