
{"id":228021,"date":"2020-12-15T13:45:42","date_gmt":"2020-12-15T13:45:42","guid":{"rendered":"https:\/\/127.0.0.1\/partners\/"},"modified":"2020-12-15T13:45:42","modified_gmt":"2020-12-15T13:45:42","slug":"partners","status":"publish","type":"page","link":"https:\/\/www.sellerlogic.com\/sk\/partners\/","title":{"rendered":"Partner EN"},"content":{"rendered":"\n\t<div  class=\"theme-wp-block theme-block-main-header is-style-default desktop-align-full xl-align-full lg-align-full md-align-full sm-align-full desktop-content-align-y-center desktop-content-align-x-center xl-content-align-y-center xl-content-align-x-center lg-content-align-y-center lg-content-align-x-center md-content-align-y-center md-content-align-x-center sm-content-align-y-center sm-content-align-x-center gb-responsive-855139-identifier theme-block-cover\">\n\t\t<div class=\"bg-cover theme-lazy-load-bg\"><\/div>\n\t\t<div class=\"wrap-content-main-header\">\n\t\t\t\t\t<div  class=\"theme-wp-block theme-block-text-and-text desktop-align-wide xl-align-wide lg-align-wide md-align-wide sm-align-wide desktop-blockDirection-row xl-blockDirection-row lg-blockDirection-row md-blockDirection-row sm-blockDirection-row gb-responsive-719530-identifier desktop-vertical-center xl-vertical-center lg-vertical-center md-vertical-center sm-vertical-center\">\n\t\t<div class=\"tat-column-wrap-wrapper\">\n\t\t\t<div class=\"tat-column-wrapper\">\n\t\t\t\t\t<div  class=\"theme-wp-block theme-block-text-and-text-column gb-responsive-227437-identifier desktop-horizontal-left xl-horizontal-left lg-horizontal-left md-horizontal-left sm-horizontal-left\">\n\t\t<div class=\"inner-wrap-column-content\">\n\t\t\t<div class=\"inner-column-content\">\n\t\t\t\t<div class=\"theme-block-group-wrap  desktop-align-center xl-align-center lg-align-center md-align-center sm-align-center\"><div class=\"theme-wp-block wp-block-group aligncenter gb-responsive-310650-identifier desktop-align-center xl-align-center lg-align-center md-align-center sm-align-center has-theme-light-gray-background-color has-background\"><div class=\"wp-block-group__inner-container is-layout-flow wp-block-group-is-layout-flow\">\t\t<h1  class=\"theme-wp-block theme-block-heading gb-responsive-135394-identifier is-style-default desktop-text-center xl-text-center lg-text-center md-text-center sm-text-center h2\">\n\t\tSELLERLOGIC <br>Partnersk\u00e1 sie\u0165\t<\/h1>\n\n<hr class=\"theme-wp-block wp-block-separator is-style-default\"><\/hr>\t\t<h2  class=\"theme-wp-block theme-block-heading gb-responsive-89597-identifier is-style-default desktop-text-center xl-text-center lg-text-center md-text-center sm-text-center h3\">\n\t\t\u00daspech v e-commerce na Amazone je tie\u017e v\u00fdsledkom dobr\u00fdch partnerstiev!\t<\/h2>\n\n<\/div><\/div><\/div>\t\t\t<\/div>\n\t\t<\/div>\n\t<\/div>\n\t<div  class=\"theme-wp-block theme-block-text-and-text-column gb-responsive-601646-identifier\">\n\t\t<div class=\"inner-wrap-column-content\">\n\t\t\t<div class=\"inner-column-content\">\n\t\t\t\t\t\t\t<\/div>\n\t\t<\/div>\n\t<\/div>\n\t\t\t<\/div>\n\t\t<\/div>\n\t<\/div>\n\n\t\t<\/div>\n\t<\/div>\n\n<div style=\"height:30px\" aria-hidden=\"true\" class=\"theme-wp-block wp-block-spacer\"><\/div><div class=\"theme-wp-block wp-block-columns gb-responsive-923975-identifier is-layout-flex wp-container-core-columns-is-layout-9d6595d7 wp-block-columns-is-layout-flex\"><div class=\"theme-wp-block wp-block-column gb-responsive-166221-identifier is-layout-flow wp-block-column-is-layout-flow\" style=\"flex-basis:25%\"><\/div><div class=\"theme-wp-block wp-block-column gb-responsive-399027-identifier is-layout-flow wp-block-column-is-layout-flow\" style=\"flex-basis:100%\"><div class=\"theme-block-group-wrap  desktop-align-wide xl-align-wide lg-align-wide md-align-wide sm-align-wide\"><div class=\"theme-wp-block wp-block-group alignwide desktop-align-wide xl-align-wide lg-align-wide md-align-wide sm-align-wide gb-responsive-979960-identifier\"><div class=\"wp-block-group__inner-container is-layout-flow wp-block-group-is-layout-flow\">\t<div class=\"theme-wp-block wp-block-theme-media-text theme-block-media-text alignwide desktop-align-wide xl-align-wide lg-align-wide md-align-wide sm-align-wide desktop-blockDirection-row xl-blockDirection-row lg-blockDirection-row desktop-mediaPosition-left xl-mediaPosition-left lg-mediaPosition-left md-mediaPosition-left sm-mediaPosition-left gb-responsive-351511-identifier sm-blockDirection-column md-blockDirection-column\"><figure class=\"wp-block-theme-media-text theme-block-media-text__media\" style=\"min-width:60%;width:60%\"><img decoding=\"async\" width=\"600\" height=\"401\" src=\"https:\/\/d2bw95mh2ee04s.cloudfront.net\/prod\/content\/wp-content\/uploads\/2020\/12\/23142753\/partner-werden-partnerseite.jpeg\" alt=\"Partner SK\" class=\"wp-image-3316\" srcset=\"https:\/\/d2bw95mh2ee04s.cloudfront.net\/prod\/content\/wp-content\/uploads\/2020\/12\/23142753\/partner-werden-partnerseite-407x272.jpeg 407w, https:\/\/d2bw95mh2ee04s.cloudfront.net\/prod\/content\/wp-content\/uploads\/2020\/12\/23142753\/partner-werden-partnerseite.jpeg 600w\" sizes=\"(max-width: 600px) 100vw, 600px\" \/><\/figure><div class=\"wp-block-theme-media-text theme-block-media-text__content\"><h3 class=\"theme-wp-block gb-responsive-400785-identifier wp-block-heading\"><strong>Sta\u0148te sa partnermi<\/strong><\/h3><p class=\"theme-wp-block gb-responsive-234790-identifier\">Ste poskytovate\u013eom slu\u017eieb a chcete sa sta\u0165 partnerom, aby ste odpor\u00fa\u010dali na\u0161e dynamick\u00e9 rie\u0161enia svojim z\u00e1kazn\u00edkom okrem va\u0161ich slu\u017eieb?<\/p><div class=\"theme-wp-block wp-block-buttons gb-responsive-442301-identifier is-layout-flex wp-block-buttons-is-layout-flex\"><div class=\"theme-wp-block wp-block-button gb-responsive-375210-identifier\"><a class=\"wp-block-button__link\" href=\"https:\/\/www.sellerlogic.com\/sk\/partners\/become-a-partner\/\">Sta\u0148te sa partnermi!<\/a><\/div><\/div><\/div><\/div>\t<div class=\"theme-wp-block wp-block-theme-media-text theme-block-media-text alignwide has-media-on-the-right gb-responsive-339120-identifier desktop-mediaPosition-right xl-mediaPosition-right lg-mediaPosition-right desktop-blockDirection-row xl-blockDirection-row lg-blockDirection-row desktop-align-wide xl-align-wide lg-align-wide md-align-wide sm-align-wide sm-blockDirection-column md-blockDirection-column md-mediaPosition-left sm-mediaPosition-left\"><figure class=\"wp-block-theme-media-text theme-block-media-text__media\" style=\"min-width:55%;width:55%\"><img decoding=\"async\" width=\"600\" height=\"420\" src=\"https:\/\/d2bw95mh2ee04s.cloudfront.net\/prod\/content\/wp-content\/uploads\/2020\/12\/23142753\/partner-finden-partnerseite.jpeg\" alt=\"Partner SK\" class=\"wp-image-3320\" srcset=\"https:\/\/d2bw95mh2ee04s.cloudfront.net\/prod\/content\/wp-content\/uploads\/2020\/12\/23142753\/partner-finden-partnerseite-407x285.jpeg 407w, https:\/\/d2bw95mh2ee04s.cloudfront.net\/prod\/content\/wp-content\/uploads\/2020\/12\/23142753\/partner-finden-partnerseite.jpeg 600w\" sizes=\"(max-width: 600px) 100vw, 600px\" \/><\/figure><div class=\"wp-block-theme-media-text theme-block-media-text__content\"><h3 class=\"theme-wp-block gb-responsive-737302-identifier wp-block-heading\"><strong>N\u00e1jdite partnerov<\/strong><\/h3><p class=\"theme-wp-block gb-responsive-436041-identifier\">Ste predajcom na Amazone, ktor\u00fd h\u013ead\u00e1 kompetentn\u00fdch poskytovate\u013eov slu\u017eieb, ktor\u00ed v\u00e1m m\u00f4\u017eu pon\u00faknu\u0165 \u010fal\u0161iu podporu a rie\u0161enia pre va\u0161e podnikanie na Amazone okrem na\u0161ich n\u00e1strojov?<\/p><div class=\"theme-wp-block wp-block-buttons gb-responsive-2620-identifier is-layout-flex wp-block-buttons-is-layout-flex\"><div class=\"theme-wp-block wp-block-button gb-responsive-96861-identifier\"><a class=\"wp-block-button__link\" href=\"https:\/\/www.sellerlogic.com\/sk\/partners\/our-partners\/\">N\u00e1jdite partnerov!<\/a><\/div><\/div><\/div><\/div><\/div><\/div><\/div><\/div><div class=\"theme-wp-block wp-block-column gb-responsive-86289-identifier is-layout-flow wp-block-column-is-layout-flow\" style=\"flex-basis:25%\"><\/div><\/div>","protected":false},"excerpt":{"rendered":"","protected":false},"author":3,"featured_media":0,"parent":0,"menu_order":0,"comment_status":"closed","ping_status":"closed","template":"","meta":{"sidebar_recommended_resources":{"data":[]},"sidebar_header_settings":{"hide_buttons":{"register":false}},"_use_new_theme":false,"inline_featured_image":false,"footnotes":""},"class_list":["post-228021","page","type-page","status-publish","hentry"],"yoast_head":"<!-- This site is optimized with the Yoast SEO plugin v26.8 - https:\/\/yoast.com\/product\/yoast-seo-wordpress\/ -->\n<title>Sta\u0148te sa partnerom, n\u00e1jdite partnera | SELLERLOGIC Partner Network<\/title>\n<meta name=\"description\" content=\"H\u013ead\u00e1te kompetentn\u00e9ho poskytovate\u013ea slu\u017eieb, ktor\u00fd v\u00e1m m\u00f4\u017ee pon\u00faknu\u0165 \u010fal\u0161iu podporu, alebo sa chcete sta\u0165 jedn\u00fdm z nich? Zistite viac tu!\" \/>\n<meta name=\"robots\" content=\"index, follow, max-snippet:-1, max-image-preview:large, max-video-preview:-1\" \/>\n<link rel=\"canonical\" href=\"https:\/\/www.sellerlogic.com\/sk\/partners\/\" \/>\n<meta property=\"og:locale\" content=\"sk_SK\" \/>\n<meta property=\"og:type\" content=\"article\" \/>\n<meta property=\"og:title\" content=\"Sta\u0148te sa partnerom, n\u00e1jdite partnera | SELLERLOGIC Partner Network\" \/>\n<meta property=\"og:description\" content=\"H\u013ead\u00e1te kompetentn\u00e9ho poskytovate\u013ea slu\u017eieb, ktor\u00fd v\u00e1m m\u00f4\u017ee pon\u00faknu\u0165 \u010fal\u0161iu podporu, alebo sa chcete sta\u0165 jedn\u00fdm z nich? Zistite viac tu!\" \/>\n<meta property=\"og:url\" content=\"https:\/\/www.sellerlogic.com\/sk\/partners\/\" \/>\n<meta property=\"og:site_name\" content=\"SELLERLOGIC - Smarte Tools f\u00fcr Amazon-Seller\" \/>\n<meta property=\"article:publisher\" content=\"https:\/\/www.facebook.com\/SellerLogic\/\" \/>\n<meta property=\"og:image\" content=\"https:\/\/www.sellerlogic.com\/wp-content\/uploads\/2020\/12\/partner-werden-partnerseite.jpeg\" \/>\n<meta name=\"twitter:card\" content=\"summary_large_image\" \/>\n<meta name=\"twitter:site\" content=\"@sellerlogic\" \/>\n<meta name=\"twitter:label1\" content=\"Est. reading time\" \/>\n\t<meta name=\"twitter:data1\" content=\"1 minute\" \/>\n<script type=\"application\/ld+json\" class=\"yoast-schema-graph\">{\"@context\":\"https:\/\/schema.org\",\"@graph\":[{\"@type\":\"WebPage\",\"@id\":\"https:\/\/www.sellerlogic.com\/sk\/partners\/\",\"url\":\"https:\/\/www.sellerlogic.com\/sk\/partners\/\",\"name\":\"Sta\u0148te sa partnerom, n\u00e1jdite partnera | SELLERLOGIC Partner Network\",\"isPartOf\":{\"@id\":\"https:\/\/www.sellerlogic.com\/sk\/#website\"},\"primaryImageOfPage\":{\"@id\":\"https:\/\/www.sellerlogic.com\/sk\/partners\/#primaryimage\"},\"image\":{\"@id\":\"https:\/\/www.sellerlogic.com\/sk\/partners\/#primaryimage\"},\"thumbnailUrl\":\"https:\/\/www.sellerlogic.com\/wp-content\/uploads\/2020\/12\/partner-werden-partnerseite.jpeg\",\"datePublished\":\"2020-12-15T13:45:42+00:00\",\"description\":\"H\u013ead\u00e1te kompetentn\u00e9ho poskytovate\u013ea slu\u017eieb, ktor\u00fd v\u00e1m m\u00f4\u017ee pon\u00faknu\u0165 \u010fal\u0161iu podporu, alebo sa chcete sta\u0165 jedn\u00fdm z nich? Zistite viac tu!\",\"breadcrumb\":{\"@id\":\"https:\/\/www.sellerlogic.com\/sk\/partners\/#breadcrumb\"},\"inLanguage\":\"sk-SK\",\"potentialAction\":[{\"@type\":\"ReadAction\",\"target\":[\"https:\/\/www.sellerlogic.com\/sk\/partners\/\"]}]},{\"@type\":\"ImageObject\",\"inLanguage\":\"sk-SK\",\"@id\":\"https:\/\/www.sellerlogic.com\/sk\/partners\/#primaryimage\",\"url\":\"https:\/\/www.sellerlogic.com\/wp-content\/uploads\/2020\/12\/partner-werden-partnerseite.jpeg\",\"contentUrl\":\"https:\/\/www.sellerlogic.com\/wp-content\/uploads\/2020\/12\/partner-werden-partnerseite.jpeg\"},{\"@type\":\"BreadcrumbList\",\"@id\":\"https:\/\/www.sellerlogic.com\/sk\/partners\/#breadcrumb\",\"itemListElement\":[{\"@type\":\"ListItem\",\"position\":1,\"name\":\"Home\",\"item\":\"https:\/\/www.sellerlogic.com\/sk\/\"},{\"@type\":\"ListItem\",\"position\":2,\"name\":\"Partner EN\"}]},{\"@type\":\"WebSite\",\"@id\":\"https:\/\/www.sellerlogic.com\/sk\/#website\",\"url\":\"https:\/\/www.sellerlogic.com\/sk\/\",\"name\":\"SELLERLOGIC - Smarte Tools f\u00fcr Amazon-Seller\",\"description\":\"Intelligente Prozessoptimierung und Gewinnmaximierung\",\"publisher\":{\"@id\":\"https:\/\/www.sellerlogic.com\/sk\/#organization\"},\"potentialAction\":[{\"@type\":\"SearchAction\",\"target\":{\"@type\":\"EntryPoint\",\"urlTemplate\":\"https:\/\/www.sellerlogic.com\/sk\/?s={search_term_string}\"},\"query-input\":{\"@type\":\"PropertyValueSpecification\",\"valueRequired\":true,\"valueName\":\"search_term_string\"}}],\"inLanguage\":\"sk-SK\"},{\"@type\":\"Organization\",\"@id\":\"https:\/\/www.sellerlogic.com\/sk\/#organization\",\"name\":\"SELLERLOGIC\",\"url\":\"https:\/\/www.sellerlogic.com\/sk\/\",\"logo\":{\"@type\":\"ImageObject\",\"inLanguage\":\"sk-SK\",\"@id\":\"https:\/\/www.sellerlogic.com\/sk\/#\/schema\/logo\/image\/\",\"url\":\"https:\/\/d2bw95mh2ee04s.cloudfront.net\/prod\/content\/wp-content\/uploads\/2025\/01\/02134814\/Property-Logo-Main.svg\",\"contentUrl\":\"https:\/\/d2bw95mh2ee04s.cloudfront.net\/prod\/content\/wp-content\/uploads\/2025\/01\/02134814\/Property-Logo-Main.svg\",\"width\":184,\"height\":40,\"caption\":\"SELLERLOGIC\"},\"image\":{\"@id\":\"https:\/\/www.sellerlogic.com\/sk\/#\/schema\/logo\/image\/\"},\"sameAs\":[\"https:\/\/www.facebook.com\/SellerLogic\/\",\"https:\/\/x.com\/sellerlogic\",\"https:\/\/www.instagram.com\/sellerlogic\/\",\"https:\/\/www.linkedin.com\/company\/18402037\/\",\"https:\/\/www.youtube.com\/channel\/UC-gULUur-fNj08sprantKsQ\"]}]}<\/script>\n<!-- \/ Yoast SEO plugin. -->","yoast_head_json":{"title":"Sta\u0148te sa partnerom, n\u00e1jdite partnera | SELLERLOGIC Partner Network","description":"H\u013ead\u00e1te kompetentn\u00e9ho poskytovate\u013ea slu\u017eieb, ktor\u00fd v\u00e1m m\u00f4\u017ee pon\u00faknu\u0165 \u010fal\u0161iu podporu, alebo sa chcete sta\u0165 jedn\u00fdm z nich? Zistite viac tu!","robots":{"index":"index","follow":"follow","max-snippet":"max-snippet:-1","max-image-preview":"max-image-preview:large","max-video-preview":"max-video-preview:-1"},"canonical":"https:\/\/www.sellerlogic.com\/sk\/partners\/","og_locale":"sk_SK","og_type":"article","og_title":"Sta\u0148te sa partnerom, n\u00e1jdite partnera | SELLERLOGIC Partner Network","og_description":"H\u013ead\u00e1te kompetentn\u00e9ho poskytovate\u013ea slu\u017eieb, ktor\u00fd v\u00e1m m\u00f4\u017ee pon\u00faknu\u0165 \u010fal\u0161iu podporu, alebo sa chcete sta\u0165 jedn\u00fdm z nich? Zistite viac tu!","og_url":"https:\/\/www.sellerlogic.com\/sk\/partners\/","og_site_name":"SELLERLOGIC - Smarte Tools f\u00fcr Amazon-Seller","article_publisher":"https:\/\/www.facebook.com\/SellerLogic\/","og_image":[{"url":"https:\/\/www.sellerlogic.com\/wp-content\/uploads\/2020\/12\/partner-werden-partnerseite.jpeg","type":"","width":"","height":""}],"twitter_card":"summary_large_image","twitter_site":"@sellerlogic","twitter_misc":{"Est. reading time":"1 minute"},"schema":{"@context":"https:\/\/schema.org","@graph":[{"@type":"WebPage","@id":"https:\/\/www.sellerlogic.com\/sk\/partners\/","url":"https:\/\/www.sellerlogic.com\/sk\/partners\/","name":"Sta\u0148te sa partnerom, n\u00e1jdite partnera | SELLERLOGIC Partner Network","isPartOf":{"@id":"https:\/\/www.sellerlogic.com\/sk\/#website"},"primaryImageOfPage":{"@id":"https:\/\/www.sellerlogic.com\/sk\/partners\/#primaryimage"},"image":{"@id":"https:\/\/www.sellerlogic.com\/sk\/partners\/#primaryimage"},"thumbnailUrl":"https:\/\/www.sellerlogic.com\/wp-content\/uploads\/2020\/12\/partner-werden-partnerseite.jpeg","datePublished":"2020-12-15T13:45:42+00:00","description":"H\u013ead\u00e1te kompetentn\u00e9ho poskytovate\u013ea slu\u017eieb, ktor\u00fd v\u00e1m m\u00f4\u017ee pon\u00faknu\u0165 \u010fal\u0161iu podporu, alebo sa chcete sta\u0165 jedn\u00fdm z nich? Zistite viac tu!","breadcrumb":{"@id":"https:\/\/www.sellerlogic.com\/sk\/partners\/#breadcrumb"},"inLanguage":"sk-SK","potentialAction":[{"@type":"ReadAction","target":["https:\/\/www.sellerlogic.com\/sk\/partners\/"]}]},{"@type":"ImageObject","inLanguage":"sk-SK","@id":"https:\/\/www.sellerlogic.com\/sk\/partners\/#primaryimage","url":"https:\/\/www.sellerlogic.com\/wp-content\/uploads\/2020\/12\/partner-werden-partnerseite.jpeg","contentUrl":"https:\/\/www.sellerlogic.com\/wp-content\/uploads\/2020\/12\/partner-werden-partnerseite.jpeg"},{"@type":"BreadcrumbList","@id":"https:\/\/www.sellerlogic.com\/sk\/partners\/#breadcrumb","itemListElement":[{"@type":"ListItem","position":1,"name":"Home","item":"https:\/\/www.sellerlogic.com\/sk\/"},{"@type":"ListItem","position":2,"name":"Partner EN"}]},{"@type":"WebSite","@id":"https:\/\/www.sellerlogic.com\/sk\/#website","url":"https:\/\/www.sellerlogic.com\/sk\/","name":"SELLERLOGIC - Smarte Tools f\u00fcr Amazon-Seller","description":"Intelligente Prozessoptimierung und Gewinnmaximierung","publisher":{"@id":"https:\/\/www.sellerlogic.com\/sk\/#organization"},"potentialAction":[{"@type":"SearchAction","target":{"@type":"EntryPoint","urlTemplate":"https:\/\/www.sellerlogic.com\/sk\/?s={search_term_string}"},"query-input":{"@type":"PropertyValueSpecification","valueRequired":true,"valueName":"search_term_string"}}],"inLanguage":"sk-SK"},{"@type":"Organization","@id":"https:\/\/www.sellerlogic.com\/sk\/#organization","name":"SELLERLOGIC","url":"https:\/\/www.sellerlogic.com\/sk\/","logo":{"@type":"ImageObject","inLanguage":"sk-SK","@id":"https:\/\/www.sellerlogic.com\/sk\/#\/schema\/logo\/image\/","url":"https:\/\/d2bw95mh2ee04s.cloudfront.net\/prod\/content\/wp-content\/uploads\/2025\/01\/02134814\/Property-Logo-Main.svg","contentUrl":"https:\/\/d2bw95mh2ee04s.cloudfront.net\/prod\/content\/wp-content\/uploads\/2025\/01\/02134814\/Property-Logo-Main.svg","width":184,"height":40,"caption":"SELLERLOGIC"},"image":{"@id":"https:\/\/www.sellerlogic.com\/sk\/#\/schema\/logo\/image\/"},"sameAs":["https:\/\/www.facebook.com\/SellerLogic\/","https:\/\/x.com\/sellerlogic","https:\/\/www.instagram.com\/sellerlogic\/","https:\/\/www.linkedin.com\/company\/18402037\/","https:\/\/www.youtube.com\/channel\/UC-gULUur-fNj08sprantKsQ"]}]}},"_links":{"self":[{"href":"https:\/\/www.sellerlogic.com\/sk\/wp-json\/wp\/v2\/pages\/228021","targetHints":{"allow":["GET"]}}],"collection":[{"href":"https:\/\/www.sellerlogic.com\/sk\/wp-json\/wp\/v2\/pages"}],"about":[{"href":"https:\/\/www.sellerlogic.com\/sk\/wp-json\/wp\/v2\/types\/page"}],"author":[{"embeddable":true,"href":"https:\/\/www.sellerlogic.com\/sk\/wp-json\/wp\/v2\/users\/3"}],"replies":[{"embeddable":true,"href":"https:\/\/www.sellerlogic.com\/sk\/wp-json\/wp\/v2\/comments?post=228021"}],"version-history":[{"count":0,"href":"https:\/\/www.sellerlogic.com\/sk\/wp-json\/wp\/v2\/pages\/228021\/revisions"}],"wp:attachment":[{"href":"https:\/\/www.sellerlogic.com\/sk\/wp-json\/wp\/v2\/media?parent=228021"}],"curies":[{"name":"wp","href":"https:\/\/api.w.org\/{rel}","templated":true}]}}