
{"id":228033,"date":"2020-12-17T16:17:58","date_gmt":"2020-12-17T16:17:58","guid":{"rendered":"https:\/\/127.0.0.1\/resources\/success-story-rewu-eu\/"},"modified":"2020-12-17T16:17:58","modified_gmt":"2020-12-17T16:17:58","slug":"success-story-rewu-eu","status":"publish","type":"page","link":"https:\/\/www.sellerlogic.com\/sk\/resources\/success-story-rewu-eu\/","title":{"rendered":"Pr\u00edbeh \u00faspechu: ReWu SK"},"content":{"rendered":"\n\t<div  class=\"theme-wp-block theme-block-main-header is-style-full-height desktop-align-full xl-align-full lg-align-full md-align-full sm-align-full desktop-content-align-y-center desktop-content-align-x-center xl-content-align-y-center xl-content-align-x-center lg-content-align-y-center lg-content-align-x-center md-content-align-y-center md-content-align-x-center sm-content-align-y-center sm-content-align-x-center gb-responsive-650367-identifier theme-block-cover\">\n\t\t<div class=\"bg-cover theme-lazy-load-bg\"><\/div>\n\t\t<div class=\"wrap-content-main-header\">\n\t\t\t\t\t<div  class=\"theme-wp-block theme-block-text-and-text gb-responsive-130700-identifier desktop-blockDirection-column xl-blockDirection-column lg-blockDirection-column md-blockDirection-column sm-blockDirection-column desktop-align-wide xl-align-wide lg-align-wide md-align-wide sm-align-wide\">\n\t\t<div class=\"tat-column-wrap-wrapper\">\n\t\t\t<div class=\"tat-column-wrapper\">\n\t\t\t\t\t<div  class=\"theme-wp-block theme-block-text-and-text-column gb-responsive-420800-identifier desktop-horizontal-center xl-horizontal-center lg-horizontal-center md-horizontal-center sm-horizontal-center\">\n\t\t<div class=\"inner-wrap-column-content\">\n\t\t\t<div class=\"inner-column-content\">\n\t\t\t\t\t\t<h1  class=\"theme-wp-block theme-block-heading is-style-default desktop-text-center xl-text-center lg-text-center md-text-center sm-text-center gb-responsive-178195-identifier h1\">\n\t\tVysokokvalitn\u00e9 bytov\u00e9 doplnky za dokonal\u00fa cenu\t<\/h1>\n\n\t\t<h2  class=\"theme-wp-block theme-block-heading is-style-default desktop-text-center xl-text-center lg-text-center md-text-center sm-text-center gb-responsive-77462-identifier desktop-align-center xl-align-center lg-align-center md-align-center sm-align-center aligncenter h2 has-text-align\">\n\t\tAko ReWu.eu vyhr\u00e1va na Amazone Buy Box\t<\/h2>\n\n\t\t\t<\/div>\n\t\t<\/div>\n\t<\/div>\n\t<div  class=\"theme-wp-block theme-block-text-and-text-column gb-responsive-983379-identifier\">\n\t\t<div class=\"inner-wrap-column-content\">\n\t\t\t<div class=\"inner-column-content\">\n\t\t\t\t\t\t\t<\/div>\n\t\t<\/div>\n\t<\/div>\n\t\t\t<\/div>\n\t\t<\/div>\n\t<\/div>\n\n\t\t<\/div>\n\t<\/div>\n\n<div style=\"height:50px\" aria-hidden=\"true\" class=\"theme-wp-block wp-block-spacer\"><\/div><div class=\"theme-wp-block wp-block-columns gb-responsive-678291-identifier is-layout-flex wp-container-core-columns-is-layout-9d6595d7 wp-block-columns-is-layout-flex\"><div class=\"theme-wp-block wp-block-column gb-responsive-277127-identifier is-layout-flow wp-block-column-is-layout-flow\" style=\"flex-basis:25%\"><figure class=\"theme-wp-block wp-block-image size-large is-resized gb-responsive-62921-identifier\"><img decoding=\"async\" src=\"https:\/\/d2bw95mh2ee04s.cloudfront.net\/prod\/content\/wp-content\/uploads\/2020\/12\/23142722\/logo_rewu.png\" alt=\"Pr\u00edbeh \u00faspechu: ReWu SK\" class=\"wp-image-4882\" width=\"300\" height=\"143\" srcset=\"https:\/\/d2bw95mh2ee04s.cloudfront.net\/prod\/content\/wp-content\/uploads\/2020\/12\/23142722\/logo_rewu-407x194.png 407w, https:\/\/d2bw95mh2ee04s.cloudfront.net\/prod\/content\/wp-content\/uploads\/2020\/12\/23142722\/logo_rewu.png 479w\" sizes=\"(max-width: 300px) 100vw, 300px\" \/><\/figure><p class=\"theme-wp-block gb-responsive-589628-identifier\"><strong>Zakladanie:<\/strong><br>J\u00fal 2017<\/p><p class=\"theme-wp-block gb-responsive-203014-identifier\"><strong>Odvetvie:<\/strong><br>\u00dadr\u017eba dom\u00e1cnosti, n\u00e1bytok,<br>hra\u010dky<\/p><p class=\"theme-wp-block gb-responsive-55456-identifier\"><strong>Predmety na Amazone:\u00a0<\/strong><br>pribli\u017ene 900<\/p><p class=\"theme-wp-block gb-responsive-107672-identifier\"><strong>Odoslania:<\/strong><br>pribli\u017ene 7.200 za mesiac<\/p><\/div><div class=\"theme-wp-block wp-block-column gb-responsive-745505-identifier is-layout-flow wp-block-column-is-layout-flow\" style=\"flex-basis:50%\"><h3 class=\"theme-wp-block wp-block-heading gb-responsive-34353-identifier\" id=\"block-c06fce04-ef87-4ffc-a3d6-b768ba377d17\">Pozadie:<\/h3><p class=\"theme-wp-block gb-responsive-175924-identifier desktop-gb-has-no-icon xl-gb-has-no-icon lg-gb-has-no-icon md-gb-has-no-icon sm-gb-has-no-icon\">Florian Wucherpfennig h\u013eadal nov\u00e9 sk\u00fasenosti okrem svojej pr\u00e1ce na pln\u00fd \u00fav\u00e4zok v rodinnej elektrickej firme. Na radu priate\u013ea za\u010dal uva\u017eova\u0165 o predaji na Amazone.<\/p><p class=\"theme-wp-block gb-responsive-353482-identifier desktop-gb-has-no-icon xl-gb-has-no-icon lg-gb-has-no-icon md-gb-has-no-icon sm-gb-has-no-icon\">Aby bol predajca \u00faspe\u0161n\u00fd na online platforme, mus\u00ed prekona\u0165 nieko\u013eko prek\u00e1\u017eok a kona\u0165. Z\u00e1kazn\u00edcky servis a optimaliz\u00e1cia cien tvoria z\u00e1klad \u00faspechu na trhu a robia predajcu v\u00fdnimo\u010dn\u00fdm. Po spusten\u00ed svojho obchodu na Amazone ReWu.eu Florian okam\u017eite rozpoznal v\u00fdznam z\u00e1kazn\u00edckeho servisu a cenotvorby.<\/p><h3 class=\"theme-wp-block wp-block-heading gb-responsive-182281-identifier\">V\u00fdzva:<\/h3><p class=\"theme-wp-block gb-responsive-432341-identifier desktop-gb-has-no-icon xl-gb-has-no-icon lg-gb-has-no-icon md-gb-has-no-icon sm-gb-has-no-icon\">Takmer ka\u017ed\u00fd druh\u00fd euro vynalo\u017een\u00fd online kon\u010d\u00ed na Amazone. V tomto silne konkuren\u010dnom online podnikan\u00ed sa ReWu.eu mus\u00ed presadi\u0165 medzi ostatn\u00fdmi 100 000 online predajcami v Nemecku. Ke\u010f\u017ee Florian pred\u00e1va v\u00fdhradne ve\u013ekoobchod, riadite\u013e sa mus\u00ed ka\u017ed\u00fd de\u0148 vyrovn\u00e1va\u0165 s rast\u00facou konkurenciou. Ceny m\u00f4\u017eu klesa\u0165 a kvalita tovaru trp\u00ed kv\u00f4li tomu.<\/p><p class=\"theme-wp-block gb-responsive-926294-identifier desktop-gb-has-no-icon xl-gb-has-no-icon lg-gb-has-no-icon md-gb-has-no-icon sm-gb-has-no-icon\">\u201eNechceme pred\u00e1va\u0165 z\u00e1kazn\u00edkom nekvalitn\u00e9 produkty za najni\u017e\u0161iu cenu. Na\u0161\u00edm cie\u013eom je pon\u00faka\u0165 kvalitn\u00e9 produkty so z\u00e1kazn\u00edckym servisom, ktor\u00fd \u017eiadny z na\u0161ich konkurentov nem\u00f4\u017ee prekona\u0165. To je na\u0161a najvy\u0161\u0161ia priorita. Takto zost\u00e1vame konkurencieschopn\u00ed. Samozrejme, cenov\u00e1 vojna je pr\u00edtomn\u00e1 aj v segmente kvality. Preto sme potrebovali partnera na optimaliz\u00e1ciu cien, ktor\u00fd sa nespolieha na najni\u017e\u0161iu cenu, aby sa dostal do Buy Box, ale sk\u00f4r kon\u00e1 dynamicky a prisp\u00f4sobuje ceny pod\u013ea trhovej situ\u00e1cie,\u201c vysvet\u013euje Florian.<\/p><h3 class=\"theme-wp-block wp-block-heading gb-responsive-115756-identifier\">Rie\u0161enie:<\/h3><p class=\"theme-wp-block gb-responsive-578168-identifier desktop-gb-has-no-icon xl-gb-has-no-icon lg-gb-has-no-icon md-gb-has-no-icon sm-gb-has-no-icon\">Florian stavil na SELLERLOGIC Repricer, preto\u017ee v\u00e1m to zabezpe\u010duje Buy Box a najvy\u0161\u0161iu cenu. Po umiestnen\u00ed produktov do Buy Box Repricer optimalizuje cenu dan\u00e9ho produktu na mo\u017en\u00e9 maximum. \u201eV s\u00fa\u010dasnosti sme zameran\u00ed na tovar. Preto je produkt SELLERLOGIC pre n\u00e1s nevyhnutn\u00fd. Prisp\u00f4sobuje ceny trhovej situ\u00e1cii, ale tie\u017e pom\u00e1ha z\u00edska\u0165 r\u00fdchly preh\u013ead o segmentoch, v ktor\u00fdch mus\u00edme e\u0161te iterova\u0165 alebo ich potrebujeme pozorova\u0165 bli\u017e\u0161ie,\u201c potvrdzuje Florian.<\/p><div class=\"theme-block-group-wrap\"><div class=\"theme-wp-block wp-block-group gb-responsive-88118-identifier\">\t\t<div  class=\"theme-wp-block theme-block-user-card gb-responsive-799176-identifier is-style-full-width-line desktop-gb-has-no-icon xl-gb-has-no-icon lg-gb-has-no-icon md-gb-has-no-icon sm-gb-has-no-icon\">\n\t\t<div class=\"wrap-inner-content\">\n\t\t\t<div class=\"card-user-head\">\n\t\t\t\t<div class=\"card-user-avatar\">\n\t\t\t\t\t<div class=\"cover-avatar\" style=\"background-image: url(https:\/\/d2bw95mh2ee04s.cloudfront.net\/prod\/content\/wp-content\/uploads\/2020\/12\/23142721\/florian_wucherpfennig_raute.png);\"><\/div>\n\t\t\t\t<\/div>\n\t\t\t\t<div class=\"wrap-title\">\n\t\t\t\t\t<div class=\"card-user-name\">\n\t\t\t\t\t\t<div class=\"title\">\n\t\t\t\t\t\t\t<h3 class=\"heading-text\"><strong>Florian Wucherpfennig<\/strong><\/h3>\n\t\t\t\t\t\t<\/div>\n\t\t\t\t\t\t<div class=\"card-user-position\">\n\t\t\t\t\t\t\t<div class=\"card-text\"><strong>Gener\u00e1lny riadite\u013e ReWu.eu<\/strong><\/div>\n\t\t\t\t\t\t<\/div>\n\t\t\t\t\t<\/div>\n\t\t\t\t\t<div class=\"card-user-quote-icon\">\n\t\t\t\t\t<\/div>\n\t\t\t\t<\/div>\n\t\t\t<\/div>\n\t\t\t<div class=\"card-user-text\">\n\t\t\t\t<div class=\"card-text\"><p>\u201eVe\u013emi si mysl\u00edm, \u017ee SELLERLOGIC n\u00e1m \u0161etr\u00ed obrovsk\u00e9 zdroje. Teraz m\u00f4\u017eeme investova\u0165 \u010das, pracovn\u00fa silu a peniaze do z\u00e1kazn\u00edckej podpory. Samozrejme, vy\u0161\u0161\u00ed zisk je rovnako d\u00f4le\u017eit\u00fd a Repricer to dod\u00e1va zaka\u017ed\u00fdm.\u201c<\/p><\/div>\n\t\t\t<\/div>\n\t\t<\/div>\n\t<\/div>\n\n<\/div><\/div><h3 class=\"theme-wp-block wp-block-heading gb-responsive-595368-identifier\">\u00daspe\u0161n\u00e9 v\u00fdsledky s SELLERLOGIC:<\/h3><p class=\"theme-wp-block gb-responsive-295853-identifier desktop-gb-has-no-icon xl-gb-has-no-icon lg-gb-has-no-icon md-gb-has-no-icon sm-gb-has-no-icon\">Z\u00e1kazn\u00edcky servis m\u00e1 vysok\u00e9 postavenie v ReWU.eu. Florian vysvet\u013euje, pre\u010do: \u201eJe zn\u00e1me, \u017ee dobr\u00fd z\u00e1kazn\u00edcky servis je energeticky n\u00e1ro\u010dn\u00fd, ale na konci sa to vypl\u00e1ca dvojn\u00e1sobne. Je to tie\u017e spo\u013eahliv\u00e1 met\u00f3da, ako sa odl\u00ed\u0161i\u0165 od konkurencie. Pou\u017e\u00edvanie Repricer n\u00e1m umo\u017e\u0148uje u\u0161etri\u0165 obrovsk\u00e9 mno\u017estvo energie, ktor\u00fa m\u00f4\u017eeme nasmerova\u0165 do n\u00e1\u0161ho z\u00e1kazn\u00edckeho servisu, \u010do zase prospieva na\u0161im klientom. Samozrejme, vy\u0161\u0161\u00ed zisk, ktor\u00fd Repricer poskytuje, je rovnako d\u00f4le\u017eit\u00fd a dod\u00e1va sa zaka\u017ed\u00fdm.\u201c<\/p><p class=\"theme-wp-block gb-responsive-525743-identifier desktop-gb-has-no-icon xl-gb-has-no-icon lg-gb-has-no-icon md-gb-has-no-icon sm-gb-has-no-icon\">\u201eJe \u0165a\u017ek\u00e9 si predstavi\u0165, \u017ee by sme manu\u00e1lne prech\u00e1dzali ka\u017ed\u00fdm produktom znova a znova, ke\u010f sa konkurencia men\u00ed. Namiesto toho sa na na\u0161e produkty pozer\u00e1me raz t\u00fd\u017edenne, kontrolujeme, ktor\u00e9 nie s\u00fa v Buy Box a rob\u00edme \u00fapravy. Repricer sa postar\u00e1 o zvy\u0161ok,\u201c pokra\u010duje Florian. \u201eAv\u0161ak ver\u00edm, \u017ee tento n\u00e1stroj e\u0161te nevyu\u017e\u00edvame na 100 % jeho schopnost\u00ed a st\u00e1le existuje nieko\u013eko vychyt\u00e1vok a funkci\u00ed, ktor\u00e9 by mohli by\u0165 u\u017eito\u010dn\u00e9 a z\u00e1bavn\u00e9.\u201c<\/p><div class=\"theme-wp-block wp-block-buttons gb-responsive-497426-identifier is-layout-flex wp-block-buttons-is-layout-flex\"><div class=\"theme-wp-block wp-block-button gb-responsive-38220-identifier is-style-theme-transparent-with-arrow\"><a class=\"wp-block-button__link wp-element-button\" href=\"https:\/\/d2bw95mh2ee04s.cloudfront.net\/prod\/content\/files\/SUCCESS-STORIES\/EN\/SELLERLOGIC_SN_Success-Story_ReWu_EN.pdf\" target=\"_blank\" rel=\"noreferrer noopener nofollow\">Stiahnite si teraz!<\/a><\/div><\/div><\/div><div class=\"theme-wp-block wp-block-column gb-responsive-561369-identifier is-layout-flow wp-block-column-is-layout-flow\" style=\"flex-basis:25%\"><\/div><\/div>","protected":false},"excerpt":{"rendered":"<p>Zakladanie:J\u00fal 2017 Odvetvie:\u00dadr\u017eba dom\u00e1cnosti, n\u00e1bytok,hra\u010dky Predmety na Amazone:\u00a0pribli\u017ene 900 Odoslania:pribli\u017ene 7.200 za mesiac Pozadie: Florian Wucherpfennig h\u013eadal nov\u00e9 sk\u00fasenosti okrem svojej pr\u00e1ce na pln\u00fd \u00fav\u00e4zok v rodinnej elektrickej firme. Na radu priate\u013ea za\u010dal uva\u017eova\u0165 o predaji na Amazone. Aby bol predajca \u00faspe\u0161n\u00fd na online platforme, mus\u00ed prekona\u0165 nieko\u013eko prek\u00e1\u017eok a kona\u0165. Z\u00e1kazn\u00edcky servis a optimaliz\u00e1cia<\/p>\n","protected":false},"author":3,"featured_media":4796,"parent":228213,"menu_order":0,"comment_status":"closed","ping_status":"closed","template":"","meta":{"sidebar_recommended_resources":{"data":[]},"sidebar_header_settings":{"hide_buttons":{"register":false}},"_use_new_theme":false,"inline_featured_image":false,"footnotes":""},"class_list":["post-228033","page","type-page","status-publish","has-post-thumbnail","hentry"],"yoast_head":"<!-- This site is optimized with the Yoast SEO plugin v26.8 - https:\/\/yoast.com\/product\/yoast-seo-wordpress\/ -->\n<title>Ako ReWu.eu vyhr\u00e1va na Amazone Buy Box | SELLERLOGIC<\/title>\n<meta name=\"description\" content=\"Z\u00edskanie Buy Box je na Amazone k\u013e\u00fa\u010dov\u00e9. Pozrite sa teraz, ako ReWu.eu prekon\u00e1va t\u00fato prek\u00e1\u017eku s SELLERLOGIC Repricer!\" \/>\n<meta name=\"robots\" content=\"index, follow, max-snippet:-1, max-image-preview:large, max-video-preview:-1\" \/>\n<link rel=\"canonical\" href=\"https:\/\/www.sellerlogic.com\/sk\/resources\/success-story-rewu-eu\/\" \/>\n<meta property=\"og:locale\" content=\"sk_SK\" \/>\n<meta property=\"og:type\" content=\"article\" \/>\n<meta property=\"og:title\" content=\"Ako ReWu.eu vyhr\u00e1va na Amazone Buy Box | SELLERLOGIC\" \/>\n<meta property=\"og:description\" content=\"Z\u00edskanie Buy Box je na Amazone k\u013e\u00fa\u010dov\u00e9. Pozrite sa teraz, ako ReWu.eu prekon\u00e1va t\u00fato prek\u00e1\u017eku s SELLERLOGIC Repricer!\" \/>\n<meta property=\"og:url\" content=\"https:\/\/www.sellerlogic.com\/sk\/resources\/success-story-rewu-eu\/\" \/>\n<meta property=\"og:site_name\" content=\"SELLERLOGIC - Smarte Tools f\u00fcr Amazon-Seller\" \/>\n<meta property=\"article:publisher\" content=\"https:\/\/www.facebook.com\/SellerLogic\/\" \/>\n<meta property=\"og:image\" content=\"https:\/\/d2bw95mh2ee04s.cloudfront.net\/prod\/content\/wp-content\/uploads\/2020\/12\/23142724\/header-success-story-rewu.jpg\" \/>\n\t<meta property=\"og:image:width\" content=\"2500\" \/>\n\t<meta property=\"og:image:height\" content=\"1667\" \/>\n\t<meta property=\"og:image:type\" content=\"image\/jpeg\" \/>\n<meta name=\"twitter:card\" content=\"summary_large_image\" \/>\n<meta name=\"twitter:site\" content=\"@sellerlogic\" \/>\n<meta name=\"twitter:label1\" content=\"Est. reading time\" \/>\n\t<meta name=\"twitter:data1\" content=\"3 minutes\" \/>\n<script type=\"application\/ld+json\" class=\"yoast-schema-graph\">{\"@context\":\"https:\/\/schema.org\",\"@graph\":[{\"@type\":\"WebPage\",\"@id\":\"https:\/\/www.sellerlogic.com\/sk\/resources\/success-story-rewu-eu\/\",\"url\":\"https:\/\/www.sellerlogic.com\/sk\/resources\/success-story-rewu-eu\/\",\"name\":\"Ako ReWu.eu vyhr\u00e1va na Amazone Buy Box | SELLERLOGIC\",\"isPartOf\":{\"@id\":\"https:\/\/www.sellerlogic.com\/sk\/#website\"},\"primaryImageOfPage\":{\"@id\":\"https:\/\/www.sellerlogic.com\/sk\/resources\/success-story-rewu-eu\/#primaryimage\"},\"image\":{\"@id\":\"https:\/\/www.sellerlogic.com\/sk\/resources\/success-story-rewu-eu\/#primaryimage\"},\"thumbnailUrl\":\"https:\/\/d2bw95mh2ee04s.cloudfront.net\/prod\/content\/wp-content\/uploads\/2020\/12\/23142724\/header-success-story-rewu.jpg\",\"datePublished\":\"2020-12-17T16:17:58+00:00\",\"description\":\"Z\u00edskanie Buy Box je na Amazone k\u013e\u00fa\u010dov\u00e9. Pozrite sa teraz, ako ReWu.eu prekon\u00e1va t\u00fato prek\u00e1\u017eku s SELLERLOGIC Repricer!\",\"breadcrumb\":{\"@id\":\"https:\/\/www.sellerlogic.com\/sk\/resources\/success-story-rewu-eu\/#breadcrumb\"},\"inLanguage\":\"sk-SK\",\"potentialAction\":[{\"@type\":\"ReadAction\",\"target\":[\"https:\/\/www.sellerlogic.com\/sk\/resources\/success-story-rewu-eu\/\"]}]},{\"@type\":\"ImageObject\",\"inLanguage\":\"sk-SK\",\"@id\":\"https:\/\/www.sellerlogic.com\/sk\/resources\/success-story-rewu-eu\/#primaryimage\",\"url\":\"https:\/\/d2bw95mh2ee04s.cloudfront.net\/prod\/content\/wp-content\/uploads\/2020\/12\/23142724\/header-success-story-rewu.jpg\",\"contentUrl\":\"https:\/\/d2bw95mh2ee04s.cloudfront.net\/prod\/content\/wp-content\/uploads\/2020\/12\/23142724\/header-success-story-rewu.jpg\",\"width\":2500,\"height\":1667,\"caption\":\"Amazon seller software for professionals: SELLERLOGIC Repricer\"},{\"@type\":\"BreadcrumbList\",\"@id\":\"https:\/\/www.sellerlogic.com\/sk\/resources\/success-story-rewu-eu\/#breadcrumb\",\"itemListElement\":[{\"@type\":\"ListItem\",\"position\":1,\"name\":\"Home\",\"item\":\"https:\/\/www.sellerlogic.com\/sk\/\"},{\"@type\":\"ListItem\",\"position\":2,\"name\":\"Ressources EN\",\"item\":\"https:\/\/www.sellerlogic.com\/sk\/resources\/\"},{\"@type\":\"ListItem\",\"position\":3,\"name\":\"Pr\u00edbeh \u00faspechu: ReWu SK\"}]},{\"@type\":\"WebSite\",\"@id\":\"https:\/\/www.sellerlogic.com\/sk\/#website\",\"url\":\"https:\/\/www.sellerlogic.com\/sk\/\",\"name\":\"SELLERLOGIC - Smarte Tools f\u00fcr Amazon-Seller\",\"description\":\"Intelligente Prozessoptimierung und Gewinnmaximierung\",\"publisher\":{\"@id\":\"https:\/\/www.sellerlogic.com\/sk\/#organization\"},\"potentialAction\":[{\"@type\":\"SearchAction\",\"target\":{\"@type\":\"EntryPoint\",\"urlTemplate\":\"https:\/\/www.sellerlogic.com\/sk\/?s={search_term_string}\"},\"query-input\":{\"@type\":\"PropertyValueSpecification\",\"valueRequired\":true,\"valueName\":\"search_term_string\"}}],\"inLanguage\":\"sk-SK\"},{\"@type\":\"Organization\",\"@id\":\"https:\/\/www.sellerlogic.com\/sk\/#organization\",\"name\":\"SELLERLOGIC\",\"url\":\"https:\/\/www.sellerlogic.com\/sk\/\",\"logo\":{\"@type\":\"ImageObject\",\"inLanguage\":\"sk-SK\",\"@id\":\"https:\/\/www.sellerlogic.com\/sk\/#\/schema\/logo\/image\/\",\"url\":\"https:\/\/d2bw95mh2ee04s.cloudfront.net\/prod\/content\/wp-content\/uploads\/2025\/01\/02134814\/Property-Logo-Main.svg\",\"contentUrl\":\"https:\/\/d2bw95mh2ee04s.cloudfront.net\/prod\/content\/wp-content\/uploads\/2025\/01\/02134814\/Property-Logo-Main.svg\",\"width\":184,\"height\":40,\"caption\":\"SELLERLOGIC\"},\"image\":{\"@id\":\"https:\/\/www.sellerlogic.com\/sk\/#\/schema\/logo\/image\/\"},\"sameAs\":[\"https:\/\/www.facebook.com\/SellerLogic\/\",\"https:\/\/x.com\/sellerlogic\",\"https:\/\/www.instagram.com\/sellerlogic\/\",\"https:\/\/www.linkedin.com\/company\/18402037\/\",\"https:\/\/www.youtube.com\/channel\/UC-gULUur-fNj08sprantKsQ\"]}]}<\/script>\n<!-- \/ Yoast SEO plugin. -->","yoast_head_json":{"title":"Ako ReWu.eu vyhr\u00e1va na Amazone Buy Box | SELLERLOGIC","description":"Z\u00edskanie Buy Box je na Amazone k\u013e\u00fa\u010dov\u00e9. Pozrite sa teraz, ako ReWu.eu prekon\u00e1va t\u00fato prek\u00e1\u017eku s SELLERLOGIC Repricer!","robots":{"index":"index","follow":"follow","max-snippet":"max-snippet:-1","max-image-preview":"max-image-preview:large","max-video-preview":"max-video-preview:-1"},"canonical":"https:\/\/www.sellerlogic.com\/sk\/resources\/success-story-rewu-eu\/","og_locale":"sk_SK","og_type":"article","og_title":"Ako ReWu.eu vyhr\u00e1va na Amazone Buy Box | SELLERLOGIC","og_description":"Z\u00edskanie Buy Box je na Amazone k\u013e\u00fa\u010dov\u00e9. Pozrite sa teraz, ako ReWu.eu prekon\u00e1va t\u00fato prek\u00e1\u017eku s SELLERLOGIC Repricer!","og_url":"https:\/\/www.sellerlogic.com\/sk\/resources\/success-story-rewu-eu\/","og_site_name":"SELLERLOGIC - Smarte Tools f\u00fcr Amazon-Seller","article_publisher":"https:\/\/www.facebook.com\/SellerLogic\/","og_image":[{"width":2500,"height":1667,"url":"https:\/\/d2bw95mh2ee04s.cloudfront.net\/prod\/content\/wp-content\/uploads\/2020\/12\/23142724\/header-success-story-rewu.jpg","type":"image\/jpeg"}],"twitter_card":"summary_large_image","twitter_site":"@sellerlogic","twitter_misc":{"Est. reading time":"3 minutes"},"schema":{"@context":"https:\/\/schema.org","@graph":[{"@type":"WebPage","@id":"https:\/\/www.sellerlogic.com\/sk\/resources\/success-story-rewu-eu\/","url":"https:\/\/www.sellerlogic.com\/sk\/resources\/success-story-rewu-eu\/","name":"Ako ReWu.eu vyhr\u00e1va na Amazone Buy Box | SELLERLOGIC","isPartOf":{"@id":"https:\/\/www.sellerlogic.com\/sk\/#website"},"primaryImageOfPage":{"@id":"https:\/\/www.sellerlogic.com\/sk\/resources\/success-story-rewu-eu\/#primaryimage"},"image":{"@id":"https:\/\/www.sellerlogic.com\/sk\/resources\/success-story-rewu-eu\/#primaryimage"},"thumbnailUrl":"https:\/\/d2bw95mh2ee04s.cloudfront.net\/prod\/content\/wp-content\/uploads\/2020\/12\/23142724\/header-success-story-rewu.jpg","datePublished":"2020-12-17T16:17:58+00:00","description":"Z\u00edskanie Buy Box je na Amazone k\u013e\u00fa\u010dov\u00e9. Pozrite sa teraz, ako ReWu.eu prekon\u00e1va t\u00fato prek\u00e1\u017eku s SELLERLOGIC Repricer!","breadcrumb":{"@id":"https:\/\/www.sellerlogic.com\/sk\/resources\/success-story-rewu-eu\/#breadcrumb"},"inLanguage":"sk-SK","potentialAction":[{"@type":"ReadAction","target":["https:\/\/www.sellerlogic.com\/sk\/resources\/success-story-rewu-eu\/"]}]},{"@type":"ImageObject","inLanguage":"sk-SK","@id":"https:\/\/www.sellerlogic.com\/sk\/resources\/success-story-rewu-eu\/#primaryimage","url":"https:\/\/d2bw95mh2ee04s.cloudfront.net\/prod\/content\/wp-content\/uploads\/2020\/12\/23142724\/header-success-story-rewu.jpg","contentUrl":"https:\/\/d2bw95mh2ee04s.cloudfront.net\/prod\/content\/wp-content\/uploads\/2020\/12\/23142724\/header-success-story-rewu.jpg","width":2500,"height":1667,"caption":"Amazon seller software for professionals: SELLERLOGIC Repricer"},{"@type":"BreadcrumbList","@id":"https:\/\/www.sellerlogic.com\/sk\/resources\/success-story-rewu-eu\/#breadcrumb","itemListElement":[{"@type":"ListItem","position":1,"name":"Home","item":"https:\/\/www.sellerlogic.com\/sk\/"},{"@type":"ListItem","position":2,"name":"Ressources EN","item":"https:\/\/www.sellerlogic.com\/sk\/resources\/"},{"@type":"ListItem","position":3,"name":"Pr\u00edbeh \u00faspechu: ReWu SK"}]},{"@type":"WebSite","@id":"https:\/\/www.sellerlogic.com\/sk\/#website","url":"https:\/\/www.sellerlogic.com\/sk\/","name":"SELLERLOGIC - Smarte Tools f\u00fcr Amazon-Seller","description":"Intelligente Prozessoptimierung und Gewinnmaximierung","publisher":{"@id":"https:\/\/www.sellerlogic.com\/sk\/#organization"},"potentialAction":[{"@type":"SearchAction","target":{"@type":"EntryPoint","urlTemplate":"https:\/\/www.sellerlogic.com\/sk\/?s={search_term_string}"},"query-input":{"@type":"PropertyValueSpecification","valueRequired":true,"valueName":"search_term_string"}}],"inLanguage":"sk-SK"},{"@type":"Organization","@id":"https:\/\/www.sellerlogic.com\/sk\/#organization","name":"SELLERLOGIC","url":"https:\/\/www.sellerlogic.com\/sk\/","logo":{"@type":"ImageObject","inLanguage":"sk-SK","@id":"https:\/\/www.sellerlogic.com\/sk\/#\/schema\/logo\/image\/","url":"https:\/\/d2bw95mh2ee04s.cloudfront.net\/prod\/content\/wp-content\/uploads\/2025\/01\/02134814\/Property-Logo-Main.svg","contentUrl":"https:\/\/d2bw95mh2ee04s.cloudfront.net\/prod\/content\/wp-content\/uploads\/2025\/01\/02134814\/Property-Logo-Main.svg","width":184,"height":40,"caption":"SELLERLOGIC"},"image":{"@id":"https:\/\/www.sellerlogic.com\/sk\/#\/schema\/logo\/image\/"},"sameAs":["https:\/\/www.facebook.com\/SellerLogic\/","https:\/\/x.com\/sellerlogic","https:\/\/www.instagram.com\/sellerlogic\/","https:\/\/www.linkedin.com\/company\/18402037\/","https:\/\/www.youtube.com\/channel\/UC-gULUur-fNj08sprantKsQ"]}]}},"_links":{"self":[{"href":"https:\/\/www.sellerlogic.com\/sk\/wp-json\/wp\/v2\/pages\/228033","targetHints":{"allow":["GET"]}}],"collection":[{"href":"https:\/\/www.sellerlogic.com\/sk\/wp-json\/wp\/v2\/pages"}],"about":[{"href":"https:\/\/www.sellerlogic.com\/sk\/wp-json\/wp\/v2\/types\/page"}],"author":[{"embeddable":true,"href":"https:\/\/www.sellerlogic.com\/sk\/wp-json\/wp\/v2\/users\/3"}],"replies":[{"embeddable":true,"href":"https:\/\/www.sellerlogic.com\/sk\/wp-json\/wp\/v2\/comments?post=228033"}],"version-history":[{"count":0,"href":"https:\/\/www.sellerlogic.com\/sk\/wp-json\/wp\/v2\/pages\/228033\/revisions"}],"up":[{"embeddable":true,"href":"https:\/\/www.sellerlogic.com\/sk\/wp-json\/wp\/v2\/pages\/228213"}],"wp:featuredmedia":[{"embeddable":true,"href":"https:\/\/www.sellerlogic.com\/sk\/wp-json\/wp\/v2\/media\/4796"}],"wp:attachment":[{"href":"https:\/\/www.sellerlogic.com\/sk\/wp-json\/wp\/v2\/media?parent=228033"}],"curies":[{"name":"wp","href":"https:\/\/api.w.org\/{rel}","templated":true}]}}