
{"id":228066,"date":"2021-03-02T08:05:46","date_gmt":"2021-03-02T08:05:46","guid":{"rendered":"https:\/\/127.0.0.1\/resources\/success-story-groupe-dragon\/"},"modified":"2021-03-02T08:05:46","modified_gmt":"2021-03-02T08:05:46","slug":"success-story-groupe-dragon","status":"publish","type":"page","link":"https:\/\/www.sellerlogic.com\/sk\/resources\/success-story-groupe-dragon\/","title":{"rendered":"Pr\u00edbeh \u00faspechu: Groupe Dragon EN"},"content":{"rendered":"\n\t<div  class=\"theme-wp-block theme-block-main-header desktop-content-align-y-center desktop-content-align-x-center xl-content-align-y-center xl-content-align-x-center lg-content-align-y-center lg-content-align-x-center md-content-align-y-center md-content-align-x-center sm-content-align-y-center sm-content-align-x-center gb-responsive-853195-identifier desktop-align-full xl-align-full lg-align-full md-align-full sm-align-full is-style-default theme-block-cover\">\n\t\t<div class=\"bg-cover theme-lazy-load-bg\"><\/div>\n\t\t<div class=\"wrap-content-main-header\">\n\t\t\t\t\t<div  class=\"theme-wp-block theme-block-text-and-text gb-responsive-170032-identifier desktop-vertical-center xl-vertical-center lg-vertical-center md-vertical-center sm-vertical-center md-blockDirection-column sm-blockDirection-column desktop-blockDirection-column xl-blockDirection-column lg-blockDirection-column is-style-default desktop-align-wide xl-align-wide lg-align-wide md-align-wide sm-align-wide alignwide\">\n\t\t<div class=\"tat-column-wrap-wrapper\">\n\t\t\t<div class=\"tat-column-wrapper\">\n\t\t\t\t\t<div  class=\"theme-wp-block theme-block-text-and-text-column gb-responsive-644092-identifier md-horizontal-center sm-horizontal-center xl-horizontal-center lg-horizontal-center desktop-horizontal-left\">\n\t\t<div class=\"inner-wrap-column-content\">\n\t\t\t<div class=\"inner-column-content\">\n\t\t\t\t\t\t<h1  class=\"theme-wp-block theme-block-heading is-style-default sm-text-center md-text-center desktop-text-center xl-text-center lg-text-center gb-responsive-113637-identifier desktop-align-full xl-align-full lg-align-full md-align-full sm-align-full alignfull h1 has-text-align\">\n\t\t<strong>\u017diadny \u010das, \u017eiadna pracovn\u00e1 sila, \u017eiadne zdroje<\/strong>\t<\/h1>\n\n\t\t<h2  class=\"theme-wp-block theme-block-heading desktop-gb-has-no-icon xl-gb-has-no-icon lg-gb-has-no-icon md-gb-has-no-icon sm-gb-has-no-icon gb-responsive-848621-identifier desktop-text-center xl-text-center lg-text-center md-text-center sm-text-center h3\">\n\t\t<strong>Kako Groupe Dragon st\u00e1le dost\u00e1va ka\u017ed\u00fa chybu FBA preplaten\u00fa<\/strong>\t<\/h2>\n\n\t\t\t<\/div>\n\t\t<\/div>\n\t<\/div>\n\t<div  class=\"theme-wp-block theme-block-text-and-text-column gb-responsive-840598-identifier desktop-horizontal-center xl-horizontal-center lg-horizontal-center md-horizontal-center sm-horizontal-center\">\n\t\t<div class=\"inner-wrap-column-content\">\n\t\t\t<div class=\"inner-column-content\">\n\t\t\t\t\t\t\t<\/div>\n\t\t<\/div>\n\t<\/div>\n\t\t\t<\/div>\n\t\t<\/div>\n\t<\/div>\n\n\t\t<\/div>\n\t<\/div>\n\n<div style=\"height:50px\" aria-hidden=\"true\" class=\"theme-wp-block wp-block-spacer\"><\/div><div class=\"theme-wp-block wp-block-columns gb-responsive-492868-identifier is-layout-flex wp-container-core-columns-is-layout-9d6595d7 wp-block-columns-is-layout-flex\"><div class=\"theme-wp-block wp-block-column gb-responsive-633979-identifier is-layout-flow wp-block-column-is-layout-flow\" style=\"flex-basis:25%\"><figure class=\"theme-wp-block wp-block-image size-large is-resized desktop-gb-has-no-icon xl-gb-has-no-icon lg-gb-has-no-icon md-gb-has-no-icon sm-gb-has-no-icon gb-responsive-595564-identifier\"><img decoding=\"async\" width=\"156\" height=\"156\" src=\"https:\/\/d2bw95mh2ee04s.cloudfront.net\/prod\/content\/wp-content\/uploads\/2021\/03\/23142640\/logo2_groupe-dragon-edited.png\" alt=\"Pr\u00edbeh \u00faspechu: Groupe Dragon EN\" class=\"wp-image-8499\" style=\"width:156px;height:156px\"><\/figure><p class=\"theme-wp-block desktop-gb-has-no-icon xl-gb-has-no-icon lg-gb-has-no-icon md-gb-has-no-icon sm-gb-has-no-icon gb-responsive-471154-identifier\"><strong><strong>Z\u00e1klad<\/strong>:<\/strong><br>2011<\/p><p class=\"theme-wp-block desktop-gb-has-no-icon xl-gb-has-no-icon lg-gb-has-no-icon md-gb-has-no-icon sm-gb-has-no-icon gb-responsive-988471-identifier\"><strong><strong>Odvetvie<\/strong>:<\/strong><br>N\u00e1hradn\u00e9 diely a elektronick\u00e9 dom\u00e1ce zariadenia<\/p><p class=\"theme-wp-block desktop-gb-has-no-icon xl-gb-has-no-icon lg-gb-has-no-icon md-gb-has-no-icon sm-gb-has-no-icon gb-responsive-290042-identifier\"><strong><strong>Predmety na Amazone:\u00a0<\/strong><\/strong><br>pribli\u017ene 177 000 SKU<\/p><p class=\"theme-wp-block desktop-gb-has-no-icon xl-gb-has-no-icon lg-gb-has-no-icon md-gb-has-no-icon sm-gb-has-no-icon gb-responsive-427484-identifier\"><strong><strong>Dod\u00e1vky<\/strong>:\u00a0<\/strong><br>pribli\u017ene 37 000 mesa\u010dne<\/p><\/div><div class=\"theme-wp-block wp-block-column gb-responsive-243785-identifier is-layout-flow wp-block-column-is-layout-flow\" style=\"flex-basis:50%\"><h3 class=\"theme-wp-block wp-block-heading desktop-gb-has-no-icon xl-gb-has-no-icon lg-gb-has-no-icon md-gb-has-no-icon sm-gb-has-no-icon gb-responsive-998927-identifier\" id=\"block-c06fce04-ef87-4ffc-a3d6-b768ba377d17\">Pozadie:<\/h3><p class=\"theme-wp-block gb-responsive-710769-identifier\">Groupe Dragon je jednou z naj\u00faspe\u0161nej\u0161\u00edch franc\u00fazskych spolo\u010dnost\u00ed na trhu Amazon. A je na to d\u00f4vod: Predt\u00fdm, ne\u017e sa zakladate\u013e Groupe Dragon stal predajcom na Amazone, pracoval na pln\u00fd \u00fav\u00e4zok ako oprav\u00e1r elektrick\u00fdch spotrebi\u010dov. \u201eU\u017e vtedy pon\u00fakal n\u00e1hradn\u00e9 diely vo svojom obchode,\u201c hovor\u00ed Florent Noualy, ved\u00faci n\u00e1kupu a strat\u00e9gie trhu. \u201eUvedomil si, \u017ee elektrick\u00e9 spotrebi\u010de sa dnes kazia ove\u013ea \u013eah\u0161ie ako kedysi.\u201c<\/p><p class=\"theme-wp-block gb-responsive-502902-identifier\">Okrem toho sa objavili nov\u00e9 pr\u00e1vne predpisy, ktor\u00e9 vy\u017eadovali od v\u00fdrobcov, aby napr\u00edklad udr\u017eiavali n\u00e1hradn\u00e9 diely na sklade po ur\u010dit\u00fa dobu. V d\u00f4sledku t\u00fdchto zmien do\u0161lo k zna\u010dn\u00e9mu n\u00e1rastu dopytu po oprav\u00e1rensk\u00fdch potreb\u00e1ch, najm\u00e4 online. Rozhodnutie pon\u00faka\u0165 aj n\u00e1hradn\u00e9 diely online bolo presn\u00e9: medzit\u00fdm sa Groupe Dragon rad\u00ed medzi 5 naj\u00faspe\u0161nej\u0161\u00edch franc\u00fazskych predajcov na Amazone.<\/p><h3 class=\"theme-wp-block wp-block-heading desktop-gb-has-no-icon xl-gb-has-no-icon lg-gb-has-no-icon md-gb-has-no-icon sm-gb-has-no-icon gb-responsive-686902-identifier\">Po\u010diato\u010dn\u00e1 situ\u00e1cia:<\/h3><p class=\"theme-wp-block gb-responsive-145505-identifier\">Svoj\u00edm \u00faspechom sa v\u0161ak Groupe Dragon stretol aj s nov\u00fdmi v\u00fdzvami, ktor\u00e9 bolo potrebn\u00e9 prekona\u0165. \u201eJednou z nich bola internacionaliz\u00e1cia. Amazon bol v tom ve\u013ekou pomocou, preto\u017ee jeho jednoduch\u00fd pr\u00edstup k in\u00fdm trhom znamenal, \u017ee na\u0161a spolo\u010dnos\u0165 r\u00e1stla stabilne,\u201c hovor\u00ed Florent Noualy. Nemeck\u00fd trh sa dokonca stal ved\u00facim predajn\u00fdm kan\u00e1lom.<\/p><p class=\"theme-wp-block gb-responsive-223640-identifier\">Ale expanzia cez Amazon otvorila Groupe Dragon aj cestu k ponuke zna\u010dkov\u00fdch produktov od spolo\u010dnost\u00ed Dyson alebo Elektrolux. \u201eTo mas\u00edvne zv\u00fd\u0161ilo n\u00e1\u0161 objem objedn\u00e1vok a skladu. Ke\u010f som sa pridal k t\u00edmu v roku 2015, relat\u00edvne r\u00fdchlo sa uk\u00e1zalo, \u017ee sa mus\u00edme v bud\u00facnosti prepn\u00fa\u0165 na FBA. Pre n\u00e1s to bola najlep\u0161ia vo\u013eba.\u201c<\/p><h3 class=\"theme-wp-block wp-block-heading desktop-gb-has-no-icon xl-gb-has-no-icon lg-gb-has-no-icon md-gb-has-no-icon sm-gb-has-no-icon gb-responsive-423206-identifier\">Rie\u0161enie:<\/h3><p class=\"theme-wp-block gb-responsive-405561-identifier\">Potom Noualy dostal spr\u00e1vu cez LinkedIn od Moniky, na\u0161ej z\u00e1stupkyne predaja v SELLERLOGIC. \u201eU\u017e som poznal SELLERLOGIC,\u201c spom\u00edna Noualy, \u201ea okam\u017eite ma zaujalo Lost &#038; Found. U\u017e v tom momente mi bolo jasn\u00e9, \u017ee n\u00e1m ch\u00fdbaj\u00fa d\u00f4le\u017eit\u00e9 inform\u00e1cie o na\u0161ich FBA procesoch.\u201c Navy\u0161e, nikto v t\u00edme Groupe Dragon nebol schopn\u00fd analyzova\u0165 obrovsk\u00e9 objemy \u00fadajov, ktor\u00e9 Lost &#038; Found spracov\u00e1va.<\/p><p class=\"theme-wp-block gb-responsive-793217-identifier\">\u201eAj ke\u010f pred\u00e1vame na Amazone u\u017e roky a m\u00e1me dobr\u00e9 pochopenie toho, ako to funguje,\u201c dod\u00e1va Noualy, \u201enemali sme dostatok odbornosti na identifik\u00e1ciu v\u0161etk\u00fdch typov ch\u00fdb.\u201c<br> Bolo kritick\u00e9 dosta\u0165 t\u00fato situ\u00e1ciu pod kontrolu. \u201eKe\u010f som aktivoval Lost &#038; Found, u\u017e som predpokladal, \u017ee n\u00e1stroj identifikuje ve\u013ea ch\u00fdb FBA. Ale nikdy by som si nebol myslel, \u017ee skuto\u010dn\u00e9 mno\u017estvo bude tak\u00e9to!\u201c<\/p><div class=\"theme-block-group-wrap\"><div class=\"theme-wp-block wp-block-group gb-responsive-88118-identifier\">\t\t<div  class=\"theme-wp-block theme-block-user-card gb-responsive-799176-identifier is-style-full-width-line desktop-gb-has-no-icon xl-gb-has-no-icon lg-gb-has-no-icon md-gb-has-no-icon sm-gb-has-no-icon\">\n\t\t<div class=\"wrap-inner-content\">\n\t\t\t<div class=\"card-user-head\">\n\t\t\t\t<div class=\"card-user-avatar\">\n\t\t\t\t\t<div class=\"cover-avatar\" style=\"background-image: url(https:\/\/d2bw95mh2ee04s.cloudfront.net\/prod\/content\/wp-content\/uploads\/2021\/03\/23142640\/florent_groupe-dragon-raute.png);\"><\/div>\n\t\t\t\t<\/div>\n\t\t\t\t<div class=\"wrap-title\">\n\t\t\t\t\t<div class=\"card-user-name\">\n\t\t\t\t\t\t<div class=\"title\">\n\t\t\t\t\t\t\t<h3 class=\"heading-text\"><strong>Florent Noualy<\/strong><\/h3>\n\t\t\t\t\t\t<\/div>\n\t\t\t\t\t\t<div class=\"card-user-position\">\n\t\t\t\t\t\t\t<div class=\"card-text\"><strong>Ved\u00faci n\u00e1kupu a strat\u00e9gie trhu<\/strong><\/div>\n\t\t\t\t\t\t<\/div>\n\t\t\t\t\t<\/div>\n\t\t\t\t\t<div class=\"card-user-quote-icon\">\n\t\t\t\t\t<\/div>\n\t\t\t\t<\/div>\n\t\t\t<\/div>\n\t\t\t<div class=\"card-user-text\">\n\t\t\t\t<div class=\"card-text\"><p>&#8220;Bolo absol\u00fatne neprijate\u013en\u00e9 pokra\u010dova\u0165 v strate to\u013ek\u00fdch pe\u0148az\u00ed, tak\u017ee rozhodnutie sa stalo jasn\u00fdm: budeme na\u010falej pou\u017e\u00edva\u0165 Lost &amp; Found.&#8221;<\/p><\/div>\n\t\t\t<\/div>\n\t\t<\/div>\n\t<\/div>\n\n<\/div><\/div><h3 class=\"theme-wp-block wp-block-heading desktop-gb-has-no-icon xl-gb-has-no-icon lg-gb-has-no-icon md-gb-has-no-icon sm-gb-has-no-icon gb-responsive-599569-identifier\">\u00daspe\u0161n\u00e9 v\u00fdsledky s SELLERLOGIC:<\/h3><p class=\"theme-wp-block gb-responsive-44628-identifier\">Prv\u00e1 prev\u00e1dzka Lost &#038; Found odhalila 360 ch\u00fdb. Noualy bol \u0161okovan\u00fd. \u201eBolo pre n\u00e1s absol\u00fatne neprijate\u013en\u00e9 pokra\u010dova\u0165 v strate to\u013ek\u00fdch pe\u0148az\u00ed, tak\u017ee rozhodnutie bolo jasn\u00e9: Budeme na\u010falej pou\u017e\u00edva\u0165 Lost &#038; Found.\u201c To sa uk\u00e1zalo ako dobr\u00e9 rozhodnutie. Doteraz Lost &#038; Found priniesol spolo\u010dnosti okolo 25 000 eur v refund\u00e1ci\u00e1ch, ktor\u00e9 by inak boli straten\u00e9.<\/p><p class=\"theme-wp-block gb-responsive-8364-identifier\">Ale to nie je v\u0161etko. Okrem toho rie\u0161enie Groupe Dragon od SELLERLOGIC \u0161etr\u00ed aj mno\u017estvo \u010fal\u0161\u00edch zdrojov, ako s\u00fa \u010das a pracovn\u00e1 sila. \u201eKomunik\u00e1cia s Amazonom sa tie\u017e stala jednoduch\u0161ou, preto\u017ee Lost &#038; Found n\u00e1m poskytuje spr\u00e1vne inform\u00e1cie neust\u00e1le.\u201c To zah\u0155\u0148a napr\u00edklad \u0161abl\u00f3ny, ktor\u00e9 m\u00f4\u017ee Groupe Dragon pou\u017ei\u0165 na okam\u017eit\u00fa reakciu na automatizovan\u00e9 odpovede Amazonu. \u201eV\u0161etko, \u010do mus\u00edme urobi\u0165, je jednoducho skop\u00edrova\u0165 tieto \u0161abl\u00f3ny. V\u0161etko, \u010do potrebujeme vedie\u0165 o chybe, je jasne zobrazen\u00e9 v Lost &#038; Found.\u201c<\/p><p class=\"theme-wp-block gb-responsive-936816-identifier\">Florent Noualy je tie\u017e nad\u0161en\u00fd z SELLERLOGIC, preto\u017ee z\u00e1kazn\u00edcky servis je zahrnut\u00fd v cene: \u201eAk s\u00fa nejak\u00e9 probl\u00e9my s jedn\u00fdm z otvoren\u00fdch pr\u00edpadov, t\u00edm SELLERLOGIC je v\u017edy k dispoz\u00edcii a rob\u00ed v\u0161etko, \u010do m\u00f4\u017ee, aby pomohol svojim z\u00e1kazn\u00edkom a uzavrel pr\u00edpad s \u010do najlep\u0161\u00edm v\u00fdsledkom.<\/p><div class=\"theme-wp-block wp-block-buttons desktop-gb-has-no-icon xl-gb-has-no-icon lg-gb-has-no-icon md-gb-has-no-icon sm-gb-has-no-icon gb-responsive-237208-identifier is-layout-flex wp-block-buttons-is-layout-flex\"><div class=\"theme-wp-block wp-block-button is-style-theme-transparent-with-arrow gb-responsive-303674-identifier\"><a class=\"wp-block-button__link wp-element-button\" href=\"https:\/\/d2bw95mh2ee04s.cloudfront.net\/prod\/content\/files\/SUCCESS-STORIES\/EN\/SELLERLOGIC_Success-Story_Groupe-Dragon_EN.pdf\" target=\"_blank\" rel=\"noreferrer noopener nofollow\">Stiahnite si teraz!<\/a><\/div><\/div><\/div><div class=\"theme-wp-block wp-block-column gb-responsive-252189-identifier is-layout-flow wp-block-column-is-layout-flow\" style=\"flex-basis:25%\"><\/div><\/div><p class=\"theme-wp-block gb-responsive-208920-identifier\"><\/p>","protected":false},"excerpt":{"rendered":"<p>Z\u00e1klad:2011 Odvetvie:N\u00e1hradn\u00e9 diely a elektronick\u00e9 dom\u00e1ce zariadenia Predmety na Amazone:\u00a0pribli\u017ene 177 000 SKU Dod\u00e1vky:\u00a0pribli\u017ene 37 000 mesa\u010dne Pozadie: Groupe Dragon je jednou z naj\u00faspe\u0161nej\u0161\u00edch franc\u00fazskych spolo\u010dnost\u00ed na trhu Amazon. A je na to d\u00f4vod: Predt\u00fdm, ne\u017e sa zakladate\u013e Groupe Dragon stal predajcom na Amazone, pracoval na pln\u00fd \u00fav\u00e4zok ako oprav\u00e1r elektrick\u00fdch spotrebi\u010dov. \u201eU\u017e vtedy pon\u00fakal<\/p>\n","protected":false},"author":3,"featured_media":8511,"parent":228213,"menu_order":0,"comment_status":"closed","ping_status":"closed","template":"","meta":{"sidebar_recommended_resources":{"data":[]},"sidebar_header_settings":{"hide_buttons":{"register":false}},"_use_new_theme":false,"inline_featured_image":false,"footnotes":""},"class_list":["post-228066","page","type-page","status-publish","has-post-thumbnail","hentry"],"yoast_head":"<!-- This site is optimized with the Yoast SEO plugin v26.8 - https:\/\/yoast.com\/product\/yoast-seo-wordpress\/ -->\n<title>Pr\u00edbeh \u00faspechu: Groupe Dragon a Lost &amp; Found | SELLERLOGIC<\/title>\n<meta name=\"description\" content=\"\u017diadny \u010das, \u017eiadna pracovn\u00e1 sila, \u017eiadne zdroje: Ako Groupe Dragon st\u00e1le dost\u00e1va ka\u017ed\u00fa chybu FBA preplaten\u00fa. Pre\u010d\u00edtajte si teraz a dozviete sa viac!\" \/>\n<meta name=\"robots\" content=\"index, follow, max-snippet:-1, max-image-preview:large, max-video-preview:-1\" \/>\n<link rel=\"canonical\" href=\"https:\/\/www.sellerlogic.com\/sk\/resources\/success-story-groupe-dragon\/\" \/>\n<meta property=\"og:locale\" content=\"sk_SK\" \/>\n<meta property=\"og:type\" content=\"article\" \/>\n<meta property=\"og:title\" content=\"Pr\u00edbeh \u00faspechu: Groupe Dragon a Lost &amp; Found | SELLERLOGIC\" \/>\n<meta property=\"og:description\" content=\"\u017diadny \u010das, \u017eiadna pracovn\u00e1 sila, \u017eiadne zdroje: Ako Groupe Dragon st\u00e1le dost\u00e1va ka\u017ed\u00fa chybu FBA preplaten\u00fa. Pre\u010d\u00edtajte si teraz a dozviete sa viac!\" \/>\n<meta property=\"og:url\" content=\"https:\/\/www.sellerlogic.com\/sk\/resources\/success-story-groupe-dragon\/\" \/>\n<meta property=\"og:site_name\" content=\"SELLERLOGIC - Smarte Tools f\u00fcr Amazon-Seller\" \/>\n<meta property=\"article:publisher\" content=\"https:\/\/www.facebook.com\/SellerLogic\/\" \/>\n<meta property=\"og:image\" content=\"http:\/\/d2bw95mh2ee04s.cloudfront.net\/prod\/content\/wp-content\/uploads\/2021\/03\/23142639\/wp-header_groupe-dragon.jpeg\" \/>\n\t<meta property=\"og:image:width\" content=\"2000\" \/>\n\t<meta property=\"og:image:height\" content=\"1333\" \/>\n\t<meta property=\"og:image:type\" content=\"image\/jpeg\" \/>\n<meta name=\"twitter:card\" content=\"summary_large_image\" \/>\n<meta name=\"twitter:site\" content=\"@sellerlogic\" \/>\n<meta name=\"twitter:label1\" content=\"Est. reading time\" \/>\n\t<meta name=\"twitter:data1\" content=\"4 minutes\" \/>\n<script type=\"application\/ld+json\" class=\"yoast-schema-graph\">{\"@context\":\"https:\/\/schema.org\",\"@graph\":[{\"@type\":\"WebPage\",\"@id\":\"https:\/\/www.sellerlogic.com\/sk\/resources\/success-story-groupe-dragon\/\",\"url\":\"https:\/\/www.sellerlogic.com\/sk\/resources\/success-story-groupe-dragon\/\",\"name\":\"Pr\u00edbeh \u00faspechu: Groupe Dragon a Lost & Found | SELLERLOGIC\",\"isPartOf\":{\"@id\":\"https:\/\/www.sellerlogic.com\/sk\/#website\"},\"primaryImageOfPage\":{\"@id\":\"https:\/\/www.sellerlogic.com\/sk\/resources\/success-story-groupe-dragon\/#primaryimage\"},\"image\":{\"@id\":\"https:\/\/www.sellerlogic.com\/sk\/resources\/success-story-groupe-dragon\/#primaryimage\"},\"thumbnailUrl\":\"https:\/\/d2bw95mh2ee04s.cloudfront.net\/prod\/content\/wp-content\/uploads\/2021\/03\/23142639\/wp-header_groupe-dragon.jpeg\",\"datePublished\":\"2021-03-02T08:05:46+00:00\",\"description\":\"\u017diadny \u010das, \u017eiadna pracovn\u00e1 sila, \u017eiadne zdroje: Ako Groupe Dragon st\u00e1le dost\u00e1va ka\u017ed\u00fa chybu FBA preplaten\u00fa. Pre\u010d\u00edtajte si teraz a dozviete sa viac!\",\"breadcrumb\":{\"@id\":\"https:\/\/www.sellerlogic.com\/sk\/resources\/success-story-groupe-dragon\/#breadcrumb\"},\"inLanguage\":\"sk-SK\",\"potentialAction\":[{\"@type\":\"ReadAction\",\"target\":[\"https:\/\/www.sellerlogic.com\/sk\/resources\/success-story-groupe-dragon\/\"]}]},{\"@type\":\"ImageObject\",\"inLanguage\":\"sk-SK\",\"@id\":\"https:\/\/www.sellerlogic.com\/sk\/resources\/success-story-groupe-dragon\/#primaryimage\",\"url\":\"https:\/\/d2bw95mh2ee04s.cloudfront.net\/prod\/content\/wp-content\/uploads\/2021\/03\/23142639\/wp-header_groupe-dragon.jpeg\",\"contentUrl\":\"https:\/\/d2bw95mh2ee04s.cloudfront.net\/prod\/content\/wp-content\/uploads\/2021\/03\/23142639\/wp-header_groupe-dragon.jpeg\",\"width\":2000,\"height\":1333,\"caption\":\"electrical tools and equipment on wooden background with copy space\"},{\"@type\":\"BreadcrumbList\",\"@id\":\"https:\/\/www.sellerlogic.com\/sk\/resources\/success-story-groupe-dragon\/#breadcrumb\",\"itemListElement\":[{\"@type\":\"ListItem\",\"position\":1,\"name\":\"Home\",\"item\":\"https:\/\/www.sellerlogic.com\/sk\/\"},{\"@type\":\"ListItem\",\"position\":2,\"name\":\"Ressources EN\",\"item\":\"https:\/\/www.sellerlogic.com\/sk\/resources\/\"},{\"@type\":\"ListItem\",\"position\":3,\"name\":\"Pr\u00edbeh \u00faspechu: Groupe Dragon EN\"}]},{\"@type\":\"WebSite\",\"@id\":\"https:\/\/www.sellerlogic.com\/sk\/#website\",\"url\":\"https:\/\/www.sellerlogic.com\/sk\/\",\"name\":\"SELLERLOGIC - Smarte Tools f\u00fcr Amazon-Seller\",\"description\":\"Intelligente Prozessoptimierung und Gewinnmaximierung\",\"publisher\":{\"@id\":\"https:\/\/www.sellerlogic.com\/sk\/#organization\"},\"potentialAction\":[{\"@type\":\"SearchAction\",\"target\":{\"@type\":\"EntryPoint\",\"urlTemplate\":\"https:\/\/www.sellerlogic.com\/sk\/?s={search_term_string}\"},\"query-input\":{\"@type\":\"PropertyValueSpecification\",\"valueRequired\":true,\"valueName\":\"search_term_string\"}}],\"inLanguage\":\"sk-SK\"},{\"@type\":\"Organization\",\"@id\":\"https:\/\/www.sellerlogic.com\/sk\/#organization\",\"name\":\"SELLERLOGIC\",\"url\":\"https:\/\/www.sellerlogic.com\/sk\/\",\"logo\":{\"@type\":\"ImageObject\",\"inLanguage\":\"sk-SK\",\"@id\":\"https:\/\/www.sellerlogic.com\/sk\/#\/schema\/logo\/image\/\",\"url\":\"https:\/\/d2bw95mh2ee04s.cloudfront.net\/prod\/content\/wp-content\/uploads\/2025\/01\/02134814\/Property-Logo-Main.svg\",\"contentUrl\":\"https:\/\/d2bw95mh2ee04s.cloudfront.net\/prod\/content\/wp-content\/uploads\/2025\/01\/02134814\/Property-Logo-Main.svg\",\"width\":184,\"height\":40,\"caption\":\"SELLERLOGIC\"},\"image\":{\"@id\":\"https:\/\/www.sellerlogic.com\/sk\/#\/schema\/logo\/image\/\"},\"sameAs\":[\"https:\/\/www.facebook.com\/SellerLogic\/\",\"https:\/\/x.com\/sellerlogic\",\"https:\/\/www.instagram.com\/sellerlogic\/\",\"https:\/\/www.linkedin.com\/company\/18402037\/\",\"https:\/\/www.youtube.com\/channel\/UC-gULUur-fNj08sprantKsQ\"]}]}<\/script>\n<!-- \/ Yoast SEO plugin. -->","yoast_head_json":{"title":"Pr\u00edbeh \u00faspechu: Groupe Dragon a Lost & Found | SELLERLOGIC","description":"\u017diadny \u010das, \u017eiadna pracovn\u00e1 sila, \u017eiadne zdroje: Ako Groupe Dragon st\u00e1le dost\u00e1va ka\u017ed\u00fa chybu FBA preplaten\u00fa. Pre\u010d\u00edtajte si teraz a dozviete sa viac!","robots":{"index":"index","follow":"follow","max-snippet":"max-snippet:-1","max-image-preview":"max-image-preview:large","max-video-preview":"max-video-preview:-1"},"canonical":"https:\/\/www.sellerlogic.com\/sk\/resources\/success-story-groupe-dragon\/","og_locale":"sk_SK","og_type":"article","og_title":"Pr\u00edbeh \u00faspechu: Groupe Dragon a Lost & Found | SELLERLOGIC","og_description":"\u017diadny \u010das, \u017eiadna pracovn\u00e1 sila, \u017eiadne zdroje: Ako Groupe Dragon st\u00e1le dost\u00e1va ka\u017ed\u00fa chybu FBA preplaten\u00fa. Pre\u010d\u00edtajte si teraz a dozviete sa viac!","og_url":"https:\/\/www.sellerlogic.com\/sk\/resources\/success-story-groupe-dragon\/","og_site_name":"SELLERLOGIC - Smarte Tools f\u00fcr Amazon-Seller","article_publisher":"https:\/\/www.facebook.com\/SellerLogic\/","og_image":[{"width":2000,"height":1333,"url":"http:\/\/d2bw95mh2ee04s.cloudfront.net\/prod\/content\/wp-content\/uploads\/2021\/03\/23142639\/wp-header_groupe-dragon.jpeg","type":"image\/jpeg"}],"twitter_card":"summary_large_image","twitter_site":"@sellerlogic","twitter_misc":{"Est. reading time":"4 minutes"},"schema":{"@context":"https:\/\/schema.org","@graph":[{"@type":"WebPage","@id":"https:\/\/www.sellerlogic.com\/sk\/resources\/success-story-groupe-dragon\/","url":"https:\/\/www.sellerlogic.com\/sk\/resources\/success-story-groupe-dragon\/","name":"Pr\u00edbeh \u00faspechu: Groupe Dragon a Lost & Found | SELLERLOGIC","isPartOf":{"@id":"https:\/\/www.sellerlogic.com\/sk\/#website"},"primaryImageOfPage":{"@id":"https:\/\/www.sellerlogic.com\/sk\/resources\/success-story-groupe-dragon\/#primaryimage"},"image":{"@id":"https:\/\/www.sellerlogic.com\/sk\/resources\/success-story-groupe-dragon\/#primaryimage"},"thumbnailUrl":"https:\/\/d2bw95mh2ee04s.cloudfront.net\/prod\/content\/wp-content\/uploads\/2021\/03\/23142639\/wp-header_groupe-dragon.jpeg","datePublished":"2021-03-02T08:05:46+00:00","description":"\u017diadny \u010das, \u017eiadna pracovn\u00e1 sila, \u017eiadne zdroje: Ako Groupe Dragon st\u00e1le dost\u00e1va ka\u017ed\u00fa chybu FBA preplaten\u00fa. Pre\u010d\u00edtajte si teraz a dozviete sa viac!","breadcrumb":{"@id":"https:\/\/www.sellerlogic.com\/sk\/resources\/success-story-groupe-dragon\/#breadcrumb"},"inLanguage":"sk-SK","potentialAction":[{"@type":"ReadAction","target":["https:\/\/www.sellerlogic.com\/sk\/resources\/success-story-groupe-dragon\/"]}]},{"@type":"ImageObject","inLanguage":"sk-SK","@id":"https:\/\/www.sellerlogic.com\/sk\/resources\/success-story-groupe-dragon\/#primaryimage","url":"https:\/\/d2bw95mh2ee04s.cloudfront.net\/prod\/content\/wp-content\/uploads\/2021\/03\/23142639\/wp-header_groupe-dragon.jpeg","contentUrl":"https:\/\/d2bw95mh2ee04s.cloudfront.net\/prod\/content\/wp-content\/uploads\/2021\/03\/23142639\/wp-header_groupe-dragon.jpeg","width":2000,"height":1333,"caption":"electrical tools and equipment on wooden background with copy space"},{"@type":"BreadcrumbList","@id":"https:\/\/www.sellerlogic.com\/sk\/resources\/success-story-groupe-dragon\/#breadcrumb","itemListElement":[{"@type":"ListItem","position":1,"name":"Home","item":"https:\/\/www.sellerlogic.com\/sk\/"},{"@type":"ListItem","position":2,"name":"Ressources EN","item":"https:\/\/www.sellerlogic.com\/sk\/resources\/"},{"@type":"ListItem","position":3,"name":"Pr\u00edbeh \u00faspechu: Groupe Dragon EN"}]},{"@type":"WebSite","@id":"https:\/\/www.sellerlogic.com\/sk\/#website","url":"https:\/\/www.sellerlogic.com\/sk\/","name":"SELLERLOGIC - Smarte Tools f\u00fcr Amazon-Seller","description":"Intelligente Prozessoptimierung und Gewinnmaximierung","publisher":{"@id":"https:\/\/www.sellerlogic.com\/sk\/#organization"},"potentialAction":[{"@type":"SearchAction","target":{"@type":"EntryPoint","urlTemplate":"https:\/\/www.sellerlogic.com\/sk\/?s={search_term_string}"},"query-input":{"@type":"PropertyValueSpecification","valueRequired":true,"valueName":"search_term_string"}}],"inLanguage":"sk-SK"},{"@type":"Organization","@id":"https:\/\/www.sellerlogic.com\/sk\/#organization","name":"SELLERLOGIC","url":"https:\/\/www.sellerlogic.com\/sk\/","logo":{"@type":"ImageObject","inLanguage":"sk-SK","@id":"https:\/\/www.sellerlogic.com\/sk\/#\/schema\/logo\/image\/","url":"https:\/\/d2bw95mh2ee04s.cloudfront.net\/prod\/content\/wp-content\/uploads\/2025\/01\/02134814\/Property-Logo-Main.svg","contentUrl":"https:\/\/d2bw95mh2ee04s.cloudfront.net\/prod\/content\/wp-content\/uploads\/2025\/01\/02134814\/Property-Logo-Main.svg","width":184,"height":40,"caption":"SELLERLOGIC"},"image":{"@id":"https:\/\/www.sellerlogic.com\/sk\/#\/schema\/logo\/image\/"},"sameAs":["https:\/\/www.facebook.com\/SellerLogic\/","https:\/\/x.com\/sellerlogic","https:\/\/www.instagram.com\/sellerlogic\/","https:\/\/www.linkedin.com\/company\/18402037\/","https:\/\/www.youtube.com\/channel\/UC-gULUur-fNj08sprantKsQ"]}]}},"_links":{"self":[{"href":"https:\/\/www.sellerlogic.com\/sk\/wp-json\/wp\/v2\/pages\/228066","targetHints":{"allow":["GET"]}}],"collection":[{"href":"https:\/\/www.sellerlogic.com\/sk\/wp-json\/wp\/v2\/pages"}],"about":[{"href":"https:\/\/www.sellerlogic.com\/sk\/wp-json\/wp\/v2\/types\/page"}],"author":[{"embeddable":true,"href":"https:\/\/www.sellerlogic.com\/sk\/wp-json\/wp\/v2\/users\/3"}],"replies":[{"embeddable":true,"href":"https:\/\/www.sellerlogic.com\/sk\/wp-json\/wp\/v2\/comments?post=228066"}],"version-history":[{"count":0,"href":"https:\/\/www.sellerlogic.com\/sk\/wp-json\/wp\/v2\/pages\/228066\/revisions"}],"up":[{"embeddable":true,"href":"https:\/\/www.sellerlogic.com\/sk\/wp-json\/wp\/v2\/pages\/228213"}],"wp:featuredmedia":[{"embeddable":true,"href":"https:\/\/www.sellerlogic.com\/sk\/wp-json\/wp\/v2\/media\/8511"}],"wp:attachment":[{"href":"https:\/\/www.sellerlogic.com\/sk\/wp-json\/wp\/v2\/media?parent=228066"}],"curies":[{"name":"wp","href":"https:\/\/api.w.org\/{rel}","templated":true}]}}