
{"id":228078,"date":"2021-01-07T11:00:45","date_gmt":"2021-01-07T11:00:45","guid":{"rendered":"https:\/\/127.0.0.1\/short-wb-en-202002\/"},"modified":"2021-01-07T11:00:45","modified_gmt":"2021-01-07T11:00:45","slug":"short-wb-en-202002","status":"publish","type":"page","link":"https:\/\/www.sellerlogic.com\/sk\/short-wb-en-202002\/","title":{"rendered":"WB202002: 13 krokov k zisku Buy Box (LP) EN"},"content":{"rendered":"<div style=\"height:30px\" aria-hidden=\"true\" class=\"theme-wp-block wp-block-spacer\"><\/div><div class=\"wp-block-image gb-responsive-590212-identifier is-style-default desktop-align-center xl-align-center lg-align-center md-align-center sm-align-center\"><figure class=\"theme-wp-block aligncenter size-large is-resized\"><img decoding=\"async\" width=\"184\" height=\"40\" src=\"https:\/\/d2bw95mh2ee04s.cloudfront.net\/prod\/content\/wp-content\/uploads\/2024\/04\/30111140\/Property-Logo-Main-1.svg\" alt=\"WB202002: 13 krokov k zisku Buy Box (LP) EN\" class=\"wp-image-52651\" style=\"width:170px\"><\/figure><\/div>\t\t<h1  class=\"theme-wp-block theme-block-heading gb-responsive-564749-identifier is-style-default desktop-text-center xl-text-center lg-text-center md-text-center sm-text-center h4\">\n\t\t<strong>Bezplatn\u00fd pracovn\u00fd zo\u0161it<\/strong>\t<\/h1>\n\n\t\t<h2  class=\"theme-wp-block theme-block-heading gb-responsive-412520-identifier is-style-default desktop-text-center xl-text-center lg-text-center md-text-center sm-text-center h1\">\n\t\t<strong><strong>Ako z\u00edska\u0165 Amazon Buy Box!<\/strong><\/strong>\t<\/h2>\n\n<div style=\"height:50px\" aria-hidden=\"true\" class=\"theme-wp-block wp-block-spacer\"><\/div><div class=\"theme-wp-block wp-block-columns gb-responsive-506331-identifier is-layout-flex wp-container-core-columns-is-layout-9d6595d7 wp-block-columns-is-layout-flex\"><div class=\"theme-wp-block wp-block-column gb-responsive-414936-identifier is-layout-flow wp-block-column-is-layout-flow\"><div class=\"wp-block-image gb-responsive-19318-identifier\"><figure class=\"theme-wp-block alignright size-large is-resized\"><img decoding=\"async\" width=\"738\" height=\"804\" src=\"https:\/\/d2bw95mh2ee04s.cloudfront.net\/prod\/content\/wp-content\/uploads\/2021\/01\/23142706\/wb-13-steps-cover-en.png\" alt=\"WB202002: 13 krokov k zisku Buy Box (LP) EN\" class=\"wp-image-6261\" style=\"width:456px\" srcset=\"https:\/\/d2bw95mh2ee04s.cloudfront.net\/prod\/content\/wp-content\/uploads\/2021\/01\/23142706\/wb-13-steps-cover-en-407x443.png 407w, https:\/\/d2bw95mh2ee04s.cloudfront.net\/prod\/content\/wp-content\/uploads\/2021\/01\/23142706\/wb-13-steps-cover-en.png 738w\" sizes=\"(max-width: 738px) 100vw, 738px\" \/><\/figure><\/div><div style=\"height:30px\" aria-hidden=\"true\" class=\"theme-wp-block wp-block-spacer\"><\/div><\/div><div class=\"theme-wp-block wp-block-column gb-responsive-883894-identifier is-layout-flow wp-block-column-is-layout-flow\">\t\t<h3  class=\"theme-wp-block theme-block-heading gb-responsive-531920-identifier is-style-default desktop-text-center xl-text-center lg-text-center md-text-center sm-text-center h3\">\n\t\t<br>Po\u017eiadajte o<strong>bezplatn\u00fd pracovn\u00fd zo\u0161it<\/strong>teraz a zistite&#8230;\t<\/h3>\n\n<div class=\"theme-block-list\"><ul class=\"theme-wp-block desktop-bg-style-square xl-bg-style-square lg-bg-style-square md-bg-style-square sm-bg-style-square desktop-gb-has-no-icon xl-gb-has-no-icon lg-gb-has-no-icon md-gb-has-no-icon sm-gb-has-no-icon gb-responsive-513860-identifier wp-block-list\"><li class=\"theme-wp-block gb-responsive-754486-identifier desktop-bg-style-square xl-bg-style-square lg-bg-style-square md-bg-style-square sm-bg-style-square desktop-gb-has-no-icon xl-gb-has-no-icon lg-gb-has-no-icon md-gb-has-no-icon sm-gb-has-no-icon\">Ktor\u00e9<strong>k\u013e\u00fa\u010dov\u00e9 \u010d\u00edsla<\/strong>s\u00fa rozhoduj\u00face pre predajcov na Amazone<\/li><li class=\"theme-wp-block gb-responsive-196900-identifier desktop-bg-style-square xl-bg-style-square lg-bg-style-square md-bg-style-square sm-bg-style-square desktop-gb-has-no-icon xl-gb-has-no-icon lg-gb-has-no-icon md-gb-has-no-icon sm-gb-has-no-icon\">Ak\u00e9<strong>minim\u00e1lne po\u017eiadavky<\/strong>mus\u00ed by\u0165 splnen\u00e9<\/li><li class=\"theme-wp-block gb-responsive-10119-identifier desktop-bg-style-square xl-bg-style-square lg-bg-style-square md-bg-style-square sm-bg-style-square desktop-gb-has-no-icon xl-gb-has-no-icon lg-gb-has-no-icon md-gb-has-no-icon sm-gb-has-no-icon\">Ktor\u00e9<strong>ide\u00e1lne hodnoty<\/strong>by ste mali sledova\u0165<\/li><\/ul><\/div><div id=\"wb-form\" class=\"theme-wp-block wb-form\"><form id=\"leadform\" action=\"#\" method=\"post\"><label>Krstn\u00e9 a priezvisko<sup style=\"color: rgb(255, 0, 0);\">*<\/sup><\/label><br> <input type=\"text\" placeholder=\"Krstn\u00e9 a priezvisko\" name=\"first-name\" id=\"first-name\" required=\"required\" style=\"padding: 10px; font-size: 18px; width: 100%; margin-bottom: 15px; color: rgb(88, 88, 88);\"><br> <label>Emailov\u00e1 adresa<sup style=\"color: rgb(255, 0, 0);\">*<\/sup><\/label><br> <input type=\"email\" required=\"required\" placeholder=\"Emailov\u00e1 adresa\" name=\"email\" id=\"email\" style=\"padding: 10px; font-size: 18px; width: 100%; margin-bottom: 15px; color: rgb(88, 88, 88);\"><br> <label>Telef\u00f3n<sup style=\"color: rgb(255, 0, 0);\">*<\/sup> <span style=\"font-size: 12px;\">(Pros\u00edm, uve\u010fte k\u00f3d krajiny)<\/span><\/label><br> <input type=\"number\" required=\"required\" placeholder=\"Telef\u00f3n\" name=\"telephone\" id=\"telephone\" style=\"padding: 10px; font-size: 18px; width: 100%; margin-bottom: 15px; color: rgb(88, 88, 88);\"><br> <label>URL obchodu Amazon<sup style=\"color: rgb(255, 0, 0);\">*<\/sup><\/label><br> <input type=\"text\" required=\"required\" placeholder=\"Webov\u00e1 str\u00e1nka\" name=\"website\" id=\"website\" style=\"padding: 10px; font-size: 18px; width: 100%; margin-bottom: 15px; color: rgb(88, 88, 88);\"><br><label>Po\u010det SKU<\/label><br> <input type=\"text\" placeholder=\"Po\u010det SKU\" name=\"sku_count\" id=\"sku_count\" style=\"padding: 10px; font-size: 18px; width: 100%; margin-bottom: 15px; color: rgb(88, 88, 88);\"><br><input type=\"submit\" value=\"Objednajte si pracovn\u00fd zo\u0161it teraz!\" id=\"submit\" style=\"padding: 10px; font-size: 18px; width: 100%; margin-bottom: 15px; color: rgb(255, 255, 255); background-color: rgb(255, 170, 1); cursor: pointer;\"> <p style=\"margin-bottom: 10px; font-size: 12px;\">Spracovanie \u00fadajov prebieha pod\u013ea na\u0161ich <a href=\"https:\/\/www.sellerlogic.com\/en\/privacy-policy\/\" target=\"_blank\" draggable=\"false\" rel=\"noopener\">z\u00e1sad ochrany osobn\u00fdch \u00fadajov<\/a>.<\/p><\/form><\/div><\/div><\/div><div style=\"height:50px\" aria-hidden=\"true\" class=\"theme-wp-block wp-block-spacer\"><\/div><div class=\"theme-wp-block wp-block-columns gb-responsive-213182-identifier is-layout-flex wp-container-core-columns-is-layout-9d6595d7 wp-block-columns-is-layout-flex\"><div class=\"theme-wp-block wp-block-column gb-responsive-480343-identifier is-layout-flow wp-block-column-is-layout-flow\" style=\"flex-basis:25%\"><\/div><div class=\"theme-wp-block wp-block-column gb-responsive-361131-identifier is-layout-flow wp-block-column-is-layout-flow\" style=\"flex-basis:50%\"><div class=\"theme-wp-block wp-block-columns gb-responsive-608617-identifier is-layout-flex wp-container-core-columns-is-layout-9d6595d7 wp-block-columns-is-layout-flex\"><div class=\"theme-wp-block wp-block-column gb-responsive-796136-identifier is-layout-flow wp-block-column-is-layout-flow\"><p class=\"theme-wp-block has-text-align-center gb-responsive-144688-identifier desktop-text-center xl-text-center lg-text-center md-text-center sm-text-center\"><a href=\"https:\/\/www.sellerlogic.com\/en\/legal-notice\/\" rel=\"noreferrer noopener\" target=\"_blank\"><strong>Pr\u00e1vne upozornenie<\/strong><\/a><\/p><\/div><div class=\"theme-wp-block wp-block-column gb-responsive-929256-identifier is-layout-flow wp-block-column-is-layout-flow\"><p class=\"theme-wp-block has-text-align-center gb-responsive-270263-identifier desktop-text-center xl-text-center lg-text-center md-text-center sm-text-center\"><a href=\"https:\/\/www.sellerlogic.com\/en\/privacy-policy\/\" rel=\"noreferrer noopener\" target=\"_blank\"><strong>Z\u00e1sady ochrany osobn\u00fdch \u00fadajov<\/strong><\/a><\/p><\/div><div class=\"theme-wp-block wp-block-column gb-responsive-815314-identifier is-layout-flow wp-block-column-is-layout-flow\"><p class=\"theme-wp-block has-text-align-center gb-responsive-71756-identifier desktop-text-center xl-text-center lg-text-center md-text-center sm-text-center\"><a href=\"\" target=\"_blank\" rel=\"noreferrer noopener\"><strong>Obchodn\u00e9 podmienky<\/strong><\/a><\/p><\/div><\/div><\/div><div class=\"theme-wp-block wp-block-column gb-responsive-825796-identifier is-layout-flow wp-block-column-is-layout-flow\" style=\"flex-basis:25%\"><\/div><\/div><p class=\"theme-wp-block gb-responsive-244500-identifier\"><\/p>","protected":false},"excerpt":{"rendered":"<p>Krstn\u00e9 a priezvisko* Emailov\u00e1 adresa* Telef\u00f3n* (Pros\u00edm, uve\u010fte k\u00f3d krajiny) URL obchodu Amazon* Po\u010det SKU Spracovanie \u00fadajov prebieha pod\u013ea na\u0161ich z\u00e1sad ochrany osobn\u00fdch \u00fadajov. Pr\u00e1vne upozornenie Z\u00e1sady ochrany osobn\u00fdch \u00fadajov Obchodn\u00e9 podmienky<\/p>\n","protected":false},"author":8,"featured_media":0,"parent":0,"menu_order":0,"comment_status":"closed","ping_status":"closed","template":"","meta":{"sidebar_recommended_resources":{"data":[]},"sidebar_header_settings":{"hide_buttons":{"register":false}},"_use_new_theme":false,"inline_featured_image":false,"footnotes":""},"class_list":["post-228078","page","type-page","status-publish","hentry"],"yoast_head":"<!-- This site is optimized with the Yoast SEO plugin v26.8 - https:\/\/yoast.com\/product\/yoast-seo-wordpress\/ -->\n<title>SELLERLOGIC - Stiahnu\u0165 pracovn\u00fd zo\u0161it Ako vyhra\u0165 Amazon Buy Box!<\/title>\n<meta name=\"description\" content=\"Ak\u00e9 krit\u00e9ri\u00e1 pou\u017e\u00edva algoritmus Amazon a ak\u00e9 metriky musia predajcovia splni\u0165, aby vyhrali Buy Box na Amazone? Stiahnite si teraz!\" \/>\n<meta name=\"robots\" content=\"index, follow, max-snippet:-1, max-image-preview:large, max-video-preview:-1\" \/>\n<link rel=\"canonical\" href=\"https:\/\/www.sellerlogic.com\/sk\/short-wb-en-202002\/\" \/>\n<meta property=\"og:locale\" content=\"sk_SK\" \/>\n<meta property=\"og:type\" content=\"article\" \/>\n<meta property=\"og:title\" content=\"SELLERLOGIC - Stiahnu\u0165 pracovn\u00fd zo\u0161it Ako vyhra\u0165 Amazon Buy Box!\" \/>\n<meta property=\"og:description\" content=\"Ak\u00e9 krit\u00e9ri\u00e1 pou\u017e\u00edva algoritmus Amazon a ak\u00e9 metriky musia predajcovia splni\u0165, aby vyhrali Buy Box na Amazone? Stiahnite si teraz!\" \/>\n<meta property=\"og:url\" content=\"https:\/\/www.sellerlogic.com\/sk\/short-wb-en-202002\/\" \/>\n<meta property=\"og:site_name\" content=\"SELLERLOGIC - Smarte Tools f\u00fcr Amazon-Seller\" \/>\n<meta property=\"article:publisher\" content=\"https:\/\/www.facebook.com\/SellerLogic\/\" \/>\n<meta property=\"og:image\" content=\"https:\/\/www.sellerlogic.com\/wp-content\/uploads\/2024\/04\/Property-Logo-Main-1.svg\" \/>\n<meta name=\"twitter:card\" content=\"summary_large_image\" \/>\n<meta name=\"twitter:site\" content=\"@sellerlogic\" \/>\n<meta name=\"twitter:label1\" content=\"Est. reading time\" \/>\n\t<meta name=\"twitter:data1\" content=\"1 minute\" \/>\n<script type=\"application\/ld+json\" class=\"yoast-schema-graph\">{\"@context\":\"https:\/\/schema.org\",\"@graph\":[{\"@type\":\"WebPage\",\"@id\":\"https:\/\/www.sellerlogic.com\/sk\/short-wb-en-202002\/\",\"url\":\"https:\/\/www.sellerlogic.com\/sk\/short-wb-en-202002\/\",\"name\":\"SELLERLOGIC - Stiahnu\u0165 pracovn\u00fd zo\u0161it Ako vyhra\u0165 Amazon Buy Box!\",\"isPartOf\":{\"@id\":\"https:\/\/www.sellerlogic.com\/sk\/#website\"},\"primaryImageOfPage\":{\"@id\":\"https:\/\/www.sellerlogic.com\/sk\/short-wb-en-202002\/#primaryimage\"},\"image\":{\"@id\":\"https:\/\/www.sellerlogic.com\/sk\/short-wb-en-202002\/#primaryimage\"},\"thumbnailUrl\":\"https:\/\/www.sellerlogic.com\/wp-content\/uploads\/2024\/04\/Property-Logo-Main-1.svg\",\"datePublished\":\"2021-01-07T11:00:45+00:00\",\"description\":\"Ak\u00e9 krit\u00e9ri\u00e1 pou\u017e\u00edva algoritmus Amazon a ak\u00e9 metriky musia predajcovia splni\u0165, aby vyhrali Buy Box na Amazone? Stiahnite si teraz!\",\"breadcrumb\":{\"@id\":\"https:\/\/www.sellerlogic.com\/sk\/short-wb-en-202002\/#breadcrumb\"},\"inLanguage\":\"sk-SK\",\"potentialAction\":[{\"@type\":\"ReadAction\",\"target\":[\"https:\/\/www.sellerlogic.com\/sk\/short-wb-en-202002\/\"]}]},{\"@type\":\"ImageObject\",\"inLanguage\":\"sk-SK\",\"@id\":\"https:\/\/www.sellerlogic.com\/sk\/short-wb-en-202002\/#primaryimage\",\"url\":\"https:\/\/www.sellerlogic.com\/wp-content\/uploads\/2024\/04\/Property-Logo-Main-1.svg\",\"contentUrl\":\"https:\/\/www.sellerlogic.com\/wp-content\/uploads\/2024\/04\/Property-Logo-Main-1.svg\"},{\"@type\":\"BreadcrumbList\",\"@id\":\"https:\/\/www.sellerlogic.com\/sk\/short-wb-en-202002\/#breadcrumb\",\"itemListElement\":[{\"@type\":\"ListItem\",\"position\":1,\"name\":\"Home\",\"item\":\"https:\/\/www.sellerlogic.com\/sk\/\"},{\"@type\":\"ListItem\",\"position\":2,\"name\":\"WB202002: 13 krokov k zisku Buy Box (LP) EN\"}]},{\"@type\":\"WebSite\",\"@id\":\"https:\/\/www.sellerlogic.com\/sk\/#website\",\"url\":\"https:\/\/www.sellerlogic.com\/sk\/\",\"name\":\"SELLERLOGIC - Smarte Tools f\u00fcr Amazon-Seller\",\"description\":\"Intelligente Prozessoptimierung und Gewinnmaximierung\",\"publisher\":{\"@id\":\"https:\/\/www.sellerlogic.com\/sk\/#organization\"},\"potentialAction\":[{\"@type\":\"SearchAction\",\"target\":{\"@type\":\"EntryPoint\",\"urlTemplate\":\"https:\/\/www.sellerlogic.com\/sk\/?s={search_term_string}\"},\"query-input\":{\"@type\":\"PropertyValueSpecification\",\"valueRequired\":true,\"valueName\":\"search_term_string\"}}],\"inLanguage\":\"sk-SK\"},{\"@type\":\"Organization\",\"@id\":\"https:\/\/www.sellerlogic.com\/sk\/#organization\",\"name\":\"SELLERLOGIC\",\"url\":\"https:\/\/www.sellerlogic.com\/sk\/\",\"logo\":{\"@type\":\"ImageObject\",\"inLanguage\":\"sk-SK\",\"@id\":\"https:\/\/www.sellerlogic.com\/sk\/#\/schema\/logo\/image\/\",\"url\":\"https:\/\/d2bw95mh2ee04s.cloudfront.net\/prod\/content\/wp-content\/uploads\/2025\/01\/02134814\/Property-Logo-Main.svg\",\"contentUrl\":\"https:\/\/d2bw95mh2ee04s.cloudfront.net\/prod\/content\/wp-content\/uploads\/2025\/01\/02134814\/Property-Logo-Main.svg\",\"width\":184,\"height\":40,\"caption\":\"SELLERLOGIC\"},\"image\":{\"@id\":\"https:\/\/www.sellerlogic.com\/sk\/#\/schema\/logo\/image\/\"},\"sameAs\":[\"https:\/\/www.facebook.com\/SellerLogic\/\",\"https:\/\/x.com\/sellerlogic\",\"https:\/\/www.instagram.com\/sellerlogic\/\",\"https:\/\/www.linkedin.com\/company\/18402037\/\",\"https:\/\/www.youtube.com\/channel\/UC-gULUur-fNj08sprantKsQ\"]}]}<\/script>\n<!-- \/ Yoast SEO plugin. -->","yoast_head_json":{"title":"SELLERLOGIC - Stiahnu\u0165 pracovn\u00fd zo\u0161it Ako vyhra\u0165 Amazon Buy Box!","description":"Ak\u00e9 krit\u00e9ri\u00e1 pou\u017e\u00edva algoritmus Amazon a ak\u00e9 metriky musia predajcovia splni\u0165, aby vyhrali Buy Box na Amazone? Stiahnite si teraz!","robots":{"index":"index","follow":"follow","max-snippet":"max-snippet:-1","max-image-preview":"max-image-preview:large","max-video-preview":"max-video-preview:-1"},"canonical":"https:\/\/www.sellerlogic.com\/sk\/short-wb-en-202002\/","og_locale":"sk_SK","og_type":"article","og_title":"SELLERLOGIC - Stiahnu\u0165 pracovn\u00fd zo\u0161it Ako vyhra\u0165 Amazon Buy Box!","og_description":"Ak\u00e9 krit\u00e9ri\u00e1 pou\u017e\u00edva algoritmus Amazon a ak\u00e9 metriky musia predajcovia splni\u0165, aby vyhrali Buy Box na Amazone? Stiahnite si teraz!","og_url":"https:\/\/www.sellerlogic.com\/sk\/short-wb-en-202002\/","og_site_name":"SELLERLOGIC - Smarte Tools f\u00fcr Amazon-Seller","article_publisher":"https:\/\/www.facebook.com\/SellerLogic\/","og_image":[{"url":"https:\/\/www.sellerlogic.com\/wp-content\/uploads\/2024\/04\/Property-Logo-Main-1.svg","type":"","width":"","height":""}],"twitter_card":"summary_large_image","twitter_site":"@sellerlogic","twitter_misc":{"Est. reading time":"1 minute"},"schema":{"@context":"https:\/\/schema.org","@graph":[{"@type":"WebPage","@id":"https:\/\/www.sellerlogic.com\/sk\/short-wb-en-202002\/","url":"https:\/\/www.sellerlogic.com\/sk\/short-wb-en-202002\/","name":"SELLERLOGIC - Stiahnu\u0165 pracovn\u00fd zo\u0161it Ako vyhra\u0165 Amazon Buy Box!","isPartOf":{"@id":"https:\/\/www.sellerlogic.com\/sk\/#website"},"primaryImageOfPage":{"@id":"https:\/\/www.sellerlogic.com\/sk\/short-wb-en-202002\/#primaryimage"},"image":{"@id":"https:\/\/www.sellerlogic.com\/sk\/short-wb-en-202002\/#primaryimage"},"thumbnailUrl":"https:\/\/www.sellerlogic.com\/wp-content\/uploads\/2024\/04\/Property-Logo-Main-1.svg","datePublished":"2021-01-07T11:00:45+00:00","description":"Ak\u00e9 krit\u00e9ri\u00e1 pou\u017e\u00edva algoritmus Amazon a ak\u00e9 metriky musia predajcovia splni\u0165, aby vyhrali Buy Box na Amazone? Stiahnite si teraz!","breadcrumb":{"@id":"https:\/\/www.sellerlogic.com\/sk\/short-wb-en-202002\/#breadcrumb"},"inLanguage":"sk-SK","potentialAction":[{"@type":"ReadAction","target":["https:\/\/www.sellerlogic.com\/sk\/short-wb-en-202002\/"]}]},{"@type":"ImageObject","inLanguage":"sk-SK","@id":"https:\/\/www.sellerlogic.com\/sk\/short-wb-en-202002\/#primaryimage","url":"https:\/\/www.sellerlogic.com\/wp-content\/uploads\/2024\/04\/Property-Logo-Main-1.svg","contentUrl":"https:\/\/www.sellerlogic.com\/wp-content\/uploads\/2024\/04\/Property-Logo-Main-1.svg"},{"@type":"BreadcrumbList","@id":"https:\/\/www.sellerlogic.com\/sk\/short-wb-en-202002\/#breadcrumb","itemListElement":[{"@type":"ListItem","position":1,"name":"Home","item":"https:\/\/www.sellerlogic.com\/sk\/"},{"@type":"ListItem","position":2,"name":"WB202002: 13 krokov k zisku Buy Box (LP) EN"}]},{"@type":"WebSite","@id":"https:\/\/www.sellerlogic.com\/sk\/#website","url":"https:\/\/www.sellerlogic.com\/sk\/","name":"SELLERLOGIC - Smarte Tools f\u00fcr Amazon-Seller","description":"Intelligente Prozessoptimierung und Gewinnmaximierung","publisher":{"@id":"https:\/\/www.sellerlogic.com\/sk\/#organization"},"potentialAction":[{"@type":"SearchAction","target":{"@type":"EntryPoint","urlTemplate":"https:\/\/www.sellerlogic.com\/sk\/?s={search_term_string}"},"query-input":{"@type":"PropertyValueSpecification","valueRequired":true,"valueName":"search_term_string"}}],"inLanguage":"sk-SK"},{"@type":"Organization","@id":"https:\/\/www.sellerlogic.com\/sk\/#organization","name":"SELLERLOGIC","url":"https:\/\/www.sellerlogic.com\/sk\/","logo":{"@type":"ImageObject","inLanguage":"sk-SK","@id":"https:\/\/www.sellerlogic.com\/sk\/#\/schema\/logo\/image\/","url":"https:\/\/d2bw95mh2ee04s.cloudfront.net\/prod\/content\/wp-content\/uploads\/2025\/01\/02134814\/Property-Logo-Main.svg","contentUrl":"https:\/\/d2bw95mh2ee04s.cloudfront.net\/prod\/content\/wp-content\/uploads\/2025\/01\/02134814\/Property-Logo-Main.svg","width":184,"height":40,"caption":"SELLERLOGIC"},"image":{"@id":"https:\/\/www.sellerlogic.com\/sk\/#\/schema\/logo\/image\/"},"sameAs":["https:\/\/www.facebook.com\/SellerLogic\/","https:\/\/x.com\/sellerlogic","https:\/\/www.instagram.com\/sellerlogic\/","https:\/\/www.linkedin.com\/company\/18402037\/","https:\/\/www.youtube.com\/channel\/UC-gULUur-fNj08sprantKsQ"]}]}},"_links":{"self":[{"href":"https:\/\/www.sellerlogic.com\/sk\/wp-json\/wp\/v2\/pages\/228078","targetHints":{"allow":["GET"]}}],"collection":[{"href":"https:\/\/www.sellerlogic.com\/sk\/wp-json\/wp\/v2\/pages"}],"about":[{"href":"https:\/\/www.sellerlogic.com\/sk\/wp-json\/wp\/v2\/types\/page"}],"author":[{"embeddable":true,"href":"https:\/\/www.sellerlogic.com\/sk\/wp-json\/wp\/v2\/users\/8"}],"replies":[{"embeddable":true,"href":"https:\/\/www.sellerlogic.com\/sk\/wp-json\/wp\/v2\/comments?post=228078"}],"version-history":[{"count":0,"href":"https:\/\/www.sellerlogic.com\/sk\/wp-json\/wp\/v2\/pages\/228078\/revisions"}],"wp:attachment":[{"href":"https:\/\/www.sellerlogic.com\/sk\/wp-json\/wp\/v2\/media?parent=228078"}],"curies":[{"name":"wp","href":"https:\/\/api.w.org\/{rel}","templated":true}]}}