
{"id":228156,"date":"2020-12-22T10:05:12","date_gmt":"2020-12-22T10:05:12","guid":{"rendered":"https:\/\/127.0.0.1\/resources\/success-story-dadaro\/"},"modified":"2020-12-22T10:05:12","modified_gmt":"2020-12-22T10:05:12","slug":"success-story-dadaro","status":"publish","type":"page","link":"https:\/\/www.sellerlogic.com\/sk\/resources\/success-story-dadaro\/","title":{"rendered":"Success Story: Dadaro EN"},"content":{"rendered":"\n\t<div  class=\"theme-wp-block theme-block-main-header is-style-full-height desktop-align-full xl-align-full lg-align-full md-align-full sm-align-full desktop-content-align-y-center desktop-content-align-x-center xl-content-align-y-center xl-content-align-x-center lg-content-align-y-center lg-content-align-x-center md-content-align-y-center md-content-align-x-center sm-content-align-y-center sm-content-align-x-center gb-responsive-439567-identifier theme-block-cover\">\n\t\t<div class=\"bg-cover theme-lazy-load-bg\"><\/div>\n\t\t<div class=\"wrap-content-main-header\">\n\t\t\t\t\t<div  class=\"theme-wp-block theme-block-text-and-text desktop-align-wide xl-align-wide lg-align-wide md-align-wide sm-align-wide gb-responsive-511761-identifier desktop-blockDirection-column xl-blockDirection-column lg-blockDirection-column md-blockDirection-column sm-blockDirection-column\">\n\t\t<div class=\"tat-column-wrap-wrapper\">\n\t\t\t<div class=\"tat-column-wrapper\">\n\t\t\t\t\t<div  class=\"theme-wp-block theme-block-text-and-text-column gb-responsive-24925-identifier desktop-horizontal-center xl-horizontal-center lg-horizontal-center md-horizontal-center sm-horizontal-center\">\n\t\t<div class=\"inner-wrap-column-content\">\n\t\t\t<div class=\"inner-column-content\">\n\t\t\t\t\t\t<h1  class=\"theme-wp-block theme-block-heading gb-responsive-62496-identifier desktop-text-center xl-text-center lg-text-center md-text-center sm-text-center desktop-gb-has-no-icon xl-gb-has-no-icon lg-gb-has-no-icon md-gb-has-no-icon sm-gb-has-no-icon\">\n\t\tPre\u010do celosvetov\u00e1 pand\u00e9mia neovplyv\u0148uje Dadaro\t<\/h1>\n\n\t\t\t<\/div>\n\t\t<\/div>\n\t<\/div>\n\t<div  class=\"theme-wp-block theme-block-text-and-text-column gb-responsive-195365-identifier\">\n\t\t<div class=\"inner-wrap-column-content\">\n\t\t\t<div class=\"inner-column-content\">\n\t\t\t\t\t\t\t<\/div>\n\t\t<\/div>\n\t<\/div>\n\t\t\t<\/div>\n\t\t<\/div>\n\t<\/div>\n\n\t\t<\/div>\n\t<\/div>\n\n<div style=\"height:50px\" aria-hidden=\"true\" class=\"theme-wp-block wp-block-spacer\"><\/div><div class=\"theme-wp-block wp-block-columns gb-responsive-586014-identifier is-layout-flex wp-container-core-columns-is-layout-9d6595d7 wp-block-columns-is-layout-flex\"><div class=\"theme-wp-block wp-block-column gb-responsive-33587-identifier is-layout-flow wp-block-column-is-layout-flow\" style=\"flex-basis:25%\"><figure class=\"theme-wp-block wp-block-image size-large is-resized gb-responsive-62921-identifier\"><img decoding=\"async\" src=\"https:\/\/d2bw95mh2ee04s.cloudfront.net\/prod\/content\/wp-content\/uploads\/2020\/12\/23142718\/logo-monde-petit.png\" alt=\"Success Story: Dadaro EN\" class=\"wp-image-5012\" width=\"300\" height=\"264\" srcset=\"https:\/\/d2bw95mh2ee04s.cloudfront.net\/prod\/content\/wp-content\/uploads\/2020\/12\/23142718\/logo-monde-petit-407x358.png 407w, https:\/\/d2bw95mh2ee04s.cloudfront.net\/prod\/content\/wp-content\/uploads\/2020\/12\/23142718\/logo-monde-petit.png 600w\" sizes=\"(max-width: 300px) 100vw, 300px\" \/><\/figure><p class=\"theme-wp-block gb-responsive-263243-identifier\"><strong>Zakladanie:<\/strong><br>2004<\/p><p class=\"theme-wp-block gb-responsive-412647-identifier\"><strong>Odvetvie:<\/strong><br>\u0160perky a drah\u00e9 kovy<\/p><p class=\"theme-wp-block gb-responsive-679138-identifier\"><strong>Predmety na Amazone:\u00a0<\/strong><br>pribli\u017ene 1.600 SKU<\/p><p class=\"theme-wp-block gb-responsive-236096-identifier\"><strong>Dod\u00e1vky:<\/strong><br>pribli\u017ene 700 za mesiac<\/p><\/div><div class=\"theme-wp-block wp-block-column gb-responsive-980941-identifier is-layout-flow wp-block-column-is-layout-flow\" style=\"flex-basis:50%\"><h3 class=\"theme-wp-block wp-block-heading gb-responsive-34353-identifier\" id=\"block-c06fce04-ef87-4ffc-a3d6-b768ba377d17\">Pozadie:<\/h3><p class=\"theme-wp-block gb-responsive-414178-identifier desktop-gb-has-no-icon xl-gb-has-no-icon lg-gb-has-no-icon md-gb-has-no-icon sm-gb-has-no-icon\">V roku 2008 rodinn\u00e1 firma \u2013 zalo\u017een\u00e1 v roku 2004 a \u0161pecializuj\u00faca sa na v\u00fdrobu, n\u00e1kup a predaj \u0161perkov \u2013 videla, ako tradi\u010dn\u00fd ve\u013ekoobchodn\u00fd kan\u00e1l pomaly kon\u010d\u00ed. V d\u00f4sledku hospod\u00e1rskej kr\u00edzy a rastu ceny zlata do\u0161lo k poklesu dopytu po n\u00e1kupe \u0161perkov, \u010do negat\u00edvne ovplyvnilo ich predaj. V tomto momente mal Luis G\u00f3mez, gener\u00e1lny riadite\u013e Dadaro, jasno v tom, \u017ee na z\u00e1chranu rodinnej firmy mus\u00ed presko\u010di\u0165 do online predaja.<\/p><h3 class=\"theme-wp-block wp-block-heading gb-responsive-846776-identifier desktop-gb-has-no-icon xl-gb-has-no-icon lg-gb-has-no-icon md-gb-has-no-icon sm-gb-has-no-icon\">Za\u010diatky:<\/h3><p class=\"theme-wp-block gb-responsive-166194-identifier desktop-gb-has-no-icon xl-gb-has-no-icon lg-gb-has-no-icon md-gb-has-no-icon sm-gb-has-no-icon\">Po vytvoren\u00ed e-commerce obchodu so \u0161perkami MondePetit sa Luis v roku 2015 rozhodol sta\u0165 sa predajcom na Amazone. Pre Dadaro, jeho akt\u00edvny obchod na Amazone v \u0160panielsku, okam\u017eite rozpoznal mo\u017enosti, ktor\u00e9 mu Marketplace pon\u00fakal v s\u00favislosti s predajom jeho produktov na medzin\u00e1rodnej \u00farovni. V roku 2017 za\u010dal pracova\u0165 so slu\u017ebami Amazon FBA a t\u00fdm posunul rodinn\u00fd podnik na medzin\u00e1rodn\u00fa \u00farove\u0148, pred\u00e1vaj\u00fac na trhoch ako Taliansko, Nemecko, Franc\u00fazsko a Spojen\u00e9 kr\u00e1\u013eovstvo.<\/p><p class=\"theme-wp-block gb-responsive-6809-identifier\">&#8220;Pou\u017e\u00edvanie slu\u017eieb FBA od Amazonu a viackan\u00e1lovej logistiky prostredn\u00edctvom na\u0161ej webovej str\u00e1nky malo obrovsk\u00fd dopad na na\u0161e podnikanie,&#8221; potvrdzuje Luis. &#8220;Z h\u013eadiska z\u00e1kazn\u00edckeho servisu n\u00e1m to ve\u013emi pomohlo, preto\u017ee Amazon priamo spracov\u00e1va po\u017eiadavky z\u00e1kazn\u00edkov. Na druhej strane som si bol vedom\u00fd, \u017ee \u2013 s mno\u017estvom transakci\u00ed, ktor\u00e9 spracov\u00e1vame \u2013 existoval tovar, ktor\u00fd by sa mohol strati\u0165 v ich logistick\u00fdch centr\u00e1ch&#8221;.<\/p><h3 class=\"theme-wp-block wp-block-heading gb-responsive-826598-identifier\">Rie\u0161enie:<\/h3><p class=\"theme-wp-block gb-responsive-981559-identifier desktop-gb-has-no-icon xl-gb-has-no-icon lg-gb-has-no-icon md-gb-has-no-icon sm-gb-has-no-icon\">Po\u010das pr\u00edsnych lockdownov\u00fdch opatren\u00ed v \u0160panielsku venoval Luis pozornos\u0165 ponuk\u00e1m, ktor\u00e9 sa objavili v jeho doru\u010denej po\u0161te. Takto narazil na e-mail, ktor\u00fd dostal od VGAMZ, prvej poradenskej agent\u00fary pre trhy v \u0160panielsku, \u0161pecializuj\u00facej sa na Amazon: &#8220;E-mail ma zaujal a ke\u010f\u017ee som mal nejak\u00fd \u010das, rozhodol som sa vypo\u010du\u0165 si podcast VGAMZ. Takto som na\u0161iel ich Youtube kan\u00e1l, kde som sledoval video tutori\u00e1ly o n\u00e1stroji Lost &#038; Found, a tu som objavil SELLERLOGIC!&#8221; vysvet\u013euje Luis. &#8220;Ihne\u010f som si povedal, \u017ee toto je presne to, \u010do teraz potrebujem. Zap\u00edsal som si to a o p\u00e1r dn\u00ed som si zakladal \u00fa\u010det na SELLERLOGIC&#8221;.<\/p><div class=\"theme-block-group-wrap\"><div class=\"theme-wp-block wp-block-group gb-responsive-88118-identifier\">\t\t<div  class=\"theme-wp-block theme-block-user-card gb-responsive-799176-identifier is-style-full-width-line\">\n\t\t<div class=\"wrap-inner-content\">\n\t\t\t<div class=\"card-user-head\">\n\t\t\t\t<div class=\"card-user-avatar\">\n\t\t\t\t\t<div class=\"cover-avatar\" style=\"background-image: url(https:\/\/d2bw95mh2ee04s.cloudfront.net\/prod\/content\/wp-content\/uploads\/2020\/12\/23142718\/luis-gomez_raute.png);\"><\/div>\n\t\t\t\t<\/div>\n\t\t\t\t<div class=\"wrap-title\">\n\t\t\t\t\t<div class=\"card-user-name\">\n\t\t\t\t\t\t<div class=\"title\">\n\t\t\t\t\t\t\t<h3 class=\"heading-text\"><strong>Luis G\u00f3mez<\/strong><\/h3>\n\t\t\t\t\t\t<\/div>\n\t\t\t\t\t\t<div class=\"card-user-position\">\n\t\t\t\t\t\t\t<div class=\"card-text\"><strong>CEO v Dadaro<\/strong><\/div>\n\t\t\t\t\t\t<\/div>\n\t\t\t\t\t<\/div>\n\t\t\t\t\t<div class=\"card-user-quote-icon\">\n\t\t\t\t\t<\/div>\n\t\t\t\t<\/div>\n\t\t\t<\/div>\n\t\t\t<div class=\"card-user-text\">\n\t\t\t\t<div class=\"card-text\"><p>\u201eSpolo\u010dnosti nemaj\u00fa \u010do strati\u0165 pou\u017e\u00edvan\u00edm tohto n\u00e1stroja, odpor\u00fa\u010dam ho v\u0161etk\u00fdm druhom predajcov na Amazone.\u201c<\/p><p><\/p><\/div>\n\t\t\t<\/div>\n\t\t<\/div>\n\t<\/div>\n\n<\/div><\/div><h3 class=\"theme-wp-block wp-block-heading gb-responsive-727373-identifier desktop-gb-has-no-icon xl-gb-has-no-icon lg-gb-has-no-icon md-gb-has-no-icon sm-gb-has-no-icon\">\u00daspe\u0161n\u00e9 v\u00fdsledky s SELLERLOGIC:<\/h3><p class=\"theme-wp-block gb-responsive-306957-identifier\">V\u0161etko bolo r\u00fdchle a jednoduch\u00e9 od za\u010diatku, ani\u017e by som musel po\u017eiada\u0165 o pomoc t\u00edm z\u00e1kazn\u00edckeho servisu SELLERLOGIC, hovor\u00ed Luis. &#8220;Proces registr\u00e1cie bol jednoduch\u00fd a implement\u00e1cia n\u00e1stroja je ve\u013emi jednoduch\u00e1. V ve\u013emi kr\u00e1tkom \u010dase sa za\u010dali objavova\u0165 prv\u00e9 pr\u00edpady vr\u00e1tenia pe\u0148az\u00ed. Nemohol som uveri\u0165, ke\u010f som videl, \u017ee je 117 pr\u00edpadov.&#8221;<\/p><p class=\"theme-wp-block gb-responsive-412864-identifier\">&#8220;Skuto\u010dnos\u0165, \u017ee som automatizoval cel\u00fd proces sledovania a reportovania transakci\u00ed FBA, sa ve\u013emi hodila, najm\u00e4 v \u010dasoch, v ktor\u00fdch moment\u00e1lne \u017eijeme. Kop\u00edrovanie a vkladanie inform\u00e1ci\u00ed na reportovanie mojich pr\u00edpadov n\u00e1rokov na Amazon nikdy nebolo tak\u00e9 jednoduch\u00e9!&#8221;<\/p><p class=\"theme-wp-block gb-responsive-741970-identifier\">&#8220;Bez SELLERLOGIC by som nemohol z\u00edska\u0165 toto vr\u00e1tenie pe\u0148az\u00ed vo v\u00fd\u0161ke 3886,91 \u20ac. V s\u00fa\u010dasnosti, kv\u00f4li aktu\u00e1lnej situ\u00e1cii, s pracovnou z\u00e1\u0165a\u017eou a v\u0161etk\u00fdmi zmenami, ktor\u00e9 sa neust\u00e1le dej\u00fa na Amazone, by bolo pre m\u0148a nemo\u017en\u00e9 postara\u0165 sa o t\u00fato z\u00e1le\u017eitos\u0165,&#8221; vysvet\u013euje Luis. &#8220;V t\u00fdchto \u010dasoch koronav\u00edrusu bol SELLERLOGIC naozaj darom, d\u00fafam, \u017ee ho budem m\u00f4c\u0165 pou\u017e\u00edva\u0165 e\u0161te dlh\u00fa dobu.&#8221;<\/p><div class=\"theme-wp-block wp-block-buttons gb-responsive-497426-identifier is-layout-flex wp-block-buttons-is-layout-flex\"><div class=\"theme-wp-block wp-block-button gb-responsive-38220-identifier is-style-theme-transparent-with-arrow\"><a class=\"wp-block-button__link wp-element-button\" href=\"https:\/\/d2bw95mh2ee04s.cloudfront.net\/prod\/content\/files\/SUCCESS-STORIES\/EN\/SELLERLOGIC_SN_Success-Story_Dadaro_EN.pdf\" target=\"_blank\" rel=\"noreferrer noopener nofollow\">Stiahnite si teraz!<\/a><\/div><\/div><\/div><div class=\"theme-wp-block wp-block-column gb-responsive-405774-identifier is-layout-flow wp-block-column-is-layout-flow\" style=\"flex-basis:25%\"><\/div><\/div><p class=\"theme-wp-block gb-responsive-527070-identifier\"><\/p>","protected":false},"excerpt":{"rendered":"<p>Zakladanie:2004 Odvetvie:\u0160perky a drah\u00e9 kovy Predmety na Amazone:\u00a0pribli\u017ene 1.600 SKU Dod\u00e1vky:pribli\u017ene 700 za mesiac Pozadie: V roku 2008 rodinn\u00e1 firma \u2013 zalo\u017een\u00e1 v roku 2004 a \u0161pecializuj\u00faca sa na v\u00fdrobu, n\u00e1kup a predaj \u0161perkov \u2013 videla, ako tradi\u010dn\u00fd ve\u013ekoobchodn\u00fd kan\u00e1l pomaly kon\u010d\u00ed. V d\u00f4sledku hospod\u00e1rskej kr\u00edzy a rastu ceny zlata do\u0161lo k poklesu dopytu po<\/p>\n","protected":false},"author":3,"featured_media":0,"parent":228213,"menu_order":0,"comment_status":"closed","ping_status":"closed","template":"","meta":{"sidebar_recommended_resources":{"data":[]},"sidebar_header_settings":{"hide_buttons":{"register":false}},"_use_new_theme":false,"inline_featured_image":false,"footnotes":""},"class_list":["post-228156","page","type-page","status-publish","hentry"],"yoast_head":"<!-- This site is optimized with the Yoast SEO plugin v26.8 - https:\/\/yoast.com\/product\/yoast-seo-wordpress\/ -->\n<title>Ako Lost &amp; Found pomohol Dadaro po\u010das kr\u00edzy koronav\u00edrusu | SELLERLOGIC<\/title>\n<meta name=\"description\" content=\"Pre mnoh\u00fdch predajcov bol rok 2020 \u0165a\u017ek\u00fdm rokom. Zistite, ako Dadaro vyu\u017eil n\u00e1stroj Lost &amp; Found na zvl\u00e1danie kr\u00edzy. Pre\u010d\u00edtajte si to teraz!\" \/>\n<meta name=\"robots\" content=\"index, follow, max-snippet:-1, max-image-preview:large, max-video-preview:-1\" \/>\n<link rel=\"canonical\" href=\"https:\/\/www.sellerlogic.com\/sk\/resources\/success-story-dadaro\/\" \/>\n<meta property=\"og:locale\" content=\"sk_SK\" \/>\n<meta property=\"og:type\" content=\"article\" \/>\n<meta property=\"og:title\" content=\"Ako Lost &amp; Found pomohol Dadaro po\u010das kr\u00edzy koronav\u00edrusu | SELLERLOGIC\" \/>\n<meta property=\"og:description\" content=\"Pre mnoh\u00fdch predajcov bol rok 2020 \u0165a\u017ek\u00fdm rokom. Zistite, ako Dadaro vyu\u017eil n\u00e1stroj Lost &amp; Found na zvl\u00e1danie kr\u00edzy. Pre\u010d\u00edtajte si to teraz!\" \/>\n<meta property=\"og:url\" content=\"https:\/\/www.sellerlogic.com\/sk\/resources\/success-story-dadaro\/\" \/>\n<meta property=\"og:site_name\" content=\"SELLERLOGIC - Smarte Tools f\u00fcr Amazon-Seller\" \/>\n<meta property=\"article:publisher\" content=\"https:\/\/www.facebook.com\/SellerLogic\/\" \/>\n<meta property=\"og:image\" content=\"https:\/\/www.sellerlogic.com\/wp-content\/uploads\/2020\/12\/logo-monde-petit.png\" \/>\n<meta name=\"twitter:card\" content=\"summary_large_image\" \/>\n<meta name=\"twitter:site\" content=\"@sellerlogic\" \/>\n<meta name=\"twitter:label1\" content=\"Est. reading time\" \/>\n\t<meta name=\"twitter:data1\" content=\"3 minutes\" \/>\n<script type=\"application\/ld+json\" class=\"yoast-schema-graph\">{\"@context\":\"https:\/\/schema.org\",\"@graph\":[{\"@type\":\"WebPage\",\"@id\":\"https:\/\/www.sellerlogic.com\/sk\/resources\/success-story-dadaro\/\",\"url\":\"https:\/\/www.sellerlogic.com\/sk\/resources\/success-story-dadaro\/\",\"name\":\"Ako Lost & Found pomohol Dadaro po\u010das kr\u00edzy koronav\u00edrusu | SELLERLOGIC\",\"isPartOf\":{\"@id\":\"https:\/\/www.sellerlogic.com\/sk\/#website\"},\"primaryImageOfPage\":{\"@id\":\"https:\/\/www.sellerlogic.com\/sk\/resources\/success-story-dadaro\/#primaryimage\"},\"image\":{\"@id\":\"https:\/\/www.sellerlogic.com\/sk\/resources\/success-story-dadaro\/#primaryimage\"},\"thumbnailUrl\":\"https:\/\/www.sellerlogic.com\/wp-content\/uploads\/2020\/12\/logo-monde-petit.png\",\"datePublished\":\"2020-12-22T10:05:12+00:00\",\"description\":\"Pre mnoh\u00fdch predajcov bol rok 2020 \u0165a\u017ek\u00fdm rokom. Zistite, ako Dadaro vyu\u017eil n\u00e1stroj Lost & Found na zvl\u00e1danie kr\u00edzy. Pre\u010d\u00edtajte si to teraz!\",\"breadcrumb\":{\"@id\":\"https:\/\/www.sellerlogic.com\/sk\/resources\/success-story-dadaro\/#breadcrumb\"},\"inLanguage\":\"sk-SK\",\"potentialAction\":[{\"@type\":\"ReadAction\",\"target\":[\"https:\/\/www.sellerlogic.com\/sk\/resources\/success-story-dadaro\/\"]}]},{\"@type\":\"ImageObject\",\"inLanguage\":\"sk-SK\",\"@id\":\"https:\/\/www.sellerlogic.com\/sk\/resources\/success-story-dadaro\/#primaryimage\",\"url\":\"https:\/\/www.sellerlogic.com\/wp-content\/uploads\/2020\/12\/logo-monde-petit.png\",\"contentUrl\":\"https:\/\/www.sellerlogic.com\/wp-content\/uploads\/2020\/12\/logo-monde-petit.png\"},{\"@type\":\"BreadcrumbList\",\"@id\":\"https:\/\/www.sellerlogic.com\/sk\/resources\/success-story-dadaro\/#breadcrumb\",\"itemListElement\":[{\"@type\":\"ListItem\",\"position\":1,\"name\":\"Home\",\"item\":\"https:\/\/www.sellerlogic.com\/sk\/\"},{\"@type\":\"ListItem\",\"position\":2,\"name\":\"Ressources EN\",\"item\":\"https:\/\/www.sellerlogic.com\/sk\/resources\/\"},{\"@type\":\"ListItem\",\"position\":3,\"name\":\"Success Story: Dadaro EN\"}]},{\"@type\":\"WebSite\",\"@id\":\"https:\/\/www.sellerlogic.com\/sk\/#website\",\"url\":\"https:\/\/www.sellerlogic.com\/sk\/\",\"name\":\"SELLERLOGIC - Smarte Tools f\u00fcr Amazon-Seller\",\"description\":\"Intelligente Prozessoptimierung und Gewinnmaximierung\",\"publisher\":{\"@id\":\"https:\/\/www.sellerlogic.com\/sk\/#organization\"},\"potentialAction\":[{\"@type\":\"SearchAction\",\"target\":{\"@type\":\"EntryPoint\",\"urlTemplate\":\"https:\/\/www.sellerlogic.com\/sk\/?s={search_term_string}\"},\"query-input\":{\"@type\":\"PropertyValueSpecification\",\"valueRequired\":true,\"valueName\":\"search_term_string\"}}],\"inLanguage\":\"sk-SK\"},{\"@type\":\"Organization\",\"@id\":\"https:\/\/www.sellerlogic.com\/sk\/#organization\",\"name\":\"SELLERLOGIC\",\"url\":\"https:\/\/www.sellerlogic.com\/sk\/\",\"logo\":{\"@type\":\"ImageObject\",\"inLanguage\":\"sk-SK\",\"@id\":\"https:\/\/www.sellerlogic.com\/sk\/#\/schema\/logo\/image\/\",\"url\":\"https:\/\/d2bw95mh2ee04s.cloudfront.net\/prod\/content\/wp-content\/uploads\/2025\/01\/02134814\/Property-Logo-Main.svg\",\"contentUrl\":\"https:\/\/d2bw95mh2ee04s.cloudfront.net\/prod\/content\/wp-content\/uploads\/2025\/01\/02134814\/Property-Logo-Main.svg\",\"width\":184,\"height\":40,\"caption\":\"SELLERLOGIC\"},\"image\":{\"@id\":\"https:\/\/www.sellerlogic.com\/sk\/#\/schema\/logo\/image\/\"},\"sameAs\":[\"https:\/\/www.facebook.com\/SellerLogic\/\",\"https:\/\/x.com\/sellerlogic\",\"https:\/\/www.instagram.com\/sellerlogic\/\",\"https:\/\/www.linkedin.com\/company\/18402037\/\",\"https:\/\/www.youtube.com\/channel\/UC-gULUur-fNj08sprantKsQ\"]}]}<\/script>\n<!-- \/ Yoast SEO plugin. -->","yoast_head_json":{"title":"Ako Lost & Found pomohol Dadaro po\u010das kr\u00edzy koronav\u00edrusu | SELLERLOGIC","description":"Pre mnoh\u00fdch predajcov bol rok 2020 \u0165a\u017ek\u00fdm rokom. Zistite, ako Dadaro vyu\u017eil n\u00e1stroj Lost & Found na zvl\u00e1danie kr\u00edzy. Pre\u010d\u00edtajte si to teraz!","robots":{"index":"index","follow":"follow","max-snippet":"max-snippet:-1","max-image-preview":"max-image-preview:large","max-video-preview":"max-video-preview:-1"},"canonical":"https:\/\/www.sellerlogic.com\/sk\/resources\/success-story-dadaro\/","og_locale":"sk_SK","og_type":"article","og_title":"Ako Lost & Found pomohol Dadaro po\u010das kr\u00edzy koronav\u00edrusu | SELLERLOGIC","og_description":"Pre mnoh\u00fdch predajcov bol rok 2020 \u0165a\u017ek\u00fdm rokom. Zistite, ako Dadaro vyu\u017eil n\u00e1stroj Lost & Found na zvl\u00e1danie kr\u00edzy. Pre\u010d\u00edtajte si to teraz!","og_url":"https:\/\/www.sellerlogic.com\/sk\/resources\/success-story-dadaro\/","og_site_name":"SELLERLOGIC - Smarte Tools f\u00fcr Amazon-Seller","article_publisher":"https:\/\/www.facebook.com\/SellerLogic\/","og_image":[{"url":"https:\/\/www.sellerlogic.com\/wp-content\/uploads\/2020\/12\/logo-monde-petit.png","type":"","width":"","height":""}],"twitter_card":"summary_large_image","twitter_site":"@sellerlogic","twitter_misc":{"Est. reading time":"3 minutes"},"schema":{"@context":"https:\/\/schema.org","@graph":[{"@type":"WebPage","@id":"https:\/\/www.sellerlogic.com\/sk\/resources\/success-story-dadaro\/","url":"https:\/\/www.sellerlogic.com\/sk\/resources\/success-story-dadaro\/","name":"Ako Lost & Found pomohol Dadaro po\u010das kr\u00edzy koronav\u00edrusu | SELLERLOGIC","isPartOf":{"@id":"https:\/\/www.sellerlogic.com\/sk\/#website"},"primaryImageOfPage":{"@id":"https:\/\/www.sellerlogic.com\/sk\/resources\/success-story-dadaro\/#primaryimage"},"image":{"@id":"https:\/\/www.sellerlogic.com\/sk\/resources\/success-story-dadaro\/#primaryimage"},"thumbnailUrl":"https:\/\/www.sellerlogic.com\/wp-content\/uploads\/2020\/12\/logo-monde-petit.png","datePublished":"2020-12-22T10:05:12+00:00","description":"Pre mnoh\u00fdch predajcov bol rok 2020 \u0165a\u017ek\u00fdm rokom. Zistite, ako Dadaro vyu\u017eil n\u00e1stroj Lost & Found na zvl\u00e1danie kr\u00edzy. Pre\u010d\u00edtajte si to teraz!","breadcrumb":{"@id":"https:\/\/www.sellerlogic.com\/sk\/resources\/success-story-dadaro\/#breadcrumb"},"inLanguage":"sk-SK","potentialAction":[{"@type":"ReadAction","target":["https:\/\/www.sellerlogic.com\/sk\/resources\/success-story-dadaro\/"]}]},{"@type":"ImageObject","inLanguage":"sk-SK","@id":"https:\/\/www.sellerlogic.com\/sk\/resources\/success-story-dadaro\/#primaryimage","url":"https:\/\/www.sellerlogic.com\/wp-content\/uploads\/2020\/12\/logo-monde-petit.png","contentUrl":"https:\/\/www.sellerlogic.com\/wp-content\/uploads\/2020\/12\/logo-monde-petit.png"},{"@type":"BreadcrumbList","@id":"https:\/\/www.sellerlogic.com\/sk\/resources\/success-story-dadaro\/#breadcrumb","itemListElement":[{"@type":"ListItem","position":1,"name":"Home","item":"https:\/\/www.sellerlogic.com\/sk\/"},{"@type":"ListItem","position":2,"name":"Ressources EN","item":"https:\/\/www.sellerlogic.com\/sk\/resources\/"},{"@type":"ListItem","position":3,"name":"Success Story: Dadaro EN"}]},{"@type":"WebSite","@id":"https:\/\/www.sellerlogic.com\/sk\/#website","url":"https:\/\/www.sellerlogic.com\/sk\/","name":"SELLERLOGIC - Smarte Tools f\u00fcr Amazon-Seller","description":"Intelligente Prozessoptimierung und Gewinnmaximierung","publisher":{"@id":"https:\/\/www.sellerlogic.com\/sk\/#organization"},"potentialAction":[{"@type":"SearchAction","target":{"@type":"EntryPoint","urlTemplate":"https:\/\/www.sellerlogic.com\/sk\/?s={search_term_string}"},"query-input":{"@type":"PropertyValueSpecification","valueRequired":true,"valueName":"search_term_string"}}],"inLanguage":"sk-SK"},{"@type":"Organization","@id":"https:\/\/www.sellerlogic.com\/sk\/#organization","name":"SELLERLOGIC","url":"https:\/\/www.sellerlogic.com\/sk\/","logo":{"@type":"ImageObject","inLanguage":"sk-SK","@id":"https:\/\/www.sellerlogic.com\/sk\/#\/schema\/logo\/image\/","url":"https:\/\/d2bw95mh2ee04s.cloudfront.net\/prod\/content\/wp-content\/uploads\/2025\/01\/02134814\/Property-Logo-Main.svg","contentUrl":"https:\/\/d2bw95mh2ee04s.cloudfront.net\/prod\/content\/wp-content\/uploads\/2025\/01\/02134814\/Property-Logo-Main.svg","width":184,"height":40,"caption":"SELLERLOGIC"},"image":{"@id":"https:\/\/www.sellerlogic.com\/sk\/#\/schema\/logo\/image\/"},"sameAs":["https:\/\/www.facebook.com\/SellerLogic\/","https:\/\/x.com\/sellerlogic","https:\/\/www.instagram.com\/sellerlogic\/","https:\/\/www.linkedin.com\/company\/18402037\/","https:\/\/www.youtube.com\/channel\/UC-gULUur-fNj08sprantKsQ"]}]}},"_links":{"self":[{"href":"https:\/\/www.sellerlogic.com\/sk\/wp-json\/wp\/v2\/pages\/228156","targetHints":{"allow":["GET"]}}],"collection":[{"href":"https:\/\/www.sellerlogic.com\/sk\/wp-json\/wp\/v2\/pages"}],"about":[{"href":"https:\/\/www.sellerlogic.com\/sk\/wp-json\/wp\/v2\/types\/page"}],"author":[{"embeddable":true,"href":"https:\/\/www.sellerlogic.com\/sk\/wp-json\/wp\/v2\/users\/3"}],"replies":[{"embeddable":true,"href":"https:\/\/www.sellerlogic.com\/sk\/wp-json\/wp\/v2\/comments?post=228156"}],"version-history":[{"count":0,"href":"https:\/\/www.sellerlogic.com\/sk\/wp-json\/wp\/v2\/pages\/228156\/revisions"}],"up":[{"embeddable":true,"href":"https:\/\/www.sellerlogic.com\/sk\/wp-json\/wp\/v2\/pages\/228213"}],"wp:attachment":[{"href":"https:\/\/www.sellerlogic.com\/sk\/wp-json\/wp\/v2\/media?parent=228156"}],"curies":[{"name":"wp","href":"https:\/\/api.w.org\/{rel}","templated":true}]}}