
{"id":228162,"date":"2020-12-18T11:33:09","date_gmt":"2020-12-18T11:33:09","guid":{"rendered":"https:\/\/127.0.0.1\/resources\/success-story-outlet-sofa-direct-2\/"},"modified":"2025-09-08T15:30:24","modified_gmt":"2025-09-08T15:30:24","slug":"success-story-outlet-sofa-direct","status":"publish","type":"page","link":"https:\/\/www.sellerlogic.com\/sk\/resources\/success-story-outlet-sofa-direct\/","title":{"rendered":"Success Story: Outlet Sofa Direct EN"},"content":{"rendered":"\n\t<div  class=\"theme-wp-block theme-block-main-header is-style-full-height desktop-align-full xl-align-full lg-align-full md-align-full sm-align-full desktop-content-align-y-center desktop-content-align-x-center xl-content-align-y-center xl-content-align-x-center lg-content-align-y-center lg-content-align-x-center md-content-align-y-center md-content-align-x-center sm-content-align-y-center sm-content-align-x-center gb-responsive-52704-identifier theme-block-cover\">\n\t\t<div class=\"bg-cover theme-lazy-load-bg\"><\/div>\n\t\t<div class=\"wrap-content-main-header\">\n\t\t\t\t\t<div  class=\"theme-wp-block theme-block-text-and-text desktop-blockDirection-row xl-blockDirection-row lg-blockDirection-row md-blockDirection-row sm-blockDirection-row gb-responsive-903753-identifier desktop-align-full xl-align-full lg-align-full md-align-full sm-align-full alignfull\">\n\t\t<div class=\"tat-column-wrap-wrapper\">\n\t\t\t<div class=\"tat-column-wrapper\">\n\t\t\t\t\t<div  class=\"theme-wp-block theme-block-text-and-text-column gb-responsive-974454-identifier desktop-horizontal-center xl-horizontal-center lg-horizontal-center md-horizontal-center sm-horizontal-center\">\n\t\t<div class=\"inner-wrap-column-content\">\n\t\t\t<div class=\"inner-column-content\">\n\t\t\t\t\t\t<h1  class=\"theme-wp-block theme-block-heading is-style-default gb-responsive-560595-identifier desktop-align-wide xl-align-wide lg-align-wide md-align-wide sm-align-wide desktop-text-center xl-text-center lg-text-center md-text-center sm-text-center alignwide h1 has-text-align\">\n\t\tThe 20k Phone Call\t<\/h1>\n\n\t\t<h2  class=\"theme-wp-block theme-block-heading is-style-default gb-responsive-64452-identifier desktop-text-center xl-text-center lg-text-center md-text-center sm-text-center h1\">\n\t\tAko Outlet-Sofa Direct dok\u00e1zal u\u0161etri\u0165 \u010das, n\u00e1mahu a tis\u00edce eur\t<\/h2>\n\n<p class=\"theme-wp-block gb-responsive-93774-identifier\"><a href=\"https:\/\/www.sellerlogic.com\/sk\/resources\/success-story-outlet-sofa-direct\/\" target=\"_blank\" rel=\"noreferrer noopener\"><\/a><\/p>\t\t\t<\/div>\n\t\t<\/div>\n\t<\/div>\n\t<div  class=\"theme-wp-block theme-block-text-and-text-column gb-responsive-681128-identifier\">\n\t\t<div class=\"inner-wrap-column-content\">\n\t\t\t<div class=\"inner-column-content\">\n\t\t\t\t\t\t\t<\/div>\n\t\t<\/div>\n\t<\/div>\n\t\t\t<\/div>\n\t\t<\/div>\n\t<\/div>\n\n\t\t<\/div>\n\t<\/div>\n\n<div style=\"height:50px\" aria-hidden=\"true\" class=\"theme-wp-block wp-block-spacer\"><\/div><div class=\"theme-wp-block wp-block-columns gb-responsive-608602-identifier is-layout-flex wp-container-core-columns-is-layout-9d6595d7 wp-block-columns-is-layout-flex\"><div class=\"theme-wp-block wp-block-column gb-responsive-696523-identifier is-layout-flow wp-block-column-is-layout-flow\" style=\"flex-basis:25%\"><figure class=\"theme-wp-block wp-block-image size-large is-resized gb-responsive-62921-identifier\"><img decoding=\"async\" src=\"https:\/\/d2bw95mh2ee04s.cloudfront.net\/prod\/content\/wp-content\/uploads\/2020\/12\/23142714\/outletsofadirect-logo.png\" alt=\"Success Story: Outlet Sofa Direct EN\" class=\"wp-image-5164\" width=\"250\" height=\"89\"><\/figure><p class=\"theme-wp-block gb-responsive-312552-identifier\"><strong><strong><strong>Z\u00e1klad<\/strong><\/strong>:<\/strong><br>2005<\/p><p class=\"theme-wp-block gb-responsive-353708-identifier\"><strong><strong><strong>Odvetvie<\/strong><\/strong>:<\/strong><br>N\u00e1bytok\/Ob\u00fdvacia izba-Potraviny na spanie<\/p><p class=\"theme-wp-block gb-responsive-741269-identifier\"><strong><strong><strong>Predmety na Amazone:\u00a0<\/strong>\u00a0<\/strong><\/strong><br>asi 2 000 SKU<\/p><p class=\"theme-wp-block gb-responsive-218030-identifier\"><strong><strong><strong>Dod\u00e1vky<\/strong><\/strong>:\u00a0<\/strong><br>pribli\u017ene 8 000 \/ mesiac<\/p><\/div><div class=\"theme-wp-block wp-block-column gb-responsive-409151-identifier is-layout-flow wp-block-column-is-layout-flow\" style=\"flex-basis:50%\"><h3 class=\"theme-wp-block wp-block-heading gb-responsive-34353-identifier\" id=\"block-c06fce04-ef87-4ffc-a3d6-b768ba377d17\">Pozadie:<\/h3><p class=\"theme-wp-block gb-responsive-710769-identifier\">My\u0161lienka Outlet-Sofa Direct sa zrodila, ke\u010f sa nieko\u013eko v\u00fdrobcov \u0161pecializuj\u00facich sa na v\u00fdrobu z\u00e1sob pre spanie a pohodu spojilo, aby svojim z\u00e1kazn\u00edkom pon\u00fakli mo\u017enos\u0165 priam\u00e9ho pr\u00edstupu ku v\u0161etk\u00fdm t\u00fdmto polo\u017ek\u00e1m, ktor\u00e9 prech\u00e1dzaj\u00fa cez tov\u00e1re\u0148 a s\u00fa mimo skladov\u00fdch z\u00e1sob, \u010d\u00edm poskytuj\u00fa spotrebite\u013eovi najlep\u0161iu kvalitu za ide\u00e1lnu cenu. V roku 2005, v d\u00f4sledku nevyhnutnej digit\u00e1lnej transform\u00e1cie n\u00e1bytkov\u00e9ho sektora, sa spolo\u010dnos\u0165 ani na chv\u00ed\u013eu nezav\u00e1hala zvoli\u0165 online obchodovanie.<\/p><h3 class=\"theme-wp-block wp-block-heading gb-responsive-182281-identifier\">Po\u010diato\u010dn\u00e1 situ\u00e1cia:<\/h3><p class=\"theme-wp-block gb-responsive-548283-identifier\">Vzh\u013eadom na siln\u00fa a zn\u00e1my reput\u00e1ciu e-commerce giganta sa Outlet-Sofa-Direct v roku 2015 rozhodol za\u010da\u0165 pred\u00e1va\u0165 svoje produkty na Amazone: &#8220;Chcie\u0165 ma\u0165 ve\u013ek\u00e9 mno\u017estvo online predaja a nepred\u00e1va\u0165 na Amazone je dnes \u010dasto nemo\u017en\u00e9,&#8221; hovor\u00ed Francesco, mana\u017e\u00e9r trhu spolo\u010dnosti.<\/p><p class=\"theme-wp-block gb-responsive-940523-identifier\">&#8220;V s\u00fa\u010dasnosti pred\u00e1vame na nieko\u013ek\u00fdch trhoch: eBay, Cdiscount, ale predaj na Amazone a vyu\u017e\u00edvanie slu\u017eieb Amazon FBA n\u00e1m v\u00fdrazne zv\u00fd\u0161ilo predaj,&#8221; uv\u00e1dza Francesco. &#8220;Samozrejme, v\u0161etko m\u00e1 svoje v\u00fdhody a nev\u00fdhody a v pr\u00edpade Amazon FBA fakt, \u017ee sme stratili kontrolu nad vr\u00e1ten\u00edm tovaru, ma prin\u00fatil uvedomi\u0165 si, \u017ee nie\u010do nie je v poriadku. Niektor\u00e9 \u00fadaje poskytnut\u00e9 spolo\u010dnos\u0165ou Amazon sa nezhodovali s t\u00fdm, \u010do sme mali na na\u0161ej strane, ale vo v\u00e4\u010d\u0161ine pr\u00edpadov som jednoducho d\u00f4veroval, \u017ee Amazon n\u00e1s spr\u00e1vne informuje o chyb\u00e1ch; bohu\u017eia\u013e, to nebola pravda,&#8221; vysvet\u013euje Francesco.<\/p><h3 class=\"theme-wp-block wp-block-heading gb-responsive-115756-identifier\">Rie\u0161enie:<\/h3><p class=\"theme-wp-block gb-responsive-49178-identifier\">&#8220;Hoci som si predstavoval, \u017ee v transakci\u00e1ch FBA s\u00fa chyby, toto je probl\u00e9m, ktor\u00fd sme odlo\u017eili, preto\u017ee si vy\u017eaduje obrovsk\u00e9 mno\u017estvo \u010dasu a n\u00e1mahy pre n\u00e1\u0161 t\u00edm. Av\u0161ak, v\u0161etko sa zmenilo s neo\u010dak\u00e1van\u00fdm telefon\u00e1tom od Moniky, \u010dlenky t\u00edmu SELLERLOGIC. Jej l\u00e1skyplnos\u0165 a profesionalita ma presved\u010dili od sam\u00e9ho za\u010diatku, ke\u010f v\u0161etko vysvetlila r\u00fdchlo a podrobne.&#8221;<\/p><div class=\"theme-block-group-wrap\"><div class=\"theme-wp-block wp-block-group gb-responsive-88118-identifier\">\t\t<div  class=\"theme-wp-block theme-block-user-card gb-responsive-799176-identifier is-style-full-width-line\">\n\t\t<div class=\"wrap-inner-content\">\n\t\t\t<div class=\"card-user-head\">\n\t\t\t\t<div class=\"card-user-avatar\">\n\t\t\t\t\t<div class=\"cover-avatar\" style=\"background-image: url(https:\/\/d2bw95mh2ee04s.cloudfront.net\/prod\/content\/wp-content\/uploads\/2020\/12\/23142714\/francesco_azzi-_raute.png);\"><\/div>\n\t\t\t\t<\/div>\n\t\t\t\t<div class=\"wrap-title\">\n\t\t\t\t\t<div class=\"card-user-name\">\n\t\t\t\t\t\t<div class=\"title\">\n\t\t\t\t\t\t\t<h3 class=\"heading-text\"><strong>Francesco Azzi<\/strong><\/h3>\n\t\t\t\t\t\t<\/div>\n\t\t\t\t\t\t<div class=\"card-user-position\">\n\t\t\t\t\t\t\t<div class=\"card-text\"><strong>Mana\u017e\u00e9r trhu<\/strong><\/div>\n\t\t\t\t\t\t<\/div>\n\t\t\t\t\t<\/div>\n\t\t\t\t\t<div class=\"card-user-quote-icon\">\n\t\t\t\t\t<\/div>\n\t\t\t\t<\/div>\n\t\t\t<\/div>\n\t\t\t<div class=\"card-user-text\">\n\t\t\t\t<div class=\"card-text\"><p>Flexibilita produktu. Neexistuje \u017eiadny z\u00e1v\u00e4zok a platenie len za to, \u010do v\u00e1m bolo vr\u00e1ten\u00e9, je v\u00ed\u0165azn\u00e1 strat\u00e9gia.<\/p><\/div>\n\t\t\t<\/div>\n\t\t<\/div>\n\t<\/div>\n\n<\/div><\/div><h3 class=\"theme-wp-block wp-block-heading gb-responsive-595368-identifier\">\u00daspe\u0161n\u00e9 v\u00fdsledky s SELLERLOGIC:<\/h3><p class=\"theme-wp-block gb-responsive-514579-identifier\">&#8220;Ke\u010f som videl situ\u00e1ciu, v ktorej sme sa nach\u00e1dzali s na\u0161\u00edm tovarom v skladoch FBA, vedel som, \u017ee existuje ve\u013ek\u00e1 pravdepodobnos\u0165, \u017ee objem ch\u00fdb bude vysok\u00fd, ale na za\u010diatku som si nemyslel, \u017ee n\u00e1m to u\u0161etr\u00ed to\u013eko pe\u0148az\u00ed. V priebehu 3 mesiacov sa pou\u017e\u00edvanie Lost &#038; Found uk\u00e1zalo ako opak, u\u017e sme z\u00edskali sp\u00e4\u0165 20 000 eur a sme \u00faplne presved\u010den\u00ed, \u017ee n\u00e1stroj funguje,&#8221; hovor\u00ed Francesco.<\/p><p class=\"theme-wp-block gb-responsive-750322-identifier\">&#8220;Monica ma od sam\u00e9ho za\u010diatku viedla; po\u010das registra\u010dn\u00e9ho procesu ma informovala o v\u0161etk\u00fdch krokoch, ktor\u00e9 je potrebn\u00e9 dodr\u017ea\u0165 po spusten\u00ed n\u00e1stroja. Rovnako stoj\u00ed za zmienku, \u017ee zvy\u0161ok t\u00edmu SELLERLOGIC bol v\u017edy mimoriadne dostupn\u00fd a pr\u00edtomn\u00fd. Aj ke\u010f boli informovan\u00ed o probl\u00e9moch na posledn\u00fa chv\u00ed\u013eu. V\u010faka cel\u00e9mu t\u00edmu a intuit\u00edvnemu pou\u017e\u00edvaniu n\u00e1stroja nielen\u017ee uplat\u0148ovanie pr\u00edpadov u\u0161etrilo ve\u013ea \u010dasu, ale tie\u017e n\u00e1m pomohlo z\u00edska\u0165 sp\u00e4\u0165 peniaze, na ktor\u00e9 sme mali n\u00e1rok.&#8221;<\/p><div class=\"theme-wp-block wp-block-buttons gb-responsive-497426-identifier is-layout-flex wp-block-buttons-is-layout-flex\"><div class=\"theme-wp-block wp-block-button gb-responsive-38220-identifier is-style-theme-transparent-with-arrow\"><a class=\"wp-block-button__link wp-element-button\" href=\"https:\/\/d2bw95mh2ee04s.cloudfront.net\/prod\/content\/files\/SUCCESS-STORIES\/EN\/SELLERLOGIC_Success-Story_Outlet-Sofa-Direct_EN.pdf\" target=\"_blank\" rel=\"noreferrer noopener nofollow\">Stiahnite si teraz!<\/a><\/div><\/div><\/div><div class=\"theme-wp-block wp-block-column gb-responsive-276018-identifier is-layout-flow wp-block-column-is-layout-flow\" style=\"flex-basis:25%\"><\/div><\/div><p class=\"theme-wp-block gb-responsive-437508-identifier\"><\/p>","protected":false},"excerpt":{"rendered":"<p>Z\u00e1klad:2005 Odvetvie:N\u00e1bytok\/Ob\u00fdvacia izba-Potraviny na spanie Predmety na Amazone:\u00a0\u00a0asi 2 000 SKU Dod\u00e1vky:\u00a0pribli\u017ene 8 000 \/ mesiac Pozadie: My\u0161lienka Outlet-Sofa Direct sa zrodila, ke\u010f sa nieko\u013eko v\u00fdrobcov \u0161pecializuj\u00facich sa na v\u00fdrobu z\u00e1sob pre spanie a pohodu spojilo, aby svojim z\u00e1kazn\u00edkom pon\u00fakli mo\u017enos\u0165 priam\u00e9ho pr\u00edstupu ku v\u0161etk\u00fdm t\u00fdmto polo\u017ek\u00e1m, ktor\u00e9 prech\u00e1dzaj\u00fa cez tov\u00e1re\u0148 a s\u00fa mimo skladov\u00fdch<\/p>\n","protected":false},"author":8,"featured_media":0,"parent":228213,"menu_order":0,"comment_status":"closed","ping_status":"closed","template":"","meta":{"sidebar_recommended_resources":{"data":[]},"sidebar_header_settings":{"hide_buttons":{"register":false}},"_use_new_theme":false,"inline_featured_image":false,"footnotes":""},"class_list":["post-228162","page","type-page","status-publish","hentry"],"yoast_head":"<!-- This site is optimized with the Yoast SEO plugin v26.8 - https:\/\/yoast.com\/product\/yoast-seo-wordpress\/ -->\n<title>SELLERLOGIC - \u00daspe\u0161n\u00fd pr\u00edbeh: Outlet-Sofa Direct<\/title>\n<meta name=\"description\" content=\"SELLERLOGIC Lost &amp; Found \u00faplne presved\u010dil Outlet-Sofa Direct - Telefon\u00e1t, ktor\u00fd m\u00e1 hodnotu 20 000 \u20ac! Pre\u010d\u00edtajte si n\u00e1\u0161 \u00faspe\u0161n\u00fd pr\u00edbeh teraz!\" \/>\n<meta name=\"robots\" content=\"index, follow, max-snippet:-1, max-image-preview:large, max-video-preview:-1\" \/>\n<link rel=\"canonical\" href=\"https:\/\/www.sellerlogic.com\/sk\/resources\/success-story-outlet-sofa-direct\/\" \/>\n<meta property=\"og:locale\" content=\"sk_SK\" \/>\n<meta property=\"og:type\" content=\"article\" \/>\n<meta property=\"og:title\" content=\"SELLERLOGIC - \u00daspe\u0161n\u00fd pr\u00edbeh: Outlet-Sofa Direct\" \/>\n<meta property=\"og:description\" content=\"SELLERLOGIC Lost &amp; Found \u00faplne presved\u010dil Outlet-Sofa Direct - Telefon\u00e1t, ktor\u00fd m\u00e1 hodnotu 20 000 \u20ac! Pre\u010d\u00edtajte si n\u00e1\u0161 \u00faspe\u0161n\u00fd pr\u00edbeh teraz!\" \/>\n<meta property=\"og:url\" content=\"https:\/\/www.sellerlogic.com\/sk\/resources\/success-story-outlet-sofa-direct\/\" \/>\n<meta property=\"og:site_name\" content=\"SELLERLOGIC - Smarte Tools f\u00fcr Amazon-Seller\" \/>\n<meta property=\"article:publisher\" content=\"https:\/\/www.facebook.com\/SellerLogic\/\" \/>\n<meta property=\"article:modified_time\" content=\"2025-09-08T15:30:24+00:00\" \/>\n<meta property=\"og:image\" content=\"https:\/\/www.sellerlogic.com\/wp-content\/uploads\/2020\/12\/outletsofadirect-logo.png\" \/>\n<meta name=\"twitter:card\" content=\"summary_large_image\" \/>\n<meta name=\"twitter:site\" content=\"@sellerlogic\" \/>\n<meta name=\"twitter:label1\" content=\"Est. reading time\" \/>\n\t<meta name=\"twitter:data1\" content=\"3 minutes\" \/>\n<script type=\"application\/ld+json\" class=\"yoast-schema-graph\">{\"@context\":\"https:\/\/schema.org\",\"@graph\":[{\"@type\":\"WebPage\",\"@id\":\"https:\/\/www.sellerlogic.com\/sk\/resources\/success-story-outlet-sofa-direct\/\",\"url\":\"https:\/\/www.sellerlogic.com\/sk\/resources\/success-story-outlet-sofa-direct\/\",\"name\":\"SELLERLOGIC - \u00daspe\u0161n\u00fd pr\u00edbeh: Outlet-Sofa Direct\",\"isPartOf\":{\"@id\":\"https:\/\/www.sellerlogic.com\/sk\/#website\"},\"primaryImageOfPage\":{\"@id\":\"https:\/\/www.sellerlogic.com\/sk\/resources\/success-story-outlet-sofa-direct\/#primaryimage\"},\"image\":{\"@id\":\"https:\/\/www.sellerlogic.com\/sk\/resources\/success-story-outlet-sofa-direct\/#primaryimage\"},\"thumbnailUrl\":\"https:\/\/www.sellerlogic.com\/wp-content\/uploads\/2020\/12\/outletsofadirect-logo.png\",\"datePublished\":\"2020-12-18T11:33:09+00:00\",\"dateModified\":\"2025-09-08T15:30:24+00:00\",\"description\":\"SELLERLOGIC Lost & Found \u00faplne presved\u010dil Outlet-Sofa Direct - Telefon\u00e1t, ktor\u00fd m\u00e1 hodnotu 20 000 \u20ac! Pre\u010d\u00edtajte si n\u00e1\u0161 \u00faspe\u0161n\u00fd pr\u00edbeh teraz!\",\"breadcrumb\":{\"@id\":\"https:\/\/www.sellerlogic.com\/sk\/resources\/success-story-outlet-sofa-direct\/#breadcrumb\"},\"inLanguage\":\"sk-SK\",\"potentialAction\":[{\"@type\":\"ReadAction\",\"target\":[\"https:\/\/www.sellerlogic.com\/sk\/resources\/success-story-outlet-sofa-direct\/\"]}]},{\"@type\":\"ImageObject\",\"inLanguage\":\"sk-SK\",\"@id\":\"https:\/\/www.sellerlogic.com\/sk\/resources\/success-story-outlet-sofa-direct\/#primaryimage\",\"url\":\"https:\/\/www.sellerlogic.com\/wp-content\/uploads\/2020\/12\/outletsofadirect-logo.png\",\"contentUrl\":\"https:\/\/www.sellerlogic.com\/wp-content\/uploads\/2020\/12\/outletsofadirect-logo.png\"},{\"@type\":\"BreadcrumbList\",\"@id\":\"https:\/\/www.sellerlogic.com\/sk\/resources\/success-story-outlet-sofa-direct\/#breadcrumb\",\"itemListElement\":[{\"@type\":\"ListItem\",\"position\":1,\"name\":\"Home\",\"item\":\"https:\/\/www.sellerlogic.com\/sk\/\"},{\"@type\":\"ListItem\",\"position\":2,\"name\":\"Ressources EN\",\"item\":\"https:\/\/www.sellerlogic.com\/sk\/resources\/\"},{\"@type\":\"ListItem\",\"position\":3,\"name\":\"Success Story: Outlet Sofa Direct EN\"}]},{\"@type\":\"WebSite\",\"@id\":\"https:\/\/www.sellerlogic.com\/sk\/#website\",\"url\":\"https:\/\/www.sellerlogic.com\/sk\/\",\"name\":\"SELLERLOGIC - Smarte Tools f\u00fcr Amazon-Seller\",\"description\":\"Intelligente Prozessoptimierung und Gewinnmaximierung\",\"publisher\":{\"@id\":\"https:\/\/www.sellerlogic.com\/sk\/#organization\"},\"potentialAction\":[{\"@type\":\"SearchAction\",\"target\":{\"@type\":\"EntryPoint\",\"urlTemplate\":\"https:\/\/www.sellerlogic.com\/sk\/?s={search_term_string}\"},\"query-input\":{\"@type\":\"PropertyValueSpecification\",\"valueRequired\":true,\"valueName\":\"search_term_string\"}}],\"inLanguage\":\"sk-SK\"},{\"@type\":\"Organization\",\"@id\":\"https:\/\/www.sellerlogic.com\/sk\/#organization\",\"name\":\"SELLERLOGIC\",\"url\":\"https:\/\/www.sellerlogic.com\/sk\/\",\"logo\":{\"@type\":\"ImageObject\",\"inLanguage\":\"sk-SK\",\"@id\":\"https:\/\/www.sellerlogic.com\/sk\/#\/schema\/logo\/image\/\",\"url\":\"https:\/\/d2bw95mh2ee04s.cloudfront.net\/prod\/content\/wp-content\/uploads\/2025\/01\/02134814\/Property-Logo-Main.svg\",\"contentUrl\":\"https:\/\/d2bw95mh2ee04s.cloudfront.net\/prod\/content\/wp-content\/uploads\/2025\/01\/02134814\/Property-Logo-Main.svg\",\"width\":184,\"height\":40,\"caption\":\"SELLERLOGIC\"},\"image\":{\"@id\":\"https:\/\/www.sellerlogic.com\/sk\/#\/schema\/logo\/image\/\"},\"sameAs\":[\"https:\/\/www.facebook.com\/SellerLogic\/\",\"https:\/\/x.com\/sellerlogic\",\"https:\/\/www.instagram.com\/sellerlogic\/\",\"https:\/\/www.linkedin.com\/company\/18402037\/\",\"https:\/\/www.youtube.com\/channel\/UC-gULUur-fNj08sprantKsQ\"]}]}<\/script>\n<!-- \/ Yoast SEO plugin. -->","yoast_head_json":{"title":"SELLERLOGIC - \u00daspe\u0161n\u00fd pr\u00edbeh: Outlet-Sofa Direct","description":"SELLERLOGIC Lost & Found \u00faplne presved\u010dil Outlet-Sofa Direct - Telefon\u00e1t, ktor\u00fd m\u00e1 hodnotu 20 000 \u20ac! Pre\u010d\u00edtajte si n\u00e1\u0161 \u00faspe\u0161n\u00fd pr\u00edbeh teraz!","robots":{"index":"index","follow":"follow","max-snippet":"max-snippet:-1","max-image-preview":"max-image-preview:large","max-video-preview":"max-video-preview:-1"},"canonical":"https:\/\/www.sellerlogic.com\/sk\/resources\/success-story-outlet-sofa-direct\/","og_locale":"sk_SK","og_type":"article","og_title":"SELLERLOGIC - \u00daspe\u0161n\u00fd pr\u00edbeh: Outlet-Sofa Direct","og_description":"SELLERLOGIC Lost & Found \u00faplne presved\u010dil Outlet-Sofa Direct - Telefon\u00e1t, ktor\u00fd m\u00e1 hodnotu 20 000 \u20ac! Pre\u010d\u00edtajte si n\u00e1\u0161 \u00faspe\u0161n\u00fd pr\u00edbeh teraz!","og_url":"https:\/\/www.sellerlogic.com\/sk\/resources\/success-story-outlet-sofa-direct\/","og_site_name":"SELLERLOGIC - Smarte Tools f\u00fcr Amazon-Seller","article_publisher":"https:\/\/www.facebook.com\/SellerLogic\/","article_modified_time":"2025-09-08T15:30:24+00:00","og_image":[{"url":"https:\/\/www.sellerlogic.com\/wp-content\/uploads\/2020\/12\/outletsofadirect-logo.png","type":"","width":"","height":""}],"twitter_card":"summary_large_image","twitter_site":"@sellerlogic","twitter_misc":{"Est. reading time":"3 minutes"},"schema":{"@context":"https:\/\/schema.org","@graph":[{"@type":"WebPage","@id":"https:\/\/www.sellerlogic.com\/sk\/resources\/success-story-outlet-sofa-direct\/","url":"https:\/\/www.sellerlogic.com\/sk\/resources\/success-story-outlet-sofa-direct\/","name":"SELLERLOGIC - \u00daspe\u0161n\u00fd pr\u00edbeh: Outlet-Sofa Direct","isPartOf":{"@id":"https:\/\/www.sellerlogic.com\/sk\/#website"},"primaryImageOfPage":{"@id":"https:\/\/www.sellerlogic.com\/sk\/resources\/success-story-outlet-sofa-direct\/#primaryimage"},"image":{"@id":"https:\/\/www.sellerlogic.com\/sk\/resources\/success-story-outlet-sofa-direct\/#primaryimage"},"thumbnailUrl":"https:\/\/www.sellerlogic.com\/wp-content\/uploads\/2020\/12\/outletsofadirect-logo.png","datePublished":"2020-12-18T11:33:09+00:00","dateModified":"2025-09-08T15:30:24+00:00","description":"SELLERLOGIC Lost & Found \u00faplne presved\u010dil Outlet-Sofa Direct - Telefon\u00e1t, ktor\u00fd m\u00e1 hodnotu 20 000 \u20ac! Pre\u010d\u00edtajte si n\u00e1\u0161 \u00faspe\u0161n\u00fd pr\u00edbeh teraz!","breadcrumb":{"@id":"https:\/\/www.sellerlogic.com\/sk\/resources\/success-story-outlet-sofa-direct\/#breadcrumb"},"inLanguage":"sk-SK","potentialAction":[{"@type":"ReadAction","target":["https:\/\/www.sellerlogic.com\/sk\/resources\/success-story-outlet-sofa-direct\/"]}]},{"@type":"ImageObject","inLanguage":"sk-SK","@id":"https:\/\/www.sellerlogic.com\/sk\/resources\/success-story-outlet-sofa-direct\/#primaryimage","url":"https:\/\/www.sellerlogic.com\/wp-content\/uploads\/2020\/12\/outletsofadirect-logo.png","contentUrl":"https:\/\/www.sellerlogic.com\/wp-content\/uploads\/2020\/12\/outletsofadirect-logo.png"},{"@type":"BreadcrumbList","@id":"https:\/\/www.sellerlogic.com\/sk\/resources\/success-story-outlet-sofa-direct\/#breadcrumb","itemListElement":[{"@type":"ListItem","position":1,"name":"Home","item":"https:\/\/www.sellerlogic.com\/sk\/"},{"@type":"ListItem","position":2,"name":"Ressources EN","item":"https:\/\/www.sellerlogic.com\/sk\/resources\/"},{"@type":"ListItem","position":3,"name":"Success Story: Outlet Sofa Direct EN"}]},{"@type":"WebSite","@id":"https:\/\/www.sellerlogic.com\/sk\/#website","url":"https:\/\/www.sellerlogic.com\/sk\/","name":"SELLERLOGIC - Smarte Tools f\u00fcr Amazon-Seller","description":"Intelligente Prozessoptimierung und Gewinnmaximierung","publisher":{"@id":"https:\/\/www.sellerlogic.com\/sk\/#organization"},"potentialAction":[{"@type":"SearchAction","target":{"@type":"EntryPoint","urlTemplate":"https:\/\/www.sellerlogic.com\/sk\/?s={search_term_string}"},"query-input":{"@type":"PropertyValueSpecification","valueRequired":true,"valueName":"search_term_string"}}],"inLanguage":"sk-SK"},{"@type":"Organization","@id":"https:\/\/www.sellerlogic.com\/sk\/#organization","name":"SELLERLOGIC","url":"https:\/\/www.sellerlogic.com\/sk\/","logo":{"@type":"ImageObject","inLanguage":"sk-SK","@id":"https:\/\/www.sellerlogic.com\/sk\/#\/schema\/logo\/image\/","url":"https:\/\/d2bw95mh2ee04s.cloudfront.net\/prod\/content\/wp-content\/uploads\/2025\/01\/02134814\/Property-Logo-Main.svg","contentUrl":"https:\/\/d2bw95mh2ee04s.cloudfront.net\/prod\/content\/wp-content\/uploads\/2025\/01\/02134814\/Property-Logo-Main.svg","width":184,"height":40,"caption":"SELLERLOGIC"},"image":{"@id":"https:\/\/www.sellerlogic.com\/sk\/#\/schema\/logo\/image\/"},"sameAs":["https:\/\/www.facebook.com\/SellerLogic\/","https:\/\/x.com\/sellerlogic","https:\/\/www.instagram.com\/sellerlogic\/","https:\/\/www.linkedin.com\/company\/18402037\/","https:\/\/www.youtube.com\/channel\/UC-gULUur-fNj08sprantKsQ"]}]}},"_links":{"self":[{"href":"https:\/\/www.sellerlogic.com\/sk\/wp-json\/wp\/v2\/pages\/228162","targetHints":{"allow":["GET"]}}],"collection":[{"href":"https:\/\/www.sellerlogic.com\/sk\/wp-json\/wp\/v2\/pages"}],"about":[{"href":"https:\/\/www.sellerlogic.com\/sk\/wp-json\/wp\/v2\/types\/page"}],"author":[{"embeddable":true,"href":"https:\/\/www.sellerlogic.com\/sk\/wp-json\/wp\/v2\/users\/8"}],"replies":[{"embeddable":true,"href":"https:\/\/www.sellerlogic.com\/sk\/wp-json\/wp\/v2\/comments?post=228162"}],"version-history":[{"count":0,"href":"https:\/\/www.sellerlogic.com\/sk\/wp-json\/wp\/v2\/pages\/228162\/revisions"}],"up":[{"embeddable":true,"href":"https:\/\/www.sellerlogic.com\/sk\/wp-json\/wp\/v2\/pages\/228213"}],"wp:attachment":[{"href":"https:\/\/www.sellerlogic.com\/sk\/wp-json\/wp\/v2\/media?parent=228162"}],"curies":[{"name":"wp","href":"https:\/\/api.w.org\/{rel}","templated":true}]}}