
{"id":228234,"date":"2020-12-14T12:23:44","date_gmt":"2020-12-14T12:23:44","guid":{"rendered":"https:\/\/127.0.0.1\/callback-service\/"},"modified":"2020-12-14T12:23:44","modified_gmt":"2020-12-14T12:23:44","slug":"callback-service","status":"publish","type":"page","link":"https:\/\/www.sellerlogic.com\/sk\/callback-service\/","title":{"rendered":"Callback Service"},"content":{"rendered":"\n\t<div  class=\"theme-wp-block theme-block-main-header desktop-align-full xl-align-full lg-align-full md-align-full sm-align-full desktop-content-align-y-center desktop-content-align-x-center xl-content-align-y-center xl-content-align-x-center lg-content-align-y-center lg-content-align-x-center md-content-align-y-center md-content-align-x-center sm-content-align-y-center sm-content-align-x-center gb-responsive-185006-identifier is-style-default theme-block-cover\">\n\t\t<div class=\"bg-cover theme-lazy-load-bg\"><\/div>\n\t\t<div class=\"wrap-content-main-header\">\n\t\t\t\t\t<div  class=\"theme-wp-block theme-block-text-and-text desktop-align-wide xl-align-wide lg-align-wide md-align-wide sm-align-wide desktop-blockDirection-row xl-blockDirection-row lg-blockDirection-row md-blockDirection-row sm-blockDirection-row gb-responsive-519943-identifier alignwide\">\n\t\t<div class=\"tat-column-wrap-wrapper\">\n\t\t\t<div class=\"tat-column-wrapper\">\n\t\t\t\t\t<div  class=\"theme-wp-block theme-block-text-and-text-column desktop-horizontal-left xl-horizontal-left lg-horizontal-left md-horizontal-left sm-horizontal-left gb-responsive-308449-identifier\">\n\t\t<div class=\"inner-wrap-column-content\">\n\t\t\t<div class=\"inner-column-content\">\n\t\t\t\t<div class=\"theme-wp-block wp-block-buttons gb-responsive-72683-identifier is-layout-flex wp-block-buttons-is-layout-flex\"><\/div>\t\t\t<\/div>\n\t\t<\/div>\n\t<\/div>\n\t<div  class=\"theme-wp-block theme-block-text-and-text-column gb-responsive-973542-identifier\">\n\t\t<div class=\"inner-wrap-column-content\">\n\t\t\t<div class=\"inner-column-content\">\n\t\t\t\t\t\t\t<\/div>\n\t\t<\/div>\n\t<\/div>\n\t\t\t<\/div>\n\t\t<\/div>\n\t<\/div>\n\n\t\t<\/div>\n\t<\/div>\n\n<h2 class=\"theme-wp-block wp-block-heading alignfull has-text-align-center gb-responsive-339839-identifier desktop-text-full xl-text-full lg-text-full md-text-full sm-text-full is-style-default\">Slu\u017eba sp\u00e4tn\u00e9ho volania SELLERLOGIC<\/h2><div class=\"theme-wp-block wp-block-columns alignfull are-vertically-aligned-center desktop-align-full xl-align-full lg-align-full md-align-full sm-align-full gb-responsive-511729-identifier has-white-background-color has-background is-layout-flex wp-container-core-columns-is-layout-9d6595d7 wp-block-columns-is-layout-flex\"><div class=\"theme-wp-block wp-block-column is-vertically-aligned-center gb-responsive-830185-identifier is-layout-flow wp-block-column-is-layout-flow\" style=\"flex-basis:25%\"><\/div><div class=\"theme-wp-block wp-block-column is-vertically-aligned-center gb-responsive-58846-identifier is-layout-flow wp-block-column-is-layout-flow\" style=\"flex-basis:50%\"><div class=\"theme-block-group-wrap\"><div class=\"theme-wp-block wp-block-group gb-responsive-486569-identifier has-theme-light-gray-background-color has-background\"><p class=\"theme-wp-block has-text-align-center gb-responsive-22131-identifier\">Zadajte svoje meno, telef\u00f3nne \u010d\u00edslo a e-mailov\u00fa adresu,<br>aby sme v\u00e1m mohli zavola\u0165 sp\u00e4\u0165. \u010coskoro sa v\u00e1m ozveme<br>\u010do najsk\u00f4r!<\/p><div id=\"callback-form\" class=\"theme-wp-block callback-form\"><form id=\"leadform\" action=\"#\" method=\"post\"><p id=\"salutation\" style=\"margin-top: 10px;\"><label for=\"salutation\">Oslovenie<sup style=\"color: rgb(255, 0, 0);\">*<\/sup><\/label><br> <input type=\"radio\" name=\"gender\" value=\"P\u00e1n\" required=\"required\"> <label for=\"herr\" style=\"margin-right: 30px;\">P\u00e1n<\/label> <input type=\"radio\" name=\"gender\" value=\"Pani\"> <label for=\"frau\">Pani<\/label><br><br><\/p> <label>Krstn\u00e9 meno<sup style=\"color: rgb(255, 0, 0);\">*<\/sup><\/label><br> <input type=\"text\" placeholder=\"Krstn\u00e9 meno\" name=\"first-name\" id=\"first-name\" required=\"required\" style=\"padding: 10px; font-size: 18px; width: 100%; margin-bottom: 15px; color: rgb(88, 88, 88);\"><br> <label>Priezvisko<sup style=\"color: rgb(255, 0, 0);\">*<\/sup><\/label><br> <input type=\"text\" required=\"required\" placeholder=\"Priezvisko\" name=\"last-name\" id=\"last-name\" style=\"padding: 10px; font-size: 18px; width: 100%; margin-bottom: 15px; color: rgb(88, 88, 88);\"><br> <label>Emailov\u00e1 adresa<sup style=\"color: rgb(255, 0, 0);\">*<\/sup><\/label><br> <input type=\"email\" required=\"required\" placeholder=\"Emailov\u00e1 adresa\" name=\"email\" id=\"email\" style=\"padding: 10px; font-size: 18px; width: 100%; margin-bottom: 15px; color: rgb(88, 88, 88);\"><br> <label>Telef\u00f3nne \u010d\u00edslo<sup style=\"color: rgb(255, 0, 0);\">*<\/sup><\/label><br> <input type=\"number\" required=\"required\" placeholder=\"Telef\u00f3nne \u010d\u00edslo\" name=\"telephone\" id=\"telephone\" style=\"padding: 10px; font-size: 18px; width: 100%; margin-bottom: 15px; color: rgb(88, 88, 88);\"><br> <label>N\u00e1zov spolo\u010dnosti<sup style=\"color: rgb(255, 0, 0);\">*<\/sup><\/label><br> <input type=\"text\" required=\"required\" placeholder=\"N\u00e1zov spolo\u010dnosti\" name=\"company\" id=\"company\" style=\"padding: 10px; font-size: 18px; width: 100%; margin-bottom: 15px; color: rgb(88, 88, 88);\"><br> <label>T\u00e9ma<sup style=\"color: rgb(255, 0, 0);\">*<\/sup><\/label><br> <input type=\"text\" required=\"required\" placeholder=\"T\u00e9ma\" name=\"topic\" id=\"topic\" style=\"padding: 10px; font-size: 18px; width: 100%; margin-bottom: 15px; color: rgb(88, 88, 88);\"><br><p id=\"timeframe\" style=\"margin-top: 10px;\"><label for=\"timeframe\">Preferovan\u00fd \u010das<sup style=\"color: rgb(255, 0, 0);\">*<\/sup><\/label><br> <input type=\"radio\" name=\"timeframe\" value=\"r\u00e1no\" required=\"required\"> <label for=\"vormittags\" style=\"margin-right: 30px;\">r\u00e1no<\/label> <input type=\"radio\" name=\"timeframe\" value=\"popoludnie\"> <label for=\"nachmittags\">popoludnie<\/label><br><br><\/p> <input type=\"hidden\" id=\"lead-source\" name=\"lead-source\" value=\"Formul\u00e1r sp\u00e4tn\u00e9ho volania\"><input type=\"submit\" value=\"Po\u017eiada\u0165 o sp\u00e4tn\u00e9 volanie teraz!\" id=\"submit\" style=\"padding: 10px; font-size: 18px; width: 100%; margin-bottom: 15px; color: rgb(255, 255, 255); background-color: rgb(255, 170, 1); cursor: pointer;\"> <p style=\"margin-bottom: 10px; font-size: 12px;\">Spracovanie \u00fadajov sa vykon\u00e1va v s\u00falade s na\u0161ou <a href=\"https:\/\/www.sellerlogic.com\/en\/privacy-policy\/\" target=\"_blank\" draggable=\"false\" rel=\"noopener noreferrer\">z\u00e1sadou ochrany osobn\u00fdch \u00fadajov<\/a>.<\/p><\/form><\/div><\/div><\/div><\/div><div class=\"theme-wp-block wp-block-column is-vertically-aligned-center gb-responsive-719519-identifier is-layout-flow wp-block-column-is-layout-flow\" style=\"flex-basis:25%\"><\/div><\/div>","protected":false},"excerpt":{"rendered":"<p>Slu\u017eba sp\u00e4tn\u00e9ho volania SELLERLOGIC Zadajte svoje meno, telef\u00f3nne \u010d\u00edslo a e-mailov\u00fa adresu,aby sme v\u00e1m mohli zavola\u0165 sp\u00e4\u0165. \u010coskoro sa v\u00e1m ozveme\u010do najsk\u00f4r! Oslovenie* P\u00e1n Pani Krstn\u00e9 meno* Priezvisko* Emailov\u00e1 adresa* Telef\u00f3nne \u010d\u00edslo* N\u00e1zov spolo\u010dnosti* T\u00e9ma* Preferovan\u00fd \u010das* r\u00e1no popoludnie Spracovanie \u00fadajov sa vykon\u00e1va v s\u00falade s na\u0161ou z\u00e1sadou ochrany osobn\u00fdch \u00fadajov.<\/p>\n","protected":false},"author":8,"featured_media":0,"parent":0,"menu_order":0,"comment_status":"closed","ping_status":"closed","template":"","meta":{"sidebar_recommended_resources":{"data":[]},"sidebar_header_settings":{"hide_buttons":{"register":false}},"_use_new_theme":false,"inline_featured_image":false,"footnotes":""},"class_list":["post-228234","page","type-page","status-publish","hentry"],"yoast_head":"<!-- This site is optimized with the Yoast SEO plugin v26.8 - https:\/\/yoast.com\/product\/yoast-seo-wordpress\/ -->\n<title>SELLERLOGIC: Slu\u017eba sp\u00e4tn\u00e9ho volania pre v\u0161etky ot\u00e1zky t\u00fdkaj\u00face sa SELLERLOGIC<\/title>\n<meta name=\"description\" content=\"M\u00e1te ot\u00e1zky? Potom zadajte svoje \u00fadaje a my v\u00e1m zavol\u00e1me sp\u00e4\u0165 \u010do najsk\u00f4r. N\u00e1\u0161 t\u00edm z\u00e1kazn\u00edckeho \u00faspechu sa te\u0161\u00ed na va\u0161u spr\u00e1vu!\" \/>\n<meta name=\"robots\" content=\"index, follow, max-snippet:-1, max-image-preview:large, max-video-preview:-1\" \/>\n<link rel=\"canonical\" href=\"https:\/\/www.sellerlogic.com\/sk\/callback-service\/\" \/>\n<meta property=\"og:locale\" content=\"sk_SK\" \/>\n<meta property=\"og:type\" content=\"article\" \/>\n<meta property=\"og:title\" content=\"SELLERLOGIC: Slu\u017eba sp\u00e4tn\u00e9ho volania pre v\u0161etky ot\u00e1zky t\u00fdkaj\u00face sa SELLERLOGIC\" \/>\n<meta property=\"og:description\" content=\"M\u00e1te ot\u00e1zky? Potom zadajte svoje \u00fadaje a my v\u00e1m zavol\u00e1me sp\u00e4\u0165 \u010do najsk\u00f4r. N\u00e1\u0161 t\u00edm z\u00e1kazn\u00edckeho \u00faspechu sa te\u0161\u00ed na va\u0161u spr\u00e1vu!\" \/>\n<meta property=\"og:url\" content=\"https:\/\/www.sellerlogic.com\/sk\/callback-service\/\" \/>\n<meta property=\"og:site_name\" content=\"SELLERLOGIC - Smarte Tools f\u00fcr Amazon-Seller\" \/>\n<meta property=\"article:publisher\" content=\"https:\/\/www.facebook.com\/SellerLogic\/\" \/>\n<meta property=\"og:image\" content=\"https:\/\/d2bw95mh2ee04s.cloudfront.net\/prod\/content\/wp-content\/uploads\/2025\/06\/09094621\/Social-OG-Image-Link.jpg\" \/>\n\t<meta property=\"og:image:width\" content=\"2400\" \/>\n\t<meta property=\"og:image:height\" content=\"1270\" \/>\n\t<meta property=\"og:image:type\" content=\"image\/jpeg\" \/>\n<meta name=\"twitter:card\" content=\"summary_large_image\" \/>\n<meta name=\"twitter:site\" content=\"@sellerlogic\" \/>\n<script type=\"application\/ld+json\" class=\"yoast-schema-graph\">{\"@context\":\"https:\/\/schema.org\",\"@graph\":[{\"@type\":\"WebPage\",\"@id\":\"https:\/\/www.sellerlogic.com\/sk\/callback-service\/\",\"url\":\"https:\/\/www.sellerlogic.com\/sk\/callback-service\/\",\"name\":\"SELLERLOGIC: Slu\u017eba sp\u00e4tn\u00e9ho volania pre v\u0161etky ot\u00e1zky t\u00fdkaj\u00face sa SELLERLOGIC\",\"isPartOf\":{\"@id\":\"https:\/\/www.sellerlogic.com\/sk\/#website\"},\"datePublished\":\"2020-12-14T12:23:44+00:00\",\"description\":\"M\u00e1te ot\u00e1zky? Potom zadajte svoje \u00fadaje a my v\u00e1m zavol\u00e1me sp\u00e4\u0165 \u010do najsk\u00f4r. N\u00e1\u0161 t\u00edm z\u00e1kazn\u00edckeho \u00faspechu sa te\u0161\u00ed na va\u0161u spr\u00e1vu!\",\"breadcrumb\":{\"@id\":\"https:\/\/www.sellerlogic.com\/sk\/callback-service\/#breadcrumb\"},\"inLanguage\":\"sk-SK\",\"potentialAction\":[{\"@type\":\"ReadAction\",\"target\":[\"https:\/\/www.sellerlogic.com\/sk\/callback-service\/\"]}]},{\"@type\":\"BreadcrumbList\",\"@id\":\"https:\/\/www.sellerlogic.com\/sk\/callback-service\/#breadcrumb\",\"itemListElement\":[{\"@type\":\"ListItem\",\"position\":1,\"name\":\"Home\",\"item\":\"https:\/\/www.sellerlogic.com\/sk\/\"},{\"@type\":\"ListItem\",\"position\":2,\"name\":\"Callback Service\"}]},{\"@type\":\"WebSite\",\"@id\":\"https:\/\/www.sellerlogic.com\/sk\/#website\",\"url\":\"https:\/\/www.sellerlogic.com\/sk\/\",\"name\":\"SELLERLOGIC - Smarte Tools f\u00fcr Amazon-Seller\",\"description\":\"Intelligente Prozessoptimierung und Gewinnmaximierung\",\"publisher\":{\"@id\":\"https:\/\/www.sellerlogic.com\/sk\/#organization\"},\"potentialAction\":[{\"@type\":\"SearchAction\",\"target\":{\"@type\":\"EntryPoint\",\"urlTemplate\":\"https:\/\/www.sellerlogic.com\/sk\/?s={search_term_string}\"},\"query-input\":{\"@type\":\"PropertyValueSpecification\",\"valueRequired\":true,\"valueName\":\"search_term_string\"}}],\"inLanguage\":\"sk-SK\"},{\"@type\":\"Organization\",\"@id\":\"https:\/\/www.sellerlogic.com\/sk\/#organization\",\"name\":\"SELLERLOGIC\",\"url\":\"https:\/\/www.sellerlogic.com\/sk\/\",\"logo\":{\"@type\":\"ImageObject\",\"inLanguage\":\"sk-SK\",\"@id\":\"https:\/\/www.sellerlogic.com\/sk\/#\/schema\/logo\/image\/\",\"url\":\"https:\/\/d2bw95mh2ee04s.cloudfront.net\/prod\/content\/wp-content\/uploads\/2025\/01\/02134814\/Property-Logo-Main.svg\",\"contentUrl\":\"https:\/\/d2bw95mh2ee04s.cloudfront.net\/prod\/content\/wp-content\/uploads\/2025\/01\/02134814\/Property-Logo-Main.svg\",\"width\":184,\"height\":40,\"caption\":\"SELLERLOGIC\"},\"image\":{\"@id\":\"https:\/\/www.sellerlogic.com\/sk\/#\/schema\/logo\/image\/\"},\"sameAs\":[\"https:\/\/www.facebook.com\/SellerLogic\/\",\"https:\/\/x.com\/sellerlogic\",\"https:\/\/www.instagram.com\/sellerlogic\/\",\"https:\/\/www.linkedin.com\/company\/18402037\/\",\"https:\/\/www.youtube.com\/channel\/UC-gULUur-fNj08sprantKsQ\"]}]}<\/script>\n<!-- \/ Yoast SEO plugin. -->","yoast_head_json":{"title":"SELLERLOGIC: Slu\u017eba sp\u00e4tn\u00e9ho volania pre v\u0161etky ot\u00e1zky t\u00fdkaj\u00face sa SELLERLOGIC","description":"M\u00e1te ot\u00e1zky? Potom zadajte svoje \u00fadaje a my v\u00e1m zavol\u00e1me sp\u00e4\u0165 \u010do najsk\u00f4r. N\u00e1\u0161 t\u00edm z\u00e1kazn\u00edckeho \u00faspechu sa te\u0161\u00ed na va\u0161u spr\u00e1vu!","robots":{"index":"index","follow":"follow","max-snippet":"max-snippet:-1","max-image-preview":"max-image-preview:large","max-video-preview":"max-video-preview:-1"},"canonical":"https:\/\/www.sellerlogic.com\/sk\/callback-service\/","og_locale":"sk_SK","og_type":"article","og_title":"SELLERLOGIC: Slu\u017eba sp\u00e4tn\u00e9ho volania pre v\u0161etky ot\u00e1zky t\u00fdkaj\u00face sa SELLERLOGIC","og_description":"M\u00e1te ot\u00e1zky? Potom zadajte svoje \u00fadaje a my v\u00e1m zavol\u00e1me sp\u00e4\u0165 \u010do najsk\u00f4r. N\u00e1\u0161 t\u00edm z\u00e1kazn\u00edckeho \u00faspechu sa te\u0161\u00ed na va\u0161u spr\u00e1vu!","og_url":"https:\/\/www.sellerlogic.com\/sk\/callback-service\/","og_site_name":"SELLERLOGIC - Smarte Tools f\u00fcr Amazon-Seller","article_publisher":"https:\/\/www.facebook.com\/SellerLogic\/","og_image":[{"width":2400,"height":1270,"url":"https:\/\/d2bw95mh2ee04s.cloudfront.net\/prod\/content\/wp-content\/uploads\/2025\/06\/09094621\/Social-OG-Image-Link.jpg","type":"image\/jpeg"}],"twitter_card":"summary_large_image","twitter_site":"@sellerlogic","schema":{"@context":"https:\/\/schema.org","@graph":[{"@type":"WebPage","@id":"https:\/\/www.sellerlogic.com\/sk\/callback-service\/","url":"https:\/\/www.sellerlogic.com\/sk\/callback-service\/","name":"SELLERLOGIC: Slu\u017eba sp\u00e4tn\u00e9ho volania pre v\u0161etky ot\u00e1zky t\u00fdkaj\u00face sa SELLERLOGIC","isPartOf":{"@id":"https:\/\/www.sellerlogic.com\/sk\/#website"},"datePublished":"2020-12-14T12:23:44+00:00","description":"M\u00e1te ot\u00e1zky? Potom zadajte svoje \u00fadaje a my v\u00e1m zavol\u00e1me sp\u00e4\u0165 \u010do najsk\u00f4r. N\u00e1\u0161 t\u00edm z\u00e1kazn\u00edckeho \u00faspechu sa te\u0161\u00ed na va\u0161u spr\u00e1vu!","breadcrumb":{"@id":"https:\/\/www.sellerlogic.com\/sk\/callback-service\/#breadcrumb"},"inLanguage":"sk-SK","potentialAction":[{"@type":"ReadAction","target":["https:\/\/www.sellerlogic.com\/sk\/callback-service\/"]}]},{"@type":"BreadcrumbList","@id":"https:\/\/www.sellerlogic.com\/sk\/callback-service\/#breadcrumb","itemListElement":[{"@type":"ListItem","position":1,"name":"Home","item":"https:\/\/www.sellerlogic.com\/sk\/"},{"@type":"ListItem","position":2,"name":"Callback Service"}]},{"@type":"WebSite","@id":"https:\/\/www.sellerlogic.com\/sk\/#website","url":"https:\/\/www.sellerlogic.com\/sk\/","name":"SELLERLOGIC - Smarte Tools f\u00fcr Amazon-Seller","description":"Intelligente Prozessoptimierung und Gewinnmaximierung","publisher":{"@id":"https:\/\/www.sellerlogic.com\/sk\/#organization"},"potentialAction":[{"@type":"SearchAction","target":{"@type":"EntryPoint","urlTemplate":"https:\/\/www.sellerlogic.com\/sk\/?s={search_term_string}"},"query-input":{"@type":"PropertyValueSpecification","valueRequired":true,"valueName":"search_term_string"}}],"inLanguage":"sk-SK"},{"@type":"Organization","@id":"https:\/\/www.sellerlogic.com\/sk\/#organization","name":"SELLERLOGIC","url":"https:\/\/www.sellerlogic.com\/sk\/","logo":{"@type":"ImageObject","inLanguage":"sk-SK","@id":"https:\/\/www.sellerlogic.com\/sk\/#\/schema\/logo\/image\/","url":"https:\/\/d2bw95mh2ee04s.cloudfront.net\/prod\/content\/wp-content\/uploads\/2025\/01\/02134814\/Property-Logo-Main.svg","contentUrl":"https:\/\/d2bw95mh2ee04s.cloudfront.net\/prod\/content\/wp-content\/uploads\/2025\/01\/02134814\/Property-Logo-Main.svg","width":184,"height":40,"caption":"SELLERLOGIC"},"image":{"@id":"https:\/\/www.sellerlogic.com\/sk\/#\/schema\/logo\/image\/"},"sameAs":["https:\/\/www.facebook.com\/SellerLogic\/","https:\/\/x.com\/sellerlogic","https:\/\/www.instagram.com\/sellerlogic\/","https:\/\/www.linkedin.com\/company\/18402037\/","https:\/\/www.youtube.com\/channel\/UC-gULUur-fNj08sprantKsQ"]}]}},"_links":{"self":[{"href":"https:\/\/www.sellerlogic.com\/sk\/wp-json\/wp\/v2\/pages\/228234","targetHints":{"allow":["GET"]}}],"collection":[{"href":"https:\/\/www.sellerlogic.com\/sk\/wp-json\/wp\/v2\/pages"}],"about":[{"href":"https:\/\/www.sellerlogic.com\/sk\/wp-json\/wp\/v2\/types\/page"}],"author":[{"embeddable":true,"href":"https:\/\/www.sellerlogic.com\/sk\/wp-json\/wp\/v2\/users\/8"}],"replies":[{"embeddable":true,"href":"https:\/\/www.sellerlogic.com\/sk\/wp-json\/wp\/v2\/comments?post=228234"}],"version-history":[{"count":0,"href":"https:\/\/www.sellerlogic.com\/sk\/wp-json\/wp\/v2\/pages\/228234\/revisions"}],"wp:attachment":[{"href":"https:\/\/www.sellerlogic.com\/sk\/wp-json\/wp\/v2\/media?parent=228234"}],"curies":[{"name":"wp","href":"https:\/\/api.w.org\/{rel}","templated":true}]}}