
{"id":228252,"date":"2020-12-18T08:11:11","date_gmt":"2020-12-18T08:11:11","guid":{"rendered":"https:\/\/127.0.0.1\/resources\/success-story-meinemarkenmode\/"},"modified":"2025-08-21T22:24:52","modified_gmt":"2025-08-21T22:24:52","slug":"success-story-meinemarkenmode","status":"publish","type":"page","link":"https:\/\/www.sellerlogic.com\/sk\/resources\/success-story-meinemarkenmode\/","title":{"rendered":"Success Story: meinemarkenmode.de EN"},"content":{"rendered":"\n\t<div  class=\"theme-wp-block theme-block-main-header is-style-full-height desktop-align-full xl-align-full lg-align-full md-align-full sm-align-full desktop-content-align-y-center desktop-content-align-x-center xl-content-align-y-center xl-content-align-x-center lg-content-align-y-center lg-content-align-x-center md-content-align-y-center md-content-align-x-center sm-content-align-y-center sm-content-align-x-center gb-responsive-720212-identifier theme-block-cover\">\n\t\t<div class=\"bg-cover theme-lazy-load-bg\"><\/div>\n\t\t<div class=\"wrap-content-main-header\">\n\t\t\t\t\t<div  class=\"theme-wp-block theme-block-text-and-text desktop-align-wide xl-align-wide lg-align-wide md-align-wide sm-align-wide gb-responsive-366658-identifier desktop-blockDirection-column xl-blockDirection-column lg-blockDirection-column md-blockDirection-column sm-blockDirection-column\">\n\t\t<div class=\"tat-column-wrap-wrapper\">\n\t\t\t<div class=\"tat-column-wrapper\">\n\t\t\t\t\t<div  class=\"theme-wp-block theme-block-text-and-text-column gb-responsive-923660-identifier desktop-horizontal-center xl-horizontal-center lg-horizontal-center md-horizontal-center sm-horizontal-center\">\n\t\t<div class=\"inner-wrap-column-content\">\n\t\t\t<div class=\"inner-column-content\">\n\t\t\t\t\t\t<p  class=\"theme-wp-block theme-block-heading is-style-default desktop-text-center xl-text-center lg-text-center md-text-center sm-text-center gb-responsive-948994-identifier h2\">\n\t\tViac pe\u0148az\u00ed, menej probl\u00e9mov\t<\/p>\n\n\t\t<h1  class=\"theme-wp-block theme-block-heading gb-responsive-522772-identifier is-style-default desktop-text-center xl-text-center lg-text-center md-text-center sm-text-center h1\">\n\t\tAko meinmarkenmode dostal 6-cifern\u00fa n\u00e1hradu od Amazonu\t<\/h1>\n\n\t\t\t<\/div>\n\t\t<\/div>\n\t<\/div>\n\t<div  class=\"theme-wp-block theme-block-text-and-text-column gb-responsive-441362-identifier\">\n\t\t<div class=\"inner-wrap-column-content\">\n\t\t\t<div class=\"inner-column-content\">\n\t\t\t\t\t\t\t<\/div>\n\t\t<\/div>\n\t<\/div>\n\t\t\t<\/div>\n\t\t<\/div>\n\t<\/div>\n\n\t\t<\/div>\n\t<\/div>\n\n<div style=\"height:50px\" aria-hidden=\"true\" class=\"theme-wp-block wp-block-spacer\"><\/div><div class=\"theme-wp-block wp-block-columns gb-responsive-34913-identifier is-layout-flex wp-container-core-columns-is-layout-9d6595d7 wp-block-columns-is-layout-flex\"><div class=\"theme-wp-block wp-block-column gb-responsive-118097-identifier is-layout-flow wp-block-column-is-layout-flow\" style=\"flex-basis:25%\"><figure class=\"theme-wp-block wp-block-image size-large is-resized gb-responsive-62921-identifier\"><img decoding=\"async\" src=\"https:\/\/d2bw95mh2ee04s.cloudfront.net\/prod\/content\/wp-content\/uploads\/2020\/12\/23142728\/MMM-Logo_2-844x154.png\" alt=\"Success Story: meinemarkenmode.de EN\" class=\"wp-image-4742\" width=\"300\" height=\"55\" srcset=\"https:\/\/d2bw95mh2ee04s.cloudfront.net\/prod\/content\/wp-content\/uploads\/2020\/12\/23142728\/MMM-Logo_2-407x74.png 407w, https:\/\/d2bw95mh2ee04s.cloudfront.net\/prod\/content\/wp-content\/uploads\/2020\/12\/23142728\/MMM-Logo_2-768x141.png 768w, https:\/\/d2bw95mh2ee04s.cloudfront.net\/prod\/content\/wp-content\/uploads\/2020\/12\/23142728\/MMM-Logo_2-844x154.png 844w, https:\/\/d2bw95mh2ee04s.cloudfront.net\/prod\/content\/wp-content\/uploads\/2020\/12\/23142728\/MMM-Logo_2.png 1000w\" sizes=\"(max-width: 300px) 100vw, 300px\" \/><\/figure><p class=\"theme-wp-block gb-responsive-595107-identifier\"><strong>Zalo\u017eenie:<\/strong><br>2009<\/p><p class=\"theme-wp-block gb-responsive-627172-identifier\"><strong>Odvetvie:<\/strong><br>M\u00f3da<\/p><p class=\"theme-wp-block gb-responsive-331586-identifier\"><strong>Predmety na Amazone:\u00a0<\/strong><br>30.000<\/p><p class=\"theme-wp-block gb-responsive-485766-identifier\"><strong>Odoslania:<\/strong><br>pribli\u017ene 150.000 za mesiac<\/p><\/div><div class=\"theme-wp-block wp-block-column gb-responsive-36942-identifier is-layout-flow wp-block-column-is-layout-flow\" style=\"flex-basis:50%\"><h3 class=\"theme-wp-block wp-block-heading gb-responsive-34353-identifier\" id=\"block-c06fce04-ef87-4ffc-a3d6-b768ba377d17\">Pozadie:<\/h3><p class=\"theme-wp-block gb-responsive-767855-identifier desktop-gb-has-no-icon xl-gb-has-no-icon lg-gb-has-no-icon md-gb-has-no-icon sm-gb-has-no-icon\">S v\u0161etk\u00fdm invent\u00e1rom, ktor\u00fd prich\u00e1dzal a odch\u00e1dzal z ich skladov, si Alexander Charatzoglou bol vedom\u00fd, \u017ee chyby sa ur\u010dite vyskytn\u00fa. Doteraz mala z\u00e1sielkov\u00e1 spolo\u010dnos\u0165 \u017eiadny proces, ktor\u00fd by umo\u017enil identifik\u00e1ciu ka\u017edej jednej chyby, ktor\u00e1 sa stala, a\u017e k\u00fdm Alexander nenav\u0161t\u00edvil workshop pre predajcov na Amazone, ktor\u00fd poskytol rie\u0161enie.<\/p><p class=\"theme-wp-block desktop-gb-has-no-icon xl-gb-has-no-icon lg-gb-has-no-icon md-gb-has-no-icon sm-gb-has-no-icon gb-responsive-7132-identifier\">Pr\u00edbeh meinmarkenmode.de vyzer\u00e1 ve\u013emi podobne ako prototyp americk\u00e9ho sna.<\/p><p class=\"theme-wp-block desktop-gb-has-no-icon xl-gb-has-no-icon lg-gb-has-no-icon md-gb-has-no-icon sm-gb-has-no-icon gb-responsive-663910-identifier\">Aby financoval svoje \u0161t\u00fadium, s\u00fa\u010dasn\u00fd gener\u00e1lny riadite\u013e Eugen Allerborn za\u010dal obchodova\u0165 na eBay v roku 2009. Ke\u010f sa spolo\u010dnos\u0165 rozr\u00e1stla, musel \u010deli\u0165 rozhodnutiu, \u010di dokon\u010di\u0165 \u0161t\u00fadium alebo ukon\u010di\u0165 univerzitu a venova\u0165 cel\u00fd svoj \u010das pr\u00e1ci. Zvolil si druh\u00fa mo\u017enos\u0165: rozhodnutie, ktor\u00e9 viedlo k ve\u013ea tvrdej pr\u00e1ci, ale aj k e\u0161te v\u00e4\u010d\u0161iemu \u00faspechu. Dnes spolu so svoj\u00edm obchodn\u00fdm partnerom a priate\u013eom Timom Bethlehemom vedie \u00faspe\u0161n\u00fd online podnik s 50 zamestnancami na dvoch miestach.<\/p><h3 class=\"theme-wp-block wp-block-heading gb-responsive-182281-identifier desktop-gb-has-no-icon xl-gb-has-no-icon lg-gb-has-no-icon md-gb-has-no-icon sm-gb-has-no-icon\">Za\u010diatky:<\/h3><p class=\"theme-wp-block gb-responsive-262664-identifier desktop-gb-has-no-icon xl-gb-has-no-icon lg-gb-has-no-icon md-gb-has-no-icon sm-gb-has-no-icon\">\u201eBolo n\u00e1m jasn\u00e9, \u017ee str\u00e1came z\u00e1soby v skladoch FBA. S viac ako 30 000 polo\u017ekami v 20 skladoch a s t\u00fdm s\u00favisiacimi pohybmi z\u00e1sob je to nevyhnutn\u00e9,\u201c vysvet\u013euje Alexander, ktor\u00fd pracuje ako ved\u00faci predaja na meinemarkenmode.de od roku 2012. \u201eAle ako to u\u017e b\u00fdva, bolo pr\u00edli\u0161 ve\u013ea in\u00fdch \u00faloh, ktor\u00e9 mali vy\u0161\u0161iu prioritu. Okrem toho n\u00e1m ch\u00fdbala kapacita na manu\u00e1lne kontrolovanie procesov.\u201c<\/p><p class=\"theme-wp-block gb-responsive-587817-identifier desktop-gb-has-no-icon xl-gb-has-no-icon lg-gb-has-no-icon md-gb-has-no-icon sm-gb-has-no-icon\">Toto sa zmenilo a\u017e ke\u010f mal Alexander rozhovor o tejto t\u00e9me s kolegom predajcom po\u010das workshopu na Amazone. \u201eM\u00f4j kolega predajca bol jedn\u00fdm z pilotn\u00fdch<br>z\u00e1kazn\u00edkov SELLERLOGIC Lost &#038; Found. Ke\u010f mi povedal o po\u010diato\u010dnej n\u00e1hrade v hodnote mal\u00e9ho auta, bol som tak ohromen\u00fd, \u017ee vysk\u00fa\u0161a\u0165 tento n\u00e1stroj bolo na vrchole m\u00f4jho zoznamu prior\u00edt,\u201c spom\u00edna Alexander.<\/p><h3 class=\"theme-wp-block wp-block-heading gb-responsive-115756-identifier\">Rie\u0161enie:<\/h3><p class=\"theme-wp-block gb-responsive-231780-identifier\">Na z\u00e1klade pozit\u00edvnej sk\u00fasenosti jeho kolegu predajcu nebola pre meinmarkenmode.de nikdy zva\u017eovan\u00e1 \u017eiadna in\u00e1 alternat\u00edva ako Lost &#038; Found.<\/p><p class=\"theme-wp-block gb-responsive-392728-identifier desktop-gb-has-no-icon xl-gb-has-no-icon lg-gb-has-no-icon md-gb-has-no-icon sm-gb-has-no-icon\"><br>Alexander si spom\u00edna na prv\u00e9 sk\u00fasenosti so softv\u00e9rom SELLERLOGIC: \u201eZavedenie do syst\u00e9mu s SELLERLOGIC bolo mimoriadne jednoduch\u00e9 a pr\u00edjemn\u00e9. Rie\u0161enie je intuit\u00edvne a m\u00f4\u017ee ho pou\u017e\u00edva\u0165 ktoko\u013evek po kr\u00e1tkom \u0161kolen\u00ed. Od spustenia nebolo potrebn\u00e9 \u017eiadne \u010fal\u0161ie poradenstvo. Ani ke\u010f sme odovzdali spravovanie pr\u00edpadov nov\u00fdm zamestnancom \u2013 to je celkom pozoruhodn\u00e9!\u201c. Po chv\u00edli dod\u00e1va: \u201eN\u00e1stroj je tie\u017e neuverite\u013ene efekt\u00edvny. Za jeho intuit\u00edvnym ovl\u00e1dan\u00edm sa skr\u00fdva ve\u013emi sofistikovan\u00fd syst\u00e9m, ktor\u00fd v\u00fdrazne zjednodu\u0161uje spracovanie pr\u00edpadov.\u201c<\/p><div class=\"theme-block-group-wrap\"><div class=\"theme-wp-block wp-block-group gb-responsive-88118-identifier\">\t\t<div  class=\"theme-wp-block theme-block-user-card gb-responsive-799176-identifier is-style-full-width-line desktop-gb-has-no-icon xl-gb-has-no-icon lg-gb-has-no-icon md-gb-has-no-icon sm-gb-has-no-icon\">\n\t\t<div class=\"wrap-inner-content\">\n\t\t\t<div class=\"card-user-head\">\n\t\t\t\t<div class=\"card-user-avatar\">\n\t\t\t\t\t<div class=\"cover-avatar\" style=\"background-image: url(https:\/\/d2bw95mh2ee04s.cloudfront.net\/prod\/content\/wp-content\/uploads\/2020\/12\/23142728\/alexander_charatzoglou_raute.png);\"><\/div>\n\t\t\t\t<\/div>\n\t\t\t\t<div class=\"wrap-title\">\n\t\t\t\t\t<div class=\"card-user-name\">\n\t\t\t\t\t\t<div class=\"title\">\n\t\t\t\t\t\t\t<h3 class=\"heading-text\"><strong>Alexander Charatzoglou<\/strong><\/h3>\n\t\t\t\t\t\t<\/div>\n\t\t\t\t\t\t<div class=\"card-user-position\">\n\t\t\t\t\t\t\t<div class=\"card-text\"><strong>Ved\u00faci predaja na meinemarkenmode.de<\/strong><\/div>\n\t\t\t\t\t\t<\/div>\n\t\t\t\t\t<\/div>\n\t\t\t\t\t<div class=\"card-user-quote-icon\">\n\t\t\t\t\t<\/div>\n\t\t\t\t<\/div>\n\t\t\t<\/div>\n\t\t\t<div class=\"card-user-text\">\n\t\t\t\t<div class=\"card-text\"><p>&#8220;SELLERLOGIC Lost &amp; Found je naozaj jednoduch\u00e9 rozhodnutie. A nielen z ekonomick\u00e9ho h\u013eadiska. N\u00edzke n\u00e1klady, n\u00e1stroj, technol\u00f3gia za n\u00edm, slu\u017eby a t\u00edm za n\u00edm \u2013 jednoducho v\u0161etko \u2013 prispieva k na\u0161ej \u00faplnej spokojnosti.&#8221;<\/p><p><\/p><\/div>\n\t\t\t<\/div>\n\t\t<\/div>\n\t<\/div>\n\n<\/div><\/div><h3 class=\"theme-wp-block wp-block-heading gb-responsive-595368-identifier\">\u00daspe\u0161n\u00e9 v\u00fdsledky s SELLERLOGIC:<\/h3><p class=\"theme-wp-block gb-responsive-905876-identifier desktop-gb-has-no-icon xl-gb-has-no-icon lg-gb-has-no-icon md-gb-has-no-icon sm-gb-has-no-icon\">Od ich spustenia s SELLERLOGIC Lost &#038; Found dok\u00e1zalo meinmarkenmode.de uplatni\u0165 n\u00e1hrady v hodnote pribli\u017ene 200 000 eur. \u201eToto u\u017e nie je mal\u00fd automobil, ale cel\u00e9 dom,\u201c smeje sa Alexander.<\/p><p class=\"theme-wp-block gb-responsive-208143-identifier desktop-gb-has-no-icon xl-gb-has-no-icon lg-gb-has-no-icon md-gb-has-no-icon sm-gb-has-no-icon\">Tak\u017ee skuto\u010dn\u00e1 strata z\u00e1sob v skladoch FBA jasne prekro\u010dila o\u010dak\u00e1vania spolo\u010dnosti. Z\u00e1rove\u0148 meinmarkenmode.de \u0165a\u017e\u00ed z sofistikovan\u00e9ho syst\u00e9mu, ktor\u00fd tie\u017e nach\u00e1dza chyby, ktor\u00e9 by pravdepodobne zostali neodhalen\u00e9, keby sa h\u013eadali manu\u00e1lne. Pre Alexandera je \u013eudsk\u00fd kontakt s SELLERLOGIC rovnako d\u00f4le\u017eit\u00fd. Pre neho nie je SELLERLOGIC len n\u00e1strojom, ktor\u00fd jeho spolo\u010dnos\u0165 pou\u017e\u00edva, ale tie\u017e si cen\u00ed cel\u00fd t\u00edm a jeho slu\u017eby.<\/p><p class=\"theme-wp-block gb-responsive-355671-identifier desktop-gb-has-no-icon xl-gb-has-no-icon lg-gb-has-no-icon md-gb-has-no-icon sm-gb-has-no-icon\">Na z\u00e1ver nach\u00e1dza jasn\u00e9 slov\u00e1 chv\u00e1ly: \u201eSELLERLOGIC Lost &#038; Found je naozaj jednoduch\u00e9 rozhodnutie. A nielen z ekonomick\u00e9ho h\u013eadiska. N\u00edzke n\u00e1klady, n\u00e1stroj, technol\u00f3gia za n\u00edm, slu\u017eby a t\u00edm za n\u00edm \u2013 jednoducho v\u0161etko \u2013 prispieva k na\u0161ej \u00faplnej spokojnosti\u201c.<\/p><div class=\"theme-wp-block wp-block-buttons gb-responsive-497426-identifier is-layout-flex wp-block-buttons-is-layout-flex\"><div class=\"theme-wp-block wp-block-button gb-responsive-38220-identifier is-style-theme-transparent-with-arrow\"><a class=\"wp-block-button__link wp-element-button\" href=\"https:\/\/d2bw95mh2ee04s.cloudfront.net\/prod\/content\/files\/SUCCESS-STORIES\/EN\/NEU_SELLERLOGIC_Success-Story_meinemarkenmode_EN.pdf\" target=\"_blank\" rel=\"noreferrer noopener nofollow\">Stiahnite si teraz!<\/a><\/div><\/div><\/div><div class=\"theme-wp-block wp-block-column gb-responsive-638649-identifier is-layout-flow wp-block-column-is-layout-flow\" style=\"flex-basis:25%\"><\/div><\/div><p class=\"theme-wp-block gb-responsive-554668-identifier\"><\/p>","protected":false},"excerpt":{"rendered":"<p>Zalo\u017eenie:2009 Odvetvie:M\u00f3da Predmety na Amazone:\u00a030.000 Odoslania:pribli\u017ene 150.000 za mesiac Pozadie: S v\u0161etk\u00fdm invent\u00e1rom, ktor\u00fd prich\u00e1dzal a odch\u00e1dzal z ich skladov, si Alexander Charatzoglou bol vedom\u00fd, \u017ee chyby sa ur\u010dite vyskytn\u00fa. Doteraz mala z\u00e1sielkov\u00e1 spolo\u010dnos\u0165 \u017eiadny proces, ktor\u00fd by umo\u017enil identifik\u00e1ciu ka\u017edej jednej chyby, ktor\u00e1 sa stala, a\u017e k\u00fdm Alexander nenav\u0161t\u00edvil workshop pre predajcov na Amazone,<\/p>\n","protected":false},"author":3,"featured_media":0,"parent":228213,"menu_order":0,"comment_status":"closed","ping_status":"closed","template":"","meta":{"sidebar_recommended_resources":{"data":[]},"sidebar_header_settings":{"hide_buttons":{"register":false}},"_use_new_theme":false,"inline_featured_image":false,"footnotes":""},"class_list":["post-228252","page","type-page","status-publish","hentry"],"yoast_head":"<!-- This site is optimized with the Yoast SEO plugin v26.8 - https:\/\/yoast.com\/product\/yoast-seo-wordpress\/ -->\n<title>Ako z\u00edska\u0165 6-cifern\u00fa n\u00e1hradu od Amazonu | SELLERLOGIC<\/title>\n<meta name=\"description\" content=\"SELLERLOGIC Lost &amp; Found analyzuje v\u0161etky chyby FBA. Pre\u010d\u00edtajte si tu, ako meinmarkenmode.de z\u00edskalo n\u00e1hrady v hodnote rodinn\u00e9ho domu!\" \/>\n<meta name=\"robots\" content=\"index, follow, max-snippet:-1, max-image-preview:large, max-video-preview:-1\" \/>\n<link rel=\"canonical\" href=\"https:\/\/www.sellerlogic.com\/sk\/resources\/success-story-meinemarkenmode\/\" \/>\n<meta property=\"og:locale\" content=\"sk_SK\" \/>\n<meta property=\"og:type\" content=\"article\" \/>\n<meta property=\"og:title\" content=\"Ako z\u00edska\u0165 6-cifern\u00fa n\u00e1hradu od Amazonu | SELLERLOGIC\" \/>\n<meta property=\"og:description\" content=\"SELLERLOGIC Lost &amp; Found analyzuje v\u0161etky chyby FBA. Pre\u010d\u00edtajte si tu, ako meinmarkenmode.de z\u00edskalo n\u00e1hrady v hodnote rodinn\u00e9ho domu!\" \/>\n<meta property=\"og:url\" content=\"https:\/\/www.sellerlogic.com\/sk\/resources\/success-story-meinemarkenmode\/\" \/>\n<meta property=\"og:site_name\" content=\"SELLERLOGIC - Smarte Tools f\u00fcr Amazon-Seller\" \/>\n<meta property=\"article:publisher\" content=\"https:\/\/www.facebook.com\/SellerLogic\/\" \/>\n<meta property=\"article:modified_time\" content=\"2025-08-21T22:24:52+00:00\" \/>\n<meta property=\"og:image\" content=\"https:\/\/www.sellerlogic.com\/wp-content\/uploads\/2020\/12\/MMM-Logo_2-844x154.png\" \/>\n<meta name=\"twitter:card\" content=\"summary_large_image\" \/>\n<meta name=\"twitter:site\" content=\"@sellerlogic\" \/>\n<meta name=\"twitter:label1\" content=\"Est. reading time\" \/>\n\t<meta name=\"twitter:data1\" content=\"3 minutes\" \/>\n<script type=\"application\/ld+json\" class=\"yoast-schema-graph\">{\"@context\":\"https:\/\/schema.org\",\"@graph\":[{\"@type\":\"WebPage\",\"@id\":\"https:\/\/www.sellerlogic.com\/sk\/resources\/success-story-meinemarkenmode\/\",\"url\":\"https:\/\/www.sellerlogic.com\/sk\/resources\/success-story-meinemarkenmode\/\",\"name\":\"Ako z\u00edska\u0165 6-cifern\u00fa n\u00e1hradu od Amazonu | SELLERLOGIC\",\"isPartOf\":{\"@id\":\"https:\/\/www.sellerlogic.com\/sk\/#website\"},\"primaryImageOfPage\":{\"@id\":\"https:\/\/www.sellerlogic.com\/sk\/resources\/success-story-meinemarkenmode\/#primaryimage\"},\"image\":{\"@id\":\"https:\/\/www.sellerlogic.com\/sk\/resources\/success-story-meinemarkenmode\/#primaryimage\"},\"thumbnailUrl\":\"https:\/\/www.sellerlogic.com\/wp-content\/uploads\/2020\/12\/MMM-Logo_2-844x154.png\",\"datePublished\":\"2020-12-18T08:11:11+00:00\",\"dateModified\":\"2025-08-21T22:24:52+00:00\",\"description\":\"SELLERLOGIC Lost & Found analyzuje v\u0161etky chyby FBA. Pre\u010d\u00edtajte si tu, ako meinmarkenmode.de z\u00edskalo n\u00e1hrady v hodnote rodinn\u00e9ho domu!\",\"breadcrumb\":{\"@id\":\"https:\/\/www.sellerlogic.com\/sk\/resources\/success-story-meinemarkenmode\/#breadcrumb\"},\"inLanguage\":\"sk-SK\",\"potentialAction\":[{\"@type\":\"ReadAction\",\"target\":[\"https:\/\/www.sellerlogic.com\/sk\/resources\/success-story-meinemarkenmode\/\"]}]},{\"@type\":\"ImageObject\",\"inLanguage\":\"sk-SK\",\"@id\":\"https:\/\/www.sellerlogic.com\/sk\/resources\/success-story-meinemarkenmode\/#primaryimage\",\"url\":\"https:\/\/www.sellerlogic.com\/wp-content\/uploads\/2020\/12\/MMM-Logo_2-844x154.png\",\"contentUrl\":\"https:\/\/www.sellerlogic.com\/wp-content\/uploads\/2020\/12\/MMM-Logo_2-844x154.png\"},{\"@type\":\"BreadcrumbList\",\"@id\":\"https:\/\/www.sellerlogic.com\/sk\/resources\/success-story-meinemarkenmode\/#breadcrumb\",\"itemListElement\":[{\"@type\":\"ListItem\",\"position\":1,\"name\":\"Home\",\"item\":\"https:\/\/www.sellerlogic.com\/sk\/\"},{\"@type\":\"ListItem\",\"position\":2,\"name\":\"Ressources EN\",\"item\":\"https:\/\/www.sellerlogic.com\/sk\/resources\/\"},{\"@type\":\"ListItem\",\"position\":3,\"name\":\"Success Story: meinemarkenmode.de EN\"}]},{\"@type\":\"WebSite\",\"@id\":\"https:\/\/www.sellerlogic.com\/sk\/#website\",\"url\":\"https:\/\/www.sellerlogic.com\/sk\/\",\"name\":\"SELLERLOGIC - Smarte Tools f\u00fcr Amazon-Seller\",\"description\":\"Intelligente Prozessoptimierung und Gewinnmaximierung\",\"publisher\":{\"@id\":\"https:\/\/www.sellerlogic.com\/sk\/#organization\"},\"potentialAction\":[{\"@type\":\"SearchAction\",\"target\":{\"@type\":\"EntryPoint\",\"urlTemplate\":\"https:\/\/www.sellerlogic.com\/sk\/?s={search_term_string}\"},\"query-input\":{\"@type\":\"PropertyValueSpecification\",\"valueRequired\":true,\"valueName\":\"search_term_string\"}}],\"inLanguage\":\"sk-SK\"},{\"@type\":\"Organization\",\"@id\":\"https:\/\/www.sellerlogic.com\/sk\/#organization\",\"name\":\"SELLERLOGIC\",\"url\":\"https:\/\/www.sellerlogic.com\/sk\/\",\"logo\":{\"@type\":\"ImageObject\",\"inLanguage\":\"sk-SK\",\"@id\":\"https:\/\/www.sellerlogic.com\/sk\/#\/schema\/logo\/image\/\",\"url\":\"https:\/\/d2bw95mh2ee04s.cloudfront.net\/prod\/content\/wp-content\/uploads\/2025\/01\/02134814\/Property-Logo-Main.svg\",\"contentUrl\":\"https:\/\/d2bw95mh2ee04s.cloudfront.net\/prod\/content\/wp-content\/uploads\/2025\/01\/02134814\/Property-Logo-Main.svg\",\"width\":184,\"height\":40,\"caption\":\"SELLERLOGIC\"},\"image\":{\"@id\":\"https:\/\/www.sellerlogic.com\/sk\/#\/schema\/logo\/image\/\"},\"sameAs\":[\"https:\/\/www.facebook.com\/SellerLogic\/\",\"https:\/\/x.com\/sellerlogic\",\"https:\/\/www.instagram.com\/sellerlogic\/\",\"https:\/\/www.linkedin.com\/company\/18402037\/\",\"https:\/\/www.youtube.com\/channel\/UC-gULUur-fNj08sprantKsQ\"]}]}<\/script>\n<!-- \/ Yoast SEO plugin. -->","yoast_head_json":{"title":"Ako z\u00edska\u0165 6-cifern\u00fa n\u00e1hradu od Amazonu | SELLERLOGIC","description":"SELLERLOGIC Lost & Found analyzuje v\u0161etky chyby FBA. Pre\u010d\u00edtajte si tu, ako meinmarkenmode.de z\u00edskalo n\u00e1hrady v hodnote rodinn\u00e9ho domu!","robots":{"index":"index","follow":"follow","max-snippet":"max-snippet:-1","max-image-preview":"max-image-preview:large","max-video-preview":"max-video-preview:-1"},"canonical":"https:\/\/www.sellerlogic.com\/sk\/resources\/success-story-meinemarkenmode\/","og_locale":"sk_SK","og_type":"article","og_title":"Ako z\u00edska\u0165 6-cifern\u00fa n\u00e1hradu od Amazonu | SELLERLOGIC","og_description":"SELLERLOGIC Lost & Found analyzuje v\u0161etky chyby FBA. Pre\u010d\u00edtajte si tu, ako meinmarkenmode.de z\u00edskalo n\u00e1hrady v hodnote rodinn\u00e9ho domu!","og_url":"https:\/\/www.sellerlogic.com\/sk\/resources\/success-story-meinemarkenmode\/","og_site_name":"SELLERLOGIC - Smarte Tools f\u00fcr Amazon-Seller","article_publisher":"https:\/\/www.facebook.com\/SellerLogic\/","article_modified_time":"2025-08-21T22:24:52+00:00","og_image":[{"url":"https:\/\/www.sellerlogic.com\/wp-content\/uploads\/2020\/12\/MMM-Logo_2-844x154.png","type":"","width":"","height":""}],"twitter_card":"summary_large_image","twitter_site":"@sellerlogic","twitter_misc":{"Est. reading time":"3 minutes"},"schema":{"@context":"https:\/\/schema.org","@graph":[{"@type":"WebPage","@id":"https:\/\/www.sellerlogic.com\/sk\/resources\/success-story-meinemarkenmode\/","url":"https:\/\/www.sellerlogic.com\/sk\/resources\/success-story-meinemarkenmode\/","name":"Ako z\u00edska\u0165 6-cifern\u00fa n\u00e1hradu od Amazonu | SELLERLOGIC","isPartOf":{"@id":"https:\/\/www.sellerlogic.com\/sk\/#website"},"primaryImageOfPage":{"@id":"https:\/\/www.sellerlogic.com\/sk\/resources\/success-story-meinemarkenmode\/#primaryimage"},"image":{"@id":"https:\/\/www.sellerlogic.com\/sk\/resources\/success-story-meinemarkenmode\/#primaryimage"},"thumbnailUrl":"https:\/\/www.sellerlogic.com\/wp-content\/uploads\/2020\/12\/MMM-Logo_2-844x154.png","datePublished":"2020-12-18T08:11:11+00:00","dateModified":"2025-08-21T22:24:52+00:00","description":"SELLERLOGIC Lost & Found analyzuje v\u0161etky chyby FBA. Pre\u010d\u00edtajte si tu, ako meinmarkenmode.de z\u00edskalo n\u00e1hrady v hodnote rodinn\u00e9ho domu!","breadcrumb":{"@id":"https:\/\/www.sellerlogic.com\/sk\/resources\/success-story-meinemarkenmode\/#breadcrumb"},"inLanguage":"sk-SK","potentialAction":[{"@type":"ReadAction","target":["https:\/\/www.sellerlogic.com\/sk\/resources\/success-story-meinemarkenmode\/"]}]},{"@type":"ImageObject","inLanguage":"sk-SK","@id":"https:\/\/www.sellerlogic.com\/sk\/resources\/success-story-meinemarkenmode\/#primaryimage","url":"https:\/\/www.sellerlogic.com\/wp-content\/uploads\/2020\/12\/MMM-Logo_2-844x154.png","contentUrl":"https:\/\/www.sellerlogic.com\/wp-content\/uploads\/2020\/12\/MMM-Logo_2-844x154.png"},{"@type":"BreadcrumbList","@id":"https:\/\/www.sellerlogic.com\/sk\/resources\/success-story-meinemarkenmode\/#breadcrumb","itemListElement":[{"@type":"ListItem","position":1,"name":"Home","item":"https:\/\/www.sellerlogic.com\/sk\/"},{"@type":"ListItem","position":2,"name":"Ressources EN","item":"https:\/\/www.sellerlogic.com\/sk\/resources\/"},{"@type":"ListItem","position":3,"name":"Success Story: meinemarkenmode.de EN"}]},{"@type":"WebSite","@id":"https:\/\/www.sellerlogic.com\/sk\/#website","url":"https:\/\/www.sellerlogic.com\/sk\/","name":"SELLERLOGIC - Smarte Tools f\u00fcr Amazon-Seller","description":"Intelligente Prozessoptimierung und Gewinnmaximierung","publisher":{"@id":"https:\/\/www.sellerlogic.com\/sk\/#organization"},"potentialAction":[{"@type":"SearchAction","target":{"@type":"EntryPoint","urlTemplate":"https:\/\/www.sellerlogic.com\/sk\/?s={search_term_string}"},"query-input":{"@type":"PropertyValueSpecification","valueRequired":true,"valueName":"search_term_string"}}],"inLanguage":"sk-SK"},{"@type":"Organization","@id":"https:\/\/www.sellerlogic.com\/sk\/#organization","name":"SELLERLOGIC","url":"https:\/\/www.sellerlogic.com\/sk\/","logo":{"@type":"ImageObject","inLanguage":"sk-SK","@id":"https:\/\/www.sellerlogic.com\/sk\/#\/schema\/logo\/image\/","url":"https:\/\/d2bw95mh2ee04s.cloudfront.net\/prod\/content\/wp-content\/uploads\/2025\/01\/02134814\/Property-Logo-Main.svg","contentUrl":"https:\/\/d2bw95mh2ee04s.cloudfront.net\/prod\/content\/wp-content\/uploads\/2025\/01\/02134814\/Property-Logo-Main.svg","width":184,"height":40,"caption":"SELLERLOGIC"},"image":{"@id":"https:\/\/www.sellerlogic.com\/sk\/#\/schema\/logo\/image\/"},"sameAs":["https:\/\/www.facebook.com\/SellerLogic\/","https:\/\/x.com\/sellerlogic","https:\/\/www.instagram.com\/sellerlogic\/","https:\/\/www.linkedin.com\/company\/18402037\/","https:\/\/www.youtube.com\/channel\/UC-gULUur-fNj08sprantKsQ"]}]}},"_links":{"self":[{"href":"https:\/\/www.sellerlogic.com\/sk\/wp-json\/wp\/v2\/pages\/228252","targetHints":{"allow":["GET"]}}],"collection":[{"href":"https:\/\/www.sellerlogic.com\/sk\/wp-json\/wp\/v2\/pages"}],"about":[{"href":"https:\/\/www.sellerlogic.com\/sk\/wp-json\/wp\/v2\/types\/page"}],"author":[{"embeddable":true,"href":"https:\/\/www.sellerlogic.com\/sk\/wp-json\/wp\/v2\/users\/3"}],"replies":[{"embeddable":true,"href":"https:\/\/www.sellerlogic.com\/sk\/wp-json\/wp\/v2\/comments?post=228252"}],"version-history":[{"count":0,"href":"https:\/\/www.sellerlogic.com\/sk\/wp-json\/wp\/v2\/pages\/228252\/revisions"}],"up":[{"embeddable":true,"href":"https:\/\/www.sellerlogic.com\/sk\/wp-json\/wp\/v2\/pages\/228213"}],"wp:attachment":[{"href":"https:\/\/www.sellerlogic.com\/sk\/wp-json\/wp\/v2\/media?parent=228252"}],"curies":[{"name":"wp","href":"https:\/\/api.w.org\/{rel}","templated":true}]}}