
{"id":228306,"date":"2020-12-21T22:08:33","date_gmt":"2020-12-21T22:08:33","guid":{"rendered":"https:\/\/127.0.0.1\/resources\/success-story-fj-trading\/"},"modified":"2020-12-21T22:08:33","modified_gmt":"2020-12-21T22:08:33","slug":"success-story-fj-trading","status":"publish","type":"page","link":"https:\/\/www.sellerlogic.com\/sk\/resources\/success-story-fj-trading\/","title":{"rendered":"Success Story: FJ Trading EN"},"content":{"rendered":"\n\t<div  class=\"theme-wp-block theme-block-main-header is-style-full-height desktop-content-align-y-center desktop-content-align-x-center xl-content-align-y-center xl-content-align-x-center lg-content-align-y-center lg-content-align-x-center md-content-align-y-center md-content-align-x-center sm-content-align-y-center sm-content-align-x-center gb-responsive-853195-identifier desktop-align-full xl-align-full lg-align-full md-align-full sm-align-full theme-block-cover\">\n\t\t<div class=\"bg-cover theme-lazy-load-bg\"><\/div>\n\t\t<div class=\"wrap-content-main-header\">\n\t\t\t\t\t<div  class=\"theme-wp-block theme-block-text-and-text gb-responsive-170032-identifier desktop-vertical-center xl-vertical-center lg-vertical-center md-vertical-center sm-vertical-center md-blockDirection-column sm-blockDirection-column desktop-blockDirection-column xl-blockDirection-column lg-blockDirection-column alignfull\">\n\t\t<div class=\"tat-column-wrap-wrapper\">\n\t\t\t<div class=\"tat-column-wrapper\">\n\t\t\t\t\t<div  class=\"theme-wp-block theme-block-text-and-text-column gb-responsive-644092-identifier md-horizontal-center desktop-horizontal-right sm-horizontal-center xl-horizontal-center lg-horizontal-center\">\n\t\t<div class=\"inner-wrap-column-content\">\n\t\t\t<div class=\"inner-column-content\">\n\t\t\t\t\t\t<h1  class=\"theme-wp-block theme-block-heading gb-responsive-482560-identifier desktop-text-center xl-text-center lg-text-center md-text-center sm-text-center h1\">\n\t\tViac Buy Box, viac obratu!\t<\/h1>\n\n\t\t<h2  class=\"theme-wp-block theme-block-heading gb-responsive-539815-identifier desktop-text-center xl-text-center lg-text-center md-text-center sm-text-center desktop-gb-has-no-icon xl-gb-has-no-icon lg-gb-has-no-icon md-gb-has-no-icon sm-gb-has-no-icon h1\">\n\t\tAko FJ Trading zvy\u0161uje percento Buy Box a obrat s SELLERLOGIC!\t<\/h2>\n\n\t\t\t<\/div>\n\t\t<\/div>\n\t<\/div>\n\t<div  class=\"theme-wp-block theme-block-text-and-text-column gb-responsive-840598-identifier desktop-horizontal-center xl-horizontal-center lg-horizontal-center md-horizontal-center sm-horizontal-center\">\n\t\t<div class=\"inner-wrap-column-content\">\n\t\t\t<div class=\"inner-column-content\">\n\t\t\t\t\t\t\t<\/div>\n\t\t<\/div>\n\t<\/div>\n\t\t\t<\/div>\n\t\t<\/div>\n\t<\/div>\n\n\t\t<\/div>\n\t<\/div>\n\n<div style=\"height:50px\" aria-hidden=\"true\" class=\"theme-wp-block wp-block-spacer\"><\/div><div class=\"theme-wp-block wp-block-columns gb-responsive-492868-identifier is-layout-flex wp-container-core-columns-is-layout-9d6595d7 wp-block-columns-is-layout-flex\"><div class=\"theme-wp-block wp-block-column gb-responsive-633979-identifier is-layout-flow wp-block-column-is-layout-flow\" style=\"flex-basis:25%\"><figure class=\"theme-wp-block wp-block-image size-large is-resized gb-responsive-62921-identifier\"><img decoding=\"async\" src=\"https:\/\/d2bw95mh2ee04s.cloudfront.net\/prod\/content\/wp-content\/uploads\/2020\/12\/23142716\/fj-trading-logo.jpg\" alt=\"Success Story: FJ Trading EN\" class=\"wp-image-5127\" width=\"300\" height=\"167\"><\/figure><p class=\"theme-wp-block gb-responsive-312552-identifier\"><strong><strong>Z\u00e1klad<\/strong>:<\/strong><br>2013<\/p><p class=\"theme-wp-block gb-responsive-353708-identifier\"><strong><strong>Odvetvie<\/strong>:<\/strong><br>Top\u00e1nky<\/p><p class=\"theme-wp-block gb-responsive-741269-identifier\"><strong><strong>Predmety na Amazone:\u00a0<\/strong><\/strong><br>pribli\u017ene 100.000 SKUs<\/p><p class=\"theme-wp-block gb-responsive-218030-identifier\"><strong><strong>Dod\u00e1vky<\/strong>:\u00a0<\/strong><br>pribli\u017ene 50.000 za mesiac<\/p><\/div><div class=\"theme-wp-block wp-block-column gb-responsive-243785-identifier is-layout-flow wp-block-column-is-layout-flow\" style=\"flex-basis:50%\"><h3 class=\"theme-wp-block wp-block-heading gb-responsive-34353-identifier\" id=\"block-c06fce04-ef87-4ffc-a3d6-b768ba377d17\">Pozadie:<\/h3><p class=\"theme-wp-block gb-responsive-710769-identifier desktop-gb-has-no-icon xl-gb-has-no-icon lg-gb-has-no-icon md-gb-has-no-icon sm-gb-has-no-icon\">Frank Jemetz akt\u00edvne pred\u00e1va vo svete online trhov od roku 2004. Na za\u010diatku to bolo predov\u0161etk\u00fdm cez eBay, ale teraz sa presunul na Amazon. &#8220;Experimentovali sme s mno\u017estvom produktov,&#8221; hovor\u00ed dnes gener\u00e1lny riadite\u013e. &#8220;Od nafukovac\u00edch \u010dlnov po penova\u010de mlieka.&#8221; Frank sa potom rozhodol prida\u0165 tenisky Adidas do svojho portf\u00f3lia. &#8220;A nejako sa to naozaj uchytilo.&#8221; Dnes FJ Trading pred\u00e1va predov\u0161etk\u00fdm top\u00e1nky cez online trhy a robia to s neust\u00e1le rast\u00facim \u00faspechom.<\/p><h3 class=\"theme-wp-block wp-block-heading gb-responsive-182281-identifier desktop-gb-has-no-icon xl-gb-has-no-icon lg-gb-has-no-icon md-gb-has-no-icon sm-gb-has-no-icon\">Za\u010diatky:<\/h3><p class=\"theme-wp-block gb-responsive-318425-identifier desktop-gb-has-no-icon xl-gb-has-no-icon lg-gb-has-no-icon md-gb-has-no-icon sm-gb-has-no-icon\">Pod\u013ea Franka by FJ Trading dnes neexistoval bez Amazonu a neuverite\u013ene vysok\u00e9ho po\u010dtu kupuj\u00facich, ktor\u00ed nav\u0161tevuj\u00fa online trh ka\u017ed\u00fd mesiac. &#8220;Ale konkuren\u010dn\u00fd tlak v maloobchode je obzvl\u00e1\u0161\u0165 siln\u00fd. Nie je nezvy\u010dajn\u00e9, \u017ee ceny klesaj\u00fa pod n\u00e1kupn\u00fa cenu.&#8221;<\/p><p class=\"theme-wp-block gb-responsive-730648-identifier desktop-gb-has-no-icon xl-gb-has-no-icon lg-gb-has-no-icon md-gb-has-no-icon sm-gb-has-no-icon\">Av\u0161ak uzavrie\u0165 obchod, pri ktorom spolo\u010dnos\u0165 strat\u00ed peniaze, je pre Franka vyl\u00fa\u010den\u00e9. &#8220;Z\u00e1rove\u0148 sme vedeli, \u017ee mus\u00edme zosta\u0165 na Amazone, vzh\u013eadom na to, \u017ee to bola &#8211; a st\u00e1le je &#8211; na\u0161a najd\u00f4le\u017eitej\u0161ia predajn\u00e1 platforma.&#8221; Bolo jasn\u00e9, \u017ee je potrebn\u00e1 in\u00e1 strat\u00e9gia. &#8220;Nem\u00f4\u017eete dlhodobo udr\u017ea\u0165 krok, ak neust\u00e1le uprednost\u0148ujete uzavretie obchodu pred dosiahnut\u00edm dobrej mar\u017ee.&#8221; FJ Trading potreboval sp\u00f4sob, ako dynamicky optimalizova\u0165 svoje ceny a priamo reagova\u0165 na svoju konkurenciu. S pribli\u017ene 100 000 SKUs sa v\u0161ak r\u00fdchlo uk\u00e1zalo, \u017ee manu\u00e1lne spracovanie u\u017e nie je mo\u017enos\u0165ou. V tomto bode bol potrebn\u00fd automatizovan\u00fd n\u00e1stroj.<\/p><h3 class=\"theme-wp-block wp-block-heading gb-responsive-115756-identifier\">Rie\u0161enie:<\/h3><p class=\"theme-wp-block gb-responsive-49178-identifier desktop-gb-has-no-icon xl-gb-has-no-icon lg-gb-has-no-icon md-gb-has-no-icon sm-gb-has-no-icon\">&#8220;Nem\u00f4\u017eete robi\u0165 ni\u010d bez n\u00e1stroja na prece\u0148ovanie,&#8221; vyhlasuje Frank. &#8220;Od kedy pou\u017e\u00edvame SELLERLOGIC Repricer, podiel Buy Box na\u0161ich produktov sa v\u00fdrazne zv\u00fd\u0161il.&#8221; Najm\u00e4 integr\u00e1cia strat\u00e9gie Buy Box bola d\u00f4le\u017eit\u00fdm faktorom v rozhodnut\u00ed FJ Trading: &#8220;Predt\u00fdm sme pracovali s in\u00fdm poskytovate\u013eom, ale n\u00e1stroj neoptimalizoval \u0161pecificky pre Buy Box.&#8221; Dokonca ani naprogramovan\u00fd prece\u0148ova\u010d nedosiahol po\u017eadovan\u00e9 v\u00fdsledky, preto\u017ee potrebn\u00e1 n\u00e1maha bola pr\u00edli\u0161 vysok\u00e1.<\/p><div class=\"theme-block-group-wrap\"><div class=\"theme-wp-block wp-block-group gb-responsive-88118-identifier\">\t\t<div  class=\"theme-wp-block theme-block-user-card gb-responsive-799176-identifier is-style-full-width-line desktop-gb-has-no-icon xl-gb-has-no-icon lg-gb-has-no-icon md-gb-has-no-icon sm-gb-has-no-icon\">\n\t\t<div class=\"wrap-inner-content\">\n\t\t\t<div class=\"card-user-head\">\n\t\t\t\t<div class=\"card-user-avatar\">\n\t\t\t\t\t<div class=\"cover-avatar\" style=\"background-image: url(https:\/\/d2bw95mh2ee04s.cloudfront.net\/prod\/content\/wp-content\/uploads\/2020\/12\/23142717\/frank-jemetz.png);\"><\/div>\n\t\t\t\t<\/div>\n\t\t\t\t<div class=\"wrap-title\">\n\t\t\t\t\t<div class=\"card-user-name\">\n\t\t\t\t\t\t<div class=\"title\">\n\t\t\t\t\t\t\t<h3 class=\"heading-text\"><strong>Frank Jemetz<\/strong><\/h3>\n\t\t\t\t\t\t<\/div>\n\t\t\t\t\t\t<div class=\"card-user-position\">\n\t\t\t\t\t\t\t<div class=\"card-text\"><strong>Gener\u00e1lny riadite\u013e FJ Trading<\/strong><\/div>\n\t\t\t\t\t\t<\/div>\n\t\t\t\t\t<\/div>\n\t\t\t\t\t<div class=\"card-user-quote-icon\">\n\t\t\t\t\t<\/div>\n\t\t\t\t<\/div>\n\t\t\t<\/div>\n\t\t\t<div class=\"card-user-text\">\n\t\t\t\t<div class=\"card-text\"><p>Strat\u00e9gia Buy Box, ktor\u00e1 vy\u017eaduje minim\u00e1lnu manu\u00e1lnu n\u00e1mahu, n\u00edzka chybovos\u0165 a fakt, \u017ee Repricer funguje skvele, hovor\u00ed v prospech produktov SELLERLOGIC!<\/p><\/div>\n\t\t\t<\/div>\n\t\t<\/div>\n\t<\/div>\n\n<\/div><\/div><h3 class=\"theme-wp-block wp-block-heading gb-responsive-595368-identifier desktop-gb-has-no-icon xl-gb-has-no-icon lg-gb-has-no-icon md-gb-has-no-icon sm-gb-has-no-icon\">\u00daspe\u0161n\u00e9 v\u00fdsledky s SELLERLOGIC:<\/h3><p class=\"theme-wp-block gb-responsive-439964-identifier desktop-gb-has-no-icon xl-gb-has-no-icon lg-gb-has-no-icon md-gb-has-no-icon sm-gb-has-no-icon\">SELLERLOGIC&#8217;s Repricer funguje inak: &#8220;Akon\u00e1hle som definoval pravidl\u00e1, nemus\u00edm sa o ni\u010d stara\u0165.&#8221; V\u010faka automatick\u00fdm importom bolo nastavenie ve\u013emi jednoduch\u00e9 a v\u00fdsledky Repricer boli tie\u017e presved\u010div\u00e9: &#8220;Podiel Buy Box je ve\u013emi dobr\u00fd. Okrem toho je z\u00e1kazn\u00edcky servis vynikaj\u00faci a n\u00e1stroj sa neust\u00e1le vyv\u00edja.&#8221;<\/p><p class=\"theme-wp-block gb-responsive-668364-identifier\">&#8220;Takisto, SELLERLOGIC Repricer m\u00e1 vysok\u00fa dostupnos\u0165. Chyby s\u00fa ve\u013emi zriedkav\u00e9 a r\u00fdchlo sa rie\u0161ia,&#8221; hovor\u00ed Frank Jemetz. &#8220;Je tie\u017e d\u00f4le\u017eit\u00e9, aby syst\u00e9m nikdy neklesol pod stanoven\u00fa minim\u00e1lnu cenu. &#8220;Nechceme podporova\u0165 cenov\u00fa vojnu na Amazone. S SELLERLOGIC sa na to m\u00f4\u017eeme spo\u013eahn\u00fa\u0165!&#8221;<\/p><p class=\"theme-wp-block gb-responsive-697003-identifier desktop-gb-has-no-icon xl-gb-has-no-icon lg-gb-has-no-icon md-gb-has-no-icon sm-gb-has-no-icon\">Frank je \u00faplne spokojn\u00fd s SELLERLOGIC\u2018s Repricer: &#8220;Strat\u00e9gia Buy Box \u2013 ktor\u00e1 vy\u017eaduje len minim\u00e1lnu manu\u00e1lnu n\u00e1mahu \u2013 a n\u00edzka chybovos\u0165 u\u017e hovoria v prospech SELLERLOGIC. Ale najd\u00f4le\u017eitej\u0161ie: Repricer jednoducho funguje ako sen!&#8221;<\/p><div class=\"theme-wp-block wp-block-buttons gb-responsive-497426-identifier is-layout-flex wp-block-buttons-is-layout-flex\"><div class=\"theme-wp-block wp-block-button gb-responsive-38220-identifier is-style-theme-transparent-with-arrow\"><a class=\"wp-block-button__link wp-element-button\" href=\"https:\/\/d2bw95mh2ee04s.cloudfront.net\/prod\/content\/files\/SUCCESS-STORIES\/EN\/SELLERLOGIC_SN_Success-Story_FJ-Trading_EN.pdf\" target=\"_blank\" rel=\"noreferrer noopener nofollow\">Stiahnite si teraz!<\/a><\/div><\/div><\/div><div class=\"theme-wp-block wp-block-column gb-responsive-252189-identifier is-layout-flow wp-block-column-is-layout-flow\" style=\"flex-basis:25%\"><\/div><\/div><p class=\"theme-wp-block gb-responsive-527070-identifier\"><\/p>","protected":false},"excerpt":{"rendered":"<p>Z\u00e1klad:2013 Odvetvie:Top\u00e1nky Predmety na Amazone:\u00a0pribli\u017ene 100.000 SKUs Dod\u00e1vky:\u00a0pribli\u017ene 50.000 za mesiac Pozadie: Frank Jemetz akt\u00edvne pred\u00e1va vo svete online trhov od roku 2004. Na za\u010diatku to bolo predov\u0161etk\u00fdm cez eBay, ale teraz sa presunul na Amazon. &#8220;Experimentovali sme s mno\u017estvom produktov,&#8221; hovor\u00ed dnes gener\u00e1lny riadite\u013e. &#8220;Od nafukovac\u00edch \u010dlnov po penova\u010de mlieka.&#8221; Frank sa potom rozhodol<\/p>\n","protected":false},"author":8,"featured_media":5113,"parent":228213,"menu_order":0,"comment_status":"closed","ping_status":"closed","template":"","meta":{"sidebar_recommended_resources":{"data":[]},"sidebar_header_settings":{"hide_buttons":{"register":false}},"_use_new_theme":false,"inline_featured_image":false,"footnotes":""},"class_list":["post-228306","page","type-page","status-publish","has-post-thumbnail","hentry"],"yoast_head":"<!-- This site is optimized with the Yoast SEO plugin v26.8 - https:\/\/yoast.com\/product\/yoast-seo-wordpress\/ -->\n<title>Viac Buy Box, viac obratu \u2013 s SELLERLOGIC Repricer<\/title>\n<meta name=\"description\" content=\"SELLERLOGIC Repricer pre Amazon vyhr\u00e1va Buy Box a zvy\u0161uje va\u0161e predaje. N\u00e1\u0161 z\u00e1kazn\u00edk FJ Trading to m\u00f4\u017ee potvrdi\u0165. Zistite viac teraz!\" \/>\n<meta name=\"robots\" content=\"index, follow, max-snippet:-1, max-image-preview:large, max-video-preview:-1\" \/>\n<link rel=\"canonical\" href=\"https:\/\/www.sellerlogic.com\/sk\/resources\/success-story-fj-trading\/\" \/>\n<meta property=\"og:locale\" content=\"sk_SK\" \/>\n<meta property=\"og:type\" content=\"article\" \/>\n<meta property=\"og:title\" content=\"Viac Buy Box, viac obratu \u2013 s SELLERLOGIC Repricer\" \/>\n<meta property=\"og:description\" content=\"SELLERLOGIC Repricer pre Amazon vyhr\u00e1va Buy Box a zvy\u0161uje va\u0161e predaje. N\u00e1\u0161 z\u00e1kazn\u00edk FJ Trading to m\u00f4\u017ee potvrdi\u0165. Zistite viac teraz!\" \/>\n<meta property=\"og:url\" content=\"https:\/\/www.sellerlogic.com\/sk\/resources\/success-story-fj-trading\/\" \/>\n<meta property=\"og:site_name\" content=\"SELLERLOGIC - Smarte Tools f\u00fcr Amazon-Seller\" \/>\n<meta property=\"article:publisher\" content=\"https:\/\/www.facebook.com\/SellerLogic\/\" \/>\n<meta property=\"og:image\" content=\"https:\/\/d2bw95mh2ee04s.cloudfront.net\/prod\/content\/wp-content\/uploads\/2020\/12\/23142717\/header-success-story-fj-trading.jpg\" \/>\n\t<meta property=\"og:image:width\" content=\"2500\" \/>\n\t<meta property=\"og:image:height\" content=\"1667\" \/>\n\t<meta property=\"og:image:type\" content=\"image\/jpeg\" \/>\n<meta name=\"twitter:card\" content=\"summary_large_image\" \/>\n<meta name=\"twitter:site\" content=\"@sellerlogic\" \/>\n<meta name=\"twitter:label1\" content=\"Est. reading time\" \/>\n\t<meta name=\"twitter:data1\" content=\"3 minutes\" \/>\n<script type=\"application\/ld+json\" class=\"yoast-schema-graph\">{\"@context\":\"https:\/\/schema.org\",\"@graph\":[{\"@type\":\"WebPage\",\"@id\":\"https:\/\/www.sellerlogic.com\/sk\/resources\/success-story-fj-trading\/\",\"url\":\"https:\/\/www.sellerlogic.com\/sk\/resources\/success-story-fj-trading\/\",\"name\":\"Viac Buy Box, viac obratu \u2013 s SELLERLOGIC Repricer\",\"isPartOf\":{\"@id\":\"https:\/\/www.sellerlogic.com\/sk\/#website\"},\"primaryImageOfPage\":{\"@id\":\"https:\/\/www.sellerlogic.com\/sk\/resources\/success-story-fj-trading\/#primaryimage\"},\"image\":{\"@id\":\"https:\/\/www.sellerlogic.com\/sk\/resources\/success-story-fj-trading\/#primaryimage\"},\"thumbnailUrl\":\"https:\/\/d2bw95mh2ee04s.cloudfront.net\/prod\/content\/wp-content\/uploads\/2020\/12\/23142717\/header-success-story-fj-trading.jpg\",\"datePublished\":\"2020-12-21T22:08:33+00:00\",\"description\":\"SELLERLOGIC Repricer pre Amazon vyhr\u00e1va Buy Box a zvy\u0161uje va\u0161e predaje. N\u00e1\u0161 z\u00e1kazn\u00edk FJ Trading to m\u00f4\u017ee potvrdi\u0165. Zistite viac teraz!\",\"breadcrumb\":{\"@id\":\"https:\/\/www.sellerlogic.com\/sk\/resources\/success-story-fj-trading\/#breadcrumb\"},\"inLanguage\":\"sk-SK\",\"potentialAction\":[{\"@type\":\"ReadAction\",\"target\":[\"https:\/\/www.sellerlogic.com\/sk\/resources\/success-story-fj-trading\/\"]}]},{\"@type\":\"ImageObject\",\"inLanguage\":\"sk-SK\",\"@id\":\"https:\/\/www.sellerlogic.com\/sk\/resources\/success-story-fj-trading\/#primaryimage\",\"url\":\"https:\/\/d2bw95mh2ee04s.cloudfront.net\/prod\/content\/wp-content\/uploads\/2020\/12\/23142717\/header-success-story-fj-trading.jpg\",\"contentUrl\":\"https:\/\/d2bw95mh2ee04s.cloudfront.net\/prod\/content\/wp-content\/uploads\/2020\/12\/23142717\/header-success-story-fj-trading.jpg\",\"width\":2500,\"height\":1667},{\"@type\":\"BreadcrumbList\",\"@id\":\"https:\/\/www.sellerlogic.com\/sk\/resources\/success-story-fj-trading\/#breadcrumb\",\"itemListElement\":[{\"@type\":\"ListItem\",\"position\":1,\"name\":\"Home\",\"item\":\"https:\/\/www.sellerlogic.com\/sk\/\"},{\"@type\":\"ListItem\",\"position\":2,\"name\":\"Ressources EN\",\"item\":\"https:\/\/www.sellerlogic.com\/sk\/resources\/\"},{\"@type\":\"ListItem\",\"position\":3,\"name\":\"Success Story: FJ Trading EN\"}]},{\"@type\":\"WebSite\",\"@id\":\"https:\/\/www.sellerlogic.com\/sk\/#website\",\"url\":\"https:\/\/www.sellerlogic.com\/sk\/\",\"name\":\"SELLERLOGIC - Smarte Tools f\u00fcr Amazon-Seller\",\"description\":\"Intelligente Prozessoptimierung und Gewinnmaximierung\",\"publisher\":{\"@id\":\"https:\/\/www.sellerlogic.com\/sk\/#organization\"},\"potentialAction\":[{\"@type\":\"SearchAction\",\"target\":{\"@type\":\"EntryPoint\",\"urlTemplate\":\"https:\/\/www.sellerlogic.com\/sk\/?s={search_term_string}\"},\"query-input\":{\"@type\":\"PropertyValueSpecification\",\"valueRequired\":true,\"valueName\":\"search_term_string\"}}],\"inLanguage\":\"sk-SK\"},{\"@type\":\"Organization\",\"@id\":\"https:\/\/www.sellerlogic.com\/sk\/#organization\",\"name\":\"SELLERLOGIC\",\"url\":\"https:\/\/www.sellerlogic.com\/sk\/\",\"logo\":{\"@type\":\"ImageObject\",\"inLanguage\":\"sk-SK\",\"@id\":\"https:\/\/www.sellerlogic.com\/sk\/#\/schema\/logo\/image\/\",\"url\":\"https:\/\/d2bw95mh2ee04s.cloudfront.net\/prod\/content\/wp-content\/uploads\/2025\/01\/02134814\/Property-Logo-Main.svg\",\"contentUrl\":\"https:\/\/d2bw95mh2ee04s.cloudfront.net\/prod\/content\/wp-content\/uploads\/2025\/01\/02134814\/Property-Logo-Main.svg\",\"width\":184,\"height\":40,\"caption\":\"SELLERLOGIC\"},\"image\":{\"@id\":\"https:\/\/www.sellerlogic.com\/sk\/#\/schema\/logo\/image\/\"},\"sameAs\":[\"https:\/\/www.facebook.com\/SellerLogic\/\",\"https:\/\/x.com\/sellerlogic\",\"https:\/\/www.instagram.com\/sellerlogic\/\",\"https:\/\/www.linkedin.com\/company\/18402037\/\",\"https:\/\/www.youtube.com\/channel\/UC-gULUur-fNj08sprantKsQ\"]}]}<\/script>\n<!-- \/ Yoast SEO plugin. -->","yoast_head_json":{"title":"Viac Buy Box, viac obratu \u2013 s SELLERLOGIC Repricer","description":"SELLERLOGIC Repricer pre Amazon vyhr\u00e1va Buy Box a zvy\u0161uje va\u0161e predaje. N\u00e1\u0161 z\u00e1kazn\u00edk FJ Trading to m\u00f4\u017ee potvrdi\u0165. Zistite viac teraz!","robots":{"index":"index","follow":"follow","max-snippet":"max-snippet:-1","max-image-preview":"max-image-preview:large","max-video-preview":"max-video-preview:-1"},"canonical":"https:\/\/www.sellerlogic.com\/sk\/resources\/success-story-fj-trading\/","og_locale":"sk_SK","og_type":"article","og_title":"Viac Buy Box, viac obratu \u2013 s SELLERLOGIC Repricer","og_description":"SELLERLOGIC Repricer pre Amazon vyhr\u00e1va Buy Box a zvy\u0161uje va\u0161e predaje. N\u00e1\u0161 z\u00e1kazn\u00edk FJ Trading to m\u00f4\u017ee potvrdi\u0165. Zistite viac teraz!","og_url":"https:\/\/www.sellerlogic.com\/sk\/resources\/success-story-fj-trading\/","og_site_name":"SELLERLOGIC - Smarte Tools f\u00fcr Amazon-Seller","article_publisher":"https:\/\/www.facebook.com\/SellerLogic\/","og_image":[{"width":2500,"height":1667,"url":"https:\/\/d2bw95mh2ee04s.cloudfront.net\/prod\/content\/wp-content\/uploads\/2020\/12\/23142717\/header-success-story-fj-trading.jpg","type":"image\/jpeg"}],"twitter_card":"summary_large_image","twitter_site":"@sellerlogic","twitter_misc":{"Est. reading time":"3 minutes"},"schema":{"@context":"https:\/\/schema.org","@graph":[{"@type":"WebPage","@id":"https:\/\/www.sellerlogic.com\/sk\/resources\/success-story-fj-trading\/","url":"https:\/\/www.sellerlogic.com\/sk\/resources\/success-story-fj-trading\/","name":"Viac Buy Box, viac obratu \u2013 s SELLERLOGIC Repricer","isPartOf":{"@id":"https:\/\/www.sellerlogic.com\/sk\/#website"},"primaryImageOfPage":{"@id":"https:\/\/www.sellerlogic.com\/sk\/resources\/success-story-fj-trading\/#primaryimage"},"image":{"@id":"https:\/\/www.sellerlogic.com\/sk\/resources\/success-story-fj-trading\/#primaryimage"},"thumbnailUrl":"https:\/\/d2bw95mh2ee04s.cloudfront.net\/prod\/content\/wp-content\/uploads\/2020\/12\/23142717\/header-success-story-fj-trading.jpg","datePublished":"2020-12-21T22:08:33+00:00","description":"SELLERLOGIC Repricer pre Amazon vyhr\u00e1va Buy Box a zvy\u0161uje va\u0161e predaje. N\u00e1\u0161 z\u00e1kazn\u00edk FJ Trading to m\u00f4\u017ee potvrdi\u0165. Zistite viac teraz!","breadcrumb":{"@id":"https:\/\/www.sellerlogic.com\/sk\/resources\/success-story-fj-trading\/#breadcrumb"},"inLanguage":"sk-SK","potentialAction":[{"@type":"ReadAction","target":["https:\/\/www.sellerlogic.com\/sk\/resources\/success-story-fj-trading\/"]}]},{"@type":"ImageObject","inLanguage":"sk-SK","@id":"https:\/\/www.sellerlogic.com\/sk\/resources\/success-story-fj-trading\/#primaryimage","url":"https:\/\/d2bw95mh2ee04s.cloudfront.net\/prod\/content\/wp-content\/uploads\/2020\/12\/23142717\/header-success-story-fj-trading.jpg","contentUrl":"https:\/\/d2bw95mh2ee04s.cloudfront.net\/prod\/content\/wp-content\/uploads\/2020\/12\/23142717\/header-success-story-fj-trading.jpg","width":2500,"height":1667},{"@type":"BreadcrumbList","@id":"https:\/\/www.sellerlogic.com\/sk\/resources\/success-story-fj-trading\/#breadcrumb","itemListElement":[{"@type":"ListItem","position":1,"name":"Home","item":"https:\/\/www.sellerlogic.com\/sk\/"},{"@type":"ListItem","position":2,"name":"Ressources EN","item":"https:\/\/www.sellerlogic.com\/sk\/resources\/"},{"@type":"ListItem","position":3,"name":"Success Story: FJ Trading EN"}]},{"@type":"WebSite","@id":"https:\/\/www.sellerlogic.com\/sk\/#website","url":"https:\/\/www.sellerlogic.com\/sk\/","name":"SELLERLOGIC - Smarte Tools f\u00fcr Amazon-Seller","description":"Intelligente Prozessoptimierung und Gewinnmaximierung","publisher":{"@id":"https:\/\/www.sellerlogic.com\/sk\/#organization"},"potentialAction":[{"@type":"SearchAction","target":{"@type":"EntryPoint","urlTemplate":"https:\/\/www.sellerlogic.com\/sk\/?s={search_term_string}"},"query-input":{"@type":"PropertyValueSpecification","valueRequired":true,"valueName":"search_term_string"}}],"inLanguage":"sk-SK"},{"@type":"Organization","@id":"https:\/\/www.sellerlogic.com\/sk\/#organization","name":"SELLERLOGIC","url":"https:\/\/www.sellerlogic.com\/sk\/","logo":{"@type":"ImageObject","inLanguage":"sk-SK","@id":"https:\/\/www.sellerlogic.com\/sk\/#\/schema\/logo\/image\/","url":"https:\/\/d2bw95mh2ee04s.cloudfront.net\/prod\/content\/wp-content\/uploads\/2025\/01\/02134814\/Property-Logo-Main.svg","contentUrl":"https:\/\/d2bw95mh2ee04s.cloudfront.net\/prod\/content\/wp-content\/uploads\/2025\/01\/02134814\/Property-Logo-Main.svg","width":184,"height":40,"caption":"SELLERLOGIC"},"image":{"@id":"https:\/\/www.sellerlogic.com\/sk\/#\/schema\/logo\/image\/"},"sameAs":["https:\/\/www.facebook.com\/SellerLogic\/","https:\/\/x.com\/sellerlogic","https:\/\/www.instagram.com\/sellerlogic\/","https:\/\/www.linkedin.com\/company\/18402037\/","https:\/\/www.youtube.com\/channel\/UC-gULUur-fNj08sprantKsQ"]}]}},"_links":{"self":[{"href":"https:\/\/www.sellerlogic.com\/sk\/wp-json\/wp\/v2\/pages\/228306","targetHints":{"allow":["GET"]}}],"collection":[{"href":"https:\/\/www.sellerlogic.com\/sk\/wp-json\/wp\/v2\/pages"}],"about":[{"href":"https:\/\/www.sellerlogic.com\/sk\/wp-json\/wp\/v2\/types\/page"}],"author":[{"embeddable":true,"href":"https:\/\/www.sellerlogic.com\/sk\/wp-json\/wp\/v2\/users\/8"}],"replies":[{"embeddable":true,"href":"https:\/\/www.sellerlogic.com\/sk\/wp-json\/wp\/v2\/comments?post=228306"}],"version-history":[{"count":0,"href":"https:\/\/www.sellerlogic.com\/sk\/wp-json\/wp\/v2\/pages\/228306\/revisions"}],"up":[{"embeddable":true,"href":"https:\/\/www.sellerlogic.com\/sk\/wp-json\/wp\/v2\/pages\/228213"}],"wp:featuredmedia":[{"embeddable":true,"href":"https:\/\/www.sellerlogic.com\/sk\/wp-json\/wp\/v2\/media\/5113"}],"wp:attachment":[{"href":"https:\/\/www.sellerlogic.com\/sk\/wp-json\/wp\/v2\/media?parent=228306"}],"curies":[{"name":"wp","href":"https:\/\/api.w.org\/{rel}","templated":true}]}}