
{"id":228309,"date":"2021-01-07T08:42:11","date_gmt":"2021-01-07T08:42:11","guid":{"rendered":"https:\/\/127.0.0.1\/resources\/wb-en-202002\/"},"modified":"2021-01-07T08:42:11","modified_gmt":"2021-01-07T08:42:11","slug":"wb-en-202002","status":"publish","type":"page","link":"https:\/\/www.sellerlogic.com\/sk\/resources\/wb-en-202002\/","title":{"rendered":"Workbook: In 13 Schritten in die Buy Box EN"},"content":{"rendered":"\n\t<div  class=\"theme-wp-block theme-block-main-header is-style-default desktop-content-align-y-center desktop-content-align-x-center xl-content-align-y-center xl-content-align-x-center lg-content-align-y-center lg-content-align-x-center md-content-align-y-center md-content-align-x-center sm-content-align-y-center sm-content-align-x-center gb-responsive-870765-identifier desktop-gb-has-no-icon xl-gb-has-no-icon lg-gb-has-no-icon md-gb-has-no-icon sm-gb-has-no-icon desktop-align-full xl-align-full lg-align-full md-align-full sm-align-full theme-block-cover\">\n\t\t<div class=\"bg-cover theme-lazy-load-bg\"><\/div>\n\t\t<div class=\"wrap-content-main-header\">\n\t\t\t\t\t<div  class=\"theme-wp-block theme-block-text-and-text desktop-blockDirection-row xl-blockDirection-row lg-blockDirection-row md-blockDirection-row sm-blockDirection-row gb-responsive-668047-identifier\">\n\t\t<div class=\"tat-column-wrap-wrapper\">\n\t\t\t<div class=\"tat-column-wrapper\">\n\t\t\t\t\t<div  class=\"theme-wp-block theme-block-text-and-text-column gb-responsive-12402-identifier desktop-horizontal-center xl-horizontal-center lg-horizontal-center md-horizontal-center sm-horizontal-center\">\n\t\t<div class=\"inner-wrap-column-content\">\n\t\t\t<div class=\"inner-column-content\">\n\t\t\t\t\t\t<h1  class=\"theme-wp-block theme-block-heading desktop-text-center xl-text-center lg-text-center md-text-center sm-text-center is-style-default gb-responsive-934842-identifier desktop-align-center xl-align-center lg-align-center md-align-center sm-align-center aligncenter h1 has-text-align\">\n\t\tDo Buy Box v 13 krokoch\t<\/h1>\n\n\t\t<h2  class=\"theme-wp-block theme-block-heading desktop-text-center xl-text-center lg-text-center md-text-center sm-text-center is-style-default gb-responsive-854417-identifier desktop-align-center xl-align-center lg-align-center md-align-center sm-align-center aligncenter h2 has-text-align\">\n\t\tAko optimalizova\u0165 svoje metriky!\t<\/h2>\n\n\t\t\t<\/div>\n\t\t<\/div>\n\t<\/div>\n\t<div  class=\"theme-wp-block theme-block-text-and-text-column gb-responsive-288701-identifier\">\n\t\t<div class=\"inner-wrap-column-content\">\n\t\t\t<div class=\"inner-column-content\">\n\t\t\t\t\t\t\t<\/div>\n\t\t<\/div>\n\t<\/div>\n\t\t\t<\/div>\n\t\t<\/div>\n\t<\/div>\n\n\t\t<\/div>\n\t<\/div>\n\n<div style=\"height:50px\" aria-hidden=\"true\" class=\"theme-wp-block wp-block-spacer\"><\/div><div class=\"theme-wp-block wp-block-columns gb-responsive-25107-identifier is-layout-flex wp-container-core-columns-is-layout-9d6595d7 wp-block-columns-is-layout-flex\"><div class=\"theme-wp-block wp-block-column gb-responsive-617598-identifier is-layout-flow wp-block-column-is-layout-flow\"><h2 class=\"theme-wp-block gb-responsive-348831-identifier wp-block-heading\" id=\"13-steps-one-buy-box\">13 krokov \u2013 jeden Buy Box!<\/h2><div class=\"theme-wp-block wp-block-image gb-responsive-796372-identifier\"><figure class=\"alignright size-large is-resized\"><img decoding=\"async\" src=\"https:\/\/d2bw95mh2ee04s.cloudfront.net\/prod\/content\/wp-content\/uploads\/2021\/01\/23142706\/wb-13-steps-cover-en.png\" alt=\"Workbook: In 13 Schritten in die Buy Box EN\" class=\"wp-image-6261\" width=\"385\" srcset=\"https:\/\/d2bw95mh2ee04s.cloudfront.net\/prod\/content\/wp-content\/uploads\/2021\/01\/23142706\/wb-13-steps-cover-en-407x443.png 407w, https:\/\/d2bw95mh2ee04s.cloudfront.net\/prod\/content\/wp-content\/uploads\/2021\/01\/23142706\/wb-13-steps-cover-en.png 738w\" sizes=\"(max-width: 738px) 100vw, 738px\" \/><\/figure><\/div><p class=\"theme-wp-block is-style-default gb-responsive-367803-identifier\">Viete v\u0161etky d\u00f4le\u017eit\u00e9 krit\u00e9ri\u00e1 na z\u00edskanie Buy Box? Nez\u00e1le\u017e\u00ed len na \u010dase dodania a cene, ale aj na in\u00fdch metrik\u00e1ch, ako je z\u00e1kazn\u00edcky servis, na ktor\u00e9 by ste mali v\u017edy pam\u00e4ta\u0165!<\/p><p class=\"theme-wp-block is-style-default gb-responsive-832605-identifier\">Vec je tak\u00e1, \u017ee len ak s\u00fa va\u0161e produkty v Buy Box, budete ma\u0165 \u0161ancu dosiahnu\u0165 dostato\u010dn\u00e9 predaje. Napokon, 90 z 100 z\u00e1kazn\u00edkov zad\u00e1va svoje objedn\u00e1vky cez oran\u017eov\u00e9 pole n\u00e1kupn\u00e9ho ko\u0161\u00edka.<\/p><p class=\"theme-wp-block is-style-default gb-responsive-299470-identifier\"><strong><strong>Stiahnite si na\u0161e bezplatn\u00e9 pracovn\u00e9 zo\u0161it teraz a nau\u010dte sa, ak\u00e9 krit\u00e9ri\u00e1 mus\u00edte splni\u0165 a ako \u00faspe\u0161ne ovl\u00e1da\u0165 svoje metriky \u2013 od minim\u00e1lnych po\u017eiadaviek po ide\u00e1lnu hodnotu a\u017e po spr\u00e1vny v\u00fdpo\u010det!<\/strong><\/strong><\/p><div class=\"theme-wp-block wp-block-columns gb-responsive-865137-identifier is-layout-flex wp-container-core-columns-is-layout-9d6595d7 wp-block-columns-is-layout-flex\"><div class=\"theme-wp-block wp-block-column gb-responsive-773470-identifier is-layout-flow wp-block-column-is-layout-flow\"><div id=\"wb-form\" class=\"theme-wp-block wb-form\"><p>\n\t\tPros\u00edm, zadajte nasleduj\u00face inform\u00e1cie na po\u017eiadanie o pracovn\u00fd zo\u0161it. Ten v\u00e1m bude n\u00e1sledne zaslan\u00fd.<br><\/p><form id=\"leadform\" action=\"#\" method=\"post\"><label>Krstn\u00e9 a priezvisko<sup style=\"color: rgb(255, 0, 0);\">*<\/sup><\/label><br> <input type=\"text\" placeholder=\"Krstn\u00e9 a priezvisko\" name=\"first-name\" id=\"first-name\" required=\"required\" style=\"padding: 10px; font-size: 18px; width: 100%; margin-bottom: 15px; color: rgb(88, 88, 88);\"><br> <label>Emailov\u00e1 adresa<sup style=\"color: rgb(255, 0, 0);\">*<\/sup><\/label><br> <input type=\"email\" required=\"required\" placeholder=\"Emailov\u00e1 adresa\" name=\"email\" id=\"email\" style=\"padding: 10px; font-size: 18px; width: 100%; margin-bottom: 15px; color: rgb(88, 88, 88);\"><br> <label>Telef\u00f3n<sup style=\"color: rgb(255, 0, 0);\">*<\/sup> <span style=\"font-size: 12px;\">(Pros\u00edm, uve\u010fte k\u00f3d krajiny)<\/span><\/label><br> <input type=\"number\" required=\"required\" placeholder=\"Telef\u00f3n\" name=\"telephone\" id=\"telephone\" style=\"padding: 10px; font-size: 18px; width: 100%; margin-bottom: 15px; color: rgb(88, 88, 88);\"><br> <label>URL obchodu Amazon<sup style=\"color: rgb(255, 0, 0);\">*<\/sup><\/label><br> <input type=\"text\" required=\"required\" placeholder=\"Webov\u00e1 str\u00e1nka\" name=\"website\" id=\"website\" style=\"padding: 10px; font-size: 18px; width: 100%; margin-bottom: 15px; color: rgb(88, 88, 88);\"><br><label>Po\u010det SKU<\/label><br> <input type=\"text\" placeholder=\"Po\u010det SKU\" name=\"sku_count\" id=\"sku_count\" style=\"padding: 10px; font-size: 18px; width: 100%; margin-bottom: 15px; color: rgb(88, 88, 88);\"><br><input type=\"submit\" value=\"Objednajte si pracovn\u00fd zo\u0161it teraz!\" id=\"submitnow\" style=\"padding: 10px; font-size: 18px; width: 100%; margin-bottom: 15px; color: rgb(255, 255, 255); background-color: rgb(255, 170, 1); cursor: pointer;\"> <p style=\"margin-bottom: 10px; font-size: 12px;\">Spracovanie \u00fadajov prebieha pod\u013ea na\u0161ich <a href=\"https:\/\/www.sellerlogic.com\/en\/privacy-policy\/\" target=\"_blank\" rel=\"noopener\">z\u00e1sad ochrany osobn\u00fdch \u00fadajov<\/a>.<\/p><\/form><\/div><\/div><\/div><\/div><div class=\"theme-wp-block wp-block-column gb-responsive-603254-identifier is-layout-flow wp-block-column-is-layout-flow\" style=\"flex-basis:25%\"><\/div><\/div><h3 class=\"theme-wp-block has-text-align-center gb-responsive-132502-identifier is-style-default desktop-text-center xl-text-center lg-text-center md-text-center sm-text-center wp-block-heading\" id=\"further-content-for-you\">\u010eal\u0161\u00ed obsah pre v\u00e1s<\/h3>\t\t<div  class=\"theme-wp-block theme-block-card-posts gb-responsive-809039-identifier layout-recommended-resources layout-size-normal\">\n\t\t<div class=\"wrap-inner-blocks\">\n\t\t\t<div class=\"post-card \">\n\t\t\t<a class=\"post-link\" href=\"https:\/\/www.sellerlogic.com\/sk\/resources\/success-story-sport-hesse\/\" >SELLERLOGIC pom\u00e1ha s odborn\u00fdmi znalos\u0165ami a Sport-Hesse je odmenen\u00fd vysok\u00fdm preplaten\u00edm od Amazonu<\/a>\n\t\t<div class=\"bg-image has-image\">\n\t\t<img decoding=\"async\" width=\"434\" height=\"289\" src=\"https:\/\/d2bw95mh2ee04s.cloudfront.net\/prod\/content\/wp-content\/uploads\/2020\/12\/23142722\/sport-hesse-header-neu-post-card-tall.jpeg\" class=\"attachment-0x289 size-0x289 wp-post-image\" alt=\"Sport-Hesse: Header\" srcset=\"https:\/\/d2bw95mh2ee04s.cloudfront.net\/prod\/content\/wp-content\/uploads\/2020\/12\/23142722\/sport-hesse-header-neu-104x69.jpeg 104w, https:\/\/d2bw95mh2ee04s.cloudfront.net\/prod\/content\/wp-content\/uploads\/2020\/12\/23142722\/sport-hesse-header-neu-208x139.jpeg 208w, https:\/\/d2bw95mh2ee04s.cloudfront.net\/prod\/content\/wp-content\/uploads\/2020\/12\/23142722\/sport-hesse-header-neu-medium.jpeg 407w, https:\/\/d2bw95mh2ee04s.cloudfront.net\/prod\/content\/wp-content\/uploads\/2020\/12\/23142722\/sport-hesse-header-neu-medium-large.jpeg 768w, https:\/\/d2bw95mh2ee04s.cloudfront.net\/prod\/content\/wp-content\/uploads\/2020\/12\/23142722\/sport-hesse-header-neu-large.jpeg 844w, https:\/\/d2bw95mh2ee04s.cloudfront.net\/prod\/content\/wp-content\/uploads\/2020\/12\/23142722\/sport-hesse-header-neu-1200x800.jpeg 1200w, https:\/\/d2bw95mh2ee04s.cloudfront.net\/prod\/content\/wp-content\/uploads\/2020\/12\/23142722\/sport-hesse-header-neu-huge.jpeg 1536w, https:\/\/d2bw95mh2ee04s.cloudfront.net\/prod\/content\/wp-content\/uploads\/2020\/12\/23142722\/sport-hesse-header-neu-2048x1366.jpeg 2048w\" sizes=\"(max-width: 434px) 100vw, 434px\" \/>\t<\/div>\n\t<div class=\"inside-wrap-card\">\n\t\t<div class=\"inside-wrap-card-content\">\n\t\t\t<div class=\"wrap-content\">\n\t\t\t\t<div class=\"card-subtitle\">\n\t\t\t\t\tSuccess Story\t\t\t\t<\/div>\n\t\t\t\t<div class=\"title\">\n\t\t\t\t\t<a href=\"https:\/\/www.sellerlogic.com\/sk\/resources\/success-story-sport-hesse\/\" >SELLERLOGIC pom\u00e1ha s odborn\u00fdmi znalos\u0165ami a Sport-Hesse je odmenen\u00fd vysok\u00fdm preplaten\u00edm od Amazonu<\/a>\n\t\t\t\t<\/div>\n\n\t\t\t\t\t\t\t<\/div>\n\t\t<\/div>\n\t<\/div>\n<\/div><div class=\"post-card \">\n\t\t\t<a class=\"post-link\" href=\"https:\/\/www.sellerlogic.com\/sk\/resources\/wb-en-202001\/\" >6 tipov pre predajcov FBA: Ako \u00faspe\u0161ne pred\u00e1va\u0165 na Amazone!<\/a>\n\t\t<div class=\"bg-image has-image\">\n\t\t<img decoding=\"async\" width=\"677\" height=\"289\" src=\"https:\/\/d2bw95mh2ee04s.cloudfront.net\/prod\/content\/wp-content\/uploads\/2020\/12\/23142721\/tipps-fba-seller-header-post-card-tall.jpeg\" class=\"attachment-0x289 size-0x289\" alt=\"6 Tipps f\u00fcr FBA Seller\" srcset=\"https:\/\/d2bw95mh2ee04s.cloudfront.net\/prod\/content\/wp-content\/uploads\/2020\/12\/23142721\/tipps-fba-seller-header-medium.jpeg 407w, https:\/\/d2bw95mh2ee04s.cloudfront.net\/prod\/content\/wp-content\/uploads\/2020\/12\/23142721\/tipps-fba-seller-header-medium-large.jpeg 768w, https:\/\/d2bw95mh2ee04s.cloudfront.net\/prod\/content\/wp-content\/uploads\/2020\/12\/23142721\/tipps-fba-seller-header-large.jpeg 844w, https:\/\/d2bw95mh2ee04s.cloudfront.net\/prod\/content\/wp-content\/uploads\/2020\/12\/23142721\/tipps-fba-seller-header-huge.jpeg 1536w, https:\/\/d2bw95mh2ee04s.cloudfront.net\/prod\/content\/wp-content\/uploads\/2020\/12\/23142721\/tipps-fba-seller-header-2048x874.jpeg 2048w\" sizes=\"(max-width: 677px) 100vw, 677px\" \/>\t<\/div>\n\t<div class=\"inside-wrap-card\">\n\t\t<div class=\"inside-wrap-card-content\">\n\t\t\t<div class=\"wrap-content\">\n\t\t\t\t<div class=\"card-subtitle\">\n\t\t\t\t\tWorkbook\t\t\t\t<\/div>\n\t\t\t\t<div class=\"title\">\n\t\t\t\t\t<a href=\"https:\/\/www.sellerlogic.com\/sk\/resources\/wb-en-202001\/\" >6 tipov pre predajcov FBA: Ako \u00faspe\u0161ne pred\u00e1va\u0165 na Amazone!<\/a>\n\t\t\t\t<\/div>\n\n\t\t\t\t\t\t\t<\/div>\n\t\t<\/div>\n\t<\/div>\n<\/div><div class=\"post-card \">\n\t\t\t<a class=\"post-link\" href=\"https:\/\/www.sellerlogic.com\/sk\/resources\/success-story-univers-cake\/\" >\u201ePlat\u00edme za Repricer na\u0161imi Lost &#038; Found preplatkami!\u201c<\/a>\n\t\t<div class=\"bg-image has-image\">\n\t\t<img decoding=\"async\" width=\"669\" height=\"289\" src=\"https:\/\/d2bw95mh2ee04s.cloudfront.net\/prod\/content\/wp-content\/uploads\/2020\/12\/23142710\/success-story-univers-cake-header-post-card-tall.jpeg\" class=\"attachment-0x289 size-0x289 wp-post-image\" alt=\"Success Story: Univers Cake\" srcset=\"https:\/\/d2bw95mh2ee04s.cloudfront.net\/prod\/content\/wp-content\/uploads\/2020\/12\/23142710\/success-story-univers-cake-header-104x45.jpeg 104w, https:\/\/d2bw95mh2ee04s.cloudfront.net\/prod\/content\/wp-content\/uploads\/2020\/12\/23142710\/success-story-univers-cake-header-208x90.jpeg 208w, https:\/\/d2bw95mh2ee04s.cloudfront.net\/prod\/content\/wp-content\/uploads\/2020\/12\/23142710\/success-story-univers-cake-header-medium.jpeg 407w, https:\/\/d2bw95mh2ee04s.cloudfront.net\/prod\/content\/wp-content\/uploads\/2020\/12\/23142710\/success-story-univers-cake-header-medium-large.jpeg 768w, https:\/\/d2bw95mh2ee04s.cloudfront.net\/prod\/content\/wp-content\/uploads\/2020\/12\/23142710\/success-story-univers-cake-header-large.jpeg 844w, https:\/\/d2bw95mh2ee04s.cloudfront.net\/prod\/content\/wp-content\/uploads\/2020\/12\/23142710\/success-story-univers-cake-header-1200x519.jpeg 1200w, https:\/\/d2bw95mh2ee04s.cloudfront.net\/prod\/content\/wp-content\/uploads\/2020\/12\/23142710\/success-story-univers-cake-header-huge.jpeg 1536w, https:\/\/d2bw95mh2ee04s.cloudfront.net\/prod\/content\/wp-content\/uploads\/2020\/12\/23142710\/success-story-univers-cake-header-2048x885.jpeg 2048w\" sizes=\"(max-width: 669px) 100vw, 669px\" \/>\t<\/div>\n\t<div class=\"inside-wrap-card\">\n\t\t<div class=\"inside-wrap-card-content\">\n\t\t\t<div class=\"wrap-content\">\n\t\t\t\t<div class=\"card-subtitle\">\n\t\t\t\t\tSuccess Story\t\t\t\t<\/div>\n\t\t\t\t<div class=\"title\">\n\t\t\t\t\t<a href=\"https:\/\/www.sellerlogic.com\/sk\/resources\/success-story-univers-cake\/\" >\u201ePlat\u00edme za Repricer na\u0161imi Lost &#038; Found preplatkami!\u201c<\/a>\n\t\t\t\t<\/div>\n\n\t\t\t\t\t\t\t<\/div>\n\t\t<\/div>\n\t<\/div>\n<\/div>\t\t<\/div>\n\t<\/div>\n","protected":false},"excerpt":{"rendered":"<p>13 krokov \u2013 jeden Buy Box! Viete v\u0161etky d\u00f4le\u017eit\u00e9 krit\u00e9ri\u00e1 na z\u00edskanie Buy Box? Nez\u00e1le\u017e\u00ed len na \u010dase dodania a cene, ale aj na in\u00fdch metrik\u00e1ch, ako je z\u00e1kazn\u00edcky servis, na ktor\u00e9 by ste mali v\u017edy pam\u00e4ta\u0165! Vec je tak\u00e1, \u017ee len ak s\u00fa va\u0161e produkty v Buy Box, budete ma\u0165 \u0161ancu dosiahnu\u0165 dostato\u010dn\u00e9 predaje.<\/p>\n","protected":false},"author":8,"featured_media":5133,"parent":228213,"menu_order":0,"comment_status":"closed","ping_status":"closed","template":"","meta":{"sidebar_recommended_resources":{"data":[]},"sidebar_header_settings":{"hide_buttons":{"register":false}},"_use_new_theme":false,"inline_featured_image":false,"footnotes":""},"class_list":["post-228309","page","type-page","status-publish","has-post-thumbnail","hentry"],"yoast_head":"<!-- This site is optimized with the Yoast SEO plugin v26.8 - https:\/\/yoast.com\/product\/yoast-seo-wordpress\/ -->\n<title>Bezplatn\u00fd pracovn\u00fd zo\u0161it: V 13 krokoch do Buy Box - vr\u00e1tane v\u00fdpo\u010dtov!<\/title>\n<meta name=\"description\" content=\"Ak\u00e9 krit\u00e9ri\u00e1 pou\u017e\u00edva algoritmus Amazonu a ak\u00e9 metriky musia obchodn\u00edci splni\u0165, aby vyhrali Buy Box na Amazone? Stiahnite si teraz!\" \/>\n<meta name=\"robots\" content=\"index, follow, max-snippet:-1, max-image-preview:large, max-video-preview:-1\" \/>\n<link rel=\"canonical\" href=\"https:\/\/www.sellerlogic.com\/sk\/resources\/wb-en-202002\/\" \/>\n<meta property=\"og:locale\" content=\"sk_SK\" \/>\n<meta property=\"og:type\" content=\"article\" \/>\n<meta property=\"og:title\" content=\"Bezplatn\u00fd pracovn\u00fd zo\u0161it: V 13 krokoch do Buy Box - vr\u00e1tane v\u00fdpo\u010dtov!\" \/>\n<meta property=\"og:description\" content=\"Ak\u00e9 krit\u00e9ri\u00e1 pou\u017e\u00edva algoritmus Amazonu a ak\u00e9 metriky musia obchodn\u00edci splni\u0165, aby vyhrali Buy Box na Amazone? Stiahnite si teraz!\" \/>\n<meta property=\"og:url\" content=\"https:\/\/www.sellerlogic.com\/sk\/resources\/wb-en-202002\/\" \/>\n<meta property=\"og:site_name\" content=\"SELLERLOGIC - Smarte Tools f\u00fcr Amazon-Seller\" \/>\n<meta property=\"article:publisher\" content=\"https:\/\/www.facebook.com\/SellerLogic\/\" \/>\n<meta property=\"og:image\" content=\"https:\/\/d2bw95mh2ee04s.cloudfront.net\/prod\/content\/wp-content\/uploads\/2020\/12\/23142715\/workbook_metriken_optimieren.jpeg\" \/>\n\t<meta property=\"og:image:width\" content=\"2500\" \/>\n\t<meta property=\"og:image:height\" content=\"1017\" \/>\n\t<meta property=\"og:image:type\" content=\"image\/jpeg\" \/>\n<meta name=\"twitter:card\" content=\"summary_large_image\" \/>\n<meta name=\"twitter:site\" content=\"@sellerlogic\" \/>\n<meta name=\"twitter:label1\" content=\"Est. reading time\" \/>\n\t<meta name=\"twitter:data1\" content=\"2 minutes\" \/>\n<script type=\"application\/ld+json\" class=\"yoast-schema-graph\">{\"@context\":\"https:\/\/schema.org\",\"@graph\":[{\"@type\":\"WebPage\",\"@id\":\"https:\/\/www.sellerlogic.com\/sk\/resources\/wb-en-202002\/\",\"url\":\"https:\/\/www.sellerlogic.com\/sk\/resources\/wb-en-202002\/\",\"name\":\"Bezplatn\u00fd pracovn\u00fd zo\u0161it: V 13 krokoch do Buy Box - vr\u00e1tane v\u00fdpo\u010dtov!\",\"isPartOf\":{\"@id\":\"https:\/\/www.sellerlogic.com\/sk\/#website\"},\"primaryImageOfPage\":{\"@id\":\"https:\/\/www.sellerlogic.com\/sk\/resources\/wb-en-202002\/#primaryimage\"},\"image\":{\"@id\":\"https:\/\/www.sellerlogic.com\/sk\/resources\/wb-en-202002\/#primaryimage\"},\"thumbnailUrl\":\"https:\/\/d2bw95mh2ee04s.cloudfront.net\/prod\/content\/wp-content\/uploads\/2020\/12\/23142715\/workbook_metriken_optimieren.jpeg\",\"datePublished\":\"2021-01-07T08:42:11+00:00\",\"description\":\"Ak\u00e9 krit\u00e9ri\u00e1 pou\u017e\u00edva algoritmus Amazonu a ak\u00e9 metriky musia obchodn\u00edci splni\u0165, aby vyhrali Buy Box na Amazone? Stiahnite si teraz!\",\"breadcrumb\":{\"@id\":\"https:\/\/www.sellerlogic.com\/sk\/resources\/wb-en-202002\/#breadcrumb\"},\"inLanguage\":\"sk-SK\",\"potentialAction\":[{\"@type\":\"ReadAction\",\"target\":[\"https:\/\/www.sellerlogic.com\/sk\/resources\/wb-en-202002\/\"]}]},{\"@type\":\"ImageObject\",\"inLanguage\":\"sk-SK\",\"@id\":\"https:\/\/www.sellerlogic.com\/sk\/resources\/wb-en-202002\/#primaryimage\",\"url\":\"https:\/\/d2bw95mh2ee04s.cloudfront.net\/prod\/content\/wp-content\/uploads\/2020\/12\/23142715\/workbook_metriken_optimieren.jpeg\",\"contentUrl\":\"https:\/\/d2bw95mh2ee04s.cloudfront.net\/prod\/content\/wp-content\/uploads\/2020\/12\/23142715\/workbook_metriken_optimieren.jpeg\",\"width\":2500,\"height\":1017,\"caption\":\"Group of business people joining together silver and golden colored gears on table at workplace top view\"},{\"@type\":\"BreadcrumbList\",\"@id\":\"https:\/\/www.sellerlogic.com\/sk\/resources\/wb-en-202002\/#breadcrumb\",\"itemListElement\":[{\"@type\":\"ListItem\",\"position\":1,\"name\":\"Home\",\"item\":\"https:\/\/www.sellerlogic.com\/sk\/\"},{\"@type\":\"ListItem\",\"position\":2,\"name\":\"Ressources EN\",\"item\":\"https:\/\/www.sellerlogic.com\/sk\/resources\/\"},{\"@type\":\"ListItem\",\"position\":3,\"name\":\"Workbook: In 13 Schritten in die Buy Box EN\"}]},{\"@type\":\"WebSite\",\"@id\":\"https:\/\/www.sellerlogic.com\/sk\/#website\",\"url\":\"https:\/\/www.sellerlogic.com\/sk\/\",\"name\":\"SELLERLOGIC - Smarte Tools f\u00fcr Amazon-Seller\",\"description\":\"Intelligente Prozessoptimierung und Gewinnmaximierung\",\"publisher\":{\"@id\":\"https:\/\/www.sellerlogic.com\/sk\/#organization\"},\"potentialAction\":[{\"@type\":\"SearchAction\",\"target\":{\"@type\":\"EntryPoint\",\"urlTemplate\":\"https:\/\/www.sellerlogic.com\/sk\/?s={search_term_string}\"},\"query-input\":{\"@type\":\"PropertyValueSpecification\",\"valueRequired\":true,\"valueName\":\"search_term_string\"}}],\"inLanguage\":\"sk-SK\"},{\"@type\":\"Organization\",\"@id\":\"https:\/\/www.sellerlogic.com\/sk\/#organization\",\"name\":\"SELLERLOGIC\",\"url\":\"https:\/\/www.sellerlogic.com\/sk\/\",\"logo\":{\"@type\":\"ImageObject\",\"inLanguage\":\"sk-SK\",\"@id\":\"https:\/\/www.sellerlogic.com\/sk\/#\/schema\/logo\/image\/\",\"url\":\"https:\/\/d2bw95mh2ee04s.cloudfront.net\/prod\/content\/wp-content\/uploads\/2025\/01\/02134814\/Property-Logo-Main.svg\",\"contentUrl\":\"https:\/\/d2bw95mh2ee04s.cloudfront.net\/prod\/content\/wp-content\/uploads\/2025\/01\/02134814\/Property-Logo-Main.svg\",\"width\":184,\"height\":40,\"caption\":\"SELLERLOGIC\"},\"image\":{\"@id\":\"https:\/\/www.sellerlogic.com\/sk\/#\/schema\/logo\/image\/\"},\"sameAs\":[\"https:\/\/www.facebook.com\/SellerLogic\/\",\"https:\/\/x.com\/sellerlogic\",\"https:\/\/www.instagram.com\/sellerlogic\/\",\"https:\/\/www.linkedin.com\/company\/18402037\/\",\"https:\/\/www.youtube.com\/channel\/UC-gULUur-fNj08sprantKsQ\"]}]}<\/script>\n<!-- \/ Yoast SEO plugin. -->","yoast_head_json":{"title":"Bezplatn\u00fd pracovn\u00fd zo\u0161it: V 13 krokoch do Buy Box - vr\u00e1tane v\u00fdpo\u010dtov!","description":"Ak\u00e9 krit\u00e9ri\u00e1 pou\u017e\u00edva algoritmus Amazonu a ak\u00e9 metriky musia obchodn\u00edci splni\u0165, aby vyhrali Buy Box na Amazone? Stiahnite si teraz!","robots":{"index":"index","follow":"follow","max-snippet":"max-snippet:-1","max-image-preview":"max-image-preview:large","max-video-preview":"max-video-preview:-1"},"canonical":"https:\/\/www.sellerlogic.com\/sk\/resources\/wb-en-202002\/","og_locale":"sk_SK","og_type":"article","og_title":"Bezplatn\u00fd pracovn\u00fd zo\u0161it: V 13 krokoch do Buy Box - vr\u00e1tane v\u00fdpo\u010dtov!","og_description":"Ak\u00e9 krit\u00e9ri\u00e1 pou\u017e\u00edva algoritmus Amazonu a ak\u00e9 metriky musia obchodn\u00edci splni\u0165, aby vyhrali Buy Box na Amazone? Stiahnite si teraz!","og_url":"https:\/\/www.sellerlogic.com\/sk\/resources\/wb-en-202002\/","og_site_name":"SELLERLOGIC - Smarte Tools f\u00fcr Amazon-Seller","article_publisher":"https:\/\/www.facebook.com\/SellerLogic\/","og_image":[{"width":2500,"height":1017,"url":"https:\/\/d2bw95mh2ee04s.cloudfront.net\/prod\/content\/wp-content\/uploads\/2020\/12\/23142715\/workbook_metriken_optimieren.jpeg","type":"image\/jpeg"}],"twitter_card":"summary_large_image","twitter_site":"@sellerlogic","twitter_misc":{"Est. reading time":"2 minutes"},"schema":{"@context":"https:\/\/schema.org","@graph":[{"@type":"WebPage","@id":"https:\/\/www.sellerlogic.com\/sk\/resources\/wb-en-202002\/","url":"https:\/\/www.sellerlogic.com\/sk\/resources\/wb-en-202002\/","name":"Bezplatn\u00fd pracovn\u00fd zo\u0161it: V 13 krokoch do Buy Box - vr\u00e1tane v\u00fdpo\u010dtov!","isPartOf":{"@id":"https:\/\/www.sellerlogic.com\/sk\/#website"},"primaryImageOfPage":{"@id":"https:\/\/www.sellerlogic.com\/sk\/resources\/wb-en-202002\/#primaryimage"},"image":{"@id":"https:\/\/www.sellerlogic.com\/sk\/resources\/wb-en-202002\/#primaryimage"},"thumbnailUrl":"https:\/\/d2bw95mh2ee04s.cloudfront.net\/prod\/content\/wp-content\/uploads\/2020\/12\/23142715\/workbook_metriken_optimieren.jpeg","datePublished":"2021-01-07T08:42:11+00:00","description":"Ak\u00e9 krit\u00e9ri\u00e1 pou\u017e\u00edva algoritmus Amazonu a ak\u00e9 metriky musia obchodn\u00edci splni\u0165, aby vyhrali Buy Box na Amazone? Stiahnite si teraz!","breadcrumb":{"@id":"https:\/\/www.sellerlogic.com\/sk\/resources\/wb-en-202002\/#breadcrumb"},"inLanguage":"sk-SK","potentialAction":[{"@type":"ReadAction","target":["https:\/\/www.sellerlogic.com\/sk\/resources\/wb-en-202002\/"]}]},{"@type":"ImageObject","inLanguage":"sk-SK","@id":"https:\/\/www.sellerlogic.com\/sk\/resources\/wb-en-202002\/#primaryimage","url":"https:\/\/d2bw95mh2ee04s.cloudfront.net\/prod\/content\/wp-content\/uploads\/2020\/12\/23142715\/workbook_metriken_optimieren.jpeg","contentUrl":"https:\/\/d2bw95mh2ee04s.cloudfront.net\/prod\/content\/wp-content\/uploads\/2020\/12\/23142715\/workbook_metriken_optimieren.jpeg","width":2500,"height":1017,"caption":"Group of business people joining together silver and golden colored gears on table at workplace top view"},{"@type":"BreadcrumbList","@id":"https:\/\/www.sellerlogic.com\/sk\/resources\/wb-en-202002\/#breadcrumb","itemListElement":[{"@type":"ListItem","position":1,"name":"Home","item":"https:\/\/www.sellerlogic.com\/sk\/"},{"@type":"ListItem","position":2,"name":"Ressources EN","item":"https:\/\/www.sellerlogic.com\/sk\/resources\/"},{"@type":"ListItem","position":3,"name":"Workbook: In 13 Schritten in die Buy Box EN"}]},{"@type":"WebSite","@id":"https:\/\/www.sellerlogic.com\/sk\/#website","url":"https:\/\/www.sellerlogic.com\/sk\/","name":"SELLERLOGIC - Smarte Tools f\u00fcr Amazon-Seller","description":"Intelligente Prozessoptimierung und Gewinnmaximierung","publisher":{"@id":"https:\/\/www.sellerlogic.com\/sk\/#organization"},"potentialAction":[{"@type":"SearchAction","target":{"@type":"EntryPoint","urlTemplate":"https:\/\/www.sellerlogic.com\/sk\/?s={search_term_string}"},"query-input":{"@type":"PropertyValueSpecification","valueRequired":true,"valueName":"search_term_string"}}],"inLanguage":"sk-SK"},{"@type":"Organization","@id":"https:\/\/www.sellerlogic.com\/sk\/#organization","name":"SELLERLOGIC","url":"https:\/\/www.sellerlogic.com\/sk\/","logo":{"@type":"ImageObject","inLanguage":"sk-SK","@id":"https:\/\/www.sellerlogic.com\/sk\/#\/schema\/logo\/image\/","url":"https:\/\/d2bw95mh2ee04s.cloudfront.net\/prod\/content\/wp-content\/uploads\/2025\/01\/02134814\/Property-Logo-Main.svg","contentUrl":"https:\/\/d2bw95mh2ee04s.cloudfront.net\/prod\/content\/wp-content\/uploads\/2025\/01\/02134814\/Property-Logo-Main.svg","width":184,"height":40,"caption":"SELLERLOGIC"},"image":{"@id":"https:\/\/www.sellerlogic.com\/sk\/#\/schema\/logo\/image\/"},"sameAs":["https:\/\/www.facebook.com\/SellerLogic\/","https:\/\/x.com\/sellerlogic","https:\/\/www.instagram.com\/sellerlogic\/","https:\/\/www.linkedin.com\/company\/18402037\/","https:\/\/www.youtube.com\/channel\/UC-gULUur-fNj08sprantKsQ"]}]}},"_links":{"self":[{"href":"https:\/\/www.sellerlogic.com\/sk\/wp-json\/wp\/v2\/pages\/228309","targetHints":{"allow":["GET"]}}],"collection":[{"href":"https:\/\/www.sellerlogic.com\/sk\/wp-json\/wp\/v2\/pages"}],"about":[{"href":"https:\/\/www.sellerlogic.com\/sk\/wp-json\/wp\/v2\/types\/page"}],"author":[{"embeddable":true,"href":"https:\/\/www.sellerlogic.com\/sk\/wp-json\/wp\/v2\/users\/8"}],"replies":[{"embeddable":true,"href":"https:\/\/www.sellerlogic.com\/sk\/wp-json\/wp\/v2\/comments?post=228309"}],"version-history":[{"count":0,"href":"https:\/\/www.sellerlogic.com\/sk\/wp-json\/wp\/v2\/pages\/228309\/revisions"}],"up":[{"embeddable":true,"href":"https:\/\/www.sellerlogic.com\/sk\/wp-json\/wp\/v2\/pages\/228213"}],"wp:featuredmedia":[{"embeddable":true,"href":"https:\/\/www.sellerlogic.com\/sk\/wp-json\/wp\/v2\/media\/5133"}],"wp:attachment":[{"href":"https:\/\/www.sellerlogic.com\/sk\/wp-json\/wp\/v2\/media?parent=228309"}],"curies":[{"name":"wp","href":"https:\/\/api.w.org\/{rel}","templated":true}]}}