
{"id":228843,"date":"2020-12-18T10:43:41","date_gmt":"2020-12-18T10:43:41","guid":{"rendered":"https:\/\/127.0.0.1\/resources\/success-story-samtige-haut\/"},"modified":"2020-12-18T10:43:41","modified_gmt":"2020-12-18T10:43:41","slug":"success-story-samtige-haut","status":"publish","type":"page","link":"https:\/\/www.sellerlogic.com\/sl\/resources\/success-story-samtige-haut\/","title":{"rendered":"Uspe\u0161na zgodba: Samtige Haut EN"},"content":{"rendered":"\n\t<div  class=\"theme-wp-block theme-block-main-header is-style-full-height desktop-align-full xl-align-full lg-align-full md-align-full sm-align-full desktop-content-align-y-center desktop-content-align-x-center xl-content-align-y-center xl-content-align-x-center lg-content-align-y-center lg-content-align-x-center md-content-align-y-center md-content-align-x-center sm-content-align-y-center sm-content-align-x-center gb-responsive-911782-identifier theme-block-cover\">\n\t\t<div class=\"bg-cover theme-lazy-load-bg\"><\/div>\n\t\t<div class=\"wrap-content-main-header\">\n\t\t\t\t\t<div  class=\"theme-wp-block theme-block-text-and-text desktop-blockDirection-row xl-blockDirection-row lg-blockDirection-row md-blockDirection-row sm-blockDirection-row gb-responsive-289238-identifier desktop-align-full xl-align-full lg-align-full md-align-full sm-align-full alignfull\">\n\t\t<div class=\"tat-column-wrap-wrapper\">\n\t\t\t<div class=\"tat-column-wrapper\">\n\t\t\t\t\t<div  class=\"theme-wp-block theme-block-text-and-text-column gb-responsive-421034-identifier desktop-horizontal-center xl-horizontal-center lg-horizontal-center md-horizontal-center sm-horizontal-center\">\n\t\t<div class=\"inner-wrap-column-content\">\n\t\t\t<div class=\"inner-column-content\">\n\t\t\t\t\t\t<h1  class=\"theme-wp-block theme-block-heading is-style-default sm-text-center md-text-center desktop-text-center xl-text-center lg-text-center gb-responsive-292481-identifier desktop-align-full xl-align-full lg-align-full md-align-full sm-align-full alignfull h1 has-text-align\">\n\t\tPovra\u010dila s klikom\t<\/h1>\n\n\t\t<h2  class=\"theme-wp-block theme-block-heading is-style-default sm-text-center md-text-center desktop-text-center xl-text-center lg-text-center gb-responsive-831018-identifier desktop-align-full xl-align-full lg-align-full md-align-full sm-align-full alignfull h1 has-text-align\">\n\t\t&#8220;Samtige Haut&#8221; prejema povra\u010dila od Amazona preko Lost &amp; Found\t<\/h2>\n\n\t\t\t<\/div>\n\t\t<\/div>\n\t<\/div>\n\t<div  class=\"theme-wp-block theme-block-text-and-text-column gb-responsive-929552-identifier\">\n\t\t<div class=\"inner-wrap-column-content\">\n\t\t\t<div class=\"inner-column-content\">\n\t\t\t\t\t\t\t<\/div>\n\t\t<\/div>\n\t<\/div>\n\t\t\t<\/div>\n\t\t<\/div>\n\t<\/div>\n\n\t\t<\/div>\n\t<\/div>\n\n<div style=\"height:50px\" aria-hidden=\"true\" class=\"theme-wp-block wp-block-spacer\"><\/div><div class=\"theme-wp-block wp-block-columns gb-responsive-655645-identifier is-layout-flex wp-container-core-columns-is-layout-9d6595d7 wp-block-columns-is-layout-flex\"><div class=\"theme-wp-block wp-block-column gb-responsive-959393-identifier is-layout-flow wp-block-column-is-layout-flow\" style=\"flex-basis:25%\"><figure class=\"theme-wp-block wp-block-image size-large is-resized gb-responsive-62921-identifier\"><img decoding=\"async\" src=\"https:\/\/d2bw95mh2ee04s.cloudfront.net\/prod\/content\/wp-content\/uploads\/2020\/12\/23142732\/samtige-haut-logo.png\" alt=\"Uspe\u0161na zgodba: Samtige Haut EN\" class=\"wp-image-4561\" width=\"300\" height=\"84\" srcset=\"https:\/\/d2bw95mh2ee04s.cloudfront.net\/prod\/content\/wp-content\/uploads\/2020\/12\/23142732\/samtige-haut-logo-407x113.png 407w, https:\/\/d2bw95mh2ee04s.cloudfront.net\/prod\/content\/wp-content\/uploads\/2020\/12\/23142732\/samtige-haut-logo.png 600w\" sizes=\"(max-width: 300px) 100vw, 300px\" \/><\/figure><p class=\"theme-wp-block gb-responsive-312552-identifier\"><strong><strong>Ustanovitev<\/strong>:<\/strong><br>November 2016<\/p><p class=\"theme-wp-block gb-responsive-353708-identifier\"><strong><strong>Industrija<\/strong>:<\/strong><br>Kozmetika, prehranska dopolnila, ekolo\u0161ki izdelki<\/p><p class=\"theme-wp-block gb-responsive-164518-identifier\"><strong><strong>Izdelki na Amazonu:<\/strong><\/strong><br>1.000<\/p><p class=\"theme-wp-block gb-responsive-888870-identifier\"><strong><strong>Po\u0161iljke<\/strong>:\u00a0<\/strong><br>pribli\u017eno 8.000 na mesec<\/p><\/div><div class=\"theme-wp-block wp-block-column gb-responsive-252265-identifier is-layout-flow wp-block-column-is-layout-flow\" style=\"flex-basis:50%\"><h3 class=\"theme-wp-block wp-block-heading gb-responsive-34353-identifier\" id=\"block-c06fce04-ef87-4ffc-a3d6-b768ba377d17\">Ozadje:<\/h3><p class=\"theme-wp-block gb-responsive-620393-identifier\">V letu 2018 je Amazon dosegel promet v vi\u0161ini 232,9 milijard ameri\u0161kih dolarjev. Pribli\u017eno 45 odstotkov nem\u0161kih Amazon prodajalcev po\u0161ilja svoje blago preko Fulfillment by Amazon (FBA). Sandra Schriewer \u2013 lastnica Amazon trgovine \u201cSamtige Haut\u201d (v nem\u0161\u010dini \u201cNajbolj gladka ko\u017ea\u201d) \u2013 je ena izmed njih. Kljub vsem prednostim programa FBA ni ve\u010d mogo\u010de, da bi spletni trgovci spremljali pretok podatkov FBA transakcij, saj se prodaja pove\u010duje. Iz tega razloga analiza sploh ni izvedena.<\/p><h3 class=\"theme-wp-block wp-block-heading gb-responsive-182281-identifier\">Izziv:<\/h3><p class=\"theme-wp-block gb-responsive-880667-identifier\">Sandra Schriewer izhaja iz industrije kozmetike. Med svojim delom v sektorju E-trgovine v Berlinu je zaklju\u010dila \u0161tudij spletnega marketinga in E-trgovine.<\/p><p class=\"theme-wp-block gb-responsive-3897-identifier\">\u017delela je svoje pridobljeno znanje uresni\u010diti in ga zdru\u017eiti s svojo strastjo do kozmetike in prehrane. Tako je nastala Amazon trgovina \u201cSamtige Haut\u201d. S pribli\u017eno 1.000 izdelki in okoli 8.000 po\u0161iljk na mesec preko programa FBA je bilo skoraj nemogo\u010de spremljati ogromen pretok podatkov na Amazonu. Kmalu se je zavedala, da potrebuje ponudnika storitev, ki ji lahko pomaga nadzorovati procese programa FBA. \u201cKot spletni trgovec se zana\u0161ate na Fulfillment by Amazon, saj program mo\u010dno poenostavi logisti\u010dne procese v podjetju. Vendar pa nih\u010de ni popoln in seveda tudi vodilna podjetja, kot je Amazon, lahko naredijo napake.<\/p><p class=\"theme-wp-block gb-responsive-135542-identifier\">Manual preverjanje napak je bilo izklju\u010deno. Analiza virov te\u017eav je zelo kompleksna in zahteva ogromno \u010dasa. &#8220;To bi preseglo vsak ekonomskih okvir,&#8221; nam je povedala Sandra. \u201cRe\u0161itev Lost &#038; Found od SELLERLOGIC mi je priporo\u010dil moj mo\u017e, ki \u017ee sodeluje s ponudnikom storitev Repricer in je z izdelkom zelo zadovoljen. Na trgu je veliko re\u0161itev, ki jih Amazon podjetje potrebuje, da bi bilo uspe\u0161no na svojih trgih. Verjamem, da je Lost &#038; Found edinstvena in nepogre\u0161ljiva za FBA prodajalce.\u201d<\/p><h3 class=\"theme-wp-block wp-block-heading gb-responsive-115756-identifier\">Re\u0161itev:<\/h3><p class=\"theme-wp-block gb-responsive-907939-identifier\">\u201cOrodje ni te\u017eko za uporabo in ga je mogo\u010de hitro in enostavno integrirati. Navodila po korakih \u2013 kot tudi baza znanja \u2013 so zelo koristna in ne zahtevajo nobene podpore od SELLERLOGIC. Lost &#038; Found poro\u010da o novih primerih vsak dan in zagotavlja vnaprej dolo\u010dene besedilne module, ki jih je mogo\u010de preprosto kopirati in prilepiti v Amazon Seller Central. Samo moram kopirati in prilepiti delo, da dobim povra\u010dilo od Amazona. Ker so predlo\u017eeni primeri obi\u010dajno sprejeti brez dodatnih vpra\u0161anj, je celoten postopek zelo preprost!\u201d<\/p><div class=\"theme-block-group-wrap\"><div class=\"theme-wp-block wp-block-group gb-responsive-88118-identifier\">\t\t<div  class=\"theme-wp-block theme-block-user-card gb-responsive-799176-identifier is-style-full-width-line\">\n\t\t<div class=\"wrap-inner-content\">\n\t\t\t<div class=\"card-user-head\">\n\t\t\t\t<div class=\"card-user-avatar\">\n\t\t\t\t\t<div class=\"cover-avatar\" style=\"background-image: url(https:\/\/d2bw95mh2ee04s.cloudfront.net\/prod\/content\/wp-content\/uploads\/2020\/12\/23142733\/sandra-schriewer-raute.png);\"><\/div>\n\t\t\t\t<\/div>\n\t\t\t\t<div class=\"wrap-title\">\n\t\t\t\t\t<div class=\"card-user-name\">\n\t\t\t\t\t\t<div class=\"title\">\n\t\t\t\t\t\t\t<h3 class=\"heading-text\"><strong>Sandra Schriewer<\/strong><\/h3>\n\t\t\t\t\t\t<\/div>\n\t\t\t\t\t\t<div class=\"card-user-position\">\n\t\t\t\t\t\t\t<div class=\"card-text\"><strong>CEO \u201eSamtige Haut\u201c<\/strong><\/div>\n\t\t\t\t\t\t<\/div>\n\t\t\t\t\t<\/div>\n\t\t\t\t\t<div class=\"card-user-quote-icon\">\n\t\t\t\t\t<\/div>\n\t\t\t\t<\/div>\n\t\t\t<\/div>\n\t\t\t<div class=\"card-user-text\">\n\t\t\t\t<div class=\"card-text\"><p>&#8220;Na trgu je veliko re\u0161itev, ki jih Amazon podjetje potrebuje, da bi bilo uspe\u0161no na svojih trgih. Verjamem, da je Lost &amp; Found edinstven in nepogre\u0161ljiv za FBA prodajalce\u201d.<\/p><\/div>\n\t\t\t<\/div>\n\t\t<\/div>\n\t<\/div>\n\n<\/div><\/div><h3 class=\"theme-wp-block wp-block-heading gb-responsive-595368-identifier\">Uspe\u0161ni rezultati z SELLERLOGIC:<\/h3><p class=\"theme-wp-block gb-responsive-414432-identifier\">\u201cKer Lost &#038; Found sledi posameznim transakcijam do 18 mesecev, sem takoj po integraciji orodja prejel povra\u010dilo v vi\u0161ini pribli\u017eno 1.300 EUR, \u010desar ne bi nikoli opazil brez SELLERLOGIC. Pred integracijo Lost &#038; Found mi ni bilo jasno, koliko paketov je preprosto izginilo v tem \u010dasu. Koli\u010dine podatkov ne morete preveriti ro\u010dno in obi\u010dajno vam Amazon ne daje nobenih povratnih informacij o manjkajo\u010dih dobrinah. S Lost &#038; Found dobite svoj denar nazaj in si prihranite ogromno \u010dasa \u2013 zahvaljujo\u010d avtomatiziranemu raziskovanju in predlo\u017eitvi primerov z uporabo funkcije Kopiraj in Prilepi.\u201d<\/p><p class=\"theme-wp-block gb-responsive-57813-identifier\">\u201cLahko samo priporo\u010dam vsem, da integrirajo re\u0161itev v svoj sistem. Nimajo ni\u010desar za izgubiti! Stro\u0161ki za SELLERLOGIC Lost &#038; Found so z moje to\u010dke gledanja zelo po\u0161teni, ker so izra\u010dunani sorazmerno z dejanskim povra\u010dilom od Amazona. \u010ce ni\u010d ne najdejo, se ne zara\u010dunavajo nobeni stro\u0161ki. Vsak dan, ki mine brez Lost &#038; Found, stane prodajalce denar. Poleg tega imate najve\u010d 18 mesecev, da vlo\u017eite svoje zahtevke, v nekaterih primerih celo manj,\u201d zaklju\u010di Sandra za nas.<a href=\"https:\/\/d2bw95mh2ee04s.cloudfront.net\/prod\/content\/files\/SUCCESS-STORIES\/EN\/NEU_SELLERLOGIC_SN_Success-Story_Samtige-Haut-EN.pdf\" target=\"_blank\" rel=\"noreferrer noopener nofollow\"><\/a><\/p><div class=\"theme-wp-block wp-block-buttons gb-responsive-497426-identifier is-layout-flex wp-block-buttons-is-layout-flex\"><div class=\"theme-wp-block wp-block-button gb-responsive-38220-identifier is-style-theme-transparent-with-arrow\"><a class=\"wp-block-button__link wp-element-button\" href=\"https:\/\/d2bw95mh2ee04s.cloudfront.net\/prod\/content\/files\/SUCCESS-STORIES\/EN\/SELLERLOGIC_SN_Success-Story_Samtige-Haut-EN.pdf\" target=\"_blank\" rel=\"noreferrer noopener nofollow\">Prenesite zgodbo o uspehu!  <\/a><\/div><\/div><\/div><div class=\"theme-wp-block wp-block-column gb-responsive-147753-identifier is-layout-flow wp-block-column-is-layout-flow\" style=\"flex-basis:25%\"><\/div><\/div><p class=\"theme-wp-block gb-responsive-527070-identifier\"><\/p>","protected":false},"excerpt":{"rendered":"<p>Ustanovitev:November 2016 Industrija:Kozmetika, prehranska dopolnila, ekolo\u0161ki izdelki Izdelki na Amazonu:1.000 Po\u0161iljke:\u00a0pribli\u017eno 8.000 na mesec Ozadje: V letu 2018 je Amazon dosegel promet v vi\u0161ini 232,9 milijard ameri\u0161kih dolarjev. Pribli\u017eno 45 odstotkov nem\u0161kih Amazon prodajalcev po\u0161ilja svoje blago preko Fulfillment by Amazon (FBA). Sandra Schriewer \u2013 lastnica Amazon trgovine \u201cSamtige Haut\u201d (v nem\u0161\u010dini \u201cNajbolj gladka ko\u017ea\u201d)<\/p>\n","protected":false},"author":8,"featured_media":0,"parent":228867,"menu_order":0,"comment_status":"closed","ping_status":"closed","template":"","meta":{"sidebar_recommended_resources":{"data":[]},"sidebar_header_settings":{"hide_buttons":{"register":false}},"_use_new_theme":false,"inline_featured_image":false,"footnotes":""},"class_list":["post-228843","page","type-page","status-publish","hentry"],"yoast_head":"<!-- This site is optimized with the Yoast SEO plugin v26.8 - https:\/\/yoast.com\/product\/yoast-seo-wordpress\/ -->\n<title>&quot;Samtige Haut&quot; dobi povra\u010dilo od Amazona preko SELLERLOGIC Lost &amp; Found<\/title>\n<meta name=\"description\" content=\"Povra\u010dila s klikom: Stranka SELLERLOGIC &quot;Samtige Haut&quot; prejme svoja povra\u010dila od Amazona preko Lost &amp; Found.\" \/>\n<meta name=\"robots\" content=\"index, follow, max-snippet:-1, max-image-preview:large, max-video-preview:-1\" \/>\n<link rel=\"canonical\" href=\"https:\/\/www.sellerlogic.com\/sl\/resources\/success-story-samtige-haut\/\" \/>\n<meta property=\"og:locale\" content=\"sl_SI\" \/>\n<meta property=\"og:type\" content=\"article\" \/>\n<meta property=\"og:title\" content=\"&quot;Samtige Haut&quot; dobi povra\u010dilo od Amazona preko SELLERLOGIC Lost &amp; Found\" \/>\n<meta property=\"og:description\" content=\"Povra\u010dila s klikom: Stranka SELLERLOGIC &quot;Samtige Haut&quot; prejme svoja povra\u010dila od Amazona preko Lost &amp; Found.\" \/>\n<meta property=\"og:url\" content=\"https:\/\/www.sellerlogic.com\/sl\/resources\/success-story-samtige-haut\/\" \/>\n<meta property=\"og:site_name\" content=\"SELLERLOGIC - Smarte Tools f\u00fcr Amazon-Seller\" \/>\n<meta property=\"article:publisher\" content=\"https:\/\/www.facebook.com\/SellerLogic\/\" \/>\n<meta property=\"og:image\" content=\"https:\/\/www.sellerlogic.com\/wp-content\/uploads\/2020\/12\/samtige-haut-logo.png\" \/>\n<meta name=\"twitter:card\" content=\"summary_large_image\" \/>\n<meta name=\"twitter:site\" content=\"@sellerlogic\" \/>\n<meta name=\"twitter:label1\" content=\"Est. reading time\" \/>\n\t<meta name=\"twitter:data1\" content=\"3 minutes\" \/>\n<script type=\"application\/ld+json\" class=\"yoast-schema-graph\">{\"@context\":\"https:\/\/schema.org\",\"@graph\":[{\"@type\":\"WebPage\",\"@id\":\"https:\/\/www.sellerlogic.com\/sl\/resources\/success-story-samtige-haut\/\",\"url\":\"https:\/\/www.sellerlogic.com\/sl\/resources\/success-story-samtige-haut\/\",\"name\":\"\\\"Samtige Haut\\\" dobi povra\u010dilo od Amazona preko SELLERLOGIC Lost & Found\",\"isPartOf\":{\"@id\":\"https:\/\/www.sellerlogic.com\/sl\/#website\"},\"primaryImageOfPage\":{\"@id\":\"https:\/\/www.sellerlogic.com\/sl\/resources\/success-story-samtige-haut\/#primaryimage\"},\"image\":{\"@id\":\"https:\/\/www.sellerlogic.com\/sl\/resources\/success-story-samtige-haut\/#primaryimage\"},\"thumbnailUrl\":\"https:\/\/www.sellerlogic.com\/wp-content\/uploads\/2020\/12\/samtige-haut-logo.png\",\"datePublished\":\"2020-12-18T10:43:41+00:00\",\"description\":\"Povra\u010dila s klikom: Stranka SELLERLOGIC \\\"Samtige Haut\\\" prejme svoja povra\u010dila od Amazona preko Lost & Found.\",\"breadcrumb\":{\"@id\":\"https:\/\/www.sellerlogic.com\/sl\/resources\/success-story-samtige-haut\/#breadcrumb\"},\"inLanguage\":\"sl-SI\",\"potentialAction\":[{\"@type\":\"ReadAction\",\"target\":[\"https:\/\/www.sellerlogic.com\/sl\/resources\/success-story-samtige-haut\/\"]}]},{\"@type\":\"ImageObject\",\"inLanguage\":\"sl-SI\",\"@id\":\"https:\/\/www.sellerlogic.com\/sl\/resources\/success-story-samtige-haut\/#primaryimage\",\"url\":\"https:\/\/www.sellerlogic.com\/wp-content\/uploads\/2020\/12\/samtige-haut-logo.png\",\"contentUrl\":\"https:\/\/www.sellerlogic.com\/wp-content\/uploads\/2020\/12\/samtige-haut-logo.png\"},{\"@type\":\"BreadcrumbList\",\"@id\":\"https:\/\/www.sellerlogic.com\/sl\/resources\/success-story-samtige-haut\/#breadcrumb\",\"itemListElement\":[{\"@type\":\"ListItem\",\"position\":1,\"name\":\"Home\",\"item\":\"https:\/\/www.sellerlogic.com\/sl\/\"},{\"@type\":\"ListItem\",\"position\":2,\"name\":\"Ressourcen EN\",\"item\":\"https:\/\/www.sellerlogic.com\/sl\/resources\/\"},{\"@type\":\"ListItem\",\"position\":3,\"name\":\"Uspe\u0161na zgodba: Samtige Haut EN\"}]},{\"@type\":\"WebSite\",\"@id\":\"https:\/\/www.sellerlogic.com\/sl\/#website\",\"url\":\"https:\/\/www.sellerlogic.com\/sl\/\",\"name\":\"SELLERLOGIC - Smarte Tools f\u00fcr Amazon-Seller\",\"description\":\"Intelligente Prozessoptimierung und Gewinnmaximierung\",\"publisher\":{\"@id\":\"https:\/\/www.sellerlogic.com\/sl\/#organization\"},\"potentialAction\":[{\"@type\":\"SearchAction\",\"target\":{\"@type\":\"EntryPoint\",\"urlTemplate\":\"https:\/\/www.sellerlogic.com\/sl\/?s={search_term_string}\"},\"query-input\":{\"@type\":\"PropertyValueSpecification\",\"valueRequired\":true,\"valueName\":\"search_term_string\"}}],\"inLanguage\":\"sl-SI\"},{\"@type\":\"Organization\",\"@id\":\"https:\/\/www.sellerlogic.com\/sl\/#organization\",\"name\":\"SELLERLOGIC\",\"url\":\"https:\/\/www.sellerlogic.com\/sl\/\",\"logo\":{\"@type\":\"ImageObject\",\"inLanguage\":\"sl-SI\",\"@id\":\"https:\/\/www.sellerlogic.com\/sl\/#\/schema\/logo\/image\/\",\"url\":\"https:\/\/d2bw95mh2ee04s.cloudfront.net\/prod\/content\/wp-content\/uploads\/2025\/01\/02134814\/Property-Logo-Main.svg\",\"contentUrl\":\"https:\/\/d2bw95mh2ee04s.cloudfront.net\/prod\/content\/wp-content\/uploads\/2025\/01\/02134814\/Property-Logo-Main.svg\",\"width\":184,\"height\":40,\"caption\":\"SELLERLOGIC\"},\"image\":{\"@id\":\"https:\/\/www.sellerlogic.com\/sl\/#\/schema\/logo\/image\/\"},\"sameAs\":[\"https:\/\/www.facebook.com\/SellerLogic\/\",\"https:\/\/x.com\/sellerlogic\",\"https:\/\/www.instagram.com\/sellerlogic\/\",\"https:\/\/www.linkedin.com\/company\/18402037\/\",\"https:\/\/www.youtube.com\/channel\/UC-gULUur-fNj08sprantKsQ\"]}]}<\/script>\n<!-- \/ Yoast SEO plugin. -->","yoast_head_json":{"title":"\"Samtige Haut\" dobi povra\u010dilo od Amazona preko SELLERLOGIC Lost & Found","description":"Povra\u010dila s klikom: Stranka SELLERLOGIC \"Samtige Haut\" prejme svoja povra\u010dila od Amazona preko Lost & Found.","robots":{"index":"index","follow":"follow","max-snippet":"max-snippet:-1","max-image-preview":"max-image-preview:large","max-video-preview":"max-video-preview:-1"},"canonical":"https:\/\/www.sellerlogic.com\/sl\/resources\/success-story-samtige-haut\/","og_locale":"sl_SI","og_type":"article","og_title":"\"Samtige Haut\" dobi povra\u010dilo od Amazona preko SELLERLOGIC Lost & Found","og_description":"Povra\u010dila s klikom: Stranka SELLERLOGIC \"Samtige Haut\" prejme svoja povra\u010dila od Amazona preko Lost & Found.","og_url":"https:\/\/www.sellerlogic.com\/sl\/resources\/success-story-samtige-haut\/","og_site_name":"SELLERLOGIC - Smarte Tools f\u00fcr Amazon-Seller","article_publisher":"https:\/\/www.facebook.com\/SellerLogic\/","og_image":[{"url":"https:\/\/www.sellerlogic.com\/wp-content\/uploads\/2020\/12\/samtige-haut-logo.png","type":"","width":"","height":""}],"twitter_card":"summary_large_image","twitter_site":"@sellerlogic","twitter_misc":{"Est. reading time":"3 minutes"},"schema":{"@context":"https:\/\/schema.org","@graph":[{"@type":"WebPage","@id":"https:\/\/www.sellerlogic.com\/sl\/resources\/success-story-samtige-haut\/","url":"https:\/\/www.sellerlogic.com\/sl\/resources\/success-story-samtige-haut\/","name":"\"Samtige Haut\" dobi povra\u010dilo od Amazona preko SELLERLOGIC Lost & Found","isPartOf":{"@id":"https:\/\/www.sellerlogic.com\/sl\/#website"},"primaryImageOfPage":{"@id":"https:\/\/www.sellerlogic.com\/sl\/resources\/success-story-samtige-haut\/#primaryimage"},"image":{"@id":"https:\/\/www.sellerlogic.com\/sl\/resources\/success-story-samtige-haut\/#primaryimage"},"thumbnailUrl":"https:\/\/www.sellerlogic.com\/wp-content\/uploads\/2020\/12\/samtige-haut-logo.png","datePublished":"2020-12-18T10:43:41+00:00","description":"Povra\u010dila s klikom: Stranka SELLERLOGIC \"Samtige Haut\" prejme svoja povra\u010dila od Amazona preko Lost & Found.","breadcrumb":{"@id":"https:\/\/www.sellerlogic.com\/sl\/resources\/success-story-samtige-haut\/#breadcrumb"},"inLanguage":"sl-SI","potentialAction":[{"@type":"ReadAction","target":["https:\/\/www.sellerlogic.com\/sl\/resources\/success-story-samtige-haut\/"]}]},{"@type":"ImageObject","inLanguage":"sl-SI","@id":"https:\/\/www.sellerlogic.com\/sl\/resources\/success-story-samtige-haut\/#primaryimage","url":"https:\/\/www.sellerlogic.com\/wp-content\/uploads\/2020\/12\/samtige-haut-logo.png","contentUrl":"https:\/\/www.sellerlogic.com\/wp-content\/uploads\/2020\/12\/samtige-haut-logo.png"},{"@type":"BreadcrumbList","@id":"https:\/\/www.sellerlogic.com\/sl\/resources\/success-story-samtige-haut\/#breadcrumb","itemListElement":[{"@type":"ListItem","position":1,"name":"Home","item":"https:\/\/www.sellerlogic.com\/sl\/"},{"@type":"ListItem","position":2,"name":"Ressourcen EN","item":"https:\/\/www.sellerlogic.com\/sl\/resources\/"},{"@type":"ListItem","position":3,"name":"Uspe\u0161na zgodba: Samtige Haut EN"}]},{"@type":"WebSite","@id":"https:\/\/www.sellerlogic.com\/sl\/#website","url":"https:\/\/www.sellerlogic.com\/sl\/","name":"SELLERLOGIC - Smarte Tools f\u00fcr Amazon-Seller","description":"Intelligente Prozessoptimierung und Gewinnmaximierung","publisher":{"@id":"https:\/\/www.sellerlogic.com\/sl\/#organization"},"potentialAction":[{"@type":"SearchAction","target":{"@type":"EntryPoint","urlTemplate":"https:\/\/www.sellerlogic.com\/sl\/?s={search_term_string}"},"query-input":{"@type":"PropertyValueSpecification","valueRequired":true,"valueName":"search_term_string"}}],"inLanguage":"sl-SI"},{"@type":"Organization","@id":"https:\/\/www.sellerlogic.com\/sl\/#organization","name":"SELLERLOGIC","url":"https:\/\/www.sellerlogic.com\/sl\/","logo":{"@type":"ImageObject","inLanguage":"sl-SI","@id":"https:\/\/www.sellerlogic.com\/sl\/#\/schema\/logo\/image\/","url":"https:\/\/d2bw95mh2ee04s.cloudfront.net\/prod\/content\/wp-content\/uploads\/2025\/01\/02134814\/Property-Logo-Main.svg","contentUrl":"https:\/\/d2bw95mh2ee04s.cloudfront.net\/prod\/content\/wp-content\/uploads\/2025\/01\/02134814\/Property-Logo-Main.svg","width":184,"height":40,"caption":"SELLERLOGIC"},"image":{"@id":"https:\/\/www.sellerlogic.com\/sl\/#\/schema\/logo\/image\/"},"sameAs":["https:\/\/www.facebook.com\/SellerLogic\/","https:\/\/x.com\/sellerlogic","https:\/\/www.instagram.com\/sellerlogic\/","https:\/\/www.linkedin.com\/company\/18402037\/","https:\/\/www.youtube.com\/channel\/UC-gULUur-fNj08sprantKsQ"]}]}},"_links":{"self":[{"href":"https:\/\/www.sellerlogic.com\/sl\/wp-json\/wp\/v2\/pages\/228843","targetHints":{"allow":["GET"]}}],"collection":[{"href":"https:\/\/www.sellerlogic.com\/sl\/wp-json\/wp\/v2\/pages"}],"about":[{"href":"https:\/\/www.sellerlogic.com\/sl\/wp-json\/wp\/v2\/types\/page"}],"author":[{"embeddable":true,"href":"https:\/\/www.sellerlogic.com\/sl\/wp-json\/wp\/v2\/users\/8"}],"replies":[{"embeddable":true,"href":"https:\/\/www.sellerlogic.com\/sl\/wp-json\/wp\/v2\/comments?post=228843"}],"version-history":[{"count":0,"href":"https:\/\/www.sellerlogic.com\/sl\/wp-json\/wp\/v2\/pages\/228843\/revisions"}],"up":[{"embeddable":true,"href":"https:\/\/www.sellerlogic.com\/sl\/wp-json\/wp\/v2\/pages\/228867"}],"wp:attachment":[{"href":"https:\/\/www.sellerlogic.com\/sl\/wp-json\/wp\/v2\/media?parent=228843"}],"curies":[{"name":"wp","href":"https:\/\/api.w.org\/{rel}","templated":true}]}}