
{"id":228879,"date":"2021-03-02T08:05:46","date_gmt":"2021-03-02T08:05:46","guid":{"rendered":"https:\/\/127.0.0.1\/resources\/success-story-groupe-dragon\/"},"modified":"2021-03-02T08:05:46","modified_gmt":"2021-03-02T08:05:46","slug":"success-story-groupe-dragon","status":"publish","type":"page","link":"https:\/\/www.sellerlogic.com\/sl\/resources\/success-story-groupe-dragon\/","title":{"rendered":"Zgodba o uspehu: Groupe Dragon EN"},"content":{"rendered":"\n\t<div  class=\"theme-wp-block theme-block-main-header desktop-content-align-y-center desktop-content-align-x-center xl-content-align-y-center xl-content-align-x-center lg-content-align-y-center lg-content-align-x-center md-content-align-y-center md-content-align-x-center sm-content-align-y-center sm-content-align-x-center gb-responsive-853195-identifier desktop-align-full xl-align-full lg-align-full md-align-full sm-align-full is-style-default theme-block-cover\">\n\t\t<div class=\"bg-cover theme-lazy-load-bg\"><\/div>\n\t\t<div class=\"wrap-content-main-header\">\n\t\t\t\t\t<div  class=\"theme-wp-block theme-block-text-and-text gb-responsive-170032-identifier desktop-vertical-center xl-vertical-center lg-vertical-center md-vertical-center sm-vertical-center md-blockDirection-column sm-blockDirection-column desktop-blockDirection-column xl-blockDirection-column lg-blockDirection-column is-style-default desktop-align-wide xl-align-wide lg-align-wide md-align-wide sm-align-wide alignwide\">\n\t\t<div class=\"tat-column-wrap-wrapper\">\n\t\t\t<div class=\"tat-column-wrapper\">\n\t\t\t\t\t<div  class=\"theme-wp-block theme-block-text-and-text-column gb-responsive-644092-identifier md-horizontal-center sm-horizontal-center xl-horizontal-center lg-horizontal-center desktop-horizontal-left\">\n\t\t<div class=\"inner-wrap-column-content\">\n\t\t\t<div class=\"inner-column-content\">\n\t\t\t\t\t\t<h1  class=\"theme-wp-block theme-block-heading is-style-default sm-text-center md-text-center desktop-text-center xl-text-center lg-text-center gb-responsive-113637-identifier desktop-align-full xl-align-full lg-align-full md-align-full sm-align-full alignfull h1 has-text-align\">\n\t\t<strong>Ni \u010dasa, ni delovne sile, ni virov<\/strong>\t<\/h1>\n\n\t\t<h2  class=\"theme-wp-block theme-block-heading desktop-gb-has-no-icon xl-gb-has-no-icon lg-gb-has-no-icon md-gb-has-no-icon sm-gb-has-no-icon gb-responsive-848621-identifier desktop-text-center xl-text-center lg-text-center md-text-center sm-text-center h3\">\n\t\t<strong>Kako Groupe Dragon \u0161e vedno pridobi povra\u010dilo za vsako napako FBA<\/strong>\t<\/h2>\n\n\t\t\t<\/div>\n\t\t<\/div>\n\t<\/div>\n\t<div  class=\"theme-wp-block theme-block-text-and-text-column gb-responsive-840598-identifier desktop-horizontal-center xl-horizontal-center lg-horizontal-center md-horizontal-center sm-horizontal-center\">\n\t\t<div class=\"inner-wrap-column-content\">\n\t\t\t<div class=\"inner-column-content\">\n\t\t\t\t\t\t\t<\/div>\n\t\t<\/div>\n\t<\/div>\n\t\t\t<\/div>\n\t\t<\/div>\n\t<\/div>\n\n\t\t<\/div>\n\t<\/div>\n\n<div style=\"height:50px\" aria-hidden=\"true\" class=\"theme-wp-block wp-block-spacer\"><\/div><div class=\"theme-wp-block wp-block-columns gb-responsive-492868-identifier is-layout-flex wp-container-core-columns-is-layout-9d6595d7 wp-block-columns-is-layout-flex\"><div class=\"theme-wp-block wp-block-column gb-responsive-633979-identifier is-layout-flow wp-block-column-is-layout-flow\" style=\"flex-basis:25%\"><figure class=\"theme-wp-block wp-block-image size-large is-resized desktop-gb-has-no-icon xl-gb-has-no-icon lg-gb-has-no-icon md-gb-has-no-icon sm-gb-has-no-icon gb-responsive-595564-identifier\"><img decoding=\"async\" width=\"156\" height=\"156\" src=\"https:\/\/d2bw95mh2ee04s.cloudfront.net\/prod\/content\/wp-content\/uploads\/2021\/03\/23142640\/logo2_groupe-dragon-edited.png\" alt=\"Zgodba o uspehu: Groupe Dragon EN\" class=\"wp-image-8499\" style=\"width:156px;height:156px\"><\/figure><p class=\"theme-wp-block desktop-gb-has-no-icon xl-gb-has-no-icon lg-gb-has-no-icon md-gb-has-no-icon sm-gb-has-no-icon gb-responsive-471154-identifier\"><strong><strong>Ustanovitev<\/strong>:<\/strong><br>2011<\/p><p class=\"theme-wp-block desktop-gb-has-no-icon xl-gb-has-no-icon lg-gb-has-no-icon md-gb-has-no-icon sm-gb-has-no-icon gb-responsive-988471-identifier\"><strong><strong>Industrija<\/strong>:<\/strong><br>Rezervni deli in elektronske gospodinjske naprave<\/p><p class=\"theme-wp-block desktop-gb-has-no-icon xl-gb-has-no-icon lg-gb-has-no-icon md-gb-has-no-icon sm-gb-has-no-icon gb-responsive-290042-identifier\"><strong><strong>Izdelki na Amazonu:\u00a0<\/strong><\/strong><br>pribli\u017eno 177,000 SKU-jev<\/p><p class=\"theme-wp-block desktop-gb-has-no-icon xl-gb-has-no-icon lg-gb-has-no-icon md-gb-has-no-icon sm-gb-has-no-icon gb-responsive-427484-identifier\"><strong><strong>Po\u0161iljke<\/strong>:\u00a0<\/strong><br>pribli\u017eno 37,000 na mesec<\/p><\/div><div class=\"theme-wp-block wp-block-column gb-responsive-243785-identifier is-layout-flow wp-block-column-is-layout-flow\" style=\"flex-basis:50%\"><h3 class=\"theme-wp-block wp-block-heading desktop-gb-has-no-icon xl-gb-has-no-icon lg-gb-has-no-icon md-gb-has-no-icon sm-gb-has-no-icon gb-responsive-998927-identifier\" id=\"block-c06fce04-ef87-4ffc-a3d6-b768ba377d17\">Ozadje:<\/h3><p class=\"theme-wp-block gb-responsive-710769-identifier\">Groupe Dragon je eno najuspe\u0161nej\u0161ih francoskih podjetij na trgu Amazon. In za to obstaja razlog: Preden je ustanovitelj Groupe Dragon postal prodajalec na Amazonu, je delal polni delovni \u010das kot serviser elektri\u010dnih aparatov. \u201e\u017de takrat je v svoji trgovini ponujal rezervne dele,\u201c pravi Florent Noualy, vodja nabave in strategije trga. \u201eZavedal se je, da se elektri\u010dni aparati danes veliko la\u017eje pokvarijo kot v preteklosti.\u201c<\/p><p class=\"theme-wp-block gb-responsive-502902-identifier\">Poleg tega so se pojavile nove pravne regulative, ki so od proizvajalcev zahtevale, da dolo\u010deno obdobje hranijo rezervne dele na zalogi. Kot rezultat teh sprememb je pri\u0161lo do znatnega pove\u010danja povpra\u0161evanja po materialih za popravila, zlasti na spletu. Odlo\u010ditev, da se rezervni deli ponudijo tudi na spletu, je bila povsem pravilna: Groupe Dragon se zdaj uvr\u0161\u010da med 5 najuspe\u0161nej\u0161ih francoskih prodajalcev na Amazonu.<\/p><h3 class=\"theme-wp-block wp-block-heading desktop-gb-has-no-icon xl-gb-has-no-icon lg-gb-has-no-icon md-gb-has-no-icon sm-gb-has-no-icon gb-responsive-686902-identifier\">Za\u010detna situacija:<\/h3><p class=\"theme-wp-block gb-responsive-145505-identifier\">S svojim uspehom se je Groupe Dragon soo\u010dil tudi z novimi izzivi, ki so jih morali premagati. \u201cEden od njih je bila internacionalizacija. Amazon je bil pri tem velika pomo\u010d, saj je njegov enostaven dostop do drugih trgovin pomenil, da je na\u0161e podjetje nenehno raslo,\u201d pravi Florent Noualy. Nem\u0161ki trg je celo postal vodilni prodajni kanal.<\/p><p class=\"theme-wp-block gb-responsive-223640-identifier\">Toda \u0161iritev preko Amazona je prav tako odprla pot za Groupe Dragon, da ponudi blagovne znamke izdelke podjetij Dyson ali Elektrolux. \u201cTo je mo\u010dno pove\u010dalo na\u0161o koli\u010dino naro\u010dil in skladi\u0161\u010d. Ko sem se pridru\u017eil ekipi leta 2015, je relativno hitro postalo jasno, da bomo morali v prihodnosti preiti na FBA. Za nas je bila to najbolj\u0161a mo\u017enost.\u201d<\/p><h3 class=\"theme-wp-block wp-block-heading desktop-gb-has-no-icon xl-gb-has-no-icon lg-gb-has-no-icon md-gb-has-no-icon sm-gb-has-no-icon gb-responsive-423206-identifier\">Re\u0161itev:<\/h3><p class=\"theme-wp-block gb-responsive-405561-identifier\">Nato je Noualy prejel sporo\u010dilo preko LinkedIn-a od Monice, na\u0161e predstavnice za razvoj prodaje pri SELLERLOGIC. \u201c\u017de sem poznal SELLERLOGIC,\u201d se spominja Noualy, \u201cin takoj sem bil zainteresiran za Lost &#038; Found. \u017de takrat mi je bilo jasno, da nam manjkajo pomembne informacije o na\u0161ih FBA procesih.\u201d Poleg tega nih\u010de v ekipi Groupe Dragon ni bil sposoben analizirati ogromnih koli\u010din podatkov, ki jih obdeluje Lost &#038; Found.<\/p><p class=\"theme-wp-block gb-responsive-793217-identifier\">\u201c\u010ceprav prodajamo na Amazonu \u017ee vrsto let in imamo dobro razumevanje, kako deluje,\u201d dodaja Noualy, &#8220;nismo imeli dovolj strokovnega znanja, da bi prepoznali vse vrste napak.&#8221;<br>Klju\u010dno je bilo obvladati to situacijo. \u201cKo sem takrat aktiviral Lost &#038; Found, sem \u017ee pri\u010dakoval, da bo orodje prepoznalo veliko FBA napak. Ampak nikoli si ne bi mislil, da bo dejansko \u0161tevilo tako veliko!\u201d<\/p><div class=\"theme-block-group-wrap\"><div class=\"theme-wp-block wp-block-group gb-responsive-88118-identifier\">\t\t<div  class=\"theme-wp-block theme-block-user-card gb-responsive-799176-identifier is-style-full-width-line desktop-gb-has-no-icon xl-gb-has-no-icon lg-gb-has-no-icon md-gb-has-no-icon sm-gb-has-no-icon\">\n\t\t<div class=\"wrap-inner-content\">\n\t\t\t<div class=\"card-user-head\">\n\t\t\t\t<div class=\"card-user-avatar\">\n\t\t\t\t\t<div class=\"cover-avatar\" style=\"background-image: url(https:\/\/d2bw95mh2ee04s.cloudfront.net\/prod\/content\/wp-content\/uploads\/2021\/03\/23142640\/florent_groupe-dragon-raute.png);\"><\/div>\n\t\t\t\t<\/div>\n\t\t\t\t<div class=\"wrap-title\">\n\t\t\t\t\t<div class=\"card-user-name\">\n\t\t\t\t\t\t<div class=\"title\">\n\t\t\t\t\t\t\t<h3 class=\"heading-text\"><strong>Florent Noualy<\/strong><\/h3>\n\t\t\t\t\t\t<\/div>\n\t\t\t\t\t\t<div class=\"card-user-position\">\n\t\t\t\t\t\t\t<div class=\"card-text\"><strong>Vodja nabave in strategije trga<\/strong><\/div>\n\t\t\t\t\t\t<\/div>\n\t\t\t\t\t<\/div>\n\t\t\t\t\t<div class=\"card-user-quote-icon\">\n\t\t\t\t\t<\/div>\n\t\t\t\t<\/div>\n\t\t\t<\/div>\n\t\t\t<div class=\"card-user-text\">\n\t\t\t\t<div class=\"card-text\"><p>&#8220;Bilo je popolnoma nesprejemljivo nadaljevati z izgubo toliko denarja, zato je odlo\u010ditev postala jasna: nadaljevali bomo z uporabo Lost &amp; Found.&#8221;<\/p><\/div>\n\t\t\t<\/div>\n\t\t<\/div>\n\t<\/div>\n\n<\/div><\/div><h3 class=\"theme-wp-block wp-block-heading desktop-gb-has-no-icon xl-gb-has-no-icon lg-gb-has-no-icon md-gb-has-no-icon sm-gb-has-no-icon gb-responsive-599569-identifier\">Uspe\u0161ni rezultati z SELLERLOGIC:<\/h3><p class=\"theme-wp-block gb-responsive-44628-identifier\">Prvi zagon Lost &#038; Found je razkril 360 napak. Noualy je bil \u0161okiran. \u201cBilo je popolnoma nesprejemljivo, da nadaljujemo z izgubo toliko denarja, zato je bila odlo\u010ditev jasna: nadaljevali bomo z uporabo Lost &#038; Found.\u201d To se je izkazalo za dobro odlo\u010ditev. Do sedaj je Lost &#038; Found podjetju prinesel okoli 25.000 evrov vra\u010dil, ki bi sicer bili izgubljeni.<\/p><p class=\"theme-wp-block gb-responsive-8364-identifier\">Toda to \u0161e ni vse. Poleg tega re\u0161itev Groupe Dragon pri SELLERLOGIC prihrani tudi \u0161tevilne druge vire, kot so \u010das in delovna sila. \u201cKomunikacija z Amazonom je prav tako postala la\u017eja, ker nam Lost &#038; Found ves \u010das zagotavlja prave informacije.\u201d To vklju\u010duje, na primer, predloge, ki jih lahko Groupe Dragon uporabi za takoj\u0161nje odgovore na avtomatizirane odgovore Amazona. \u201cVse, kar moramo storiti, je, da preprosto kopiramo te predloge. Vse, kar moramo vedeti o napaki, je jasno prikazano v Lost &#038; Found.\u201d<\/p><p class=\"theme-wp-block gb-responsive-936816-identifier\">Florent Noualy je prav tako navdu\u0161en nad SELLERLOGIC, ker je storitev za stranke vklju\u010dena v ceno: \u201c\u010ce pride do kakr\u0161nih koli te\u017eav z enim od odprtih primerov, je ekipa SELLERLOGIC vedno na voljo in stori vse, kar je v njihovi mo\u010di, da pomagajo svojim strankam in zaklju\u010dijo primer z najbolj\u0161im mo\u017enim izidom.<\/p><div class=\"theme-wp-block wp-block-buttons desktop-gb-has-no-icon xl-gb-has-no-icon lg-gb-has-no-icon md-gb-has-no-icon sm-gb-has-no-icon gb-responsive-237208-identifier is-layout-flex wp-block-buttons-is-layout-flex\"><div class=\"theme-wp-block wp-block-button is-style-theme-transparent-with-arrow gb-responsive-303674-identifier\"><a class=\"wp-block-button__link wp-element-button\" href=\"https:\/\/d2bw95mh2ee04s.cloudfront.net\/prod\/content\/files\/SUCCESS-STORIES\/EN\/SELLERLOGIC_Success-Story_Groupe-Dragon_EN.pdf\" target=\"_blank\" rel=\"noreferrer noopener nofollow\">Prenesite zdaj!<\/a><\/div><\/div><\/div><div class=\"theme-wp-block wp-block-column gb-responsive-252189-identifier is-layout-flow wp-block-column-is-layout-flow\" style=\"flex-basis:25%\"><\/div><\/div><p class=\"theme-wp-block gb-responsive-208920-identifier\"><\/p>","protected":false},"excerpt":{"rendered":"<p>Ustanovitev:2011 Industrija:Rezervni deli in elektronske gospodinjske naprave Izdelki na Amazonu:\u00a0pribli\u017eno 177,000 SKU-jev Po\u0161iljke:\u00a0pribli\u017eno 37,000 na mesec Ozadje: Groupe Dragon je eno najuspe\u0161nej\u0161ih francoskih podjetij na trgu Amazon. In za to obstaja razlog: Preden je ustanovitelj Groupe Dragon postal prodajalec na Amazonu, je delal polni delovni \u010das kot serviser elektri\u010dnih aparatov. \u201e\u017de takrat je v svoji<\/p>\n","protected":false},"author":3,"featured_media":8511,"parent":228867,"menu_order":0,"comment_status":"closed","ping_status":"closed","template":"","meta":{"sidebar_recommended_resources":{"data":[]},"sidebar_header_settings":{"hide_buttons":{"register":false}},"_use_new_theme":false,"inline_featured_image":false,"footnotes":""},"class_list":["post-228879","page","type-page","status-publish","has-post-thumbnail","hentry"],"yoast_head":"<!-- This site is optimized with the Yoast SEO plugin v26.8 - https:\/\/yoast.com\/product\/yoast-seo-wordpress\/ -->\n<title>Uspe\u0161na zgodba: Groupe Dragon in Lost &amp; Found | SELLERLOGIC<\/title>\n<meta name=\"description\" content=\"Brez \u010dasa, brez delovne sile, brez virov: Kako Groupe Dragon \u0161e vedno pridobi povra\u010dilo za vsako FBA napako. Preberite zdaj in izvedite ve\u010d!\" \/>\n<meta name=\"robots\" content=\"index, follow, max-snippet:-1, max-image-preview:large, max-video-preview:-1\" \/>\n<link rel=\"canonical\" href=\"https:\/\/www.sellerlogic.com\/sl\/resources\/success-story-groupe-dragon\/\" \/>\n<meta property=\"og:locale\" content=\"sl_SI\" \/>\n<meta property=\"og:type\" content=\"article\" \/>\n<meta property=\"og:title\" content=\"Uspe\u0161na zgodba: Groupe Dragon in Lost &amp; Found | SELLERLOGIC\" \/>\n<meta property=\"og:description\" content=\"Brez \u010dasa, brez delovne sile, brez virov: Kako Groupe Dragon \u0161e vedno pridobi povra\u010dilo za vsako FBA napako. Preberite zdaj in izvedite ve\u010d!\" \/>\n<meta property=\"og:url\" content=\"https:\/\/www.sellerlogic.com\/sl\/resources\/success-story-groupe-dragon\/\" \/>\n<meta property=\"og:site_name\" content=\"SELLERLOGIC - Smarte Tools f\u00fcr Amazon-Seller\" \/>\n<meta property=\"article:publisher\" content=\"https:\/\/www.facebook.com\/SellerLogic\/\" \/>\n<meta property=\"og:image\" content=\"https:\/\/d2bw95mh2ee04s.cloudfront.net\/prod\/content\/wp-content\/uploads\/2021\/03\/23142639\/wp-header_groupe-dragon.jpeg\" \/>\n\t<meta property=\"og:image:width\" content=\"2000\" \/>\n\t<meta property=\"og:image:height\" content=\"1333\" \/>\n\t<meta property=\"og:image:type\" content=\"image\/jpeg\" \/>\n<meta name=\"twitter:card\" content=\"summary_large_image\" \/>\n<meta name=\"twitter:site\" content=\"@sellerlogic\" \/>\n<meta name=\"twitter:label1\" content=\"Est. reading time\" \/>\n\t<meta name=\"twitter:data1\" content=\"4 minutes\" \/>\n<script type=\"application\/ld+json\" class=\"yoast-schema-graph\">{\"@context\":\"https:\/\/schema.org\",\"@graph\":[{\"@type\":\"WebPage\",\"@id\":\"https:\/\/www.sellerlogic.com\/sl\/resources\/success-story-groupe-dragon\/\",\"url\":\"https:\/\/www.sellerlogic.com\/sl\/resources\/success-story-groupe-dragon\/\",\"name\":\"Uspe\u0161na zgodba: Groupe Dragon in Lost & Found | SELLERLOGIC\",\"isPartOf\":{\"@id\":\"https:\/\/www.sellerlogic.com\/sl\/#website\"},\"primaryImageOfPage\":{\"@id\":\"https:\/\/www.sellerlogic.com\/sl\/resources\/success-story-groupe-dragon\/#primaryimage\"},\"image\":{\"@id\":\"https:\/\/www.sellerlogic.com\/sl\/resources\/success-story-groupe-dragon\/#primaryimage\"},\"thumbnailUrl\":\"https:\/\/d2bw95mh2ee04s.cloudfront.net\/prod\/content\/wp-content\/uploads\/2021\/03\/23142639\/wp-header_groupe-dragon.jpeg\",\"datePublished\":\"2021-03-02T08:05:46+00:00\",\"description\":\"Brez \u010dasa, brez delovne sile, brez virov: Kako Groupe Dragon \u0161e vedno pridobi povra\u010dilo za vsako FBA napako. Preberite zdaj in izvedite ve\u010d!\",\"breadcrumb\":{\"@id\":\"https:\/\/www.sellerlogic.com\/sl\/resources\/success-story-groupe-dragon\/#breadcrumb\"},\"inLanguage\":\"sl-SI\",\"potentialAction\":[{\"@type\":\"ReadAction\",\"target\":[\"https:\/\/www.sellerlogic.com\/sl\/resources\/success-story-groupe-dragon\/\"]}]},{\"@type\":\"ImageObject\",\"inLanguage\":\"sl-SI\",\"@id\":\"https:\/\/www.sellerlogic.com\/sl\/resources\/success-story-groupe-dragon\/#primaryimage\",\"url\":\"https:\/\/d2bw95mh2ee04s.cloudfront.net\/prod\/content\/wp-content\/uploads\/2021\/03\/23142639\/wp-header_groupe-dragon.jpeg\",\"contentUrl\":\"https:\/\/d2bw95mh2ee04s.cloudfront.net\/prod\/content\/wp-content\/uploads\/2021\/03\/23142639\/wp-header_groupe-dragon.jpeg\",\"width\":2000,\"height\":1333,\"caption\":\"electrical tools and equipment on wooden background with copy space\"},{\"@type\":\"BreadcrumbList\",\"@id\":\"https:\/\/www.sellerlogic.com\/sl\/resources\/success-story-groupe-dragon\/#breadcrumb\",\"itemListElement\":[{\"@type\":\"ListItem\",\"position\":1,\"name\":\"Home\",\"item\":\"https:\/\/www.sellerlogic.com\/sl\/\"},{\"@type\":\"ListItem\",\"position\":2,\"name\":\"Ressourcen EN\",\"item\":\"https:\/\/www.sellerlogic.com\/sl\/resources\/\"},{\"@type\":\"ListItem\",\"position\":3,\"name\":\"Zgodba o uspehu: Groupe Dragon EN\"}]},{\"@type\":\"WebSite\",\"@id\":\"https:\/\/www.sellerlogic.com\/sl\/#website\",\"url\":\"https:\/\/www.sellerlogic.com\/sl\/\",\"name\":\"SELLERLOGIC - Smarte Tools f\u00fcr Amazon-Seller\",\"description\":\"Intelligente Prozessoptimierung und Gewinnmaximierung\",\"publisher\":{\"@id\":\"https:\/\/www.sellerlogic.com\/sl\/#organization\"},\"potentialAction\":[{\"@type\":\"SearchAction\",\"target\":{\"@type\":\"EntryPoint\",\"urlTemplate\":\"https:\/\/www.sellerlogic.com\/sl\/?s={search_term_string}\"},\"query-input\":{\"@type\":\"PropertyValueSpecification\",\"valueRequired\":true,\"valueName\":\"search_term_string\"}}],\"inLanguage\":\"sl-SI\"},{\"@type\":\"Organization\",\"@id\":\"https:\/\/www.sellerlogic.com\/sl\/#organization\",\"name\":\"SELLERLOGIC\",\"url\":\"https:\/\/www.sellerlogic.com\/sl\/\",\"logo\":{\"@type\":\"ImageObject\",\"inLanguage\":\"sl-SI\",\"@id\":\"https:\/\/www.sellerlogic.com\/sl\/#\/schema\/logo\/image\/\",\"url\":\"https:\/\/d2bw95mh2ee04s.cloudfront.net\/prod\/content\/wp-content\/uploads\/2025\/01\/02134814\/Property-Logo-Main.svg\",\"contentUrl\":\"https:\/\/d2bw95mh2ee04s.cloudfront.net\/prod\/content\/wp-content\/uploads\/2025\/01\/02134814\/Property-Logo-Main.svg\",\"width\":184,\"height\":40,\"caption\":\"SELLERLOGIC\"},\"image\":{\"@id\":\"https:\/\/www.sellerlogic.com\/sl\/#\/schema\/logo\/image\/\"},\"sameAs\":[\"https:\/\/www.facebook.com\/SellerLogic\/\",\"https:\/\/x.com\/sellerlogic\",\"https:\/\/www.instagram.com\/sellerlogic\/\",\"https:\/\/www.linkedin.com\/company\/18402037\/\",\"https:\/\/www.youtube.com\/channel\/UC-gULUur-fNj08sprantKsQ\"]}]}<\/script>\n<!-- \/ Yoast SEO plugin. -->","yoast_head_json":{"title":"Uspe\u0161na zgodba: Groupe Dragon in Lost & Found | SELLERLOGIC","description":"Brez \u010dasa, brez delovne sile, brez virov: Kako Groupe Dragon \u0161e vedno pridobi povra\u010dilo za vsako FBA napako. Preberite zdaj in izvedite ve\u010d!","robots":{"index":"index","follow":"follow","max-snippet":"max-snippet:-1","max-image-preview":"max-image-preview:large","max-video-preview":"max-video-preview:-1"},"canonical":"https:\/\/www.sellerlogic.com\/sl\/resources\/success-story-groupe-dragon\/","og_locale":"sl_SI","og_type":"article","og_title":"Uspe\u0161na zgodba: Groupe Dragon in Lost & Found | SELLERLOGIC","og_description":"Brez \u010dasa, brez delovne sile, brez virov: Kako Groupe Dragon \u0161e vedno pridobi povra\u010dilo za vsako FBA napako. Preberite zdaj in izvedite ve\u010d!","og_url":"https:\/\/www.sellerlogic.com\/sl\/resources\/success-story-groupe-dragon\/","og_site_name":"SELLERLOGIC - Smarte Tools f\u00fcr Amazon-Seller","article_publisher":"https:\/\/www.facebook.com\/SellerLogic\/","og_image":[{"width":2000,"height":1333,"url":"https:\/\/d2bw95mh2ee04s.cloudfront.net\/prod\/content\/wp-content\/uploads\/2021\/03\/23142639\/wp-header_groupe-dragon.jpeg","type":"image\/jpeg"}],"twitter_card":"summary_large_image","twitter_site":"@sellerlogic","twitter_misc":{"Est. reading time":"4 minutes"},"schema":{"@context":"https:\/\/schema.org","@graph":[{"@type":"WebPage","@id":"https:\/\/www.sellerlogic.com\/sl\/resources\/success-story-groupe-dragon\/","url":"https:\/\/www.sellerlogic.com\/sl\/resources\/success-story-groupe-dragon\/","name":"Uspe\u0161na zgodba: Groupe Dragon in Lost & Found | SELLERLOGIC","isPartOf":{"@id":"https:\/\/www.sellerlogic.com\/sl\/#website"},"primaryImageOfPage":{"@id":"https:\/\/www.sellerlogic.com\/sl\/resources\/success-story-groupe-dragon\/#primaryimage"},"image":{"@id":"https:\/\/www.sellerlogic.com\/sl\/resources\/success-story-groupe-dragon\/#primaryimage"},"thumbnailUrl":"https:\/\/d2bw95mh2ee04s.cloudfront.net\/prod\/content\/wp-content\/uploads\/2021\/03\/23142639\/wp-header_groupe-dragon.jpeg","datePublished":"2021-03-02T08:05:46+00:00","description":"Brez \u010dasa, brez delovne sile, brez virov: Kako Groupe Dragon \u0161e vedno pridobi povra\u010dilo za vsako FBA napako. Preberite zdaj in izvedite ve\u010d!","breadcrumb":{"@id":"https:\/\/www.sellerlogic.com\/sl\/resources\/success-story-groupe-dragon\/#breadcrumb"},"inLanguage":"sl-SI","potentialAction":[{"@type":"ReadAction","target":["https:\/\/www.sellerlogic.com\/sl\/resources\/success-story-groupe-dragon\/"]}]},{"@type":"ImageObject","inLanguage":"sl-SI","@id":"https:\/\/www.sellerlogic.com\/sl\/resources\/success-story-groupe-dragon\/#primaryimage","url":"https:\/\/d2bw95mh2ee04s.cloudfront.net\/prod\/content\/wp-content\/uploads\/2021\/03\/23142639\/wp-header_groupe-dragon.jpeg","contentUrl":"https:\/\/d2bw95mh2ee04s.cloudfront.net\/prod\/content\/wp-content\/uploads\/2021\/03\/23142639\/wp-header_groupe-dragon.jpeg","width":2000,"height":1333,"caption":"electrical tools and equipment on wooden background with copy space"},{"@type":"BreadcrumbList","@id":"https:\/\/www.sellerlogic.com\/sl\/resources\/success-story-groupe-dragon\/#breadcrumb","itemListElement":[{"@type":"ListItem","position":1,"name":"Home","item":"https:\/\/www.sellerlogic.com\/sl\/"},{"@type":"ListItem","position":2,"name":"Ressourcen EN","item":"https:\/\/www.sellerlogic.com\/sl\/resources\/"},{"@type":"ListItem","position":3,"name":"Zgodba o uspehu: Groupe Dragon EN"}]},{"@type":"WebSite","@id":"https:\/\/www.sellerlogic.com\/sl\/#website","url":"https:\/\/www.sellerlogic.com\/sl\/","name":"SELLERLOGIC - Smarte Tools f\u00fcr Amazon-Seller","description":"Intelligente Prozessoptimierung und Gewinnmaximierung","publisher":{"@id":"https:\/\/www.sellerlogic.com\/sl\/#organization"},"potentialAction":[{"@type":"SearchAction","target":{"@type":"EntryPoint","urlTemplate":"https:\/\/www.sellerlogic.com\/sl\/?s={search_term_string}"},"query-input":{"@type":"PropertyValueSpecification","valueRequired":true,"valueName":"search_term_string"}}],"inLanguage":"sl-SI"},{"@type":"Organization","@id":"https:\/\/www.sellerlogic.com\/sl\/#organization","name":"SELLERLOGIC","url":"https:\/\/www.sellerlogic.com\/sl\/","logo":{"@type":"ImageObject","inLanguage":"sl-SI","@id":"https:\/\/www.sellerlogic.com\/sl\/#\/schema\/logo\/image\/","url":"https:\/\/d2bw95mh2ee04s.cloudfront.net\/prod\/content\/wp-content\/uploads\/2025\/01\/02134814\/Property-Logo-Main.svg","contentUrl":"https:\/\/d2bw95mh2ee04s.cloudfront.net\/prod\/content\/wp-content\/uploads\/2025\/01\/02134814\/Property-Logo-Main.svg","width":184,"height":40,"caption":"SELLERLOGIC"},"image":{"@id":"https:\/\/www.sellerlogic.com\/sl\/#\/schema\/logo\/image\/"},"sameAs":["https:\/\/www.facebook.com\/SellerLogic\/","https:\/\/x.com\/sellerlogic","https:\/\/www.instagram.com\/sellerlogic\/","https:\/\/www.linkedin.com\/company\/18402037\/","https:\/\/www.youtube.com\/channel\/UC-gULUur-fNj08sprantKsQ"]}]}},"_links":{"self":[{"href":"https:\/\/www.sellerlogic.com\/sl\/wp-json\/wp\/v2\/pages\/228879","targetHints":{"allow":["GET"]}}],"collection":[{"href":"https:\/\/www.sellerlogic.com\/sl\/wp-json\/wp\/v2\/pages"}],"about":[{"href":"https:\/\/www.sellerlogic.com\/sl\/wp-json\/wp\/v2\/types\/page"}],"author":[{"embeddable":true,"href":"https:\/\/www.sellerlogic.com\/sl\/wp-json\/wp\/v2\/users\/3"}],"replies":[{"embeddable":true,"href":"https:\/\/www.sellerlogic.com\/sl\/wp-json\/wp\/v2\/comments?post=228879"}],"version-history":[{"count":0,"href":"https:\/\/www.sellerlogic.com\/sl\/wp-json\/wp\/v2\/pages\/228879\/revisions"}],"up":[{"embeddable":true,"href":"https:\/\/www.sellerlogic.com\/sl\/wp-json\/wp\/v2\/pages\/228867"}],"wp:featuredmedia":[{"embeddable":true,"href":"https:\/\/www.sellerlogic.com\/sl\/wp-json\/wp\/v2\/media\/8511"}],"wp:attachment":[{"href":"https:\/\/www.sellerlogic.com\/sl\/wp-json\/wp\/v2\/media?parent=228879"}],"curies":[{"name":"wp","href":"https:\/\/api.w.org\/{rel}","templated":true}]}}