
{"id":229086,"date":"2021-01-07T08:42:11","date_gmt":"2021-01-07T08:42:11","guid":{"rendered":"https:\/\/127.0.0.1\/resources\/wb-en-202002\/"},"modified":"2021-01-07T08:42:11","modified_gmt":"2021-01-07T08:42:11","slug":"wb-en-202002","status":"publish","type":"page","link":"https:\/\/www.sellerlogic.com\/sl\/resources\/wb-en-202002\/","title":{"rendered":"Delovni zvezek: V 13 korakih v Buy Box EN"},"content":{"rendered":"\n\t<div  class=\"theme-wp-block theme-block-main-header is-style-default desktop-content-align-y-center desktop-content-align-x-center xl-content-align-y-center xl-content-align-x-center lg-content-align-y-center lg-content-align-x-center md-content-align-y-center md-content-align-x-center sm-content-align-y-center sm-content-align-x-center gb-responsive-870765-identifier desktop-gb-has-no-icon xl-gb-has-no-icon lg-gb-has-no-icon md-gb-has-no-icon sm-gb-has-no-icon desktop-align-full xl-align-full lg-align-full md-align-full sm-align-full theme-block-cover\">\n\t\t<div class=\"bg-cover theme-lazy-load-bg\"><\/div>\n\t\t<div class=\"wrap-content-main-header\">\n\t\t\t\t\t<div  class=\"theme-wp-block theme-block-text-and-text desktop-blockDirection-row xl-blockDirection-row lg-blockDirection-row md-blockDirection-row sm-blockDirection-row gb-responsive-668047-identifier\">\n\t\t<div class=\"tat-column-wrap-wrapper\">\n\t\t\t<div class=\"tat-column-wrapper\">\n\t\t\t\t\t<div  class=\"theme-wp-block theme-block-text-and-text-column gb-responsive-12402-identifier desktop-horizontal-center xl-horizontal-center lg-horizontal-center md-horizontal-center sm-horizontal-center\">\n\t\t<div class=\"inner-wrap-column-content\">\n\t\t\t<div class=\"inner-column-content\">\n\t\t\t\t\t\t<h1  class=\"theme-wp-block theme-block-heading desktop-text-center xl-text-center lg-text-center md-text-center sm-text-center is-style-default gb-responsive-934842-identifier desktop-align-center xl-align-center lg-align-center md-align-center sm-align-center aligncenter h1 has-text-align\">\n\t\tV Buy Box v 13 korakih\t<\/h1>\n\n\t\t<h2  class=\"theme-wp-block theme-block-heading desktop-text-center xl-text-center lg-text-center md-text-center sm-text-center is-style-default gb-responsive-854417-identifier desktop-align-center xl-align-center lg-align-center md-align-center sm-align-center aligncenter h2 has-text-align\">\n\t\tKako optimizirati svoje metrike!\t<\/h2>\n\n\t\t\t<\/div>\n\t\t<\/div>\n\t<\/div>\n\t<div  class=\"theme-wp-block theme-block-text-and-text-column gb-responsive-288701-identifier\">\n\t\t<div class=\"inner-wrap-column-content\">\n\t\t\t<div class=\"inner-column-content\">\n\t\t\t\t\t\t\t<\/div>\n\t\t<\/div>\n\t<\/div>\n\t\t\t<\/div>\n\t\t<\/div>\n\t<\/div>\n\n\t\t<\/div>\n\t<\/div>\n\n<div style=\"height:50px\" aria-hidden=\"true\" class=\"theme-wp-block wp-block-spacer\"><\/div><div class=\"theme-wp-block wp-block-columns gb-responsive-25107-identifier is-layout-flex wp-container-core-columns-is-layout-9d6595d7 wp-block-columns-is-layout-flex\"><div class=\"theme-wp-block wp-block-column gb-responsive-617598-identifier is-layout-flow wp-block-column-is-layout-flow\"><h2 class=\"theme-wp-block gb-responsive-348831-identifier wp-block-heading\" id=\"13-steps-one-buy-box\">13 korakov \u2013 ena Buy Box!<\/h2><div class=\"theme-wp-block wp-block-image gb-responsive-796372-identifier\"><figure class=\"alignright size-large is-resized\"><img decoding=\"async\" src=\"https:\/\/d2bw95mh2ee04s.cloudfront.net\/prod\/content\/wp-content\/uploads\/2021\/01\/23142706\/wb-13-steps-cover-en.png\" alt=\"Delovni zvezek: V 13 korakih v Buy Box EN\" class=\"wp-image-6261\" width=\"385\" srcset=\"https:\/\/d2bw95mh2ee04s.cloudfront.net\/prod\/content\/wp-content\/uploads\/2021\/01\/23142706\/wb-13-steps-cover-en-407x443.png 407w, https:\/\/d2bw95mh2ee04s.cloudfront.net\/prod\/content\/wp-content\/uploads\/2021\/01\/23142706\/wb-13-steps-cover-en.png 738w\" sizes=\"(max-width: 738px) 100vw, 738px\" \/><\/figure><\/div><p class=\"theme-wp-block is-style-default gb-responsive-367803-identifier\">Ali poznate vse pomembne kriterije za osvojitev Buy Box? Ni pomembna le \u010das dostave in cena, temve\u010d tudi druge metrike, kot je podpora strankam, ki jih morate vedno imeti v mislih!<\/p><p class=\"theme-wp-block is-style-default gb-responsive-832605-identifier\">Dejstvo je, da boste le, \u010de so va\u0161i izdelki v Buy Box, imeli prilo\u017enost dose\u010di zadostne prodaje. Konec koncev 90 od 100 kupcev odda svoje naro\u010dilo preko oran\u017enega polja za nakupovalni vozi\u010dek.<\/p><p class=\"theme-wp-block is-style-default gb-responsive-299470-identifier\"><strong><strong>Prenesite na\u0161 brezpla\u010dni delovni zvezek zdaj in izvedite, katera merila morate izpolniti in kako uspe\u0161no obvladovati svoje metrike \u2013 od minimalnih zahtev do idealne vrednosti do pravilnega izra\u010duna!<\/strong><\/strong><\/p><div class=\"theme-wp-block wp-block-columns gb-responsive-865137-identifier is-layout-flex wp-container-core-columns-is-layout-9d6595d7 wp-block-columns-is-layout-flex\"><div class=\"theme-wp-block wp-block-column gb-responsive-773470-identifier is-layout-flow wp-block-column-is-layout-flow\"><div id=\"wb-form\" class=\"theme-wp-block wb-form\"><p>\n\t\tProsimo, vnesite naslednje informacije, da zahtevate delovni zvezek. Ta vam bo nato poslan.<br><\/p><form id=\"leadform\" action=\"#\" method=\"post\"><label>Ime in priimek<sup style=\"color: rgb(255, 0, 0);\">*<\/sup><\/label><br> <input type=\"text\" placeholder=\"Ime in priimek\" name=\"first-name\" id=\"first-name\" required=\"required\" style=\"padding: 10px; font-size: 18px; width: 100%; margin-bottom: 15px; color: rgb(88, 88, 88);\"><br> <label>Email naslov<sup style=\"color: rgb(255, 0, 0);\">*<\/sup><\/label><br> <input type=\"email\" required=\"required\" placeholder=\"Email naslov\" name=\"email\" id=\"email\" style=\"padding: 10px; font-size: 18px; width: 100%; margin-bottom: 15px; color: rgb(88, 88, 88);\"><br> <label>Telefon<sup style=\"color: rgb(255, 0, 0);\">*<\/sup> <span style=\"font-size: 12px;\">(Prosimo, vklju\u010dite kodo dr\u017eave)<\/span><\/label><br> <input type=\"number\" required=\"required\" placeholder=\"Telefon\" name=\"telephone\" id=\"telephone\" style=\"padding: 10px; font-size: 18px; width: 100%; margin-bottom: 15px; color: rgb(88, 88, 88);\"><br> <label>URL trgovine Amazon<sup style=\"color: rgb(255, 0, 0);\">*<\/sup><\/label><br> <input type=\"text\" required=\"required\" placeholder=\"Spletna stran\" name=\"website\" id=\"website\" style=\"padding: 10px; font-size: 18px; width: 100%; margin-bottom: 15px; color: rgb(88, 88, 88);\"><br><label>\u0160tevilo SKU<\/label><br> <input type=\"text\" placeholder=\"\u0160tevilo SKU\" name=\"sku_count\" id=\"sku_count\" style=\"padding: 10px; font-size: 18px; width: 100%; margin-bottom: 15px; color: rgb(88, 88, 88);\"><br><input type=\"submit\" value=\"Naro\u010dite delovni zvezek zdaj!\" id=\"submitnow\" style=\"padding: 10px; font-size: 18px; width: 100%; margin-bottom: 15px; color: rgb(255, 255, 255); background-color: rgb(255, 170, 1); cursor: pointer;\"> <p style=\"margin-bottom: 10px; font-size: 12px;\">Obdelava podatkov poteka v skladu z na\u0161o <a href=\"https:\/\/www.sellerlogic.com\/en\/privacy-policy\/\" target=\"_blank\" rel=\"noopener\">politiko zasebnosti<\/a>.<\/p><\/form><\/div><\/div><\/div><\/div><div class=\"theme-wp-block wp-block-column gb-responsive-603254-identifier is-layout-flow wp-block-column-is-layout-flow\" style=\"flex-basis:25%\"><\/div><\/div><h3 class=\"theme-wp-block has-text-align-center gb-responsive-132502-identifier is-style-default desktop-text-center xl-text-center lg-text-center md-text-center sm-text-center wp-block-heading\" id=\"further-content-for-you\">Dodatna vsebina za vas<\/h3>\t\t<div  class=\"theme-wp-block theme-block-card-posts gb-responsive-809039-identifier layout-recommended-resources layout-size-normal\">\n\t\t<div class=\"wrap-inner-blocks\">\n\t\t\t<div class=\"post-card \">\n\t\t\t<a class=\"post-link\" href=\"https:\/\/www.sellerlogic.com\/sl\/resources\/success-story-sport-hesse\/\" >SELLERLOGIC pomaga s strokovnostjo, Sport-Hesse pa je nagrajen z visokim povra\u010dilom na Amazonu<\/a>\n\t\t<div class=\"bg-image has-image\">\n\t\t<img decoding=\"async\" width=\"434\" height=\"289\" src=\"https:\/\/d2bw95mh2ee04s.cloudfront.net\/prod\/content\/wp-content\/uploads\/2020\/12\/23142722\/sport-hesse-header-neu-post-card-tall.jpeg\" class=\"attachment-0x289 size-0x289 wp-post-image\" alt=\"Sport-Hesse: Header\" srcset=\"https:\/\/d2bw95mh2ee04s.cloudfront.net\/prod\/content\/wp-content\/uploads\/2020\/12\/23142722\/sport-hesse-header-neu-104x69.jpeg 104w, https:\/\/d2bw95mh2ee04s.cloudfront.net\/prod\/content\/wp-content\/uploads\/2020\/12\/23142722\/sport-hesse-header-neu-208x139.jpeg 208w, https:\/\/d2bw95mh2ee04s.cloudfront.net\/prod\/content\/wp-content\/uploads\/2020\/12\/23142722\/sport-hesse-header-neu-medium.jpeg 407w, https:\/\/d2bw95mh2ee04s.cloudfront.net\/prod\/content\/wp-content\/uploads\/2020\/12\/23142722\/sport-hesse-header-neu-medium-large.jpeg 768w, https:\/\/d2bw95mh2ee04s.cloudfront.net\/prod\/content\/wp-content\/uploads\/2020\/12\/23142722\/sport-hesse-header-neu-large.jpeg 844w, https:\/\/d2bw95mh2ee04s.cloudfront.net\/prod\/content\/wp-content\/uploads\/2020\/12\/23142722\/sport-hesse-header-neu-1200x800.jpeg 1200w, https:\/\/d2bw95mh2ee04s.cloudfront.net\/prod\/content\/wp-content\/uploads\/2020\/12\/23142722\/sport-hesse-header-neu-huge.jpeg 1536w, https:\/\/d2bw95mh2ee04s.cloudfront.net\/prod\/content\/wp-content\/uploads\/2020\/12\/23142722\/sport-hesse-header-neu-2048x1366.jpeg 2048w\" sizes=\"(max-width: 434px) 100vw, 434px\" \/>\t<\/div>\n\t<div class=\"inside-wrap-card\">\n\t\t<div class=\"inside-wrap-card-content\">\n\t\t\t<div class=\"wrap-content\">\n\t\t\t\t<div class=\"card-subtitle\">\n\t\t\t\t\tSuccess Story\t\t\t\t<\/div>\n\t\t\t\t<div class=\"title\">\n\t\t\t\t\t<a href=\"https:\/\/www.sellerlogic.com\/sl\/resources\/success-story-sport-hesse\/\" >SELLERLOGIC pomaga s strokovnostjo, Sport-Hesse pa je nagrajen z visokim povra\u010dilom na Amazonu<\/a>\n\t\t\t\t<\/div>\n\n\t\t\t\t\t\t\t<\/div>\n\t\t<\/div>\n\t<\/div>\n<\/div><div class=\"post-card \">\n\t\t\t<a class=\"post-link\" href=\"https:\/\/www.sellerlogic.com\/sl\/resources\/wb-en-202001\/\" >6 nasvetov za FBA prodajalce: Kako uspe\u0161no prodajati na Amazonu!<\/a>\n\t\t<div class=\"bg-image has-image\">\n\t\t<img decoding=\"async\" width=\"677\" height=\"289\" src=\"https:\/\/d2bw95mh2ee04s.cloudfront.net\/prod\/content\/wp-content\/uploads\/2020\/12\/23142721\/tipps-fba-seller-header-post-card-tall.jpeg\" class=\"attachment-0x289 size-0x289\" alt=\"6 Tipps f\u00fcr FBA Seller\" srcset=\"https:\/\/d2bw95mh2ee04s.cloudfront.net\/prod\/content\/wp-content\/uploads\/2020\/12\/23142721\/tipps-fba-seller-header-medium.jpeg 407w, https:\/\/d2bw95mh2ee04s.cloudfront.net\/prod\/content\/wp-content\/uploads\/2020\/12\/23142721\/tipps-fba-seller-header-medium-large.jpeg 768w, https:\/\/d2bw95mh2ee04s.cloudfront.net\/prod\/content\/wp-content\/uploads\/2020\/12\/23142721\/tipps-fba-seller-header-large.jpeg 844w, https:\/\/d2bw95mh2ee04s.cloudfront.net\/prod\/content\/wp-content\/uploads\/2020\/12\/23142721\/tipps-fba-seller-header-huge.jpeg 1536w, https:\/\/d2bw95mh2ee04s.cloudfront.net\/prod\/content\/wp-content\/uploads\/2020\/12\/23142721\/tipps-fba-seller-header-2048x874.jpeg 2048w\" sizes=\"(max-width: 677px) 100vw, 677px\" \/>\t<\/div>\n\t<div class=\"inside-wrap-card\">\n\t\t<div class=\"inside-wrap-card-content\">\n\t\t\t<div class=\"wrap-content\">\n\t\t\t\t<div class=\"card-subtitle\">\n\t\t\t\t\tWorkbook\t\t\t\t<\/div>\n\t\t\t\t<div class=\"title\">\n\t\t\t\t\t<a href=\"https:\/\/www.sellerlogic.com\/sl\/resources\/wb-en-202001\/\" >6 nasvetov za FBA prodajalce: Kako uspe\u0161no prodajati na Amazonu!<\/a>\n\t\t\t\t<\/div>\n\n\t\t\t\t\t\t\t<\/div>\n\t\t<\/div>\n\t<\/div>\n<\/div><div class=\"post-card \">\n\t\t\t<a class=\"post-link\" href=\"https:\/\/www.sellerlogic.com\/sl\/resources\/success-story-univers-cake\/\" >&#8220;Pla\u010damo za Repricer z na\u0161imi Lost &#038; Found povra\u010dili!&#8221;<\/a>\n\t\t<div class=\"bg-image has-image\">\n\t\t<img decoding=\"async\" width=\"669\" height=\"289\" src=\"https:\/\/d2bw95mh2ee04s.cloudfront.net\/prod\/content\/wp-content\/uploads\/2020\/12\/23142710\/success-story-univers-cake-header-post-card-tall.jpeg\" class=\"attachment-0x289 size-0x289 wp-post-image\" alt=\"Success Story: Univers Cake\" srcset=\"https:\/\/d2bw95mh2ee04s.cloudfront.net\/prod\/content\/wp-content\/uploads\/2020\/12\/23142710\/success-story-univers-cake-header-104x45.jpeg 104w, https:\/\/d2bw95mh2ee04s.cloudfront.net\/prod\/content\/wp-content\/uploads\/2020\/12\/23142710\/success-story-univers-cake-header-208x90.jpeg 208w, https:\/\/d2bw95mh2ee04s.cloudfront.net\/prod\/content\/wp-content\/uploads\/2020\/12\/23142710\/success-story-univers-cake-header-medium.jpeg 407w, https:\/\/d2bw95mh2ee04s.cloudfront.net\/prod\/content\/wp-content\/uploads\/2020\/12\/23142710\/success-story-univers-cake-header-medium-large.jpeg 768w, https:\/\/d2bw95mh2ee04s.cloudfront.net\/prod\/content\/wp-content\/uploads\/2020\/12\/23142710\/success-story-univers-cake-header-large.jpeg 844w, https:\/\/d2bw95mh2ee04s.cloudfront.net\/prod\/content\/wp-content\/uploads\/2020\/12\/23142710\/success-story-univers-cake-header-1200x519.jpeg 1200w, https:\/\/d2bw95mh2ee04s.cloudfront.net\/prod\/content\/wp-content\/uploads\/2020\/12\/23142710\/success-story-univers-cake-header-huge.jpeg 1536w, https:\/\/d2bw95mh2ee04s.cloudfront.net\/prod\/content\/wp-content\/uploads\/2020\/12\/23142710\/success-story-univers-cake-header-2048x885.jpeg 2048w\" sizes=\"(max-width: 669px) 100vw, 669px\" \/>\t<\/div>\n\t<div class=\"inside-wrap-card\">\n\t\t<div class=\"inside-wrap-card-content\">\n\t\t\t<div class=\"wrap-content\">\n\t\t\t\t<div class=\"card-subtitle\">\n\t\t\t\t\tSuccess Story\t\t\t\t<\/div>\n\t\t\t\t<div class=\"title\">\n\t\t\t\t\t<a href=\"https:\/\/www.sellerlogic.com\/sl\/resources\/success-story-univers-cake\/\" >&#8220;Pla\u010damo za Repricer z na\u0161imi Lost &#038; Found povra\u010dili!&#8221;<\/a>\n\t\t\t\t<\/div>\n\n\t\t\t\t\t\t\t<\/div>\n\t\t<\/div>\n\t<\/div>\n<\/div>\t\t<\/div>\n\t<\/div>\n","protected":false},"excerpt":{"rendered":"<p>13 korakov \u2013 ena Buy Box! Ali poznate vse pomembne kriterije za osvojitev Buy Box? Ni pomembna le \u010das dostave in cena, temve\u010d tudi druge metrike, kot je podpora strankam, ki jih morate vedno imeti v mislih! Dejstvo je, da boste le, \u010de so va\u0161i izdelki v Buy Box, imeli prilo\u017enost dose\u010di zadostne prodaje. Konec<\/p>\n","protected":false},"author":8,"featured_media":5133,"parent":228867,"menu_order":0,"comment_status":"closed","ping_status":"closed","template":"","meta":{"sidebar_recommended_resources":{"data":[]},"sidebar_header_settings":{"hide_buttons":{"register":false}},"_use_new_theme":false,"inline_featured_image":false,"footnotes":""},"class_list":["post-229086","page","type-page","status-publish","has-post-thumbnail","hentry"],"yoast_head":"<!-- This site is optimized with the Yoast SEO plugin v26.8 - https:\/\/yoast.com\/product\/yoast-seo-wordpress\/ -->\n<title>Brezpla\u010dni delovni zvezek: V 13 korakih v Buy Box - vklju\u010dno z izra\u010duni!<\/title>\n<meta name=\"description\" content=\"Katera merila uporablja Amazonov algoritem in katera merila morajo trgovci izpolniti, da osvojijo Buy Box na Amazonu? Prenesite zdaj!\" \/>\n<meta name=\"robots\" content=\"index, follow, max-snippet:-1, max-image-preview:large, max-video-preview:-1\" \/>\n<link rel=\"canonical\" href=\"https:\/\/www.sellerlogic.com\/sl\/resources\/wb-en-202002\/\" \/>\n<meta property=\"og:locale\" content=\"sl_SI\" \/>\n<meta property=\"og:type\" content=\"article\" \/>\n<meta property=\"og:title\" content=\"Brezpla\u010dni delovni zvezek: V 13 korakih v Buy Box - vklju\u010dno z izra\u010duni!\" \/>\n<meta property=\"og:description\" content=\"Katera merila uporablja Amazonov algoritem in katera merila morajo trgovci izpolniti, da osvojijo Buy Box na Amazonu? Prenesite zdaj!\" \/>\n<meta property=\"og:url\" content=\"https:\/\/www.sellerlogic.com\/sl\/resources\/wb-en-202002\/\" \/>\n<meta property=\"og:site_name\" content=\"SELLERLOGIC - Smarte Tools f\u00fcr Amazon-Seller\" \/>\n<meta property=\"article:publisher\" content=\"https:\/\/www.facebook.com\/SellerLogic\/\" \/>\n<meta property=\"og:image\" content=\"https:\/\/d2bw95mh2ee04s.cloudfront.net\/prod\/content\/wp-content\/uploads\/2020\/12\/23142715\/workbook_metriken_optimieren.jpeg\" \/>\n\t<meta property=\"og:image:width\" content=\"2500\" \/>\n\t<meta property=\"og:image:height\" content=\"1017\" \/>\n\t<meta property=\"og:image:type\" content=\"image\/jpeg\" \/>\n<meta name=\"twitter:card\" content=\"summary_large_image\" \/>\n<meta name=\"twitter:site\" content=\"@sellerlogic\" \/>\n<meta name=\"twitter:label1\" content=\"Est. reading time\" \/>\n\t<meta name=\"twitter:data1\" content=\"2 minutes\" \/>\n<script type=\"application\/ld+json\" class=\"yoast-schema-graph\">{\"@context\":\"https:\/\/schema.org\",\"@graph\":[{\"@type\":\"WebPage\",\"@id\":\"https:\/\/www.sellerlogic.com\/sl\/resources\/wb-en-202002\/\",\"url\":\"https:\/\/www.sellerlogic.com\/sl\/resources\/wb-en-202002\/\",\"name\":\"Brezpla\u010dni delovni zvezek: V 13 korakih v Buy Box - vklju\u010dno z izra\u010duni!\",\"isPartOf\":{\"@id\":\"https:\/\/www.sellerlogic.com\/sl\/#website\"},\"primaryImageOfPage\":{\"@id\":\"https:\/\/www.sellerlogic.com\/sl\/resources\/wb-en-202002\/#primaryimage\"},\"image\":{\"@id\":\"https:\/\/www.sellerlogic.com\/sl\/resources\/wb-en-202002\/#primaryimage\"},\"thumbnailUrl\":\"https:\/\/d2bw95mh2ee04s.cloudfront.net\/prod\/content\/wp-content\/uploads\/2020\/12\/23142715\/workbook_metriken_optimieren.jpeg\",\"datePublished\":\"2021-01-07T08:42:11+00:00\",\"description\":\"Katera merila uporablja Amazonov algoritem in katera merila morajo trgovci izpolniti, da osvojijo Buy Box na Amazonu? Prenesite zdaj!\",\"breadcrumb\":{\"@id\":\"https:\/\/www.sellerlogic.com\/sl\/resources\/wb-en-202002\/#breadcrumb\"},\"inLanguage\":\"sl-SI\",\"potentialAction\":[{\"@type\":\"ReadAction\",\"target\":[\"https:\/\/www.sellerlogic.com\/sl\/resources\/wb-en-202002\/\"]}]},{\"@type\":\"ImageObject\",\"inLanguage\":\"sl-SI\",\"@id\":\"https:\/\/www.sellerlogic.com\/sl\/resources\/wb-en-202002\/#primaryimage\",\"url\":\"https:\/\/d2bw95mh2ee04s.cloudfront.net\/prod\/content\/wp-content\/uploads\/2020\/12\/23142715\/workbook_metriken_optimieren.jpeg\",\"contentUrl\":\"https:\/\/d2bw95mh2ee04s.cloudfront.net\/prod\/content\/wp-content\/uploads\/2020\/12\/23142715\/workbook_metriken_optimieren.jpeg\",\"width\":2500,\"height\":1017,\"caption\":\"Group of business people joining together silver and golden colored gears on table at workplace top view\"},{\"@type\":\"BreadcrumbList\",\"@id\":\"https:\/\/www.sellerlogic.com\/sl\/resources\/wb-en-202002\/#breadcrumb\",\"itemListElement\":[{\"@type\":\"ListItem\",\"position\":1,\"name\":\"Home\",\"item\":\"https:\/\/www.sellerlogic.com\/sl\/\"},{\"@type\":\"ListItem\",\"position\":2,\"name\":\"Ressourcen EN\",\"item\":\"https:\/\/www.sellerlogic.com\/sl\/resources\/\"},{\"@type\":\"ListItem\",\"position\":3,\"name\":\"Delovni zvezek: V 13 korakih v Buy Box EN\"}]},{\"@type\":\"WebSite\",\"@id\":\"https:\/\/www.sellerlogic.com\/sl\/#website\",\"url\":\"https:\/\/www.sellerlogic.com\/sl\/\",\"name\":\"SELLERLOGIC - Smarte Tools f\u00fcr Amazon-Seller\",\"description\":\"Intelligente Prozessoptimierung und Gewinnmaximierung\",\"publisher\":{\"@id\":\"https:\/\/www.sellerlogic.com\/sl\/#organization\"},\"potentialAction\":[{\"@type\":\"SearchAction\",\"target\":{\"@type\":\"EntryPoint\",\"urlTemplate\":\"https:\/\/www.sellerlogic.com\/sl\/?s={search_term_string}\"},\"query-input\":{\"@type\":\"PropertyValueSpecification\",\"valueRequired\":true,\"valueName\":\"search_term_string\"}}],\"inLanguage\":\"sl-SI\"},{\"@type\":\"Organization\",\"@id\":\"https:\/\/www.sellerlogic.com\/sl\/#organization\",\"name\":\"SELLERLOGIC\",\"url\":\"https:\/\/www.sellerlogic.com\/sl\/\",\"logo\":{\"@type\":\"ImageObject\",\"inLanguage\":\"sl-SI\",\"@id\":\"https:\/\/www.sellerlogic.com\/sl\/#\/schema\/logo\/image\/\",\"url\":\"https:\/\/d2bw95mh2ee04s.cloudfront.net\/prod\/content\/wp-content\/uploads\/2025\/01\/02134814\/Property-Logo-Main.svg\",\"contentUrl\":\"https:\/\/d2bw95mh2ee04s.cloudfront.net\/prod\/content\/wp-content\/uploads\/2025\/01\/02134814\/Property-Logo-Main.svg\",\"width\":184,\"height\":40,\"caption\":\"SELLERLOGIC\"},\"image\":{\"@id\":\"https:\/\/www.sellerlogic.com\/sl\/#\/schema\/logo\/image\/\"},\"sameAs\":[\"https:\/\/www.facebook.com\/SellerLogic\/\",\"https:\/\/x.com\/sellerlogic\",\"https:\/\/www.instagram.com\/sellerlogic\/\",\"https:\/\/www.linkedin.com\/company\/18402037\/\",\"https:\/\/www.youtube.com\/channel\/UC-gULUur-fNj08sprantKsQ\"]}]}<\/script>\n<!-- \/ Yoast SEO plugin. -->","yoast_head_json":{"title":"Brezpla\u010dni delovni zvezek: V 13 korakih v Buy Box - vklju\u010dno z izra\u010duni!","description":"Katera merila uporablja Amazonov algoritem in katera merila morajo trgovci izpolniti, da osvojijo Buy Box na Amazonu? Prenesite zdaj!","robots":{"index":"index","follow":"follow","max-snippet":"max-snippet:-1","max-image-preview":"max-image-preview:large","max-video-preview":"max-video-preview:-1"},"canonical":"https:\/\/www.sellerlogic.com\/sl\/resources\/wb-en-202002\/","og_locale":"sl_SI","og_type":"article","og_title":"Brezpla\u010dni delovni zvezek: V 13 korakih v Buy Box - vklju\u010dno z izra\u010duni!","og_description":"Katera merila uporablja Amazonov algoritem in katera merila morajo trgovci izpolniti, da osvojijo Buy Box na Amazonu? Prenesite zdaj!","og_url":"https:\/\/www.sellerlogic.com\/sl\/resources\/wb-en-202002\/","og_site_name":"SELLERLOGIC - Smarte Tools f\u00fcr Amazon-Seller","article_publisher":"https:\/\/www.facebook.com\/SellerLogic\/","og_image":[{"width":2500,"height":1017,"url":"https:\/\/d2bw95mh2ee04s.cloudfront.net\/prod\/content\/wp-content\/uploads\/2020\/12\/23142715\/workbook_metriken_optimieren.jpeg","type":"image\/jpeg"}],"twitter_card":"summary_large_image","twitter_site":"@sellerlogic","twitter_misc":{"Est. reading time":"2 minutes"},"schema":{"@context":"https:\/\/schema.org","@graph":[{"@type":"WebPage","@id":"https:\/\/www.sellerlogic.com\/sl\/resources\/wb-en-202002\/","url":"https:\/\/www.sellerlogic.com\/sl\/resources\/wb-en-202002\/","name":"Brezpla\u010dni delovni zvezek: V 13 korakih v Buy Box - vklju\u010dno z izra\u010duni!","isPartOf":{"@id":"https:\/\/www.sellerlogic.com\/sl\/#website"},"primaryImageOfPage":{"@id":"https:\/\/www.sellerlogic.com\/sl\/resources\/wb-en-202002\/#primaryimage"},"image":{"@id":"https:\/\/www.sellerlogic.com\/sl\/resources\/wb-en-202002\/#primaryimage"},"thumbnailUrl":"https:\/\/d2bw95mh2ee04s.cloudfront.net\/prod\/content\/wp-content\/uploads\/2020\/12\/23142715\/workbook_metriken_optimieren.jpeg","datePublished":"2021-01-07T08:42:11+00:00","description":"Katera merila uporablja Amazonov algoritem in katera merila morajo trgovci izpolniti, da osvojijo Buy Box na Amazonu? Prenesite zdaj!","breadcrumb":{"@id":"https:\/\/www.sellerlogic.com\/sl\/resources\/wb-en-202002\/#breadcrumb"},"inLanguage":"sl-SI","potentialAction":[{"@type":"ReadAction","target":["https:\/\/www.sellerlogic.com\/sl\/resources\/wb-en-202002\/"]}]},{"@type":"ImageObject","inLanguage":"sl-SI","@id":"https:\/\/www.sellerlogic.com\/sl\/resources\/wb-en-202002\/#primaryimage","url":"https:\/\/d2bw95mh2ee04s.cloudfront.net\/prod\/content\/wp-content\/uploads\/2020\/12\/23142715\/workbook_metriken_optimieren.jpeg","contentUrl":"https:\/\/d2bw95mh2ee04s.cloudfront.net\/prod\/content\/wp-content\/uploads\/2020\/12\/23142715\/workbook_metriken_optimieren.jpeg","width":2500,"height":1017,"caption":"Group of business people joining together silver and golden colored gears on table at workplace top view"},{"@type":"BreadcrumbList","@id":"https:\/\/www.sellerlogic.com\/sl\/resources\/wb-en-202002\/#breadcrumb","itemListElement":[{"@type":"ListItem","position":1,"name":"Home","item":"https:\/\/www.sellerlogic.com\/sl\/"},{"@type":"ListItem","position":2,"name":"Ressourcen EN","item":"https:\/\/www.sellerlogic.com\/sl\/resources\/"},{"@type":"ListItem","position":3,"name":"Delovni zvezek: V 13 korakih v Buy Box EN"}]},{"@type":"WebSite","@id":"https:\/\/www.sellerlogic.com\/sl\/#website","url":"https:\/\/www.sellerlogic.com\/sl\/","name":"SELLERLOGIC - Smarte Tools f\u00fcr Amazon-Seller","description":"Intelligente Prozessoptimierung und Gewinnmaximierung","publisher":{"@id":"https:\/\/www.sellerlogic.com\/sl\/#organization"},"potentialAction":[{"@type":"SearchAction","target":{"@type":"EntryPoint","urlTemplate":"https:\/\/www.sellerlogic.com\/sl\/?s={search_term_string}"},"query-input":{"@type":"PropertyValueSpecification","valueRequired":true,"valueName":"search_term_string"}}],"inLanguage":"sl-SI"},{"@type":"Organization","@id":"https:\/\/www.sellerlogic.com\/sl\/#organization","name":"SELLERLOGIC","url":"https:\/\/www.sellerlogic.com\/sl\/","logo":{"@type":"ImageObject","inLanguage":"sl-SI","@id":"https:\/\/www.sellerlogic.com\/sl\/#\/schema\/logo\/image\/","url":"https:\/\/d2bw95mh2ee04s.cloudfront.net\/prod\/content\/wp-content\/uploads\/2025\/01\/02134814\/Property-Logo-Main.svg","contentUrl":"https:\/\/d2bw95mh2ee04s.cloudfront.net\/prod\/content\/wp-content\/uploads\/2025\/01\/02134814\/Property-Logo-Main.svg","width":184,"height":40,"caption":"SELLERLOGIC"},"image":{"@id":"https:\/\/www.sellerlogic.com\/sl\/#\/schema\/logo\/image\/"},"sameAs":["https:\/\/www.facebook.com\/SellerLogic\/","https:\/\/x.com\/sellerlogic","https:\/\/www.instagram.com\/sellerlogic\/","https:\/\/www.linkedin.com\/company\/18402037\/","https:\/\/www.youtube.com\/channel\/UC-gULUur-fNj08sprantKsQ"]}]}},"_links":{"self":[{"href":"https:\/\/www.sellerlogic.com\/sl\/wp-json\/wp\/v2\/pages\/229086","targetHints":{"allow":["GET"]}}],"collection":[{"href":"https:\/\/www.sellerlogic.com\/sl\/wp-json\/wp\/v2\/pages"}],"about":[{"href":"https:\/\/www.sellerlogic.com\/sl\/wp-json\/wp\/v2\/types\/page"}],"author":[{"embeddable":true,"href":"https:\/\/www.sellerlogic.com\/sl\/wp-json\/wp\/v2\/users\/8"}],"replies":[{"embeddable":true,"href":"https:\/\/www.sellerlogic.com\/sl\/wp-json\/wp\/v2\/comments?post=229086"}],"version-history":[{"count":0,"href":"https:\/\/www.sellerlogic.com\/sl\/wp-json\/wp\/v2\/pages\/229086\/revisions"}],"up":[{"embeddable":true,"href":"https:\/\/www.sellerlogic.com\/sl\/wp-json\/wp\/v2\/pages\/228867"}],"wp:featuredmedia":[{"embeddable":true,"href":"https:\/\/www.sellerlogic.com\/sl\/wp-json\/wp\/v2\/media\/5133"}],"wp:attachment":[{"href":"https:\/\/www.sellerlogic.com\/sl\/wp-json\/wp\/v2\/media?parent=229086"}],"curies":[{"name":"wp","href":"https:\/\/api.w.org\/{rel}","templated":true}]}}