
{"id":229557,"date":"2020-12-18T10:43:41","date_gmt":"2020-12-18T10:43:41","guid":{"rendered":"https:\/\/127.0.0.1\/resources\/success-story-samtige-haut\/"},"modified":"2020-12-18T10:43:41","modified_gmt":"2020-12-18T10:43:41","slug":"success-story-samtige-haut","status":"publish","type":"page","link":"https:\/\/www.sellerlogic.com\/sr\/resources\/success-story-samtige-haut\/","title":{"rendered":"Uspe\u0161na pri\u010da: Samtige Haut EN"},"content":{"rendered":"\n\t<div  class=\"theme-wp-block theme-block-main-header is-style-full-height desktop-align-full xl-align-full lg-align-full md-align-full sm-align-full desktop-content-align-y-center desktop-content-align-x-center xl-content-align-y-center xl-content-align-x-center lg-content-align-y-center lg-content-align-x-center md-content-align-y-center md-content-align-x-center sm-content-align-y-center sm-content-align-x-center gb-responsive-911782-identifier theme-block-cover\">\n\t\t<div class=\"bg-cover theme-lazy-load-bg\"><\/div>\n\t\t<div class=\"wrap-content-main-header\">\n\t\t\t\t\t<div  class=\"theme-wp-block theme-block-text-and-text desktop-blockDirection-row xl-blockDirection-row lg-blockDirection-row md-blockDirection-row sm-blockDirection-row gb-responsive-289238-identifier desktop-align-full xl-align-full lg-align-full md-align-full sm-align-full alignfull\">\n\t\t<div class=\"tat-column-wrap-wrapper\">\n\t\t\t<div class=\"tat-column-wrapper\">\n\t\t\t\t\t<div  class=\"theme-wp-block theme-block-text-and-text-column gb-responsive-421034-identifier desktop-horizontal-center xl-horizontal-center lg-horizontal-center md-horizontal-center sm-horizontal-center\">\n\t\t<div class=\"inner-wrap-column-content\">\n\t\t\t<div class=\"inner-column-content\">\n\t\t\t\t\t\t<h1  class=\"theme-wp-block theme-block-heading is-style-default sm-text-center md-text-center desktop-text-center xl-text-center lg-text-center gb-responsive-292481-identifier desktop-align-full xl-align-full lg-align-full md-align-full sm-align-full alignfull h1 has-text-align\">\n\t\tPovra\u0107aj novca jednim klikom\t<\/h1>\n\n\t\t<h2  class=\"theme-wp-block theme-block-heading is-style-default sm-text-center md-text-center desktop-text-center xl-text-center lg-text-center gb-responsive-831018-identifier desktop-align-full xl-align-full lg-align-full md-align-full sm-align-full alignfull h1 has-text-align\">\n\t\t&#8220;Samtige Haut&#8221; prima povra\u0107aje od Amazona putem Lost &amp; Found\t<\/h2>\n\n\t\t\t<\/div>\n\t\t<\/div>\n\t<\/div>\n\t<div  class=\"theme-wp-block theme-block-text-and-text-column gb-responsive-929552-identifier\">\n\t\t<div class=\"inner-wrap-column-content\">\n\t\t\t<div class=\"inner-column-content\">\n\t\t\t\t\t\t\t<\/div>\n\t\t<\/div>\n\t<\/div>\n\t\t\t<\/div>\n\t\t<\/div>\n\t<\/div>\n\n\t\t<\/div>\n\t<\/div>\n\n<div style=\"height:50px\" aria-hidden=\"true\" class=\"theme-wp-block wp-block-spacer\"><\/div><div class=\"theme-wp-block wp-block-columns gb-responsive-655645-identifier is-layout-flex wp-container-core-columns-is-layout-9d6595d7 wp-block-columns-is-layout-flex\"><div class=\"theme-wp-block wp-block-column gb-responsive-959393-identifier is-layout-flow wp-block-column-is-layout-flow\" style=\"flex-basis:25%\"><figure class=\"theme-wp-block wp-block-image size-large is-resized gb-responsive-62921-identifier\"><img decoding=\"async\" src=\"https:\/\/d2bw95mh2ee04s.cloudfront.net\/prod\/content\/wp-content\/uploads\/2020\/12\/23142732\/samtige-haut-logo.png\" alt=\"Uspe\u0161na pri\u010da: Samtige Haut EN\" class=\"wp-image-4561\" width=\"300\" height=\"84\" srcset=\"https:\/\/d2bw95mh2ee04s.cloudfront.net\/prod\/content\/wp-content\/uploads\/2020\/12\/23142732\/samtige-haut-logo-407x113.png 407w, https:\/\/d2bw95mh2ee04s.cloudfront.net\/prod\/content\/wp-content\/uploads\/2020\/12\/23142732\/samtige-haut-logo.png 600w\" sizes=\"(max-width: 300px) 100vw, 300px\" \/><\/figure><p class=\"theme-wp-block gb-responsive-312552-identifier\"><strong><strong>Osnivanje<\/strong>:<\/strong><br>Novembar 2016<\/p><p class=\"theme-wp-block gb-responsive-353708-identifier\"><strong><strong>Industrija<\/strong>:<\/strong><br>Kozmetika, nutritivni dodaci, organski proizvodi<\/p><p class=\"theme-wp-block gb-responsive-164518-identifier\"><strong><strong>Artikli na Amazonu:<\/strong><\/strong><br>1,000<\/p><p class=\"theme-wp-block gb-responsive-888870-identifier\"><strong><strong>Po\u0161iljke<\/strong>:\u00a0<\/strong><br>oko 8,000 mese\u010dno<\/p><\/div><div class=\"theme-wp-block wp-block-column gb-responsive-252265-identifier is-layout-flow wp-block-column-is-layout-flow\" style=\"flex-basis:50%\"><h3 class=\"theme-wp-block wp-block-heading gb-responsive-34353-identifier\" id=\"block-c06fce04-ef87-4ffc-a3d6-b768ba377d17\">Pozadina:<\/h3><p class=\"theme-wp-block gb-responsive-620393-identifier\">U 2018. godini Amazon je imao promet od 232,9 milijardi ameri\u010dkih dolara. Oko 45 procenata nema\u010dkih Amazon prodavaca \u0161alje svoju robu putem Fulfillment by Amazon (FBA). Sandra Schriewer \u2013 vlasnica Amazon prodavnice \u201cSamtige Haut\u201d (na nema\u010dkom \u201cNajglatkija ko\u017ea\u201d) \u2013 jedna je od njih. I pored svih prednosti FBA programa, online trgovcima vi\u0161e nije mogu\u0107e pratiti protok podataka FBA transakcija kako prodaja raste. Iz tog razloga, analiza se uop\u0161te ne vr\u0161i.<\/p><h3 class=\"theme-wp-block wp-block-heading gb-responsive-182281-identifier\">Izazov:<\/h3><p class=\"theme-wp-block gb-responsive-880667-identifier\">Sandra Schriewer prvobitno dolazi iz industrije kozmetike. Tokom svog rada u sektoru E-trgovine u Berlinu, zavr\u0161ila je studije iz online marketinga i E-trgovine.<\/p><p class=\"theme-wp-block gb-responsive-3897-identifier\">\u017delela je da primeni znanje koje je stekla u praksi i kombinuje ga sa svojom stra\u0161\u0107u za kozmetikom i ishranom. Tako je nastala Amazon prodavnica \u201cSamtige Haut\u201d. Sa oko 1,000 artikala i oko 8,000 po\u0161iljki mese\u010dno putem FBA programa, gotovo je bilo nemogu\u0107e pratiti ogroman protok podataka na Amazonu. Ubrzo je shvatila da joj je potreban pru\u017ealac usluga koji bi mogao da joj pomogne u kontroli procesa FBA programa. \u201cKao online trgovac, oslanjate se na Fulfillment by Amazon, jer program znatno olak\u0161ava logisti\u010dke procese u kompaniji. Me\u0111utim, niko nije savr\u0161en i naravno, i vode\u0107e kompanije poput Amazona mogu napraviti gre\u0161ke.<\/p><p class=\"theme-wp-block gb-responsive-135542-identifier\">Manual provere gre\u0161aka nije dolazilo u obzir. Analiza izvora problema je veoma slo\u017eena i zahteva ogroman vremenski period. &#8220;To bi prevazi\u0161lo bilo koji ekonomski okvir,\u201d rekla nam je Sandra. \u201cRe\u0161enje Lost &#038; Found iz SELLERLOGIC preporu\u010dio mi je moj mu\u017e, koji ve\u0107 radi sa Repricer ovog pru\u017eaoca usluga i veoma je zadovoljan proizvodom. Na tr\u017ei\u0161tu postoji mnogo re\u0161enja koja Amazon poslovanje treba da bi bila uspe\u0161na na svojim tr\u017ei\u0161tima. Verujem da je Lost &#038; Found jedinstveno i nezamenljivo za FBA prodavce.\u201d<\/p><h3 class=\"theme-wp-block wp-block-heading gb-responsive-115756-identifier\">Re\u0161enje:<\/h3><p class=\"theme-wp-block gb-responsive-907939-identifier\">\u201cAlat nije te\u017eak za kori\u0161\u0107enje i mo\u017ee se brzo i lako integrisati. Uputstva korak po korak \u2013 kao i baza znanja \u2013 su veoma korisna i ne zahtevaju nikakvu podr\u0161ku od SELLERLOGIC. Lost &#038; Found izve\u0161tava o novim slu\u010dajevima svakog dana i pru\u017ea unapred definisane tekstualne module koje jednostavno mo\u017eete kopirati i nalepiti u Amazon Seller Central. Samo treba da kopiram i nalepim rad kako bih dobio povra\u0107aj novca od Amazona. Po\u0161to se podneti slu\u010dajevi obi\u010dno prihvataju bez daljih pitanja, ceo proces je veoma jednostavan!\u201d<\/p><div class=\"theme-block-group-wrap\"><div class=\"theme-wp-block wp-block-group gb-responsive-88118-identifier\">\t\t<div  class=\"theme-wp-block theme-block-user-card gb-responsive-799176-identifier is-style-full-width-line\">\n\t\t<div class=\"wrap-inner-content\">\n\t\t\t<div class=\"card-user-head\">\n\t\t\t\t<div class=\"card-user-avatar\">\n\t\t\t\t\t<div class=\"cover-avatar\" style=\"background-image: url(https:\/\/d2bw95mh2ee04s.cloudfront.net\/prod\/content\/wp-content\/uploads\/2020\/12\/23142733\/sandra-schriewer-raute.png);\"><\/div>\n\t\t\t\t<\/div>\n\t\t\t\t<div class=\"wrap-title\">\n\t\t\t\t\t<div class=\"card-user-name\">\n\t\t\t\t\t\t<div class=\"title\">\n\t\t\t\t\t\t\t<h3 class=\"heading-text\"><strong>Sandra Schriewer<\/strong><\/h3>\n\t\t\t\t\t\t<\/div>\n\t\t\t\t\t\t<div class=\"card-user-position\">\n\t\t\t\t\t\t\t<div class=\"card-text\"><strong>CEO \u201eSamtige Haut\u201c<\/strong><\/div>\n\t\t\t\t\t\t<\/div>\n\t\t\t\t\t<\/div>\n\t\t\t\t\t<div class=\"card-user-quote-icon\">\n\t\t\t\t\t<\/div>\n\t\t\t\t<\/div>\n\t\t\t<\/div>\n\t\t\t<div class=\"card-user-text\">\n\t\t\t\t<div class=\"card-text\"><p>&#8220;Postoji mnogo re\u0161enja na tr\u017ei\u0161tu koja Amazon poslovanje treba da bi bila uspe\u0161na na svojim tr\u017ei\u0161tima. Verujem da je Lost &amp; Found jedinstveno i nezamenljivo za FBA prodavce\u201d.<\/p><\/div>\n\t\t\t<\/div>\n\t\t<\/div>\n\t<\/div>\n\n<\/div><\/div><h3 class=\"theme-wp-block wp-block-heading gb-responsive-595368-identifier\">Uspe\u0161ni rezultati sa SELLERLOGIC:<\/h3><p class=\"theme-wp-block gb-responsive-414432-identifier\">\u201cPo\u0161to Lost &#038; Found prati pojedina\u010dne transakcije unazad do 18 meseci, odmah nakon integracije alata dobila sam povra\u0107aj od otprilike 1,300 EUR, \u0161to nikada ne bih primetila bez SELLERLOGIC. Pre integracije Lost &#038; Found nije mi bilo jasno koliko paketa je jednostavno nestalo u me\u0111uvremenu. Ne mo\u017eete ru\u010dno proveriti koli\u010dinu podataka i obi\u010dno vam Amazon ne daje nikakve povratne informacije o nestalim robama. Sa Lost &#038; Found dobijate svoj novac nazad i \u0161tedite ogroman vremenski period \u2013 zahvaljuju\u0107i automatizovanoj pretrazi i podno\u0161enju slu\u010dajeva koriste\u0107i funkciju Kopiraj i Nalepi.\u201d<\/p><p class=\"theme-wp-block gb-responsive-57813-identifier\">\u201cMogu samo preporu\u010diti svima da integri\u0161u re\u0161enje u svoj sistem. Nemate \u0161ta da izgubite! Tro\u0161kovi za SELLERLOGIC Lost &#038; Found su veoma fer iz mog ugla jer se obra\u010dunavaju proporcionalno stvarnom povra\u0107aju od Amazona. Ako se ni\u0161ta ne prona\u0111e, ne napla\u0107uju se nikakve takse. Svaki dan koji pro\u0111e bez Lost &#038; Found ko\u0161ta novac prodavcima. Pored toga, imate maksimalno 18 meseci da podnesete svoje zahteve, u nekim slu\u010dajevima \u010dak i manje,\u201d zaklju\u010duje Sandra za nas.<a href=\"https:\/\/d2bw95mh2ee04s.cloudfront.net\/prod\/content\/files\/SUCCESS-STORIES\/EN\/NEU_SELLERLOGIC_SN_Success-Story_Samtige-Haut-EN.pdf\" target=\"_blank\" rel=\"noreferrer noopener nofollow\"><\/a><\/p><div class=\"theme-wp-block wp-block-buttons gb-responsive-497426-identifier is-layout-flex wp-block-buttons-is-layout-flex\"><div class=\"theme-wp-block wp-block-button gb-responsive-38220-identifier is-style-theme-transparent-with-arrow\"><a class=\"wp-block-button__link wp-element-button\" href=\"https:\/\/d2bw95mh2ee04s.cloudfront.net\/prod\/content\/files\/SUCCESS-STORIES\/EN\/SELLERLOGIC_SN_Success-Story_Samtige-Haut-EN.pdf\" target=\"_blank\" rel=\"noreferrer noopener nofollow\">Preuzmite uspe\u0161nu pri\u010du!  <\/a><\/div><\/div><\/div><div class=\"theme-wp-block wp-block-column gb-responsive-147753-identifier is-layout-flow wp-block-column-is-layout-flow\" style=\"flex-basis:25%\"><\/div><\/div><p class=\"theme-wp-block gb-responsive-527070-identifier\"><\/p>","protected":false},"excerpt":{"rendered":"<p>Osnivanje:Novembar 2016 Industrija:Kozmetika, nutritivni dodaci, organski proizvodi Artikli na Amazonu:1,000 Po\u0161iljke:\u00a0oko 8,000 mese\u010dno Pozadina: U 2018. godini Amazon je imao promet od 232,9 milijardi ameri\u010dkih dolara. Oko 45 procenata nema\u010dkih Amazon prodavaca \u0161alje svoju robu putem Fulfillment by Amazon (FBA). Sandra Schriewer \u2013 vlasnica Amazon prodavnice \u201cSamtige Haut\u201d (na nema\u010dkom \u201cNajglatkija ko\u017ea\u201d) \u2013 jedna je<\/p>\n","protected":false},"author":8,"featured_media":0,"parent":229641,"menu_order":0,"comment_status":"closed","ping_status":"closed","template":"","meta":{"sidebar_recommended_resources":{"data":[]},"sidebar_header_settings":{"hide_buttons":{"register":false}},"_use_new_theme":false,"inline_featured_image":false,"footnotes":""},"class_list":["post-229557","page","type-page","status-publish","hentry"],"yoast_head":"<!-- This site is optimized with the Yoast SEO plugin v26.8 - https:\/\/yoast.com\/product\/yoast-seo-wordpress\/ -->\n<title>&quot;Samtige Haut&quot; dobija povra\u0107aj novca od Amazona putem SELLERLOGIC Lost &amp; Found<\/title>\n<meta name=\"description\" content=\"Povra\u0107aji jednim klikom: Klijent SELLERLOGIC &quot;Samtige Haut&quot; dobija svoje povra\u0107aje od Amazona putem Lost &amp; Found.\" \/>\n<meta name=\"robots\" content=\"index, follow, max-snippet:-1, max-image-preview:large, max-video-preview:-1\" \/>\n<link rel=\"canonical\" href=\"https:\/\/www.sellerlogic.com\/sr\/resources\/success-story-samtige-haut\/\" \/>\n<meta property=\"og:locale\" content=\"sr_RS\" \/>\n<meta property=\"og:type\" content=\"article\" \/>\n<meta property=\"og:title\" content=\"&quot;Samtige Haut&quot; dobija povra\u0107aj novca od Amazona putem SELLERLOGIC Lost &amp; Found\" \/>\n<meta property=\"og:description\" content=\"Povra\u0107aji jednim klikom: Klijent SELLERLOGIC &quot;Samtige Haut&quot; dobija svoje povra\u0107aje od Amazona putem Lost &amp; Found.\" \/>\n<meta property=\"og:url\" content=\"https:\/\/www.sellerlogic.com\/sr\/resources\/success-story-samtige-haut\/\" \/>\n<meta property=\"og:site_name\" content=\"SELLERLOGIC - Smarte Tools f\u00fcr Amazon-Seller\" \/>\n<meta property=\"article:publisher\" content=\"https:\/\/www.facebook.com\/SellerLogic\/\" \/>\n<meta property=\"og:image\" content=\"https:\/\/www.sellerlogic.com\/wp-content\/uploads\/2020\/12\/samtige-haut-logo.png\" \/>\n<meta name=\"twitter:card\" content=\"summary_large_image\" \/>\n<meta name=\"twitter:site\" content=\"@sellerlogic\" \/>\n<meta name=\"twitter:label1\" content=\"Est. reading time\" \/>\n\t<meta name=\"twitter:data1\" content=\"3 minutes\" \/>\n<script type=\"application\/ld+json\" class=\"yoast-schema-graph\">{\"@context\":\"https:\/\/schema.org\",\"@graph\":[{\"@type\":\"WebPage\",\"@id\":\"https:\/\/www.sellerlogic.com\/sr\/resources\/success-story-samtige-haut\/\",\"url\":\"https:\/\/www.sellerlogic.com\/sr\/resources\/success-story-samtige-haut\/\",\"name\":\"\\\"Samtige Haut\\\" dobija povra\u0107aj novca od Amazona putem SELLERLOGIC Lost & Found\",\"isPartOf\":{\"@id\":\"https:\/\/www.sellerlogic.com\/sr\/#website\"},\"primaryImageOfPage\":{\"@id\":\"https:\/\/www.sellerlogic.com\/sr\/resources\/success-story-samtige-haut\/#primaryimage\"},\"image\":{\"@id\":\"https:\/\/www.sellerlogic.com\/sr\/resources\/success-story-samtige-haut\/#primaryimage\"},\"thumbnailUrl\":\"https:\/\/www.sellerlogic.com\/wp-content\/uploads\/2020\/12\/samtige-haut-logo.png\",\"datePublished\":\"2020-12-18T10:43:41+00:00\",\"description\":\"Povra\u0107aji jednim klikom: Klijent SELLERLOGIC \\\"Samtige Haut\\\" dobija svoje povra\u0107aje od Amazona putem Lost & Found.\",\"breadcrumb\":{\"@id\":\"https:\/\/www.sellerlogic.com\/sr\/resources\/success-story-samtige-haut\/#breadcrumb\"},\"inLanguage\":\"sr-RS\",\"potentialAction\":[{\"@type\":\"ReadAction\",\"target\":[\"https:\/\/www.sellerlogic.com\/sr\/resources\/success-story-samtige-haut\/\"]}]},{\"@type\":\"ImageObject\",\"inLanguage\":\"sr-RS\",\"@id\":\"https:\/\/www.sellerlogic.com\/sr\/resources\/success-story-samtige-haut\/#primaryimage\",\"url\":\"https:\/\/www.sellerlogic.com\/wp-content\/uploads\/2020\/12\/samtige-haut-logo.png\",\"contentUrl\":\"https:\/\/www.sellerlogic.com\/wp-content\/uploads\/2020\/12\/samtige-haut-logo.png\"},{\"@type\":\"BreadcrumbList\",\"@id\":\"https:\/\/www.sellerlogic.com\/sr\/resources\/success-story-samtige-haut\/#breadcrumb\",\"itemListElement\":[{\"@type\":\"ListItem\",\"position\":1,\"name\":\"Home\",\"item\":\"https:\/\/www.sellerlogic.com\/sr\/\"},{\"@type\":\"ListItem\",\"position\":2,\"name\":\"Resursi EN\",\"item\":\"https:\/\/127.0.0.1\/de\/ressourcen\/\"},{\"@type\":\"ListItem\",\"position\":3,\"name\":\"Uspe\u0161na pri\u010da: Samtige Haut EN\"}]},{\"@type\":\"WebSite\",\"@id\":\"https:\/\/www.sellerlogic.com\/sr\/#website\",\"url\":\"https:\/\/www.sellerlogic.com\/sr\/\",\"name\":\"SELLERLOGIC - Smarte Tools f\u00fcr Amazon-Seller\",\"description\":\"Intelligente Prozessoptimierung und Gewinnmaximierung\",\"publisher\":{\"@id\":\"https:\/\/www.sellerlogic.com\/sr\/#organization\"},\"potentialAction\":[{\"@type\":\"SearchAction\",\"target\":{\"@type\":\"EntryPoint\",\"urlTemplate\":\"https:\/\/www.sellerlogic.com\/sr\/?s={search_term_string}\"},\"query-input\":{\"@type\":\"PropertyValueSpecification\",\"valueRequired\":true,\"valueName\":\"search_term_string\"}}],\"inLanguage\":\"sr-RS\"},{\"@type\":\"Organization\",\"@id\":\"https:\/\/www.sellerlogic.com\/sr\/#organization\",\"name\":\"SELLERLOGIC\",\"url\":\"https:\/\/www.sellerlogic.com\/sr\/\",\"logo\":{\"@type\":\"ImageObject\",\"inLanguage\":\"sr-RS\",\"@id\":\"https:\/\/www.sellerlogic.com\/sr\/#\/schema\/logo\/image\/\",\"url\":\"https:\/\/d2bw95mh2ee04s.cloudfront.net\/prod\/content\/wp-content\/uploads\/2025\/01\/02134814\/Property-Logo-Main.svg\",\"contentUrl\":\"https:\/\/d2bw95mh2ee04s.cloudfront.net\/prod\/content\/wp-content\/uploads\/2025\/01\/02134814\/Property-Logo-Main.svg\",\"width\":184,\"height\":40,\"caption\":\"SELLERLOGIC\"},\"image\":{\"@id\":\"https:\/\/www.sellerlogic.com\/sr\/#\/schema\/logo\/image\/\"},\"sameAs\":[\"https:\/\/www.facebook.com\/SellerLogic\/\",\"https:\/\/x.com\/sellerlogic\",\"https:\/\/www.instagram.com\/sellerlogic\/\",\"https:\/\/www.linkedin.com\/company\/18402037\/\",\"https:\/\/www.youtube.com\/channel\/UC-gULUur-fNj08sprantKsQ\"]}]}<\/script>\n<!-- \/ Yoast SEO plugin. -->","yoast_head_json":{"title":"\"Samtige Haut\" dobija povra\u0107aj novca od Amazona putem SELLERLOGIC Lost & Found","description":"Povra\u0107aji jednim klikom: Klijent SELLERLOGIC \"Samtige Haut\" dobija svoje povra\u0107aje od Amazona putem Lost & Found.","robots":{"index":"index","follow":"follow","max-snippet":"max-snippet:-1","max-image-preview":"max-image-preview:large","max-video-preview":"max-video-preview:-1"},"canonical":"https:\/\/www.sellerlogic.com\/sr\/resources\/success-story-samtige-haut\/","og_locale":"sr_RS","og_type":"article","og_title":"\"Samtige Haut\" dobija povra\u0107aj novca od Amazona putem SELLERLOGIC Lost & Found","og_description":"Povra\u0107aji jednim klikom: Klijent SELLERLOGIC \"Samtige Haut\" dobija svoje povra\u0107aje od Amazona putem Lost & Found.","og_url":"https:\/\/www.sellerlogic.com\/sr\/resources\/success-story-samtige-haut\/","og_site_name":"SELLERLOGIC - Smarte Tools f\u00fcr Amazon-Seller","article_publisher":"https:\/\/www.facebook.com\/SellerLogic\/","og_image":[{"url":"https:\/\/www.sellerlogic.com\/wp-content\/uploads\/2020\/12\/samtige-haut-logo.png","type":"","width":"","height":""}],"twitter_card":"summary_large_image","twitter_site":"@sellerlogic","twitter_misc":{"Est. reading time":"3 minutes"},"schema":{"@context":"https:\/\/schema.org","@graph":[{"@type":"WebPage","@id":"https:\/\/www.sellerlogic.com\/sr\/resources\/success-story-samtige-haut\/","url":"https:\/\/www.sellerlogic.com\/sr\/resources\/success-story-samtige-haut\/","name":"\"Samtige Haut\" dobija povra\u0107aj novca od Amazona putem SELLERLOGIC Lost & Found","isPartOf":{"@id":"https:\/\/www.sellerlogic.com\/sr\/#website"},"primaryImageOfPage":{"@id":"https:\/\/www.sellerlogic.com\/sr\/resources\/success-story-samtige-haut\/#primaryimage"},"image":{"@id":"https:\/\/www.sellerlogic.com\/sr\/resources\/success-story-samtige-haut\/#primaryimage"},"thumbnailUrl":"https:\/\/www.sellerlogic.com\/wp-content\/uploads\/2020\/12\/samtige-haut-logo.png","datePublished":"2020-12-18T10:43:41+00:00","description":"Povra\u0107aji jednim klikom: Klijent SELLERLOGIC \"Samtige Haut\" dobija svoje povra\u0107aje od Amazona putem Lost & Found.","breadcrumb":{"@id":"https:\/\/www.sellerlogic.com\/sr\/resources\/success-story-samtige-haut\/#breadcrumb"},"inLanguage":"sr-RS","potentialAction":[{"@type":"ReadAction","target":["https:\/\/www.sellerlogic.com\/sr\/resources\/success-story-samtige-haut\/"]}]},{"@type":"ImageObject","inLanguage":"sr-RS","@id":"https:\/\/www.sellerlogic.com\/sr\/resources\/success-story-samtige-haut\/#primaryimage","url":"https:\/\/www.sellerlogic.com\/wp-content\/uploads\/2020\/12\/samtige-haut-logo.png","contentUrl":"https:\/\/www.sellerlogic.com\/wp-content\/uploads\/2020\/12\/samtige-haut-logo.png"},{"@type":"BreadcrumbList","@id":"https:\/\/www.sellerlogic.com\/sr\/resources\/success-story-samtige-haut\/#breadcrumb","itemListElement":[{"@type":"ListItem","position":1,"name":"Home","item":"https:\/\/www.sellerlogic.com\/sr\/"},{"@type":"ListItem","position":2,"name":"Resursi EN","item":"https:\/\/127.0.0.1\/de\/ressourcen\/"},{"@type":"ListItem","position":3,"name":"Uspe\u0161na pri\u010da: Samtige Haut EN"}]},{"@type":"WebSite","@id":"https:\/\/www.sellerlogic.com\/sr\/#website","url":"https:\/\/www.sellerlogic.com\/sr\/","name":"SELLERLOGIC - Smarte Tools f\u00fcr Amazon-Seller","description":"Intelligente Prozessoptimierung und Gewinnmaximierung","publisher":{"@id":"https:\/\/www.sellerlogic.com\/sr\/#organization"},"potentialAction":[{"@type":"SearchAction","target":{"@type":"EntryPoint","urlTemplate":"https:\/\/www.sellerlogic.com\/sr\/?s={search_term_string}"},"query-input":{"@type":"PropertyValueSpecification","valueRequired":true,"valueName":"search_term_string"}}],"inLanguage":"sr-RS"},{"@type":"Organization","@id":"https:\/\/www.sellerlogic.com\/sr\/#organization","name":"SELLERLOGIC","url":"https:\/\/www.sellerlogic.com\/sr\/","logo":{"@type":"ImageObject","inLanguage":"sr-RS","@id":"https:\/\/www.sellerlogic.com\/sr\/#\/schema\/logo\/image\/","url":"https:\/\/d2bw95mh2ee04s.cloudfront.net\/prod\/content\/wp-content\/uploads\/2025\/01\/02134814\/Property-Logo-Main.svg","contentUrl":"https:\/\/d2bw95mh2ee04s.cloudfront.net\/prod\/content\/wp-content\/uploads\/2025\/01\/02134814\/Property-Logo-Main.svg","width":184,"height":40,"caption":"SELLERLOGIC"},"image":{"@id":"https:\/\/www.sellerlogic.com\/sr\/#\/schema\/logo\/image\/"},"sameAs":["https:\/\/www.facebook.com\/SellerLogic\/","https:\/\/x.com\/sellerlogic","https:\/\/www.instagram.com\/sellerlogic\/","https:\/\/www.linkedin.com\/company\/18402037\/","https:\/\/www.youtube.com\/channel\/UC-gULUur-fNj08sprantKsQ"]}]}},"_links":{"self":[{"href":"https:\/\/www.sellerlogic.com\/sr\/wp-json\/wp\/v2\/pages\/229557","targetHints":{"allow":["GET"]}}],"collection":[{"href":"https:\/\/www.sellerlogic.com\/sr\/wp-json\/wp\/v2\/pages"}],"about":[{"href":"https:\/\/www.sellerlogic.com\/sr\/wp-json\/wp\/v2\/types\/page"}],"author":[{"embeddable":true,"href":"https:\/\/www.sellerlogic.com\/sr\/wp-json\/wp\/v2\/users\/8"}],"replies":[{"embeddable":true,"href":"https:\/\/www.sellerlogic.com\/sr\/wp-json\/wp\/v2\/comments?post=229557"}],"version-history":[{"count":0,"href":"https:\/\/www.sellerlogic.com\/sr\/wp-json\/wp\/v2\/pages\/229557\/revisions"}],"up":[{"embeddable":true,"href":"https:\/\/www.sellerlogic.com\/sr\/wp-json\/wp\/v2\/pages\/229641"}],"wp:attachment":[{"href":"https:\/\/www.sellerlogic.com\/sr\/wp-json\/wp\/v2\/media?parent=229557"}],"curies":[{"name":"wp","href":"https:\/\/api.w.org\/{rel}","templated":true}]}}