
{"id":229572,"date":"2020-12-11T10:04:17","date_gmt":"2020-12-11T10:04:17","guid":{"rendered":"https:\/\/127.0.0.1\/resources\/workbook-shopping-cart-field\/"},"modified":"2020-12-11T10:04:17","modified_gmt":"2020-12-11T10:04:17","slug":"workbook-shopping-cart-field","status":"publish","type":"page","link":"https:\/\/www.sellerlogic.com\/sr\/resources\/workbook-shopping-cart-field\/","title":{"rendered":"Radna sveska Polje za kupovinu"},"content":{"rendered":"\n\t<div  class=\"theme-wp-block theme-block-main-header is-style-default desktop-content-align-y-center desktop-content-align-x-center xl-content-align-y-center xl-content-align-x-center lg-content-align-y-center lg-content-align-x-center md-content-align-y-center md-content-align-x-center sm-content-align-y-center sm-content-align-x-center gb-responsive-50877-identifier desktop-align-full xl-align-full lg-align-full md-align-full sm-align-full theme-block-cover\">\n\t\t<div class=\"bg-cover theme-lazy-load-bg\"><\/div>\n\t\t<div class=\"wrap-content-main-header\">\n\t\t\t\t\t<div  class=\"theme-wp-block theme-block-text-and-text desktop-vertical-top xl-vertical-top lg-vertical-top md-vertical-top sm-vertical-top desktop-align-wide xl-align-wide lg-align-wide md-align-wide sm-align-wide desktop-blockDirection-row xl-blockDirection-row lg-blockDirection-row md-blockDirection-row sm-blockDirection-row gb-responsive-882765-identifier\">\n\t\t<div class=\"tat-column-wrap-wrapper\">\n\t\t\t<div class=\"tat-column-wrapper\">\n\t\t\t\t\t<div  class=\"theme-wp-block theme-block-text-and-text-column desktop-horizontal-center xl-horizontal-center lg-horizontal-center md-horizontal-center sm-horizontal-center gb-responsive-201010-identifier\">\n\t\t<div class=\"inner-wrap-column-content\">\n\t\t\t<div class=\"inner-column-content\">\n\t\t\t\t\t\t<h1  class=\"theme-wp-block theme-block-heading is-style-default desktop-text-center xl-text-center lg-text-center md-text-center sm-text-center gb-responsive-460412-identifier h1\">\n\t\tPolje za kupovinu\t<\/h1>\n\n\t\t<h2  class=\"theme-wp-block theme-block-heading is-style-default desktop-text-center xl-text-center lg-text-center md-text-center sm-text-center gb-responsive-560947-identifier h2\">\n\t\tKako da pobedite Buy Box za sebe!\t<\/h2>\n\n\t\t\t<\/div>\n\t\t<\/div>\n\t<\/div>\n\t<div  class=\"theme-wp-block theme-block-text-and-text-column gb-responsive-34770-identifier\">\n\t\t<div class=\"inner-wrap-column-content\">\n\t\t\t<div class=\"inner-column-content\">\n\t\t\t\t\t\t\t<\/div>\n\t\t<\/div>\n\t<\/div>\n\t\t\t<\/div>\n\t\t<\/div>\n\t<\/div>\n\n\t\t<\/div>\n\t<\/div>\n\n<div style=\"height:50px\" aria-hidden=\"true\" class=\"theme-wp-block wp-block-spacer\"><\/div><div class=\"theme-wp-block wp-block-columns gb-responsive-252501-identifier is-layout-flex wp-container-core-columns-is-layout-9d6595d7 wp-block-columns-is-layout-flex\"><div class=\"theme-wp-block wp-block-column gb-responsive-521804-identifier desktop-gb-has-no-icon xl-gb-has-no-icon lg-gb-has-no-icon md-gb-has-no-icon sm-gb-has-no-icon is-layout-flow wp-block-column-is-layout-flow\"><h3 class=\"theme-wp-block gb-responsive-613947-identifier wp-block-heading\">Bez Buy Box &#8211; bez prihoda<\/h3><div class=\"theme-wp-block wp-block-image gb-responsive-948511-identifier\"><figure class=\"alignright size-large is-resized\"><img decoding=\"async\" src=\"https:\/\/d2bw95mh2ee04s.cloudfront.net\/prod\/content\/wp-content\/uploads\/2020\/12\/23142720\/workbook-einkaufswagenfeld-cover.png\" alt=\"Radna sveska Polje za kupovinu\" class=\"wp-image-4954\" width=\"399\" height=\"435\" srcset=\"https:\/\/d2bw95mh2ee04s.cloudfront.net\/prod\/content\/wp-content\/uploads\/2020\/12\/23142720\/workbook-einkaufswagenfeld-cover-407x443.png 407w, https:\/\/d2bw95mh2ee04s.cloudfront.net\/prod\/content\/wp-content\/uploads\/2020\/12\/23142720\/workbook-einkaufswagenfeld-cover.png 738w\" sizes=\"(max-width: 399px) 100vw, 399px\" \/><\/figure><\/div><p class=\"theme-wp-block gb-responsive-342029-identifier\">90% svih prodaja na Amazonu se de\u0161ava u Buy Box. To zna\u010di da u 90 od 100 slu\u010dajeva, prodavac koji se nalazi u polju za kupovinu ostvaruje prodaju. Ve\u0107ina drugih zavr\u0161i bez i\u010dega.<\/p><p class=\"theme-wp-block gb-responsive-957449-identifier\">Zato je od su\u0161tinskog zna\u010daja za vas kao prodavca, koji mora da se takmi\u010di protiv konkurenata za iste proizvode, da razumete kako mo\u017eete pobediti u Buy Box.<\/p><p class=\"theme-wp-block gb-responsive-622057-identifier\"><strong>Ovo je ta\u010dno mesto gde vam na\u0161a radna sveska &#8220;Polje za kupovinu &#8211; Kako da pobedite Buy Box za sebe!&#8221; poma\u017ee.<\/strong><\/p><div class=\"theme-wp-block wp-block-columns desktop-gb-has-no-icon xl-gb-has-no-icon lg-gb-has-no-icon md-gb-has-no-icon sm-gb-has-no-icon gb-responsive-450543-identifier is-layout-flex wp-container-core-columns-is-layout-9d6595d7 wp-block-columns-is-layout-flex\"><div class=\"theme-wp-block wp-block-column desktop-gb-has-no-icon xl-gb-has-no-icon lg-gb-has-no-icon md-gb-has-no-icon sm-gb-has-no-icon gb-responsive-84714-identifier is-layout-flow wp-block-column-is-layout-flow\" style=\"flex-basis:100%\"><p class=\"theme-wp-block desktop-gb-has-no-icon xl-gb-has-no-icon lg-gb-has-no-icon md-gb-has-no-icon sm-gb-has-no-icon gb-responsive-41815-identifier\"><em>Da biste preuzeli svoju radnu svesku, potrebno je prethodno omogu\u0107iti sve kola\u010di\u0107e. Da biste izmenili svoje postavke, molimo vas da kliknete na dugme u nastavku.<\/em><\/p><p class=\"theme-wp-block\"><span class=\"borlabs-cookie-open-dialog-preferences brlbs-cmpnt-container\" data-borlabs-cookie-title=\"Open Consent Preferences\" data-borlabs-cookie-type=\"button\" ><\/span><\/p>\n<div class=\"theme-wp-block wp-block-columns gb-responsive-295103-identifier is-layout-flex wp-container-core-columns-is-layout-9d6595d7 wp-block-columns-is-layout-flex\"><div class=\"theme-wp-block wp-block-column gb-responsive-736519-identifier is-layout-flow wp-block-column-is-layout-flow\"><div id=\"wb-form\" class=\"theme-wp-block wb-form\"><p>\n\t\tUnesite svoje ime i adresu e-po\u0161te da biste zatra\u017eili radnu svesku. Ona \u0107e vam zatim biti poslata.<br>\u00a0\n\t<\/p><form id=\"leadform\" action=\"#\" method=\"post\"><input type=\"text\" name=\"name\" id=\"name\" placeholder=\"Va\u0161e ime\" required=\"required\" style=\"padding: 10px; font-size: 18px; width: 100%; margin-bottom: 15px; color: rgb(88, 88, 88);\"><\/input><input type=\"email\" name=\"email\" id=\"email\" placeholder=\"Va\u0161a adresa e-po\u0161te\" required=\"required\" data-com-onepassword-filled=\"light\" style=\"padding: 10px; font-size: 18px; width: 100%; margin-bottom: 15px; color: rgb(88, 88, 88);\"><\/input><input type=\"submit\" value=\"Zatra\u017eite besplatnu radnu svesku sada\" id=\"submit\" style=\"padding: 10px; font-size: 18px; width: 100%; margin-bottom: 15px; color: rgb(255, 255, 255); background-color: rgb(255, 170, 1); cursor: pointer;\"><\/input><p style=\"margin-bottom: 10px; font-size: 12px;\">Obrada podataka se vr\u0161i u skladu sa na\u0161om <a href=\"https:\/\/www.sellerlogic.com\/en\/privacy-policy\/\" target=\"_blank\" draggable=\"false\" rel=\"noopener noreferrer\">politikom privatnosti<\/a>.<\/p><\/form><\/div><\/div><\/div><\/div><\/div><div class=\"theme-wp-block wp-block-columns gb-responsive-347256-identifier is-layout-flex wp-container-core-columns-is-layout-9d6595d7 wp-block-columns-is-layout-flex\"><div class=\"theme-wp-block wp-block-column gb-responsive-850623-identifier is-layout-flow wp-block-column-is-layout-flow\" style=\"flex-basis:100%\"><\/div><\/div><\/div><div class=\"theme-wp-block wp-block-column gb-responsive-343842-identifier desktop-gb-has-no-icon xl-gb-has-no-icon lg-gb-has-no-icon md-gb-has-no-icon sm-gb-has-no-icon is-layout-flow wp-block-column-is-layout-flow\" style=\"flex-basis:25%\"><\/div><\/div>\t\t<p  class=\"theme-wp-block theme-block-heading gb-responsive-150569-identifier is-style-default desktop-text-center xl-text-center lg-text-center md-text-center sm-text-center h3\">\n\t\tVi\u0161e zanimljivog sadr\u017eaja\t<\/p>\n\n<div style=\"height:20px\" aria-hidden=\"true\" class=\"theme-wp-block wp-block-spacer\"><\/div>\t\t<div  class=\"theme-wp-block theme-block-card-posts gb-responsive-763167-identifier layout-horizontal-cards-content\">\n\t\t<div class=\"wrap-inner-blocks\">\n\t\t\t<div class=\"post-card \">\n\t<div class=\"inside-wrap-card\">\n\t\t<div class=\"cover-wrap\">\n\t\t\t\t\t\t\t<a class=\"background-thumbnail has-image\" href=\"https:\/\/www.sellerlogic.com\/sr\/resources\/wb-en-202002\/\">\n\t\t\t\t\t<img decoding=\"async\" width=\"405\" height=\"240\" src=\"https:\/\/d2bw95mh2ee04s.cloudfront.net\/prod\/content\/wp-content\/uploads\/2020\/12\/23142715\/workbook_metriken_optimieren-thumbnail.jpeg\" class=\"attachment-thumbnail size-thumbnail wp-post-image\" alt=\"In 13 Schritten in die Buy Box:  So optimieren Sie Ihre Metriken!\" \/>\t\t\t\t<\/a>\n\t\t\t\t\t<\/div>\n\n\t\t<div class=\"wrap-content\">\n\t\t\t<div class=\"title\">\n\t\t\t\t<a href=\"https:\/\/www.sellerlogic.com\/sr\/resources\/wb-en-202002\/\">Besplatna radna sveska: U 13 koraka do Buy Box<\/a>\n\t\t\t<\/div>\n\t\t\t<div class=\"wrap-excerpt\">Znate li koje metrike treba da optimizujete da biste zadr\u017eali ili dobili Buy Box? Pokaza\u0107emo vam 13 najva\u017enijih \u2013 uklju\u010duju\u0107i minimalne i idealne vrednosti kao i sve formule za prora\u010dun!<\/div>\n\t\t<\/div>\n\t<\/div>\n<\/div><div class=\"post-card \">\n\t<div class=\"inside-wrap-card\">\n\t\t<div class=\"cover-wrap\">\n\t\t\t\t\t\t\t<a class=\"background-thumbnail has-image\" href=\"https:\/\/www.sellerlogic.com\/sr\/blog\/repricer-na-amazonu-prema-studiji-ovo-su-najuspesnije-metode-za-buy-box-profit\/\">\n\t\t\t\t\t<img decoding=\"async\" width=\"405\" height=\"240\" src=\"https:\/\/d2bw95mh2ee04s.cloudfront.net\/prod\/content\/wp-content\/uploads\/2020\/12\/23142812\/studie-repricer-amazon-thumbnail.jpg\" class=\"attachment-thumbnail size-thumbnail wp-post-image\" alt=\"Studie \u00fcber Repricer auf Amazon\" \/>\t\t\t\t<\/a>\n\t\t\t\t\t<\/div>\n\n\t\t<div class=\"wrap-content\">\n\t\t\t<div class=\"title\">\n\t\t\t\t<a href=\"https:\/\/www.sellerlogic.com\/sr\/blog\/repricer-na-amazonu-prema-studiji-ovo-su-najuspesnije-metode-za-buy-box-profit\/\">Studija: Kori\u0161\u0107enje Repricer pove\u0107ava \u0161anse za dobitak Buy Box zna\u010dajno!<\/a>\n\t\t\t<\/div>\n\t\t\t<div class=\"wrap-excerpt\">Izvrsna performansa prodavca je va\u017ena, ali nije sve \u2013 ova studija to jasno pokazuje. Prou\u010dili smo najva\u017enije spoznaje i otkrivamo vam koje metode vode do uspeha.<\/div>\n\t\t<\/div>\n\t<\/div>\n<\/div>\t\t<\/div>\n\t<\/div>\n","protected":false},"excerpt":{"rendered":"<p>Bez Buy Box &#8211; bez prihoda 90% svih prodaja na Amazonu se de\u0161ava u Buy Box. To zna\u010di da u 90 od 100 slu\u010dajeva, prodavac koji se nalazi u polju za kupovinu ostvaruje prodaju. Ve\u0107ina drugih zavr\u0161i bez i\u010dega. Zato je od su\u0161tinskog zna\u010daja za vas kao prodavca, koji mora da se takmi\u010di protiv konkurenata<\/p>\n","protected":false},"author":3,"featured_media":0,"parent":229641,"menu_order":0,"comment_status":"closed","ping_status":"closed","template":"","meta":{"sidebar_recommended_resources":{"data":[]},"sidebar_header_settings":{"hide_buttons":{"register":false}},"_use_new_theme":false,"inline_featured_image":false,"footnotes":""},"class_list":["post-229572","page","type-page","status-publish","hentry"],"yoast_head":"<!-- This site is optimized with the Yoast SEO plugin v26.8 - https:\/\/yoast.com\/product\/yoast-seo-wordpress\/ -->\n<title>Ovako mo\u017eete garantovano pobediti u polju za kupovinu za sebe!<\/title>\n<meta name=\"description\" content=\"Besplatno i bez naknade: Radna sveska &quot;Polje za kupovinu - Kako da pobedite Buy Box za sebe!&quot; Preuzmite sada!\" \/>\n<meta name=\"robots\" content=\"index, follow, max-snippet:-1, max-image-preview:large, max-video-preview:-1\" \/>\n<link rel=\"canonical\" href=\"https:\/\/www.sellerlogic.com\/sr\/resources\/workbook-shopping-cart-field\/\" \/>\n<meta property=\"og:locale\" content=\"sr_RS\" \/>\n<meta property=\"og:type\" content=\"article\" \/>\n<meta property=\"og:title\" content=\"Ovako mo\u017eete garantovano pobediti u polju za kupovinu za sebe!\" \/>\n<meta property=\"og:description\" content=\"Besplatno i bez naknade: Radna sveska &quot;Polje za kupovinu - Kako da pobedite Buy Box za sebe!&quot; Preuzmite sada!\" \/>\n<meta property=\"og:url\" content=\"https:\/\/www.sellerlogic.com\/sr\/resources\/workbook-shopping-cart-field\/\" \/>\n<meta property=\"og:site_name\" content=\"SELLERLOGIC - Smarte Tools f\u00fcr Amazon-Seller\" \/>\n<meta property=\"article:publisher\" content=\"https:\/\/www.facebook.com\/SellerLogic\/\" \/>\n<meta property=\"og:image\" content=\"https:\/\/d2bw95mh2ee04s.cloudfront.net\/prod\/content\/wp-content\/uploads\/2020\/12\/23142720\/workbook-einkaufswagenfeld-cover.png\" \/>\n\t<meta property=\"og:image:width\" content=\"738\" \/>\n\t<meta property=\"og:image:height\" content=\"804\" \/>\n\t<meta property=\"og:image:type\" content=\"image\/png\" \/>\n<meta name=\"twitter:card\" content=\"summary_large_image\" \/>\n<meta name=\"twitter:site\" content=\"@sellerlogic\" \/>\n<meta name=\"twitter:label1\" content=\"Est. reading time\" \/>\n\t<meta name=\"twitter:data1\" content=\"1 minute\" \/>\n<script type=\"application\/ld+json\" class=\"yoast-schema-graph\">{\"@context\":\"https:\/\/schema.org\",\"@graph\":[{\"@type\":\"WebPage\",\"@id\":\"https:\/\/www.sellerlogic.com\/sr\/resources\/workbook-shopping-cart-field\/\",\"url\":\"https:\/\/www.sellerlogic.com\/sr\/resources\/workbook-shopping-cart-field\/\",\"name\":\"Ovako mo\u017eete garantovano pobediti u polju za kupovinu za sebe!\",\"isPartOf\":{\"@id\":\"https:\/\/www.sellerlogic.com\/sr\/#website\"},\"primaryImageOfPage\":{\"@id\":\"https:\/\/www.sellerlogic.com\/sr\/resources\/workbook-shopping-cart-field\/#primaryimage\"},\"image\":{\"@id\":\"https:\/\/www.sellerlogic.com\/sr\/resources\/workbook-shopping-cart-field\/#primaryimage\"},\"thumbnailUrl\":\"https:\/\/www.sellerlogic.com\/wp-content\/uploads\/2020\/12\/workbook-einkaufswagenfeld-cover.png\",\"datePublished\":\"2020-12-11T10:04:17+00:00\",\"description\":\"Besplatno i bez naknade: Radna sveska \\\"Polje za kupovinu - Kako da pobedite Buy Box za sebe!\\\" Preuzmite sada!\",\"breadcrumb\":{\"@id\":\"https:\/\/www.sellerlogic.com\/sr\/resources\/workbook-shopping-cart-field\/#breadcrumb\"},\"inLanguage\":\"sr-RS\",\"potentialAction\":[{\"@type\":\"ReadAction\",\"target\":[\"https:\/\/www.sellerlogic.com\/sr\/resources\/workbook-shopping-cart-field\/\"]}]},{\"@type\":\"ImageObject\",\"inLanguage\":\"sr-RS\",\"@id\":\"https:\/\/www.sellerlogic.com\/sr\/resources\/workbook-shopping-cart-field\/#primaryimage\",\"url\":\"https:\/\/www.sellerlogic.com\/wp-content\/uploads\/2020\/12\/workbook-einkaufswagenfeld-cover.png\",\"contentUrl\":\"https:\/\/www.sellerlogic.com\/wp-content\/uploads\/2020\/12\/workbook-einkaufswagenfeld-cover.png\"},{\"@type\":\"BreadcrumbList\",\"@id\":\"https:\/\/www.sellerlogic.com\/sr\/resources\/workbook-shopping-cart-field\/#breadcrumb\",\"itemListElement\":[{\"@type\":\"ListItem\",\"position\":1,\"name\":\"Home\",\"item\":\"https:\/\/www.sellerlogic.com\/sr\/\"},{\"@type\":\"ListItem\",\"position\":2,\"name\":\"Resursi EN\",\"item\":\"https:\/\/www.sellerlogic.com\/sr\/resources\/\"},{\"@type\":\"ListItem\",\"position\":3,\"name\":\"Radna sveska Polje za kupovinu\"}]},{\"@type\":\"WebSite\",\"@id\":\"https:\/\/www.sellerlogic.com\/sr\/#website\",\"url\":\"https:\/\/www.sellerlogic.com\/sr\/\",\"name\":\"SELLERLOGIC - Smarte Tools f\u00fcr Amazon-Seller\",\"description\":\"Intelligente Prozessoptimierung und Gewinnmaximierung\",\"publisher\":{\"@id\":\"https:\/\/www.sellerlogic.com\/sr\/#organization\"},\"potentialAction\":[{\"@type\":\"SearchAction\",\"target\":{\"@type\":\"EntryPoint\",\"urlTemplate\":\"https:\/\/www.sellerlogic.com\/sr\/?s={search_term_string}\"},\"query-input\":{\"@type\":\"PropertyValueSpecification\",\"valueRequired\":true,\"valueName\":\"search_term_string\"}}],\"inLanguage\":\"sr-RS\"},{\"@type\":\"Organization\",\"@id\":\"https:\/\/www.sellerlogic.com\/sr\/#organization\",\"name\":\"SELLERLOGIC\",\"url\":\"https:\/\/www.sellerlogic.com\/sr\/\",\"logo\":{\"@type\":\"ImageObject\",\"inLanguage\":\"sr-RS\",\"@id\":\"https:\/\/www.sellerlogic.com\/sr\/#\/schema\/logo\/image\/\",\"url\":\"https:\/\/d2bw95mh2ee04s.cloudfront.net\/prod\/content\/wp-content\/uploads\/2025\/01\/02134814\/Property-Logo-Main.svg\",\"contentUrl\":\"https:\/\/d2bw95mh2ee04s.cloudfront.net\/prod\/content\/wp-content\/uploads\/2025\/01\/02134814\/Property-Logo-Main.svg\",\"width\":184,\"height\":40,\"caption\":\"SELLERLOGIC\"},\"image\":{\"@id\":\"https:\/\/www.sellerlogic.com\/sr\/#\/schema\/logo\/image\/\"},\"sameAs\":[\"https:\/\/www.facebook.com\/SellerLogic\/\",\"https:\/\/x.com\/sellerlogic\",\"https:\/\/www.instagram.com\/sellerlogic\/\",\"https:\/\/www.linkedin.com\/company\/18402037\/\",\"https:\/\/www.youtube.com\/channel\/UC-gULUur-fNj08sprantKsQ\"]}]}<\/script>\n<!-- \/ Yoast SEO plugin. -->","yoast_head_json":{"title":"Ovako mo\u017eete garantovano pobediti u polju za kupovinu za sebe!","description":"Besplatno i bez naknade: Radna sveska \"Polje za kupovinu - Kako da pobedite Buy Box za sebe!\" Preuzmite sada!","robots":{"index":"index","follow":"follow","max-snippet":"max-snippet:-1","max-image-preview":"max-image-preview:large","max-video-preview":"max-video-preview:-1"},"canonical":"https:\/\/www.sellerlogic.com\/sr\/resources\/workbook-shopping-cart-field\/","og_locale":"sr_RS","og_type":"article","og_title":"Ovako mo\u017eete garantovano pobediti u polju za kupovinu za sebe!","og_description":"Besplatno i bez naknade: Radna sveska \"Polje za kupovinu - Kako da pobedite Buy Box za sebe!\" Preuzmite sada!","og_url":"https:\/\/www.sellerlogic.com\/sr\/resources\/workbook-shopping-cart-field\/","og_site_name":"SELLERLOGIC - Smarte Tools f\u00fcr Amazon-Seller","article_publisher":"https:\/\/www.facebook.com\/SellerLogic\/","og_image":[{"width":738,"height":804,"url":"https:\/\/d2bw95mh2ee04s.cloudfront.net\/prod\/content\/wp-content\/uploads\/2020\/12\/23142720\/workbook-einkaufswagenfeld-cover.png","type":"image\/png"}],"twitter_card":"summary_large_image","twitter_site":"@sellerlogic","twitter_misc":{"Est. reading time":"1 minute"},"schema":{"@context":"https:\/\/schema.org","@graph":[{"@type":"WebPage","@id":"https:\/\/www.sellerlogic.com\/sr\/resources\/workbook-shopping-cart-field\/","url":"https:\/\/www.sellerlogic.com\/sr\/resources\/workbook-shopping-cart-field\/","name":"Ovako mo\u017eete garantovano pobediti u polju za kupovinu za sebe!","isPartOf":{"@id":"https:\/\/www.sellerlogic.com\/sr\/#website"},"primaryImageOfPage":{"@id":"https:\/\/www.sellerlogic.com\/sr\/resources\/workbook-shopping-cart-field\/#primaryimage"},"image":{"@id":"https:\/\/www.sellerlogic.com\/sr\/resources\/workbook-shopping-cart-field\/#primaryimage"},"thumbnailUrl":"https:\/\/www.sellerlogic.com\/wp-content\/uploads\/2020\/12\/workbook-einkaufswagenfeld-cover.png","datePublished":"2020-12-11T10:04:17+00:00","description":"Besplatno i bez naknade: Radna sveska \"Polje za kupovinu - Kako da pobedite Buy Box za sebe!\" Preuzmite sada!","breadcrumb":{"@id":"https:\/\/www.sellerlogic.com\/sr\/resources\/workbook-shopping-cart-field\/#breadcrumb"},"inLanguage":"sr-RS","potentialAction":[{"@type":"ReadAction","target":["https:\/\/www.sellerlogic.com\/sr\/resources\/workbook-shopping-cart-field\/"]}]},{"@type":"ImageObject","inLanguage":"sr-RS","@id":"https:\/\/www.sellerlogic.com\/sr\/resources\/workbook-shopping-cart-field\/#primaryimage","url":"https:\/\/www.sellerlogic.com\/wp-content\/uploads\/2020\/12\/workbook-einkaufswagenfeld-cover.png","contentUrl":"https:\/\/www.sellerlogic.com\/wp-content\/uploads\/2020\/12\/workbook-einkaufswagenfeld-cover.png"},{"@type":"BreadcrumbList","@id":"https:\/\/www.sellerlogic.com\/sr\/resources\/workbook-shopping-cart-field\/#breadcrumb","itemListElement":[{"@type":"ListItem","position":1,"name":"Home","item":"https:\/\/www.sellerlogic.com\/sr\/"},{"@type":"ListItem","position":2,"name":"Resursi EN","item":"https:\/\/www.sellerlogic.com\/sr\/resources\/"},{"@type":"ListItem","position":3,"name":"Radna sveska Polje za kupovinu"}]},{"@type":"WebSite","@id":"https:\/\/www.sellerlogic.com\/sr\/#website","url":"https:\/\/www.sellerlogic.com\/sr\/","name":"SELLERLOGIC - Smarte Tools f\u00fcr Amazon-Seller","description":"Intelligente Prozessoptimierung und Gewinnmaximierung","publisher":{"@id":"https:\/\/www.sellerlogic.com\/sr\/#organization"},"potentialAction":[{"@type":"SearchAction","target":{"@type":"EntryPoint","urlTemplate":"https:\/\/www.sellerlogic.com\/sr\/?s={search_term_string}"},"query-input":{"@type":"PropertyValueSpecification","valueRequired":true,"valueName":"search_term_string"}}],"inLanguage":"sr-RS"},{"@type":"Organization","@id":"https:\/\/www.sellerlogic.com\/sr\/#organization","name":"SELLERLOGIC","url":"https:\/\/www.sellerlogic.com\/sr\/","logo":{"@type":"ImageObject","inLanguage":"sr-RS","@id":"https:\/\/www.sellerlogic.com\/sr\/#\/schema\/logo\/image\/","url":"https:\/\/d2bw95mh2ee04s.cloudfront.net\/prod\/content\/wp-content\/uploads\/2025\/01\/02134814\/Property-Logo-Main.svg","contentUrl":"https:\/\/d2bw95mh2ee04s.cloudfront.net\/prod\/content\/wp-content\/uploads\/2025\/01\/02134814\/Property-Logo-Main.svg","width":184,"height":40,"caption":"SELLERLOGIC"},"image":{"@id":"https:\/\/www.sellerlogic.com\/sr\/#\/schema\/logo\/image\/"},"sameAs":["https:\/\/www.facebook.com\/SellerLogic\/","https:\/\/x.com\/sellerlogic","https:\/\/www.instagram.com\/sellerlogic\/","https:\/\/www.linkedin.com\/company\/18402037\/","https:\/\/www.youtube.com\/channel\/UC-gULUur-fNj08sprantKsQ"]}]}},"_links":{"self":[{"href":"https:\/\/www.sellerlogic.com\/sr\/wp-json\/wp\/v2\/pages\/229572","targetHints":{"allow":["GET"]}}],"collection":[{"href":"https:\/\/www.sellerlogic.com\/sr\/wp-json\/wp\/v2\/pages"}],"about":[{"href":"https:\/\/www.sellerlogic.com\/sr\/wp-json\/wp\/v2\/types\/page"}],"author":[{"embeddable":true,"href":"https:\/\/www.sellerlogic.com\/sr\/wp-json\/wp\/v2\/users\/3"}],"replies":[{"embeddable":true,"href":"https:\/\/www.sellerlogic.com\/sr\/wp-json\/wp\/v2\/comments?post=229572"}],"version-history":[{"count":0,"href":"https:\/\/www.sellerlogic.com\/sr\/wp-json\/wp\/v2\/pages\/229572\/revisions"}],"up":[{"embeddable":true,"href":"https:\/\/www.sellerlogic.com\/sr\/wp-json\/wp\/v2\/pages\/229641"}],"wp:attachment":[{"href":"https:\/\/www.sellerlogic.com\/sr\/wp-json\/wp\/v2\/media?parent=229572"}],"curies":[{"name":"wp","href":"https:\/\/api.w.org\/{rel}","templated":true}]}}