
{"id":229656,"date":"2020-12-18T10:57:32","date_gmt":"2020-12-18T10:57:32","guid":{"rendered":"https:\/\/127.0.0.1\/resources\/success-story-sport-hesse\/"},"modified":"2020-12-18T10:57:32","modified_gmt":"2020-12-18T10:57:32","slug":"success-story-sport-hesse","status":"publish","type":"page","link":"https:\/\/www.sellerlogic.com\/sr\/resources\/success-story-sport-hesse\/","title":{"rendered":"Success Story: Sport Hesse EN"},"content":{"rendered":"\n\t<div  class=\"theme-wp-block theme-block-main-header is-style-full-height desktop-align-full xl-align-full lg-align-full md-align-full sm-align-full desktop-content-align-y-center desktop-content-align-x-center xl-content-align-y-center xl-content-align-x-center lg-content-align-y-center lg-content-align-x-center md-content-align-y-center md-content-align-x-center sm-content-align-y-center sm-content-align-x-center gb-responsive-131969-identifier theme-block-cover\">\n\t\t<div class=\"bg-cover theme-lazy-load-bg\"><\/div>\n\t\t<div class=\"wrap-content-main-header\">\n\t\t\t\t\t<div  class=\"theme-wp-block theme-block-text-and-text desktop-blockDirection-row xl-blockDirection-row lg-blockDirection-row md-blockDirection-row sm-blockDirection-row gb-responsive-2306-identifier desktop-align-full xl-align-full lg-align-full md-align-full sm-align-full desktop-vertical-top xl-vertical-top lg-vertical-top md-vertical-top sm-vertical-top alignfull\">\n\t\t<div class=\"tat-column-wrap-wrapper\">\n\t\t\t<div class=\"tat-column-wrapper\">\n\t\t\t\t\t<div  class=\"theme-wp-block theme-block-text-and-text-column gb-responsive-708373-identifier\">\n\t\t<div class=\"inner-wrap-column-content\">\n\t\t\t<div class=\"inner-column-content\">\n\t\t\t\t\t\t<h1  class=\"theme-wp-block theme-block-heading is-style-default desktop-text-center xl-text-center lg-text-center md-text-center sm-text-center desktop-align-wide xl-align-wide lg-align-wide md-align-wide sm-align-wide gb-responsive-599464-identifier alignwide h1 has-text-align\">\n\t\tPobediti kroz personalizovanu stru\u010dnost\t<\/h1>\n\n\t\t<h2  class=\"theme-wp-block theme-block-heading is-style-default desktop-text-center xl-text-center lg-text-center md-text-center sm-text-center desktop-align-wide xl-align-wide lg-align-wide md-align-wide sm-align-wide gb-responsive-17576-identifier alignwide h2 has-text-align\">\n\t\tSport-Hesse &amp; SELLERLOGIC\t<\/h2>\n\n\t\t\t<\/div>\n\t\t<\/div>\n\t<\/div>\n\t<div  class=\"theme-wp-block theme-block-text-and-text-column gb-responsive-976923-identifier\">\n\t\t<div class=\"inner-wrap-column-content\">\n\t\t\t<div class=\"inner-column-content\">\n\t\t\t\t\t\t\t<\/div>\n\t\t<\/div>\n\t<\/div>\n\t\t\t<\/div>\n\t\t<\/div>\n\t<\/div>\n\n\t\t<\/div>\n\t<\/div>\n\n<div style=\"height:50px\" aria-hidden=\"true\" class=\"theme-wp-block wp-block-spacer\"><\/div><div class=\"theme-wp-block wp-block-columns gb-responsive-759712-identifier is-layout-flex wp-container-core-columns-is-layout-9d6595d7 wp-block-columns-is-layout-flex\"><div class=\"theme-wp-block wp-block-column gb-responsive-24590-identifier is-layout-flow wp-block-column-is-layout-flow\" style=\"flex-basis:25%\"><figure class=\"theme-wp-block wp-block-image size-large is-resized gb-responsive-62921-identifier\"><img decoding=\"async\" width=\"500\" height=\"357\" src=\"https:\/\/d2bw95mh2ee04s.cloudfront.net\/prod\/content\/wp-content\/uploads\/2020\/12\/23142723\/logo-sport-hesse.png\" alt=\"Success Story: Sport Hesse EN\" class=\"wp-image-4836\" style=\"width:176px;height:125px\" srcset=\"https:\/\/d2bw95mh2ee04s.cloudfront.net\/prod\/content\/wp-content\/uploads\/2020\/12\/23142723\/logo-sport-hesse-407x291.png 407w, https:\/\/d2bw95mh2ee04s.cloudfront.net\/prod\/content\/wp-content\/uploads\/2020\/12\/23142723\/logo-sport-hesse.png 500w\" sizes=\"(max-width: 500px) 100vw, 500px\" \/><\/figure><p class=\"theme-wp-block gb-responsive-160011-identifier\"><strong>Osnivanje:<\/strong><br>1984<\/p><p class=\"theme-wp-block gb-responsive-297884-identifier\"><strong>Industrija:<\/strong><br>Sportska oprema, Timski sportovi, Sportski brendovi<\/p><p class=\"theme-wp-block gb-responsive-938889-identifier\"><strong>Artikli na Amazonu:\u00a0<\/strong><br>pribli\u017eno 6.000 SKUs<\/p><p class=\"theme-wp-block gb-responsive-337749-identifier\"><strong>Po\u0161iljke:<\/strong><br>pribli\u017eno 30.000 mese\u010dno<\/p><\/div><div class=\"theme-wp-block wp-block-column gb-responsive-542944-identifier is-layout-flow wp-block-column-is-layout-flow\" style=\"flex-basis:50%\"><h3 class=\"theme-wp-block wp-block-heading gb-responsive-34353-identifier\" id=\"block-c06fce04-ef87-4ffc-a3d6-b768ba377d17\">Pozadina:<\/h3><p class=\"theme-wp-block gb-responsive-772271-identifier desktop-gb-has-no-icon xl-gb-has-no-icon lg-gb-has-no-icon md-gb-has-no-icon sm-gb-has-no-icon\">Kristof J. Hese je po\u010deo da prodaje svoju sportsku opremu direktno na terenu nakon utakmica dok je jo\u0161 uvek studirao poslovnu ekonomiju. Tako je ro\u0111ena ideja o osnivanju njegove kompanije. Godine 1984, Kristof je otvorio svoju prvu prodavnicu sportske opreme sa maloprodajnim prostorom od 45 m\u00b2. Samo nekoliko godina kasnije, morali su da pro\u0161ire prostor na 100 m\u00b2, a zatim na 500 m\u00b2. Danas, Sport-Hese prodaje na povr\u0161ini od oko 1000 m\u00b2 i veoma je uspe\u0161an dobavlja\u010d opreme za timske sportove, koju koriste kupci \u0161irom sveta.<\/p><h3 class=\"theme-wp-block wp-block-heading gb-responsive-530046-identifier desktop-gb-has-no-icon xl-gb-has-no-icon lg-gb-has-no-icon md-gb-has-no-icon sm-gb-has-no-icon\">Po\u010detak:<\/h3><p class=\"theme-wp-block gb-responsive-657993-identifier\">Od 2014. godine, kompanija tako\u0111e prodaje svoje proizvode na Amazonu. Ono \u0161to je po\u010delo sa isporukom nekoliko fudbalskih lopti na kraju se razvilo u PAN EU prodaju \u0161irom Evrope. Sa oko 6.000 artikala, Kristof Hese je bio svestan da su gre\u0161ke neizbe\u017ene u Amazonovim skladi\u0161tima.<\/p><p class=\"theme-wp-block gb-responsive-780031-identifier\">\u201eImamo \u0161irok asortiman proizvoda na Amazonu, a upore\u0111ivanje toliko me\u0111unarodnih tr\u017ei\u0161ta je slo\u017eeno i zahteva puno vremena,\u201c obja\u0161njava Kristof. \u201eRu\u010dno smo analizirali izve\u0161taje o isporukama jer smo bili svesni osnovnog problema, ali zbog velike koli\u010dine vremena koje to zahteva, mogli smo da vr\u0161imo nadzor samo u malom obimu.\u201c<\/p><h3 class=\"theme-wp-block wp-block-heading gb-responsive-749842-identifier\">Re\u0161enje:<\/h3><p class=\"theme-wp-block gb-responsive-642257-identifier desktop-gb-has-no-icon xl-gb-has-no-icon lg-gb-has-no-icon md-gb-has-no-icon sm-gb-has-no-icon\">Tada je Kristof u\u010destvovao na konferenciji za prodavce na Amazonu. Po\u0161to je ve\u0107 dobio poziv od SELLERLOGIC u vezi sa re\u0161enjem Lost &#038; Found, potra\u017eio nas je i slu\u0161ao jednu od na\u0161ih prezentacija na konferenciji. \u201eRadionica me je ve\u0107 uverila u Lost &#038; Found. Ali konstruktivna diskusija sa predava\u010dem nakon toga bila je \u0161lag na tortu i potpuno je potvrdila moj prvi utisak\u201c, se\u0107a se Kristof. \u201e\u010cim sam se vratio ku\u0107i, odmah sam se registrovao.\u201c<\/p><div class=\"theme-block-group-wrap\"><div class=\"theme-wp-block wp-block-group gb-responsive-88118-identifier\">\t\t<div  class=\"theme-wp-block theme-block-user-card gb-responsive-799176-identifier is-style-full-width-line\">\n\t\t<div class=\"wrap-inner-content\">\n\t\t\t<div class=\"card-user-head\">\n\t\t\t\t<div class=\"card-user-avatar\">\n\t\t\t\t\t<div class=\"cover-avatar\" style=\"background-image: url(https:\/\/d2bw95mh2ee04s.cloudfront.net\/prod\/content\/wp-content\/uploads\/2020\/12\/23142724\/sport-hesse-raute.png);\"><\/div>\n\t\t\t\t<\/div>\n\t\t\t\t<div class=\"wrap-title\">\n\t\t\t\t\t<div class=\"card-user-name\">\n\t\t\t\t\t\t<div class=\"title\">\n\t\t\t\t\t\t\t<h3 class=\"heading-text\"><strong>Kristof Hese<\/strong><\/h3>\n\t\t\t\t\t\t<\/div>\n\t\t\t\t\t\t<div class=\"card-user-position\">\n\t\t\t\t\t\t\t<div class=\"card-text\"><strong>CEO u Sport-Hese<\/strong><\/div>\n\t\t\t\t\t\t<\/div>\n\t\t\t\t\t<\/div>\n\t\t\t\t\t<div class=\"card-user-quote-icon\">\n\t\t\t\t\t<\/div>\n\t\t\t\t<\/div>\n\t\t\t<\/div>\n\t\t\t<div class=\"card-user-text\">\n\t\t\t\t<div class=\"card-text\"><p>&#8220;SELLERLOGIC Lost &amp; Found je jednostavno sjajan alat, sve savr\u0161eno funkcioni\u0161e, operacija, povra\u0107aji, obuka i usluga! Definitivno ne \u017eelimo da se vratimo ru\u010dnom obra\u010dunavanju mogu\u0107ih zahteva za povra\u0107aj.&#8221;<\/p><\/div>\n\t\t\t<\/div>\n\t\t<\/div>\n\t<\/div>\n\n<\/div><\/div><h3 class=\"theme-wp-block wp-block-heading gb-responsive-260858-identifier\">Uspe\u0161ni rezultati sa SELLERLOGIC:<\/h3><p class=\"theme-wp-block gb-responsive-536715-identifier desktop-gb-has-no-icon xl-gb-has-no-icon lg-gb-has-no-icon md-gb-has-no-icon sm-gb-has-no-icon\">\u010cak je i implementacija re\u0161enja nadma\u0161ila njegova o\u010dekivanja. Iako je Kristofovo li\u010dno iskustvo sa SELLERLOGIC&#8217;s CSO tokom konferencije ve\u0107 bilo sve \u0161to mu je bilo potrebno da donese odluku, \u201epo\u010detni povra\u0107aj me je svejedno iznenadio: Sport-Hese je dobio 15.000 evra nazad od Amazona!\u201c.<\/p><p class=\"theme-wp-block gb-responsive-557617-identifier desktop-gb-has-no-icon xl-gb-has-no-icon lg-gb-has-no-icon md-gb-has-no-icon sm-gb-has-no-icon\">Obe\u0107anje SELLERLOGIC o u\u0161tedi vremena i jednostavnom rukovanju se tako\u0111e pokazalo ta\u010dnim. \u201eOni tako\u0111e nude besprekornu uslugu &#8211; \u010dak sam u subotu dobio odgovor od tima za korisni\u010dku podr\u0161ku!\u201c obja\u0161njava Kristof. \u201eUop\u0161teno, saradnja sa timom za korisni\u010dku podr\u0161ku bila je veoma prijatna. Uvek imaju pravi odgovor na moje probleme.\u201c<\/p><p class=\"theme-wp-block gb-responsive-570460-identifier desktop-gb-has-no-icon xl-gb-has-no-icon lg-gb-has-no-icon md-gb-has-no-icon sm-gb-has-no-icon\">\u201eSam alat funkcioni\u0161e veoma dobro, po\u0161to je operativna komponenta jasna i mo\u017ee se lako integrisati u va\u0161u svakodnevnu rutinu. Pored toga, postoji baza znanja \u2013 koja je, pored tima za korisni\u010dku podr\u0161ku \u2013 tako\u0111e mnogo pomogla kada smo imali sumnje ili pitanja.\u201c<\/p><p class=\"theme-wp-block gb-responsive-270774-identifier desktop-gb-has-no-icon xl-gb-has-no-icon lg-gb-has-no-icon md-gb-has-no-icon sm-gb-has-no-icon\">\u201ePerformanse alata su jednostavno uverljive i potpuno opravdavaju cenu!\u201c izjavljuje Kristof. \u201eU svakom slu\u010daju, ru\u010dno proveravanje vi\u0161e nije problem u Sport-Hese.\u201c<\/p><div class=\"theme-wp-block wp-block-buttons gb-responsive-497426-identifier is-layout-flex wp-block-buttons-is-layout-flex\"><div class=\"theme-wp-block wp-block-button gb-responsive-38220-identifier is-style-theme-transparent-with-arrow\"><a class=\"wp-block-button__link wp-element-button\" href=\"https:\/\/d2bw95mh2ee04s.cloudfront.net\/prod\/content\/files\/SUCCESS-STORIES\/EN\/SELLERLOGIC_SN_Success-Story_Sport-Hesse_EN.pdf\" target=\"_blank\" rel=\"noreferrer noopener nofollow\">Preuzmite sada!<\/a><\/div><\/div><\/div><div class=\"theme-wp-block wp-block-column gb-responsive-271329-identifier is-layout-flow wp-block-column-is-layout-flow\" style=\"flex-basis:25%\"><\/div><\/div>","protected":false},"excerpt":{"rendered":"<p>Osnivanje:1984 Industrija:Sportska oprema, Timski sportovi, Sportski brendovi Artikli na Amazonu:\u00a0pribli\u017eno 6.000 SKUs Po\u0161iljke:pribli\u017eno 30.000 mese\u010dno Pozadina: Kristof J. Hese je po\u010deo da prodaje svoju sportsku opremu direktno na terenu nakon utakmica dok je jo\u0161 uvek studirao poslovnu ekonomiju. Tako je ro\u0111ena ideja o osnivanju njegove kompanije. Godine 1984, Kristof je otvorio svoju prvu prodavnicu sportske<\/p>\n","protected":false},"author":3,"featured_media":4855,"parent":229641,"menu_order":0,"comment_status":"closed","ping_status":"closed","template":"","meta":{"sidebar_recommended_resources":{"data":[]},"sidebar_header_settings":{"hide_buttons":{"register":false}},"_use_new_theme":false,"inline_featured_image":false,"footnotes":""},"class_list":["post-229656","page","type-page","status-publish","has-post-thumbnail","hentry"],"yoast_head":"<!-- This site is optimized with the Yoast SEO plugin v26.8 - https:\/\/yoast.com\/product\/yoast-seo-wordpress\/ -->\n<title>Za\u0161to je Lost &amp; Found uverio Sport-Hese | SELLERLOGIC<\/title>\n<meta name=\"description\" content=\"\u201eUvek imaju pravi odgovor na moje probleme\u201c - Kako je Sport-Hese dobio povra\u0107aj sa pet cifara od Amazona zahvaljuju\u0107i Lost &amp; Found.\" \/>\n<meta name=\"robots\" content=\"index, follow, max-snippet:-1, max-image-preview:large, max-video-preview:-1\" \/>\n<link rel=\"canonical\" href=\"https:\/\/www.sellerlogic.com\/sr\/resources\/success-story-sport-hesse\/\" \/>\n<meta property=\"og:locale\" content=\"sr_RS\" \/>\n<meta property=\"og:type\" content=\"article\" \/>\n<meta property=\"og:title\" content=\"Za\u0161to je Lost &amp; Found uverio Sport-Hese | SELLERLOGIC\" \/>\n<meta property=\"og:description\" content=\"\u201eUvek imaju pravi odgovor na moje probleme\u201c - Kako je Sport-Hese dobio povra\u0107aj sa pet cifara od Amazona zahvaljuju\u0107i Lost &amp; Found.\" \/>\n<meta property=\"og:url\" content=\"https:\/\/www.sellerlogic.com\/sr\/resources\/success-story-sport-hesse\/\" \/>\n<meta property=\"og:site_name\" content=\"SELLERLOGIC - Smarte Tools f\u00fcr Amazon-Seller\" \/>\n<meta property=\"article:publisher\" content=\"https:\/\/www.facebook.com\/SellerLogic\/\" \/>\n<meta property=\"og:image\" content=\"http:\/\/d2bw95mh2ee04s.cloudfront.net\/prod\/content\/wp-content\/uploads\/2020\/12\/23142722\/sport-hesse-header-neu.jpeg\" \/>\n\t<meta property=\"og:image:width\" content=\"2500\" \/>\n\t<meta property=\"og:image:height\" content=\"1667\" \/>\n\t<meta property=\"og:image:type\" content=\"image\/jpeg\" \/>\n<meta name=\"twitter:card\" content=\"summary_large_image\" \/>\n<meta name=\"twitter:site\" content=\"@sellerlogic\" \/>\n<meta name=\"twitter:label1\" content=\"Est. reading time\" \/>\n\t<meta name=\"twitter:data1\" content=\"3 minutes\" \/>\n<script type=\"application\/ld+json\" class=\"yoast-schema-graph\">{\"@context\":\"https:\/\/schema.org\",\"@graph\":[{\"@type\":\"WebPage\",\"@id\":\"https:\/\/www.sellerlogic.com\/sr\/resources\/success-story-sport-hesse\/\",\"url\":\"https:\/\/www.sellerlogic.com\/sr\/resources\/success-story-sport-hesse\/\",\"name\":\"Za\u0161to je Lost & Found uverio Sport-Hese | SELLERLOGIC\",\"isPartOf\":{\"@id\":\"https:\/\/www.sellerlogic.com\/sr\/#website\"},\"primaryImageOfPage\":{\"@id\":\"https:\/\/www.sellerlogic.com\/sr\/resources\/success-story-sport-hesse\/#primaryimage\"},\"image\":{\"@id\":\"https:\/\/www.sellerlogic.com\/sr\/resources\/success-story-sport-hesse\/#primaryimage\"},\"thumbnailUrl\":\"https:\/\/d2bw95mh2ee04s.cloudfront.net\/prod\/content\/wp-content\/uploads\/2020\/12\/23142722\/sport-hesse-header-neu.jpeg\",\"datePublished\":\"2020-12-18T10:57:32+00:00\",\"description\":\"\u201eUvek imaju pravi odgovor na moje probleme\u201c - Kako je Sport-Hese dobio povra\u0107aj sa pet cifara od Amazona zahvaljuju\u0107i Lost & Found.\",\"breadcrumb\":{\"@id\":\"https:\/\/www.sellerlogic.com\/sr\/resources\/success-story-sport-hesse\/#breadcrumb\"},\"inLanguage\":\"sr-RS\",\"potentialAction\":[{\"@type\":\"ReadAction\",\"target\":[\"https:\/\/www.sellerlogic.com\/sr\/resources\/success-story-sport-hesse\/\"]}]},{\"@type\":\"ImageObject\",\"inLanguage\":\"sr-RS\",\"@id\":\"https:\/\/www.sellerlogic.com\/sr\/resources\/success-story-sport-hesse\/#primaryimage\",\"url\":\"https:\/\/d2bw95mh2ee04s.cloudfront.net\/prod\/content\/wp-content\/uploads\/2020\/12\/23142722\/sport-hesse-header-neu.jpeg\",\"contentUrl\":\"https:\/\/d2bw95mh2ee04s.cloudfront.net\/prod\/content\/wp-content\/uploads\/2020\/12\/23142722\/sport-hesse-header-neu.jpeg\",\"width\":2500,\"height\":1667,\"caption\":\"Sport-Hesse: Header\"},{\"@type\":\"BreadcrumbList\",\"@id\":\"https:\/\/www.sellerlogic.com\/sr\/resources\/success-story-sport-hesse\/#breadcrumb\",\"itemListElement\":[{\"@type\":\"ListItem\",\"position\":1,\"name\":\"Home\",\"item\":\"https:\/\/www.sellerlogic.com\/sr\/\"},{\"@type\":\"ListItem\",\"position\":2,\"name\":\"Resursi EN\",\"item\":\"https:\/\/127.0.0.1\/de\/ressourcen\/\"},{\"@type\":\"ListItem\",\"position\":3,\"name\":\"Success Story: Sport Hesse EN\"}]},{\"@type\":\"WebSite\",\"@id\":\"https:\/\/www.sellerlogic.com\/sr\/#website\",\"url\":\"https:\/\/www.sellerlogic.com\/sr\/\",\"name\":\"SELLERLOGIC - Smarte Tools f\u00fcr Amazon-Seller\",\"description\":\"Intelligente Prozessoptimierung und Gewinnmaximierung\",\"publisher\":{\"@id\":\"https:\/\/www.sellerlogic.com\/sr\/#organization\"},\"potentialAction\":[{\"@type\":\"SearchAction\",\"target\":{\"@type\":\"EntryPoint\",\"urlTemplate\":\"https:\/\/www.sellerlogic.com\/sr\/?s={search_term_string}\"},\"query-input\":{\"@type\":\"PropertyValueSpecification\",\"valueRequired\":true,\"valueName\":\"search_term_string\"}}],\"inLanguage\":\"sr-RS\"},{\"@type\":\"Organization\",\"@id\":\"https:\/\/www.sellerlogic.com\/sr\/#organization\",\"name\":\"SELLERLOGIC\",\"url\":\"https:\/\/www.sellerlogic.com\/sr\/\",\"logo\":{\"@type\":\"ImageObject\",\"inLanguage\":\"sr-RS\",\"@id\":\"https:\/\/www.sellerlogic.com\/sr\/#\/schema\/logo\/image\/\",\"url\":\"https:\/\/d2bw95mh2ee04s.cloudfront.net\/prod\/content\/wp-content\/uploads\/2025\/01\/02134814\/Property-Logo-Main.svg\",\"contentUrl\":\"https:\/\/d2bw95mh2ee04s.cloudfront.net\/prod\/content\/wp-content\/uploads\/2025\/01\/02134814\/Property-Logo-Main.svg\",\"width\":184,\"height\":40,\"caption\":\"SELLERLOGIC\"},\"image\":{\"@id\":\"https:\/\/www.sellerlogic.com\/sr\/#\/schema\/logo\/image\/\"},\"sameAs\":[\"https:\/\/www.facebook.com\/SellerLogic\/\",\"https:\/\/x.com\/sellerlogic\",\"https:\/\/www.instagram.com\/sellerlogic\/\",\"https:\/\/www.linkedin.com\/company\/18402037\/\",\"https:\/\/www.youtube.com\/channel\/UC-gULUur-fNj08sprantKsQ\"]}]}<\/script>\n<!-- \/ Yoast SEO plugin. -->","yoast_head_json":{"title":"Za\u0161to je Lost & Found uverio Sport-Hese | SELLERLOGIC","description":"\u201eUvek imaju pravi odgovor na moje probleme\u201c - Kako je Sport-Hese dobio povra\u0107aj sa pet cifara od Amazona zahvaljuju\u0107i Lost & Found.","robots":{"index":"index","follow":"follow","max-snippet":"max-snippet:-1","max-image-preview":"max-image-preview:large","max-video-preview":"max-video-preview:-1"},"canonical":"https:\/\/www.sellerlogic.com\/sr\/resources\/success-story-sport-hesse\/","og_locale":"sr_RS","og_type":"article","og_title":"Za\u0161to je Lost & Found uverio Sport-Hese | SELLERLOGIC","og_description":"\u201eUvek imaju pravi odgovor na moje probleme\u201c - Kako je Sport-Hese dobio povra\u0107aj sa pet cifara od Amazona zahvaljuju\u0107i Lost & Found.","og_url":"https:\/\/www.sellerlogic.com\/sr\/resources\/success-story-sport-hesse\/","og_site_name":"SELLERLOGIC - Smarte Tools f\u00fcr Amazon-Seller","article_publisher":"https:\/\/www.facebook.com\/SellerLogic\/","og_image":[{"width":2500,"height":1667,"url":"http:\/\/d2bw95mh2ee04s.cloudfront.net\/prod\/content\/wp-content\/uploads\/2020\/12\/23142722\/sport-hesse-header-neu.jpeg","type":"image\/jpeg"}],"twitter_card":"summary_large_image","twitter_site":"@sellerlogic","twitter_misc":{"Est. reading time":"3 minutes"},"schema":{"@context":"https:\/\/schema.org","@graph":[{"@type":"WebPage","@id":"https:\/\/www.sellerlogic.com\/sr\/resources\/success-story-sport-hesse\/","url":"https:\/\/www.sellerlogic.com\/sr\/resources\/success-story-sport-hesse\/","name":"Za\u0161to je Lost & Found uverio Sport-Hese | SELLERLOGIC","isPartOf":{"@id":"https:\/\/www.sellerlogic.com\/sr\/#website"},"primaryImageOfPage":{"@id":"https:\/\/www.sellerlogic.com\/sr\/resources\/success-story-sport-hesse\/#primaryimage"},"image":{"@id":"https:\/\/www.sellerlogic.com\/sr\/resources\/success-story-sport-hesse\/#primaryimage"},"thumbnailUrl":"https:\/\/d2bw95mh2ee04s.cloudfront.net\/prod\/content\/wp-content\/uploads\/2020\/12\/23142722\/sport-hesse-header-neu.jpeg","datePublished":"2020-12-18T10:57:32+00:00","description":"\u201eUvek imaju pravi odgovor na moje probleme\u201c - Kako je Sport-Hese dobio povra\u0107aj sa pet cifara od Amazona zahvaljuju\u0107i Lost & Found.","breadcrumb":{"@id":"https:\/\/www.sellerlogic.com\/sr\/resources\/success-story-sport-hesse\/#breadcrumb"},"inLanguage":"sr-RS","potentialAction":[{"@type":"ReadAction","target":["https:\/\/www.sellerlogic.com\/sr\/resources\/success-story-sport-hesse\/"]}]},{"@type":"ImageObject","inLanguage":"sr-RS","@id":"https:\/\/www.sellerlogic.com\/sr\/resources\/success-story-sport-hesse\/#primaryimage","url":"https:\/\/d2bw95mh2ee04s.cloudfront.net\/prod\/content\/wp-content\/uploads\/2020\/12\/23142722\/sport-hesse-header-neu.jpeg","contentUrl":"https:\/\/d2bw95mh2ee04s.cloudfront.net\/prod\/content\/wp-content\/uploads\/2020\/12\/23142722\/sport-hesse-header-neu.jpeg","width":2500,"height":1667,"caption":"Sport-Hesse: Header"},{"@type":"BreadcrumbList","@id":"https:\/\/www.sellerlogic.com\/sr\/resources\/success-story-sport-hesse\/#breadcrumb","itemListElement":[{"@type":"ListItem","position":1,"name":"Home","item":"https:\/\/www.sellerlogic.com\/sr\/"},{"@type":"ListItem","position":2,"name":"Resursi EN","item":"https:\/\/127.0.0.1\/de\/ressourcen\/"},{"@type":"ListItem","position":3,"name":"Success Story: Sport Hesse EN"}]},{"@type":"WebSite","@id":"https:\/\/www.sellerlogic.com\/sr\/#website","url":"https:\/\/www.sellerlogic.com\/sr\/","name":"SELLERLOGIC - Smarte Tools f\u00fcr Amazon-Seller","description":"Intelligente Prozessoptimierung und Gewinnmaximierung","publisher":{"@id":"https:\/\/www.sellerlogic.com\/sr\/#organization"},"potentialAction":[{"@type":"SearchAction","target":{"@type":"EntryPoint","urlTemplate":"https:\/\/www.sellerlogic.com\/sr\/?s={search_term_string}"},"query-input":{"@type":"PropertyValueSpecification","valueRequired":true,"valueName":"search_term_string"}}],"inLanguage":"sr-RS"},{"@type":"Organization","@id":"https:\/\/www.sellerlogic.com\/sr\/#organization","name":"SELLERLOGIC","url":"https:\/\/www.sellerlogic.com\/sr\/","logo":{"@type":"ImageObject","inLanguage":"sr-RS","@id":"https:\/\/www.sellerlogic.com\/sr\/#\/schema\/logo\/image\/","url":"https:\/\/d2bw95mh2ee04s.cloudfront.net\/prod\/content\/wp-content\/uploads\/2025\/01\/02134814\/Property-Logo-Main.svg","contentUrl":"https:\/\/d2bw95mh2ee04s.cloudfront.net\/prod\/content\/wp-content\/uploads\/2025\/01\/02134814\/Property-Logo-Main.svg","width":184,"height":40,"caption":"SELLERLOGIC"},"image":{"@id":"https:\/\/www.sellerlogic.com\/sr\/#\/schema\/logo\/image\/"},"sameAs":["https:\/\/www.facebook.com\/SellerLogic\/","https:\/\/x.com\/sellerlogic","https:\/\/www.instagram.com\/sellerlogic\/","https:\/\/www.linkedin.com\/company\/18402037\/","https:\/\/www.youtube.com\/channel\/UC-gULUur-fNj08sprantKsQ"]}]}},"_links":{"self":[{"href":"https:\/\/www.sellerlogic.com\/sr\/wp-json\/wp\/v2\/pages\/229656","targetHints":{"allow":["GET"]}}],"collection":[{"href":"https:\/\/www.sellerlogic.com\/sr\/wp-json\/wp\/v2\/pages"}],"about":[{"href":"https:\/\/www.sellerlogic.com\/sr\/wp-json\/wp\/v2\/types\/page"}],"author":[{"embeddable":true,"href":"https:\/\/www.sellerlogic.com\/sr\/wp-json\/wp\/v2\/users\/3"}],"replies":[{"embeddable":true,"href":"https:\/\/www.sellerlogic.com\/sr\/wp-json\/wp\/v2\/comments?post=229656"}],"version-history":[{"count":0,"href":"https:\/\/www.sellerlogic.com\/sr\/wp-json\/wp\/v2\/pages\/229656\/revisions"}],"up":[{"embeddable":true,"href":"https:\/\/www.sellerlogic.com\/sr\/wp-json\/wp\/v2\/pages\/229641"}],"wp:featuredmedia":[{"embeddable":true,"href":"https:\/\/www.sellerlogic.com\/sr\/wp-json\/wp\/v2\/media\/4855"}],"wp:attachment":[{"href":"https:\/\/www.sellerlogic.com\/sr\/wp-json\/wp\/v2\/media?parent=229656"}],"curies":[{"name":"wp","href":"https:\/\/api.w.org\/{rel}","templated":true}]}}