
{"id":229701,"date":"2020-12-18T08:11:11","date_gmt":"2020-12-18T08:11:11","guid":{"rendered":"https:\/\/127.0.0.1\/resources\/success-story-meinemarkenmode\/"},"modified":"2020-12-18T08:11:11","modified_gmt":"2020-12-18T08:11:11","slug":"success-story-meinemarkenmode","status":"publish","type":"page","link":"https:\/\/www.sellerlogic.com\/sr\/resources\/success-story-meinemarkenmode\/","title":{"rendered":"Success Story: meinemarkenmode.de EN"},"content":{"rendered":"\n\t<div  class=\"theme-wp-block theme-block-main-header is-style-full-height desktop-align-full xl-align-full lg-align-full md-align-full sm-align-full desktop-content-align-y-center desktop-content-align-x-center xl-content-align-y-center xl-content-align-x-center lg-content-align-y-center lg-content-align-x-center md-content-align-y-center md-content-align-x-center sm-content-align-y-center sm-content-align-x-center gb-responsive-720212-identifier theme-block-cover\">\n\t\t<div class=\"bg-cover theme-lazy-load-bg\"><\/div>\n\t\t<div class=\"wrap-content-main-header\">\n\t\t\t\t\t<div  class=\"theme-wp-block theme-block-text-and-text desktop-align-wide xl-align-wide lg-align-wide md-align-wide sm-align-wide gb-responsive-366658-identifier desktop-blockDirection-column xl-blockDirection-column lg-blockDirection-column md-blockDirection-column sm-blockDirection-column\">\n\t\t<div class=\"tat-column-wrap-wrapper\">\n\t\t\t<div class=\"tat-column-wrapper\">\n\t\t\t\t\t<div  class=\"theme-wp-block theme-block-text-and-text-column gb-responsive-923660-identifier desktop-horizontal-center xl-horizontal-center lg-horizontal-center md-horizontal-center sm-horizontal-center\">\n\t\t<div class=\"inner-wrap-column-content\">\n\t\t\t<div class=\"inner-column-content\">\n\t\t\t\t\t\t<p  class=\"theme-wp-block theme-block-heading is-style-default desktop-text-center xl-text-center lg-text-center md-text-center sm-text-center gb-responsive-948994-identifier h2\">\n\t\tVi\u0161e novca, manje problema\t<\/p>\n\n\t\t<h1  class=\"theme-wp-block theme-block-heading gb-responsive-522772-identifier is-style-default desktop-text-center xl-text-center lg-text-center md-text-center sm-text-center h1\">\n\t\tKako je meinemarkenmode dobio povra\u0107aj od 6 cifara od Amazona\t<\/h1>\n\n\t\t\t<\/div>\n\t\t<\/div>\n\t<\/div>\n\t<div  class=\"theme-wp-block theme-block-text-and-text-column gb-responsive-441362-identifier\">\n\t\t<div class=\"inner-wrap-column-content\">\n\t\t\t<div class=\"inner-column-content\">\n\t\t\t\t\t\t\t<\/div>\n\t\t<\/div>\n\t<\/div>\n\t\t\t<\/div>\n\t\t<\/div>\n\t<\/div>\n\n\t\t<\/div>\n\t<\/div>\n\n<div style=\"height:50px\" aria-hidden=\"true\" class=\"theme-wp-block wp-block-spacer\"><\/div><div class=\"theme-wp-block wp-block-columns gb-responsive-34913-identifier is-layout-flex wp-container-core-columns-is-layout-9d6595d7 wp-block-columns-is-layout-flex\"><div class=\"theme-wp-block wp-block-column gb-responsive-118097-identifier is-layout-flow wp-block-column-is-layout-flow\" style=\"flex-basis:25%\"><figure class=\"theme-wp-block wp-block-image size-large is-resized gb-responsive-62921-identifier\"><img decoding=\"async\" src=\"https:\/\/d2bw95mh2ee04s.cloudfront.net\/prod\/content\/wp-content\/uploads\/2020\/12\/23142728\/MMM-Logo_2-844x154.png\" alt=\"Success Story: meinemarkenmode.de EN\" class=\"wp-image-4742\" width=\"300\" height=\"55\" srcset=\"https:\/\/d2bw95mh2ee04s.cloudfront.net\/prod\/content\/wp-content\/uploads\/2020\/12\/23142728\/MMM-Logo_2-407x74.png 407w, https:\/\/d2bw95mh2ee04s.cloudfront.net\/prod\/content\/wp-content\/uploads\/2020\/12\/23142728\/MMM-Logo_2-768x141.png 768w, https:\/\/d2bw95mh2ee04s.cloudfront.net\/prod\/content\/wp-content\/uploads\/2020\/12\/23142728\/MMM-Logo_2-844x154.png 844w, https:\/\/d2bw95mh2ee04s.cloudfront.net\/prod\/content\/wp-content\/uploads\/2020\/12\/23142728\/MMM-Logo_2.png 1000w\" sizes=\"(max-width: 300px) 100vw, 300px\" \/><\/figure><p class=\"theme-wp-block gb-responsive-595107-identifier\"><strong>Osnovana:<\/strong><br>2009<\/p><p class=\"theme-wp-block gb-responsive-627172-identifier\"><strong>Industrija:<\/strong><br>Moda<\/p><p class=\"theme-wp-block gb-responsive-331586-identifier\"><strong>Artikli na Amazonu:\u00a0<\/strong><br>30.000<\/p><p class=\"theme-wp-block gb-responsive-485766-identifier\"><strong>Po\u0161iljke:<\/strong><br>pribli\u017eno 150.000 mese\u010dno<\/p><\/div><div class=\"theme-wp-block wp-block-column gb-responsive-36942-identifier is-layout-flow wp-block-column-is-layout-flow\" style=\"flex-basis:50%\"><h3 class=\"theme-wp-block wp-block-heading gb-responsive-34353-identifier\" id=\"block-c06fce04-ef87-4ffc-a3d6-b768ba377d17\">Pozadina:<\/h3><p class=\"theme-wp-block gb-responsive-767855-identifier desktop-gb-has-no-icon xl-gb-has-no-icon lg-gb-has-no-icon md-gb-has-no-icon sm-gb-has-no-icon\">S obzirom na sav inventar koji ulazi i izlazi iz njihovih skladi\u0161ta, Aleksandar Charatzoglou je bio svestan da su gre\u0161ke neizbe\u017ene. Do sada, kompanija za prodaju putem po\u0161te nije imala proces koji bi omogu\u0107io identifikaciju svake pojedina\u010dne gre\u0161ke koja se de\u0161avala, sve dok Aleksandar nije posetio radionicu za prodavce na Amazonu koja je pru\u017eila re\u0161enje.<\/p><p class=\"theme-wp-block desktop-gb-has-no-icon xl-gb-has-no-icon lg-gb-has-no-icon md-gb-has-no-icon sm-gb-has-no-icon gb-responsive-7132-identifier\">Pri\u010da o meinmarkenmode.de izgleda kao prototip Ameri\u010dkog sna.<\/p><p class=\"theme-wp-block desktop-gb-has-no-icon xl-gb-has-no-icon lg-gb-has-no-icon md-gb-has-no-icon sm-gb-has-no-icon gb-responsive-663910-identifier\">Da bi finansirao svoje studije, trenutni izvr\u0161ni direktor Eugen Allerborn je po\u010deo da trguje na eBay-u 2009. godine. Kako je kompanija rasla, morao je da se suo\u010di sa odlukom da li da zavr\u0161i studije ili da napusti univerzitet i posveti sav svoj vreme svom poslu. Izabrao je ovo drugo: odluku koja je dovela do mnogo truda, ali i do jo\u0161 ve\u0107eg uspeha. Danas, zajedno sa svojim poslovnim partnerom i prijateljem Timom Bethlehemom, vodi uspe\u0161an online biznis sa 50 zaposlenih na dve lokacije.<\/p><h3 class=\"theme-wp-block wp-block-heading gb-responsive-182281-identifier desktop-gb-has-no-icon xl-gb-has-no-icon lg-gb-has-no-icon md-gb-has-no-icon sm-gb-has-no-icon\">Po\u010detak:<\/h3><p class=\"theme-wp-block gb-responsive-262664-identifier desktop-gb-has-no-icon xl-gb-has-no-icon lg-gb-has-no-icon md-gb-has-no-icon sm-gb-has-no-icon\">\u201eBilo nam je jasno da gubimo robu u FBA skladi\u0161tima. Sa vi\u0161e od 30.000 artikala u 20 skladi\u0161ta i proiza\u0161lim kretanjima zaliha, to je neizbe\u017eno\u201c, obja\u0161njava Aleksandar, koji radi kao \u0161ef upravljanja prodajom u meinemarkenmode.de od 2012. godine. \u201eAli, kao \u0161to to obi\u010dno biva, bilo je previ\u0161e drugih zadataka koji su imali vi\u0161i prioritet. Pored toga, nedostajala nam je kapacitet da ru\u010dno proveravamo procese\u201c.<\/p><p class=\"theme-wp-block gb-responsive-587817-identifier desktop-gb-has-no-icon xl-gb-has-no-icon lg-gb-has-no-icon md-gb-has-no-icon sm-gb-has-no-icon\">To se promenilo tek kada je Aleksandar razgovarao o ovoj temi sa kolegom trgovcem tokom radionice za Amazon. \u201eMoj kolega trgovac bio je jedan od pilot<br>korisnika SELLERLOGIC Lost &#038; Found. Kada mi je ispri\u010dao o prvom povra\u0107aju vrednom malog automobila, bio sam toliko impresioniran da je isprobavanje ovog alata bilo na vrhu moje liste prioriteta\u201c, se\u0107a se Aleksandar.<\/p><h3 class=\"theme-wp-block wp-block-heading gb-responsive-115756-identifier\">Re\u0161enje:<\/h3><p class=\"theme-wp-block gb-responsive-231780-identifier\">Na osnovu pozitivnog iskustva njegovog kolege trgovca, nijedno drugo re\u0161enje osim Lost &#038; Found nikada nije razmatrano za meinmarkenmode.de.<\/p><p class=\"theme-wp-block gb-responsive-392728-identifier desktop-gb-has-no-icon xl-gb-has-no-icon lg-gb-has-no-icon md-gb-has-no-icon sm-gb-has-no-icon\"><br>Aleksandar se se\u0107a prvih iskustava sa softverom SELLERLOGIC: \u201eUvo\u0111enje sa SELLERLOGIC je bilo izuzetno lako i prijatno. Re\u0161enje je intuitivno i mo\u017ee ga koristiti svako nakon kratkog perioda obuke. Otkako smo ga pokrenuli, nije bilo potrebe za bilo kakvom podr\u0161kom. \u010cak ni kada smo prebacili upravljanje slu\u010dajevima novim zaposlenima \u2013 to je prili\u010dno zapa\u017eeno!\u201d. Nakon trenutka, dodaje: \u201eAlat je tako\u0111e neverovatno efikasan. Iza njegove intuitivne upotrebe stoji veoma sofisticiran sistem koji zna\u010dajno pojednostavljuje obradu slu\u010dajeva.\u201d<\/p><div class=\"theme-block-group-wrap\"><div class=\"theme-wp-block wp-block-group gb-responsive-88118-identifier\">\t\t<div  class=\"theme-wp-block theme-block-user-card gb-responsive-799176-identifier is-style-full-width-line desktop-gb-has-no-icon xl-gb-has-no-icon lg-gb-has-no-icon md-gb-has-no-icon sm-gb-has-no-icon\">\n\t\t<div class=\"wrap-inner-content\">\n\t\t\t<div class=\"card-user-head\">\n\t\t\t\t<div class=\"card-user-avatar\">\n\t\t\t\t\t<div class=\"cover-avatar\" style=\"background-image: url(https:\/\/d2bw95mh2ee04s.cloudfront.net\/prod\/content\/wp-content\/uploads\/2020\/12\/23142728\/alexander_charatzoglou_raute.png);\"><\/div>\n\t\t\t\t<\/div>\n\t\t\t\t<div class=\"wrap-title\">\n\t\t\t\t\t<div class=\"card-user-name\">\n\t\t\t\t\t\t<div class=\"title\">\n\t\t\t\t\t\t\t<h3 class=\"heading-text\"><strong>Aleksandar Charatzoglou<\/strong><\/h3>\n\t\t\t\t\t\t<\/div>\n\t\t\t\t\t\t<div class=\"card-user-position\">\n\t\t\t\t\t\t\t<div class=\"card-text\"><strong>\u0160ef upravljanja prodajom na meinemarkenmode.de<\/strong><\/div>\n\t\t\t\t\t\t<\/div>\n\t\t\t\t\t<\/div>\n\t\t\t\t\t<div class=\"card-user-quote-icon\">\n\t\t\t\t\t<\/div>\n\t\t\t\t<\/div>\n\t\t\t<\/div>\n\t\t\t<div class=\"card-user-text\">\n\t\t\t\t<div class=\"card-text\"><p>&#8220;SELLERLOGIC Izgubljeno &amp; Na\u0111eno je stvarno jednostavno. I to ne samo u ekonomskom smislu. Niski tro\u0161kovi, alat, tehnologija koja stoji iza toga, usluge i tim koji stoji iza toga \u2013 jednostavno sve \u2013 doprinosi na\u0161em potpunom zadovoljstvu.&#8221;<\/p><p><\/p><\/div>\n\t\t\t<\/div>\n\t\t<\/div>\n\t<\/div>\n\n<\/div><\/div><h3 class=\"theme-wp-block wp-block-heading gb-responsive-595368-identifier\">Uspe\u0161ni rezultati sa SELLERLOGIC:<\/h3><p class=\"theme-wp-block gb-responsive-905876-identifier desktop-gb-has-no-icon xl-gb-has-no-icon lg-gb-has-no-icon md-gb-has-no-icon sm-gb-has-no-icon\">Od njihovog lansiranja sa SELLERLOGIC Lost &#038; Found, meinmarkenmode.de je mogao da potra\u017euje povra\u0107aje u vrednosti od pribli\u017eno 200.000 evra. \u201cOvo ve\u0107 nije mali auto, ve\u0107 cela ku\u0107a,\u201d smeje se Alexander.<\/p><p class=\"theme-wp-block gb-responsive-208143-identifier desktop-gb-has-no-icon xl-gb-has-no-icon lg-gb-has-no-icon md-gb-has-no-icon sm-gb-has-no-icon\">Dakle, stvarni gubitak zaliha u FBA skladi\u0161tima jasno je prema\u0161io o\u010dekivanja kompanije. U isto vreme, meinmarkenmode.de koristi sofisticirani sistem, koji tako\u0111e pronalazi gre\u0161ke koje bi verovatno ostale neotkrivene kada se tra\u017ee ru\u010dno. Za Alexandera, ljudski kontakt sa SELLERLOGIC je jednako va\u017ean. Za njega, SELLERLOGIC nije samo alat koji njegova kompanija koristi, ve\u0107 tako\u0111e ceni ceo tim i njegove usluge.<\/p><p class=\"theme-wp-block gb-responsive-355671-identifier desktop-gb-has-no-icon xl-gb-has-no-icon lg-gb-has-no-icon md-gb-has-no-icon sm-gb-has-no-icon\">Da zaklju\u010dimo, on pronalazi jasne re\u010di pohvale: \u201cSELLERLOGIC Lost &#038; Found je stvarno jednostavno. I to ne samo u ekonomskom smislu. Niski tro\u0161kovi, alat, tehnologija koja stoji iza toga, usluge i tim koji stoji iza toga \u2013 jednostavno sve \u2013 doprinosi na\u0161em potpunom zadovoljstvu\u201c.<\/p><div class=\"theme-wp-block wp-block-buttons gb-responsive-497426-identifier is-layout-flex wp-block-buttons-is-layout-flex\"><div class=\"theme-wp-block wp-block-button gb-responsive-38220-identifier is-style-theme-transparent-with-arrow\"><a class=\"wp-block-button__link wp-element-button\" href=\"https:\/\/d2bw95mh2ee04s.cloudfront.net\/prod\/content\/files\/SUCCESS-STORIES\/EN\/NEU_SELLERLOGIC_Success-Story_meinemarkenmode_EN.pdf\" target=\"_blank\" rel=\"noreferrer noopener nofollow\">Preuzmite sada!<\/a><\/div><\/div><\/div><div class=\"theme-wp-block wp-block-column gb-responsive-638649-identifier is-layout-flow wp-block-column-is-layout-flow\" style=\"flex-basis:25%\"><\/div><\/div><p class=\"theme-wp-block gb-responsive-554668-identifier\"><\/p>","protected":false},"excerpt":{"rendered":"<p>Osnovana:2009 Industrija:Moda Artikli na Amazonu:\u00a030.000 Po\u0161iljke:pribli\u017eno 150.000 mese\u010dno Pozadina: S obzirom na sav inventar koji ulazi i izlazi iz njihovih skladi\u0161ta, Aleksandar Charatzoglou je bio svestan da su gre\u0161ke neizbe\u017ene. Do sada, kompanija za prodaju putem po\u0161te nije imala proces koji bi omogu\u0107io identifikaciju svake pojedina\u010dne gre\u0161ke koja se de\u0161avala, sve dok Aleksandar nije posetio<\/p>\n","protected":false},"author":3,"featured_media":0,"parent":229641,"menu_order":0,"comment_status":"closed","ping_status":"closed","template":"","meta":{"sidebar_recommended_resources":{"data":[]},"sidebar_header_settings":{"hide_buttons":{"register":false}},"_use_new_theme":false,"inline_featured_image":false,"footnotes":""},"class_list":["post-229701","page","type-page","status-publish","hentry"],"yoast_head":"<!-- This site is optimized with the Yoast SEO plugin v26.8 - https:\/\/yoast.com\/product\/yoast-seo-wordpress\/ -->\n<title>Kako dobiti 6-cifreni povra\u0107aj od Amazona | SELLERLOGIC<\/title>\n<meta name=\"description\" content=\"SELLERLOGIC Lost &amp; Found analizira sve FBA gre\u0161ke. Pro\u010ditajte ovde kako je meinmarkenmode.de dobio povra\u0107aje u vrednosti jedne porodi\u010dne ku\u0107e!\" \/>\n<meta name=\"robots\" content=\"index, follow, max-snippet:-1, max-image-preview:large, max-video-preview:-1\" \/>\n<link rel=\"canonical\" href=\"https:\/\/www.sellerlogic.com\/sr\/resources\/success-story-meinemarkenmode\/\" \/>\n<meta property=\"og:locale\" content=\"sr_RS\" \/>\n<meta property=\"og:type\" content=\"article\" \/>\n<meta property=\"og:title\" content=\"Kako dobiti 6-cifreni povra\u0107aj od Amazona | SELLERLOGIC\" \/>\n<meta property=\"og:description\" content=\"SELLERLOGIC Lost &amp; Found analizira sve FBA gre\u0161ke. Pro\u010ditajte ovde kako je meinmarkenmode.de dobio povra\u0107aje u vrednosti jedne porodi\u010dne ku\u0107e!\" \/>\n<meta property=\"og:url\" content=\"https:\/\/www.sellerlogic.com\/sr\/resources\/success-story-meinemarkenmode\/\" \/>\n<meta property=\"og:site_name\" content=\"SELLERLOGIC - Smarte Tools f\u00fcr Amazon-Seller\" \/>\n<meta property=\"article:publisher\" content=\"https:\/\/www.facebook.com\/SellerLogic\/\" \/>\n<meta property=\"og:image\" content=\"https:\/\/www.sellerlogic.com\/wp-content\/uploads\/2020\/12\/MMM-Logo_2-844x154.png\" \/>\n<meta name=\"twitter:card\" content=\"summary_large_image\" \/>\n<meta name=\"twitter:site\" content=\"@sellerlogic\" \/>\n<meta name=\"twitter:label1\" content=\"Est. reading time\" \/>\n\t<meta name=\"twitter:data1\" content=\"3 minutes\" \/>\n<script type=\"application\/ld+json\" class=\"yoast-schema-graph\">{\"@context\":\"https:\/\/schema.org\",\"@graph\":[{\"@type\":\"WebPage\",\"@id\":\"https:\/\/www.sellerlogic.com\/sr\/resources\/success-story-meinemarkenmode\/\",\"url\":\"https:\/\/www.sellerlogic.com\/sr\/resources\/success-story-meinemarkenmode\/\",\"name\":\"Kako dobiti 6-cifreni povra\u0107aj od Amazona | SELLERLOGIC\",\"isPartOf\":{\"@id\":\"https:\/\/www.sellerlogic.com\/sr\/#website\"},\"primaryImageOfPage\":{\"@id\":\"https:\/\/www.sellerlogic.com\/sr\/resources\/success-story-meinemarkenmode\/#primaryimage\"},\"image\":{\"@id\":\"https:\/\/www.sellerlogic.com\/sr\/resources\/success-story-meinemarkenmode\/#primaryimage\"},\"thumbnailUrl\":\"https:\/\/www.sellerlogic.com\/wp-content\/uploads\/2020\/12\/MMM-Logo_2-844x154.png\",\"datePublished\":\"2020-12-18T08:11:11+00:00\",\"description\":\"SELLERLOGIC Lost & Found analizira sve FBA gre\u0161ke. Pro\u010ditajte ovde kako je meinmarkenmode.de dobio povra\u0107aje u vrednosti jedne porodi\u010dne ku\u0107e!\",\"breadcrumb\":{\"@id\":\"https:\/\/www.sellerlogic.com\/sr\/resources\/success-story-meinemarkenmode\/#breadcrumb\"},\"inLanguage\":\"sr-RS\",\"potentialAction\":[{\"@type\":\"ReadAction\",\"target\":[\"https:\/\/www.sellerlogic.com\/sr\/resources\/success-story-meinemarkenmode\/\"]}]},{\"@type\":\"ImageObject\",\"inLanguage\":\"sr-RS\",\"@id\":\"https:\/\/www.sellerlogic.com\/sr\/resources\/success-story-meinemarkenmode\/#primaryimage\",\"url\":\"https:\/\/www.sellerlogic.com\/wp-content\/uploads\/2020\/12\/MMM-Logo_2-844x154.png\",\"contentUrl\":\"https:\/\/www.sellerlogic.com\/wp-content\/uploads\/2020\/12\/MMM-Logo_2-844x154.png\"},{\"@type\":\"BreadcrumbList\",\"@id\":\"https:\/\/www.sellerlogic.com\/sr\/resources\/success-story-meinemarkenmode\/#breadcrumb\",\"itemListElement\":[{\"@type\":\"ListItem\",\"position\":1,\"name\":\"Home\",\"item\":\"https:\/\/www.sellerlogic.com\/sr\/\"},{\"@type\":\"ListItem\",\"position\":2,\"name\":\"Resursi EN\",\"item\":\"https:\/\/127.0.0.1\/de\/ressourcen\/\"},{\"@type\":\"ListItem\",\"position\":3,\"name\":\"Success Story: meinemarkenmode.de EN\"}]},{\"@type\":\"WebSite\",\"@id\":\"https:\/\/www.sellerlogic.com\/sr\/#website\",\"url\":\"https:\/\/www.sellerlogic.com\/sr\/\",\"name\":\"SELLERLOGIC - Smarte Tools f\u00fcr Amazon-Seller\",\"description\":\"Intelligente Prozessoptimierung und Gewinnmaximierung\",\"publisher\":{\"@id\":\"https:\/\/www.sellerlogic.com\/sr\/#organization\"},\"potentialAction\":[{\"@type\":\"SearchAction\",\"target\":{\"@type\":\"EntryPoint\",\"urlTemplate\":\"https:\/\/www.sellerlogic.com\/sr\/?s={search_term_string}\"},\"query-input\":{\"@type\":\"PropertyValueSpecification\",\"valueRequired\":true,\"valueName\":\"search_term_string\"}}],\"inLanguage\":\"sr-RS\"},{\"@type\":\"Organization\",\"@id\":\"https:\/\/www.sellerlogic.com\/sr\/#organization\",\"name\":\"SELLERLOGIC\",\"url\":\"https:\/\/www.sellerlogic.com\/sr\/\",\"logo\":{\"@type\":\"ImageObject\",\"inLanguage\":\"sr-RS\",\"@id\":\"https:\/\/www.sellerlogic.com\/sr\/#\/schema\/logo\/image\/\",\"url\":\"https:\/\/d2bw95mh2ee04s.cloudfront.net\/prod\/content\/wp-content\/uploads\/2025\/01\/02134814\/Property-Logo-Main.svg\",\"contentUrl\":\"https:\/\/d2bw95mh2ee04s.cloudfront.net\/prod\/content\/wp-content\/uploads\/2025\/01\/02134814\/Property-Logo-Main.svg\",\"width\":184,\"height\":40,\"caption\":\"SELLERLOGIC\"},\"image\":{\"@id\":\"https:\/\/www.sellerlogic.com\/sr\/#\/schema\/logo\/image\/\"},\"sameAs\":[\"https:\/\/www.facebook.com\/SellerLogic\/\",\"https:\/\/x.com\/sellerlogic\",\"https:\/\/www.instagram.com\/sellerlogic\/\",\"https:\/\/www.linkedin.com\/company\/18402037\/\",\"https:\/\/www.youtube.com\/channel\/UC-gULUur-fNj08sprantKsQ\"]}]}<\/script>\n<!-- \/ Yoast SEO plugin. -->","yoast_head_json":{"title":"Kako dobiti 6-cifreni povra\u0107aj od Amazona | SELLERLOGIC","description":"SELLERLOGIC Lost & Found analizira sve FBA gre\u0161ke. Pro\u010ditajte ovde kako je meinmarkenmode.de dobio povra\u0107aje u vrednosti jedne porodi\u010dne ku\u0107e!","robots":{"index":"index","follow":"follow","max-snippet":"max-snippet:-1","max-image-preview":"max-image-preview:large","max-video-preview":"max-video-preview:-1"},"canonical":"https:\/\/www.sellerlogic.com\/sr\/resources\/success-story-meinemarkenmode\/","og_locale":"sr_RS","og_type":"article","og_title":"Kako dobiti 6-cifreni povra\u0107aj od Amazona | SELLERLOGIC","og_description":"SELLERLOGIC Lost & Found analizira sve FBA gre\u0161ke. Pro\u010ditajte ovde kako je meinmarkenmode.de dobio povra\u0107aje u vrednosti jedne porodi\u010dne ku\u0107e!","og_url":"https:\/\/www.sellerlogic.com\/sr\/resources\/success-story-meinemarkenmode\/","og_site_name":"SELLERLOGIC - Smarte Tools f\u00fcr Amazon-Seller","article_publisher":"https:\/\/www.facebook.com\/SellerLogic\/","og_image":[{"url":"https:\/\/www.sellerlogic.com\/wp-content\/uploads\/2020\/12\/MMM-Logo_2-844x154.png","type":"","width":"","height":""}],"twitter_card":"summary_large_image","twitter_site":"@sellerlogic","twitter_misc":{"Est. reading time":"3 minutes"},"schema":{"@context":"https:\/\/schema.org","@graph":[{"@type":"WebPage","@id":"https:\/\/www.sellerlogic.com\/sr\/resources\/success-story-meinemarkenmode\/","url":"https:\/\/www.sellerlogic.com\/sr\/resources\/success-story-meinemarkenmode\/","name":"Kako dobiti 6-cifreni povra\u0107aj od Amazona | SELLERLOGIC","isPartOf":{"@id":"https:\/\/www.sellerlogic.com\/sr\/#website"},"primaryImageOfPage":{"@id":"https:\/\/www.sellerlogic.com\/sr\/resources\/success-story-meinemarkenmode\/#primaryimage"},"image":{"@id":"https:\/\/www.sellerlogic.com\/sr\/resources\/success-story-meinemarkenmode\/#primaryimage"},"thumbnailUrl":"https:\/\/www.sellerlogic.com\/wp-content\/uploads\/2020\/12\/MMM-Logo_2-844x154.png","datePublished":"2020-12-18T08:11:11+00:00","description":"SELLERLOGIC Lost & Found analizira sve FBA gre\u0161ke. Pro\u010ditajte ovde kako je meinmarkenmode.de dobio povra\u0107aje u vrednosti jedne porodi\u010dne ku\u0107e!","breadcrumb":{"@id":"https:\/\/www.sellerlogic.com\/sr\/resources\/success-story-meinemarkenmode\/#breadcrumb"},"inLanguage":"sr-RS","potentialAction":[{"@type":"ReadAction","target":["https:\/\/www.sellerlogic.com\/sr\/resources\/success-story-meinemarkenmode\/"]}]},{"@type":"ImageObject","inLanguage":"sr-RS","@id":"https:\/\/www.sellerlogic.com\/sr\/resources\/success-story-meinemarkenmode\/#primaryimage","url":"https:\/\/www.sellerlogic.com\/wp-content\/uploads\/2020\/12\/MMM-Logo_2-844x154.png","contentUrl":"https:\/\/www.sellerlogic.com\/wp-content\/uploads\/2020\/12\/MMM-Logo_2-844x154.png"},{"@type":"BreadcrumbList","@id":"https:\/\/www.sellerlogic.com\/sr\/resources\/success-story-meinemarkenmode\/#breadcrumb","itemListElement":[{"@type":"ListItem","position":1,"name":"Home","item":"https:\/\/www.sellerlogic.com\/sr\/"},{"@type":"ListItem","position":2,"name":"Resursi EN","item":"https:\/\/127.0.0.1\/de\/ressourcen\/"},{"@type":"ListItem","position":3,"name":"Success Story: meinemarkenmode.de EN"}]},{"@type":"WebSite","@id":"https:\/\/www.sellerlogic.com\/sr\/#website","url":"https:\/\/www.sellerlogic.com\/sr\/","name":"SELLERLOGIC - Smarte Tools f\u00fcr Amazon-Seller","description":"Intelligente Prozessoptimierung und Gewinnmaximierung","publisher":{"@id":"https:\/\/www.sellerlogic.com\/sr\/#organization"},"potentialAction":[{"@type":"SearchAction","target":{"@type":"EntryPoint","urlTemplate":"https:\/\/www.sellerlogic.com\/sr\/?s={search_term_string}"},"query-input":{"@type":"PropertyValueSpecification","valueRequired":true,"valueName":"search_term_string"}}],"inLanguage":"sr-RS"},{"@type":"Organization","@id":"https:\/\/www.sellerlogic.com\/sr\/#organization","name":"SELLERLOGIC","url":"https:\/\/www.sellerlogic.com\/sr\/","logo":{"@type":"ImageObject","inLanguage":"sr-RS","@id":"https:\/\/www.sellerlogic.com\/sr\/#\/schema\/logo\/image\/","url":"https:\/\/d2bw95mh2ee04s.cloudfront.net\/prod\/content\/wp-content\/uploads\/2025\/01\/02134814\/Property-Logo-Main.svg","contentUrl":"https:\/\/d2bw95mh2ee04s.cloudfront.net\/prod\/content\/wp-content\/uploads\/2025\/01\/02134814\/Property-Logo-Main.svg","width":184,"height":40,"caption":"SELLERLOGIC"},"image":{"@id":"https:\/\/www.sellerlogic.com\/sr\/#\/schema\/logo\/image\/"},"sameAs":["https:\/\/www.facebook.com\/SellerLogic\/","https:\/\/x.com\/sellerlogic","https:\/\/www.instagram.com\/sellerlogic\/","https:\/\/www.linkedin.com\/company\/18402037\/","https:\/\/www.youtube.com\/channel\/UC-gULUur-fNj08sprantKsQ"]}]}},"_links":{"self":[{"href":"https:\/\/www.sellerlogic.com\/sr\/wp-json\/wp\/v2\/pages\/229701","targetHints":{"allow":["GET"]}}],"collection":[{"href":"https:\/\/www.sellerlogic.com\/sr\/wp-json\/wp\/v2\/pages"}],"about":[{"href":"https:\/\/www.sellerlogic.com\/sr\/wp-json\/wp\/v2\/types\/page"}],"author":[{"embeddable":true,"href":"https:\/\/www.sellerlogic.com\/sr\/wp-json\/wp\/v2\/users\/3"}],"replies":[{"embeddable":true,"href":"https:\/\/www.sellerlogic.com\/sr\/wp-json\/wp\/v2\/comments?post=229701"}],"version-history":[{"count":0,"href":"https:\/\/www.sellerlogic.com\/sr\/wp-json\/wp\/v2\/pages\/229701\/revisions"}],"up":[{"embeddable":true,"href":"https:\/\/www.sellerlogic.com\/sr\/wp-json\/wp\/v2\/pages\/229641"}],"wp:attachment":[{"href":"https:\/\/www.sellerlogic.com\/sr\/wp-json\/wp\/v2\/media?parent=229701"}],"curies":[{"name":"wp","href":"https:\/\/api.w.org\/{rel}","templated":true}]}}